{"id":4030,"date":"2023-05-25T17:44:11","date_gmt":"2023-05-25T09:44:11","guid":{"rendered":"http:\/\/qingdaohf.com\/?post_type=product&#038;p=4030"},"modified":"2025-11-13T09:04:43","modified_gmt":"2025-11-13T01:04:43","slug":"snap-hook-with-screw","status":"publish","type":"product","link":"https:\/\/qingdaohf.com\/fr\/produit\/mousqueton-avec-vis\/","title":{"rendered":"Mousqueton avec \u00e9crou \u00e0 vis"},"content":{"rendered":"<p class=\"whitespace-pre-wrap break-words\">Permettez-moi de r\u00e9\u00e9crire ce contenu en pr\u00e9servant sa structure et son sens, mais en le rendant plus naturel et moins proche de l'IA. Je marquerai les titres de mani\u00e8re appropri\u00e9e.<\/p>\n<div class=\"ast-oembed-container\" style=\"height: 100%;\"><iframe title=\"Pr\u00e9sentation des mousquetons et des manilles de premi\u00e8re qualit\u00e9 de Qingdao H&amp;F !\" width=\"500\" height=\"281\" src=\"https:\/\/www.youtube.com\/embed\/TgMZvUdEwY8?feature=oembed\" frameborder=\"0\" allow=\"accelerometer; autoplay; clipboard-write; encrypted-media; gyroscope; picture-in-picture; web-share\" referrerpolicy=\"strict-origin-when-cross-origin\" allowfullscreen><\/iframe><\/div>\n<h2 class=\"text-2xl font-bold mt-1 text-text-200\">Mousquetons fixes : Quincaillerie essentielle pour la marine et l'industrie<\/h2>\n<p class=\"whitespace-pre-wrap break-words\">Que vous soyez sur l'eau ou que vous travailliez dans l'industrie lourde, les manilles fixes \u00e0 enclenchement sont plus qu'une simple quincaillerie de base - ce sont des composants de s\u00e9curit\u00e9 cruciaux sur lesquels vous ne pouvez pas vous permettre de faire l'impasse. Ces attaches se distinguent par leur fonctionnalit\u00e9 de d\u00e9verrouillage rapide et leur s\u00e9curit\u00e9 \u00e0 toute \u00e9preuve, en particulier lorsqu'elles sont fabriqu\u00e9es en acier inoxydable de qualit\u00e9 marine. Voyons pourquoi ces manilles particuli\u00e8res sont devenues le choix de pr\u00e9dilection dans de nombreux secteurs.<\/p>\n<h2 class=\"text-xl font-bold text-text-200 mt-1 -mb-0.5\">Ce qui diff\u00e9rencie les manilles \u00e0 cliquet fixes<\/h2>\n<p class=\"whitespace-pre-wrap break-words\">Contrairement \u00e0 leurs cousines traditionnelles, les manilles \u00e0 encliquetage fixe vous procurent ce clic de s\u00e9curit\u00e9 satisfaisant sans que vous ayez \u00e0 vous d\u00e9battre avec des outils ou \u00e0 lutter contre des goupilles coinc\u00e9es. Cette fonction de lib\u00e9ration rapide n'est pas seulement une question de commodit\u00e9 - elle peut vous sauver la vie lorsque les secondes comptent, que vous ajustiez le gr\u00e9ement d'un voilier ou que vous s\u00e9curisiez du mat\u00e9riel dans le cadre d'une op\u00e9ration militaire.<\/p>\n<p class=\"whitespace-pre-wrap break-words\">Imaginez que vous essayez de d\u00e9faire une manille classique par mer agit\u00e9e ou avec les mains froides. Ce n'est pas dr\u00f4le, n'est-ce pas ? C'est l\u00e0 qu'intervient le g\u00e9nie de la conception de la manille fixe. Elle reste verrouill\u00e9e lorsque vous en avez besoin, m\u00eame sous une forte pression, et se lib\u00e8re instantan\u00e9ment lorsque vous le souhaitez.<\/p>\n<p><img fetchpriority=\"high\" decoding=\"async\" class=\"alignnone wp-image-4035 size-full\" src=\"http:\/\/qingdaohf.com\/wp-content\/uploads\/2023\/05\/123.jpg\" alt=\"mousqueton\" width=\"1000\" height=\"1124\" srcset=\"https:\/\/qingdaohf.com\/wp-content\/uploads\/2023\/05\/123.jpg 1000w, https:\/\/qingdaohf.com\/wp-content\/uploads\/2023\/05\/123-267x300.jpg 267w, https:\/\/qingdaohf.com\/wp-content\/uploads\/2023\/05\/123-911x1024.jpg 911w, https:\/\/qingdaohf.com\/wp-content\/uploads\/2023\/05\/123-768x863.jpg 768w\" sizes=\"(max-width: 1000px) 100vw, 1000px\" \/><\/p>\n<h2 class=\"text-xl font-bold text-text-200 mt-1 -mb-0.5\">L'avantage de l'acier inoxydable<\/h2>\n<h3 class=\"text-lg font-bold text-text-200 mt-1 -mb-1.5\">Pourquoi l'acier 304 et 316 fait-il la diff\u00e9rence ?<\/h3>\n<p class=\"whitespace-pre-wrap break-words\">Lorsque vous choisissez un mousqueton, le mat\u00e9riau dans lequel il est fabriqu\u00e9 n'est pas seulement un d\u00e9tail technique, c'est tout. L'industrie gravite autour de deux types d'acier inoxydable : 304 et 316. L'acier 304 est un mat\u00e9riau polyvalent et fiable. Il est robuste, r\u00e9siste \u00e0 la rouille comme un champion et ne vous ruinera pas. Il est parfait pour la plupart des applications quotidiennes pour lesquelles vous avez besoin de performances fiables sans en faire trop.<\/p>\n<p class=\"whitespace-pre-wrap break-words\">Mais parfois, il faut sortir l'artillerie lourde. C'est l\u00e0 que l'acier inoxydable 316 entre en jeu. Si vous devez faire face \u00e0 une exposition \u00e0 l'eau sal\u00e9e ou \u00e0 des produits chimiques agressifs, l'acier inoxydable 316 est votre meilleur ami. Il est comme le fr\u00e8re a\u00een\u00e9 de 304, plus r\u00e9sistant - plus robuste contre la corrosion, plus r\u00e9sistant aux piq\u00fbres et con\u00e7u pour r\u00e9sister aux \u00e9l\u00e9ments.<\/p>\n<h2 class=\"text-xl font-bold text-text-200 mt-1 -mb-0.5\">Pourquoi s'associer \u00e0 nous ?<\/h2>\n<p class=\"whitespace-pre-wrap break-words\">Nous ne sommes pas un simple fournisseur de mat\u00e9riel. Notre approche est simple : fournir des manilles de qualit\u00e9 sup\u00e9rieure et offrir un v\u00e9ritable service personnalis\u00e9. Que vous ayez besoin de deux manilles ou de deux cents, vous b\u00e9n\u00e9ficierez du m\u00eame soutien attentif tout au long de votre commande.<\/p>\n<p class=\"whitespace-pre-wrap break-words\">Nous savons que l'attente de pi\u00e8ces d\u00e9tach\u00e9es peut perturber vos projets. C'est pourquoi nous avons rationalis\u00e9 notre processus de livraison afin de vous fournir votre mat\u00e9riel le plus rapidement possible. Mais la rapidit\u00e9 ne signifie pas que nous rognons sur les co\u00fbts - chaque manille est soumise \u00e0 des tests de qualit\u00e9 rigoureux, et nous avons les rapports d'inspection pour le prouver.<\/p>\n<h2 class=\"text-xl font-bold text-text-200 mt-1 -mb-0.5\">Applications dans tous les secteurs d'activit\u00e9<\/h2>\n<p class=\"whitespace-pre-wrap break-words\">Ce ne sont pas des jouets \u00e0 usage unique. Qu'il s'agisse d'arrimer du mat\u00e9riel de navigation ou de faciliter des projets de construction, les manilles fixes \u00e0 enclenchement font leurs preuves dans divers contextes. Leur conception conviviale les rend particuli\u00e8rement utiles lorsque des ajustements rapides sont n\u00e9cessaires, notamment dans des conditions difficiles o\u00f9 des attaches compliqu\u00e9es seraient un handicap.<\/p>\n<h2 class=\"text-xl font-bold text-text-200 mt-1 -mb-0.5\">Maintenir votre investissement<\/h2>\n<p class=\"whitespace-pre-wrap break-words\">M\u00eame l'acier inoxydable le plus r\u00e9sistant a besoin d'\u00eatre entretenu pour rester en parfait \u00e9tat. Un peu d'entretien suffit : un nettoyage r\u00e9gulier, surtout apr\u00e8s une exposition \u00e0 l'eau sal\u00e9e, peut emp\u00eacher la corrosion de s'installer. Surveillez l'usure et n'h\u00e9sitez pas \u00e0 remplacer une manille si vous constatez des dommages. N'oubliez pas qu'en mati\u00e8re d'\u00e9quipement de s\u00e9curit\u00e9, mieux vaut pr\u00e9venir que gu\u00e9rir.<\/p>\n<h2 class=\"text-xl font-bold text-text-200 mt-1 -mb-0.5\">Le r\u00e9sultat : Une qualit\u00e9 qui rapporte<\/h2>\n<p class=\"whitespace-pre-wrap break-words\">Investir dans des manilles fixes de qualit\u00e9 n'est pas seulement une question d'argent, c'est aussi une question de tranquillit\u00e9 d'esprit. Qu'il s'agisse d'\u00e9quiper un yacht ou de mettre en place un \u00e9quipement industriel, le choix du bon mat\u00e9riel fait toute la diff\u00e9rence. Notre engagement \u00e0 fournir des produits de qualit\u00e9 sup\u00e9rieure, soutenus par des tests complets et une livraison rapide, signifie que vous pouvez vous concentrer sur votre travail en sachant que votre mat\u00e9riel ne vous laissera pas tomber.<\/p>\n<p>&nbsp;<\/p>","protected":false},"excerpt":{"rendered":"<p>Le mousqueton \u00e0 vis DIN5299 Forme D est un produit robuste \u00e0 usage g\u00e9n\u00e9ral qui trouve des applications dans les secteurs de l'industrie, de la marine et de la construction. Les acheteurs qui exigent de la fiabilit\u00e9 dans la quincaillerie trouveront son syst\u00e8me de verrouillage \u00e0 vis s\u00fbr, avec sa prise serr\u00e9e et son absence de d\u00e9verrouillage accidentel, particuli\u00e8rement utile. Le mousqueton est fabriqu\u00e9 en acier de haute qualit\u00e9 et se caract\u00e9rise par une forte capacit\u00e9 de charge et une bonne r\u00e9sistance \u00e0 l'usure. Chez H&amp;F, nous ne nous contentons pas de livrer des produits, nous offrons un service \u00e0 la client\u00e8le personnalis\u00e9, chaque commande \u00e9tant fabriqu\u00e9e selon des sp\u00e9cifications particuli\u00e8res. Gr\u00e2ce \u00e0 un cycle de livraison rapide et \u00e0 des rapports d'inspection de la qualit\u00e9 complets, nous garantissons que chaque mousqueton est fabriqu\u00e9 selon des normes de performance \u00e9lev\u00e9es.<\/p>","protected":false},"featured_media":4031,"comment_status":"open","ping_status":"closed","template":"","meta":{"site-sidebar-layout":"default","site-content-layout":"default","ast-site-content-layout":"default","site-content-style":"default","site-sidebar-style":"default","ast-global-header-display":"","ast-banner-title-visibility":"","ast-main-header-display":"","ast-hfb-above-header-display":"","ast-hfb-below-header-display":"","ast-hfb-mobile-header-display":"","site-post-title":"","ast-breadcrumbs-content":"","ast-featured-img":"","footer-sml-layout":"","theme-transparent-header-meta":"default","adv-header-id-meta":"","stick-header-meta":"default","header-above-stick-meta":"","header-main-stick-meta":"","header-below-stick-meta":"","astra-migrate-meta-layouts":"set","ast-page-background-enabled":"default","ast-page-background-meta":{"desktop":{"background-color":"","background-image":"","background-repeat":"repeat","background-position":"center center","background-size":"auto","background-attachment":"scroll","background-type":"","background-media":"","overlay-type":"","overlay-color":"","overlay-opacity":"","overlay-gradient":""},"tablet":{"background-color":"","background-image":"","background-repeat":"repeat","background-position":"center center","background-size":"auto","background-attachment":"scroll","background-type":"","background-media":"","overlay-type":"","overlay-color":"","overlay-opacity":"","overlay-gradient":""},"mobile":{"background-color":"","background-image":"","background-repeat":"repeat","background-position":"center center","background-size":"auto","background-attachment":"scroll","background-type":"","background-media":"","overlay-type":"","overlay-color":"","overlay-opacity":"","overlay-gradient":""}},"ast-content-background-meta":{"desktop":{"background-color":"var(--ast-global-color-5)","background-image":"","background-repeat":"repeat","background-position":"center center","background-size":"auto","background-attachment":"scroll","background-type":"","background-media":"","overlay-type":"","overlay-color":"","overlay-opacity":"","overlay-gradient":""},"tablet":{"background-color":"var(--ast-global-color-5)","background-image":"","background-repeat":"repeat","background-position":"center center","background-size":"auto","background-attachment":"scroll","background-type":"","background-media":"","overlay-type":"","overlay-color":"","overlay-opacity":"","overlay-gradient":""},"mobile":{"background-color":"var(--ast-global-color-5)","background-image":"","background-repeat":"repeat","background-position":"center center","background-size":"auto","background-attachment":"scroll","background-type":"","background-media":"","overlay-type":"","overlay-color":"","overlay-opacity":"","overlay-gradient":""}}},"product_brand":[],"product_cat":[80,44],"product_tag":[],"class_list":{"0":"post-4030","1":"product","2":"type-product","3":"status-publish","4":"has-post-thumbnail","6":"product_cat-carabiner","7":"product_cat-stainless-steel-poduct","8":"desktop-align-left","9":"tablet-align-left","10":"mobile-align-left","11":"ast-product-gallery-layout-horizontal-slider","12":"ast-product-tabs-layout-horizontal","14":"first","15":"instock","16":"shipping-taxable","17":"purchasable","18":"product-type-simple"},"yoast_head":"<!-- This site is optimized with the Yoast SEO plugin v25.2 - https:\/\/yoast.com\/wordpress\/plugins\/seo\/ -->\n<title>Snap Hook with Screw Nut<\/title>\n<meta name=\"description\" content=\"The Snap Hook with Screw DIN5299 Form D is a heavy-duty general-purpose product that finds applications in industrial, marine, and construction uses.\" \/>\n<meta name=\"robots\" content=\"index, follow, max-snippet:-1, max-image-preview:large, max-video-preview:-1\" \/>\n<link rel=\"canonical\" href=\"https:\/\/qingdaohf.com\/fr\/produit\/mousqueton-avec-vis\/\" \/>\n<meta property=\"og:locale\" content=\"fr_FR\" \/>\n<meta property=\"og:type\" content=\"article\" \/>\n<meta property=\"og:title\" content=\"Snap Hook with Screw Nut\" \/>\n<meta property=\"og:description\" content=\"The Snap Hook with Screw DIN5299 Form D is a heavy-duty general-purpose product that finds applications in industrial, marine, and construction uses.\" \/>\n<meta property=\"og:url\" content=\"https:\/\/qingdaohf.com\/fr\/produit\/mousqueton-avec-vis\/\" \/>\n<meta property=\"og:site_name\" content=\"Concrete Form &amp; Rigging Hardware Supplier\" \/>\n<meta property=\"article:publisher\" content=\"https:\/\/www.facebook.com\/qingdaohf\" \/>\n<meta property=\"article:modified_time\" content=\"2025-11-13T01:04:43+00:00\" \/>\n<meta property=\"og:image\" content=\"https:\/\/qingdaohf.com\/wp-content\/uploads\/2023\/05\/snap-hook-with-screw-1.jpg\" \/>\n\t<meta property=\"og:image:width\" content=\"1000\" \/>\n\t<meta property=\"og:image:height\" content=\"1000\" \/>\n\t<meta property=\"og:image:type\" content=\"image\/jpeg\" \/>\n<meta name=\"twitter:card\" content=\"summary_large_image\" \/>\n<meta name=\"twitter:label1\" content=\"Dur\u00e9e de lecture estim\u00e9e\" \/>\n\t<meta name=\"twitter:data1\" content=\"4 minutes\" \/>\n<script type=\"application\/ld+json\" class=\"yoast-schema-graph\">{\"@context\":\"https:\/\/schema.org\",\"@graph\":[{\"@type\":\"WebPage\",\"@id\":\"https:\/\/qingdaohf.com\/product\/snap-hook-with-screw\/\",\"url\":\"https:\/\/qingdaohf.com\/product\/snap-hook-with-screw\/\",\"name\":\"Snap Hook with Screw Nut\",\"isPartOf\":{\"@id\":\"https:\/\/qingdaohf.com\/bg\/#website\"},\"primaryImageOfPage\":{\"@id\":\"https:\/\/qingdaohf.com\/product\/snap-hook-with-screw\/#primaryimage\"},\"image\":{\"@id\":\"https:\/\/qingdaohf.com\/product\/snap-hook-with-screw\/#primaryimage\"},\"thumbnailUrl\":\"https:\/\/qingdaohf.com\/wp-content\/uploads\/2023\/05\/snap-hook-with-screw-1.jpg\",\"datePublished\":\"2023-05-25T09:44:11+00:00\",\"dateModified\":\"2025-11-13T01:04:43+00:00\",\"description\":\"The Snap Hook with Screw DIN5299 Form D is a heavy-duty general-purpose product that finds applications in industrial, marine, and construction uses.\",\"breadcrumb\":{\"@id\":\"https:\/\/qingdaohf.com\/product\/snap-hook-with-screw\/#breadcrumb\"},\"inLanguage\":\"fr-FR\",\"potentialAction\":[{\"@type\":\"ReadAction\",\"target\":[\"https:\/\/qingdaohf.com\/product\/snap-hook-with-screw\/\"]}]},{\"@type\":\"ImageObject\",\"inLanguage\":\"fr-FR\",\"@id\":\"https:\/\/qingdaohf.com\/product\/snap-hook-with-screw\/#primaryimage\",\"url\":\"https:\/\/qingdaohf.com\/wp-content\/uploads\/2023\/05\/snap-hook-with-screw-1.jpg\",\"contentUrl\":\"https:\/\/qingdaohf.com\/wp-content\/uploads\/2023\/05\/snap-hook-with-screw-1.jpg\",\"width\":1000,\"height\":1000,\"caption\":\"snap hook with scre\"},{\"@type\":\"BreadcrumbList\",\"@id\":\"https:\/\/qingdaohf.com\/product\/snap-hook-with-screw\/#breadcrumb\",\"itemListElement\":[{\"@type\":\"ListItem\",\"position\":1,\"name\":\"Home\",\"item\":\"https:\/\/qingdaohf.com\/\"},{\"@type\":\"ListItem\",\"position\":2,\"name\":\"Concrete Forming Accessories and Rigging Hardware\",\"item\":\"https:\/\/qingdaohf.com\/bg\/?page_id=944\"},{\"@type\":\"ListItem\",\"position\":3,\"name\":\"Snap Hook with Screw Nut\"}]},{\"@type\":\"WebSite\",\"@id\":\"https:\/\/qingdaohf.com\/bg\/#website\",\"url\":\"https:\/\/qingdaohf.com\/bg\/\",\"name\":\"Concrete Form & Rigging Hardware Supplier\",\"description\":\"\",\"publisher\":{\"@id\":\"https:\/\/qingdaohf.com\/bg\/#organization\"},\"potentialAction\":[{\"@type\":\"SearchAction\",\"target\":{\"@type\":\"EntryPoint\",\"urlTemplate\":\"https:\/\/qingdaohf.com\/bg\/?s={search_term_string}\"},\"query-input\":{\"@type\":\"PropertyValueSpecification\",\"valueRequired\":true,\"valueName\":\"search_term_string\"}}],\"inLanguage\":\"fr-FR\"},{\"@type\":\"Organization\",\"@id\":\"https:\/\/qingdaohf.com\/bg\/#organization\",\"name\":\"Qingdao H&F\",\"url\":\"https:\/\/qingdaohf.com\/bg\/\",\"logo\":{\"@type\":\"ImageObject\",\"inLanguage\":\"fr-FR\",\"@id\":\"https:\/\/qingdaohf.com\/bg\/#\/schema\/logo\/image\/\",\"url\":\"https:\/\/qingdaohf.com\/wp-content\/uploads\/2022\/12\/cropped-HF-LOGO.png\",\"contentUrl\":\"https:\/\/qingdaohf.com\/wp-content\/uploads\/2022\/12\/cropped-HF-LOGO.png\",\"width\":391,\"height\":249,\"caption\":\"Qingdao H&F\"},\"image\":{\"@id\":\"https:\/\/qingdaohf.com\/bg\/#\/schema\/logo\/image\/\"},\"sameAs\":[\"https:\/\/www.facebook.com\/qingdaohf\"]}]}<\/script>\n<!-- \/ Yoast SEO plugin. -->","yoast_head_json":{"title":"Snap Hook with Screw Nut","description":"The Snap Hook with Screw DIN5299 Form D is a heavy-duty general-purpose product that finds applications in industrial, marine, and construction uses.","robots":{"index":"index","follow":"follow","max-snippet":"max-snippet:-1","max-image-preview":"max-image-preview:large","max-video-preview":"max-video-preview:-1"},"canonical":"https:\/\/qingdaohf.com\/fr\/produit\/mousqueton-avec-vis\/","og_locale":"fr_FR","og_type":"article","og_title":"Snap Hook with Screw Nut","og_description":"The Snap Hook with Screw DIN5299 Form D is a heavy-duty general-purpose product that finds applications in industrial, marine, and construction uses.","og_url":"https:\/\/qingdaohf.com\/fr\/produit\/mousqueton-avec-vis\/","og_site_name":"Concrete Form &amp; Rigging Hardware Supplier","article_publisher":"https:\/\/www.facebook.com\/qingdaohf","article_modified_time":"2025-11-13T01:04:43+00:00","og_image":[{"width":1000,"height":1000,"url":"https:\/\/qingdaohf.com\/wp-content\/uploads\/2023\/05\/snap-hook-with-screw-1.jpg","type":"image\/jpeg"}],"twitter_card":"summary_large_image","twitter_misc":{"Dur\u00e9e de lecture estim\u00e9e":"4 minutes"},"schema":{"@context":"https:\/\/schema.org","@graph":[{"@type":"WebPage","@id":"https:\/\/qingdaohf.com\/product\/snap-hook-with-screw\/","url":"https:\/\/qingdaohf.com\/product\/snap-hook-with-screw\/","name":"Snap Hook with Screw Nut","isPartOf":{"@id":"https:\/\/qingdaohf.com\/bg\/#website"},"primaryImageOfPage":{"@id":"https:\/\/qingdaohf.com\/product\/snap-hook-with-screw\/#primaryimage"},"image":{"@id":"https:\/\/qingdaohf.com\/product\/snap-hook-with-screw\/#primaryimage"},"thumbnailUrl":"https:\/\/qingdaohf.com\/wp-content\/uploads\/2023\/05\/snap-hook-with-screw-1.jpg","datePublished":"2023-05-25T09:44:11+00:00","dateModified":"2025-11-13T01:04:43+00:00","description":"The Snap Hook with Screw DIN5299 Form D is a heavy-duty general-purpose product that finds applications in industrial, marine, and construction uses.","breadcrumb":{"@id":"https:\/\/qingdaohf.com\/product\/snap-hook-with-screw\/#breadcrumb"},"inLanguage":"fr-FR","potentialAction":[{"@type":"ReadAction","target":["https:\/\/qingdaohf.com\/product\/snap-hook-with-screw\/"]}]},{"@type":"ImageObject","inLanguage":"fr-FR","@id":"https:\/\/qingdaohf.com\/product\/snap-hook-with-screw\/#primaryimage","url":"https:\/\/qingdaohf.com\/wp-content\/uploads\/2023\/05\/snap-hook-with-screw-1.jpg","contentUrl":"https:\/\/qingdaohf.com\/wp-content\/uploads\/2023\/05\/snap-hook-with-screw-1.jpg","width":1000,"height":1000,"caption":"snap hook with scre"},{"@type":"BreadcrumbList","@id":"https:\/\/qingdaohf.com\/product\/snap-hook-with-screw\/#breadcrumb","itemListElement":[{"@type":"ListItem","position":1,"name":"Home","item":"https:\/\/qingdaohf.com\/"},{"@type":"ListItem","position":2,"name":"Concrete Forming Accessories and Rigging Hardware","item":"https:\/\/qingdaohf.com\/bg\/?page_id=944"},{"@type":"ListItem","position":3,"name":"Snap Hook with Screw Nut"}]},{"@type":"WebSite","@id":"https:\/\/qingdaohf.com\/bg\/#website","url":"https:\/\/qingdaohf.com\/bg\/","name":"Concrete Form & Rigging Hardware Supplier","description":"","publisher":{"@id":"https:\/\/qingdaohf.com\/bg\/#organization"},"potentialAction":[{"@type":"SearchAction","target":{"@type":"EntryPoint","urlTemplate":"https:\/\/qingdaohf.com\/bg\/?s={search_term_string}"},"query-input":{"@type":"PropertyValueSpecification","valueRequired":true,"valueName":"search_term_string"}}],"inLanguage":"fr-FR"},{"@type":"Organization","@id":"https:\/\/qingdaohf.com\/bg\/#organization","name":"Qingdao H&F","url":"https:\/\/qingdaohf.com\/bg\/","logo":{"@type":"ImageObject","inLanguage":"fr-FR","@id":"https:\/\/qingdaohf.com\/bg\/#\/schema\/logo\/image\/","url":"https:\/\/qingdaohf.com\/wp-content\/uploads\/2022\/12\/cropped-HF-LOGO.png","contentUrl":"https:\/\/qingdaohf.com\/wp-content\/uploads\/2022\/12\/cropped-HF-LOGO.png","width":391,"height":249,"caption":"Qingdao H&F"},"image":{"@id":"https:\/\/qingdaohf.com\/bg\/#\/schema\/logo\/image\/"},"sameAs":["https:\/\/www.facebook.com\/qingdaohf"]}]}},"_links":{"self":[{"href":"https:\/\/qingdaohf.com\/fr\/wp-json\/wp\/v2\/product\/4030","targetHints":{"allow":["GET"]}}],"collection":[{"href":"https:\/\/qingdaohf.com\/fr\/wp-json\/wp\/v2\/product"}],"about":[{"href":"https:\/\/qingdaohf.com\/fr\/wp-json\/wp\/v2\/types\/product"}],"replies":[{"embeddable":true,"href":"https:\/\/qingdaohf.com\/fr\/wp-json\/wp\/v2\/comments?post=4030"}],"version-history":[{"count":6,"href":"https:\/\/qingdaohf.com\/fr\/wp-json\/wp\/v2\/product\/4030\/revisions"}],"predecessor-version":[{"id":9511,"href":"https:\/\/qingdaohf.com\/fr\/wp-json\/wp\/v2\/product\/4030\/revisions\/9511"}],"wp:featuredmedia":[{"embeddable":true,"href":"https:\/\/qingdaohf.com\/fr\/wp-json\/wp\/v2\/media\/4031"}],"wp:attachment":[{"href":"https:\/\/qingdaohf.com\/fr\/wp-json\/wp\/v2\/media?parent=4030"}],"wp:term":[{"taxonomy":"product_brand","embeddable":true,"href":"https:\/\/qingdaohf.com\/fr\/wp-json\/wp\/v2\/product_brand?post=4030"},{"taxonomy":"product_cat","embeddable":true,"href":"https:\/\/qingdaohf.com\/fr\/wp-json\/wp\/v2\/product_cat?post=4030"},{"taxonomy":"product_tag","embeddable":true,"href":"https:\/\/qingdaohf.com\/fr\/wp-json\/wp\/v2\/product_tag?post=4030"}],"curies":[{"name":"wp","href":"https:\/\/api.w.org\/{rel}","templated":true}]}}