{"id":4110,"date":"2023-05-26T16:27:13","date_gmt":"2023-05-26T08:27:13","guid":{"rendered":"http:\/\/qingdaohf.com\/?post_type=product&#038;p=4110"},"modified":"2025-11-13T09:04:24","modified_gmt":"2025-11-13T01:04:24","slug":"eye-sling-hook","status":"publish","type":"product","link":"https:\/\/qingdaohf.com\/fr\/produit\/crochet-delingue-a-oeil\/","title":{"rendered":"Crochet d'\u00e9lingue \u00e0 \u0153il 320"},"content":{"rendered":"<div class=\"font-claude-message  pr-4  md:pr-9  relative  leading-[1.65rem]  [&amp;_pre&gt;div]:bg-bg-300  [&amp;_.ignore-pre-bg&gt;div]:bg-transparent  [&amp;_pre]:-mr-4  md:[&amp;_pre]:-mr-9\">\n<div>\n<div class=\"grid-cols-1 grid gap-2.5 [&amp;_&gt;_*]:min-w-0\">\n<h2 class=\"font-600 text-2xl font-bold\">La polyvalence et la force du crochet 320 : Une vue d'ensemble<\/h2>\n<p class=\"whitespace-pre-wrap break-words\">Il faut se rendre \u00e0 l'\u00e9vidence : lorsque vous devez soulever ou fixer des charges lourdes, le choix du crochet est d'une importance capitale. Le crochet 320 a acquis sa r\u00e9putation dans les secteurs de la construction, de la marine et du transport pour de bonnes raisons. Il ne s'agit pas d'une simple pi\u00e8ce de quincaillerie - ce crochet offre la fiabilit\u00e9 dont vous avez besoin lorsque la s\u00e9curit\u00e9 et la performance ne sont pas n\u00e9gociables.<\/p>\n<p class=\"whitespace-pre-wrap break-words\">Chez Qingdao H&amp;F, nous avons pass\u00e9 plus de deux d\u00e9cennies dans le commerce, et nous savons reconna\u00eetre la qualit\u00e9 quand nous la voyons. Nos 320 crochets r\u00e9pondent aux normes les plus strictes de l'industrie, et nous le confirmons par des rapports d'inspection approfondis. De plus, nous sommes fiers de notre rapidit\u00e9 d'exp\u00e9dition et de notre service client\u00e8le personnalis\u00e9, qui facilitent l'ensemble du processus.<\/p>\n<p><img fetchpriority=\"high\" decoding=\"async\" class=\"alignnone size-full wp-image-4115\" src=\"http:\/\/qingdaohf.com\/wp-content\/uploads\/2023\/05\/123123.jpg\" alt=\"Oeil Crochet d&#039;\u00e9lingue\" width=\"1000\" height=\"1178\" srcset=\"https:\/\/qingdaohf.com\/wp-content\/uploads\/2023\/05\/123123.jpg 1000w, https:\/\/qingdaohf.com\/wp-content\/uploads\/2023\/05\/123123-255x300.jpg 255w, https:\/\/qingdaohf.com\/wp-content\/uploads\/2023\/05\/123123-869x1024.jpg 869w, https:\/\/qingdaohf.com\/wp-content\/uploads\/2023\/05\/123123-768x905.jpg 768w\" sizes=\"(max-width: 1000px) 100vw, 1000px\" \/><\/p>\n<p><img decoding=\"async\" class=\"alignnone size-full wp-image-4116\" src=\"http:\/\/qingdaohf.com\/wp-content\/uploads\/2023\/05\/1231243.jpg\" alt=\"Oeil Crochet d&#039;\u00e9lingue\" width=\"1000\" height=\"989\" srcset=\"https:\/\/qingdaohf.com\/wp-content\/uploads\/2023\/05\/1231243.jpg 1000w, https:\/\/qingdaohf.com\/wp-content\/uploads\/2023\/05\/1231243-300x297.jpg 300w, https:\/\/qingdaohf.com\/wp-content\/uploads\/2023\/05\/1231243-768x760.jpg 768w, https:\/\/qingdaohf.com\/wp-content\/uploads\/2023\/05\/1231243-100x100.jpg 100w\" sizes=\"(max-width: 1000px) 100vw, 1000px\" \/><\/p>\n<p><img decoding=\"async\" class=\"alignnone size-full wp-image-4118\" src=\"http:\/\/qingdaohf.com\/wp-content\/uploads\/2023\/05\/eye-hook.jpg\" alt=\"crochet \u00e0 \u0153il\" width=\"1000\" height=\"1111\" srcset=\"https:\/\/qingdaohf.com\/wp-content\/uploads\/2023\/05\/eye-hook.jpg 1000w, https:\/\/qingdaohf.com\/wp-content\/uploads\/2023\/05\/eye-hook-270x300.jpg 270w, https:\/\/qingdaohf.com\/wp-content\/uploads\/2023\/05\/eye-hook-922x1024.jpg 922w, https:\/\/qingdaohf.com\/wp-content\/uploads\/2023\/05\/eye-hook-768x853.jpg 768w\" sizes=\"(max-width: 1000px) 100vw, 1000px\" \/><\/p>\n<h2 class=\"font-600 text-2xl font-bold\">Les principaux avantages du crochet 320 pour les acheteurs<\/h2>\n<p class=\"whitespace-pre-wrap break-words\">L'achat d'un \u00e9quipement de levage peut s'av\u00e9rer fastidieux. Vous devez tenir compte des capacit\u00e9s de charge, de la qualit\u00e9 des mat\u00e9riaux et de la facilit\u00e9 d'utilisation. La bonne nouvelle ? Le crochet 320 remplit toutes ces conditions et bien d'autres encore.<\/p>\n<p class=\"whitespace-pre-wrap break-words\">La conception robuste du crochet brille vraiment dans les conditions difficiles. Sa r\u00e9sistance \u00e0 la traction exceptionnelle signifie que vous pouvez lui confier des charges importantes sans vous soucier des probl\u00e8mes de s\u00e9curit\u00e9. L'ouverture g\u00e9n\u00e9reuse de l'embouchure permet de gagner du temps et facilite la connexion avec divers \u00e9l\u00e9ments de gr\u00e9ement. Que vous hissiez des mat\u00e9riaux sur un chantier de construction ou que vous s\u00e9curisiez une cargaison sur le pont, ce crochet ne vous laissera pas tomber.<\/p>\n<p class=\"whitespace-pre-wrap break-words\">Chez Qingdao H&amp;F, nous prenons les tests au s\u00e9rieux. Chaque crochet est soumis \u00e0 des contr\u00f4les de qualit\u00e9 approfondis, et nous vous montrerons les r\u00e9sultats d\u00e9taill\u00e9s de l'inspection pour le prouver. Il n'y a rien de pire qu'un \u00e9quipement qui tombe en panne au moment o\u00f9 vous en avez le plus besoin, c'est pourquoi nous nous assurons que nos crochets fonctionnent de mani\u00e8re fiable, m\u00eame dans les situations les plus exigeantes.<\/p>\n<h2 class=\"font-600 text-2xl font-bold\">Comprendre le crochet 320 : Conception, caract\u00e9ristiques et consid\u00e9rations relatives aux mat\u00e9riaux<\/h2>\n<p class=\"whitespace-pre-wrap break-words\">Le secret des performances du crochet 320 r\u00e9side dans sa conception r\u00e9fl\u00e9chie. Nous forgeons ces crochets \u00e0 partir d'un alliage d'acier de premi\u00e8re qualit\u00e9, cr\u00e9ant ainsi un outil \u00e0 la fois robuste et durable. Ce choix de mat\u00e9riau signifie que le crochet r\u00e9siste bien aux conditions difficiles, ce qui le rend parfait pour les environnements marins, les environnements industriels ou les chantiers de construction.<\/p>\n<p class=\"whitespace-pre-wrap break-words\">Les avantages pratiques sont \u00e9vidents d\u00e8s que vous en utilisez un. La large ouverture n'est pas seulement pratique : c'est un dispositif de s\u00e9curit\u00e9 qui facilite grandement la fixation des cha\u00eenes, des \u00e9lingues ou des c\u00e2bles. La forme du crochet emp\u00eache activement le glissement de la charge, tandis que sa finition lisse prot\u00e8ge vos autres \u00e9quipements contre les dommages.<\/p>\n<p class=\"whitespace-pre-wrap break-words\">Ces crochets supportent les charges statiques et dynamiques comme des champions. Ils sont disponibles en diff\u00e9rentes tailles et capacit\u00e9s, afin que vous puissiez choisir exactement ce dont votre projet a besoin. Chaque crochet affiche clairement son poids nominal, ce qui permet d'\u00e9viter les erreurs de planification de la charge. Le rev\u00eatement anticorrosion est particuli\u00e8rement utile pour les travaux maritimes ou offshore. Il combat la rouille et prolonge consid\u00e9rablement la dur\u00e9e de vie du crochet.<\/p>\n<h2 class=\"font-600 text-2xl font-bold\">Pourquoi choisir Qingdao H&amp;F pour vos besoins en crochets 320 ?<\/h2>\n<p class=\"whitespace-pre-wrap break-words\">Il est essentiel de trouver un fournisseur fiable. Chez Qingdao H&amp;F, nos 20 ans et plus de pr\u00e9sence sur le march\u00e9 mondial nous ont appris exactement ce dont nos clients ont besoin. Nous ne nous contentons pas de vendre des crochets, nous offrons la tranquillit\u00e9 d'esprit.<\/p>\n<p class=\"whitespace-pre-wrap break-words\">Nous savons que l'attente des livraisons peut perturber votre emploi du temps, c'est pourquoi nous donnons la priorit\u00e9 \u00e0 l'exp\u00e9dition rapide. Notre \u00e9quipe logistique travaille dur pour trouver les m\u00e9thodes d'exp\u00e9dition les plus rapides et les plus fiables, afin que vos projets restent sur la bonne voie. Chaque crochet est accompagn\u00e9 d'une documentation compl\u00e8te sur l'inspection de la qualit\u00e9, afin que vous sachiez exactement ce que vous obtenez.<\/p>\n<p class=\"whitespace-pre-wrap break-words\">Notre approche du service \u00e0 la client\u00e8le est r\u00e9solument personnelle. Besoin d'un conseil technique ? Vous avez des questions sur les sp\u00e9cifications ? Nous sommes l\u00e0 pour vous aider - pas de r\u00e9ponses automatis\u00e9es ou de solutions g\u00e9n\u00e9riques. Nous croyons en l'\u00e9tablissement de relations durables avec nos clients gr\u00e2ce \u00e0 un soutien et \u00e0 une expertise authentiques.<\/p>\n<h2 class=\"font-600 text-2xl font-bold\">Conclusion : Le crochet 320 - Un must pour vos besoins en mati\u00e8re de gr\u00e9ement et de levage<\/h2>\n<p class=\"whitespace-pre-wrap break-words\">En fin de compte, le crochet 320 n'est pas une simple pi\u00e8ce d'\u00e9quipement - c'est un investissement dans la s\u00e9curit\u00e9 et l'efficacit\u00e9. Sa conception robuste et sa polyvalence le rendent indispensable dans toutes les industries. Chez Qingdao H&amp;F, nous sommes fiers de proposer des crochets 320 qui d\u00e9passent les normes de qualit\u00e9, soutenus par notre engagement \u00e0 fournir un service r\u00e9actif et une livraison fiable. Choisir nos crochets, c'est choisir un partenaire qui se consacre \u00e0 votre r\u00e9ussite.<\/p>\n<\/div>\n<\/div>\n<\/div>\n<div class=\"absolute -bottom-0 -right-1.5\">\n<div class=\"border-0.5 border-border-300 flex items-center translate-y-1\/2 rounded-lg shadow-sm transition bg-bg-000 p-1\">\n<div class=\"text-text-400 flex items-stretch justify-between gap-0.5\">\n<div class=\"flex gap-0.5\"><\/div>\n<\/div>\n<\/div>\n<\/div>\n<p>&nbsp;<\/p>\n<p>&nbsp;<\/p>","protected":false},"excerpt":{"rendered":"<p>Le crochet 320 est polyvalent et fiable dans tous les secteurs d'activit\u00e9, qu'il s'agisse de levage s\u00fbr et efficace ou d'ancrage et de gr\u00e9ement. Qingdao H&amp;F est une soci\u00e9t\u00e9 commerciale de confiance qui propose une gamme de crochets 320, garantissant la qualit\u00e9, le respect des d\u00e9lais et un service professionnel personnalis\u00e9. Elle pouvait \u00e9galement fournir aux acheteurs le rapport d'inspection d\u00e9taill\u00e9 de chaque produit afin de garantir le respect des normes les plus strictes. Que ce soit pour des applications lourdes ou l\u00e9g\u00e8res, nos crochets 320 sont construits pour fournir une fiabilit\u00e9 ultime en termes de durabilit\u00e9 et de performance pour votre prochain projet.<\/p>","protected":false},"featured_media":4111,"comment_status":"open","ping_status":"closed","template":"","meta":{"site-sidebar-layout":"default","site-content-layout":"default","ast-site-content-layout":"default","site-content-style":"default","site-sidebar-style":"default","ast-global-header-display":"","ast-banner-title-visibility":"","ast-main-header-display":"","ast-hfb-above-header-display":"","ast-hfb-below-header-display":"","ast-hfb-mobile-header-display":"","site-post-title":"","ast-breadcrumbs-content":"","ast-featured-img":"","footer-sml-layout":"","theme-transparent-header-meta":"default","adv-header-id-meta":"","stick-header-meta":"default","header-above-stick-meta":"","header-main-stick-meta":"","header-below-stick-meta":"","astra-migrate-meta-layouts":"set","ast-page-background-enabled":"default","ast-page-background-meta":{"desktop":{"background-color":"","background-image":"","background-repeat":"repeat","background-position":"center center","background-size":"auto","background-attachment":"scroll","background-type":"","background-media":"","overlay-type":"","overlay-color":"","overlay-opacity":"","overlay-gradient":""},"tablet":{"background-color":"","background-image":"","background-repeat":"repeat","background-position":"center center","background-size":"auto","background-attachment":"scroll","background-type":"","background-media":"","overlay-type":"","overlay-color":"","overlay-opacity":"","overlay-gradient":""},"mobile":{"background-color":"","background-image":"","background-repeat":"repeat","background-position":"center center","background-size":"auto","background-attachment":"scroll","background-type":"","background-media":"","overlay-type":"","overlay-color":"","overlay-opacity":"","overlay-gradient":""}},"ast-content-background-meta":{"desktop":{"background-color":"var(--ast-global-color-5)","background-image":"","background-repeat":"repeat","background-position":"center center","background-size":"auto","background-attachment":"scroll","background-type":"","background-media":"","overlay-type":"","overlay-color":"","overlay-opacity":"","overlay-gradient":""},"tablet":{"background-color":"var(--ast-global-color-5)","background-image":"","background-repeat":"repeat","background-position":"center center","background-size":"auto","background-attachment":"scroll","background-type":"","background-media":"","overlay-type":"","overlay-color":"","overlay-opacity":"","overlay-gradient":""},"mobile":{"background-color":"var(--ast-global-color-5)","background-image":"","background-repeat":"repeat","background-position":"center center","background-size":"auto","background-attachment":"scroll","background-type":"","background-media":"","overlay-type":"","overlay-color":"","overlay-opacity":"","overlay-gradient":""}}},"product_brand":[],"product_cat":[57,43],"product_tag":[],"class_list":{"0":"post-4110","1":"product","2":"type-product","3":"status-publish","4":"has-post-thumbnail","6":"product_cat-sling-hook","7":"product_cat-rigging-hardware","8":"desktop-align-left","9":"tablet-align-left","10":"mobile-align-left","11":"ast-product-gallery-layout-horizontal-slider","12":"ast-product-tabs-layout-horizontal","14":"first","15":"instock","16":"shipping-taxable","17":"purchasable","18":"product-type-simple"},"yoast_head":"<!-- This site is optimized with the Yoast SEO plugin v25.2 - https:\/\/yoast.com\/wordpress\/plugins\/seo\/ -->\n<title>320 Eye Sling Hook<\/title>\n<meta name=\"description\" content=\"The Eye Sling Hook is a type of lifting hook commonly used in rigging and lifting operations.\" \/>\n<meta name=\"robots\" content=\"index, follow, max-snippet:-1, max-image-preview:large, max-video-preview:-1\" \/>\n<link rel=\"canonical\" href=\"https:\/\/qingdaohf.com\/fr\/produit\/crochet-delingue-a-oeil\/\" \/>\n<meta property=\"og:locale\" content=\"fr_FR\" \/>\n<meta property=\"og:type\" content=\"article\" \/>\n<meta property=\"og:title\" content=\"320 Eye Sling Hook\" \/>\n<meta property=\"og:description\" content=\"The Eye Sling Hook is a type of lifting hook commonly used in rigging and lifting operations.\" \/>\n<meta property=\"og:url\" content=\"https:\/\/qingdaohf.com\/fr\/produit\/crochet-delingue-a-oeil\/\" \/>\n<meta property=\"og:site_name\" content=\"Concrete Form &amp; Rigging Hardware Supplier\" \/>\n<meta property=\"article:publisher\" content=\"https:\/\/www.facebook.com\/qingdaohf\" \/>\n<meta property=\"article:modified_time\" content=\"2025-11-13T01:04:24+00:00\" \/>\n<meta property=\"og:image\" content=\"https:\/\/qingdaohf.com\/wp-content\/uploads\/2023\/05\/Eye-Sling-Hook-2.jpg\" \/>\n\t<meta property=\"og:image:width\" content=\"1000\" \/>\n\t<meta property=\"og:image:height\" content=\"1000\" \/>\n\t<meta property=\"og:image:type\" content=\"image\/jpeg\" \/>\n<meta name=\"twitter:card\" content=\"summary_large_image\" \/>\n<meta name=\"twitter:label1\" content=\"Dur\u00e9e de lecture estim\u00e9e\" \/>\n\t<meta name=\"twitter:data1\" content=\"4 minutes\" \/>\n<script type=\"application\/ld+json\" class=\"yoast-schema-graph\">{\"@context\":\"https:\/\/schema.org\",\"@graph\":[{\"@type\":\"WebPage\",\"@id\":\"https:\/\/qingdaohf.com\/product\/eye-sling-hook\/\",\"url\":\"https:\/\/qingdaohf.com\/product\/eye-sling-hook\/\",\"name\":\"320 Eye Sling Hook\",\"isPartOf\":{\"@id\":\"https:\/\/qingdaohf.com\/bg\/#website\"},\"primaryImageOfPage\":{\"@id\":\"https:\/\/qingdaohf.com\/product\/eye-sling-hook\/#primaryimage\"},\"image\":{\"@id\":\"https:\/\/qingdaohf.com\/product\/eye-sling-hook\/#primaryimage\"},\"thumbnailUrl\":\"https:\/\/qingdaohf.com\/wp-content\/uploads\/2023\/05\/Eye-Sling-Hook-2.jpg\",\"datePublished\":\"2023-05-26T08:27:13+00:00\",\"dateModified\":\"2025-11-13T01:04:24+00:00\",\"description\":\"The Eye Sling Hook is a type of lifting hook commonly used in rigging and lifting operations.\",\"breadcrumb\":{\"@id\":\"https:\/\/qingdaohf.com\/product\/eye-sling-hook\/#breadcrumb\"},\"inLanguage\":\"fr-FR\",\"potentialAction\":[{\"@type\":\"ReadAction\",\"target\":[\"https:\/\/qingdaohf.com\/product\/eye-sling-hook\/\"]}]},{\"@type\":\"ImageObject\",\"inLanguage\":\"fr-FR\",\"@id\":\"https:\/\/qingdaohf.com\/product\/eye-sling-hook\/#primaryimage\",\"url\":\"https:\/\/qingdaohf.com\/wp-content\/uploads\/2023\/05\/Eye-Sling-Hook-2.jpg\",\"contentUrl\":\"https:\/\/qingdaohf.com\/wp-content\/uploads\/2023\/05\/Eye-Sling-Hook-2.jpg\",\"width\":1000,\"height\":1000,\"caption\":\"Eye Sling Hook\"},{\"@type\":\"BreadcrumbList\",\"@id\":\"https:\/\/qingdaohf.com\/product\/eye-sling-hook\/#breadcrumb\",\"itemListElement\":[{\"@type\":\"ListItem\",\"position\":1,\"name\":\"Home\",\"item\":\"https:\/\/qingdaohf.com\/\"},{\"@type\":\"ListItem\",\"position\":2,\"name\":\"Concrete Forming Accessories and Rigging Hardware\",\"item\":\"https:\/\/qingdaohf.com\/bg\/?page_id=944\"},{\"@type\":\"ListItem\",\"position\":3,\"name\":\"320 Eye Sling Hook\"}]},{\"@type\":\"WebSite\",\"@id\":\"https:\/\/qingdaohf.com\/bg\/#website\",\"url\":\"https:\/\/qingdaohf.com\/bg\/\",\"name\":\"Concrete Form & Rigging Hardware Supplier\",\"description\":\"\",\"publisher\":{\"@id\":\"https:\/\/qingdaohf.com\/bg\/#organization\"},\"potentialAction\":[{\"@type\":\"SearchAction\",\"target\":{\"@type\":\"EntryPoint\",\"urlTemplate\":\"https:\/\/qingdaohf.com\/bg\/?s={search_term_string}\"},\"query-input\":{\"@type\":\"PropertyValueSpecification\",\"valueRequired\":true,\"valueName\":\"search_term_string\"}}],\"inLanguage\":\"fr-FR\"},{\"@type\":\"Organization\",\"@id\":\"https:\/\/qingdaohf.com\/bg\/#organization\",\"name\":\"Qingdao H&F\",\"url\":\"https:\/\/qingdaohf.com\/bg\/\",\"logo\":{\"@type\":\"ImageObject\",\"inLanguage\":\"fr-FR\",\"@id\":\"https:\/\/qingdaohf.com\/bg\/#\/schema\/logo\/image\/\",\"url\":\"https:\/\/qingdaohf.com\/wp-content\/uploads\/2022\/12\/cropped-HF-LOGO.png\",\"contentUrl\":\"https:\/\/qingdaohf.com\/wp-content\/uploads\/2022\/12\/cropped-HF-LOGO.png\",\"width\":391,\"height\":249,\"caption\":\"Qingdao H&F\"},\"image\":{\"@id\":\"https:\/\/qingdaohf.com\/bg\/#\/schema\/logo\/image\/\"},\"sameAs\":[\"https:\/\/www.facebook.com\/qingdaohf\"]}]}<\/script>\n<!-- \/ Yoast SEO plugin. -->","yoast_head_json":{"title":"320 Eye Sling Hook","description":"The Eye Sling Hook is a type of lifting hook commonly used in rigging and lifting operations.","robots":{"index":"index","follow":"follow","max-snippet":"max-snippet:-1","max-image-preview":"max-image-preview:large","max-video-preview":"max-video-preview:-1"},"canonical":"https:\/\/qingdaohf.com\/fr\/produit\/crochet-delingue-a-oeil\/","og_locale":"fr_FR","og_type":"article","og_title":"320 Eye Sling Hook","og_description":"The Eye Sling Hook is a type of lifting hook commonly used in rigging and lifting operations.","og_url":"https:\/\/qingdaohf.com\/fr\/produit\/crochet-delingue-a-oeil\/","og_site_name":"Concrete Form &amp; Rigging Hardware Supplier","article_publisher":"https:\/\/www.facebook.com\/qingdaohf","article_modified_time":"2025-11-13T01:04:24+00:00","og_image":[{"width":1000,"height":1000,"url":"https:\/\/qingdaohf.com\/wp-content\/uploads\/2023\/05\/Eye-Sling-Hook-2.jpg","type":"image\/jpeg"}],"twitter_card":"summary_large_image","twitter_misc":{"Dur\u00e9e de lecture estim\u00e9e":"4 minutes"},"schema":{"@context":"https:\/\/schema.org","@graph":[{"@type":"WebPage","@id":"https:\/\/qingdaohf.com\/product\/eye-sling-hook\/","url":"https:\/\/qingdaohf.com\/product\/eye-sling-hook\/","name":"320 Eye Sling Hook","isPartOf":{"@id":"https:\/\/qingdaohf.com\/bg\/#website"},"primaryImageOfPage":{"@id":"https:\/\/qingdaohf.com\/product\/eye-sling-hook\/#primaryimage"},"image":{"@id":"https:\/\/qingdaohf.com\/product\/eye-sling-hook\/#primaryimage"},"thumbnailUrl":"https:\/\/qingdaohf.com\/wp-content\/uploads\/2023\/05\/Eye-Sling-Hook-2.jpg","datePublished":"2023-05-26T08:27:13+00:00","dateModified":"2025-11-13T01:04:24+00:00","description":"The Eye Sling Hook is a type of lifting hook commonly used in rigging and lifting operations.","breadcrumb":{"@id":"https:\/\/qingdaohf.com\/product\/eye-sling-hook\/#breadcrumb"},"inLanguage":"fr-FR","potentialAction":[{"@type":"ReadAction","target":["https:\/\/qingdaohf.com\/product\/eye-sling-hook\/"]}]},{"@type":"ImageObject","inLanguage":"fr-FR","@id":"https:\/\/qingdaohf.com\/product\/eye-sling-hook\/#primaryimage","url":"https:\/\/qingdaohf.com\/wp-content\/uploads\/2023\/05\/Eye-Sling-Hook-2.jpg","contentUrl":"https:\/\/qingdaohf.com\/wp-content\/uploads\/2023\/05\/Eye-Sling-Hook-2.jpg","width":1000,"height":1000,"caption":"Eye Sling Hook"},{"@type":"BreadcrumbList","@id":"https:\/\/qingdaohf.com\/product\/eye-sling-hook\/#breadcrumb","itemListElement":[{"@type":"ListItem","position":1,"name":"Home","item":"https:\/\/qingdaohf.com\/"},{"@type":"ListItem","position":2,"name":"Concrete Forming Accessories and Rigging Hardware","item":"https:\/\/qingdaohf.com\/bg\/?page_id=944"},{"@type":"ListItem","position":3,"name":"320 Eye Sling Hook"}]},{"@type":"WebSite","@id":"https:\/\/qingdaohf.com\/bg\/#website","url":"https:\/\/qingdaohf.com\/bg\/","name":"Concrete Form & Rigging Hardware Supplier","description":"","publisher":{"@id":"https:\/\/qingdaohf.com\/bg\/#organization"},"potentialAction":[{"@type":"SearchAction","target":{"@type":"EntryPoint","urlTemplate":"https:\/\/qingdaohf.com\/bg\/?s={search_term_string}"},"query-input":{"@type":"PropertyValueSpecification","valueRequired":true,"valueName":"search_term_string"}}],"inLanguage":"fr-FR"},{"@type":"Organization","@id":"https:\/\/qingdaohf.com\/bg\/#organization","name":"Qingdao H&F","url":"https:\/\/qingdaohf.com\/bg\/","logo":{"@type":"ImageObject","inLanguage":"fr-FR","@id":"https:\/\/qingdaohf.com\/bg\/#\/schema\/logo\/image\/","url":"https:\/\/qingdaohf.com\/wp-content\/uploads\/2022\/12\/cropped-HF-LOGO.png","contentUrl":"https:\/\/qingdaohf.com\/wp-content\/uploads\/2022\/12\/cropped-HF-LOGO.png","width":391,"height":249,"caption":"Qingdao H&F"},"image":{"@id":"https:\/\/qingdaohf.com\/bg\/#\/schema\/logo\/image\/"},"sameAs":["https:\/\/www.facebook.com\/qingdaohf"]}]}},"_links":{"self":[{"href":"https:\/\/qingdaohf.com\/fr\/wp-json\/wp\/v2\/product\/4110","targetHints":{"allow":["GET"]}}],"collection":[{"href":"https:\/\/qingdaohf.com\/fr\/wp-json\/wp\/v2\/product"}],"about":[{"href":"https:\/\/qingdaohf.com\/fr\/wp-json\/wp\/v2\/types\/product"}],"replies":[{"embeddable":true,"href":"https:\/\/qingdaohf.com\/fr\/wp-json\/wp\/v2\/comments?post=4110"}],"version-history":[{"count":3,"href":"https:\/\/qingdaohf.com\/fr\/wp-json\/wp\/v2\/product\/4110\/revisions"}],"predecessor-version":[{"id":4117,"href":"https:\/\/qingdaohf.com\/fr\/wp-json\/wp\/v2\/product\/4110\/revisions\/4117"}],"wp:featuredmedia":[{"embeddable":true,"href":"https:\/\/qingdaohf.com\/fr\/wp-json\/wp\/v2\/media\/4111"}],"wp:attachment":[{"href":"https:\/\/qingdaohf.com\/fr\/wp-json\/wp\/v2\/media?parent=4110"}],"wp:term":[{"taxonomy":"product_brand","embeddable":true,"href":"https:\/\/qingdaohf.com\/fr\/wp-json\/wp\/v2\/product_brand?post=4110"},{"taxonomy":"product_cat","embeddable":true,"href":"https:\/\/qingdaohf.com\/fr\/wp-json\/wp\/v2\/product_cat?post=4110"},{"taxonomy":"product_tag","embeddable":true,"href":"https:\/\/qingdaohf.com\/fr\/wp-json\/wp\/v2\/product_tag?post=4110"}],"curies":[{"name":"wp","href":"https:\/\/api.w.org\/{rel}","templated":true}]}}