{"id":4534,"date":"2023-06-20T14:39:39","date_gmt":"2023-06-20T06:39:39","guid":{"rendered":"http:\/\/qingdaohf.com\/?post_type=product&#038;p=4534"},"modified":"2025-11-13T09:04:03","modified_gmt":"2025-11-13T01:04:03","slug":"steel-studded-t-post","status":"publish","type":"product","link":"https:\/\/qingdaohf.com\/fr\/produit\/poteau-en-t-en-acier-cloute\/","title":{"rendered":"Poteau en T clout\u00e9 en acier"},"content":{"rendered":"<div class=\"ast-oembed-container\" style=\"height: 100%;\"><iframe title=\"Poteau en T clout\u00e9 en acier de type am\u00e9ricain\" width=\"500\" height=\"281\" src=\"https:\/\/www.youtube.com\/embed\/irpqY2CorrA?feature=oembed\" frameborder=\"0\" allow=\"accelerometer; autoplay; clipboard-write; encrypted-media; gyroscope; picture-in-picture; web-share\" referrerpolicy=\"strict-origin-when-cross-origin\" allowfullscreen><\/iframe><\/div>\n<p>Ces poteaux sont g\u00e9n\u00e9ralement fabriqu\u00e9s en acier de haute qualit\u00e9, ce qui garantit leur durabilit\u00e9 et leurs performances \u00e0 long terme dans les environnements ext\u00e9rieurs. La construction en acier les rend r\u00e9sistants \u00e0 la rouille, \u00e0 la corrosion et \u00e0 d'autres formes d'alt\u00e9ration, ce qui permet de les utiliser dans diff\u00e9rents climats.<\/p>\n<p>Le poteau en T clout\u00e9 en acier est dot\u00e9 de clous ou d'ar\u00eates sur toute sa longueur, strat\u00e9giquement plac\u00e9s pour renforcer la solidit\u00e9 du poteau et offrir une prise suppl\u00e9mentaire lorsqu'il est enfonc\u00e9 dans le sol. Ces goujons emp\u00eachent le poteau de tourner ou de se d\u00e9placer une fois install\u00e9, ce qui garantit la s\u00e9curit\u00e9 et la fiabilit\u00e9 de la cl\u00f4ture ou de la structure de soutien.<\/p>\n<p>L'une des principales applications des poteaux en T clout\u00e9s en acier concerne les syst\u00e8mes de cl\u00f4ture. Ils sont couramment utilis\u00e9s pour soutenir les grillages, les fils barbel\u00e9s, les cl\u00f4tures \u00e9lectriques et d'autres types de mat\u00e9riaux de cl\u00f4ture. Gr\u00e2ce \u00e0 leur forme en T, ils sont faciles \u00e0 installer : il suffit de les enfoncer dans le sol \u00e0 l'aide d'outils manuels ou m\u00e9caniques. Ils offrent une excellente stabilit\u00e9 et contribuent \u00e0 maintenir l'int\u00e9grit\u00e9 de la cl\u00f4ture, m\u00eame en cas de tension ou de pression.<\/p>\n<p>Les poteaux en T clout\u00e9s en acier sont \u00e9galement utilis\u00e9s dans l'agriculture \u00e0 diverses fins. Ils sont souvent utilis\u00e9s comme poteaux de soutien pour les treillis, les syst\u00e8mes de formation des plantes et les vignobles. En outre, ils peuvent servir de rep\u00e8res pour les rang\u00e9es de cultures, ce qui permet aux agriculteurs de maintenir un espacement et une organisation corrects.<\/p>\n<p>Ces poteaux existent en diff\u00e9rentes tailles et longueurs pour s'adapter aux diff\u00e9rentes applications et exigences d'installation. Les tailles courantes vont de 5 \u00e0 8 pieds de long, la section clout\u00e9e occupant g\u00e9n\u00e9ralement la partie sup\u00e9rieure du poteau. L'extr\u00e9mit\u00e9 inf\u00e9rieure est g\u00e9n\u00e9ralement pourvue d'une pointe ou d'une plaque pour faciliter la p\u00e9n\u00e9tration dans le sol.<\/p>\n<h2>FAQ sur les poteaux en T clout\u00e9s en acier<\/h2>\n<p>Q1 : Combien de temps faut-il pour recevoir des \u00e9chantillons gratuits de poteaux en T clout\u00e9s en acier ?<\/p>\n<p>A1 : Nous proposons des \u00e9chantillons gratuits de nos poteaux en T clout\u00e9s en acier et nous nous effor\u00e7ons de les exp\u00e9dier dans les 7 jours suivant la r\u00e9ception de la demande.<\/p>\n<p>Q2 : Les poteaux en T clout\u00e9s en acier peuvent-ils \u00eatre personnalis\u00e9s pour r\u00e9pondre \u00e0 des besoins sp\u00e9cifiques ?<\/p>\n<p>A2 : Oui, nos poteaux en T clout\u00e9s en acier peuvent \u00eatre personnalis\u00e9s. Nous pouvons r\u00e9pondre \u00e0 des demandes sp\u00e9cifiques de taille, de longueur ou d'autres demandes de personnalisation en fonction de vos besoins.<\/p>\n<p>Q3 : Comment puis-je contacter votre service client\u00e8le ?<\/p>\n<p>A3 : Nous offrons un service \u00e0 la client\u00e8le personnalis\u00e9. Vous pouvez nous contacter \u00e0 tout moment par courrier \u00e9lectronique ou par t\u00e9l\u00e9phone, et notre \u00e9quipe sp\u00e9cialis\u00e9e se fera un plaisir de vous aider.<\/p>\n<p>Q4 : Existe-t-il une quantit\u00e9 minimale de commande pour les poteaux en T clout\u00e9s en acier ?<\/p>\n<p>A4 : Nous n'avons pas de quantit\u00e9 sp\u00e9cifique pour les poteaux en T clout\u00e9s en acier. Vous pouvez passer commande en fonction de vos besoins, qu'il s'agisse d'une petite ou d'une grande quantit\u00e9.<\/p>\n<p>Q5 : Quels sont les mat\u00e9riaux utilis\u00e9s dans la construction du poteau en T \u00e0 clous en acier ?<\/p>\n<p>A5 : Le poteau en T clout\u00e9 en acier est fabriqu\u00e9 en acier de haute qualit\u00e9, ce qui garantit sa durabilit\u00e9, sa solidit\u00e9 et sa r\u00e9sistance \u00e0 la rouille et \u00e0 la corrosion.<\/p>\n<p>&nbsp;<\/p>","protected":false},"excerpt":{"rendered":"<p>Le poteau en T clout\u00e9 en acier est un produit agricole et de cl\u00f4ture couramment utilis\u00e9, con\u00e7u pour fournir un support solide et une stabilit\u00e9 pour diverses applications. Il doit son nom \u00e0 sa forme distinctive en \"T\", qui ressemble \u00e0 la lettre T.<\/p>","protected":false},"featured_media":4535,"comment_status":"open","ping_status":"closed","template":"","meta":{"site-sidebar-layout":"default","site-content-layout":"default","ast-site-content-layout":"","site-content-style":"default","site-sidebar-style":"default","ast-global-header-display":"","ast-banner-title-visibility":"","ast-main-header-display":"","ast-hfb-above-header-display":"","ast-hfb-below-header-display":"","ast-hfb-mobile-header-display":"","site-post-title":"","ast-breadcrumbs-content":"","ast-featured-img":"","footer-sml-layout":"","theme-transparent-header-meta":"default","adv-header-id-meta":"","stick-header-meta":"default","header-above-stick-meta":"","header-main-stick-meta":"","header-below-stick-meta":"","astra-migrate-meta-layouts":"default","ast-page-background-enabled":"default","ast-page-background-meta":{"desktop":{"background-color":"","background-image":"","background-repeat":"repeat","background-position":"center center","background-size":"auto","background-attachment":"scroll","background-type":"","background-media":"","overlay-type":"","overlay-color":"","overlay-opacity":"","overlay-gradient":""},"tablet":{"background-color":"","background-image":"","background-repeat":"repeat","background-position":"center center","background-size":"auto","background-attachment":"scroll","background-type":"","background-media":"","overlay-type":"","overlay-color":"","overlay-opacity":"","overlay-gradient":""},"mobile":{"background-color":"","background-image":"","background-repeat":"repeat","background-position":"center center","background-size":"auto","background-attachment":"scroll","background-type":"","background-media":"","overlay-type":"","overlay-color":"","overlay-opacity":"","overlay-gradient":""}},"ast-content-background-meta":{"desktop":{"background-color":"var(--ast-global-color-5)","background-image":"","background-repeat":"repeat","background-position":"center center","background-size":"auto","background-attachment":"scroll","background-type":"","background-media":"","overlay-type":"","overlay-color":"","overlay-opacity":"","overlay-gradient":""},"tablet":{"background-color":"var(--ast-global-color-5)","background-image":"","background-repeat":"repeat","background-position":"center center","background-size":"auto","background-attachment":"scroll","background-type":"","background-media":"","overlay-type":"","overlay-color":"","overlay-opacity":"","overlay-gradient":""},"mobile":{"background-color":"var(--ast-global-color-5)","background-image":"","background-repeat":"repeat","background-position":"center center","background-size":"auto","background-attachment":"scroll","background-type":"","background-media":"","overlay-type":"","overlay-color":"","overlay-opacity":"","overlay-gradient":""}}},"product_brand":[],"product_cat":[50],"product_tag":[],"class_list":{"0":"post-4534","1":"product","2":"type-product","3":"status-publish","4":"has-post-thumbnail","6":"product_cat-concrete-form-accessories","7":"desktop-align-left","8":"tablet-align-left","9":"mobile-align-left","10":"ast-product-gallery-layout-horizontal-slider","11":"ast-product-tabs-layout-horizontal","13":"first","14":"instock","15":"shipping-taxable","16":"purchasable","17":"product-type-simple"},"yoast_head":"<!-- This site is optimized with the Yoast SEO plugin v25.2 - https:\/\/yoast.com\/wordpress\/plugins\/seo\/ -->\n<title>Steel Studded T Post<\/title>\n<meta name=\"description\" content=\"The Steel Studded T Post is a commonly used agricultural and fencing product designed to provide sturdy support and stability for various applications.\" \/>\n<meta name=\"robots\" content=\"index, follow, max-snippet:-1, max-image-preview:large, max-video-preview:-1\" \/>\n<link rel=\"canonical\" href=\"https:\/\/qingdaohf.com\/fr\/produit\/poteau-en-t-en-acier-cloute\/\" \/>\n<meta property=\"og:locale\" content=\"fr_FR\" \/>\n<meta property=\"og:type\" content=\"article\" \/>\n<meta property=\"og:title\" content=\"Steel Studded T Post\" \/>\n<meta property=\"og:description\" content=\"The Steel Studded T Post is a commonly used agricultural and fencing product designed to provide sturdy support and stability for various applications.\" \/>\n<meta property=\"og:url\" content=\"https:\/\/qingdaohf.com\/fr\/produit\/poteau-en-t-en-acier-cloute\/\" \/>\n<meta property=\"og:site_name\" content=\"Concrete Form &amp; Rigging Hardware Supplier\" \/>\n<meta property=\"article:publisher\" content=\"https:\/\/www.facebook.com\/qingdaohf\" \/>\n<meta property=\"article:modified_time\" content=\"2025-11-13T01:04:03+00:00\" \/>\n<meta property=\"og:image\" content=\"https:\/\/qingdaohf.com\/wp-content\/uploads\/2023\/06\/Studded-T-Post-6.jpg\" \/>\n\t<meta property=\"og:image:width\" content=\"1000\" \/>\n\t<meta property=\"og:image:height\" content=\"1000\" \/>\n\t<meta property=\"og:image:type\" content=\"image\/jpeg\" \/>\n<meta name=\"twitter:card\" content=\"summary_large_image\" \/>\n<meta name=\"twitter:label1\" content=\"Dur\u00e9e de lecture estim\u00e9e\" \/>\n\t<meta name=\"twitter:data1\" content=\"3 minutes\" \/>\n<script type=\"application\/ld+json\" class=\"yoast-schema-graph\">{\"@context\":\"https:\/\/schema.org\",\"@graph\":[{\"@type\":\"WebPage\",\"@id\":\"https:\/\/qingdaohf.com\/product\/steel-studded-t-post\/\",\"url\":\"https:\/\/qingdaohf.com\/product\/steel-studded-t-post\/\",\"name\":\"Steel Studded T Post\",\"isPartOf\":{\"@id\":\"https:\/\/qingdaohf.com\/bg\/#website\"},\"primaryImageOfPage\":{\"@id\":\"https:\/\/qingdaohf.com\/product\/steel-studded-t-post\/#primaryimage\"},\"image\":{\"@id\":\"https:\/\/qingdaohf.com\/product\/steel-studded-t-post\/#primaryimage\"},\"thumbnailUrl\":\"https:\/\/qingdaohf.com\/wp-content\/uploads\/2023\/06\/Studded-T-Post-6.jpg\",\"datePublished\":\"2023-06-20T06:39:39+00:00\",\"dateModified\":\"2025-11-13T01:04:03+00:00\",\"description\":\"The Steel Studded T Post is a commonly used agricultural and fencing product designed to provide sturdy support and stability for various applications.\",\"breadcrumb\":{\"@id\":\"https:\/\/qingdaohf.com\/product\/steel-studded-t-post\/#breadcrumb\"},\"inLanguage\":\"fr-FR\",\"potentialAction\":[{\"@type\":\"ReadAction\",\"target\":[\"https:\/\/qingdaohf.com\/product\/steel-studded-t-post\/\"]}]},{\"@type\":\"ImageObject\",\"inLanguage\":\"fr-FR\",\"@id\":\"https:\/\/qingdaohf.com\/product\/steel-studded-t-post\/#primaryimage\",\"url\":\"https:\/\/qingdaohf.com\/wp-content\/uploads\/2023\/06\/Studded-T-Post-6.jpg\",\"contentUrl\":\"https:\/\/qingdaohf.com\/wp-content\/uploads\/2023\/06\/Studded-T-Post-6.jpg\",\"width\":1000,\"height\":1000,\"caption\":\"Studded T Post\"},{\"@type\":\"BreadcrumbList\",\"@id\":\"https:\/\/qingdaohf.com\/product\/steel-studded-t-post\/#breadcrumb\",\"itemListElement\":[{\"@type\":\"ListItem\",\"position\":1,\"name\":\"Home\",\"item\":\"https:\/\/qingdaohf.com\/\"},{\"@type\":\"ListItem\",\"position\":2,\"name\":\"Concrete Forming Accessories and Rigging Hardware\",\"item\":\"https:\/\/qingdaohf.com\/bg\/?page_id=944\"},{\"@type\":\"ListItem\",\"position\":3,\"name\":\"Steel Studded T Post\"}]},{\"@type\":\"WebSite\",\"@id\":\"https:\/\/qingdaohf.com\/bg\/#website\",\"url\":\"https:\/\/qingdaohf.com\/bg\/\",\"name\":\"Concrete Form & Rigging Hardware Supplier\",\"description\":\"\",\"publisher\":{\"@id\":\"https:\/\/qingdaohf.com\/bg\/#organization\"},\"potentialAction\":[{\"@type\":\"SearchAction\",\"target\":{\"@type\":\"EntryPoint\",\"urlTemplate\":\"https:\/\/qingdaohf.com\/bg\/?s={search_term_string}\"},\"query-input\":{\"@type\":\"PropertyValueSpecification\",\"valueRequired\":true,\"valueName\":\"search_term_string\"}}],\"inLanguage\":\"fr-FR\"},{\"@type\":\"Organization\",\"@id\":\"https:\/\/qingdaohf.com\/bg\/#organization\",\"name\":\"Qingdao H&F\",\"url\":\"https:\/\/qingdaohf.com\/bg\/\",\"logo\":{\"@type\":\"ImageObject\",\"inLanguage\":\"fr-FR\",\"@id\":\"https:\/\/qingdaohf.com\/bg\/#\/schema\/logo\/image\/\",\"url\":\"https:\/\/qingdaohf.com\/wp-content\/uploads\/2022\/12\/cropped-HF-LOGO.png\",\"contentUrl\":\"https:\/\/qingdaohf.com\/wp-content\/uploads\/2022\/12\/cropped-HF-LOGO.png\",\"width\":391,\"height\":249,\"caption\":\"Qingdao H&F\"},\"image\":{\"@id\":\"https:\/\/qingdaohf.com\/bg\/#\/schema\/logo\/image\/\"},\"sameAs\":[\"https:\/\/www.facebook.com\/qingdaohf\"]}]}<\/script>\n<!-- \/ Yoast SEO plugin. -->","yoast_head_json":{"title":"Steel Studded T Post","description":"The Steel Studded T Post is a commonly used agricultural and fencing product designed to provide sturdy support and stability for various applications.","robots":{"index":"index","follow":"follow","max-snippet":"max-snippet:-1","max-image-preview":"max-image-preview:large","max-video-preview":"max-video-preview:-1"},"canonical":"https:\/\/qingdaohf.com\/fr\/produit\/poteau-en-t-en-acier-cloute\/","og_locale":"fr_FR","og_type":"article","og_title":"Steel Studded T Post","og_description":"The Steel Studded T Post is a commonly used agricultural and fencing product designed to provide sturdy support and stability for various applications.","og_url":"https:\/\/qingdaohf.com\/fr\/produit\/poteau-en-t-en-acier-cloute\/","og_site_name":"Concrete Form &amp; Rigging Hardware Supplier","article_publisher":"https:\/\/www.facebook.com\/qingdaohf","article_modified_time":"2025-11-13T01:04:03+00:00","og_image":[{"width":1000,"height":1000,"url":"https:\/\/qingdaohf.com\/wp-content\/uploads\/2023\/06\/Studded-T-Post-6.jpg","type":"image\/jpeg"}],"twitter_card":"summary_large_image","twitter_misc":{"Dur\u00e9e de lecture estim\u00e9e":"3 minutes"},"schema":{"@context":"https:\/\/schema.org","@graph":[{"@type":"WebPage","@id":"https:\/\/qingdaohf.com\/product\/steel-studded-t-post\/","url":"https:\/\/qingdaohf.com\/product\/steel-studded-t-post\/","name":"Steel Studded T Post","isPartOf":{"@id":"https:\/\/qingdaohf.com\/bg\/#website"},"primaryImageOfPage":{"@id":"https:\/\/qingdaohf.com\/product\/steel-studded-t-post\/#primaryimage"},"image":{"@id":"https:\/\/qingdaohf.com\/product\/steel-studded-t-post\/#primaryimage"},"thumbnailUrl":"https:\/\/qingdaohf.com\/wp-content\/uploads\/2023\/06\/Studded-T-Post-6.jpg","datePublished":"2023-06-20T06:39:39+00:00","dateModified":"2025-11-13T01:04:03+00:00","description":"The Steel Studded T Post is a commonly used agricultural and fencing product designed to provide sturdy support and stability for various applications.","breadcrumb":{"@id":"https:\/\/qingdaohf.com\/product\/steel-studded-t-post\/#breadcrumb"},"inLanguage":"fr-FR","potentialAction":[{"@type":"ReadAction","target":["https:\/\/qingdaohf.com\/product\/steel-studded-t-post\/"]}]},{"@type":"ImageObject","inLanguage":"fr-FR","@id":"https:\/\/qingdaohf.com\/product\/steel-studded-t-post\/#primaryimage","url":"https:\/\/qingdaohf.com\/wp-content\/uploads\/2023\/06\/Studded-T-Post-6.jpg","contentUrl":"https:\/\/qingdaohf.com\/wp-content\/uploads\/2023\/06\/Studded-T-Post-6.jpg","width":1000,"height":1000,"caption":"Studded T Post"},{"@type":"BreadcrumbList","@id":"https:\/\/qingdaohf.com\/product\/steel-studded-t-post\/#breadcrumb","itemListElement":[{"@type":"ListItem","position":1,"name":"Home","item":"https:\/\/qingdaohf.com\/"},{"@type":"ListItem","position":2,"name":"Concrete Forming Accessories and Rigging Hardware","item":"https:\/\/qingdaohf.com\/bg\/?page_id=944"},{"@type":"ListItem","position":3,"name":"Steel Studded T Post"}]},{"@type":"WebSite","@id":"https:\/\/qingdaohf.com\/bg\/#website","url":"https:\/\/qingdaohf.com\/bg\/","name":"Concrete Form & Rigging Hardware Supplier","description":"","publisher":{"@id":"https:\/\/qingdaohf.com\/bg\/#organization"},"potentialAction":[{"@type":"SearchAction","target":{"@type":"EntryPoint","urlTemplate":"https:\/\/qingdaohf.com\/bg\/?s={search_term_string}"},"query-input":{"@type":"PropertyValueSpecification","valueRequired":true,"valueName":"search_term_string"}}],"inLanguage":"fr-FR"},{"@type":"Organization","@id":"https:\/\/qingdaohf.com\/bg\/#organization","name":"Qingdao H&F","url":"https:\/\/qingdaohf.com\/bg\/","logo":{"@type":"ImageObject","inLanguage":"fr-FR","@id":"https:\/\/qingdaohf.com\/bg\/#\/schema\/logo\/image\/","url":"https:\/\/qingdaohf.com\/wp-content\/uploads\/2022\/12\/cropped-HF-LOGO.png","contentUrl":"https:\/\/qingdaohf.com\/wp-content\/uploads\/2022\/12\/cropped-HF-LOGO.png","width":391,"height":249,"caption":"Qingdao H&F"},"image":{"@id":"https:\/\/qingdaohf.com\/bg\/#\/schema\/logo\/image\/"},"sameAs":["https:\/\/www.facebook.com\/qingdaohf"]}]}},"_links":{"self":[{"href":"https:\/\/qingdaohf.com\/fr\/wp-json\/wp\/v2\/product\/4534","targetHints":{"allow":["GET"]}}],"collection":[{"href":"https:\/\/qingdaohf.com\/fr\/wp-json\/wp\/v2\/product"}],"about":[{"href":"https:\/\/qingdaohf.com\/fr\/wp-json\/wp\/v2\/types\/product"}],"replies":[{"embeddable":true,"href":"https:\/\/qingdaohf.com\/fr\/wp-json\/wp\/v2\/comments?post=4534"}],"version-history":[{"count":2,"href":"https:\/\/qingdaohf.com\/fr\/wp-json\/wp\/v2\/product\/4534\/revisions"}],"predecessor-version":[{"id":10415,"href":"https:\/\/qingdaohf.com\/fr\/wp-json\/wp\/v2\/product\/4534\/revisions\/10415"}],"wp:featuredmedia":[{"embeddable":true,"href":"https:\/\/qingdaohf.com\/fr\/wp-json\/wp\/v2\/media\/4535"}],"wp:attachment":[{"href":"https:\/\/qingdaohf.com\/fr\/wp-json\/wp\/v2\/media?parent=4534"}],"wp:term":[{"taxonomy":"product_brand","embeddable":true,"href":"https:\/\/qingdaohf.com\/fr\/wp-json\/wp\/v2\/product_brand?post=4534"},{"taxonomy":"product_cat","embeddable":true,"href":"https:\/\/qingdaohf.com\/fr\/wp-json\/wp\/v2\/product_cat?post=4534"},{"taxonomy":"product_tag","embeddable":true,"href":"https:\/\/qingdaohf.com\/fr\/wp-json\/wp\/v2\/product_tag?post=4534"}],"curies":[{"name":"wp","href":"https:\/\/api.w.org\/{rel}","templated":true}]}}