{"id":5473,"date":"2023-10-23T14:14:46","date_gmt":"2023-10-23T06:14:46","guid":{"rendered":"http:\/\/qingdaohf.com\/?post_type=product&#038;p=5473"},"modified":"2025-11-13T09:04:02","modified_gmt":"2025-11-13T01:04:02","slug":"webbing-sling-oem","status":"publish","type":"product","link":"https:\/\/qingdaohf.com\/fr\/produit\/sangle-oem\/","title":{"rendered":"Harnais en sangle OEM"},"content":{"rendered":"<p><img fetchpriority=\"high\" decoding=\"async\" class=\"alignnone wp-image-5962 size-full\" src=\"http:\/\/qingdaohf.com\/wp-content\/uploads\/2023\/10\/HF-SLINGS-1-scaled.jpg\" alt=\"HF SLINGS \" width=\"1686\" height=\"1920\" srcset=\"https:\/\/qingdaohf.com\/wp-content\/uploads\/2023\/10\/HF-SLINGS-1-scaled.jpg 1686w, https:\/\/qingdaohf.com\/wp-content\/uploads\/2023\/10\/HF-SLINGS-1-264x300.jpg 264w, https:\/\/qingdaohf.com\/wp-content\/uploads\/2023\/10\/HF-SLINGS-1-899x1024.jpg 899w, https:\/\/qingdaohf.com\/wp-content\/uploads\/2023\/10\/HF-SLINGS-1-768x874.jpg 768w, https:\/\/qingdaohf.com\/wp-content\/uploads\/2023\/10\/HF-SLINGS-1-1349x1536.jpg 1349w, https:\/\/qingdaohf.com\/wp-content\/uploads\/2023\/10\/HF-SLINGS-1-1799x2048.jpg 1799w, https:\/\/qingdaohf.com\/wp-content\/uploads\/2023\/10\/HF-SLINGS-1-1000x1139.jpg 1000w\" sizes=\"(max-width: 1686px) 100vw, 1686px\" \/><\/p>\n<h3><strong>Assurance qualit\u00e9 :<\/strong><\/h3>\n<p>La qualit\u00e9 sup\u00e9rieure des \u00e9lingues en sangle est primordiale pour la s\u00e9curit\u00e9 et la fiabilit\u00e9 dans diverses applications.<\/p>\n<p>Solution : Mettre en \u0153uvre des processus rigoureux de contr\u00f4le de la qualit\u00e9, y compris des inspections de mat\u00e9riaux, des contr\u00f4les de production et des certifications par des tiers.<\/p>\n<h3><strong>Options de personnalisation :<\/strong><\/h3>\n<p>Enjeu : Des solutions sur mesure sont essentielles pour r\u00e9pondre aux exigences sp\u00e9cifiques des projets et aux normes industrielles.<\/p>\n<p>Solution : Offrir une large gamme d'options de personnalisation, y compris la taille, la longueur, la capacit\u00e9 de charge et le code couleur, pour r\u00e9pondre aux divers besoins des clients.<\/p>\n<h3><strong>Comp\u00e9titivit\u00e9 des co\u00fbts :<\/strong><\/h3>\n<p>Enjeu : Trouver le bon \u00e9quilibre entre la qualit\u00e9 et le co\u00fbt est crucial pour maintenir la comp\u00e9titivit\u00e9 sur le march\u00e9.<\/p>\n<p>Solution : Optimiser les processus de fabrication, n\u00e9gocier avec les fournisseurs et tirer parti des \u00e9conomies d'\u00e9chelle pour fournir des solutions OEM rentables en mati\u00e8re de sangles et d'\u00e9lingues.<\/p>\n<h3><strong>Livraison dans les d\u00e9lais :<\/strong><\/h3>\n<p>Probl\u00e9matique : Il est essentiel de respecter les d\u00e9lais des projets ; les retards de livraison peuvent perturber les op\u00e9rations et avoir une incidence sur la satisfaction des clients.<\/p>\n<p>Solution : Rationaliser les calendriers de production, maintenir des stocks importants et mettre en place une logistique efficace pour garantir une livraison dans les d\u00e9lais.<\/p>\n<h3><strong>Innovation et technologie :<\/strong><\/h3>\n<p>Enjeu : Il est essentiel de rester \u00e0 la pointe des avanc\u00e9es technologiques et des innovations industrielles pour fournir des solutions d'avant-garde.<\/p>\n<p>La solution : Investir dans la recherche et le d\u00e9veloppement, collaborer avec des experts de l'industrie et am\u00e9liorer en permanence les processus de fabrication afin d'int\u00e9grer les technologies les plus r\u00e9centes.<\/p>\n<h3><strong>Durabilit\u00e9 environnementale :<\/strong><\/h3>\n<p>Enjeu : L'importance croissante accord\u00e9e aux pratiques durables n\u00e9cessite un engagement en faveur de proc\u00e9d\u00e9s de fabrication et de mat\u00e9riaux respectueux de l'environnement.<\/p>\n<p>Solution : Adopter des pratiques d'approvisionnement, de fabrication et d'\u00e9limination respectueuses de l'environnement et obtenir les certifications n\u00e9cessaires pour d\u00e9montrer son engagement en faveur du d\u00e9veloppement durable.<\/p>\n<p>&nbsp;<\/p>\n<h2><strong>Comment notre soci\u00e9t\u00e9 r\u00e9pond aux besoins des OEM en mati\u00e8re d'\u00e9charpes en sangle :<\/strong><\/h2>\n<p>Notre soci\u00e9t\u00e9 propose des services OEM et ODM. Nous r\u00e9pondons \u00e0 tous vos besoins.<\/p>\n<h3><strong>Contr\u00f4le de qualit\u00e9 rigoureux :<\/strong><\/h3>\n<p>Notre entreprise adh\u00e8re \u00e0 des processus rigoureux de contr\u00f4le de la qualit\u00e9, en proc\u00e9dant \u00e0 des inspections approfondies des mat\u00e9riaux, \u00e0 des contr\u00f4les en cours de fabrication et en obtenant des certifications aupr\u00e8s d'organismes tiers reconnus.<\/p>\n<h3><strong>Personnalisation polyvalente :<\/strong><\/h3>\n<p>Nous offrons une gamme vari\u00e9e d'options de personnalisation, permettant aux clients de sp\u00e9cifier les dimensions, les capacit\u00e9s de charge et d'autres param\u00e8tres, ce qui garantit que nos \u00e9lingues en sangle s'alignent parfaitement sur leurs exigences uniques.<\/p>\n<h3><strong>Des solutions rentables :<\/strong><\/h3>\n<p>Gr\u00e2ce \u00e0 des n\u00e9gociations strat\u00e9giques avec les fournisseurs, \u00e0 l'optimisation des processus et \u00e0 l'exploitation des \u00e9conomies d'\u00e9chelle, nous fournissons syst\u00e9matiquement des solutions OEM comp\u00e9titives en mati\u00e8re de sangles, sans compromettre la qualit\u00e9.<\/p>\n<h3><strong>Livraison rapide et fiable :<\/strong><\/h3>\n<p>Nos programmes de production rationalis\u00e9s, notre gestion approfondie des stocks et notre logistique efficace garantissent que nos clients re\u00e7oivent leurs commandes de sangles en temps voulu, ce qui contribue \u00e0 la r\u00e9ussite de leurs projets.<\/p>\n<h3><strong>Engagement en faveur de l'innovation :<\/strong><\/h3>\n<p>Notre entreprise donne la priorit\u00e9 \u00e0 l'innovation en investissant dans la recherche et le d\u00e9veloppement, en collaborant avec des experts de l'industrie et en mettant r\u00e9guli\u00e8rement \u00e0 jour nos processus de fabrication afin d'int\u00e9grer les derni\u00e8res avanc\u00e9es technologiques.<\/p>\n<h3><strong>Responsabilit\u00e9 environnementale :<\/strong><\/h3>\n<p>Nous nous engageons \u00e0 respecter l'environnement en adoptant des pratiques d'approvisionnement respectueuses de l'environnement, en mettant en \u0153uvre des processus de fabrication \u00e9cologiques et en obtenant les certifications n\u00e9cessaires pour d\u00e9montrer notre engagement en faveur d'un avenir plus vert.<\/p>\n<h3><strong>Livraison dans les d\u00e9lais :<\/strong><\/h3>\n<p>Le site web mettra l'accent sur notre engagement \u00e0 respecter les d\u00e9lais de livraison gr\u00e2ce \u00e0 une planification efficace de la production, \u00e0 une gestion des stocks et \u00e0 un r\u00e9seau logistique fiable, en pr\u00e9sentant des exemples de projets qui ont r\u00e9ussi \u00e0 respecter des d\u00e9lais serr\u00e9s.<\/p>\n<h3><strong>Innovation et technologie :<\/strong><\/h3>\n<p>Le site web pr\u00e9sentera notre engagement en faveur de l'innovation, en d\u00e9taillant nos investissements dans la recherche et le d\u00e9veloppement, nos collaborations avec des experts de l'industrie et les mises \u00e0 jour r\u00e9guli\u00e8res de nos processus de fabrication afin d'int\u00e9grer les technologies les plus r\u00e9centes.<\/p>\n<h3><strong>Durabilit\u00e9 environnementale :<\/strong><\/h3>\n<p>Notre engagement en mati\u00e8re de responsabilit\u00e9 environnementale sera mis en \u00e9vidence sur le site web, d\u00e9taillant nos pratiques d'approvisionnement respectueuses de l'environnement, nos processus de fabrication \u00e9cologiques et les certifications obtenues pour d\u00e9montrer notre engagement en faveur du d\u00e9veloppement durable.<\/p>\n<p>En abordant ces questions essentielles et en pr\u00e9sentant nos solutions de mani\u00e8re transparente sur le site web, notre soci\u00e9t\u00e9 d\u00e9montrera efficacement sa capacit\u00e9 \u00e0 r\u00e9pondre aux besoins des acheteurs OEM de sangles.<\/p>","protected":false},"excerpt":{"rendered":"<p>Nos services OEM vous permettent de d\u00e9finir avec pr\u00e9cision la capacit\u00e9 de charge, la longueur, la largeur, le mat\u00e9riau, le code couleur et tout autre param\u00e8tre essentiel. Nous travaillons en \u00e9troite collaboration avec vous pour nous assurer que les \u00e9lingues en sangle que nous fournissons correspondent parfaitement \u00e0 l'application que vous souhaitez. Que vous ayez besoin d'une \u00e9lingue industrielle \u00e0 usage intensif ou d'une solution sp\u00e9cialis\u00e9e, nous pouvons personnaliser nos produits en cons\u00e9quence.<\/p>","protected":false},"featured_media":5232,"comment_status":"open","ping_status":"closed","template":"","meta":{"site-sidebar-layout":"default","site-content-layout":"","ast-site-content-layout":"default","site-content-style":"default","site-sidebar-style":"default","ast-global-header-display":"","ast-banner-title-visibility":"","ast-main-header-display":"","ast-hfb-above-header-display":"","ast-hfb-below-header-display":"","ast-hfb-mobile-header-display":"","site-post-title":"","ast-breadcrumbs-content":"","ast-featured-img":"","footer-sml-layout":"","theme-transparent-header-meta":"default","adv-header-id-meta":"","stick-header-meta":"default","header-above-stick-meta":"","header-main-stick-meta":"","header-below-stick-meta":"","astra-migrate-meta-layouts":"set","ast-page-background-enabled":"default","ast-page-background-meta":{"desktop":{"background-color":"","background-image":"","background-repeat":"repeat","background-position":"center center","background-size":"auto","background-attachment":"scroll","background-type":"","background-media":"","overlay-type":"","overlay-color":"","overlay-opacity":"","overlay-gradient":""},"tablet":{"background-color":"","background-image":"","background-repeat":"repeat","background-position":"center center","background-size":"auto","background-attachment":"scroll","background-type":"","background-media":"","overlay-type":"","overlay-color":"","overlay-opacity":"","overlay-gradient":""},"mobile":{"background-color":"","background-image":"","background-repeat":"repeat","background-position":"center center","background-size":"auto","background-attachment":"scroll","background-type":"","background-media":"","overlay-type":"","overlay-color":"","overlay-opacity":"","overlay-gradient":""}},"ast-content-background-meta":{"desktop":{"background-color":"var(--ast-global-color-5)","background-image":"","background-repeat":"repeat","background-position":"center center","background-size":"auto","background-attachment":"scroll","background-type":"","background-media":"","overlay-type":"","overlay-color":"","overlay-opacity":"","overlay-gradient":""},"tablet":{"background-color":"var(--ast-global-color-5)","background-image":"","background-repeat":"repeat","background-position":"center center","background-size":"auto","background-attachment":"scroll","background-type":"","background-media":"","overlay-type":"","overlay-color":"","overlay-opacity":"","overlay-gradient":""},"mobile":{"background-color":"var(--ast-global-color-5)","background-image":"","background-repeat":"repeat","background-position":"center center","background-size":"auto","background-attachment":"scroll","background-type":"","background-media":"","overlay-type":"","overlay-color":"","overlay-opacity":"","overlay-gradient":""}}},"product_brand":[],"product_cat":[51,39],"product_tag":[],"class_list":{"0":"post-5473","1":"product","2":"type-product","3":"status-publish","4":"has-post-thumbnail","6":"product_cat-riggging-hardware","7":"product_cat-webbing-sling","8":"desktop-align-left","9":"tablet-align-left","10":"mobile-align-left","11":"ast-product-gallery-layout-horizontal-slider","12":"ast-product-tabs-layout-horizontal","14":"first","15":"instock","16":"shipping-taxable","17":"purchasable","18":"product-type-simple"},"yoast_head":"<!-- This site is optimized with the Yoast SEO plugin v25.2 - https:\/\/yoast.com\/wordpress\/plugins\/seo\/ -->\n<title>Webbing Sling OEM<\/title>\n<meta name=\"description\" content=\"Our OEM services allow you to define the precise load capacity, length, width, material, color coding, and any other essential parameters.\" \/>\n<meta name=\"robots\" content=\"index, follow, max-snippet:-1, max-image-preview:large, max-video-preview:-1\" \/>\n<link rel=\"canonical\" href=\"https:\/\/qingdaohf.com\/fr\/produit\/sangle-oem\/\" \/>\n<meta property=\"og:locale\" content=\"fr_FR\" \/>\n<meta property=\"og:type\" content=\"article\" \/>\n<meta property=\"og:title\" content=\"Webbing Sling OEM\" \/>\n<meta property=\"og:description\" content=\"Our OEM services allow you to define the precise load capacity, length, width, material, color coding, and any other essential parameters.\" \/>\n<meta property=\"og:url\" content=\"https:\/\/qingdaohf.com\/fr\/produit\/sangle-oem\/\" \/>\n<meta property=\"og:site_name\" content=\"Concrete Form &amp; Rigging Hardware Supplier\" \/>\n<meta property=\"article:publisher\" content=\"https:\/\/www.facebook.com\/qingdaohf\" \/>\n<meta property=\"article:modified_time\" content=\"2025-11-13T01:04:02+00:00\" \/>\n<meta property=\"og:image\" content=\"https:\/\/qingdaohf.com\/wp-content\/uploads\/2023\/10\/sling.jpg\" \/>\n\t<meta property=\"og:image:width\" content=\"1019\" \/>\n\t<meta property=\"og:image:height\" content=\"563\" \/>\n\t<meta property=\"og:image:type\" content=\"image\/jpeg\" \/>\n<meta name=\"twitter:card\" content=\"summary_large_image\" \/>\n<meta name=\"twitter:label1\" content=\"Dur\u00e9e de lecture estim\u00e9e\" \/>\n\t<meta name=\"twitter:data1\" content=\"3 minutes\" \/>\n<script type=\"application\/ld+json\" class=\"yoast-schema-graph\">{\"@context\":\"https:\/\/schema.org\",\"@graph\":[{\"@type\":\"WebPage\",\"@id\":\"https:\/\/qingdaohf.com\/product\/webbing-sling-oem\/\",\"url\":\"https:\/\/qingdaohf.com\/product\/webbing-sling-oem\/\",\"name\":\"Webbing Sling OEM\",\"isPartOf\":{\"@id\":\"https:\/\/qingdaohf.com\/bg\/#website\"},\"primaryImageOfPage\":{\"@id\":\"https:\/\/qingdaohf.com\/product\/webbing-sling-oem\/#primaryimage\"},\"image\":{\"@id\":\"https:\/\/qingdaohf.com\/product\/webbing-sling-oem\/#primaryimage\"},\"thumbnailUrl\":\"https:\/\/qingdaohf.com\/wp-content\/uploads\/2023\/04\/webbling-sling-2-1.jpg\",\"datePublished\":\"2023-10-23T06:14:46+00:00\",\"dateModified\":\"2025-11-13T01:04:02+00:00\",\"description\":\"Our OEM services allow you to define the precise load capacity, length, width, material, color coding, and any other essential parameters.\",\"breadcrumb\":{\"@id\":\"https:\/\/qingdaohf.com\/product\/webbing-sling-oem\/#breadcrumb\"},\"inLanguage\":\"fr-FR\",\"potentialAction\":[{\"@type\":\"ReadAction\",\"target\":[\"https:\/\/qingdaohf.com\/product\/webbing-sling-oem\/\"]}]},{\"@type\":\"ImageObject\",\"inLanguage\":\"fr-FR\",\"@id\":\"https:\/\/qingdaohf.com\/product\/webbing-sling-oem\/#primaryimage\",\"url\":\"https:\/\/qingdaohf.com\/wp-content\/uploads\/2023\/04\/webbling-sling-2-1.jpg\",\"contentUrl\":\"https:\/\/qingdaohf.com\/wp-content\/uploads\/2023\/04\/webbling-sling-2-1.jpg\",\"width\":1000,\"height\":1000,\"caption\":\"webbling sling\"},{\"@type\":\"BreadcrumbList\",\"@id\":\"https:\/\/qingdaohf.com\/product\/webbing-sling-oem\/#breadcrumb\",\"itemListElement\":[{\"@type\":\"ListItem\",\"position\":1,\"name\":\"Home\",\"item\":\"https:\/\/qingdaohf.com\/\"},{\"@type\":\"ListItem\",\"position\":2,\"name\":\"Concrete Forming Accessories and Rigging Hardware\",\"item\":\"https:\/\/qingdaohf.com\/bg\/?page_id=944\"},{\"@type\":\"ListItem\",\"position\":3,\"name\":\"Webbing Sling OEM\"}]},{\"@type\":\"WebSite\",\"@id\":\"https:\/\/qingdaohf.com\/bg\/#website\",\"url\":\"https:\/\/qingdaohf.com\/bg\/\",\"name\":\"Concrete Form & Rigging Hardware Supplier\",\"description\":\"\",\"publisher\":{\"@id\":\"https:\/\/qingdaohf.com\/bg\/#organization\"},\"potentialAction\":[{\"@type\":\"SearchAction\",\"target\":{\"@type\":\"EntryPoint\",\"urlTemplate\":\"https:\/\/qingdaohf.com\/bg\/?s={search_term_string}\"},\"query-input\":{\"@type\":\"PropertyValueSpecification\",\"valueRequired\":true,\"valueName\":\"search_term_string\"}}],\"inLanguage\":\"fr-FR\"},{\"@type\":\"Organization\",\"@id\":\"https:\/\/qingdaohf.com\/bg\/#organization\",\"name\":\"Qingdao H&F\",\"url\":\"https:\/\/qingdaohf.com\/bg\/\",\"logo\":{\"@type\":\"ImageObject\",\"inLanguage\":\"fr-FR\",\"@id\":\"https:\/\/qingdaohf.com\/bg\/#\/schema\/logo\/image\/\",\"url\":\"https:\/\/qingdaohf.com\/wp-content\/uploads\/2022\/12\/cropped-HF-LOGO.png\",\"contentUrl\":\"https:\/\/qingdaohf.com\/wp-content\/uploads\/2022\/12\/cropped-HF-LOGO.png\",\"width\":391,\"height\":249,\"caption\":\"Qingdao H&F\"},\"image\":{\"@id\":\"https:\/\/qingdaohf.com\/bg\/#\/schema\/logo\/image\/\"},\"sameAs\":[\"https:\/\/www.facebook.com\/qingdaohf\"]}]}<\/script>\n<!-- \/ Yoast SEO plugin. -->","yoast_head_json":{"title":"Webbing Sling OEM","description":"Our OEM services allow you to define the precise load capacity, length, width, material, color coding, and any other essential parameters.","robots":{"index":"index","follow":"follow","max-snippet":"max-snippet:-1","max-image-preview":"max-image-preview:large","max-video-preview":"max-video-preview:-1"},"canonical":"https:\/\/qingdaohf.com\/fr\/produit\/sangle-oem\/","og_locale":"fr_FR","og_type":"article","og_title":"Webbing Sling OEM","og_description":"Our OEM services allow you to define the precise load capacity, length, width, material, color coding, and any other essential parameters.","og_url":"https:\/\/qingdaohf.com\/fr\/produit\/sangle-oem\/","og_site_name":"Concrete Form &amp; Rigging Hardware Supplier","article_publisher":"https:\/\/www.facebook.com\/qingdaohf","article_modified_time":"2025-11-13T01:04:02+00:00","og_image":[{"width":1019,"height":563,"url":"https:\/\/qingdaohf.com\/wp-content\/uploads\/2023\/10\/sling.jpg","type":"image\/jpeg"}],"twitter_card":"summary_large_image","twitter_misc":{"Dur\u00e9e de lecture estim\u00e9e":"3 minutes"},"schema":{"@context":"https:\/\/schema.org","@graph":[{"@type":"WebPage","@id":"https:\/\/qingdaohf.com\/product\/webbing-sling-oem\/","url":"https:\/\/qingdaohf.com\/product\/webbing-sling-oem\/","name":"Webbing Sling OEM","isPartOf":{"@id":"https:\/\/qingdaohf.com\/bg\/#website"},"primaryImageOfPage":{"@id":"https:\/\/qingdaohf.com\/product\/webbing-sling-oem\/#primaryimage"},"image":{"@id":"https:\/\/qingdaohf.com\/product\/webbing-sling-oem\/#primaryimage"},"thumbnailUrl":"https:\/\/qingdaohf.com\/wp-content\/uploads\/2023\/04\/webbling-sling-2-1.jpg","datePublished":"2023-10-23T06:14:46+00:00","dateModified":"2025-11-13T01:04:02+00:00","description":"Our OEM services allow you to define the precise load capacity, length, width, material, color coding, and any other essential parameters.","breadcrumb":{"@id":"https:\/\/qingdaohf.com\/product\/webbing-sling-oem\/#breadcrumb"},"inLanguage":"fr-FR","potentialAction":[{"@type":"ReadAction","target":["https:\/\/qingdaohf.com\/product\/webbing-sling-oem\/"]}]},{"@type":"ImageObject","inLanguage":"fr-FR","@id":"https:\/\/qingdaohf.com\/product\/webbing-sling-oem\/#primaryimage","url":"https:\/\/qingdaohf.com\/wp-content\/uploads\/2023\/04\/webbling-sling-2-1.jpg","contentUrl":"https:\/\/qingdaohf.com\/wp-content\/uploads\/2023\/04\/webbling-sling-2-1.jpg","width":1000,"height":1000,"caption":"webbling sling"},{"@type":"BreadcrumbList","@id":"https:\/\/qingdaohf.com\/product\/webbing-sling-oem\/#breadcrumb","itemListElement":[{"@type":"ListItem","position":1,"name":"Home","item":"https:\/\/qingdaohf.com\/"},{"@type":"ListItem","position":2,"name":"Concrete Forming Accessories and Rigging Hardware","item":"https:\/\/qingdaohf.com\/bg\/?page_id=944"},{"@type":"ListItem","position":3,"name":"Webbing Sling OEM"}]},{"@type":"WebSite","@id":"https:\/\/qingdaohf.com\/bg\/#website","url":"https:\/\/qingdaohf.com\/bg\/","name":"Concrete Form & Rigging Hardware Supplier","description":"","publisher":{"@id":"https:\/\/qingdaohf.com\/bg\/#organization"},"potentialAction":[{"@type":"SearchAction","target":{"@type":"EntryPoint","urlTemplate":"https:\/\/qingdaohf.com\/bg\/?s={search_term_string}"},"query-input":{"@type":"PropertyValueSpecification","valueRequired":true,"valueName":"search_term_string"}}],"inLanguage":"fr-FR"},{"@type":"Organization","@id":"https:\/\/qingdaohf.com\/bg\/#organization","name":"Qingdao H&F","url":"https:\/\/qingdaohf.com\/bg\/","logo":{"@type":"ImageObject","inLanguage":"fr-FR","@id":"https:\/\/qingdaohf.com\/bg\/#\/schema\/logo\/image\/","url":"https:\/\/qingdaohf.com\/wp-content\/uploads\/2022\/12\/cropped-HF-LOGO.png","contentUrl":"https:\/\/qingdaohf.com\/wp-content\/uploads\/2022\/12\/cropped-HF-LOGO.png","width":391,"height":249,"caption":"Qingdao H&F"},"image":{"@id":"https:\/\/qingdaohf.com\/bg\/#\/schema\/logo\/image\/"},"sameAs":["https:\/\/www.facebook.com\/qingdaohf"]}]}},"_links":{"self":[{"href":"https:\/\/qingdaohf.com\/fr\/wp-json\/wp\/v2\/product\/5473","targetHints":{"allow":["GET"]}}],"collection":[{"href":"https:\/\/qingdaohf.com\/fr\/wp-json\/wp\/v2\/product"}],"about":[{"href":"https:\/\/qingdaohf.com\/fr\/wp-json\/wp\/v2\/types\/product"}],"replies":[{"embeddable":true,"href":"https:\/\/qingdaohf.com\/fr\/wp-json\/wp\/v2\/comments?post=5473"}],"version-history":[{"count":8,"href":"https:\/\/qingdaohf.com\/fr\/wp-json\/wp\/v2\/product\/5473\/revisions"}],"predecessor-version":[{"id":6943,"href":"https:\/\/qingdaohf.com\/fr\/wp-json\/wp\/v2\/product\/5473\/revisions\/6943"}],"wp:featuredmedia":[{"embeddable":true,"href":"https:\/\/qingdaohf.com\/fr\/wp-json\/wp\/v2\/media\/5232"}],"wp:attachment":[{"href":"https:\/\/qingdaohf.com\/fr\/wp-json\/wp\/v2\/media?parent=5473"}],"wp:term":[{"taxonomy":"product_brand","embeddable":true,"href":"https:\/\/qingdaohf.com\/fr\/wp-json\/wp\/v2\/product_brand?post=5473"},{"taxonomy":"product_cat","embeddable":true,"href":"https:\/\/qingdaohf.com\/fr\/wp-json\/wp\/v2\/product_cat?post=5473"},{"taxonomy":"product_tag","embeddable":true,"href":"https:\/\/qingdaohf.com\/fr\/wp-json\/wp\/v2\/product_tag?post=5473"}],"curies":[{"name":"wp","href":"https:\/\/api.w.org\/{rel}","templated":true}]}}