{"id":5494,"date":"2023-10-25T14:53:19","date_gmt":"2023-10-25T06:53:19","guid":{"rendered":"http:\/\/qingdaohf.com\/?post_type=product&#038;p=5494"},"modified":"2025-11-13T09:04:02","modified_gmt":"2025-11-13T01:04:02","slug":"steel-cavity-cap","status":"publish","type":"product","link":"https:\/\/qingdaohf.com\/fr\/produit\/capuchon-de-cavite-en-acier\/","title":{"rendered":"Capuchon de cavit\u00e9 en acier"},"content":{"rendered":"<div class=\"romance\">\n<p><b><i>Description : <\/i><\/b>Le bouchon de cavit\u00e9 emp\u00eache l'infiltration de mortier dans les cellules de blocs de b\u00e9ton # 2 - 16\".<\/p>\n<p><b><i>Installation : <\/i><\/b>Lorsqu'il est plac\u00e9 sur le deuxi\u00e8me bloc en partant du haut, il emp\u00eachera le b\u00e9ton de s'\u00e9couler.<\/p>\n<p>tomber dans le mur CMU, ce qui permet d'utiliser moins de b\u00e9ton pour recouvrir le mur en dessous du tirant ou de la poutre de liaison.<\/p>\n<p><b><i>Caract\u00e9ristiques : <\/i><\/b><b>Chape de protection et de finition sup\u00e9rieure pour les coins et angles ext\u00e9rieurs. <\/b><\/p>\n<p>Le centre pr\u00e9form\u00e9 se verrouille fermement entre les cellules de blocs de b\u00e9ton.<\/p>\n<p>Emp\u00eache le b\u00e9ton de tomber dans le mur CMU<\/p>\n<p>N\u00e9cessite moins de b\u00e9ton pour former des murs en blocs de b\u00e9ton<\/p>\n<p><b><i>Mat\u00e9riau ; <\/i><\/b>Ce produit est fabriqu\u00e9 en t\u00f4le d'acier galvanis\u00e9 pour une meilleure protection contre la corrosion.<\/p>\n<p>afin qu'il dure pendant toute la dur\u00e9e de vie de la structure.<\/p>\n<p>Dimensionn\u00e9 pour les blocs de b\u00e9ton conventionnels 16\" CMU<\/p>\n<p>200 pi\u00e8ces par carton.<\/p>\n<p><img fetchpriority=\"high\" decoding=\"async\" class=\"alignnone size-full wp-image-6976\" src=\"http:\/\/qingdaohf.com\/wp-content\/uploads\/2023\/10\/cavity-cap.jpg\" alt=\"capuchon de cavit\u00e9\" width=\"699\" height=\"351\" srcset=\"https:\/\/qingdaohf.com\/wp-content\/uploads\/2023\/10\/cavity-cap.jpg 699w, https:\/\/qingdaohf.com\/wp-content\/uploads\/2023\/10\/cavity-cap-300x151.jpg 300w, https:\/\/qingdaohf.com\/wp-content\/uploads\/2023\/10\/cavity-cap-18x9.jpg 18w\" sizes=\"(max-width: 699px) 100vw, 699px\" \/><\/p>\n<\/div>\n<div class=\"specs\">\n<div class=\"ast-oembed-container\" style=\"height: 100%;\"><iframe title=\"Capuchon de cavit\u00e9 en acier galvanis\u00e9\" width=\"500\" height=\"281\" src=\"https:\/\/www.youtube.com\/embed\/1sgTrPaw-w4?feature=oembed\" frameborder=\"0\" allow=\"accelerometer; autoplay; clipboard-write; encrypted-media; gyroscope; picture-in-picture; web-share\" referrerpolicy=\"strict-origin-when-cross-origin\" allowfullscreen><\/iframe><\/div>\n<\/div>","protected":false},"excerpt":{"rendered":"<p>Capuchons de cavit\u00e9 pr\u00e9form\u00e9s en acier galvanis\u00e9 pour utilisation avec des blocs de b\u00e9ton.<\/p>\n<p>Le bouchon de cavit\u00e9 en acier est parfait pour couvrir les ouvertures dans les blocs de b\u00e9ton aux endroits expos\u00e9s. Le centre pr\u00e9form\u00e9 se bloque fermement entre les cellules des blocs de b\u00e9ton pour emp\u00eacher l'infiltration de mortier.<\/p>","protected":false},"featured_media":5495,"comment_status":"open","ping_status":"closed","template":"","meta":{"site-sidebar-layout":"default","site-content-layout":"","ast-site-content-layout":"default","site-content-style":"default","site-sidebar-style":"default","ast-global-header-display":"","ast-banner-title-visibility":"","ast-main-header-display":"","ast-hfb-above-header-display":"","ast-hfb-below-header-display":"","ast-hfb-mobile-header-display":"","site-post-title":"","ast-breadcrumbs-content":"","ast-featured-img":"","footer-sml-layout":"","theme-transparent-header-meta":"default","adv-header-id-meta":"","stick-header-meta":"default","header-above-stick-meta":"","header-main-stick-meta":"","header-below-stick-meta":"","astra-migrate-meta-layouts":"set","ast-page-background-enabled":"default","ast-page-background-meta":{"desktop":{"background-color":"","background-image":"","background-repeat":"repeat","background-position":"center center","background-size":"auto","background-attachment":"scroll","background-type":"","background-media":"","overlay-type":"","overlay-color":"","overlay-opacity":"","overlay-gradient":""},"tablet":{"background-color":"","background-image":"","background-repeat":"repeat","background-position":"center center","background-size":"auto","background-attachment":"scroll","background-type":"","background-media":"","overlay-type":"","overlay-color":"","overlay-opacity":"","overlay-gradient":""},"mobile":{"background-color":"","background-image":"","background-repeat":"repeat","background-position":"center center","background-size":"auto","background-attachment":"scroll","background-type":"","background-media":"","overlay-type":"","overlay-color":"","overlay-opacity":"","overlay-gradient":""}},"ast-content-background-meta":{"desktop":{"background-color":"var(--ast-global-color-5)","background-image":"","background-repeat":"repeat","background-position":"center center","background-size":"auto","background-attachment":"scroll","background-type":"","background-media":"","overlay-type":"","overlay-color":"","overlay-opacity":"","overlay-gradient":""},"tablet":{"background-color":"var(--ast-global-color-5)","background-image":"","background-repeat":"repeat","background-position":"center center","background-size":"auto","background-attachment":"scroll","background-type":"","background-media":"","overlay-type":"","overlay-color":"","overlay-opacity":"","overlay-gradient":""},"mobile":{"background-color":"var(--ast-global-color-5)","background-image":"","background-repeat":"repeat","background-position":"center center","background-size":"auto","background-attachment":"scroll","background-type":"","background-media":"","overlay-type":"","overlay-color":"","overlay-opacity":"","overlay-gradient":""}}},"product_brand":[],"product_cat":[50],"product_tag":[],"class_list":{"0":"post-5494","1":"product","2":"type-product","3":"status-publish","4":"has-post-thumbnail","6":"product_cat-concrete-form-accessories","7":"desktop-align-left","8":"tablet-align-left","9":"mobile-align-left","10":"ast-product-gallery-layout-horizontal-slider","11":"ast-product-tabs-layout-horizontal","13":"first","14":"instock","15":"shipping-taxable","16":"purchasable","17":"product-type-simple"},"yoast_head":"<!-- This site is optimized with the Yoast SEO plugin v25.2 - https:\/\/yoast.com\/wordpress\/plugins\/seo\/ -->\n<title>Steel Cavity Cap<\/title>\n<meta name=\"description\" content=\"Preformed galvanized steel cavity caps for use with concrete blocks.\" \/>\n<meta name=\"robots\" content=\"index, follow, max-snippet:-1, max-image-preview:large, max-video-preview:-1\" \/>\n<link rel=\"canonical\" href=\"https:\/\/qingdaohf.com\/fr\/produit\/capuchon-de-cavite-en-acier\/\" \/>\n<meta property=\"og:locale\" content=\"fr_FR\" \/>\n<meta property=\"og:type\" content=\"article\" \/>\n<meta property=\"og:title\" content=\"Steel Cavity Cap\" \/>\n<meta property=\"og:description\" content=\"Preformed galvanized steel cavity caps for use with concrete blocks.\" \/>\n<meta property=\"og:url\" content=\"https:\/\/qingdaohf.com\/fr\/produit\/capuchon-de-cavite-en-acier\/\" \/>\n<meta property=\"og:site_name\" content=\"Concrete Form &amp; Rigging Hardware Supplier\" \/>\n<meta property=\"article:publisher\" content=\"https:\/\/www.facebook.com\/qingdaohf\" \/>\n<meta property=\"article:modified_time\" content=\"2025-11-13T01:04:02+00:00\" \/>\n<meta property=\"og:image\" content=\"https:\/\/qingdaohf.com\/wp-content\/uploads\/2023\/10\/steel-Cavity-Cap-1-scaled.jpg\" \/>\n\t<meta property=\"og:image:width\" content=\"1920\" \/>\n\t<meta property=\"og:image:height\" content=\"1920\" \/>\n\t<meta property=\"og:image:type\" content=\"image\/jpeg\" \/>\n<meta name=\"twitter:card\" content=\"summary_large_image\" \/>\n<meta name=\"twitter:label1\" content=\"Dur\u00e9e de lecture estim\u00e9e\" \/>\n\t<meta name=\"twitter:data1\" content=\"1 minute\" \/>\n<script type=\"application\/ld+json\" class=\"yoast-schema-graph\">{\"@context\":\"https:\/\/schema.org\",\"@graph\":[{\"@type\":\"WebPage\",\"@id\":\"https:\/\/qingdaohf.com\/product\/steel-cavity-cap\/\",\"url\":\"https:\/\/qingdaohf.com\/product\/steel-cavity-cap\/\",\"name\":\"Steel Cavity Cap\",\"isPartOf\":{\"@id\":\"https:\/\/qingdaohf.com\/bg\/#website\"},\"primaryImageOfPage\":{\"@id\":\"https:\/\/qingdaohf.com\/product\/steel-cavity-cap\/#primaryimage\"},\"image\":{\"@id\":\"https:\/\/qingdaohf.com\/product\/steel-cavity-cap\/#primaryimage\"},\"thumbnailUrl\":\"https:\/\/qingdaohf.com\/wp-content\/uploads\/2023\/10\/steel-Cavity-Cap-1-scaled.jpg\",\"datePublished\":\"2023-10-25T06:53:19+00:00\",\"dateModified\":\"2025-11-13T01:04:02+00:00\",\"description\":\"Preformed galvanized steel cavity caps for use with concrete blocks.\",\"breadcrumb\":{\"@id\":\"https:\/\/qingdaohf.com\/product\/steel-cavity-cap\/#breadcrumb\"},\"inLanguage\":\"fr-FR\",\"potentialAction\":[{\"@type\":\"ReadAction\",\"target\":[\"https:\/\/qingdaohf.com\/product\/steel-cavity-cap\/\"]}]},{\"@type\":\"ImageObject\",\"inLanguage\":\"fr-FR\",\"@id\":\"https:\/\/qingdaohf.com\/product\/steel-cavity-cap\/#primaryimage\",\"url\":\"https:\/\/qingdaohf.com\/wp-content\/uploads\/2023\/10\/steel-Cavity-Cap-1-scaled.jpg\",\"contentUrl\":\"https:\/\/qingdaohf.com\/wp-content\/uploads\/2023\/10\/steel-Cavity-Cap-1-scaled.jpg\",\"width\":1920,\"height\":1920,\"caption\":\"steel Cavity Cap\"},{\"@type\":\"BreadcrumbList\",\"@id\":\"https:\/\/qingdaohf.com\/product\/steel-cavity-cap\/#breadcrumb\",\"itemListElement\":[{\"@type\":\"ListItem\",\"position\":1,\"name\":\"Home\",\"item\":\"https:\/\/qingdaohf.com\/\"},{\"@type\":\"ListItem\",\"position\":2,\"name\":\"Concrete Forming Accessories and Rigging Hardware\",\"item\":\"https:\/\/qingdaohf.com\/bg\/?page_id=944\"},{\"@type\":\"ListItem\",\"position\":3,\"name\":\"Steel Cavity Cap\"}]},{\"@type\":\"WebSite\",\"@id\":\"https:\/\/qingdaohf.com\/bg\/#website\",\"url\":\"https:\/\/qingdaohf.com\/bg\/\",\"name\":\"Concrete Form & Rigging Hardware Supplier\",\"description\":\"\",\"publisher\":{\"@id\":\"https:\/\/qingdaohf.com\/bg\/#organization\"},\"potentialAction\":[{\"@type\":\"SearchAction\",\"target\":{\"@type\":\"EntryPoint\",\"urlTemplate\":\"https:\/\/qingdaohf.com\/bg\/?s={search_term_string}\"},\"query-input\":{\"@type\":\"PropertyValueSpecification\",\"valueRequired\":true,\"valueName\":\"search_term_string\"}}],\"inLanguage\":\"fr-FR\"},{\"@type\":\"Organization\",\"@id\":\"https:\/\/qingdaohf.com\/bg\/#organization\",\"name\":\"Qingdao H&F\",\"url\":\"https:\/\/qingdaohf.com\/bg\/\",\"logo\":{\"@type\":\"ImageObject\",\"inLanguage\":\"fr-FR\",\"@id\":\"https:\/\/qingdaohf.com\/bg\/#\/schema\/logo\/image\/\",\"url\":\"https:\/\/qingdaohf.com\/wp-content\/uploads\/2022\/12\/cropped-HF-LOGO.png\",\"contentUrl\":\"https:\/\/qingdaohf.com\/wp-content\/uploads\/2022\/12\/cropped-HF-LOGO.png\",\"width\":391,\"height\":249,\"caption\":\"Qingdao H&F\"},\"image\":{\"@id\":\"https:\/\/qingdaohf.com\/bg\/#\/schema\/logo\/image\/\"},\"sameAs\":[\"https:\/\/www.facebook.com\/qingdaohf\"]}]}<\/script>\n<!-- \/ Yoast SEO plugin. -->","yoast_head_json":{"title":"Steel Cavity Cap","description":"Preformed galvanized steel cavity caps for use with concrete blocks.","robots":{"index":"index","follow":"follow","max-snippet":"max-snippet:-1","max-image-preview":"max-image-preview:large","max-video-preview":"max-video-preview:-1"},"canonical":"https:\/\/qingdaohf.com\/fr\/produit\/capuchon-de-cavite-en-acier\/","og_locale":"fr_FR","og_type":"article","og_title":"Steel Cavity Cap","og_description":"Preformed galvanized steel cavity caps for use with concrete blocks.","og_url":"https:\/\/qingdaohf.com\/fr\/produit\/capuchon-de-cavite-en-acier\/","og_site_name":"Concrete Form &amp; Rigging Hardware Supplier","article_publisher":"https:\/\/www.facebook.com\/qingdaohf","article_modified_time":"2025-11-13T01:04:02+00:00","og_image":[{"width":1920,"height":1920,"url":"https:\/\/qingdaohf.com\/wp-content\/uploads\/2023\/10\/steel-Cavity-Cap-1-scaled.jpg","type":"image\/jpeg"}],"twitter_card":"summary_large_image","twitter_misc":{"Dur\u00e9e de lecture estim\u00e9e":"1 minute"},"schema":{"@context":"https:\/\/schema.org","@graph":[{"@type":"WebPage","@id":"https:\/\/qingdaohf.com\/product\/steel-cavity-cap\/","url":"https:\/\/qingdaohf.com\/product\/steel-cavity-cap\/","name":"Steel Cavity Cap","isPartOf":{"@id":"https:\/\/qingdaohf.com\/bg\/#website"},"primaryImageOfPage":{"@id":"https:\/\/qingdaohf.com\/product\/steel-cavity-cap\/#primaryimage"},"image":{"@id":"https:\/\/qingdaohf.com\/product\/steel-cavity-cap\/#primaryimage"},"thumbnailUrl":"https:\/\/qingdaohf.com\/wp-content\/uploads\/2023\/10\/steel-Cavity-Cap-1-scaled.jpg","datePublished":"2023-10-25T06:53:19+00:00","dateModified":"2025-11-13T01:04:02+00:00","description":"Preformed galvanized steel cavity caps for use with concrete blocks.","breadcrumb":{"@id":"https:\/\/qingdaohf.com\/product\/steel-cavity-cap\/#breadcrumb"},"inLanguage":"fr-FR","potentialAction":[{"@type":"ReadAction","target":["https:\/\/qingdaohf.com\/product\/steel-cavity-cap\/"]}]},{"@type":"ImageObject","inLanguage":"fr-FR","@id":"https:\/\/qingdaohf.com\/product\/steel-cavity-cap\/#primaryimage","url":"https:\/\/qingdaohf.com\/wp-content\/uploads\/2023\/10\/steel-Cavity-Cap-1-scaled.jpg","contentUrl":"https:\/\/qingdaohf.com\/wp-content\/uploads\/2023\/10\/steel-Cavity-Cap-1-scaled.jpg","width":1920,"height":1920,"caption":"steel Cavity Cap"},{"@type":"BreadcrumbList","@id":"https:\/\/qingdaohf.com\/product\/steel-cavity-cap\/#breadcrumb","itemListElement":[{"@type":"ListItem","position":1,"name":"Home","item":"https:\/\/qingdaohf.com\/"},{"@type":"ListItem","position":2,"name":"Concrete Forming Accessories and Rigging Hardware","item":"https:\/\/qingdaohf.com\/bg\/?page_id=944"},{"@type":"ListItem","position":3,"name":"Steel Cavity Cap"}]},{"@type":"WebSite","@id":"https:\/\/qingdaohf.com\/bg\/#website","url":"https:\/\/qingdaohf.com\/bg\/","name":"Concrete Form & Rigging Hardware Supplier","description":"","publisher":{"@id":"https:\/\/qingdaohf.com\/bg\/#organization"},"potentialAction":[{"@type":"SearchAction","target":{"@type":"EntryPoint","urlTemplate":"https:\/\/qingdaohf.com\/bg\/?s={search_term_string}"},"query-input":{"@type":"PropertyValueSpecification","valueRequired":true,"valueName":"search_term_string"}}],"inLanguage":"fr-FR"},{"@type":"Organization","@id":"https:\/\/qingdaohf.com\/bg\/#organization","name":"Qingdao H&F","url":"https:\/\/qingdaohf.com\/bg\/","logo":{"@type":"ImageObject","inLanguage":"fr-FR","@id":"https:\/\/qingdaohf.com\/bg\/#\/schema\/logo\/image\/","url":"https:\/\/qingdaohf.com\/wp-content\/uploads\/2022\/12\/cropped-HF-LOGO.png","contentUrl":"https:\/\/qingdaohf.com\/wp-content\/uploads\/2022\/12\/cropped-HF-LOGO.png","width":391,"height":249,"caption":"Qingdao H&F"},"image":{"@id":"https:\/\/qingdaohf.com\/bg\/#\/schema\/logo\/image\/"},"sameAs":["https:\/\/www.facebook.com\/qingdaohf"]}]}},"_links":{"self":[{"href":"https:\/\/qingdaohf.com\/fr\/wp-json\/wp\/v2\/product\/5494","targetHints":{"allow":["GET"]}}],"collection":[{"href":"https:\/\/qingdaohf.com\/fr\/wp-json\/wp\/v2\/product"}],"about":[{"href":"https:\/\/qingdaohf.com\/fr\/wp-json\/wp\/v2\/types\/product"}],"replies":[{"embeddable":true,"href":"https:\/\/qingdaohf.com\/fr\/wp-json\/wp\/v2\/comments?post=5494"}],"version-history":[{"count":5,"href":"https:\/\/qingdaohf.com\/fr\/wp-json\/wp\/v2\/product\/5494\/revisions"}],"predecessor-version":[{"id":6977,"href":"https:\/\/qingdaohf.com\/fr\/wp-json\/wp\/v2\/product\/5494\/revisions\/6977"}],"wp:featuredmedia":[{"embeddable":true,"href":"https:\/\/qingdaohf.com\/fr\/wp-json\/wp\/v2\/media\/5495"}],"wp:attachment":[{"href":"https:\/\/qingdaohf.com\/fr\/wp-json\/wp\/v2\/media?parent=5494"}],"wp:term":[{"taxonomy":"product_brand","embeddable":true,"href":"https:\/\/qingdaohf.com\/fr\/wp-json\/wp\/v2\/product_brand?post=5494"},{"taxonomy":"product_cat","embeddable":true,"href":"https:\/\/qingdaohf.com\/fr\/wp-json\/wp\/v2\/product_cat?post=5494"},{"taxonomy":"product_tag","embeddable":true,"href":"https:\/\/qingdaohf.com\/fr\/wp-json\/wp\/v2\/product_tag?post=5494"}],"curies":[{"name":"wp","href":"https:\/\/api.w.org\/{rel}","templated":true}]}}