{"id":5774,"date":"2023-11-22T11:51:53","date_gmt":"2023-11-22T03:51:53","guid":{"rendered":"http:\/\/qingdaohf.com\/?post_type=product&#038;p=5774"},"modified":"2025-11-13T09:04:01","modified_gmt":"2025-11-13T01:04:01","slug":"galvanized-stainless-steel-wire-rope-tube-thimble","status":"publish","type":"product","link":"https:\/\/qingdaohf.com\/fr\/produit\/cosses-pour-tubes-en-acier-inoxydable-galvanise\/","title":{"rendered":"Cosses pour tubes de c\u00e2bles m\u00e9talliques"},"content":{"rendered":"<div class=\"ast-oembed-container\" style=\"height: 100%;\"><iframe title=\"Tube Wire Rope Clip\" width=\"500\" height=\"281\" src=\"https:\/\/www.youtube.com\/embed\/iYLBIl6iZIc?feature=oembed\" frameborder=\"0\" allow=\"accelerometer; autoplay; clipboard-write; encrypted-media; gyroscope; picture-in-picture; web-share\" referrerpolicy=\"strict-origin-when-cross-origin\" allowfullscreen><\/iframe><\/div>\n<h3>Excellence des mat\u00e9riaux :<\/h3>\n<p>Nos cosses pour c\u00e2bles m\u00e9talliques sont m\u00e9ticuleusement fabriqu\u00e9es \u00e0 partir de mat\u00e9riaux de haute qualit\u00e9, principalement de l'acier inoxydable et de l'acier galvanis\u00e9. Pourquoi ? Parce que nous nous engageons \u00e0 vous fournir des composants qui r\u00e9sistent \u00e0 la corrosion et aux rigueurs de vos op\u00e9rations.<\/p>\n<h3>Excellence en mati\u00e8re d'ing\u00e9nierie :<\/h3>\n<p>Con\u00e7ues sous une forme tubulaire, nos cosses sont plus que de simples accessoires. Ce sont des renforts strat\u00e9giques, positionn\u00e9s strat\u00e9giquement pour att\u00e9nuer l'usure, en particulier aux points critiques o\u00f9 votre c\u00e2ble m\u00e9tallique interagit avec d'autres surfaces ou se d\u00e9place dans des espaces restreints.<\/p>\n<h3>Soutien structurel :<\/h3>\n<p>Il est essentiel de maintenir l'int\u00e9grit\u00e9 de votre c\u00e2ble d'acier, et nos d\u00e9s \u00e0 coudre excellent dans ce domaine. Elles maintiennent l'int\u00e9grit\u00e9 structurelle de l'\u0153il ou de la boucle du c\u00e2ble, garantissant ainsi une op\u00e9ration en douceur et sans pli \u00e0 chaque fois.<\/p>\n<h3>Ma\u00eetrise de la r\u00e9partition des charges :<\/h3>\n<p>Dans les applications lourdes, une r\u00e9partition uniforme de la charge est primordiale. Nos cosses sont \u00e0 la hauteur de la t\u00e2che en r\u00e9partissant efficacement la charge sur toute la longueur du c\u00e2ble m\u00e9tallique, \u00e9vitant ainsi les concentrations de contraintes excessives.<\/p>\n<h3>Int\u00e9gration transparente :<\/h3>\n<p>L'installation est un jeu d'enfant. Il suffit d'ins\u00e9rer la cosse dans la boucle du c\u00e2ble d'acier et de la fixer \u00e0 l'aide des m\u00e9thodes standard de l'industrie, que ce soit par pression, par sertissage ou par des clips de c\u00e2ble d'acier fiables.<\/p>\n<h3>Applications polyvalentes :<\/h3>\n<p>Les cosses jouent un r\u00f4le essentiel dans diverses industries, des op\u00e9rations maritimes \u00e0 la construction et au gr\u00e9ement. Partout o\u00f9 vos c\u00e2bles m\u00e9talliques sont mis \u00e0 l'\u00e9preuve, nos cosses veillent \u00e0 ce qu'ils rel\u00e8vent le d\u00e9fi.<\/p>","protected":false},"excerpt":{"rendered":"<p>Fabriqu\u00e9s en acier inoxydable et en acier galvanis\u00e9 de haute qualit\u00e9, nos cosses sont con\u00e7ues pour r\u00e9sister aux conditions les plus difficiles, offrant une r\u00e9sistance sup\u00e9rieure \u00e0 la corrosion. Id\u00e9ales pour un large \u00e9ventail d'industries, de la marine \u00e0 la construction, nos cosses excellent dans la pr\u00e9vention de l'usure aux points de contact critiques, assurant un fonctionnement sans faille de vos c\u00e2bles m\u00e9talliques. D\u00e9couvrez la qualit\u00e9 et la fiabilit\u00e9 in\u00e9gal\u00e9es de nos accessoires pour c\u00e2bles m\u00e9talliques.<\/p>","protected":false},"featured_media":5783,"comment_status":"open","ping_status":"closed","template":"","meta":{"site-sidebar-layout":"default","site-content-layout":"","ast-site-content-layout":"default","site-content-style":"default","site-sidebar-style":"default","ast-global-header-display":"","ast-banner-title-visibility":"","ast-main-header-display":"","ast-hfb-above-header-display":"","ast-hfb-below-header-display":"","ast-hfb-mobile-header-display":"","site-post-title":"","ast-breadcrumbs-content":"","ast-featured-img":"","footer-sml-layout":"","theme-transparent-header-meta":"default","adv-header-id-meta":"","stick-header-meta":"default","header-above-stick-meta":"","header-main-stick-meta":"","header-below-stick-meta":"","astra-migrate-meta-layouts":"set","ast-page-background-enabled":"default","ast-page-background-meta":{"desktop":{"background-color":"","background-image":"","background-repeat":"repeat","background-position":"center center","background-size":"auto","background-attachment":"scroll","background-type":"","background-media":"","overlay-type":"","overlay-color":"","overlay-opacity":"","overlay-gradient":""},"tablet":{"background-color":"","background-image":"","background-repeat":"repeat","background-position":"center center","background-size":"auto","background-attachment":"scroll","background-type":"","background-media":"","overlay-type":"","overlay-color":"","overlay-opacity":"","overlay-gradient":""},"mobile":{"background-color":"","background-image":"","background-repeat":"repeat","background-position":"center center","background-size":"auto","background-attachment":"scroll","background-type":"","background-media":"","overlay-type":"","overlay-color":"","overlay-opacity":"","overlay-gradient":""}},"ast-content-background-meta":{"desktop":{"background-color":"var(--ast-global-color-5)","background-image":"","background-repeat":"repeat","background-position":"center center","background-size":"auto","background-attachment":"scroll","background-type":"","background-media":"","overlay-type":"","overlay-color":"","overlay-opacity":"","overlay-gradient":""},"tablet":{"background-color":"var(--ast-global-color-5)","background-image":"","background-repeat":"repeat","background-position":"center center","background-size":"auto","background-attachment":"scroll","background-type":"","background-media":"","overlay-type":"","overlay-color":"","overlay-opacity":"","overlay-gradient":""},"mobile":{"background-color":"var(--ast-global-color-5)","background-image":"","background-repeat":"repeat","background-position":"center center","background-size":"auto","background-attachment":"scroll","background-type":"","background-media":"","overlay-type":"","overlay-color":"","overlay-opacity":"","overlay-gradient":""}}},"product_brand":[],"product_cat":[37],"product_tag":[],"class_list":{"0":"post-5774","1":"product","2":"type-product","3":"status-publish","4":"has-post-thumbnail","6":"product_cat-wire-rope","7":"desktop-align-left","8":"tablet-align-left","9":"mobile-align-left","10":"ast-product-gallery-layout-horizontal-slider","11":"ast-product-tabs-layout-horizontal","13":"first","14":"instock","15":"shipping-taxable","16":"purchasable","17":"product-type-simple"},"yoast_head":"<!-- This site is optimized with the Yoast SEO plugin v25.2 - https:\/\/yoast.com\/wordpress\/plugins\/seo\/ -->\n<title>Wire Rope Tube Thimble<\/title>\n<meta name=\"description\" content=\"Crafted from high-grade stainless steel and galvanized steel, our thimbles are designed to withstand the toughest conditions, providing superior corrosion resistance.\" \/>\n<meta name=\"robots\" content=\"index, follow, max-snippet:-1, max-image-preview:large, max-video-preview:-1\" \/>\n<link rel=\"canonical\" href=\"https:\/\/qingdaohf.com\/fr\/produit\/cosses-pour-tubes-en-acier-inoxydable-galvanise\/\" \/>\n<meta property=\"og:locale\" content=\"fr_FR\" \/>\n<meta property=\"og:type\" content=\"article\" \/>\n<meta property=\"og:title\" content=\"Wire Rope Tube Thimble\" \/>\n<meta property=\"og:description\" content=\"Crafted from high-grade stainless steel and galvanized steel, our thimbles are designed to withstand the toughest conditions, providing superior corrosion resistance.\" \/>\n<meta property=\"og:url\" content=\"https:\/\/qingdaohf.com\/fr\/produit\/cosses-pour-tubes-en-acier-inoxydable-galvanise\/\" \/>\n<meta property=\"og:site_name\" content=\"Concrete Form &amp; Rigging Hardware Supplier\" \/>\n<meta property=\"article:publisher\" content=\"https:\/\/www.facebook.com\/qingdaohf\" \/>\n<meta property=\"article:modified_time\" content=\"2025-11-13T01:04:01+00:00\" \/>\n<meta property=\"og:image\" content=\"https:\/\/qingdaohf.com\/wp-content\/uploads\/2023\/11\/tube-thimble-4.jpg\" \/>\n\t<meta property=\"og:image:width\" content=\"800\" \/>\n\t<meta property=\"og:image:height\" content=\"800\" \/>\n\t<meta property=\"og:image:type\" content=\"image\/jpeg\" \/>\n<meta name=\"twitter:card\" content=\"summary_large_image\" \/>\n<meta name=\"twitter:label1\" content=\"Dur\u00e9e de lecture estim\u00e9e\" \/>\n\t<meta name=\"twitter:data1\" content=\"2 minutes\" \/>\n<script type=\"application\/ld+json\" class=\"yoast-schema-graph\">{\"@context\":\"https:\/\/schema.org\",\"@graph\":[{\"@type\":\"WebPage\",\"@id\":\"https:\/\/qingdaohf.com\/product\/galvanized-stainless-steel-wire-rope-tube-thimble\/\",\"url\":\"https:\/\/qingdaohf.com\/product\/galvanized-stainless-steel-wire-rope-tube-thimble\/\",\"name\":\"Wire Rope Tube Thimble\",\"isPartOf\":{\"@id\":\"https:\/\/qingdaohf.com\/bg\/#website\"},\"primaryImageOfPage\":{\"@id\":\"https:\/\/qingdaohf.com\/product\/galvanized-stainless-steel-wire-rope-tube-thimble\/#primaryimage\"},\"image\":{\"@id\":\"https:\/\/qingdaohf.com\/product\/galvanized-stainless-steel-wire-rope-tube-thimble\/#primaryimage\"},\"thumbnailUrl\":\"https:\/\/qingdaohf.com\/wp-content\/uploads\/2023\/11\/tube-thimble-4.jpg\",\"datePublished\":\"2023-11-22T03:51:53+00:00\",\"dateModified\":\"2025-11-13T01:04:01+00:00\",\"description\":\"Crafted from high-grade stainless steel and galvanized steel, our thimbles are designed to withstand the toughest conditions, providing superior corrosion resistance.\",\"breadcrumb\":{\"@id\":\"https:\/\/qingdaohf.com\/product\/galvanized-stainless-steel-wire-rope-tube-thimble\/#breadcrumb\"},\"inLanguage\":\"fr-FR\",\"potentialAction\":[{\"@type\":\"ReadAction\",\"target\":[\"https:\/\/qingdaohf.com\/product\/galvanized-stainless-steel-wire-rope-tube-thimble\/\"]}]},{\"@type\":\"ImageObject\",\"inLanguage\":\"fr-FR\",\"@id\":\"https:\/\/qingdaohf.com\/product\/galvanized-stainless-steel-wire-rope-tube-thimble\/#primaryimage\",\"url\":\"https:\/\/qingdaohf.com\/wp-content\/uploads\/2023\/11\/tube-thimble-4.jpg\",\"contentUrl\":\"https:\/\/qingdaohf.com\/wp-content\/uploads\/2023\/11\/tube-thimble-4.jpg\",\"width\":800,\"height\":800,\"caption\":\"tube thimble\"},{\"@type\":\"BreadcrumbList\",\"@id\":\"https:\/\/qingdaohf.com\/product\/galvanized-stainless-steel-wire-rope-tube-thimble\/#breadcrumb\",\"itemListElement\":[{\"@type\":\"ListItem\",\"position\":1,\"name\":\"Home\",\"item\":\"https:\/\/qingdaohf.com\/\"},{\"@type\":\"ListItem\",\"position\":2,\"name\":\"Concrete Forming Accessories and Rigging Hardware\",\"item\":\"https:\/\/qingdaohf.com\/bg\/?page_id=944\"},{\"@type\":\"ListItem\",\"position\":3,\"name\":\"Wire Rope Tube Thimble\"}]},{\"@type\":\"WebSite\",\"@id\":\"https:\/\/qingdaohf.com\/bg\/#website\",\"url\":\"https:\/\/qingdaohf.com\/bg\/\",\"name\":\"Concrete Form & Rigging Hardware Supplier\",\"description\":\"\",\"publisher\":{\"@id\":\"https:\/\/qingdaohf.com\/bg\/#organization\"},\"potentialAction\":[{\"@type\":\"SearchAction\",\"target\":{\"@type\":\"EntryPoint\",\"urlTemplate\":\"https:\/\/qingdaohf.com\/bg\/?s={search_term_string}\"},\"query-input\":{\"@type\":\"PropertyValueSpecification\",\"valueRequired\":true,\"valueName\":\"search_term_string\"}}],\"inLanguage\":\"fr-FR\"},{\"@type\":\"Organization\",\"@id\":\"https:\/\/qingdaohf.com\/bg\/#organization\",\"name\":\"Qingdao H&F\",\"url\":\"https:\/\/qingdaohf.com\/bg\/\",\"logo\":{\"@type\":\"ImageObject\",\"inLanguage\":\"fr-FR\",\"@id\":\"https:\/\/qingdaohf.com\/bg\/#\/schema\/logo\/image\/\",\"url\":\"https:\/\/qingdaohf.com\/wp-content\/uploads\/2022\/12\/cropped-HF-LOGO.png\",\"contentUrl\":\"https:\/\/qingdaohf.com\/wp-content\/uploads\/2022\/12\/cropped-HF-LOGO.png\",\"width\":391,\"height\":249,\"caption\":\"Qingdao H&F\"},\"image\":{\"@id\":\"https:\/\/qingdaohf.com\/bg\/#\/schema\/logo\/image\/\"},\"sameAs\":[\"https:\/\/www.facebook.com\/qingdaohf\"]}]}<\/script>\n<!-- \/ Yoast SEO plugin. -->","yoast_head_json":{"title":"Wire Rope Tube Thimble","description":"Crafted from high-grade stainless steel and galvanized steel, our thimbles are designed to withstand the toughest conditions, providing superior corrosion resistance.","robots":{"index":"index","follow":"follow","max-snippet":"max-snippet:-1","max-image-preview":"max-image-preview:large","max-video-preview":"max-video-preview:-1"},"canonical":"https:\/\/qingdaohf.com\/fr\/produit\/cosses-pour-tubes-en-acier-inoxydable-galvanise\/","og_locale":"fr_FR","og_type":"article","og_title":"Wire Rope Tube Thimble","og_description":"Crafted from high-grade stainless steel and galvanized steel, our thimbles are designed to withstand the toughest conditions, providing superior corrosion resistance.","og_url":"https:\/\/qingdaohf.com\/fr\/produit\/cosses-pour-tubes-en-acier-inoxydable-galvanise\/","og_site_name":"Concrete Form &amp; Rigging Hardware Supplier","article_publisher":"https:\/\/www.facebook.com\/qingdaohf","article_modified_time":"2025-11-13T01:04:01+00:00","og_image":[{"width":800,"height":800,"url":"https:\/\/qingdaohf.com\/wp-content\/uploads\/2023\/11\/tube-thimble-4.jpg","type":"image\/jpeg"}],"twitter_card":"summary_large_image","twitter_misc":{"Dur\u00e9e de lecture estim\u00e9e":"2 minutes"},"schema":{"@context":"https:\/\/schema.org","@graph":[{"@type":"WebPage","@id":"https:\/\/qingdaohf.com\/product\/galvanized-stainless-steel-wire-rope-tube-thimble\/","url":"https:\/\/qingdaohf.com\/product\/galvanized-stainless-steel-wire-rope-tube-thimble\/","name":"Wire Rope Tube Thimble","isPartOf":{"@id":"https:\/\/qingdaohf.com\/bg\/#website"},"primaryImageOfPage":{"@id":"https:\/\/qingdaohf.com\/product\/galvanized-stainless-steel-wire-rope-tube-thimble\/#primaryimage"},"image":{"@id":"https:\/\/qingdaohf.com\/product\/galvanized-stainless-steel-wire-rope-tube-thimble\/#primaryimage"},"thumbnailUrl":"https:\/\/qingdaohf.com\/wp-content\/uploads\/2023\/11\/tube-thimble-4.jpg","datePublished":"2023-11-22T03:51:53+00:00","dateModified":"2025-11-13T01:04:01+00:00","description":"Crafted from high-grade stainless steel and galvanized steel, our thimbles are designed to withstand the toughest conditions, providing superior corrosion resistance.","breadcrumb":{"@id":"https:\/\/qingdaohf.com\/product\/galvanized-stainless-steel-wire-rope-tube-thimble\/#breadcrumb"},"inLanguage":"fr-FR","potentialAction":[{"@type":"ReadAction","target":["https:\/\/qingdaohf.com\/product\/galvanized-stainless-steel-wire-rope-tube-thimble\/"]}]},{"@type":"ImageObject","inLanguage":"fr-FR","@id":"https:\/\/qingdaohf.com\/product\/galvanized-stainless-steel-wire-rope-tube-thimble\/#primaryimage","url":"https:\/\/qingdaohf.com\/wp-content\/uploads\/2023\/11\/tube-thimble-4.jpg","contentUrl":"https:\/\/qingdaohf.com\/wp-content\/uploads\/2023\/11\/tube-thimble-4.jpg","width":800,"height":800,"caption":"tube thimble"},{"@type":"BreadcrumbList","@id":"https:\/\/qingdaohf.com\/product\/galvanized-stainless-steel-wire-rope-tube-thimble\/#breadcrumb","itemListElement":[{"@type":"ListItem","position":1,"name":"Home","item":"https:\/\/qingdaohf.com\/"},{"@type":"ListItem","position":2,"name":"Concrete Forming Accessories and Rigging Hardware","item":"https:\/\/qingdaohf.com\/bg\/?page_id=944"},{"@type":"ListItem","position":3,"name":"Wire Rope Tube Thimble"}]},{"@type":"WebSite","@id":"https:\/\/qingdaohf.com\/bg\/#website","url":"https:\/\/qingdaohf.com\/bg\/","name":"Concrete Form & Rigging Hardware Supplier","description":"","publisher":{"@id":"https:\/\/qingdaohf.com\/bg\/#organization"},"potentialAction":[{"@type":"SearchAction","target":{"@type":"EntryPoint","urlTemplate":"https:\/\/qingdaohf.com\/bg\/?s={search_term_string}"},"query-input":{"@type":"PropertyValueSpecification","valueRequired":true,"valueName":"search_term_string"}}],"inLanguage":"fr-FR"},{"@type":"Organization","@id":"https:\/\/qingdaohf.com\/bg\/#organization","name":"Qingdao H&F","url":"https:\/\/qingdaohf.com\/bg\/","logo":{"@type":"ImageObject","inLanguage":"fr-FR","@id":"https:\/\/qingdaohf.com\/bg\/#\/schema\/logo\/image\/","url":"https:\/\/qingdaohf.com\/wp-content\/uploads\/2022\/12\/cropped-HF-LOGO.png","contentUrl":"https:\/\/qingdaohf.com\/wp-content\/uploads\/2022\/12\/cropped-HF-LOGO.png","width":391,"height":249,"caption":"Qingdao H&F"},"image":{"@id":"https:\/\/qingdaohf.com\/bg\/#\/schema\/logo\/image\/"},"sameAs":["https:\/\/www.facebook.com\/qingdaohf"]}]}},"_links":{"self":[{"href":"https:\/\/qingdaohf.com\/fr\/wp-json\/wp\/v2\/product\/5774","targetHints":{"allow":["GET"]}}],"collection":[{"href":"https:\/\/qingdaohf.com\/fr\/wp-json\/wp\/v2\/product"}],"about":[{"href":"https:\/\/qingdaohf.com\/fr\/wp-json\/wp\/v2\/types\/product"}],"replies":[{"embeddable":true,"href":"https:\/\/qingdaohf.com\/fr\/wp-json\/wp\/v2\/comments?post=5774"}],"version-history":[{"count":5,"href":"https:\/\/qingdaohf.com\/fr\/wp-json\/wp\/v2\/product\/5774\/revisions"}],"predecessor-version":[{"id":5785,"href":"https:\/\/qingdaohf.com\/fr\/wp-json\/wp\/v2\/product\/5774\/revisions\/5785"}],"wp:featuredmedia":[{"embeddable":true,"href":"https:\/\/qingdaohf.com\/fr\/wp-json\/wp\/v2\/media\/5783"}],"wp:attachment":[{"href":"https:\/\/qingdaohf.com\/fr\/wp-json\/wp\/v2\/media?parent=5774"}],"wp:term":[{"taxonomy":"product_brand","embeddable":true,"href":"https:\/\/qingdaohf.com\/fr\/wp-json\/wp\/v2\/product_brand?post=5774"},{"taxonomy":"product_cat","embeddable":true,"href":"https:\/\/qingdaohf.com\/fr\/wp-json\/wp\/v2\/product_cat?post=5774"},{"taxonomy":"product_tag","embeddable":true,"href":"https:\/\/qingdaohf.com\/fr\/wp-json\/wp\/v2\/product_tag?post=5774"}],"curies":[{"name":"wp","href":"https:\/\/api.w.org\/{rel}","templated":true}]}}