{"id":5903,"date":"2023-12-06T11:53:56","date_gmt":"2023-12-06T03:53:56","guid":{"rendered":"http:\/\/qingdaohf.com\/?post_type=product&#038;p=5903"},"modified":"2025-11-13T09:04:00","modified_gmt":"2025-11-13T01:04:00","slug":"4-leg-lifting-chain-sling-with-hook","status":"publish","type":"product","link":"https:\/\/qingdaohf.com\/fr\/produit\/elingue-de-chaine-de-levage-a-4-pattes-avec-crochet\/","title":{"rendered":"Harnais de levage \u00e0 4 pattes avec crochet"},"content":{"rendered":"<h2><img fetchpriority=\"high\" decoding=\"async\" class=\"alignnone size-full wp-image-5959\" src=\"http:\/\/qingdaohf.com\/wp-content\/uploads\/2023\/12\/HF-CHAIN-SLING.webp\" alt=\"HF CHAIN SLING\" width=\"1200\" height=\"1200\" srcset=\"https:\/\/qingdaohf.com\/wp-content\/uploads\/2023\/12\/HF-CHAIN-SLING.webp 1200w, https:\/\/qingdaohf.com\/wp-content\/uploads\/2023\/12\/HF-CHAIN-SLING-300x300.webp 300w, https:\/\/qingdaohf.com\/wp-content\/uploads\/2023\/12\/HF-CHAIN-SLING-1024x1024.webp 1024w, https:\/\/qingdaohf.com\/wp-content\/uploads\/2023\/12\/HF-CHAIN-SLING-150x150.webp 150w, https:\/\/qingdaohf.com\/wp-content\/uploads\/2023\/12\/HF-CHAIN-SLING-768x768.webp 768w, https:\/\/qingdaohf.com\/wp-content\/uploads\/2023\/12\/HF-CHAIN-SLING-500x500.webp 500w, https:\/\/qingdaohf.com\/wp-content\/uploads\/2023\/12\/HF-CHAIN-SLING-1000x1000.webp 1000w, https:\/\/qingdaohf.com\/wp-content\/uploads\/2023\/12\/HF-CHAIN-SLING-100x100.webp 100w\" sizes=\"(max-width: 1200px) 100vw, 1200px\" \/><\/h2>\n<h2>Type d'\u00e9lingue en cha\u00eene<\/h2>\n<p>&nbsp;<\/p>\n<h3>Cha\u00eene simple<\/h3>\n<p><img decoding=\"async\" class=\"alignnone wp-image-5955\" src=\"http:\/\/qingdaohf.com\/wp-content\/uploads\/2023\/12\/single.jpg\" alt=\"unique\" width=\"1600\" height=\"272\" srcset=\"https:\/\/qingdaohf.com\/wp-content\/uploads\/2023\/12\/single.jpg 1483w, https:\/\/qingdaohf.com\/wp-content\/uploads\/2023\/12\/single-300x51.jpg 300w, https:\/\/qingdaohf.com\/wp-content\/uploads\/2023\/12\/single-1024x174.jpg 1024w, https:\/\/qingdaohf.com\/wp-content\/uploads\/2023\/12\/single-768x131.jpg 768w, https:\/\/qingdaohf.com\/wp-content\/uploads\/2023\/12\/single-1000x170.jpg 1000w\" sizes=\"(max-width: 1600px) 100vw, 1600px\" \/><img decoding=\"async\" class=\"alignnone size-full wp-image-6618\" src=\"http:\/\/qingdaohf.com\/wp-content\/uploads\/2023\/12\/chain-sling-1.png\" alt=\"\u00e9lingue de cha\u00eene 1\" width=\"1031\" height=\"851\" srcset=\"https:\/\/qingdaohf.com\/wp-content\/uploads\/2023\/12\/chain-sling-1.png 1031w, https:\/\/qingdaohf.com\/wp-content\/uploads\/2023\/12\/chain-sling-1-300x248.png 300w, https:\/\/qingdaohf.com\/wp-content\/uploads\/2023\/12\/chain-sling-1-1024x845.png 1024w, https:\/\/qingdaohf.com\/wp-content\/uploads\/2023\/12\/chain-sling-1-768x634.png 768w, https:\/\/qingdaohf.com\/wp-content\/uploads\/2023\/12\/chain-sling-1-1000x825.png 1000w\" sizes=\"(max-width: 1031px) 100vw, 1031px\" \/><\/p>\n<p><span style=\"font-size: 1.5em; font-weight: bold;\">Harnais \u00e0 double cha\u00eene<\/span><\/p>\n<p><img loading=\"lazy\" decoding=\"async\" class=\"alignnone wp-image-5953\" src=\"http:\/\/qingdaohf.com\/wp-content\/uploads\/2023\/12\/double.jpg\" alt=\"double crochet\" width=\"1600\" height=\"270\" srcset=\"https:\/\/qingdaohf.com\/wp-content\/uploads\/2023\/12\/double.jpg 1498w, https:\/\/qingdaohf.com\/wp-content\/uploads\/2023\/12\/double-300x51.jpg 300w, https:\/\/qingdaohf.com\/wp-content\/uploads\/2023\/12\/double-1024x173.jpg 1024w, https:\/\/qingdaohf.com\/wp-content\/uploads\/2023\/12\/double-768x130.jpg 768w, https:\/\/qingdaohf.com\/wp-content\/uploads\/2023\/12\/double-1000x169.jpg 1000w\" sizes=\"(max-width: 1600px) 100vw, 1600px\" \/><img loading=\"lazy\" decoding=\"async\" class=\"alignnone size-full wp-image-6619\" src=\"http:\/\/qingdaohf.com\/wp-content\/uploads\/2023\/12\/chain-sling-2.png\" alt=\"\" width=\"1571\" height=\"199\" srcset=\"https:\/\/qingdaohf.com\/wp-content\/uploads\/2023\/12\/chain-sling-2.png 1571w, https:\/\/qingdaohf.com\/wp-content\/uploads\/2023\/12\/chain-sling-2-300x38.png 300w, https:\/\/qingdaohf.com\/wp-content\/uploads\/2023\/12\/chain-sling-2-1024x130.png 1024w, https:\/\/qingdaohf.com\/wp-content\/uploads\/2023\/12\/chain-sling-2-768x97.png 768w, https:\/\/qingdaohf.com\/wp-content\/uploads\/2023\/12\/chain-sling-2-1536x195.png 1536w, https:\/\/qingdaohf.com\/wp-content\/uploads\/2023\/12\/chain-sling-2-1000x127.png 1000w\" sizes=\"(max-width: 1571px) 100vw, 1571px\" \/><span style=\"font-size: 1.5em; font-weight: bold;\">\u00a0<\/span><\/p>\n<p><span style=\"font-size: 1.5em; font-weight: bold;\">Harnais \u00e0 triple cha\u00eene et harnais \u00e0 quadruple cha\u00eene<\/span><\/p>\n<p><img loading=\"lazy\" decoding=\"async\" class=\"alignnone wp-image-5954\" src=\"http:\/\/qingdaohf.com\/wp-content\/uploads\/2023\/12\/triple.jpg\" alt=\"crochet \" width=\"1600\" height=\"267\" srcset=\"https:\/\/qingdaohf.com\/wp-content\/uploads\/2023\/12\/triple.jpg 1348w, https:\/\/qingdaohf.com\/wp-content\/uploads\/2023\/12\/triple-300x50.jpg 300w, https:\/\/qingdaohf.com\/wp-content\/uploads\/2023\/12\/triple-1024x171.jpg 1024w, https:\/\/qingdaohf.com\/wp-content\/uploads\/2023\/12\/triple-768x128.jpg 768w, https:\/\/qingdaohf.com\/wp-content\/uploads\/2023\/12\/triple-1000x167.jpg 1000w\" sizes=\"(max-width: 1600px) 100vw, 1600px\" \/><\/p>\n<p><img loading=\"lazy\" decoding=\"async\" class=\"alignnone size-full wp-image-6620\" src=\"http:\/\/qingdaohf.com\/wp-content\/uploads\/2023\/12\/chain-sling-3.png\" alt=\"\" width=\"1534\" height=\"215\" srcset=\"https:\/\/qingdaohf.com\/wp-content\/uploads\/2023\/12\/chain-sling-3.png 1534w, https:\/\/qingdaohf.com\/wp-content\/uploads\/2023\/12\/chain-sling-3-300x42.png 300w, https:\/\/qingdaohf.com\/wp-content\/uploads\/2023\/12\/chain-sling-3-1024x144.png 1024w, https:\/\/qingdaohf.com\/wp-content\/uploads\/2023\/12\/chain-sling-3-768x108.png 768w, https:\/\/qingdaohf.com\/wp-content\/uploads\/2023\/12\/chain-sling-3-1000x140.png 1000w\" sizes=\"(max-width: 1534px) 100vw, 1534px\" \/><\/p>\n<p><span style=\"font-size: 27.2px;\">\u00c9lingues en cha\u00eene et pi\u00e8ces d\u00e9tach\u00e9es<\/span><\/p>\n<h3 class=\"product_title entry-title elementor-heading-title elementor-size-default\">Lien principal<\/h3>\n<p><a href=\"https:\/\/qingdaohf.com\/fr\/produit\/maillon-principal-soude\/\"><img loading=\"lazy\" decoding=\"async\" class=\"alignnone wp-image-4053 size-medium\" src=\"http:\/\/qingdaohf.com\/wp-content\/uploads\/2023\/05\/welded-master-link-4-300x300.jpg\" alt=\"maillon principal soud\u00e9\" width=\"300\" height=\"300\" srcset=\"https:\/\/qingdaohf.com\/wp-content\/uploads\/2023\/05\/welded-master-link-4-300x300.jpg 300w, https:\/\/qingdaohf.com\/wp-content\/uploads\/2023\/05\/welded-master-link-4-150x150.jpg 150w, https:\/\/qingdaohf.com\/wp-content\/uploads\/2023\/05\/welded-master-link-4-768x768.jpg 768w, https:\/\/qingdaohf.com\/wp-content\/uploads\/2023\/05\/welded-master-link-4-500x500.jpg 500w, https:\/\/qingdaohf.com\/wp-content\/uploads\/2023\/05\/welded-master-link-4-100x100.jpg 100w, https:\/\/qingdaohf.com\/wp-content\/uploads\/2023\/05\/welded-master-link-4.jpg 1000w\" sizes=\"(max-width: 300px) 100vw, 300px\" \/><\/a><\/p>\n<h3>Lien d'accouplement<\/h3>\n<p><a href=\"http:\/\/qingdaohf.com\/fr\/product\/webbing-connecting-link\/\"><img loading=\"lazy\" decoding=\"async\" class=\"alignnone wp-image-4104 size-medium\" src=\"http:\/\/qingdaohf.com\/wp-content\/uploads\/2023\/05\/Webbing-Connecting-Link-10-300x300.jpg\" alt=\"Lien de connexion en sangle (10)\" width=\"300\" height=\"300\" srcset=\"https:\/\/qingdaohf.com\/wp-content\/uploads\/2023\/05\/Webbing-Connecting-Link-10-300x300.jpg 300w, https:\/\/qingdaohf.com\/wp-content\/uploads\/2023\/05\/Webbing-Connecting-Link-10-150x150.jpg 150w, https:\/\/qingdaohf.com\/wp-content\/uploads\/2023\/05\/Webbing-Connecting-Link-10-768x768.jpg 768w, https:\/\/qingdaohf.com\/wp-content\/uploads\/2023\/05\/Webbing-Connecting-Link-10-500x500.jpg 500w, https:\/\/qingdaohf.com\/wp-content\/uploads\/2023\/05\/Webbing-Connecting-Link-10-100x100.jpg 100w, https:\/\/qingdaohf.com\/wp-content\/uploads\/2023\/05\/Webbing-Connecting-Link-10.jpg 1000w\" sizes=\"(max-width: 300px) 100vw, 300px\" \/><\/a><\/p>\n<h3>Cha\u00eene en alliage<\/h3>\n<p><a href=\"https:\/\/qingdaohf.com\/fr\/produit\/crochet-delingue-a-oeil\/\"><img loading=\"lazy\" decoding=\"async\" class=\"alignnone wp-image-5949 size-medium\" src=\"http:\/\/qingdaohf.com\/wp-content\/uploads\/2023\/12\/HF-alloy-chain-2-300x300.jpg\" alt=\"cha\u00eene en alliage\" width=\"300\" height=\"300\" srcset=\"https:\/\/qingdaohf.com\/wp-content\/uploads\/2023\/12\/HF-alloy-chain-2-300x300.jpg 300w, https:\/\/qingdaohf.com\/wp-content\/uploads\/2023\/12\/HF-alloy-chain-2-150x150.jpg 150w, https:\/\/qingdaohf.com\/wp-content\/uploads\/2023\/12\/HF-alloy-chain-2-768x768.jpg 768w, https:\/\/qingdaohf.com\/wp-content\/uploads\/2023\/12\/HF-alloy-chain-2-500x500.jpg 500w, https:\/\/qingdaohf.com\/wp-content\/uploads\/2023\/12\/HF-alloy-chain-2-100x100.jpg 100w, https:\/\/qingdaohf.com\/wp-content\/uploads\/2023\/12\/HF-alloy-chain-2.jpg 800w\" sizes=\"(max-width: 300px) 100vw, 300px\" \/><\/a><\/p>\n<h3>Crochet<\/h3>\n<p><a href=\"https:\/\/qingdaohf.com\/fr\/produit\/crochet-delingue-a-oeil\/\"><img loading=\"lazy\" decoding=\"async\" class=\"alignnone wp-image-4112 size-medium\" src=\"http:\/\/qingdaohf.com\/wp-content\/uploads\/2023\/05\/Eye-Sling-Hook-12-300x300.jpg\" alt=\"Oeil Crochet d&#039;\u00e9lingue\" width=\"300\" height=\"300\" srcset=\"https:\/\/qingdaohf.com\/wp-content\/uploads\/2023\/05\/Eye-Sling-Hook-12-300x300.jpg 300w, https:\/\/qingdaohf.com\/wp-content\/uploads\/2023\/05\/Eye-Sling-Hook-12-150x150.jpg 150w, https:\/\/qingdaohf.com\/wp-content\/uploads\/2023\/05\/Eye-Sling-Hook-12-768x768.jpg 768w, https:\/\/qingdaohf.com\/wp-content\/uploads\/2023\/05\/Eye-Sling-Hook-12-500x500.jpg 500w, https:\/\/qingdaohf.com\/wp-content\/uploads\/2023\/05\/Eye-Sling-Hook-12-100x100.jpg 100w, https:\/\/qingdaohf.com\/wp-content\/uploads\/2023\/05\/Eye-Sling-Hook-12.jpg 1000w\" sizes=\"(max-width: 300px) 100vw, 300px\" \/><\/a><\/p>\n<h2><\/h2>","protected":false},"excerpt":{"rendered":"<p>1. Les cha\u00eenes G80 et G100 sont largement utilis\u00e9es pour le levage dans la construction, le chargement, l'industrie et d'autres domaines.<\/p>\n<p>2. L'\u00e9lingue en cha\u00eene est d'un usage courant et peut s'adapter \u00e0 toutes sortes d'\u00e9quipements de levage.<\/p>\n<p>3. Les maillons principaux, les crochets de levage, les crochets coulissants, les crochets pivotants, les maillons de liaison et les autres accessoires de gr\u00e9ement sont g\u00e9n\u00e9ralement assembl\u00e9s avec la cha\u00eene de levage.<\/p>\n<p>4. L'\u00e9lingue en cha\u00eene peut \u00eatre \u00e0 une jambe, \u00e0 deux jambes, \u00e0 trois jambes et \u00e0 quatre jambes, etc.<\/p>\n<div data-spm-anchor-id=\"a2700.details.0.i78.70ddaf02Y33BcW\">5. La longueur de la cha\u00eene peut \u00eatre personnalis\u00e9e.<\/div>","protected":false},"featured_media":5906,"comment_status":"open","ping_status":"closed","template":"","meta":{"site-sidebar-layout":"default","site-content-layout":"","ast-site-content-layout":"default","site-content-style":"default","site-sidebar-style":"default","ast-global-header-display":"","ast-banner-title-visibility":"","ast-main-header-display":"","ast-hfb-above-header-display":"","ast-hfb-below-header-display":"","ast-hfb-mobile-header-display":"","site-post-title":"","ast-breadcrumbs-content":"","ast-featured-img":"","footer-sml-layout":"","theme-transparent-header-meta":"default","adv-header-id-meta":"","stick-header-meta":"default","header-above-stick-meta":"","header-main-stick-meta":"","header-below-stick-meta":"","astra-migrate-meta-layouts":"set","ast-page-background-enabled":"default","ast-page-background-meta":{"desktop":{"background-color":"","background-image":"","background-repeat":"repeat","background-position":"center center","background-size":"auto","background-attachment":"scroll","background-type":"","background-media":"","overlay-type":"","overlay-color":"","overlay-opacity":"","overlay-gradient":""},"tablet":{"background-color":"","background-image":"","background-repeat":"repeat","background-position":"center center","background-size":"auto","background-attachment":"scroll","background-type":"","background-media":"","overlay-type":"","overlay-color":"","overlay-opacity":"","overlay-gradient":""},"mobile":{"background-color":"","background-image":"","background-repeat":"repeat","background-position":"center center","background-size":"auto","background-attachment":"scroll","background-type":"","background-media":"","overlay-type":"","overlay-color":"","overlay-opacity":"","overlay-gradient":""}},"ast-content-background-meta":{"desktop":{"background-color":"var(--ast-global-color-5)","background-image":"","background-repeat":"repeat","background-position":"center center","background-size":"auto","background-attachment":"scroll","background-type":"","background-media":"","overlay-type":"","overlay-color":"","overlay-opacity":"","overlay-gradient":""},"tablet":{"background-color":"var(--ast-global-color-5)","background-image":"","background-repeat":"repeat","background-position":"center center","background-size":"auto","background-attachment":"scroll","background-type":"","background-media":"","overlay-type":"","overlay-color":"","overlay-opacity":"","overlay-gradient":""},"mobile":{"background-color":"var(--ast-global-color-5)","background-image":"","background-repeat":"repeat","background-position":"center center","background-size":"auto","background-attachment":"scroll","background-type":"","background-media":"","overlay-type":"","overlay-color":"","overlay-opacity":"","overlay-gradient":""}}},"product_brand":[],"product_cat":[51,38],"product_tag":[],"class_list":{"0":"post-5903","1":"product","2":"type-product","3":"status-publish","4":"has-post-thumbnail","6":"product_cat-riggging-hardware","7":"product_cat-chain","8":"desktop-align-left","9":"tablet-align-left","10":"mobile-align-left","11":"ast-product-gallery-layout-horizontal-slider","12":"ast-product-tabs-layout-horizontal","14":"first","15":"instock","16":"shipping-taxable","17":"purchasable","18":"product-type-simple"},"yoast_head":"<!-- This site is optimized with the Yoast SEO plugin v25.2 - https:\/\/yoast.com\/wordpress\/plugins\/seo\/ -->\n<title>4 Leg Lifting Chain Sling with Hook<\/title>\n<meta name=\"description\" content=\"G80 and G100 Chains are widely used to lift in construction, loading, industry or other areas.\" \/>\n<meta name=\"robots\" content=\"index, follow, max-snippet:-1, max-image-preview:large, max-video-preview:-1\" \/>\n<link rel=\"canonical\" href=\"https:\/\/qingdaohf.com\/fr\/produit\/elingue-de-chaine-de-levage-a-4-pattes-avec-crochet\/\" \/>\n<meta property=\"og:locale\" content=\"fr_FR\" \/>\n<meta property=\"og:type\" content=\"article\" \/>\n<meta property=\"og:title\" content=\"4 Leg Lifting Chain Sling with Hook\" \/>\n<meta property=\"og:description\" content=\"G80 and G100 Chains are widely used to lift in construction, loading, industry or other areas.\" \/>\n<meta property=\"og:url\" content=\"https:\/\/qingdaohf.com\/fr\/produit\/elingue-de-chaine-de-levage-a-4-pattes-avec-crochet\/\" \/>\n<meta property=\"og:site_name\" content=\"Concrete Form &amp; Rigging Hardware Supplier\" \/>\n<meta property=\"article:publisher\" content=\"https:\/\/www.facebook.com\/qingdaohf\" \/>\n<meta property=\"article:modified_time\" content=\"2025-11-13T01:04:00+00:00\" \/>\n<meta property=\"og:image\" content=\"https:\/\/qingdaohf.com\/wp-content\/uploads\/2023\/11\/4-leg-chain-sling-3.jpg\" \/>\n\t<meta property=\"og:image:width\" content=\"800\" \/>\n\t<meta property=\"og:image:height\" content=\"800\" \/>\n\t<meta property=\"og:image:type\" content=\"image\/jpeg\" \/>\n<meta name=\"twitter:card\" content=\"summary_large_image\" \/>\n<meta name=\"twitter:label1\" content=\"Dur\u00e9e de lecture estim\u00e9e\" \/>\n\t<meta name=\"twitter:data1\" content=\"3 minutes\" \/>\n<script type=\"application\/ld+json\" class=\"yoast-schema-graph\">{\"@context\":\"https:\/\/schema.org\",\"@graph\":[{\"@type\":\"WebPage\",\"@id\":\"https:\/\/qingdaohf.com\/product\/4-leg-lifting-chain-sling-with-hook\/\",\"url\":\"https:\/\/qingdaohf.com\/product\/4-leg-lifting-chain-sling-with-hook\/\",\"name\":\"4 Leg Lifting Chain Sling with Hook\",\"isPartOf\":{\"@id\":\"https:\/\/qingdaohf.com\/bg\/#website\"},\"primaryImageOfPage\":{\"@id\":\"https:\/\/qingdaohf.com\/product\/4-leg-lifting-chain-sling-with-hook\/#primaryimage\"},\"image\":{\"@id\":\"https:\/\/qingdaohf.com\/product\/4-leg-lifting-chain-sling-with-hook\/#primaryimage\"},\"thumbnailUrl\":\"https:\/\/qingdaohf.com\/wp-content\/uploads\/2023\/11\/4-leg-chain-sling-3.jpg\",\"datePublished\":\"2023-12-06T03:53:56+00:00\",\"dateModified\":\"2025-11-13T01:04:00+00:00\",\"description\":\"G80 and G100 Chains are widely used to lift in construction, loading, industry or other areas.\",\"breadcrumb\":{\"@id\":\"https:\/\/qingdaohf.com\/product\/4-leg-lifting-chain-sling-with-hook\/#breadcrumb\"},\"inLanguage\":\"fr-FR\",\"potentialAction\":[{\"@type\":\"ReadAction\",\"target\":[\"https:\/\/qingdaohf.com\/product\/4-leg-lifting-chain-sling-with-hook\/\"]}]},{\"@type\":\"ImageObject\",\"inLanguage\":\"fr-FR\",\"@id\":\"https:\/\/qingdaohf.com\/product\/4-leg-lifting-chain-sling-with-hook\/#primaryimage\",\"url\":\"https:\/\/qingdaohf.com\/wp-content\/uploads\/2023\/11\/4-leg-chain-sling-3.jpg\",\"contentUrl\":\"https:\/\/qingdaohf.com\/wp-content\/uploads\/2023\/11\/4-leg-chain-sling-3.jpg\",\"width\":800,\"height\":800},{\"@type\":\"BreadcrumbList\",\"@id\":\"https:\/\/qingdaohf.com\/product\/4-leg-lifting-chain-sling-with-hook\/#breadcrumb\",\"itemListElement\":[{\"@type\":\"ListItem\",\"position\":1,\"name\":\"Home\",\"item\":\"https:\/\/qingdaohf.com\/\"},{\"@type\":\"ListItem\",\"position\":2,\"name\":\"Concrete Forming Accessories and Rigging Hardware\",\"item\":\"https:\/\/qingdaohf.com\/bg\/?page_id=944\"},{\"@type\":\"ListItem\",\"position\":3,\"name\":\"4 Leg Lifting Chain Sling with Hook\"}]},{\"@type\":\"WebSite\",\"@id\":\"https:\/\/qingdaohf.com\/bg\/#website\",\"url\":\"https:\/\/qingdaohf.com\/bg\/\",\"name\":\"Concrete Form & Rigging Hardware Supplier\",\"description\":\"\",\"publisher\":{\"@id\":\"https:\/\/qingdaohf.com\/bg\/#organization\"},\"potentialAction\":[{\"@type\":\"SearchAction\",\"target\":{\"@type\":\"EntryPoint\",\"urlTemplate\":\"https:\/\/qingdaohf.com\/bg\/?s={search_term_string}\"},\"query-input\":{\"@type\":\"PropertyValueSpecification\",\"valueRequired\":true,\"valueName\":\"search_term_string\"}}],\"inLanguage\":\"fr-FR\"},{\"@type\":\"Organization\",\"@id\":\"https:\/\/qingdaohf.com\/bg\/#organization\",\"name\":\"Qingdao H&F\",\"url\":\"https:\/\/qingdaohf.com\/bg\/\",\"logo\":{\"@type\":\"ImageObject\",\"inLanguage\":\"fr-FR\",\"@id\":\"https:\/\/qingdaohf.com\/bg\/#\/schema\/logo\/image\/\",\"url\":\"https:\/\/qingdaohf.com\/wp-content\/uploads\/2022\/12\/cropped-HF-LOGO.png\",\"contentUrl\":\"https:\/\/qingdaohf.com\/wp-content\/uploads\/2022\/12\/cropped-HF-LOGO.png\",\"width\":391,\"height\":249,\"caption\":\"Qingdao H&F\"},\"image\":{\"@id\":\"https:\/\/qingdaohf.com\/bg\/#\/schema\/logo\/image\/\"},\"sameAs\":[\"https:\/\/www.facebook.com\/qingdaohf\"]}]}<\/script>\n<!-- \/ Yoast SEO plugin. -->","yoast_head_json":{"title":"4 Leg Lifting Chain Sling with Hook","description":"G80 and G100 Chains are widely used to lift in construction, loading, industry or other areas.","robots":{"index":"index","follow":"follow","max-snippet":"max-snippet:-1","max-image-preview":"max-image-preview:large","max-video-preview":"max-video-preview:-1"},"canonical":"https:\/\/qingdaohf.com\/fr\/produit\/elingue-de-chaine-de-levage-a-4-pattes-avec-crochet\/","og_locale":"fr_FR","og_type":"article","og_title":"4 Leg Lifting Chain Sling with Hook","og_description":"G80 and G100 Chains are widely used to lift in construction, loading, industry or other areas.","og_url":"https:\/\/qingdaohf.com\/fr\/produit\/elingue-de-chaine-de-levage-a-4-pattes-avec-crochet\/","og_site_name":"Concrete Form &amp; Rigging Hardware Supplier","article_publisher":"https:\/\/www.facebook.com\/qingdaohf","article_modified_time":"2025-11-13T01:04:00+00:00","og_image":[{"width":800,"height":800,"url":"https:\/\/qingdaohf.com\/wp-content\/uploads\/2023\/11\/4-leg-chain-sling-3.jpg","type":"image\/jpeg"}],"twitter_card":"summary_large_image","twitter_misc":{"Dur\u00e9e de lecture estim\u00e9e":"3 minutes"},"schema":{"@context":"https:\/\/schema.org","@graph":[{"@type":"WebPage","@id":"https:\/\/qingdaohf.com\/product\/4-leg-lifting-chain-sling-with-hook\/","url":"https:\/\/qingdaohf.com\/product\/4-leg-lifting-chain-sling-with-hook\/","name":"4 Leg Lifting Chain Sling with Hook","isPartOf":{"@id":"https:\/\/qingdaohf.com\/bg\/#website"},"primaryImageOfPage":{"@id":"https:\/\/qingdaohf.com\/product\/4-leg-lifting-chain-sling-with-hook\/#primaryimage"},"image":{"@id":"https:\/\/qingdaohf.com\/product\/4-leg-lifting-chain-sling-with-hook\/#primaryimage"},"thumbnailUrl":"https:\/\/qingdaohf.com\/wp-content\/uploads\/2023\/11\/4-leg-chain-sling-3.jpg","datePublished":"2023-12-06T03:53:56+00:00","dateModified":"2025-11-13T01:04:00+00:00","description":"G80 and G100 Chains are widely used to lift in construction, loading, industry or other areas.","breadcrumb":{"@id":"https:\/\/qingdaohf.com\/product\/4-leg-lifting-chain-sling-with-hook\/#breadcrumb"},"inLanguage":"fr-FR","potentialAction":[{"@type":"ReadAction","target":["https:\/\/qingdaohf.com\/product\/4-leg-lifting-chain-sling-with-hook\/"]}]},{"@type":"ImageObject","inLanguage":"fr-FR","@id":"https:\/\/qingdaohf.com\/product\/4-leg-lifting-chain-sling-with-hook\/#primaryimage","url":"https:\/\/qingdaohf.com\/wp-content\/uploads\/2023\/11\/4-leg-chain-sling-3.jpg","contentUrl":"https:\/\/qingdaohf.com\/wp-content\/uploads\/2023\/11\/4-leg-chain-sling-3.jpg","width":800,"height":800},{"@type":"BreadcrumbList","@id":"https:\/\/qingdaohf.com\/product\/4-leg-lifting-chain-sling-with-hook\/#breadcrumb","itemListElement":[{"@type":"ListItem","position":1,"name":"Home","item":"https:\/\/qingdaohf.com\/"},{"@type":"ListItem","position":2,"name":"Concrete Forming Accessories and Rigging Hardware","item":"https:\/\/qingdaohf.com\/bg\/?page_id=944"},{"@type":"ListItem","position":3,"name":"4 Leg Lifting Chain Sling with Hook"}]},{"@type":"WebSite","@id":"https:\/\/qingdaohf.com\/bg\/#website","url":"https:\/\/qingdaohf.com\/bg\/","name":"Concrete Form & Rigging Hardware Supplier","description":"","publisher":{"@id":"https:\/\/qingdaohf.com\/bg\/#organization"},"potentialAction":[{"@type":"SearchAction","target":{"@type":"EntryPoint","urlTemplate":"https:\/\/qingdaohf.com\/bg\/?s={search_term_string}"},"query-input":{"@type":"PropertyValueSpecification","valueRequired":true,"valueName":"search_term_string"}}],"inLanguage":"fr-FR"},{"@type":"Organization","@id":"https:\/\/qingdaohf.com\/bg\/#organization","name":"Qingdao H&F","url":"https:\/\/qingdaohf.com\/bg\/","logo":{"@type":"ImageObject","inLanguage":"fr-FR","@id":"https:\/\/qingdaohf.com\/bg\/#\/schema\/logo\/image\/","url":"https:\/\/qingdaohf.com\/wp-content\/uploads\/2022\/12\/cropped-HF-LOGO.png","contentUrl":"https:\/\/qingdaohf.com\/wp-content\/uploads\/2022\/12\/cropped-HF-LOGO.png","width":391,"height":249,"caption":"Qingdao H&F"},"image":{"@id":"https:\/\/qingdaohf.com\/bg\/#\/schema\/logo\/image\/"},"sameAs":["https:\/\/www.facebook.com\/qingdaohf"]}]}},"_links":{"self":[{"href":"https:\/\/qingdaohf.com\/fr\/wp-json\/wp\/v2\/product\/5903","targetHints":{"allow":["GET"]}}],"collection":[{"href":"https:\/\/qingdaohf.com\/fr\/wp-json\/wp\/v2\/product"}],"about":[{"href":"https:\/\/qingdaohf.com\/fr\/wp-json\/wp\/v2\/types\/product"}],"replies":[{"embeddable":true,"href":"https:\/\/qingdaohf.com\/fr\/wp-json\/wp\/v2\/comments?post=5903"}],"version-history":[{"count":10,"href":"https:\/\/qingdaohf.com\/fr\/wp-json\/wp\/v2\/product\/5903\/revisions"}],"predecessor-version":[{"id":6004,"href":"https:\/\/qingdaohf.com\/fr\/wp-json\/wp\/v2\/product\/5903\/revisions\/6004"}],"wp:featuredmedia":[{"embeddable":true,"href":"https:\/\/qingdaohf.com\/fr\/wp-json\/wp\/v2\/media\/5906"}],"wp:attachment":[{"href":"https:\/\/qingdaohf.com\/fr\/wp-json\/wp\/v2\/media?parent=5903"}],"wp:term":[{"taxonomy":"product_brand","embeddable":true,"href":"https:\/\/qingdaohf.com\/fr\/wp-json\/wp\/v2\/product_brand?post=5903"},{"taxonomy":"product_cat","embeddable":true,"href":"https:\/\/qingdaohf.com\/fr\/wp-json\/wp\/v2\/product_cat?post=5903"},{"taxonomy":"product_tag","embeddable":true,"href":"https:\/\/qingdaohf.com\/fr\/wp-json\/wp\/v2\/product_tag?post=5903"}],"curies":[{"name":"wp","href":"https:\/\/api.w.org\/{rel}","templated":true}]}}