{"id":6226,"date":"2024-01-03T15:51:23","date_gmt":"2024-01-03T07:51:23","guid":{"rendered":"http:\/\/qingdaohf.com\/?post_type=product&#038;p=6226"},"modified":"2025-11-13T09:03:39","modified_gmt":"2025-11-13T01:03:39","slug":"woven-cord-strap","status":"publish","type":"product","link":"https:\/\/qingdaohf.com\/fr\/produit\/cerclage\/","title":{"rendered":"Bande de cerclage en polyester tiss\u00e9 pour l'emballage"},"content":{"rendered":"<div class=\"ast-oembed-container\" style=\"height: 100%;\"><iframe title=\"Cerclage en polypropyl\u00e8ne\" width=\"500\" height=\"281\" src=\"https:\/\/www.youtube.com\/embed\/Bi0Ct6OI134?feature=oembed\" frameborder=\"0\" allow=\"accelerometer; autoplay; clipboard-write; encrypted-media; gyroscope; picture-in-picture; web-share\" referrerpolicy=\"strict-origin-when-cross-origin\" allowfullscreen><\/iframe><\/div>\n<h3>Conna\u00eetre les caract\u00e9ristiques essentielles des bandes de cerclage en polyester tiss\u00e9<\/h3>\n<p>Les bandes de cerclage en cordon de polyester tiss\u00e9 sont \u00e0 la base de toute solution d'emballage s\u00e9curis\u00e9e. Connaissant leur r\u00e9sistance et leur polyvalence, les industries n\u00e9cessitant un cerclage fiable de charges lourdes ou de formes irr\u00e9guli\u00e8res trouvent de nombreuses applications pour ces feuillards. Les bandes, fabriqu\u00e9es \u00e0 partir de fibres de polyester \u00e9troitement entrelac\u00e9es, offrent une r\u00e9sistance \u00e0 la traction impressionnante tout en conservant leur flexibilit\u00e9. Contrairement aux cerclages m\u00e9talliques traditionnels, qui peuvent avoir tendance \u00e0 rouiller ou m\u00eame \u00e0 endommager les surfaces sensibles, ce type de cerclage en polyester offre une alternative lisse mais solide qui excelle \u00e0 pr\u00e9server l'int\u00e9grit\u00e9 des marchandises.<\/p>\n<p>Ce mat\u00e9riau est devenu un favori dans plusieurs industries de pointe, notamment la logistique, la construction et la fabrication, o\u00f9 les produits sont soumis \u00e0 une manipulation brutale sans compromis sur la s\u00e9curit\u00e9 ou la stabilit\u00e9. Les acheteurs appr\u00e9cient leur investissement dans l'emballage et ont donc besoin de bandes de cerclage qui r\u00e9pondent exactement \u00e0 leurs besoins op\u00e9rationnels tout en \u00e9tant efficaces et rentables.<\/p>\n<h3>Avantages du cerclage en cordon de polyester \u00e0 haute r\u00e9sistance<\/h3>\n<p>Les bandes de cerclage en cordon de polyester tiss\u00e9 sont les meilleures en termes de durabilit\u00e9 et conviennent donc parfaitement \u00e0 l'arrimage de charges dans des conditions dynamiques. Leur structure tiss\u00e9e particuli\u00e8re leur permet d'absorber les chocs et les vibrations, ce qui est tr\u00e8s important pour le transport de marchandises fragiles ou lourdes sur une longue distance. Les bandes sont \u00e9galement \u00e9lastiques, ce qui est important car m\u00eame si la charge a l\u00e9g\u00e8rement boug\u00e9 pendant le transport, elle sera toujours solidement arrim\u00e9e.<\/p>\n<p>En outre, la l\u00e9g\u00e8ret\u00e9 du cerclage en polyester facilite sa manipulation. Il est beaucoup plus facile \u00e0 manipuler que ses homologues en acier ; ainsi, la manipulation n'entra\u00eene pas de contraintes de travail extr\u00eames et am\u00e9liore l'efficacit\u00e9 des op\u00e9rations. Les bandes en polyester r\u00e9sistent \u00e0 la d\u00e9gradation en cas d'exposition \u00e0 l'humidit\u00e9, aux rayons UV ou aux changements de temp\u00e9rature, ce qui donne d'excellents r\u00e9sultats lorsqu'elles sont utilis\u00e9es dans des applications de stockage ou de transport en ext\u00e9rieur.<br \/>\nChez Qingdao H&amp;F, nous inspectons rigoureusement nos bandes de cerclage en polyester afin de r\u00e9pondre aux normes les plus \u00e9lev\u00e9es du secteur. Les acheteurs peuvent s'attendre \u00e0 des rapports d'inspection de la qualit\u00e9 d\u00e9taill\u00e9s pour chaque lot, d'o\u00f9 une transparence totale sur la fiabilit\u00e9 des produits. Gr\u00e2ce \u00e0 cela et \u00e0 des d\u00e9lais de livraison rapides, nous veillons \u00e0 ce que vos op\u00e9rations commerciales se d\u00e9roulent sans retard.<\/p>\n<h3>Pourquoi choisir Qingdao H&amp;F pour vos besoins en cerclage polyester ?<\/h3>\n<p>Le choix du bon fournisseur est tout aussi important que la s\u00e9lection du produit lui-m\u00eame. \u00c0 cet \u00e9gard, Qingdao H&amp;F n'a pas d'\u00e9gal et r\u00e9pond parfaitement aux besoins des acheteurs. Forts de 20 ans d'exp\u00e9rience dans le commerce ext\u00e9rieur, nous connaissons les facteurs critiques qui d\u00e9terminent les d\u00e9cisions d'achat : de la durabilit\u00e9 des produits et de la rentabilit\u00e9 \u00e0 la livraison dans les d\u00e9lais et \u00e0 l'assistance sur mesure, l'excellence se trouve dans chaque petit d\u00e9tail. Nous nous distinguons par notre engagement en faveur d'un service \u00e0 la client\u00e8le personnalis\u00e9. Chaque client se voit attribuer un point de contact unique qui l'aide \u00e0 r\u00e9pondre \u00e0 ses questions ou lui fournit une assistance actualis\u00e9e pour adapter les solutions \u00e0 ses besoins particuliers. Cette approche personnalis\u00e9e garantit que l'achat s'effectue en toute transparence. En outre, notre solide syst\u00e8me de gestion de la cha\u00eene d'approvisionnement nous permet de respecter les d\u00e9lais de livraison, m\u00eame pour les projets soumis \u00e0 des \u00e9ch\u00e9ances strictes, sans faire de compromis sur la qualit\u00e9. Pour les acheteurs soucieux de la qualit\u00e9, nous fournissons des rapports d'inspection d\u00e9taill\u00e9s afin qu'ils soient assur\u00e9s que chaque lot de produits r\u00e9pond aux normes sp\u00e9cifi\u00e9es. Le rapport \u00e9tablit la confiance et permet aux clients de prendre des d\u00e9cisions en toute confiance et en toute connaissance de cause.<\/p>\n<p>Cela prouve que les feuillards de cerclage en polyester tiss\u00e9 \u00e0 haute r\u00e9sistance sont certainement un produit innovant pour les industries qui ont besoin de mat\u00e9riaux d'emballage fiables. L'accent est mis sur la r\u00e9sistance, la r\u00e9silience et l'adaptabilit\u00e9 de ces bandes \u00e0 leurs multiples usages, tout en minimisant les risques li\u00e9s \u00e0 l'arrimage des charges. En collaboration avec Qingdao H&amp;F, elle peut garantir aux acheteurs des produits de qualit\u00e9 sup\u00e9rieure soutenus par une expertise industrielle, des cycles de livraison rapides et un soutien invariable \u00e0 la client\u00e8le. Que vous soyez confront\u00e9 \u00e0 une logistique complexe ou que vous essayiez de r\u00e9soudre des probl\u00e8mes op\u00e9rationnels particuliers, nos solutions personnalis\u00e9es et nos connaissances approfondies constituent la base sur laquelle repose votre succ\u00e8s en mati\u00e8re d'emballage.<\/p>","protected":false},"excerpt":{"rendered":"<p>Les feuillards de cerclage en polyester tiss\u00e9 \u00e0 haute r\u00e9sistance offrent aux industries des solutions d'emballage efficaces et fiables. Connus pour leur durabilit\u00e9, ces feuillards permettent de s\u00e9curiser efficacement les charges lourdes et offrent une grande r\u00e9sistance \u00e0 la rupture et \u00e0 l'\u00e9tirement pendant le transport. La plupart des acheteurs, apr\u00e8s avoir achet\u00e9 des mat\u00e9riaux d'emballage fiables, prennent en consid\u00e9ration la performance du produit, la compatibilit\u00e9 avec tous les types d'outils de cerclage et la capacit\u00e9 \u00e0 r\u00e9sister aux facteurs environnementaux tels que l'humidit\u00e9. Nous sommes une soci\u00e9t\u00e9 commerciale de confiance depuis 20 ans. Qingdao H&amp;F s'est distingu\u00e9e en offrant un service personnalis\u00e9 et individuel \u00e0 ses clients, ce qui garantit que chaque client est livr\u00e9 en temps voulu. Des cycles de livraison rapides et des rapports d'inspection de la qualit\u00e9 complets renforceront votre confiance en nous choisissant pour vos solutions d'emballage.<\/p>","protected":false},"featured_media":6225,"comment_status":"open","ping_status":"closed","template":"","meta":{"site-sidebar-layout":"default","site-content-layout":"","ast-site-content-layout":"default","site-content-style":"default","site-sidebar-style":"default","ast-global-header-display":"","ast-banner-title-visibility":"","ast-main-header-display":"","ast-hfb-above-header-display":"","ast-hfb-below-header-display":"","ast-hfb-mobile-header-display":"","site-post-title":"","ast-breadcrumbs-content":"","ast-featured-img":"","footer-sml-layout":"","theme-transparent-header-meta":"default","adv-header-id-meta":"","stick-header-meta":"default","header-above-stick-meta":"","header-main-stick-meta":"","header-below-stick-meta":"","astra-migrate-meta-layouts":"set","ast-page-background-enabled":"default","ast-page-background-meta":{"desktop":{"background-color":"","background-image":"","background-repeat":"repeat","background-position":"center center","background-size":"auto","background-attachment":"scroll","background-type":"","background-media":"","overlay-type":"","overlay-color":"","overlay-opacity":"","overlay-gradient":""},"tablet":{"background-color":"","background-image":"","background-repeat":"repeat","background-position":"center center","background-size":"auto","background-attachment":"scroll","background-type":"","background-media":"","overlay-type":"","overlay-color":"","overlay-opacity":"","overlay-gradient":""},"mobile":{"background-color":"","background-image":"","background-repeat":"repeat","background-position":"center center","background-size":"auto","background-attachment":"scroll","background-type":"","background-media":"","overlay-type":"","overlay-color":"","overlay-opacity":"","overlay-gradient":""}},"ast-content-background-meta":{"desktop":{"background-color":"var(--ast-global-color-5)","background-image":"","background-repeat":"repeat","background-position":"center center","background-size":"auto","background-attachment":"scroll","background-type":"","background-media":"","overlay-type":"","overlay-color":"","overlay-opacity":"","overlay-gradient":""},"tablet":{"background-color":"var(--ast-global-color-5)","background-image":"","background-repeat":"repeat","background-position":"center center","background-size":"auto","background-attachment":"scroll","background-type":"","background-media":"","overlay-type":"","overlay-color":"","overlay-opacity":"","overlay-gradient":""},"mobile":{"background-color":"var(--ast-global-color-5)","background-image":"","background-repeat":"repeat","background-position":"center center","background-size":"auto","background-attachment":"scroll","background-type":"","background-media":"","overlay-type":"","overlay-color":"","overlay-opacity":"","overlay-gradient":""}}},"product_brand":[],"product_cat":[51,69],"product_tag":[],"class_list":{"0":"post-6226","1":"product","2":"type-product","3":"status-publish","4":"has-post-thumbnail","6":"product_cat-riggging-hardware","7":"product_cat-strapping","8":"desktop-align-left","9":"tablet-align-left","10":"mobile-align-left","11":"ast-product-gallery-layout-horizontal-slider","12":"ast-product-tabs-layout-horizontal","14":"first","15":"instock","16":"shipping-taxable","17":"purchasable","18":"product-type-simple"},"yoast_head":"<!-- This site is optimized with the Yoast SEO plugin v25.2 - https:\/\/yoast.com\/wordpress\/plugins\/seo\/ -->\n<title>Woven Polyester Cord Strapping Band for Packaging<\/title>\n<meta name=\"description\" content=\"High-strength woven polyester cord strapping bands provide industries with efficient and trustworthy packaging solutions.\" \/>\n<meta name=\"robots\" content=\"index, follow, max-snippet:-1, max-image-preview:large, max-video-preview:-1\" \/>\n<link rel=\"canonical\" href=\"https:\/\/qingdaohf.com\/fr\/produit\/cerclage\/\" \/>\n<meta property=\"og:locale\" content=\"fr_FR\" \/>\n<meta property=\"og:type\" content=\"article\" \/>\n<meta property=\"og:title\" content=\"Woven Polyester Cord Strapping Band for Packaging\" \/>\n<meta property=\"og:description\" content=\"High-strength woven polyester cord strapping bands provide industries with efficient and trustworthy packaging solutions.\" \/>\n<meta property=\"og:url\" content=\"https:\/\/qingdaohf.com\/fr\/produit\/cerclage\/\" \/>\n<meta property=\"og:site_name\" content=\"Concrete Form &amp; Rigging Hardware Supplier\" \/>\n<meta property=\"article:publisher\" content=\"https:\/\/www.facebook.com\/qingdaohf\" \/>\n<meta property=\"article:modified_time\" content=\"2025-11-13T01:03:39+00:00\" \/>\n<meta property=\"og:image\" content=\"https:\/\/qingdaohf.com\/wp-content\/uploads\/2024\/01\/strapping-roll-2.webp\" \/>\n\t<meta property=\"og:image:width\" content=\"1000\" \/>\n\t<meta property=\"og:image:height\" content=\"1000\" \/>\n\t<meta property=\"og:image:type\" content=\"image\/webp\" \/>\n<meta name=\"twitter:card\" content=\"summary_large_image\" \/>\n<meta name=\"twitter:label1\" content=\"Dur\u00e9e de lecture estim\u00e9e\" \/>\n\t<meta name=\"twitter:data1\" content=\"3 minutes\" \/>\n<script type=\"application\/ld+json\" class=\"yoast-schema-graph\">{\"@context\":\"https:\/\/schema.org\",\"@graph\":[{\"@type\":\"WebPage\",\"@id\":\"https:\/\/qingdaohf.com\/product\/woven-cord-strap\/\",\"url\":\"https:\/\/qingdaohf.com\/product\/woven-cord-strap\/\",\"name\":\"Woven Polyester Cord Strapping Band for Packaging\",\"isPartOf\":{\"@id\":\"https:\/\/qingdaohf.com\/bg\/#website\"},\"primaryImageOfPage\":{\"@id\":\"https:\/\/qingdaohf.com\/product\/woven-cord-strap\/#primaryimage\"},\"image\":{\"@id\":\"https:\/\/qingdaohf.com\/product\/woven-cord-strap\/#primaryimage\"},\"thumbnailUrl\":\"https:\/\/qingdaohf.com\/wp-content\/uploads\/2024\/01\/strapping-roll-2.webp\",\"datePublished\":\"2024-01-03T07:51:23+00:00\",\"dateModified\":\"2025-11-13T01:03:39+00:00\",\"description\":\"High-strength woven polyester cord strapping bands provide industries with efficient and trustworthy packaging solutions.\",\"breadcrumb\":{\"@id\":\"https:\/\/qingdaohf.com\/product\/woven-cord-strap\/#breadcrumb\"},\"inLanguage\":\"fr-FR\",\"potentialAction\":[{\"@type\":\"ReadAction\",\"target\":[\"https:\/\/qingdaohf.com\/product\/woven-cord-strap\/\"]}]},{\"@type\":\"ImageObject\",\"inLanguage\":\"fr-FR\",\"@id\":\"https:\/\/qingdaohf.com\/product\/woven-cord-strap\/#primaryimage\",\"url\":\"https:\/\/qingdaohf.com\/wp-content\/uploads\/2024\/01\/strapping-roll-2.webp\",\"contentUrl\":\"https:\/\/qingdaohf.com\/wp-content\/uploads\/2024\/01\/strapping-roll-2.webp\",\"width\":1000,\"height\":1000,\"caption\":\"strapping roll\"},{\"@type\":\"BreadcrumbList\",\"@id\":\"https:\/\/qingdaohf.com\/product\/woven-cord-strap\/#breadcrumb\",\"itemListElement\":[{\"@type\":\"ListItem\",\"position\":1,\"name\":\"Home\",\"item\":\"https:\/\/qingdaohf.com\/\"},{\"@type\":\"ListItem\",\"position\":2,\"name\":\"Concrete Forming Accessories and Rigging Hardware\",\"item\":\"https:\/\/qingdaohf.com\/bg\/?page_id=944\"},{\"@type\":\"ListItem\",\"position\":3,\"name\":\"Woven Polyester Cord Strapping Band for Packaging\"}]},{\"@type\":\"WebSite\",\"@id\":\"https:\/\/qingdaohf.com\/bg\/#website\",\"url\":\"https:\/\/qingdaohf.com\/bg\/\",\"name\":\"Concrete Form & Rigging Hardware Supplier\",\"description\":\"\",\"publisher\":{\"@id\":\"https:\/\/qingdaohf.com\/bg\/#organization\"},\"potentialAction\":[{\"@type\":\"SearchAction\",\"target\":{\"@type\":\"EntryPoint\",\"urlTemplate\":\"https:\/\/qingdaohf.com\/bg\/?s={search_term_string}\"},\"query-input\":{\"@type\":\"PropertyValueSpecification\",\"valueRequired\":true,\"valueName\":\"search_term_string\"}}],\"inLanguage\":\"fr-FR\"},{\"@type\":\"Organization\",\"@id\":\"https:\/\/qingdaohf.com\/bg\/#organization\",\"name\":\"Qingdao H&F\",\"url\":\"https:\/\/qingdaohf.com\/bg\/\",\"logo\":{\"@type\":\"ImageObject\",\"inLanguage\":\"fr-FR\",\"@id\":\"https:\/\/qingdaohf.com\/bg\/#\/schema\/logo\/image\/\",\"url\":\"https:\/\/qingdaohf.com\/wp-content\/uploads\/2022\/12\/cropped-HF-LOGO.png\",\"contentUrl\":\"https:\/\/qingdaohf.com\/wp-content\/uploads\/2022\/12\/cropped-HF-LOGO.png\",\"width\":391,\"height\":249,\"caption\":\"Qingdao H&F\"},\"image\":{\"@id\":\"https:\/\/qingdaohf.com\/bg\/#\/schema\/logo\/image\/\"},\"sameAs\":[\"https:\/\/www.facebook.com\/qingdaohf\"]}]}<\/script>\n<!-- \/ Yoast SEO plugin. -->","yoast_head_json":{"title":"Woven Polyester Cord Strapping Band for Packaging","description":"High-strength woven polyester cord strapping bands provide industries with efficient and trustworthy packaging solutions.","robots":{"index":"index","follow":"follow","max-snippet":"max-snippet:-1","max-image-preview":"max-image-preview:large","max-video-preview":"max-video-preview:-1"},"canonical":"https:\/\/qingdaohf.com\/fr\/produit\/cerclage\/","og_locale":"fr_FR","og_type":"article","og_title":"Woven Polyester Cord Strapping Band for Packaging","og_description":"High-strength woven polyester cord strapping bands provide industries with efficient and trustworthy packaging solutions.","og_url":"https:\/\/qingdaohf.com\/fr\/produit\/cerclage\/","og_site_name":"Concrete Form &amp; Rigging Hardware Supplier","article_publisher":"https:\/\/www.facebook.com\/qingdaohf","article_modified_time":"2025-11-13T01:03:39+00:00","og_image":[{"width":1000,"height":1000,"url":"https:\/\/qingdaohf.com\/wp-content\/uploads\/2024\/01\/strapping-roll-2.webp","type":"image\/webp"}],"twitter_card":"summary_large_image","twitter_misc":{"Dur\u00e9e de lecture estim\u00e9e":"3 minutes"},"schema":{"@context":"https:\/\/schema.org","@graph":[{"@type":"WebPage","@id":"https:\/\/qingdaohf.com\/product\/woven-cord-strap\/","url":"https:\/\/qingdaohf.com\/product\/woven-cord-strap\/","name":"Woven Polyester Cord Strapping Band for Packaging","isPartOf":{"@id":"https:\/\/qingdaohf.com\/bg\/#website"},"primaryImageOfPage":{"@id":"https:\/\/qingdaohf.com\/product\/woven-cord-strap\/#primaryimage"},"image":{"@id":"https:\/\/qingdaohf.com\/product\/woven-cord-strap\/#primaryimage"},"thumbnailUrl":"https:\/\/qingdaohf.com\/wp-content\/uploads\/2024\/01\/strapping-roll-2.webp","datePublished":"2024-01-03T07:51:23+00:00","dateModified":"2025-11-13T01:03:39+00:00","description":"High-strength woven polyester cord strapping bands provide industries with efficient and trustworthy packaging solutions.","breadcrumb":{"@id":"https:\/\/qingdaohf.com\/product\/woven-cord-strap\/#breadcrumb"},"inLanguage":"fr-FR","potentialAction":[{"@type":"ReadAction","target":["https:\/\/qingdaohf.com\/product\/woven-cord-strap\/"]}]},{"@type":"ImageObject","inLanguage":"fr-FR","@id":"https:\/\/qingdaohf.com\/product\/woven-cord-strap\/#primaryimage","url":"https:\/\/qingdaohf.com\/wp-content\/uploads\/2024\/01\/strapping-roll-2.webp","contentUrl":"https:\/\/qingdaohf.com\/wp-content\/uploads\/2024\/01\/strapping-roll-2.webp","width":1000,"height":1000,"caption":"strapping roll"},{"@type":"BreadcrumbList","@id":"https:\/\/qingdaohf.com\/product\/woven-cord-strap\/#breadcrumb","itemListElement":[{"@type":"ListItem","position":1,"name":"Home","item":"https:\/\/qingdaohf.com\/"},{"@type":"ListItem","position":2,"name":"Concrete Forming Accessories and Rigging Hardware","item":"https:\/\/qingdaohf.com\/bg\/?page_id=944"},{"@type":"ListItem","position":3,"name":"Woven Polyester Cord Strapping Band for Packaging"}]},{"@type":"WebSite","@id":"https:\/\/qingdaohf.com\/bg\/#website","url":"https:\/\/qingdaohf.com\/bg\/","name":"Concrete Form & Rigging Hardware Supplier","description":"","publisher":{"@id":"https:\/\/qingdaohf.com\/bg\/#organization"},"potentialAction":[{"@type":"SearchAction","target":{"@type":"EntryPoint","urlTemplate":"https:\/\/qingdaohf.com\/bg\/?s={search_term_string}"},"query-input":{"@type":"PropertyValueSpecification","valueRequired":true,"valueName":"search_term_string"}}],"inLanguage":"fr-FR"},{"@type":"Organization","@id":"https:\/\/qingdaohf.com\/bg\/#organization","name":"Qingdao H&F","url":"https:\/\/qingdaohf.com\/bg\/","logo":{"@type":"ImageObject","inLanguage":"fr-FR","@id":"https:\/\/qingdaohf.com\/bg\/#\/schema\/logo\/image\/","url":"https:\/\/qingdaohf.com\/wp-content\/uploads\/2022\/12\/cropped-HF-LOGO.png","contentUrl":"https:\/\/qingdaohf.com\/wp-content\/uploads\/2022\/12\/cropped-HF-LOGO.png","width":391,"height":249,"caption":"Qingdao H&F"},"image":{"@id":"https:\/\/qingdaohf.com\/bg\/#\/schema\/logo\/image\/"},"sameAs":["https:\/\/www.facebook.com\/qingdaohf"]}]}},"_links":{"self":[{"href":"https:\/\/qingdaohf.com\/fr\/wp-json\/wp\/v2\/product\/6226","targetHints":{"allow":["GET"]}}],"collection":[{"href":"https:\/\/qingdaohf.com\/fr\/wp-json\/wp\/v2\/product"}],"about":[{"href":"https:\/\/qingdaohf.com\/fr\/wp-json\/wp\/v2\/types\/product"}],"replies":[{"embeddable":true,"href":"https:\/\/qingdaohf.com\/fr\/wp-json\/wp\/v2\/comments?post=6226"}],"version-history":[{"count":11,"href":"https:\/\/qingdaohf.com\/fr\/wp-json\/wp\/v2\/product\/6226\/revisions"}],"predecessor-version":[{"id":8881,"href":"https:\/\/qingdaohf.com\/fr\/wp-json\/wp\/v2\/product\/6226\/revisions\/8881"}],"wp:featuredmedia":[{"embeddable":true,"href":"https:\/\/qingdaohf.com\/fr\/wp-json\/wp\/v2\/media\/6225"}],"wp:attachment":[{"href":"https:\/\/qingdaohf.com\/fr\/wp-json\/wp\/v2\/media?parent=6226"}],"wp:term":[{"taxonomy":"product_brand","embeddable":true,"href":"https:\/\/qingdaohf.com\/fr\/wp-json\/wp\/v2\/product_brand?post=6226"},{"taxonomy":"product_cat","embeddable":true,"href":"https:\/\/qingdaohf.com\/fr\/wp-json\/wp\/v2\/product_cat?post=6226"},{"taxonomy":"product_tag","embeddable":true,"href":"https:\/\/qingdaohf.com\/fr\/wp-json\/wp\/v2\/product_tag?post=6226"}],"curies":[{"name":"wp","href":"https:\/\/api.w.org\/{rel}","templated":true}]}}