{"id":6357,"date":"2024-01-22T14:18:41","date_gmt":"2024-01-22T06:18:41","guid":{"rendered":"http:\/\/qingdaohf.com\/?post_type=product&#038;p=6357"},"modified":"2025-11-13T09:03:39","modified_gmt":"2025-11-13T01:03:39","slug":"polyester-strapping","status":"publish","type":"product","link":"https:\/\/qingdaohf.com\/fr\/produit\/cerclage-en-polyester\/","title":{"rendered":"Cerclage en polyester"},"content":{"rendered":"<div class=\"ast-oembed-container\" style=\"height: 100%;\"><iframe title=\"Cerclage en polyester\" width=\"500\" height=\"281\" src=\"https:\/\/www.youtube.com\/embed\/kUQ_vY_B6Zc?feature=oembed\" frameborder=\"0\" allow=\"accelerometer; autoplay; clipboard-write; encrypted-media; gyroscope; picture-in-picture; web-share\" referrerpolicy=\"strict-origin-when-cross-origin\" allowfullscreen><\/iframe><\/div>\n<p data-sourcepos=\"7:1-7:343\"><strong>1. R\u00e9sistance \u00e0 la rupture :<\/strong> \ufe0f\u200dC'est une question de r\u00e9sistance ! Assurez-vous que le cerclage que vous choisissez a une r\u00e9sistance \u00e0 la rupture qui d\u00e9passe vos exigences de charge pr\u00e9vues. Nous offrons des cerclages en polyester avec une gamme de r\u00e9sistances \u00e0 la rupture, de la charge l\u00e9g\u00e8re (500 lb) \u00e0 la charge lourde (5 000 lb et plus), afin que vous puissiez trouver la solution parfaite pour votre application.<\/p>\n<p data-sourcepos=\"9:1-9:326\"><strong>2. Sp\u00e9cifications des mat\u00e9riaux :<\/strong> Tous les feuillards en polyester ne sont pas identiques. Prenez en compte des facteurs tels que l'\u00e9paisseur, la largeur et le pourcentage d'allongement pour vous assurer de la compatibilit\u00e9 avec vos besoins sp\u00e9cifiques. Nous proposons des sp\u00e9cifications de produits d\u00e9taill\u00e9es sur notre site web, y compris des fiches techniques \u00e0 t\u00e9l\u00e9charger, pour vous aider \u00e0 prendre des d\u00e9cisions en connaissance de cause.<\/p>\n<p data-sourcepos=\"11:1-11:310\"><strong>3. R\u00e9sistance aux intemp\u00e9ries :<\/strong> \ufe0f Votre cargaison ne doit pas \u00eatre \u00e0 la merci des \u00e9l\u00e9ments. Choisissez des cerclages r\u00e9sistants aux UV et imperm\u00e9ables pour prot\u00e9ger vos exp\u00e9ditions du soleil, de la pluie et d'autres conditions difficiles. Nos cerclages en polyester sont sp\u00e9cialement trait\u00e9s pour r\u00e9sister aux intemp\u00e9ries, ce qui garantit des performances durables.<\/p>\n<p data-sourcepos=\"13:1-13:309\"><strong>4. Le rapport co\u00fbt-efficacit\u00e9 :<\/strong> Soyons r\u00e9alistes : le budget est important. Bien que la qualit\u00e9 soit primordiale, vous m\u00e9ritez des prix comp\u00e9titifs. Nous offrons des prix comp\u00e9titifs sur tous nos produits de cerclage en polyester, sans compromis sur la qualit\u00e9 ou la performance. Nous proposons \u00e9galement des remises sur les quantit\u00e9s en vrac pour vous permettre de r\u00e9aliser des \u00e9conomies encore plus importantes.<\/p>\n<p data-sourcepos=\"15:1-15:247\"><strong>5. Service \u00e0 la client\u00e8le :<\/strong> Dans ce secteur, la confiance et le soutien sont essentiels. Nous sommes fiers d'offrir un service \u00e0 la client\u00e8le exceptionnel, avec des gestionnaires de comptes et un support technique d\u00e9di\u00e9s pour r\u00e9pondre \u00e0 vos questions et vous guider tout au long du processus de s\u00e9lection.<\/p>\n<p data-sourcepos=\"15:1-15:76\"><strong>Les cerclages en polyester sont parfaits pour une vari\u00e9t\u00e9 d'applications, y compris :<\/strong><\/p>\n<ul data-sourcepos=\"17:1-21:0\">\n<li data-sourcepos=\"17:1-17:29\">Regroupement de palettes et de caisses<\/li>\n<li data-sourcepos=\"18:1-18:34\">S\u00e9curisation des machines et des \u00e9quipements<\/li>\n<li data-sourcepos=\"19:1-19:35\">Emballage des meubles et des appareils<\/li>\n<li data-sourcepos=\"20:1-21:0\">Et bien plus encore !<\/li>\n<\/ul>","protected":false},"excerpt":{"rendered":"<p><strong>Solide et fiable :<\/strong>\u00a0Maintient les charges lourdes en toute s\u00e9curit\u00e9 gr\u00e2ce \u00e0 une r\u00e9sistance \u00e9lev\u00e9e \u00e0 la rupture.<\/p>\n<p><strong>L\u00e9ger et flexible :<\/strong>\u00a0Plus facile \u00e0 utiliser et \u00e0 man\u0153uvrer que le cerclage m\u00e9tallique.<\/p>\n<p><strong>R\u00e9sistant \u00e0 la rouille et aux intemp\u00e9ries :<\/strong>\u00a0N'ab\u00eeme pas vos biens et ne laisse pas de taches de rouille.<\/p>\n<p><strong>Rentable :<\/strong>\u00a0Souvent moins cher que le cerclage m\u00e9tallique et moins susceptible de se briser.<\/p>\n<p><strong>Respectueux de l'environnement :<\/strong>\u00a0Recyclable et plus durable que l'acier.<\/p>\n<p>&nbsp;<\/p>","protected":false},"featured_media":6363,"comment_status":"open","ping_status":"closed","template":"","meta":{"site-sidebar-layout":"default","site-content-layout":"","ast-site-content-layout":"default","site-content-style":"default","site-sidebar-style":"default","ast-global-header-display":"","ast-banner-title-visibility":"","ast-main-header-display":"","ast-hfb-above-header-display":"","ast-hfb-below-header-display":"","ast-hfb-mobile-header-display":"","site-post-title":"","ast-breadcrumbs-content":"","ast-featured-img":"","footer-sml-layout":"","theme-transparent-header-meta":"default","adv-header-id-meta":"","stick-header-meta":"default","header-above-stick-meta":"","header-main-stick-meta":"","header-below-stick-meta":"","astra-migrate-meta-layouts":"set","ast-page-background-enabled":"default","ast-page-background-meta":{"desktop":{"background-color":"","background-image":"","background-repeat":"repeat","background-position":"center center","background-size":"auto","background-attachment":"scroll","background-type":"","background-media":"","overlay-type":"","overlay-color":"","overlay-opacity":"","overlay-gradient":""},"tablet":{"background-color":"","background-image":"","background-repeat":"repeat","background-position":"center center","background-size":"auto","background-attachment":"scroll","background-type":"","background-media":"","overlay-type":"","overlay-color":"","overlay-opacity":"","overlay-gradient":""},"mobile":{"background-color":"","background-image":"","background-repeat":"repeat","background-position":"center center","background-size":"auto","background-attachment":"scroll","background-type":"","background-media":"","overlay-type":"","overlay-color":"","overlay-opacity":"","overlay-gradient":""}},"ast-content-background-meta":{"desktop":{"background-color":"var(--ast-global-color-5)","background-image":"","background-repeat":"repeat","background-position":"center center","background-size":"auto","background-attachment":"scroll","background-type":"","background-media":"","overlay-type":"","overlay-color":"","overlay-opacity":"","overlay-gradient":""},"tablet":{"background-color":"var(--ast-global-color-5)","background-image":"","background-repeat":"repeat","background-position":"center center","background-size":"auto","background-attachment":"scroll","background-type":"","background-media":"","overlay-type":"","overlay-color":"","overlay-opacity":"","overlay-gradient":""},"mobile":{"background-color":"var(--ast-global-color-5)","background-image":"","background-repeat":"repeat","background-position":"center center","background-size":"auto","background-attachment":"scroll","background-type":"","background-media":"","overlay-type":"","overlay-color":"","overlay-opacity":"","overlay-gradient":""}}},"product_brand":[],"product_cat":[69],"product_tag":[],"class_list":{"0":"post-6357","1":"product","2":"type-product","3":"status-publish","4":"has-post-thumbnail","6":"product_cat-strapping","7":"desktop-align-left","8":"tablet-align-left","9":"mobile-align-left","10":"ast-product-gallery-layout-horizontal-slider","11":"ast-product-tabs-layout-horizontal","13":"first","14":"instock","15":"shipping-taxable","16":"purchasable","17":"product-type-simple"},"yoast_head":"<!-- This site is optimized with the Yoast SEO plugin v25.2 - https:\/\/yoast.com\/wordpress\/plugins\/seo\/ -->\n<title>Polyester Strapping<\/title>\n<meta name=\"robots\" content=\"index, follow, max-snippet:-1, max-image-preview:large, max-video-preview:-1\" \/>\n<link rel=\"canonical\" href=\"https:\/\/qingdaohf.com\/fr\/produit\/cerclage-en-polyester\/\" \/>\n<meta property=\"og:locale\" content=\"fr_FR\" \/>\n<meta property=\"og:type\" content=\"article\" \/>\n<meta property=\"og:title\" content=\"Polyester Strapping\" \/>\n<meta property=\"og:description\" content=\"Strong and reliable:\u00a0Holds heavy loads securely with high break strength.  Lightweight and flexible:\u00a0Easier to use and maneuver than steel strapping.  Rustproof and weatherproof:\u00a0Won&#039;t damage your goods or leave behind rusty stains.  Cost-effective:\u00a0Often cheaper than steel strapping, and less prone to breakage.  Eco-friendly:\u00a0Recyclable and a more sustainable choice than steel.  &nbsp;\" \/>\n<meta property=\"og:url\" content=\"https:\/\/qingdaohf.com\/fr\/produit\/cerclage-en-polyester\/\" \/>\n<meta property=\"og:site_name\" content=\"Concrete Form &amp; Rigging Hardware Supplier\" \/>\n<meta property=\"article:publisher\" content=\"https:\/\/www.facebook.com\/qingdaohf\" \/>\n<meta property=\"article:modified_time\" content=\"2025-11-13T01:03:39+00:00\" \/>\n<meta property=\"og:image\" content=\"https:\/\/qingdaohf.com\/wp-content\/uploads\/2024\/01\/Polyester-strapping-6.jpg\" \/>\n\t<meta property=\"og:image:width\" content=\"1000\" \/>\n\t<meta property=\"og:image:height\" content=\"1000\" \/>\n\t<meta property=\"og:image:type\" content=\"image\/jpeg\" \/>\n<meta name=\"twitter:card\" content=\"summary_large_image\" \/>\n<meta name=\"twitter:label1\" content=\"Dur\u00e9e de lecture estim\u00e9e\" \/>\n\t<meta name=\"twitter:data1\" content=\"2 minutes\" \/>\n<script type=\"application\/ld+json\" class=\"yoast-schema-graph\">{\"@context\":\"https:\/\/schema.org\",\"@graph\":[{\"@type\":\"WebPage\",\"@id\":\"https:\/\/qingdaohf.com\/product\/polyester-strapping\/\",\"url\":\"https:\/\/qingdaohf.com\/product\/polyester-strapping\/\",\"name\":\"Polyester Strapping\",\"isPartOf\":{\"@id\":\"https:\/\/qingdaohf.com\/bg\/#website\"},\"primaryImageOfPage\":{\"@id\":\"https:\/\/qingdaohf.com\/product\/polyester-strapping\/#primaryimage\"},\"image\":{\"@id\":\"https:\/\/qingdaohf.com\/product\/polyester-strapping\/#primaryimage\"},\"thumbnailUrl\":\"https:\/\/qingdaohf.com\/wp-content\/uploads\/2024\/01\/Polyester-strapping-6.jpg\",\"datePublished\":\"2024-01-22T06:18:41+00:00\",\"dateModified\":\"2025-11-13T01:03:39+00:00\",\"breadcrumb\":{\"@id\":\"https:\/\/qingdaohf.com\/product\/polyester-strapping\/#breadcrumb\"},\"inLanguage\":\"fr-FR\",\"potentialAction\":[{\"@type\":\"ReadAction\",\"target\":[\"https:\/\/qingdaohf.com\/product\/polyester-strapping\/\"]}]},{\"@type\":\"ImageObject\",\"inLanguage\":\"fr-FR\",\"@id\":\"https:\/\/qingdaohf.com\/product\/polyester-strapping\/#primaryimage\",\"url\":\"https:\/\/qingdaohf.com\/wp-content\/uploads\/2024\/01\/Polyester-strapping-6.jpg\",\"contentUrl\":\"https:\/\/qingdaohf.com\/wp-content\/uploads\/2024\/01\/Polyester-strapping-6.jpg\",\"width\":1000,\"height\":1000,\"caption\":\"Polyester strapping\"},{\"@type\":\"BreadcrumbList\",\"@id\":\"https:\/\/qingdaohf.com\/product\/polyester-strapping\/#breadcrumb\",\"itemListElement\":[{\"@type\":\"ListItem\",\"position\":1,\"name\":\"Home\",\"item\":\"https:\/\/qingdaohf.com\/\"},{\"@type\":\"ListItem\",\"position\":2,\"name\":\"Concrete Forming Accessories and Rigging Hardware\",\"item\":\"https:\/\/qingdaohf.com\/bg\/?page_id=944\"},{\"@type\":\"ListItem\",\"position\":3,\"name\":\"Polyester Strapping\"}]},{\"@type\":\"WebSite\",\"@id\":\"https:\/\/qingdaohf.com\/bg\/#website\",\"url\":\"https:\/\/qingdaohf.com\/bg\/\",\"name\":\"Concrete Form & Rigging Hardware Supplier\",\"description\":\"\",\"publisher\":{\"@id\":\"https:\/\/qingdaohf.com\/bg\/#organization\"},\"potentialAction\":[{\"@type\":\"SearchAction\",\"target\":{\"@type\":\"EntryPoint\",\"urlTemplate\":\"https:\/\/qingdaohf.com\/bg\/?s={search_term_string}\"},\"query-input\":{\"@type\":\"PropertyValueSpecification\",\"valueRequired\":true,\"valueName\":\"search_term_string\"}}],\"inLanguage\":\"fr-FR\"},{\"@type\":\"Organization\",\"@id\":\"https:\/\/qingdaohf.com\/bg\/#organization\",\"name\":\"Qingdao H&F\",\"url\":\"https:\/\/qingdaohf.com\/bg\/\",\"logo\":{\"@type\":\"ImageObject\",\"inLanguage\":\"fr-FR\",\"@id\":\"https:\/\/qingdaohf.com\/bg\/#\/schema\/logo\/image\/\",\"url\":\"https:\/\/qingdaohf.com\/wp-content\/uploads\/2022\/12\/cropped-HF-LOGO.png\",\"contentUrl\":\"https:\/\/qingdaohf.com\/wp-content\/uploads\/2022\/12\/cropped-HF-LOGO.png\",\"width\":391,\"height\":249,\"caption\":\"Qingdao H&F\"},\"image\":{\"@id\":\"https:\/\/qingdaohf.com\/bg\/#\/schema\/logo\/image\/\"},\"sameAs\":[\"https:\/\/www.facebook.com\/qingdaohf\"]}]}<\/script>\n<!-- \/ Yoast SEO plugin. -->","yoast_head_json":{"title":"Polyester Strapping","robots":{"index":"index","follow":"follow","max-snippet":"max-snippet:-1","max-image-preview":"max-image-preview:large","max-video-preview":"max-video-preview:-1"},"canonical":"https:\/\/qingdaohf.com\/fr\/produit\/cerclage-en-polyester\/","og_locale":"fr_FR","og_type":"article","og_title":"Polyester Strapping","og_description":"Strong and reliable:\u00a0Holds heavy loads securely with high break strength.  Lightweight and flexible:\u00a0Easier to use and maneuver than steel strapping.  Rustproof and weatherproof:\u00a0Won't damage your goods or leave behind rusty stains.  Cost-effective:\u00a0Often cheaper than steel strapping, and less prone to breakage.  Eco-friendly:\u00a0Recyclable and a more sustainable choice than steel.  &nbsp;","og_url":"https:\/\/qingdaohf.com\/fr\/produit\/cerclage-en-polyester\/","og_site_name":"Concrete Form &amp; Rigging Hardware Supplier","article_publisher":"https:\/\/www.facebook.com\/qingdaohf","article_modified_time":"2025-11-13T01:03:39+00:00","og_image":[{"width":1000,"height":1000,"url":"https:\/\/qingdaohf.com\/wp-content\/uploads\/2024\/01\/Polyester-strapping-6.jpg","type":"image\/jpeg"}],"twitter_card":"summary_large_image","twitter_misc":{"Dur\u00e9e de lecture estim\u00e9e":"2 minutes"},"schema":{"@context":"https:\/\/schema.org","@graph":[{"@type":"WebPage","@id":"https:\/\/qingdaohf.com\/product\/polyester-strapping\/","url":"https:\/\/qingdaohf.com\/product\/polyester-strapping\/","name":"Polyester Strapping","isPartOf":{"@id":"https:\/\/qingdaohf.com\/bg\/#website"},"primaryImageOfPage":{"@id":"https:\/\/qingdaohf.com\/product\/polyester-strapping\/#primaryimage"},"image":{"@id":"https:\/\/qingdaohf.com\/product\/polyester-strapping\/#primaryimage"},"thumbnailUrl":"https:\/\/qingdaohf.com\/wp-content\/uploads\/2024\/01\/Polyester-strapping-6.jpg","datePublished":"2024-01-22T06:18:41+00:00","dateModified":"2025-11-13T01:03:39+00:00","breadcrumb":{"@id":"https:\/\/qingdaohf.com\/product\/polyester-strapping\/#breadcrumb"},"inLanguage":"fr-FR","potentialAction":[{"@type":"ReadAction","target":["https:\/\/qingdaohf.com\/product\/polyester-strapping\/"]}]},{"@type":"ImageObject","inLanguage":"fr-FR","@id":"https:\/\/qingdaohf.com\/product\/polyester-strapping\/#primaryimage","url":"https:\/\/qingdaohf.com\/wp-content\/uploads\/2024\/01\/Polyester-strapping-6.jpg","contentUrl":"https:\/\/qingdaohf.com\/wp-content\/uploads\/2024\/01\/Polyester-strapping-6.jpg","width":1000,"height":1000,"caption":"Polyester strapping"},{"@type":"BreadcrumbList","@id":"https:\/\/qingdaohf.com\/product\/polyester-strapping\/#breadcrumb","itemListElement":[{"@type":"ListItem","position":1,"name":"Home","item":"https:\/\/qingdaohf.com\/"},{"@type":"ListItem","position":2,"name":"Concrete Forming Accessories and Rigging Hardware","item":"https:\/\/qingdaohf.com\/bg\/?page_id=944"},{"@type":"ListItem","position":3,"name":"Polyester Strapping"}]},{"@type":"WebSite","@id":"https:\/\/qingdaohf.com\/bg\/#website","url":"https:\/\/qingdaohf.com\/bg\/","name":"Concrete Form & Rigging Hardware Supplier","description":"","publisher":{"@id":"https:\/\/qingdaohf.com\/bg\/#organization"},"potentialAction":[{"@type":"SearchAction","target":{"@type":"EntryPoint","urlTemplate":"https:\/\/qingdaohf.com\/bg\/?s={search_term_string}"},"query-input":{"@type":"PropertyValueSpecification","valueRequired":true,"valueName":"search_term_string"}}],"inLanguage":"fr-FR"},{"@type":"Organization","@id":"https:\/\/qingdaohf.com\/bg\/#organization","name":"Qingdao H&F","url":"https:\/\/qingdaohf.com\/bg\/","logo":{"@type":"ImageObject","inLanguage":"fr-FR","@id":"https:\/\/qingdaohf.com\/bg\/#\/schema\/logo\/image\/","url":"https:\/\/qingdaohf.com\/wp-content\/uploads\/2022\/12\/cropped-HF-LOGO.png","contentUrl":"https:\/\/qingdaohf.com\/wp-content\/uploads\/2022\/12\/cropped-HF-LOGO.png","width":391,"height":249,"caption":"Qingdao H&F"},"image":{"@id":"https:\/\/qingdaohf.com\/bg\/#\/schema\/logo\/image\/"},"sameAs":["https:\/\/www.facebook.com\/qingdaohf"]}]}},"_links":{"self":[{"href":"https:\/\/qingdaohf.com\/fr\/wp-json\/wp\/v2\/product\/6357","targetHints":{"allow":["GET"]}}],"collection":[{"href":"https:\/\/qingdaohf.com\/fr\/wp-json\/wp\/v2\/product"}],"about":[{"href":"https:\/\/qingdaohf.com\/fr\/wp-json\/wp\/v2\/types\/product"}],"replies":[{"embeddable":true,"href":"https:\/\/qingdaohf.com\/fr\/wp-json\/wp\/v2\/comments?post=6357"}],"version-history":[{"count":4,"href":"https:\/\/qingdaohf.com\/fr\/wp-json\/wp\/v2\/product\/6357\/revisions"}],"predecessor-version":[{"id":6375,"href":"https:\/\/qingdaohf.com\/fr\/wp-json\/wp\/v2\/product\/6357\/revisions\/6375"}],"wp:featuredmedia":[{"embeddable":true,"href":"https:\/\/qingdaohf.com\/fr\/wp-json\/wp\/v2\/media\/6363"}],"wp:attachment":[{"href":"https:\/\/qingdaohf.com\/fr\/wp-json\/wp\/v2\/media?parent=6357"}],"wp:term":[{"taxonomy":"product_brand","embeddable":true,"href":"https:\/\/qingdaohf.com\/fr\/wp-json\/wp\/v2\/product_brand?post=6357"},{"taxonomy":"product_cat","embeddable":true,"href":"https:\/\/qingdaohf.com\/fr\/wp-json\/wp\/v2\/product_cat?post=6357"},{"taxonomy":"product_tag","embeddable":true,"href":"https:\/\/qingdaohf.com\/fr\/wp-json\/wp\/v2\/product_tag?post=6357"}],"curies":[{"name":"wp","href":"https:\/\/api.w.org\/{rel}","templated":true}]}}