{"id":6443,"date":"2024-02-02T14:30:53","date_gmt":"2024-02-02T06:30:53","guid":{"rendered":"http:\/\/qingdaohf.com\/?post_type=product&#038;p=6443"},"modified":"2025-11-13T09:03:39","modified_gmt":"2025-11-13T01:03:39","slug":"wholesale-d-shackle-chain-shackle-for-lifting","status":"publish","type":"product","link":"https:\/\/qingdaohf.com\/fr\/produit\/manille-d-en-gros-manille-de-chaine-pour-le-levage\/","title":{"rendered":"Manille D en gros Manille de cha\u00eene pour levage"},"content":{"rendered":"<p>Les manilles D sont des composants essentiels de l'industrie du gr\u00e9ement et du levage, appr\u00e9ci\u00e9s pour leur stabilit\u00e9 et leur r\u00e9sistance dans les applications soumises \u00e0 de fortes contraintes. Avec leur forme en U distinctive et leur fermeture \u00e0 goupille s\u00fbre, les manilles D fournissent une connexion fiable pour une large gamme de t\u00e2ches de levage, de hissage et de remorquage. Les manilles D G210 et G2150 de Qingdao H&amp;F comptent parmi les mod\u00e8les les plus populaires du march\u00e9. Elles sont appr\u00e9ci\u00e9es par les professionnels de tous les secteurs pour leur r\u00e9sistance, leur durabilit\u00e9 et leur adaptabilit\u00e9.<\/p>\n<p>Les mod\u00e8les G210 et G2150 sont con\u00e7us pour supporter des charges lourdes tout en maintenant un niveau \u00e9lev\u00e9 de s\u00e9curit\u00e9 et de stabilit\u00e9. Le mod\u00e8le G210, connu pour sa polyvalence et son design arrondi, est couramment utilis\u00e9 dans les installations qui requi\u00e8rent de la flexibilit\u00e9. En revanche, le mod\u00e8le G2150, avec sa construction extra-robuste, est con\u00e7u pour supporter des applications plus extr\u00eames, offrant des capacit\u00e9s de charge accrues pour des limites de charge de travail (WLL) plus \u00e9lev\u00e9es. Chaque mod\u00e8le est fabriqu\u00e9 selon des sp\u00e9cifications pr\u00e9cises, garantissant la compatibilit\u00e9 avec diff\u00e9rents syst\u00e8mes de gr\u00e9ement et un haut niveau de performance sous pression.<\/p>\n<p>En tant que grossiste de confiance en manilles D, Qingdao H&amp;F s'engage \u00e0 fournir des produits de qualit\u00e9 sup\u00e9rieure qui r\u00e9pondent aux exigences rigoureuses des professionnels du levage et du gr\u00e9ement. Avec une vari\u00e9t\u00e9 de tailles et de WLL, de 0,33 tonnes \u00e0 150 tonnes et des tailles allant de 1\/4 de pouce \u00e0 3 pouces, notre inventaire est con\u00e7u pour servir les acheteurs qui recherchent des solutions fiables pour des projets de toute envergure.<\/p>\n<h3>Avantages de choisir Qingdao H&amp;F : service sur mesure et livraison efficace<\/h3>\n<p>Chez Qingdao H&amp;F, nous comprenons l'importance d'une exp\u00e9rience d'achat transparente et efficace. Les acheteurs privil\u00e9gient la qualit\u00e9, la rapidit\u00e9 et la confiance dans leurs fournisseurs, c'est pourquoi nous avons mis en place une approche de service centr\u00e9e sur le client. Chaque client b\u00e9n\u00e9ficie de notre service client personnalis\u00e9, o\u00f9 une assistance d\u00e9di\u00e9e veille \u00e0 ce qu'il trouve le mod\u00e8le de manille le mieux adapt\u00e9 \u00e0 ses besoins sp\u00e9cifiques. Nous travaillons en \u00e9troite collaboration avec les acheteurs pour comprendre les exigences de leurs projets et les aider \u00e0 choisir entre la G210 polyvalente et la G2150 robuste, toutes deux r\u00e9put\u00e9es pour leur fiabilit\u00e9 dans les environnements difficiles.<\/p>\n<p>Au-del\u00e0 de la qualit\u00e9 des produits, notre mod\u00e8le de service met l'accent sur des cycles de livraison rapides et une transparence totale, en fournissant des rapports d'inspection de la qualit\u00e9 avec chaque exp\u00e9dition. Ces rapports d\u00e9taillent les sp\u00e9cifications, les performances et les normes de s\u00e9curit\u00e9 de nos manilles, ce qui permet aux acheteurs d'avoir confiance en leur achat et de s'assurer que le produit est pr\u00eat \u00e0 \u00eatre utilis\u00e9 imm\u00e9diatement. En assurant une logistique efficace et un processus de service rationalis\u00e9, Qingdao H&amp;F minimise les retards et aide ses clients \u00e0 maintenir l'\u00e9lan de leurs projets.<\/p>\n<p>La confiance de nos clients repose sur notre engagement \u00e0 fournir des produits de haute qualit\u00e9, soutenus par une \u00e9quipe r\u00e9active qui comprend les enjeux des applications de levage \u00e0 usage intensif. Avec Qingdao H&amp;F, les acheteurs b\u00e9n\u00e9ficient d'une approche proactive des solutions de gr\u00e9ement, ax\u00e9e sur l'efficacit\u00e9, la qualit\u00e9 et la fiabilit\u00e9.<\/p>\n<h3>Manilles G210 et G2150 D : Une gamme de limites de charge et de dimensions<\/h3>\n<p>La diversit\u00e9 des projets n\u00e9cessite un large choix de tailles et de limites de charge de travail (WLL), et nos manilles G210 et G2150 offrent pr\u00e9cis\u00e9ment cette flexibilit\u00e9. Chaque mod\u00e8le est disponible avec des WLL allant de 0,33 tonne \u00e0 150 tonnes, ce qui permet aux acheteurs de s\u00e9lectionner les manilles qui r\u00e9pondent le mieux aux exigences sp\u00e9cifiques de leurs applications. Gr\u00e2ce \u00e0 cette gamme compl\u00e8te, nos manilles sont id\u00e9ales pour les t\u00e2ches de gr\u00e9ement l\u00e9g\u00e8res comme pour les applications de support de charge les plus exigeantes, garantissant une adaptabilit\u00e9 sans compromis sur les performances.<\/p>\n<p>Nos manilles G210 et G2150 sont \u00e9galement disponibles dans une vari\u00e9t\u00e9 de tailles, de 1\/4 de pouce \u00e0 3 pouces. Le mod\u00e8le G210, caract\u00e9ris\u00e9 par une conception plus compacte, convient aux t\u00e2ches de levage mod\u00e9r\u00e9es n\u00e9cessitant de la flexibilit\u00e9. Le mod\u00e8le G2150, quant \u00e0 lui, est con\u00e7u pour des applications plus r\u00e9sistantes, avec une durabilit\u00e9 accrue pour supporter les conditions de levage les plus intenses. Chaque taille de manille fait l'objet d'un processus d'\u00e9talonnage minutieux afin de garantir une qualit\u00e9 et des performances uniformes, de sorte que les acheteurs peuvent compter sur des r\u00e9sultats constants, quelles que soient les exigences du projet.<\/p>\n<p>Avec les mod\u00e8les G210 et G2150, les acheteurs ont acc\u00e8s \u00e0 des manilles capables de relever divers d\u00e9fis en mati\u00e8re de gr\u00e9ement et d'apporter un soutien fiable \u00e0 des projets complexes. Ces mod\u00e8les ont acquis une r\u00e9putation de performance exceptionnelle, ce qui en fait le choix pr\u00e9f\u00e9r\u00e9 des professionnels du gr\u00e9ement.<\/p>\n<p><strong>Manille G210<\/strong><\/p>\n<p><img fetchpriority=\"high\" decoding=\"async\" class=\"alignnone size-full wp-image-3813\" src=\"http:\/\/qingdaohf.com\/wp-content\/uploads\/2023\/05\/G209-G210-shackle.jpg\" alt=\"Manille G209 G210\" width=\"1000\" height=\"1296\" srcset=\"https:\/\/qingdaohf.com\/wp-content\/uploads\/2023\/05\/G209-G210-shackle.jpg 1000w, https:\/\/qingdaohf.com\/wp-content\/uploads\/2023\/05\/G209-G210-shackle-231x300.jpg 231w, https:\/\/qingdaohf.com\/wp-content\/uploads\/2023\/05\/G209-G210-shackle-790x1024.jpg 790w, https:\/\/qingdaohf.com\/wp-content\/uploads\/2023\/05\/G209-G210-shackle-768x995.jpg 768w\" sizes=\"(max-width: 1000px) 100vw, 1000px\" \/><\/p>\n<p><strong>Manille G2150<\/strong><\/p>\n<p>&nbsp;<\/p>\n<p><img decoding=\"async\" class=\"alignnone size-full wp-image-3817\" src=\"http:\/\/qingdaohf.com\/wp-content\/uploads\/2023\/05\/2150.jpg\" alt=\"Manille 2150\" width=\"1000\" height=\"950\" srcset=\"https:\/\/qingdaohf.com\/wp-content\/uploads\/2023\/05\/2150.jpg 1000w, https:\/\/qingdaohf.com\/wp-content\/uploads\/2023\/05\/2150-300x285.jpg 300w, https:\/\/qingdaohf.com\/wp-content\/uploads\/2023\/05\/2150-768x730.jpg 768w\" sizes=\"(max-width: 1000px) 100vw, 1000px\" \/><\/p>\n<h3>Normes de qualit\u00e9 et de s\u00e9curit\u00e9 : Des tests rigoureux pour des performances fiables<\/h3>\n<p>La s\u00e9curit\u00e9 et la qualit\u00e9 sont des aspects fondamentaux de notre processus de fabrication \u00e0 Qingdao H&amp;F. Chaque manille D G210 et G2150 fait l'objet d'un contr\u00f4le de qualit\u00e9 rigoureux afin de garantir sa conformit\u00e9 aux normes de s\u00e9curit\u00e9 internationales. Nous savons que les manilles D jouent un r\u00f4le essentiel dans les op\u00e9rations de support de charge, et c'est pourquoi nos produits sont test\u00e9s pour offrir des performances constantes sous pression. De la production initiale \u00e0 l'inspection finale, nous maintenons une approche approfondie de l'assurance qualit\u00e9, ce qui se traduit par des produits auxquels les acheteurs peuvent faire confiance.<\/p>\n<p>Nos manilles D sont con\u00e7ues pour r\u00e9sister \u00e0 l'usure, \u00e0 la corrosion et \u00e0 d'autres facteurs susceptibles de compromettre les performances dans des environnements difficiles. Qu'ils soient utilis\u00e9s dans la construction, le levage industriel ou le secteur maritime, nos mod\u00e8les G210 et G2150 sont con\u00e7us pour durer, offrant une r\u00e9sistance fiable sur une utilisation prolong\u00e9e. Notre engagement en faveur de la qualit\u00e9 va au-del\u00e0 du produit lui-m\u00eame, puisque nous proposons des rapports d'inspection de la qualit\u00e9 d\u00e9taill\u00e9s avec chaque exp\u00e9dition, offrant aux acheteurs une transparence totale sur les sp\u00e9cifications et les normes de s\u00e9curit\u00e9 de chaque manille qu'ils ach\u00e8tent.<\/p>\n<p>En maintenant des normes \u00e9lev\u00e9es tout au long de notre processus de production et en offrant des informations claires et accessibles sur les produits, Qingdao H&amp;F continue \u00e0 \u00e9tablir une r\u00e9f\u00e9rence \u00e9lev\u00e9e en mati\u00e8re de qualit\u00e9 et de s\u00e9curit\u00e9 dans l'industrie du mat\u00e9riel de gr\u00e9ement.<\/p>\n<h3>Conclusion sur la manille en D<\/h3>\n<p>Les manilles G210 et G2150 D de Qingdao H&amp;F offrent aux acheteurs des solutions robustes pour leurs besoins en mati\u00e8re de levage et de gr\u00e9ement. Con\u00e7us pour \u00eatre polyvalents et r\u00e9sistants, ces mod\u00e8les r\u00e9pondent aux exigences de diverses industries, de la construction au secteur maritime. Les acheteurs font confiance \u00e0 nos manilles D pour obtenir des performances constantes, soutenues par notre engagement \u00e0 fournir un service ax\u00e9 sur le client, une livraison rapide et des rapports de qualit\u00e9 transparents. Avec Qingdao H&amp;F, les acheteurs n'investissent pas seulement dans du mat\u00e9riel durable et performant, mais aussi dans un partenariat fond\u00e9 sur la confiance, l'expertise et le d\u00e9vouement \u00e0 la r\u00e9ussite du client. Nous invitons les acheteurs \u00e0 d\u00e9couvrir la diff\u00e9rence que nos produits et services peuvent faire dans la r\u00e9alisation d'op\u00e9rations de gr\u00e9ement s\u00fbres et fiables.<\/p>","protected":false},"excerpt":{"rendered":"<p>Nos manilles D sont disponibles avec une gamme de limites de charge de travail (WLL) allant de 0,33 \u00e0 150 tonnes et des tailles allant de 1\/4 de pouce \u00e0 3 pouces, ce qui les rend adapt\u00e9es aux applications dans les secteurs de la construction, de la marine et de l'industrie. Conscients des principales pr\u00e9occupations des acheteurs, nous leur garantissons une exp\u00e9rience d'achat sans faille gr\u00e2ce \u00e0 un service client\u00e8le personnalis\u00e9, un cycle de livraison rapide et des rapports d'inspection de la qualit\u00e9 d\u00e9taill\u00e9s pour chaque produit. Nous nous engageons \u00e0 fournir aux acheteurs les produits fiables et performants dont ils ont besoin pour les environnements exigeants.<\/p>","protected":false},"featured_media":6470,"comment_status":"open","ping_status":"closed","template":"","meta":{"site-sidebar-layout":"default","site-content-layout":"","ast-site-content-layout":"default","site-content-style":"default","site-sidebar-style":"default","ast-global-header-display":"","ast-banner-title-visibility":"","ast-main-header-display":"","ast-hfb-above-header-display":"","ast-hfb-below-header-display":"","ast-hfb-mobile-header-display":"","site-post-title":"","ast-breadcrumbs-content":"","ast-featured-img":"","footer-sml-layout":"","theme-transparent-header-meta":"default","adv-header-id-meta":"","stick-header-meta":"default","header-above-stick-meta":"","header-main-stick-meta":"","header-below-stick-meta":"","astra-migrate-meta-layouts":"set","ast-page-background-enabled":"default","ast-page-background-meta":{"desktop":{"background-color":"","background-image":"","background-repeat":"repeat","background-position":"center center","background-size":"auto","background-attachment":"scroll","background-type":"","background-media":"","overlay-type":"","overlay-color":"","overlay-opacity":"","overlay-gradient":""},"tablet":{"background-color":"","background-image":"","background-repeat":"repeat","background-position":"center center","background-size":"auto","background-attachment":"scroll","background-type":"","background-media":"","overlay-type":"","overlay-color":"","overlay-opacity":"","overlay-gradient":""},"mobile":{"background-color":"","background-image":"","background-repeat":"repeat","background-position":"center center","background-size":"auto","background-attachment":"scroll","background-type":"","background-media":"","overlay-type":"","overlay-color":"","overlay-opacity":"","overlay-gradient":""}},"ast-content-background-meta":{"desktop":{"background-color":"var(--ast-global-color-5)","background-image":"","background-repeat":"repeat","background-position":"center center","background-size":"auto","background-attachment":"scroll","background-type":"","background-media":"","overlay-type":"","overlay-color":"","overlay-opacity":"","overlay-gradient":""},"tablet":{"background-color":"var(--ast-global-color-5)","background-image":"","background-repeat":"repeat","background-position":"center center","background-size":"auto","background-attachment":"scroll","background-type":"","background-media":"","overlay-type":"","overlay-color":"","overlay-opacity":"","overlay-gradient":""},"mobile":{"background-color":"var(--ast-global-color-5)","background-image":"","background-repeat":"repeat","background-position":"center center","background-size":"auto","background-attachment":"scroll","background-type":"","background-media":"","overlay-type":"","overlay-color":"","overlay-opacity":"","overlay-gradient":""}}},"product_brand":[],"product_cat":[51,54],"product_tag":[],"class_list":{"0":"post-6443","1":"product","2":"type-product","3":"status-publish","4":"has-post-thumbnail","6":"product_cat-riggging-hardware","7":"product_cat-shackle","8":"desktop-align-left","9":"tablet-align-left","10":"mobile-align-left","11":"ast-product-gallery-layout-horizontal-slider","12":"ast-product-tabs-layout-horizontal","14":"first","15":"instock","16":"shipping-taxable","17":"purchasable","18":"product-type-simple"},"yoast_head":"<!-- This site is optimized with the Yoast SEO plugin v25.2 - https:\/\/yoast.com\/wordpress\/plugins\/seo\/ -->\n<title>Wholesale D Shackle Chain Shackle for Lifting<\/title>\n<meta name=\"description\" content=\"Dee shackles, are engineered for durability and strength, ensuring dependable performance in diverse environments.\" \/>\n<meta name=\"robots\" content=\"index, follow, max-snippet:-1, max-image-preview:large, max-video-preview:-1\" \/>\n<link rel=\"canonical\" href=\"https:\/\/qingdaohf.com\/fr\/produit\/manille-d-en-gros-manille-de-chaine-pour-le-levage\/\" \/>\n<meta property=\"og:locale\" content=\"fr_FR\" \/>\n<meta property=\"og:type\" content=\"article\" \/>\n<meta property=\"og:title\" content=\"Wholesale D Shackle Chain Shackle for Lifting\" \/>\n<meta property=\"og:description\" content=\"Dee shackles, are engineered for durability and strength, ensuring dependable performance in diverse environments.\" \/>\n<meta property=\"og:url\" content=\"https:\/\/qingdaohf.com\/fr\/produit\/manille-d-en-gros-manille-de-chaine-pour-le-levage\/\" \/>\n<meta property=\"og:site_name\" content=\"Concrete Form &amp; Rigging Hardware Supplier\" \/>\n<meta property=\"article:publisher\" content=\"https:\/\/www.facebook.com\/qingdaohf\" \/>\n<meta property=\"article:modified_time\" content=\"2025-11-13T01:03:39+00:00\" \/>\n<meta property=\"og:image\" content=\"https:\/\/qingdaohf.com\/wp-content\/uploads\/2024\/02\/HF-SHACKLE-6.jpg\" \/>\n\t<meta property=\"og:image:width\" content=\"1000\" \/>\n\t<meta property=\"og:image:height\" content=\"1000\" \/>\n\t<meta property=\"og:image:type\" content=\"image\/jpeg\" \/>\n<meta name=\"twitter:card\" content=\"summary_large_image\" \/>\n<meta name=\"twitter:label1\" content=\"Dur\u00e9e de lecture estim\u00e9e\" \/>\n\t<meta name=\"twitter:data1\" content=\"5 minutes\" \/>\n<script type=\"application\/ld+json\" class=\"yoast-schema-graph\">{\"@context\":\"https:\/\/schema.org\",\"@graph\":[{\"@type\":\"WebPage\",\"@id\":\"https:\/\/qingdaohf.com\/product\/wholesale-d-shackle-chain-shackle-for-lifting\/\",\"url\":\"https:\/\/qingdaohf.com\/product\/wholesale-d-shackle-chain-shackle-for-lifting\/\",\"name\":\"Wholesale D Shackle Chain Shackle for Lifting\",\"isPartOf\":{\"@id\":\"https:\/\/qingdaohf.com\/bg\/#website\"},\"primaryImageOfPage\":{\"@id\":\"https:\/\/qingdaohf.com\/product\/wholesale-d-shackle-chain-shackle-for-lifting\/#primaryimage\"},\"image\":{\"@id\":\"https:\/\/qingdaohf.com\/product\/wholesale-d-shackle-chain-shackle-for-lifting\/#primaryimage\"},\"thumbnailUrl\":\"https:\/\/qingdaohf.com\/wp-content\/uploads\/2024\/02\/HF-SHACKLE-6.jpg\",\"datePublished\":\"2024-02-02T06:30:53+00:00\",\"dateModified\":\"2025-11-13T01:03:39+00:00\",\"description\":\"Dee shackles, are engineered for durability and strength, ensuring dependable performance in diverse environments.\",\"breadcrumb\":{\"@id\":\"https:\/\/qingdaohf.com\/product\/wholesale-d-shackle-chain-shackle-for-lifting\/#breadcrumb\"},\"inLanguage\":\"fr-FR\",\"potentialAction\":[{\"@type\":\"ReadAction\",\"target\":[\"https:\/\/qingdaohf.com\/product\/wholesale-d-shackle-chain-shackle-for-lifting\/\"]}]},{\"@type\":\"ImageObject\",\"inLanguage\":\"fr-FR\",\"@id\":\"https:\/\/qingdaohf.com\/product\/wholesale-d-shackle-chain-shackle-for-lifting\/#primaryimage\",\"url\":\"https:\/\/qingdaohf.com\/wp-content\/uploads\/2024\/02\/HF-SHACKLE-6.jpg\",\"contentUrl\":\"https:\/\/qingdaohf.com\/wp-content\/uploads\/2024\/02\/HF-SHACKLE-6.jpg\",\"width\":1000,\"height\":1000,\"caption\":\"D SHACKLE\"},{\"@type\":\"BreadcrumbList\",\"@id\":\"https:\/\/qingdaohf.com\/product\/wholesale-d-shackle-chain-shackle-for-lifting\/#breadcrumb\",\"itemListElement\":[{\"@type\":\"ListItem\",\"position\":1,\"name\":\"Home\",\"item\":\"https:\/\/qingdaohf.com\/\"},{\"@type\":\"ListItem\",\"position\":2,\"name\":\"Concrete Forming Accessories and Rigging Hardware\",\"item\":\"https:\/\/qingdaohf.com\/bg\/?page_id=944\"},{\"@type\":\"ListItem\",\"position\":3,\"name\":\"Wholesale D Shackle Chain Shackle for Lifting\"}]},{\"@type\":\"WebSite\",\"@id\":\"https:\/\/qingdaohf.com\/bg\/#website\",\"url\":\"https:\/\/qingdaohf.com\/bg\/\",\"name\":\"Concrete Form & Rigging Hardware Supplier\",\"description\":\"\",\"publisher\":{\"@id\":\"https:\/\/qingdaohf.com\/bg\/#organization\"},\"potentialAction\":[{\"@type\":\"SearchAction\",\"target\":{\"@type\":\"EntryPoint\",\"urlTemplate\":\"https:\/\/qingdaohf.com\/bg\/?s={search_term_string}\"},\"query-input\":{\"@type\":\"PropertyValueSpecification\",\"valueRequired\":true,\"valueName\":\"search_term_string\"}}],\"inLanguage\":\"fr-FR\"},{\"@type\":\"Organization\",\"@id\":\"https:\/\/qingdaohf.com\/bg\/#organization\",\"name\":\"Qingdao H&F\",\"url\":\"https:\/\/qingdaohf.com\/bg\/\",\"logo\":{\"@type\":\"ImageObject\",\"inLanguage\":\"fr-FR\",\"@id\":\"https:\/\/qingdaohf.com\/bg\/#\/schema\/logo\/image\/\",\"url\":\"https:\/\/qingdaohf.com\/wp-content\/uploads\/2022\/12\/cropped-HF-LOGO.png\",\"contentUrl\":\"https:\/\/qingdaohf.com\/wp-content\/uploads\/2022\/12\/cropped-HF-LOGO.png\",\"width\":391,\"height\":249,\"caption\":\"Qingdao H&F\"},\"image\":{\"@id\":\"https:\/\/qingdaohf.com\/bg\/#\/schema\/logo\/image\/\"},\"sameAs\":[\"https:\/\/www.facebook.com\/qingdaohf\"]}]}<\/script>\n<!-- \/ Yoast SEO plugin. -->","yoast_head_json":{"title":"Wholesale D Shackle Chain Shackle for Lifting","description":"Dee shackles, are engineered for durability and strength, ensuring dependable performance in diverse environments.","robots":{"index":"index","follow":"follow","max-snippet":"max-snippet:-1","max-image-preview":"max-image-preview:large","max-video-preview":"max-video-preview:-1"},"canonical":"https:\/\/qingdaohf.com\/fr\/produit\/manille-d-en-gros-manille-de-chaine-pour-le-levage\/","og_locale":"fr_FR","og_type":"article","og_title":"Wholesale D Shackle Chain Shackle for Lifting","og_description":"Dee shackles, are engineered for durability and strength, ensuring dependable performance in diverse environments.","og_url":"https:\/\/qingdaohf.com\/fr\/produit\/manille-d-en-gros-manille-de-chaine-pour-le-levage\/","og_site_name":"Concrete Form &amp; Rigging Hardware Supplier","article_publisher":"https:\/\/www.facebook.com\/qingdaohf","article_modified_time":"2025-11-13T01:03:39+00:00","og_image":[{"width":1000,"height":1000,"url":"https:\/\/qingdaohf.com\/wp-content\/uploads\/2024\/02\/HF-SHACKLE-6.jpg","type":"image\/jpeg"}],"twitter_card":"summary_large_image","twitter_misc":{"Dur\u00e9e de lecture estim\u00e9e":"5 minutes"},"schema":{"@context":"https:\/\/schema.org","@graph":[{"@type":"WebPage","@id":"https:\/\/qingdaohf.com\/product\/wholesale-d-shackle-chain-shackle-for-lifting\/","url":"https:\/\/qingdaohf.com\/product\/wholesale-d-shackle-chain-shackle-for-lifting\/","name":"Wholesale D Shackle Chain Shackle for Lifting","isPartOf":{"@id":"https:\/\/qingdaohf.com\/bg\/#website"},"primaryImageOfPage":{"@id":"https:\/\/qingdaohf.com\/product\/wholesale-d-shackle-chain-shackle-for-lifting\/#primaryimage"},"image":{"@id":"https:\/\/qingdaohf.com\/product\/wholesale-d-shackle-chain-shackle-for-lifting\/#primaryimage"},"thumbnailUrl":"https:\/\/qingdaohf.com\/wp-content\/uploads\/2024\/02\/HF-SHACKLE-6.jpg","datePublished":"2024-02-02T06:30:53+00:00","dateModified":"2025-11-13T01:03:39+00:00","description":"Dee shackles, are engineered for durability and strength, ensuring dependable performance in diverse environments.","breadcrumb":{"@id":"https:\/\/qingdaohf.com\/product\/wholesale-d-shackle-chain-shackle-for-lifting\/#breadcrumb"},"inLanguage":"fr-FR","potentialAction":[{"@type":"ReadAction","target":["https:\/\/qingdaohf.com\/product\/wholesale-d-shackle-chain-shackle-for-lifting\/"]}]},{"@type":"ImageObject","inLanguage":"fr-FR","@id":"https:\/\/qingdaohf.com\/product\/wholesale-d-shackle-chain-shackle-for-lifting\/#primaryimage","url":"https:\/\/qingdaohf.com\/wp-content\/uploads\/2024\/02\/HF-SHACKLE-6.jpg","contentUrl":"https:\/\/qingdaohf.com\/wp-content\/uploads\/2024\/02\/HF-SHACKLE-6.jpg","width":1000,"height":1000,"caption":"D SHACKLE"},{"@type":"BreadcrumbList","@id":"https:\/\/qingdaohf.com\/product\/wholesale-d-shackle-chain-shackle-for-lifting\/#breadcrumb","itemListElement":[{"@type":"ListItem","position":1,"name":"Home","item":"https:\/\/qingdaohf.com\/"},{"@type":"ListItem","position":2,"name":"Concrete Forming Accessories and Rigging Hardware","item":"https:\/\/qingdaohf.com\/bg\/?page_id=944"},{"@type":"ListItem","position":3,"name":"Wholesale D Shackle Chain Shackle for Lifting"}]},{"@type":"WebSite","@id":"https:\/\/qingdaohf.com\/bg\/#website","url":"https:\/\/qingdaohf.com\/bg\/","name":"Concrete Form & Rigging Hardware Supplier","description":"","publisher":{"@id":"https:\/\/qingdaohf.com\/bg\/#organization"},"potentialAction":[{"@type":"SearchAction","target":{"@type":"EntryPoint","urlTemplate":"https:\/\/qingdaohf.com\/bg\/?s={search_term_string}"},"query-input":{"@type":"PropertyValueSpecification","valueRequired":true,"valueName":"search_term_string"}}],"inLanguage":"fr-FR"},{"@type":"Organization","@id":"https:\/\/qingdaohf.com\/bg\/#organization","name":"Qingdao H&F","url":"https:\/\/qingdaohf.com\/bg\/","logo":{"@type":"ImageObject","inLanguage":"fr-FR","@id":"https:\/\/qingdaohf.com\/bg\/#\/schema\/logo\/image\/","url":"https:\/\/qingdaohf.com\/wp-content\/uploads\/2022\/12\/cropped-HF-LOGO.png","contentUrl":"https:\/\/qingdaohf.com\/wp-content\/uploads\/2022\/12\/cropped-HF-LOGO.png","width":391,"height":249,"caption":"Qingdao H&F"},"image":{"@id":"https:\/\/qingdaohf.com\/bg\/#\/schema\/logo\/image\/"},"sameAs":["https:\/\/www.facebook.com\/qingdaohf"]}]}},"_links":{"self":[{"href":"https:\/\/qingdaohf.com\/fr\/wp-json\/wp\/v2\/product\/6443","targetHints":{"allow":["GET"]}}],"collection":[{"href":"https:\/\/qingdaohf.com\/fr\/wp-json\/wp\/v2\/product"}],"about":[{"href":"https:\/\/qingdaohf.com\/fr\/wp-json\/wp\/v2\/types\/product"}],"replies":[{"embeddable":true,"href":"https:\/\/qingdaohf.com\/fr\/wp-json\/wp\/v2\/comments?post=6443"}],"version-history":[{"count":10,"href":"https:\/\/qingdaohf.com\/fr\/wp-json\/wp\/v2\/product\/6443\/revisions"}],"predecessor-version":[{"id":8212,"href":"https:\/\/qingdaohf.com\/fr\/wp-json\/wp\/v2\/product\/6443\/revisions\/8212"}],"wp:featuredmedia":[{"embeddable":true,"href":"https:\/\/qingdaohf.com\/fr\/wp-json\/wp\/v2\/media\/6470"}],"wp:attachment":[{"href":"https:\/\/qingdaohf.com\/fr\/wp-json\/wp\/v2\/media?parent=6443"}],"wp:term":[{"taxonomy":"product_brand","embeddable":true,"href":"https:\/\/qingdaohf.com\/fr\/wp-json\/wp\/v2\/product_brand?post=6443"},{"taxonomy":"product_cat","embeddable":true,"href":"https:\/\/qingdaohf.com\/fr\/wp-json\/wp\/v2\/product_cat?post=6443"},{"taxonomy":"product_tag","embeddable":true,"href":"https:\/\/qingdaohf.com\/fr\/wp-json\/wp\/v2\/product_tag?post=6443"}],"curies":[{"name":"wp","href":"https:\/\/api.w.org\/{rel}","templated":true}]}}