{"id":6447,"date":"2024-02-01T17:45:13","date_gmt":"2024-02-01T09:45:13","guid":{"rendered":"http:\/\/qingdaohf.com\/?post_type=product&#038;p=6447"},"modified":"2025-11-13T09:03:39","modified_gmt":"2025-11-13T01:03:39","slug":"bow-shackle-anchor-shackle-for-lifting","status":"publish","type":"product","link":"https:\/\/qingdaohf.com\/fr\/produit\/manille-de-proue-manille-dancre-pour-le-levage\/","title":{"rendered":"Manille d'\u00e9trave robuste | Manille d'ancre pour le levage"},"content":{"rendered":"<p>Bienvenue chez H&amp;F, votre premi\u00e8re destination pour les manilles d'\u00e9trave et d'ancre galvanis\u00e9es de haute qualit\u00e9, con\u00e7ues pour r\u00e9pondre \u00e0 toutes vos exigences en mati\u00e8re de levage, de remorquage et de gr\u00e9ement. En tant que principal fournisseur de manilles sp\u00e9cialis\u00e9 dans la distribution en gros, nous sommes fiers d'offrir une gamme compl\u00e8te de manilles d'ancrage et d'\u00e9trave fabriqu\u00e9es \u00e0 partir de mat\u00e9riaux de premi\u00e8re qualit\u00e9 afin de garantir des performances sup\u00e9rieures et une durabilit\u00e9 dans chaque application.<\/p>\n<ol>\n<li>Mat\u00e9riau galvanis\u00e9 de premi\u00e8re qualit\u00e9 : Nos manilles d'\u00e9trave et d'ancre sont m\u00e9ticuleusement fabriqu\u00e9es en acier galvanis\u00e9 de haute qualit\u00e9, ce qui leur conf\u00e8re une r\u00e9sistance exceptionnelle \u00e0 la corrosion et une longue dur\u00e9e de vie, m\u00eame dans les environnements les plus exigeants.<\/li>\n<li>Applications polyvalentes : Qu'il s'agisse de soulever des charges lourdes, de remorquer des \u00e9quipements ou de fixer divers composants, nos manilles d'\u00e9trave et d'ancre sont con\u00e7ues pour offrir des performances fiables dans une large gamme d'applications.<\/li>\n<li>Large gamme de mod\u00e8les : Choisissez parmi notre vaste s\u00e9lection de manilles d'\u00e9trave et d'ancre, y compris des mod\u00e8les populaires tels que G209, G213, G2140, G2160 et G2169. Chacun d'entre eux est con\u00e7u pour r\u00e9pondre aux normes et exigences sp\u00e9cifiques de l'industrie.<\/li>\n<li>Prix de gros : En tant que fournisseur de manilles en gros, nous offrons des prix comp\u00e9titifs sur les commandes en gros, ce qui vous permet de maximiser les \u00e9conomies tout en garantissant des produits de qualit\u00e9 sup\u00e9rieure pour les besoins de votre entreprise.<\/li>\n<\/ol>\n<p>Solutions aux pr\u00e9occupations courantes des acheteurs :<\/p>\n<ol>\n<li>Assurance qualit\u00e9 : Nous comprenons que les acheteurs de manilles en grandes quantit\u00e9s soient pr\u00e9occup\u00e9s par la qualit\u00e9 des produits. Soyez assur\u00e9s que nos manilles d'arc et d'ancre sont soumises \u00e0 des mesures de contr\u00f4le de la qualit\u00e9 rigoureuses \u00e0 chaque \u00e9tape de la production afin de garantir qu'elles respectent ou d\u00e9passent les normes industrielles en mati\u00e8re de fiabilit\u00e9 et de performance.<\/li>\n<li>Compatibilit\u00e9 et adaptation : Avec une large gamme de mod\u00e8les disponibles, nous fournissons des sp\u00e9cifications d\u00e9taill\u00e9es et des informations de compatibilit\u00e9 pour chaque manille d'\u00e9trave et d'ancre, ce qui permet aux acheteurs de s\u00e9lectionner facilement le bon produit pour leur application sp\u00e9cifique.<\/li>\n<li>Prix de gros et remises : Nous proposons des prix de gros comp\u00e9titifs et des remises int\u00e9ressantes sur les commandes en gros, ce qui permet aux acheteurs d'optimiser leurs co\u00fbts d'approvisionnement sans compromettre la qualit\u00e9.<\/li>\n<li>Livraison en temps voulu : Notre gestion efficace de la cha\u00eene d'approvisionnement garantit la livraison en temps voulu des commandes en gros, minimisant ainsi les temps d'arr\u00eat et garantissant des op\u00e9rations ininterrompues pour nos clients.<\/li>\n<li>Une assistance client\u00e8le d\u00e9vou\u00e9e : Notre \u00e9quipe de professionnels exp\u00e9riment\u00e9s se consacre \u00e0 fournir un service client\u00e8le exceptionnel, en aidant les acheteurs \u00e0 s\u00e9lectionner les produits et les options de personnalisation, et en r\u00e9pondant rapidement et efficacement \u00e0 toutes les questions ou pr\u00e9occupations.<\/li>\n<\/ol>\n<p>Limites de charge d'utilisation (WLL) et dimensions des manilles d'\u00e9trave :<\/p>\n<p><strong>WLLs<\/strong>: 0,33 tonne, 0,5 tonne, 0,75 tonne, 1 tonne, 1,5 tonne, 2 tonnes, 3,25 tonnes, 4,75 tonnes, 6,5 tonnes, 8,5 tonnes, 9,5 tonnes, 12 tonnes, 13,5 tonnes, 17 tonnes, 25 tonnes, 35 tonnes, 55 tonnes, 85 tonnes, 120 tonnes, 150 tonnes.<\/p>\n<p><strong>Tailles<\/strong>: 1\/4 pouce, 3\/8 pouce, 1\/2 pouce, 5\/8 pouce, 3\/4 pouce, 7\/8 pouce, 1 pouce, 1-1\/4 pouce, 1-1\/2 pouce, 1-3\/4 pouce, 2 pouces, 2-1\/2 pouces, 3 pouces<\/p>\n<p><img fetchpriority=\"high\" decoding=\"async\" class=\"alignnone size-full wp-image-6475\" src=\"http:\/\/qingdaohf.com\/wp-content\/uploads\/2024\/02\/shackle-collection-4.jpg\" alt=\"manille \u00e0 usage intensif\" width=\"1000\" height=\"559\" srcset=\"https:\/\/qingdaohf.com\/wp-content\/uploads\/2024\/02\/shackle-collection-4.jpg 1000w, https:\/\/qingdaohf.com\/wp-content\/uploads\/2024\/02\/shackle-collection-4-300x168.jpg 300w, https:\/\/qingdaohf.com\/wp-content\/uploads\/2024\/02\/shackle-collection-4-768x429.jpg 768w\" sizes=\"(max-width: 1000px) 100vw, 1000px\" \/><\/p>","protected":false},"excerpt":{"rendered":"<p>Nos manilles d'ancrage d'\u00e9trave pr\u00e9sentent une conception robuste et arrondie qui assure une r\u00e9partition optimale de la charge et r\u00e9duit les contraintes, ce qui les rend id\u00e9ales pour diverses applications dans tous les secteurs d'activit\u00e9. Con\u00e7ues avec des mat\u00e9riaux de haute qualit\u00e9 et une fabrication de pr\u00e9cision, ces manilles offrent une durabilit\u00e9 et des performances exceptionnelles, m\u00eame dans les environnements les plus exigeants. Faites confiance \u00e0 nos manilles d'ancrage pour am\u00e9liorer l'efficacit\u00e9, la s\u00e9curit\u00e9 et la productivit\u00e9 de vos op\u00e9rations.<\/p>","protected":false},"featured_media":6465,"comment_status":"open","ping_status":"closed","template":"","meta":{"site-sidebar-layout":"default","site-content-layout":"","ast-site-content-layout":"default","site-content-style":"default","site-sidebar-style":"default","ast-global-header-display":"","ast-banner-title-visibility":"","ast-main-header-display":"","ast-hfb-above-header-display":"","ast-hfb-below-header-display":"","ast-hfb-mobile-header-display":"","site-post-title":"","ast-breadcrumbs-content":"","ast-featured-img":"","footer-sml-layout":"","theme-transparent-header-meta":"default","adv-header-id-meta":"","stick-header-meta":"default","header-above-stick-meta":"","header-main-stick-meta":"","header-below-stick-meta":"","astra-migrate-meta-layouts":"set","ast-page-background-enabled":"default","ast-page-background-meta":{"desktop":{"background-color":"","background-image":"","background-repeat":"repeat","background-position":"center center","background-size":"auto","background-attachment":"scroll","background-type":"","background-media":"","overlay-type":"","overlay-color":"","overlay-opacity":"","overlay-gradient":""},"tablet":{"background-color":"","background-image":"","background-repeat":"repeat","background-position":"center center","background-size":"auto","background-attachment":"scroll","background-type":"","background-media":"","overlay-type":"","overlay-color":"","overlay-opacity":"","overlay-gradient":""},"mobile":{"background-color":"","background-image":"","background-repeat":"repeat","background-position":"center center","background-size":"auto","background-attachment":"scroll","background-type":"","background-media":"","overlay-type":"","overlay-color":"","overlay-opacity":"","overlay-gradient":""}},"ast-content-background-meta":{"desktop":{"background-color":"var(--ast-global-color-5)","background-image":"","background-repeat":"repeat","background-position":"center center","background-size":"auto","background-attachment":"scroll","background-type":"","background-media":"","overlay-type":"","overlay-color":"","overlay-opacity":"","overlay-gradient":""},"tablet":{"background-color":"var(--ast-global-color-5)","background-image":"","background-repeat":"repeat","background-position":"center center","background-size":"auto","background-attachment":"scroll","background-type":"","background-media":"","overlay-type":"","overlay-color":"","overlay-opacity":"","overlay-gradient":""},"mobile":{"background-color":"var(--ast-global-color-5)","background-image":"","background-repeat":"repeat","background-position":"center center","background-size":"auto","background-attachment":"scroll","background-type":"","background-media":"","overlay-type":"","overlay-color":"","overlay-opacity":"","overlay-gradient":""}}},"product_brand":[],"product_cat":[51,54],"product_tag":[],"class_list":{"0":"post-6447","1":"product","2":"type-product","3":"status-publish","4":"has-post-thumbnail","6":"product_cat-riggging-hardware","7":"product_cat-shackle","8":"desktop-align-left","9":"tablet-align-left","10":"mobile-align-left","11":"ast-product-gallery-layout-horizontal-slider","12":"ast-product-tabs-layout-horizontal","14":"first","15":"instock","16":"shipping-taxable","17":"purchasable","18":"product-type-simple"},"yoast_head":"<!-- This site is optimized with the Yoast SEO plugin v25.2 - https:\/\/yoast.com\/wordpress\/plugins\/seo\/ -->\n<title>Heavy Duty Bow Shackle | Anchor Shackle for Lifting<\/title>\n<meta name=\"description\" content=\"Bow shackles feature a robust, rounded design that ensures optimal load distribution and reduced stress, making them ideal for various applications across industries.\" \/>\n<meta name=\"robots\" content=\"index, follow, max-snippet:-1, max-image-preview:large, max-video-preview:-1\" \/>\n<link rel=\"canonical\" href=\"https:\/\/qingdaohf.com\/fr\/produit\/manille-de-proue-manille-dancre-pour-le-levage\/\" \/>\n<meta property=\"og:locale\" content=\"fr_FR\" \/>\n<meta property=\"og:type\" content=\"article\" \/>\n<meta property=\"og:title\" content=\"Heavy Duty Bow Shackle | Anchor Shackle for Lifting\" \/>\n<meta property=\"og:description\" content=\"Bow shackles feature a robust, rounded design that ensures optimal load distribution and reduced stress, making them ideal for various applications across industries.\" \/>\n<meta property=\"og:url\" content=\"https:\/\/qingdaohf.com\/fr\/produit\/manille-de-proue-manille-dancre-pour-le-levage\/\" \/>\n<meta property=\"og:site_name\" content=\"Concrete Form &amp; Rigging Hardware Supplier\" \/>\n<meta property=\"article:publisher\" content=\"https:\/\/www.facebook.com\/qingdaohf\" \/>\n<meta property=\"article:modified_time\" content=\"2025-11-13T01:03:39+00:00\" \/>\n<meta property=\"og:image\" content=\"https:\/\/qingdaohf.com\/wp-content\/uploads\/2024\/02\/HF-SHACKLE-1.jpg\" \/>\n\t<meta property=\"og:image:width\" content=\"1000\" \/>\n\t<meta property=\"og:image:height\" content=\"1000\" \/>\n\t<meta property=\"og:image:type\" content=\"image\/jpeg\" \/>\n<meta name=\"twitter:card\" content=\"summary_large_image\" \/>\n<meta name=\"twitter:label1\" content=\"Dur\u00e9e de lecture estim\u00e9e\" \/>\n\t<meta name=\"twitter:data1\" content=\"3 minutes\" \/>\n<script type=\"application\/ld+json\" class=\"yoast-schema-graph\">{\"@context\":\"https:\/\/schema.org\",\"@graph\":[{\"@type\":\"WebPage\",\"@id\":\"https:\/\/qingdaohf.com\/product\/bow-shackle-anchor-shackle-for-lifting\/\",\"url\":\"https:\/\/qingdaohf.com\/product\/bow-shackle-anchor-shackle-for-lifting\/\",\"name\":\"Heavy Duty Bow Shackle | Anchor Shackle for Lifting\",\"isPartOf\":{\"@id\":\"https:\/\/qingdaohf.com\/bg\/#website\"},\"primaryImageOfPage\":{\"@id\":\"https:\/\/qingdaohf.com\/product\/bow-shackle-anchor-shackle-for-lifting\/#primaryimage\"},\"image\":{\"@id\":\"https:\/\/qingdaohf.com\/product\/bow-shackle-anchor-shackle-for-lifting\/#primaryimage\"},\"thumbnailUrl\":\"https:\/\/qingdaohf.com\/wp-content\/uploads\/2024\/02\/HF-SHACKLE-1.jpg\",\"datePublished\":\"2024-02-01T09:45:13+00:00\",\"dateModified\":\"2025-11-13T01:03:39+00:00\",\"description\":\"Bow shackles feature a robust, rounded design that ensures optimal load distribution and reduced stress, making them ideal for various applications across industries.\",\"breadcrumb\":{\"@id\":\"https:\/\/qingdaohf.com\/product\/bow-shackle-anchor-shackle-for-lifting\/#breadcrumb\"},\"inLanguage\":\"fr-FR\",\"potentialAction\":[{\"@type\":\"ReadAction\",\"target\":[\"https:\/\/qingdaohf.com\/product\/bow-shackle-anchor-shackle-for-lifting\/\"]}]},{\"@type\":\"ImageObject\",\"inLanguage\":\"fr-FR\",\"@id\":\"https:\/\/qingdaohf.com\/product\/bow-shackle-anchor-shackle-for-lifting\/#primaryimage\",\"url\":\"https:\/\/qingdaohf.com\/wp-content\/uploads\/2024\/02\/HF-SHACKLE-1.jpg\",\"contentUrl\":\"https:\/\/qingdaohf.com\/wp-content\/uploads\/2024\/02\/HF-SHACKLE-1.jpg\",\"width\":1000,\"height\":1000,\"caption\":\"Anchor SHACKLE\"},{\"@type\":\"BreadcrumbList\",\"@id\":\"https:\/\/qingdaohf.com\/product\/bow-shackle-anchor-shackle-for-lifting\/#breadcrumb\",\"itemListElement\":[{\"@type\":\"ListItem\",\"position\":1,\"name\":\"Home\",\"item\":\"https:\/\/qingdaohf.com\/\"},{\"@type\":\"ListItem\",\"position\":2,\"name\":\"Concrete Forming Accessories and Rigging Hardware\",\"item\":\"https:\/\/qingdaohf.com\/bg\/?page_id=944\"},{\"@type\":\"ListItem\",\"position\":3,\"name\":\"Heavy Duty Bow Shackle | Anchor Shackle for Lifting\"}]},{\"@type\":\"WebSite\",\"@id\":\"https:\/\/qingdaohf.com\/bg\/#website\",\"url\":\"https:\/\/qingdaohf.com\/bg\/\",\"name\":\"Concrete Form & Rigging Hardware Supplier\",\"description\":\"\",\"publisher\":{\"@id\":\"https:\/\/qingdaohf.com\/bg\/#organization\"},\"potentialAction\":[{\"@type\":\"SearchAction\",\"target\":{\"@type\":\"EntryPoint\",\"urlTemplate\":\"https:\/\/qingdaohf.com\/bg\/?s={search_term_string}\"},\"query-input\":{\"@type\":\"PropertyValueSpecification\",\"valueRequired\":true,\"valueName\":\"search_term_string\"}}],\"inLanguage\":\"fr-FR\"},{\"@type\":\"Organization\",\"@id\":\"https:\/\/qingdaohf.com\/bg\/#organization\",\"name\":\"Qingdao H&F\",\"url\":\"https:\/\/qingdaohf.com\/bg\/\",\"logo\":{\"@type\":\"ImageObject\",\"inLanguage\":\"fr-FR\",\"@id\":\"https:\/\/qingdaohf.com\/bg\/#\/schema\/logo\/image\/\",\"url\":\"https:\/\/qingdaohf.com\/wp-content\/uploads\/2022\/12\/cropped-HF-LOGO.png\",\"contentUrl\":\"https:\/\/qingdaohf.com\/wp-content\/uploads\/2022\/12\/cropped-HF-LOGO.png\",\"width\":391,\"height\":249,\"caption\":\"Qingdao H&F\"},\"image\":{\"@id\":\"https:\/\/qingdaohf.com\/bg\/#\/schema\/logo\/image\/\"},\"sameAs\":[\"https:\/\/www.facebook.com\/qingdaohf\"]}]}<\/script>\n<!-- \/ Yoast SEO plugin. -->","yoast_head_json":{"title":"Heavy Duty Bow Shackle | Anchor Shackle for Lifting","description":"Bow shackles feature a robust, rounded design that ensures optimal load distribution and reduced stress, making them ideal for various applications across industries.","robots":{"index":"index","follow":"follow","max-snippet":"max-snippet:-1","max-image-preview":"max-image-preview:large","max-video-preview":"max-video-preview:-1"},"canonical":"https:\/\/qingdaohf.com\/fr\/produit\/manille-de-proue-manille-dancre-pour-le-levage\/","og_locale":"fr_FR","og_type":"article","og_title":"Heavy Duty Bow Shackle | Anchor Shackle for Lifting","og_description":"Bow shackles feature a robust, rounded design that ensures optimal load distribution and reduced stress, making them ideal for various applications across industries.","og_url":"https:\/\/qingdaohf.com\/fr\/produit\/manille-de-proue-manille-dancre-pour-le-levage\/","og_site_name":"Concrete Form &amp; Rigging Hardware Supplier","article_publisher":"https:\/\/www.facebook.com\/qingdaohf","article_modified_time":"2025-11-13T01:03:39+00:00","og_image":[{"width":1000,"height":1000,"url":"https:\/\/qingdaohf.com\/wp-content\/uploads\/2024\/02\/HF-SHACKLE-1.jpg","type":"image\/jpeg"}],"twitter_card":"summary_large_image","twitter_misc":{"Dur\u00e9e de lecture estim\u00e9e":"3 minutes"},"schema":{"@context":"https:\/\/schema.org","@graph":[{"@type":"WebPage","@id":"https:\/\/qingdaohf.com\/product\/bow-shackle-anchor-shackle-for-lifting\/","url":"https:\/\/qingdaohf.com\/product\/bow-shackle-anchor-shackle-for-lifting\/","name":"Heavy Duty Bow Shackle | Anchor Shackle for Lifting","isPartOf":{"@id":"https:\/\/qingdaohf.com\/bg\/#website"},"primaryImageOfPage":{"@id":"https:\/\/qingdaohf.com\/product\/bow-shackle-anchor-shackle-for-lifting\/#primaryimage"},"image":{"@id":"https:\/\/qingdaohf.com\/product\/bow-shackle-anchor-shackle-for-lifting\/#primaryimage"},"thumbnailUrl":"https:\/\/qingdaohf.com\/wp-content\/uploads\/2024\/02\/HF-SHACKLE-1.jpg","datePublished":"2024-02-01T09:45:13+00:00","dateModified":"2025-11-13T01:03:39+00:00","description":"Bow shackles feature a robust, rounded design that ensures optimal load distribution and reduced stress, making them ideal for various applications across industries.","breadcrumb":{"@id":"https:\/\/qingdaohf.com\/product\/bow-shackle-anchor-shackle-for-lifting\/#breadcrumb"},"inLanguage":"fr-FR","potentialAction":[{"@type":"ReadAction","target":["https:\/\/qingdaohf.com\/product\/bow-shackle-anchor-shackle-for-lifting\/"]}]},{"@type":"ImageObject","inLanguage":"fr-FR","@id":"https:\/\/qingdaohf.com\/product\/bow-shackle-anchor-shackle-for-lifting\/#primaryimage","url":"https:\/\/qingdaohf.com\/wp-content\/uploads\/2024\/02\/HF-SHACKLE-1.jpg","contentUrl":"https:\/\/qingdaohf.com\/wp-content\/uploads\/2024\/02\/HF-SHACKLE-1.jpg","width":1000,"height":1000,"caption":"Anchor SHACKLE"},{"@type":"BreadcrumbList","@id":"https:\/\/qingdaohf.com\/product\/bow-shackle-anchor-shackle-for-lifting\/#breadcrumb","itemListElement":[{"@type":"ListItem","position":1,"name":"Home","item":"https:\/\/qingdaohf.com\/"},{"@type":"ListItem","position":2,"name":"Concrete Forming Accessories and Rigging Hardware","item":"https:\/\/qingdaohf.com\/bg\/?page_id=944"},{"@type":"ListItem","position":3,"name":"Heavy Duty Bow Shackle | Anchor Shackle for Lifting"}]},{"@type":"WebSite","@id":"https:\/\/qingdaohf.com\/bg\/#website","url":"https:\/\/qingdaohf.com\/bg\/","name":"Concrete Form & Rigging Hardware Supplier","description":"","publisher":{"@id":"https:\/\/qingdaohf.com\/bg\/#organization"},"potentialAction":[{"@type":"SearchAction","target":{"@type":"EntryPoint","urlTemplate":"https:\/\/qingdaohf.com\/bg\/?s={search_term_string}"},"query-input":{"@type":"PropertyValueSpecification","valueRequired":true,"valueName":"search_term_string"}}],"inLanguage":"fr-FR"},{"@type":"Organization","@id":"https:\/\/qingdaohf.com\/bg\/#organization","name":"Qingdao H&F","url":"https:\/\/qingdaohf.com\/bg\/","logo":{"@type":"ImageObject","inLanguage":"fr-FR","@id":"https:\/\/qingdaohf.com\/bg\/#\/schema\/logo\/image\/","url":"https:\/\/qingdaohf.com\/wp-content\/uploads\/2022\/12\/cropped-HF-LOGO.png","contentUrl":"https:\/\/qingdaohf.com\/wp-content\/uploads\/2022\/12\/cropped-HF-LOGO.png","width":391,"height":249,"caption":"Qingdao H&F"},"image":{"@id":"https:\/\/qingdaohf.com\/bg\/#\/schema\/logo\/image\/"},"sameAs":["https:\/\/www.facebook.com\/qingdaohf"]}]}},"_links":{"self":[{"href":"https:\/\/qingdaohf.com\/fr\/wp-json\/wp\/v2\/product\/6447","targetHints":{"allow":["GET"]}}],"collection":[{"href":"https:\/\/qingdaohf.com\/fr\/wp-json\/wp\/v2\/product"}],"about":[{"href":"https:\/\/qingdaohf.com\/fr\/wp-json\/wp\/v2\/types\/product"}],"replies":[{"embeddable":true,"href":"https:\/\/qingdaohf.com\/fr\/wp-json\/wp\/v2\/comments?post=6447"}],"version-history":[{"count":6,"href":"https:\/\/qingdaohf.com\/fr\/wp-json\/wp\/v2\/product\/6447\/revisions"}],"predecessor-version":[{"id":6486,"href":"https:\/\/qingdaohf.com\/fr\/wp-json\/wp\/v2\/product\/6447\/revisions\/6486"}],"wp:featuredmedia":[{"embeddable":true,"href":"https:\/\/qingdaohf.com\/fr\/wp-json\/wp\/v2\/media\/6465"}],"wp:attachment":[{"href":"https:\/\/qingdaohf.com\/fr\/wp-json\/wp\/v2\/media?parent=6447"}],"wp:term":[{"taxonomy":"product_brand","embeddable":true,"href":"https:\/\/qingdaohf.com\/fr\/wp-json\/wp\/v2\/product_brand?post=6447"},{"taxonomy":"product_cat","embeddable":true,"href":"https:\/\/qingdaohf.com\/fr\/wp-json\/wp\/v2\/product_cat?post=6447"},{"taxonomy":"product_tag","embeddable":true,"href":"https:\/\/qingdaohf.com\/fr\/wp-json\/wp\/v2\/product_tag?post=6447"}],"curies":[{"name":"wp","href":"https:\/\/api.w.org\/{rel}","templated":true}]}}