{"id":6479,"date":"2024-02-02T15:10:26","date_gmt":"2024-02-02T07:10:26","guid":{"rendered":"http:\/\/qingdaohf.com\/?post_type=product&#038;p=6479"},"modified":"2025-11-13T09:03:38","modified_gmt":"2025-11-13T01:03:38","slug":"screw-pin-shackle","status":"publish","type":"product","link":"https:\/\/qingdaohf.com\/fr\/produit\/vis-goupille-manille\/","title":{"rendered":"Vis Goupille Manille"},"content":{"rendered":"<p>Bienvenue sur notre site de vente en gros de manilles \u00e0 vis ! En tant que fournisseur leader dans l'industrie, nous sommes sp\u00e9cialis\u00e9s dans la fourniture de manilles de haute qualit\u00e9 fabriqu\u00e9es \u00e0 partir de mat\u00e9riaux galvanis\u00e9s et d'acier inoxydable. Nos manilles sont con\u00e7ues pour diverses applications, notamment le levage, le remorquage et le gr\u00e9ement, ce qui en fait des outils polyvalents pour vos projets.<\/p>\n<p>Nous comprenons que lors de l'achat de manilles en grandes quantit\u00e9s, les acheteurs ont souvent des pr\u00e9occupations concernant la qualit\u00e9, la fiabilit\u00e9 et le prix des produits. C'est pourquoi notre priorit\u00e9 est de fournir des produits de qualit\u00e9 sup\u00e9rieure \u00e0 des prix comp\u00e9titifs pour r\u00e9pondre \u00e0 vos besoins de vente en gros.<\/p>\n<p>Nos manilles sont soumises \u00e0 des mesures rigoureuses de contr\u00f4le de la qualit\u00e9 afin de garantir qu'elles r\u00e9pondent aux normes industrielles en mati\u00e8re de r\u00e9sistance et de durabilit\u00e9. Que vous ayez besoin de manilles pour le levage de charges lourdes ou pour des applications marines, notre gamme \u00e9tendue vous couvre. En outre, nos options en acier galvanis\u00e9 et en acier inoxydable offrent une r\u00e9sistance \u00e0 la corrosion, ce qui prolonge la dur\u00e9e de vie de votre \u00e9quipement, m\u00eame dans des environnements difficiles.<\/p>\n<p>Nous offrons \u00e9galement un service client personnalis\u00e9 pour vous assister tout au long du processus d'achat. De la s\u00e9lection de la manille adapt\u00e9e \u00e0 vos besoins sp\u00e9cifiques \u00e0 l'organisation d'une livraison efficace, notre \u00e9quipe s'attache \u00e0 fournir une exp\u00e9rience sans faille \u00e0 nos clients grossistes.<\/p>\n<p>Limites de charge de travail (WLL) et dimensions les plus courantes des manilles \u00e0 goupille filet\u00e9e :<\/p>\n<p><strong>WLLs<\/strong>: 0,33 tonne, 0,5 tonne, 0,75 tonne, 1 tonne, 1,5 tonne, 2 tonnes, 3,25 tonnes, 4,75 tonnes, 6,5 tonnes, 8,5 tonnes, 9,5 tonnes, 12 tonnes, 13,5 tonnes, 17 tonnes, 25 tonnes, 35 tonnes, 55 tonnes, 85 tonnes, 120 tonnes, 150 tonnes.<\/p>\n<p><strong>Tailles<\/strong>: 1\/4 pouce, 3\/8 pouce, 1\/2 pouce, 5\/8 pouce, 3\/4 pouce, 7\/8 pouce, 1 pouce, 1-1\/4 pouce, 1-1\/2 pouce, 1-3\/4 pouce, 2 pouces, 2-1\/2 pouces, 3 pouces<\/p>\n<p>Faites appel \u00e0 nous pour vos besoins en manilles en gros et d\u00e9couvrez la fiabilit\u00e9 et la qualit\u00e9 qui nous distinguent dans l'industrie. Contactez-nous d\u00e8s aujourd'hui pour discuter de vos besoins et b\u00e9n\u00e9ficier de nos prix comp\u00e9titifs et de notre service exceptionnel.<\/p>\n<p><a href=\"https:\/\/qingdaohf.com\/fr\/produit\/manille-g210\/\">Manille G210<\/a><\/p>\n<p><img fetchpriority=\"high\" decoding=\"async\" class=\"alignnone size-full wp-image-3813\" src=\"http:\/\/qingdaohf.com\/wp-content\/uploads\/2023\/05\/G209-G210-shackle.jpg\" alt=\"Manille G209 G210\" width=\"1000\" height=\"1296\" srcset=\"https:\/\/qingdaohf.com\/wp-content\/uploads\/2023\/05\/G209-G210-shackle.jpg 1000w, https:\/\/qingdaohf.com\/wp-content\/uploads\/2023\/05\/G209-G210-shackle-231x300.jpg 231w, https:\/\/qingdaohf.com\/wp-content\/uploads\/2023\/05\/G209-G210-shackle-790x1024.jpg 790w, https:\/\/qingdaohf.com\/wp-content\/uploads\/2023\/05\/G209-G210-shackle-768x995.jpg 768w\" sizes=\"(max-width: 1000px) 100vw, 1000px\" \/><\/p>\n<p><a href=\"https:\/\/qingdaohf.com\/fr\/produit\/g2150-manille-galvanisee\/\">Manille G2150<\/a><\/p>\n<p>&nbsp;<\/p>","protected":false},"excerpt":{"rendered":"<p data-sourcepos=\"3:1-3:194\">La manille \u00e0 vis est un type de connecteur m\u00e9tallique utilis\u00e9 pour relier des cha\u00eenes, des cordes, des c\u00e2bles et d'autres accessoires de gr\u00e9ement. Elles sont fabriqu\u00e9es en acier forg\u00e9 ou en acier alli\u00e9. La goupille passe dans les trous de l'arc et est serr\u00e9e pour fixer la manille.<\/p>\n<p data-sourcepos=\"5:1-5:141\">Les manilles \u00e0 vis sont plus solides et plus s\u00fbres que les autres types de manilles, telles que les manilles \u00e0 boulon ou les manilles \u00e0 d\u00e9clic. Elles sont \u00e9galement plus faciles \u00e0 ouvrir et \u00e0 fermer, ce qui en fait un choix populaire pour les applications n\u00e9cessitant des ajustements fr\u00e9quents.<\/p>","protected":false},"featured_media":6471,"comment_status":"open","ping_status":"closed","template":"","meta":{"site-sidebar-layout":"default","site-content-layout":"","ast-site-content-layout":"default","site-content-style":"default","site-sidebar-style":"default","ast-global-header-display":"","ast-banner-title-visibility":"","ast-main-header-display":"","ast-hfb-above-header-display":"","ast-hfb-below-header-display":"","ast-hfb-mobile-header-display":"","site-post-title":"","ast-breadcrumbs-content":"","ast-featured-img":"","footer-sml-layout":"","theme-transparent-header-meta":"default","adv-header-id-meta":"","stick-header-meta":"default","header-above-stick-meta":"","header-main-stick-meta":"","header-below-stick-meta":"","astra-migrate-meta-layouts":"set","ast-page-background-enabled":"default","ast-page-background-meta":{"desktop":{"background-color":"","background-image":"","background-repeat":"repeat","background-position":"center center","background-size":"auto","background-attachment":"scroll","background-type":"","background-media":"","overlay-type":"","overlay-color":"","overlay-opacity":"","overlay-gradient":""},"tablet":{"background-color":"","background-image":"","background-repeat":"repeat","background-position":"center center","background-size":"auto","background-attachment":"scroll","background-type":"","background-media":"","overlay-type":"","overlay-color":"","overlay-opacity":"","overlay-gradient":""},"mobile":{"background-color":"","background-image":"","background-repeat":"repeat","background-position":"center center","background-size":"auto","background-attachment":"scroll","background-type":"","background-media":"","overlay-type":"","overlay-color":"","overlay-opacity":"","overlay-gradient":""}},"ast-content-background-meta":{"desktop":{"background-color":"var(--ast-global-color-5)","background-image":"","background-repeat":"repeat","background-position":"center center","background-size":"auto","background-attachment":"scroll","background-type":"","background-media":"","overlay-type":"","overlay-color":"","overlay-opacity":"","overlay-gradient":""},"tablet":{"background-color":"var(--ast-global-color-5)","background-image":"","background-repeat":"repeat","background-position":"center center","background-size":"auto","background-attachment":"scroll","background-type":"","background-media":"","overlay-type":"","overlay-color":"","overlay-opacity":"","overlay-gradient":""},"mobile":{"background-color":"var(--ast-global-color-5)","background-image":"","background-repeat":"repeat","background-position":"center center","background-size":"auto","background-attachment":"scroll","background-type":"","background-media":"","overlay-type":"","overlay-color":"","overlay-opacity":"","overlay-gradient":""}}},"product_brand":[],"product_cat":[51,54],"product_tag":[],"class_list":{"0":"post-6479","1":"product","2":"type-product","3":"status-publish","4":"has-post-thumbnail","6":"product_cat-riggging-hardware","7":"product_cat-shackle","8":"desktop-align-left","9":"tablet-align-left","10":"mobile-align-left","11":"ast-product-gallery-layout-horizontal-slider","12":"ast-product-tabs-layout-horizontal","14":"first","15":"instock","16":"shipping-taxable","17":"purchasable","18":"product-type-simple"},"yoast_head":"<!-- This site is optimized with the Yoast SEO plugin v25.2 - https:\/\/yoast.com\/wordpress\/plugins\/seo\/ -->\n<title>Screw Pin Shackle<\/title>\n<meta name=\"description\" content=\"Screw pin shackle is a type of metal connector that is used to link chains, ropes, cables, and other rigging hardware.\" \/>\n<meta name=\"robots\" content=\"index, follow, max-snippet:-1, max-image-preview:large, max-video-preview:-1\" \/>\n<link rel=\"canonical\" href=\"https:\/\/qingdaohf.com\/fr\/produit\/vis-goupille-manille\/\" \/>\n<meta property=\"og:locale\" content=\"fr_FR\" \/>\n<meta property=\"og:type\" content=\"article\" \/>\n<meta property=\"og:title\" content=\"Screw Pin Shackle\" \/>\n<meta property=\"og:description\" content=\"Screw pin shackle is a type of metal connector that is used to link chains, ropes, cables, and other rigging hardware.\" \/>\n<meta property=\"og:url\" content=\"https:\/\/qingdaohf.com\/fr\/produit\/vis-goupille-manille\/\" \/>\n<meta property=\"og:site_name\" content=\"Concrete Form &amp; Rigging Hardware Supplier\" \/>\n<meta property=\"article:publisher\" content=\"https:\/\/www.facebook.com\/qingdaohf\" \/>\n<meta property=\"article:modified_time\" content=\"2025-11-13T01:03:38+00:00\" \/>\n<meta property=\"og:image\" content=\"https:\/\/qingdaohf.com\/wp-content\/uploads\/2024\/02\/HF-SHACKLE-7.jpg\" \/>\n\t<meta property=\"og:image:width\" content=\"1000\" \/>\n\t<meta property=\"og:image:height\" content=\"1000\" \/>\n\t<meta property=\"og:image:type\" content=\"image\/jpeg\" \/>\n<meta name=\"twitter:card\" content=\"summary_large_image\" \/>\n<meta name=\"twitter:label1\" content=\"Dur\u00e9e de lecture estim\u00e9e\" \/>\n\t<meta name=\"twitter:data1\" content=\"2 minutes\" \/>\n<script type=\"application\/ld+json\" class=\"yoast-schema-graph\">{\"@context\":\"https:\/\/schema.org\",\"@graph\":[{\"@type\":\"WebPage\",\"@id\":\"https:\/\/qingdaohf.com\/product\/screw-pin-shackle\/\",\"url\":\"https:\/\/qingdaohf.com\/product\/screw-pin-shackle\/\",\"name\":\"Screw Pin Shackle\",\"isPartOf\":{\"@id\":\"https:\/\/qingdaohf.com\/bg\/#website\"},\"primaryImageOfPage\":{\"@id\":\"https:\/\/qingdaohf.com\/product\/screw-pin-shackle\/#primaryimage\"},\"image\":{\"@id\":\"https:\/\/qingdaohf.com\/product\/screw-pin-shackle\/#primaryimage\"},\"thumbnailUrl\":\"https:\/\/qingdaohf.com\/wp-content\/uploads\/2024\/02\/HF-SHACKLE-7.jpg\",\"datePublished\":\"2024-02-02T07:10:26+00:00\",\"dateModified\":\"2025-11-13T01:03:38+00:00\",\"description\":\"Screw pin shackle is a type of metal connector that is used to link chains, ropes, cables, and other rigging hardware.\",\"breadcrumb\":{\"@id\":\"https:\/\/qingdaohf.com\/product\/screw-pin-shackle\/#breadcrumb\"},\"inLanguage\":\"fr-FR\",\"potentialAction\":[{\"@type\":\"ReadAction\",\"target\":[\"https:\/\/qingdaohf.com\/product\/screw-pin-shackle\/\"]}]},{\"@type\":\"ImageObject\",\"inLanguage\":\"fr-FR\",\"@id\":\"https:\/\/qingdaohf.com\/product\/screw-pin-shackle\/#primaryimage\",\"url\":\"https:\/\/qingdaohf.com\/wp-content\/uploads\/2024\/02\/HF-SHACKLE-7.jpg\",\"contentUrl\":\"https:\/\/qingdaohf.com\/wp-content\/uploads\/2024\/02\/HF-SHACKLE-7.jpg\",\"width\":1000,\"height\":1000,\"caption\":\"Bow shackle\"},{\"@type\":\"BreadcrumbList\",\"@id\":\"https:\/\/qingdaohf.com\/product\/screw-pin-shackle\/#breadcrumb\",\"itemListElement\":[{\"@type\":\"ListItem\",\"position\":1,\"name\":\"Home\",\"item\":\"https:\/\/qingdaohf.com\/\"},{\"@type\":\"ListItem\",\"position\":2,\"name\":\"Concrete Forming Accessories and Rigging Hardware\",\"item\":\"https:\/\/qingdaohf.com\/bg\/?page_id=944\"},{\"@type\":\"ListItem\",\"position\":3,\"name\":\"Screw Pin Shackle\"}]},{\"@type\":\"WebSite\",\"@id\":\"https:\/\/qingdaohf.com\/bg\/#website\",\"url\":\"https:\/\/qingdaohf.com\/bg\/\",\"name\":\"Concrete Form & Rigging Hardware Supplier\",\"description\":\"\",\"publisher\":{\"@id\":\"https:\/\/qingdaohf.com\/bg\/#organization\"},\"potentialAction\":[{\"@type\":\"SearchAction\",\"target\":{\"@type\":\"EntryPoint\",\"urlTemplate\":\"https:\/\/qingdaohf.com\/bg\/?s={search_term_string}\"},\"query-input\":{\"@type\":\"PropertyValueSpecification\",\"valueRequired\":true,\"valueName\":\"search_term_string\"}}],\"inLanguage\":\"fr-FR\"},{\"@type\":\"Organization\",\"@id\":\"https:\/\/qingdaohf.com\/bg\/#organization\",\"name\":\"Qingdao H&F\",\"url\":\"https:\/\/qingdaohf.com\/bg\/\",\"logo\":{\"@type\":\"ImageObject\",\"inLanguage\":\"fr-FR\",\"@id\":\"https:\/\/qingdaohf.com\/bg\/#\/schema\/logo\/image\/\",\"url\":\"https:\/\/qingdaohf.com\/wp-content\/uploads\/2022\/12\/cropped-HF-LOGO.png\",\"contentUrl\":\"https:\/\/qingdaohf.com\/wp-content\/uploads\/2022\/12\/cropped-HF-LOGO.png\",\"width\":391,\"height\":249,\"caption\":\"Qingdao H&F\"},\"image\":{\"@id\":\"https:\/\/qingdaohf.com\/bg\/#\/schema\/logo\/image\/\"},\"sameAs\":[\"https:\/\/www.facebook.com\/qingdaohf\"]}]}<\/script>\n<!-- \/ Yoast SEO plugin. -->","yoast_head_json":{"title":"Screw Pin Shackle","description":"Screw pin shackle is a type of metal connector that is used to link chains, ropes, cables, and other rigging hardware.","robots":{"index":"index","follow":"follow","max-snippet":"max-snippet:-1","max-image-preview":"max-image-preview:large","max-video-preview":"max-video-preview:-1"},"canonical":"https:\/\/qingdaohf.com\/fr\/produit\/vis-goupille-manille\/","og_locale":"fr_FR","og_type":"article","og_title":"Screw Pin Shackle","og_description":"Screw pin shackle is a type of metal connector that is used to link chains, ropes, cables, and other rigging hardware.","og_url":"https:\/\/qingdaohf.com\/fr\/produit\/vis-goupille-manille\/","og_site_name":"Concrete Form &amp; Rigging Hardware Supplier","article_publisher":"https:\/\/www.facebook.com\/qingdaohf","article_modified_time":"2025-11-13T01:03:38+00:00","og_image":[{"width":1000,"height":1000,"url":"https:\/\/qingdaohf.com\/wp-content\/uploads\/2024\/02\/HF-SHACKLE-7.jpg","type":"image\/jpeg"}],"twitter_card":"summary_large_image","twitter_misc":{"Dur\u00e9e de lecture estim\u00e9e":"2 minutes"},"schema":{"@context":"https:\/\/schema.org","@graph":[{"@type":"WebPage","@id":"https:\/\/qingdaohf.com\/product\/screw-pin-shackle\/","url":"https:\/\/qingdaohf.com\/product\/screw-pin-shackle\/","name":"Screw Pin Shackle","isPartOf":{"@id":"https:\/\/qingdaohf.com\/bg\/#website"},"primaryImageOfPage":{"@id":"https:\/\/qingdaohf.com\/product\/screw-pin-shackle\/#primaryimage"},"image":{"@id":"https:\/\/qingdaohf.com\/product\/screw-pin-shackle\/#primaryimage"},"thumbnailUrl":"https:\/\/qingdaohf.com\/wp-content\/uploads\/2024\/02\/HF-SHACKLE-7.jpg","datePublished":"2024-02-02T07:10:26+00:00","dateModified":"2025-11-13T01:03:38+00:00","description":"Screw pin shackle is a type of metal connector that is used to link chains, ropes, cables, and other rigging hardware.","breadcrumb":{"@id":"https:\/\/qingdaohf.com\/product\/screw-pin-shackle\/#breadcrumb"},"inLanguage":"fr-FR","potentialAction":[{"@type":"ReadAction","target":["https:\/\/qingdaohf.com\/product\/screw-pin-shackle\/"]}]},{"@type":"ImageObject","inLanguage":"fr-FR","@id":"https:\/\/qingdaohf.com\/product\/screw-pin-shackle\/#primaryimage","url":"https:\/\/qingdaohf.com\/wp-content\/uploads\/2024\/02\/HF-SHACKLE-7.jpg","contentUrl":"https:\/\/qingdaohf.com\/wp-content\/uploads\/2024\/02\/HF-SHACKLE-7.jpg","width":1000,"height":1000,"caption":"Bow shackle"},{"@type":"BreadcrumbList","@id":"https:\/\/qingdaohf.com\/product\/screw-pin-shackle\/#breadcrumb","itemListElement":[{"@type":"ListItem","position":1,"name":"Home","item":"https:\/\/qingdaohf.com\/"},{"@type":"ListItem","position":2,"name":"Concrete Forming Accessories and Rigging Hardware","item":"https:\/\/qingdaohf.com\/bg\/?page_id=944"},{"@type":"ListItem","position":3,"name":"Screw Pin Shackle"}]},{"@type":"WebSite","@id":"https:\/\/qingdaohf.com\/bg\/#website","url":"https:\/\/qingdaohf.com\/bg\/","name":"Concrete Form & Rigging Hardware Supplier","description":"","publisher":{"@id":"https:\/\/qingdaohf.com\/bg\/#organization"},"potentialAction":[{"@type":"SearchAction","target":{"@type":"EntryPoint","urlTemplate":"https:\/\/qingdaohf.com\/bg\/?s={search_term_string}"},"query-input":{"@type":"PropertyValueSpecification","valueRequired":true,"valueName":"search_term_string"}}],"inLanguage":"fr-FR"},{"@type":"Organization","@id":"https:\/\/qingdaohf.com\/bg\/#organization","name":"Qingdao H&F","url":"https:\/\/qingdaohf.com\/bg\/","logo":{"@type":"ImageObject","inLanguage":"fr-FR","@id":"https:\/\/qingdaohf.com\/bg\/#\/schema\/logo\/image\/","url":"https:\/\/qingdaohf.com\/wp-content\/uploads\/2022\/12\/cropped-HF-LOGO.png","contentUrl":"https:\/\/qingdaohf.com\/wp-content\/uploads\/2022\/12\/cropped-HF-LOGO.png","width":391,"height":249,"caption":"Qingdao H&F"},"image":{"@id":"https:\/\/qingdaohf.com\/bg\/#\/schema\/logo\/image\/"},"sameAs":["https:\/\/www.facebook.com\/qingdaohf"]}]}},"_links":{"self":[{"href":"https:\/\/qingdaohf.com\/fr\/wp-json\/wp\/v2\/product\/6479","targetHints":{"allow":["GET"]}}],"collection":[{"href":"https:\/\/qingdaohf.com\/fr\/wp-json\/wp\/v2\/product"}],"about":[{"href":"https:\/\/qingdaohf.com\/fr\/wp-json\/wp\/v2\/types\/product"}],"replies":[{"embeddable":true,"href":"https:\/\/qingdaohf.com\/fr\/wp-json\/wp\/v2\/comments?post=6479"}],"version-history":[{"count":7,"href":"https:\/\/qingdaohf.com\/fr\/wp-json\/wp\/v2\/product\/6479\/revisions"}],"predecessor-version":[{"id":8213,"href":"https:\/\/qingdaohf.com\/fr\/wp-json\/wp\/v2\/product\/6479\/revisions\/8213"}],"wp:featuredmedia":[{"embeddable":true,"href":"https:\/\/qingdaohf.com\/fr\/wp-json\/wp\/v2\/media\/6471"}],"wp:attachment":[{"href":"https:\/\/qingdaohf.com\/fr\/wp-json\/wp\/v2\/media?parent=6479"}],"wp:term":[{"taxonomy":"product_brand","embeddable":true,"href":"https:\/\/qingdaohf.com\/fr\/wp-json\/wp\/v2\/product_brand?post=6479"},{"taxonomy":"product_cat","embeddable":true,"href":"https:\/\/qingdaohf.com\/fr\/wp-json\/wp\/v2\/product_cat?post=6479"},{"taxonomy":"product_tag","embeddable":true,"href":"https:\/\/qingdaohf.com\/fr\/wp-json\/wp\/v2\/product_tag?post=6479"}],"curies":[{"name":"wp","href":"https:\/\/api.w.org\/{rel}","templated":true}]}}