{"id":6496,"date":"2024-02-02T16:55:13","date_gmt":"2024-02-02T08:55:13","guid":{"rendered":"http:\/\/qingdaohf.com\/?post_type=product&#038;p=6496"},"modified":"2025-11-13T09:03:38","modified_gmt":"2025-11-13T01:03:38","slug":"round-pin-shackle","status":"publish","type":"product","link":"https:\/\/qingdaohf.com\/fr\/produit\/manille-a-goupille-ronde\/","title":{"rendered":"Manille \u00e0 goupille ronde"},"content":{"rendered":"<p>Bienvenue chez notre fournisseur de manilles en gros, votre destination ultime pour des manilles \u00e0 goupille ronde de qualit\u00e9 sup\u00e9rieure fabriqu\u00e9es en acier galvanis\u00e9 et inoxydable de premi\u00e8re qualit\u00e9. En tant que leader de l'industrie, nous sommes sp\u00e9cialis\u00e9s dans la fourniture de manilles durables con\u00e7ues pour les applications de levage, de remorquage et de gr\u00e9ement.<\/p>\n<p>Nos manilles \u00e0 axe rond sont m\u00e9ticuleusement fabriqu\u00e9es pour r\u00e9pondre \u00e0 des normes de qualit\u00e9 rigoureuses, garantissant fiabilit\u00e9 et s\u00e9curit\u00e9 \u00e0 chaque utilisation. Que vous travailliez dans la construction, la marine ou l'industrie, nos manilles offrent la r\u00e9sistance et la durabilit\u00e9 requises pour les t\u00e2ches exigeantes.<\/p>\n<p>L'une des pr\u00e9occupations communes des acheteurs est de s'assurer que le mat\u00e9riau et la construction de la manille r\u00e9pondent \u00e0 leurs besoins sp\u00e9cifiques. Gr\u00e2ce \u00e0 nos options en acier galvanis\u00e9 et en acier inoxydable, vous pouvez \u00eatre s\u00fbr que nos manilles sont r\u00e9sistantes \u00e0 la corrosion et construites pour r\u00e9sister \u00e0 des environnements difficiles, offrant ainsi des performances durables.<\/p>\n<p>En outre, la d\u00e9termination de la taille et de la limite de charge de travail (WLL) appropri\u00e9es est cruciale pour la s\u00e9curit\u00e9 des op\u00e9rations. Notre \u00e9quipe d'experts se consacre \u00e0 vous aider \u00e0 s\u00e9lectionner la taille de manille et la WLL adapt\u00e9es \u00e0 vos besoins en mati\u00e8re de levage et de gr\u00e9ement, afin de garantir des performances et une s\u00e9curit\u00e9 optimales sur le lieu de travail.<\/p>\n<p>Limites de charge de travail (WLL) et dimensions les plus courantes des manilles \u00e0 goupilles rondes :<\/p>\n<p><strong>WLLs<\/strong>: 0,33 tonne, 0,5 tonne, 0,75 tonne, 1 tonne, 1,5 tonne, 2 tonnes, 3,25 tonnes, 4,75 tonnes, 6,5 tonnes, 8,5 tonnes, 9,5 tonnes, 12 tonnes, 13,5 tonnes, 17 tonnes, 25 tonnes, 35 tonnes, 55 tonnes, 85 tonnes, 120 tonnes, 150 tonnes.<\/p>\n<p><strong>Tailles<\/strong>: 1\/4 pouce, 3\/8 pouce, 1\/2 pouce, 5\/8 pouce, 3\/4 pouce, 7\/8 pouce, 1 pouce, 1-1\/4 pouce, 1-1\/2 pouce, 1-3\/4 pouce, 2 pouces, 2-1\/2 pouces, 3 pouces<\/p>\n<p>Faites appel \u00e0 nous pour tous vos besoins en manilles de gros et b\u00e9n\u00e9ficiez d'une qualit\u00e9, d'une fiabilit\u00e9 et d'un service client in\u00e9gal\u00e9s. Parcourez notre vaste s\u00e9lection d\u00e8s aujourd'hui et am\u00e9liorez vos op\u00e9rations de levage, de remorquage et de gr\u00e9ement en toute confiance.<\/p>\n<p>Mod\u00e8le : <a href=\"http:\/\/qingdaohf.com\/fr\/product\/g213-g215-galvanized-shackle\/\">G213<\/a> <a href=\"http:\/\/qingdaohf.com\/fr\/product\/g213-g215-galvanized-shackle\/\">G215<\/a><\/p>","protected":false},"excerpt":{"rendered":"<p>Une manille \u00e0 goupille ronde est un \u00e9l\u00e9ment de quincaillerie utilis\u00e9 pour relier des cha\u00eenes, des fils, des cordes et d'autres mat\u00e9riaux de gr\u00e9ement. Elle se compose d'un corps en forme de U avec deux \u0153illets aux extr\u00e9mit\u00e9s et une goupille ronde qui passe \u00e0 travers les deux \u0153illets. La goupille est fix\u00e9e \u00e0 l'aide d'une goupille fendue ou d'un bouchon filet\u00e9.<\/p>\n<p>Les manilles \u00e0 axe rond sont disponibles dans une grande vari\u00e9t\u00e9 de tailles et de mat\u00e9riaux, avec des limites de charge de travail allant de quelques centaines de livres \u00e0 des centaines de tonnes.<\/p>","protected":false},"featured_media":6497,"comment_status":"open","ping_status":"closed","template":"","meta":{"site-sidebar-layout":"default","site-content-layout":"","ast-site-content-layout":"default","site-content-style":"default","site-sidebar-style":"default","ast-global-header-display":"","ast-banner-title-visibility":"","ast-main-header-display":"","ast-hfb-above-header-display":"","ast-hfb-below-header-display":"","ast-hfb-mobile-header-display":"","site-post-title":"","ast-breadcrumbs-content":"","ast-featured-img":"","footer-sml-layout":"","theme-transparent-header-meta":"default","adv-header-id-meta":"","stick-header-meta":"default","header-above-stick-meta":"","header-main-stick-meta":"","header-below-stick-meta":"","astra-migrate-meta-layouts":"set","ast-page-background-enabled":"default","ast-page-background-meta":{"desktop":{"background-color":"","background-image":"","background-repeat":"repeat","background-position":"center center","background-size":"auto","background-attachment":"scroll","background-type":"","background-media":"","overlay-type":"","overlay-color":"","overlay-opacity":"","overlay-gradient":""},"tablet":{"background-color":"","background-image":"","background-repeat":"repeat","background-position":"center center","background-size":"auto","background-attachment":"scroll","background-type":"","background-media":"","overlay-type":"","overlay-color":"","overlay-opacity":"","overlay-gradient":""},"mobile":{"background-color":"","background-image":"","background-repeat":"repeat","background-position":"center center","background-size":"auto","background-attachment":"scroll","background-type":"","background-media":"","overlay-type":"","overlay-color":"","overlay-opacity":"","overlay-gradient":""}},"ast-content-background-meta":{"desktop":{"background-color":"var(--ast-global-color-5)","background-image":"","background-repeat":"repeat","background-position":"center center","background-size":"auto","background-attachment":"scroll","background-type":"","background-media":"","overlay-type":"","overlay-color":"","overlay-opacity":"","overlay-gradient":""},"tablet":{"background-color":"var(--ast-global-color-5)","background-image":"","background-repeat":"repeat","background-position":"center center","background-size":"auto","background-attachment":"scroll","background-type":"","background-media":"","overlay-type":"","overlay-color":"","overlay-opacity":"","overlay-gradient":""},"mobile":{"background-color":"var(--ast-global-color-5)","background-image":"","background-repeat":"repeat","background-position":"center center","background-size":"auto","background-attachment":"scroll","background-type":"","background-media":"","overlay-type":"","overlay-color":"","overlay-opacity":"","overlay-gradient":""}}},"product_brand":[],"product_cat":[51,54],"product_tag":[],"class_list":{"0":"post-6496","1":"product","2":"type-product","3":"status-publish","4":"has-post-thumbnail","6":"product_cat-riggging-hardware","7":"product_cat-shackle","8":"desktop-align-left","9":"tablet-align-left","10":"mobile-align-left","11":"ast-product-gallery-layout-horizontal-slider","12":"ast-product-tabs-layout-horizontal","14":"first","15":"instock","16":"shipping-taxable","17":"purchasable","18":"product-type-simple"},"yoast_head":"<!-- This site is optimized with the Yoast SEO plugin v25.2 - https:\/\/yoast.com\/wordpress\/plugins\/seo\/ -->\n<title>Round Pin Shackle<\/title>\n<meta name=\"description\" content=\"Round pin shackles are available in a variety of sizes and materials, with working load limits ranging from a few hundred pounds to hundreds of tons.\" \/>\n<meta name=\"robots\" content=\"index, follow, max-snippet:-1, max-image-preview:large, max-video-preview:-1\" \/>\n<link rel=\"canonical\" href=\"https:\/\/qingdaohf.com\/fr\/produit\/manille-a-goupille-ronde\/\" \/>\n<meta property=\"og:locale\" content=\"fr_FR\" \/>\n<meta property=\"og:type\" content=\"article\" \/>\n<meta property=\"og:title\" content=\"Round Pin Shackle\" \/>\n<meta property=\"og:description\" content=\"Round pin shackles are available in a variety of sizes and materials, with working load limits ranging from a few hundred pounds to hundreds of tons.\" \/>\n<meta property=\"og:url\" content=\"https:\/\/qingdaohf.com\/fr\/produit\/manille-a-goupille-ronde\/\" \/>\n<meta property=\"og:site_name\" content=\"Concrete Form &amp; Rigging Hardware Supplier\" \/>\n<meta property=\"article:publisher\" content=\"https:\/\/www.facebook.com\/qingdaohf\" \/>\n<meta property=\"article:modified_time\" content=\"2025-11-13T01:03:38+00:00\" \/>\n<meta property=\"og:image\" content=\"https:\/\/qingdaohf.com\/wp-content\/uploads\/2024\/02\/Round-Pin-Shackle.jpg\" \/>\n\t<meta property=\"og:image:width\" content=\"1000\" \/>\n\t<meta property=\"og:image:height\" content=\"1000\" \/>\n\t<meta property=\"og:image:type\" content=\"image\/jpeg\" \/>\n<meta name=\"twitter:card\" content=\"summary_large_image\" \/>\n<meta name=\"twitter:label1\" content=\"Dur\u00e9e de lecture estim\u00e9e\" \/>\n\t<meta name=\"twitter:data1\" content=\"2 minutes\" \/>\n<script type=\"application\/ld+json\" class=\"yoast-schema-graph\">{\"@context\":\"https:\/\/schema.org\",\"@graph\":[{\"@type\":\"WebPage\",\"@id\":\"https:\/\/qingdaohf.com\/product\/round-pin-shackle\/\",\"url\":\"https:\/\/qingdaohf.com\/product\/round-pin-shackle\/\",\"name\":\"Round Pin Shackle\",\"isPartOf\":{\"@id\":\"https:\/\/qingdaohf.com\/bg\/#website\"},\"primaryImageOfPage\":{\"@id\":\"https:\/\/qingdaohf.com\/product\/round-pin-shackle\/#primaryimage\"},\"image\":{\"@id\":\"https:\/\/qingdaohf.com\/product\/round-pin-shackle\/#primaryimage\"},\"thumbnailUrl\":\"https:\/\/qingdaohf.com\/wp-content\/uploads\/2024\/02\/Round-Pin-Shackle.jpg\",\"datePublished\":\"2024-02-02T08:55:13+00:00\",\"dateModified\":\"2025-11-13T01:03:38+00:00\",\"description\":\"Round pin shackles are available in a variety of sizes and materials, with working load limits ranging from a few hundred pounds to hundreds of tons.\",\"breadcrumb\":{\"@id\":\"https:\/\/qingdaohf.com\/product\/round-pin-shackle\/#breadcrumb\"},\"inLanguage\":\"fr-FR\",\"potentialAction\":[{\"@type\":\"ReadAction\",\"target\":[\"https:\/\/qingdaohf.com\/product\/round-pin-shackle\/\"]}]},{\"@type\":\"ImageObject\",\"inLanguage\":\"fr-FR\",\"@id\":\"https:\/\/qingdaohf.com\/product\/round-pin-shackle\/#primaryimage\",\"url\":\"https:\/\/qingdaohf.com\/wp-content\/uploads\/2024\/02\/Round-Pin-Shackle.jpg\",\"contentUrl\":\"https:\/\/qingdaohf.com\/wp-content\/uploads\/2024\/02\/Round-Pin-Shackle.jpg\",\"width\":1000,\"height\":1000,\"caption\":\"Round Pin Shackle\"},{\"@type\":\"BreadcrumbList\",\"@id\":\"https:\/\/qingdaohf.com\/product\/round-pin-shackle\/#breadcrumb\",\"itemListElement\":[{\"@type\":\"ListItem\",\"position\":1,\"name\":\"Home\",\"item\":\"https:\/\/qingdaohf.com\/\"},{\"@type\":\"ListItem\",\"position\":2,\"name\":\"Concrete Forming Accessories and Rigging Hardware\",\"item\":\"https:\/\/qingdaohf.com\/bg\/?page_id=944\"},{\"@type\":\"ListItem\",\"position\":3,\"name\":\"Round Pin Shackle\"}]},{\"@type\":\"WebSite\",\"@id\":\"https:\/\/qingdaohf.com\/bg\/#website\",\"url\":\"https:\/\/qingdaohf.com\/bg\/\",\"name\":\"Concrete Form & Rigging Hardware Supplier\",\"description\":\"\",\"publisher\":{\"@id\":\"https:\/\/qingdaohf.com\/bg\/#organization\"},\"potentialAction\":[{\"@type\":\"SearchAction\",\"target\":{\"@type\":\"EntryPoint\",\"urlTemplate\":\"https:\/\/qingdaohf.com\/bg\/?s={search_term_string}\"},\"query-input\":{\"@type\":\"PropertyValueSpecification\",\"valueRequired\":true,\"valueName\":\"search_term_string\"}}],\"inLanguage\":\"fr-FR\"},{\"@type\":\"Organization\",\"@id\":\"https:\/\/qingdaohf.com\/bg\/#organization\",\"name\":\"Qingdao H&F\",\"url\":\"https:\/\/qingdaohf.com\/bg\/\",\"logo\":{\"@type\":\"ImageObject\",\"inLanguage\":\"fr-FR\",\"@id\":\"https:\/\/qingdaohf.com\/bg\/#\/schema\/logo\/image\/\",\"url\":\"https:\/\/qingdaohf.com\/wp-content\/uploads\/2022\/12\/cropped-HF-LOGO.png\",\"contentUrl\":\"https:\/\/qingdaohf.com\/wp-content\/uploads\/2022\/12\/cropped-HF-LOGO.png\",\"width\":391,\"height\":249,\"caption\":\"Qingdao H&F\"},\"image\":{\"@id\":\"https:\/\/qingdaohf.com\/bg\/#\/schema\/logo\/image\/\"},\"sameAs\":[\"https:\/\/www.facebook.com\/qingdaohf\"]}]}<\/script>\n<!-- \/ Yoast SEO plugin. -->","yoast_head_json":{"title":"Round Pin Shackle","description":"Round pin shackles are available in a variety of sizes and materials, with working load limits ranging from a few hundred pounds to hundreds of tons.","robots":{"index":"index","follow":"follow","max-snippet":"max-snippet:-1","max-image-preview":"max-image-preview:large","max-video-preview":"max-video-preview:-1"},"canonical":"https:\/\/qingdaohf.com\/fr\/produit\/manille-a-goupille-ronde\/","og_locale":"fr_FR","og_type":"article","og_title":"Round Pin Shackle","og_description":"Round pin shackles are available in a variety of sizes and materials, with working load limits ranging from a few hundred pounds to hundreds of tons.","og_url":"https:\/\/qingdaohf.com\/fr\/produit\/manille-a-goupille-ronde\/","og_site_name":"Concrete Form &amp; Rigging Hardware Supplier","article_publisher":"https:\/\/www.facebook.com\/qingdaohf","article_modified_time":"2025-11-13T01:03:38+00:00","og_image":[{"width":1000,"height":1000,"url":"https:\/\/qingdaohf.com\/wp-content\/uploads\/2024\/02\/Round-Pin-Shackle.jpg","type":"image\/jpeg"}],"twitter_card":"summary_large_image","twitter_misc":{"Dur\u00e9e de lecture estim\u00e9e":"2 minutes"},"schema":{"@context":"https:\/\/schema.org","@graph":[{"@type":"WebPage","@id":"https:\/\/qingdaohf.com\/product\/round-pin-shackle\/","url":"https:\/\/qingdaohf.com\/product\/round-pin-shackle\/","name":"Round Pin Shackle","isPartOf":{"@id":"https:\/\/qingdaohf.com\/bg\/#website"},"primaryImageOfPage":{"@id":"https:\/\/qingdaohf.com\/product\/round-pin-shackle\/#primaryimage"},"image":{"@id":"https:\/\/qingdaohf.com\/product\/round-pin-shackle\/#primaryimage"},"thumbnailUrl":"https:\/\/qingdaohf.com\/wp-content\/uploads\/2024\/02\/Round-Pin-Shackle.jpg","datePublished":"2024-02-02T08:55:13+00:00","dateModified":"2025-11-13T01:03:38+00:00","description":"Round pin shackles are available in a variety of sizes and materials, with working load limits ranging from a few hundred pounds to hundreds of tons.","breadcrumb":{"@id":"https:\/\/qingdaohf.com\/product\/round-pin-shackle\/#breadcrumb"},"inLanguage":"fr-FR","potentialAction":[{"@type":"ReadAction","target":["https:\/\/qingdaohf.com\/product\/round-pin-shackle\/"]}]},{"@type":"ImageObject","inLanguage":"fr-FR","@id":"https:\/\/qingdaohf.com\/product\/round-pin-shackle\/#primaryimage","url":"https:\/\/qingdaohf.com\/wp-content\/uploads\/2024\/02\/Round-Pin-Shackle.jpg","contentUrl":"https:\/\/qingdaohf.com\/wp-content\/uploads\/2024\/02\/Round-Pin-Shackle.jpg","width":1000,"height":1000,"caption":"Round Pin Shackle"},{"@type":"BreadcrumbList","@id":"https:\/\/qingdaohf.com\/product\/round-pin-shackle\/#breadcrumb","itemListElement":[{"@type":"ListItem","position":1,"name":"Home","item":"https:\/\/qingdaohf.com\/"},{"@type":"ListItem","position":2,"name":"Concrete Forming Accessories and Rigging Hardware","item":"https:\/\/qingdaohf.com\/bg\/?page_id=944"},{"@type":"ListItem","position":3,"name":"Round Pin Shackle"}]},{"@type":"WebSite","@id":"https:\/\/qingdaohf.com\/bg\/#website","url":"https:\/\/qingdaohf.com\/bg\/","name":"Concrete Form & Rigging Hardware Supplier","description":"","publisher":{"@id":"https:\/\/qingdaohf.com\/bg\/#organization"},"potentialAction":[{"@type":"SearchAction","target":{"@type":"EntryPoint","urlTemplate":"https:\/\/qingdaohf.com\/bg\/?s={search_term_string}"},"query-input":{"@type":"PropertyValueSpecification","valueRequired":true,"valueName":"search_term_string"}}],"inLanguage":"fr-FR"},{"@type":"Organization","@id":"https:\/\/qingdaohf.com\/bg\/#organization","name":"Qingdao H&F","url":"https:\/\/qingdaohf.com\/bg\/","logo":{"@type":"ImageObject","inLanguage":"fr-FR","@id":"https:\/\/qingdaohf.com\/bg\/#\/schema\/logo\/image\/","url":"https:\/\/qingdaohf.com\/wp-content\/uploads\/2022\/12\/cropped-HF-LOGO.png","contentUrl":"https:\/\/qingdaohf.com\/wp-content\/uploads\/2022\/12\/cropped-HF-LOGO.png","width":391,"height":249,"caption":"Qingdao H&F"},"image":{"@id":"https:\/\/qingdaohf.com\/bg\/#\/schema\/logo\/image\/"},"sameAs":["https:\/\/www.facebook.com\/qingdaohf"]}]}},"_links":{"self":[{"href":"https:\/\/qingdaohf.com\/fr\/wp-json\/wp\/v2\/product\/6496","targetHints":{"allow":["GET"]}}],"collection":[{"href":"https:\/\/qingdaohf.com\/fr\/wp-json\/wp\/v2\/product"}],"about":[{"href":"https:\/\/qingdaohf.com\/fr\/wp-json\/wp\/v2\/types\/product"}],"replies":[{"embeddable":true,"href":"https:\/\/qingdaohf.com\/fr\/wp-json\/wp\/v2\/comments?post=6496"}],"version-history":[{"count":3,"href":"https:\/\/qingdaohf.com\/fr\/wp-json\/wp\/v2\/product\/6496\/revisions"}],"predecessor-version":[{"id":6500,"href":"https:\/\/qingdaohf.com\/fr\/wp-json\/wp\/v2\/product\/6496\/revisions\/6500"}],"wp:featuredmedia":[{"embeddable":true,"href":"https:\/\/qingdaohf.com\/fr\/wp-json\/wp\/v2\/media\/6497"}],"wp:attachment":[{"href":"https:\/\/qingdaohf.com\/fr\/wp-json\/wp\/v2\/media?parent=6496"}],"wp:term":[{"taxonomy":"product_brand","embeddable":true,"href":"https:\/\/qingdaohf.com\/fr\/wp-json\/wp\/v2\/product_brand?post=6496"},{"taxonomy":"product_cat","embeddable":true,"href":"https:\/\/qingdaohf.com\/fr\/wp-json\/wp\/v2\/product_cat?post=6496"},{"taxonomy":"product_tag","embeddable":true,"href":"https:\/\/qingdaohf.com\/fr\/wp-json\/wp\/v2\/product_tag?post=6496"}],"curies":[{"name":"wp","href":"https:\/\/api.w.org\/{rel}","templated":true}]}}