{"id":6504,"date":"2024-02-05T09:54:52","date_gmt":"2024-02-05T01:54:52","guid":{"rendered":"http:\/\/qingdaohf.com\/?post_type=product&#038;p=6504"},"modified":"2025-11-13T09:03:38","modified_gmt":"2025-11-13T01:03:38","slug":"bent-eye-bolt","status":"publish","type":"product","link":"https:\/\/qingdaohf.com\/fr\/produit\/boulon-a-oeil-tordu\/","title":{"rendered":"Boulon \u00e0 \u0153il coud\u00e9"},"content":{"rendered":"<h2 class=\"text-2xl font-bold mt-1 text-text-200\">L'excellence en mati\u00e8re d'ing\u00e9nierie : Le boulon \u00e0 \u0153il coud\u00e9<\/h2>\n<p class=\"whitespace-pre-wrap break-words\">Le boulon \u00e0 \u0153il courb\u00e9 est l'exemple m\u00eame de l'ing\u00e9nierie pratique. Plut\u00f4t que de suivre les conceptions conventionnelles des fixations, sa forme incurv\u00e9e r\u00e9volutionne la r\u00e9partition de la charge, ce qui le rend essentiel pour les applications lourdes dans les domaines du gr\u00e9ement, du remorquage et de l'arrimage des machines.<\/p>\n<div class=\"ast-oembed-container\" style=\"height: 100%;\"><iframe title=\"Am\u00e9liorez vos solutions de gr\u00e9ement avec nos boulons \u00e0 \u0153il courb\u00e9s !\" width=\"500\" height=\"281\" src=\"https:\/\/www.youtube.com\/embed\/hRsRZXPqmSo?feature=oembed\" frameborder=\"0\" allow=\"accelerometer; autoplay; clipboard-write; encrypted-media; gyroscope; picture-in-picture; web-share\" referrerpolicy=\"strict-origin-when-cross-origin\" allowfullscreen><\/iframe><\/div>\n<h2 class=\"text-xl font-bold text-text-200 mt-1 -mb-0.5\">Ing\u00e9nierie de base et mat\u00e9riaux<\/h2>\n<p class=\"whitespace-pre-wrap break-words\">Les ing\u00e9nieurs s\u00e9lectionnent avec soin des m\u00e9taux de premi\u00e8re qualit\u00e9 qui combattent la corrosion tout en supportant des contraintes m\u00e9caniques intenses. Le processus de pliage strat\u00e9gique r\u00e9duit les points de concentration des contraintes - une faiblesse typique des boulons \u00e0 \u0153il traditionnels. Cette ing\u00e9nierie r\u00e9fl\u00e9chie permet d'obtenir une durabilit\u00e9 impressionnante, m\u00eame dans des conditions exigeantes. Chaque composant fait l'objet d'un usinage pr\u00e9cis afin de maintenir la stabilit\u00e9 pendant les op\u00e9rations dynamiques.<\/p>\n<p class=\"whitespace-pre-wrap break-words\">Notre fabrication fait appel \u00e0 des techniques de pointe tout en respectant des normes de qualit\u00e9 strictes. Avant d'\u00eatre exp\u00e9di\u00e9, chaque boulon est soumis \u00e0 des tests approfondis de pr\u00e9cision dimensionnelle, de r\u00e9sistance des mat\u00e9riaux et de capacit\u00e9 de charge. Ces \u00e9valuations compl\u00e8tes, qui sont au c\u0153ur de notre syst\u00e8me de qualit\u00e9, d\u00e9montrent que nos produits d\u00e9passent constamment les exigences de l'industrie. Nous maintenons une transparence totale en fournissant des documents d'inspection d\u00e9taill\u00e9s avec les exp\u00e9ditions.<\/p>\n<h2 class=\"text-xl font-bold text-text-200 mt-1 -mb-0.5\">Applications r\u00e9elles et mise en place<\/h2>\n<h3 class=\"text-lg font-bold text-text-200 mt-1 -mb-1.5\">Mise en \u0153uvre dans l'industrie<\/h3>\n<p class=\"whitespace-pre-wrap break-words\">Des chantiers de construction aux navires de haute mer, les professionnels comptent sur les boulons \u00e0 \u0153il coud\u00e9s pour prot\u00e9ger les \u00e9quipements de valeur. Leur polyvalence leur permet de s'adapter \u00e0 divers sc\u00e9narios exigeant \u00e0 la fois flexibilit\u00e9 et int\u00e9grit\u00e9 structurelle. Qu'il s'agisse de soulever de lourdes charges, de s\u00e9curiser des \u00e9quipements dans des conditions m\u00e9t\u00e9orologiques difficiles ou de raccorder des composants de machines industrielles, ces boulons s'av\u00e8rent indispensables. Leur forme sp\u00e9ciale assure une r\u00e9partition optimale de la force, ce qui permet de maintenir l'\u00e9quilibre des charges pendant le fonctionnement.<\/p>\n<h3 class=\"text-lg font-bold text-text-200 mt-1 -mb-1.5\">Installation conviviale<\/h3>\n<p class=\"whitespace-pre-wrap break-words\">Les travailleurs ma\u00eetrisent rapidement le processus d'installation simple, gr\u00e2ce \u00e0 une conception intuitive qui r\u00e9duit le temps de formation. La courbe unique du boulon permet une fixation s\u00fbre sur divers mat\u00e9riaux, des poutres en acier au b\u00e9ton. Cette adaptabilit\u00e9 permet de rationaliser l'assemblage et de r\u00e9duire les temps d'arr\u00eat pour la maintenance, ce qui am\u00e9liore directement l'efficacit\u00e9 op\u00e9rationnelle et r\u00e9duit les co\u00fbts.<\/p>\n<h3 class=\"text-lg font-bold text-text-200 mt-1 -mb-1.5\">Caract\u00e9ristiques de s\u00e9curit\u00e9 renforc\u00e9es<\/h3>\n<p class=\"whitespace-pre-wrap break-words\">Le boulon \u00e0 \u0153il coud\u00e9 r\u00e9pond aux principales pr\u00e9occupations en mati\u00e8re de s\u00e9curit\u00e9 gr\u00e2ce \u00e0 une ing\u00e9nierie intelligente. Les utilisateurs font confiance \u00e0 sa capacit\u00e9 \u00e0 emp\u00eacher le glissement ou le d\u00e9salignement sous charge. La courbe calcul\u00e9e de l'\u0153il redirige les forces loin des points de d\u00e9faillance potentiels, minimisant ainsi les risques de panne pendant les t\u00e2ches critiques. Les entreprises qui utilisent ces boulons signalent g\u00e9n\u00e9ralement moins d'incidents et une fiabilit\u00e9 accrue.<\/p>\n<h2 class=\"text-xl font-bold text-text-200 mt-1 -mb-0.5\">Assurance et soutien de la qualit\u00e9<\/h2>\n<h3 class=\"text-lg font-bold text-text-200 mt-1 -mb-1.5\">Protocole d'essai rigoureux<\/h3>\n<p class=\"whitespace-pre-wrap break-words\">Chaque boulon fait l'objet d'une \u00e9valuation compl\u00e8te avant de quitter nos installations. Pour les applications critiques en mati\u00e8re de s\u00e9curit\u00e9, nous disposons d'une documentation d\u00e9taill\u00e9e sur les performances. Nos rapports de qualit\u00e9 d\u00e9crivent les mesures sp\u00e9cifiques et les propri\u00e9t\u00e9s des mat\u00e9riaux, d\u00e9montrant la fiabilit\u00e9 \u00e0 long terme dans des conditions difficiles.<\/p>\n<h3 class=\"text-lg font-bold text-text-200 mt-1 -mb-1.5\">Un service ax\u00e9 sur le client<\/h3>\n<p class=\"whitespace-pre-wrap break-words\">Nous associons l'expertise technique \u00e0 une attention personnalis\u00e9e. Les clients b\u00e9n\u00e9ficient d'une assistance d\u00e9di\u00e9e, tant pour les questions pr\u00e9alables \u00e0 l'achat que pour l'assistance continue. Notre \u00e9quipe offre des conseils d\u00e9taill\u00e9s sur l'installation, la maintenance et le d\u00e9pannage. Cette approche garantit une assistance compl\u00e8te tout au long du cycle de vie du produit. Une livraison rapide am\u00e9liore encore la satisfaction en minimisant les retards du projet.<\/p>\n<h3 class=\"text-lg font-bold text-text-200 mt-1 -mb-1.5\">Innovation continue<\/h3>\n<p class=\"whitespace-pre-wrap break-words\">Des investissements r\u00e9guliers dans la recherche permettent \u00e0 nos produits d'\u00eatre \u00e0 la pointe de la technologie. Nous collaborons avec des experts sur le terrain pour am\u00e9liorer les conceptions et les m\u00e9thodes de production. Cet engagement permet de rehausser les normes de l'industrie tout en offrant des solutions rentables. Notre souci de progr\u00e8s s'\u00e9tend de l'ing\u00e9nierie \u00e0 l'assistance \u00e0 la client\u00e8le, en privil\u00e9giant l'excellence \u00e0 chaque \u00e9tape.<\/p>\n<h3 class=\"text-lg font-bold text-text-200 mt-1 -mb-1.5\">Livraison fiable<\/h3>\n<p class=\"whitespace-pre-wrap break-words\">Conscients des contraintes de temps, nous maintenons des syst\u00e8mes de livraison efficaces qui r\u00e9pondent \u00e0 des calendriers exigeants. Notre \u00e9quipe logistique veille \u00e0 ce que les commandes soient trait\u00e9es et exp\u00e9di\u00e9es rapidement. Lorsque des difficult\u00e9s surviennent, nous communiquons de mani\u00e8re proactive et proposons des solutions de rechange afin de minimiser les perturbations.<\/p>\n<h2 class=\"text-xl font-bold text-text-200 mt-1 -mb-0.5\">Soutien \u00e9ducatif et excellence technique<\/h2>\n<p class=\"whitespace-pre-wrap break-words\">Nous fournissons une documentation technique compl\u00e8te et du mat\u00e9riel de formation avec notre mat\u00e9riel. Gr\u00e2ce \u00e0 des guides d\u00e9taill\u00e9s et \u00e0 des consultations, les clients ma\u00eetrisent les techniques d'utilisation appropri\u00e9es. Ce partage des connaissances permet d'\u00e9viter les probl\u00e8mes courants et de prolonger la dur\u00e9e de vie des produits gr\u00e2ce \u00e0 une maintenance appropri\u00e9e.<\/p>\n<p class=\"whitespace-pre-wrap break-words\">L'ing\u00e9nierie de pr\u00e9cision qui sous-tend chaque boulon refl\u00e8te notre engagement en mati\u00e8re de performance. Dans les environnements critiques, ces boulons assurent des connexions s\u00fbres qui minimisent les risques de manipulation. Cette fiabilit\u00e9 s'av\u00e8re cruciale lorsqu'une d\u00e9faillance de l'\u00e9quipement peut avoir de graves cons\u00e9quences.<\/p>\n<p class=\"whitespace-pre-wrap break-words\">Nos mesures de qualit\u00e9 optimisent chaque aspect pour une performance maximale. La combinaison d'une science des mat\u00e9riaux avanc\u00e9e et d'une ing\u00e9nierie pr\u00e9cise permet d'obtenir des r\u00e9sultats toujours sup\u00e9rieurs. Ce souci d'excellence se traduit par des besoins de remplacement minimes et une efficacit\u00e9 op\u00e9rationnelle soutenue.<\/p>\n<p class=\"whitespace-pre-wrap break-words\">Le retour d'information des clients permet une am\u00e9lioration continue, et les id\u00e9es qui en d\u00e9coulent orientent les d\u00e9veloppements futurs. Cette approche collaborative conduit \u00e0 des am\u00e9liorations pratiques en mati\u00e8re de s\u00e9curit\u00e9 et de performance. Le dialogue permanent renforce les relations tout en faisant progresser les capacit\u00e9s des produits.<\/p>\n<h2 class=\"text-xl font-bold text-text-200 mt-1 -mb-0.5\">Conclusion<\/h2>\n<p class=\"whitespace-pre-wrap break-words\">Le boulon \u00e0 \u0153il coud\u00e9 repr\u00e9sente la convergence de l'excellence technique et des caract\u00e9ristiques de s\u00e9curit\u00e9 pratiques. Sa conception innovante garantit une gestion optimale de la charge et une durabilit\u00e9 durable, soutenue par des contr\u00f4les de qualit\u00e9 rigoureux. Associ\u00e9 \u00e0 un service client\u00e8le r\u00e9actif et \u00e0 une livraison fiable, il constitue une solution id\u00e9ale pour les op\u00e9rations exigeant des performances constantes. Nous continuons \u00e0 faire \u00e9voluer nos conceptions, en proposant des produits qui am\u00e9liorent l'efficacit\u00e9 et la s\u00e9curit\u00e9 des op\u00e9rations.<\/p>\n<p class=\"whitespace-pre-wrap break-words\">Notre approche globale - de la conception initiale \u00e0 l'assistance continue - t\u00e9moigne de notre engagement en faveur de solutions durables. Choisir nos boulons \u00e0 \u0153il coud\u00e9s, c'est investir dans une fiabilit\u00e9 \u00e9prouv\u00e9e sur le terrain, avec le soutien d'un expert. Faites l'exp\u00e9rience de la diff\u00e9rence que l'ing\u00e9nierie r\u00e9fl\u00e9chie et le soutien d\u00e9vou\u00e9 apportent \u00e0 vos op\u00e9rations.<\/p>","protected":false},"excerpt":{"rendered":"<p data-sourcepos=\"5:1-5:37\">Voici notre boulon \u00e0 \u0153il coud\u00e9 m\u00e9ticuleusement con\u00e7u, qui est sp\u00e9cialement cr\u00e9\u00e9 pour la fixation de charges lourdes et les applications g\u00e9n\u00e9rales de gr\u00e9ement. Notre produit r\u00e9pond aux principales pr\u00e9occupations des acheteurs avec une excellente durabilit\u00e9, une installation simple et une s\u00e9curit\u00e9 sans compromis dans des environnements s\u00e9v\u00e8res. En tant qu'entreprise commerciale fiable, nous fournissons un service client\u00e8le personnalis\u00e9, des d\u00e9lais de livraison rapides et des rapports d'inspection de la qualit\u00e9 d\u00e9taill\u00e9s, de sorte que chaque client peut \u00eatre s\u00fbr de recevoir des produits de quincaillerie fiables et de haute qualit\u00e9 r\u00e9pondant \u00e0 ses besoins particuliers.<\/p>","protected":false},"featured_media":6506,"comment_status":"open","ping_status":"closed","template":"","meta":{"site-sidebar-layout":"default","site-content-layout":"","ast-site-content-layout":"default","site-content-style":"default","site-sidebar-style":"default","ast-global-header-display":"","ast-banner-title-visibility":"","ast-main-header-display":"","ast-hfb-above-header-display":"","ast-hfb-below-header-display":"","ast-hfb-mobile-header-display":"","site-post-title":"","ast-breadcrumbs-content":"","ast-featured-img":"","footer-sml-layout":"","theme-transparent-header-meta":"default","adv-header-id-meta":"","stick-header-meta":"default","header-above-stick-meta":"","header-main-stick-meta":"","header-below-stick-meta":"","astra-migrate-meta-layouts":"set","ast-page-background-enabled":"default","ast-page-background-meta":{"desktop":{"background-color":"","background-image":"","background-repeat":"repeat","background-position":"center center","background-size":"auto","background-attachment":"scroll","background-type":"","background-media":"","overlay-type":"","overlay-color":"","overlay-opacity":"","overlay-gradient":""},"tablet":{"background-color":"","background-image":"","background-repeat":"repeat","background-position":"center center","background-size":"auto","background-attachment":"scroll","background-type":"","background-media":"","overlay-type":"","overlay-color":"","overlay-opacity":"","overlay-gradient":""},"mobile":{"background-color":"","background-image":"","background-repeat":"repeat","background-position":"center center","background-size":"auto","background-attachment":"scroll","background-type":"","background-media":"","overlay-type":"","overlay-color":"","overlay-opacity":"","overlay-gradient":""}},"ast-content-background-meta":{"desktop":{"background-color":"var(--ast-global-color-5)","background-image":"","background-repeat":"repeat","background-position":"center center","background-size":"auto","background-attachment":"scroll","background-type":"","background-media":"","overlay-type":"","overlay-color":"","overlay-opacity":"","overlay-gradient":""},"tablet":{"background-color":"var(--ast-global-color-5)","background-image":"","background-repeat":"repeat","background-position":"center center","background-size":"auto","background-attachment":"scroll","background-type":"","background-media":"","overlay-type":"","overlay-color":"","overlay-opacity":"","overlay-gradient":""},"mobile":{"background-color":"var(--ast-global-color-5)","background-image":"","background-repeat":"repeat","background-position":"center center","background-size":"auto","background-attachment":"scroll","background-type":"","background-media":"","overlay-type":"","overlay-color":"","overlay-opacity":"","overlay-gradient":""}}},"product_brand":[],"product_cat":[44],"product_tag":[],"class_list":{"0":"post-6504","1":"product","2":"type-product","3":"status-publish","4":"has-post-thumbnail","6":"product_cat-stainless-steel-poduct","7":"desktop-align-left","8":"tablet-align-left","9":"mobile-align-left","10":"ast-product-gallery-layout-horizontal-slider","11":"ast-product-tabs-layout-horizontal","13":"first","14":"instock","15":"shipping-taxable","16":"purchasable","17":"product-type-simple"},"yoast_head":"<!-- This site is optimized with the Yoast SEO plugin v25.2 - https:\/\/yoast.com\/wordpress\/plugins\/seo\/ -->\n<title>Bent Eye Bolt<\/title>\n<meta name=\"description\" content=\"Qingdao H&amp;F, your reliable supplier for over 20 years, offers top-quality bent eye bolts for diverse lifting and rigging applications.\" \/>\n<meta name=\"robots\" content=\"index, follow, max-snippet:-1, max-image-preview:large, max-video-preview:-1\" \/>\n<link rel=\"canonical\" href=\"https:\/\/qingdaohf.com\/fr\/produit\/boulon-a-oeil-tordu\/\" \/>\n<meta property=\"og:locale\" content=\"fr_FR\" \/>\n<meta property=\"og:type\" content=\"article\" \/>\n<meta property=\"og:title\" content=\"Bent Eye Bolt\" \/>\n<meta property=\"og:description\" content=\"Qingdao H&amp;F, your reliable supplier for over 20 years, offers top-quality bent eye bolts for diverse lifting and rigging applications.\" \/>\n<meta property=\"og:url\" content=\"https:\/\/qingdaohf.com\/fr\/produit\/boulon-a-oeil-tordu\/\" \/>\n<meta property=\"og:site_name\" content=\"Concrete Form &amp; Rigging Hardware Supplier\" \/>\n<meta property=\"article:publisher\" content=\"https:\/\/www.facebook.com\/qingdaohf\" \/>\n<meta property=\"article:modified_time\" content=\"2025-11-13T01:03:38+00:00\" \/>\n<meta property=\"og:image\" content=\"https:\/\/qingdaohf.com\/wp-content\/uploads\/2024\/02\/HF-BENT-EYE-BOLT-1.jpg\" \/>\n\t<meta property=\"og:image:width\" content=\"1000\" \/>\n\t<meta property=\"og:image:height\" content=\"1000\" \/>\n\t<meta property=\"og:image:type\" content=\"image\/jpeg\" \/>\n<meta name=\"twitter:card\" content=\"summary_large_image\" \/>\n<meta name=\"twitter:label1\" content=\"Dur\u00e9e de lecture estim\u00e9e\" \/>\n\t<meta name=\"twitter:data1\" content=\"4 minutes\" \/>\n<script type=\"application\/ld+json\" class=\"yoast-schema-graph\">{\"@context\":\"https:\/\/schema.org\",\"@graph\":[{\"@type\":\"WebPage\",\"@id\":\"https:\/\/qingdaohf.com\/product\/bent-eye-bolt\/\",\"url\":\"https:\/\/qingdaohf.com\/product\/bent-eye-bolt\/\",\"name\":\"Bent Eye Bolt\",\"isPartOf\":{\"@id\":\"https:\/\/qingdaohf.com\/bg\/#website\"},\"primaryImageOfPage\":{\"@id\":\"https:\/\/qingdaohf.com\/product\/bent-eye-bolt\/#primaryimage\"},\"image\":{\"@id\":\"https:\/\/qingdaohf.com\/product\/bent-eye-bolt\/#primaryimage\"},\"thumbnailUrl\":\"https:\/\/qingdaohf.com\/wp-content\/uploads\/2024\/02\/HF-BENT-EYE-BOLT-1.jpg\",\"datePublished\":\"2024-02-05T01:54:52+00:00\",\"dateModified\":\"2025-11-13T01:03:38+00:00\",\"description\":\"Qingdao H&F, your reliable supplier for over 20 years, offers top-quality bent eye bolts for diverse lifting and rigging applications.\",\"breadcrumb\":{\"@id\":\"https:\/\/qingdaohf.com\/product\/bent-eye-bolt\/#breadcrumb\"},\"inLanguage\":\"fr-FR\",\"potentialAction\":[{\"@type\":\"ReadAction\",\"target\":[\"https:\/\/qingdaohf.com\/product\/bent-eye-bolt\/\"]}]},{\"@type\":\"ImageObject\",\"inLanguage\":\"fr-FR\",\"@id\":\"https:\/\/qingdaohf.com\/product\/bent-eye-bolt\/#primaryimage\",\"url\":\"https:\/\/qingdaohf.com\/wp-content\/uploads\/2024\/02\/HF-BENT-EYE-BOLT-1.jpg\",\"contentUrl\":\"https:\/\/qingdaohf.com\/wp-content\/uploads\/2024\/02\/HF-BENT-EYE-BOLT-1.jpg\",\"width\":1000,\"height\":1000,\"caption\":\"H&F BENT EYE BOLT\"},{\"@type\":\"BreadcrumbList\",\"@id\":\"https:\/\/qingdaohf.com\/product\/bent-eye-bolt\/#breadcrumb\",\"itemListElement\":[{\"@type\":\"ListItem\",\"position\":1,\"name\":\"Home\",\"item\":\"https:\/\/qingdaohf.com\/\"},{\"@type\":\"ListItem\",\"position\":2,\"name\":\"Concrete Forming Accessories and Rigging Hardware\",\"item\":\"https:\/\/qingdaohf.com\/bg\/?page_id=944\"},{\"@type\":\"ListItem\",\"position\":3,\"name\":\"Bent Eye Bolt\"}]},{\"@type\":\"WebSite\",\"@id\":\"https:\/\/qingdaohf.com\/bg\/#website\",\"url\":\"https:\/\/qingdaohf.com\/bg\/\",\"name\":\"Concrete Form & Rigging Hardware Supplier\",\"description\":\"\",\"publisher\":{\"@id\":\"https:\/\/qingdaohf.com\/bg\/#organization\"},\"potentialAction\":[{\"@type\":\"SearchAction\",\"target\":{\"@type\":\"EntryPoint\",\"urlTemplate\":\"https:\/\/qingdaohf.com\/bg\/?s={search_term_string}\"},\"query-input\":{\"@type\":\"PropertyValueSpecification\",\"valueRequired\":true,\"valueName\":\"search_term_string\"}}],\"inLanguage\":\"fr-FR\"},{\"@type\":\"Organization\",\"@id\":\"https:\/\/qingdaohf.com\/bg\/#organization\",\"name\":\"Qingdao H&F\",\"url\":\"https:\/\/qingdaohf.com\/bg\/\",\"logo\":{\"@type\":\"ImageObject\",\"inLanguage\":\"fr-FR\",\"@id\":\"https:\/\/qingdaohf.com\/bg\/#\/schema\/logo\/image\/\",\"url\":\"https:\/\/qingdaohf.com\/wp-content\/uploads\/2022\/12\/cropped-HF-LOGO.png\",\"contentUrl\":\"https:\/\/qingdaohf.com\/wp-content\/uploads\/2022\/12\/cropped-HF-LOGO.png\",\"width\":391,\"height\":249,\"caption\":\"Qingdao H&F\"},\"image\":{\"@id\":\"https:\/\/qingdaohf.com\/bg\/#\/schema\/logo\/image\/\"},\"sameAs\":[\"https:\/\/www.facebook.com\/qingdaohf\"]}]}<\/script>\n<!-- \/ Yoast SEO plugin. -->","yoast_head_json":{"title":"Bent Eye Bolt","description":"Qingdao H&F, your reliable supplier for over 20 years, offers top-quality bent eye bolts for diverse lifting and rigging applications.","robots":{"index":"index","follow":"follow","max-snippet":"max-snippet:-1","max-image-preview":"max-image-preview:large","max-video-preview":"max-video-preview:-1"},"canonical":"https:\/\/qingdaohf.com\/fr\/produit\/boulon-a-oeil-tordu\/","og_locale":"fr_FR","og_type":"article","og_title":"Bent Eye Bolt","og_description":"Qingdao H&F, your reliable supplier for over 20 years, offers top-quality bent eye bolts for diverse lifting and rigging applications.","og_url":"https:\/\/qingdaohf.com\/fr\/produit\/boulon-a-oeil-tordu\/","og_site_name":"Concrete Form &amp; Rigging Hardware Supplier","article_publisher":"https:\/\/www.facebook.com\/qingdaohf","article_modified_time":"2025-11-13T01:03:38+00:00","og_image":[{"width":1000,"height":1000,"url":"https:\/\/qingdaohf.com\/wp-content\/uploads\/2024\/02\/HF-BENT-EYE-BOLT-1.jpg","type":"image\/jpeg"}],"twitter_card":"summary_large_image","twitter_misc":{"Dur\u00e9e de lecture estim\u00e9e":"4 minutes"},"schema":{"@context":"https:\/\/schema.org","@graph":[{"@type":"WebPage","@id":"https:\/\/qingdaohf.com\/product\/bent-eye-bolt\/","url":"https:\/\/qingdaohf.com\/product\/bent-eye-bolt\/","name":"Bent Eye Bolt","isPartOf":{"@id":"https:\/\/qingdaohf.com\/bg\/#website"},"primaryImageOfPage":{"@id":"https:\/\/qingdaohf.com\/product\/bent-eye-bolt\/#primaryimage"},"image":{"@id":"https:\/\/qingdaohf.com\/product\/bent-eye-bolt\/#primaryimage"},"thumbnailUrl":"https:\/\/qingdaohf.com\/wp-content\/uploads\/2024\/02\/HF-BENT-EYE-BOLT-1.jpg","datePublished":"2024-02-05T01:54:52+00:00","dateModified":"2025-11-13T01:03:38+00:00","description":"Qingdao H&F, your reliable supplier for over 20 years, offers top-quality bent eye bolts for diverse lifting and rigging applications.","breadcrumb":{"@id":"https:\/\/qingdaohf.com\/product\/bent-eye-bolt\/#breadcrumb"},"inLanguage":"fr-FR","potentialAction":[{"@type":"ReadAction","target":["https:\/\/qingdaohf.com\/product\/bent-eye-bolt\/"]}]},{"@type":"ImageObject","inLanguage":"fr-FR","@id":"https:\/\/qingdaohf.com\/product\/bent-eye-bolt\/#primaryimage","url":"https:\/\/qingdaohf.com\/wp-content\/uploads\/2024\/02\/HF-BENT-EYE-BOLT-1.jpg","contentUrl":"https:\/\/qingdaohf.com\/wp-content\/uploads\/2024\/02\/HF-BENT-EYE-BOLT-1.jpg","width":1000,"height":1000,"caption":"H&F BENT EYE BOLT"},{"@type":"BreadcrumbList","@id":"https:\/\/qingdaohf.com\/product\/bent-eye-bolt\/#breadcrumb","itemListElement":[{"@type":"ListItem","position":1,"name":"Home","item":"https:\/\/qingdaohf.com\/"},{"@type":"ListItem","position":2,"name":"Concrete Forming Accessories and Rigging Hardware","item":"https:\/\/qingdaohf.com\/bg\/?page_id=944"},{"@type":"ListItem","position":3,"name":"Bent Eye Bolt"}]},{"@type":"WebSite","@id":"https:\/\/qingdaohf.com\/bg\/#website","url":"https:\/\/qingdaohf.com\/bg\/","name":"Concrete Form & Rigging Hardware Supplier","description":"","publisher":{"@id":"https:\/\/qingdaohf.com\/bg\/#organization"},"potentialAction":[{"@type":"SearchAction","target":{"@type":"EntryPoint","urlTemplate":"https:\/\/qingdaohf.com\/bg\/?s={search_term_string}"},"query-input":{"@type":"PropertyValueSpecification","valueRequired":true,"valueName":"search_term_string"}}],"inLanguage":"fr-FR"},{"@type":"Organization","@id":"https:\/\/qingdaohf.com\/bg\/#organization","name":"Qingdao H&F","url":"https:\/\/qingdaohf.com\/bg\/","logo":{"@type":"ImageObject","inLanguage":"fr-FR","@id":"https:\/\/qingdaohf.com\/bg\/#\/schema\/logo\/image\/","url":"https:\/\/qingdaohf.com\/wp-content\/uploads\/2022\/12\/cropped-HF-LOGO.png","contentUrl":"https:\/\/qingdaohf.com\/wp-content\/uploads\/2022\/12\/cropped-HF-LOGO.png","width":391,"height":249,"caption":"Qingdao H&F"},"image":{"@id":"https:\/\/qingdaohf.com\/bg\/#\/schema\/logo\/image\/"},"sameAs":["https:\/\/www.facebook.com\/qingdaohf"]}]}},"_links":{"self":[{"href":"https:\/\/qingdaohf.com\/fr\/wp-json\/wp\/v2\/product\/6504","targetHints":{"allow":["GET"]}}],"collection":[{"href":"https:\/\/qingdaohf.com\/fr\/wp-json\/wp\/v2\/product"}],"about":[{"href":"https:\/\/qingdaohf.com\/fr\/wp-json\/wp\/v2\/types\/product"}],"replies":[{"embeddable":true,"href":"https:\/\/qingdaohf.com\/fr\/wp-json\/wp\/v2\/comments?post=6504"}],"version-history":[{"count":3,"href":"https:\/\/qingdaohf.com\/fr\/wp-json\/wp\/v2\/product\/6504\/revisions"}],"predecessor-version":[{"id":8947,"href":"https:\/\/qingdaohf.com\/fr\/wp-json\/wp\/v2\/product\/6504\/revisions\/8947"}],"wp:featuredmedia":[{"embeddable":true,"href":"https:\/\/qingdaohf.com\/fr\/wp-json\/wp\/v2\/media\/6506"}],"wp:attachment":[{"href":"https:\/\/qingdaohf.com\/fr\/wp-json\/wp\/v2\/media?parent=6504"}],"wp:term":[{"taxonomy":"product_brand","embeddable":true,"href":"https:\/\/qingdaohf.com\/fr\/wp-json\/wp\/v2\/product_brand?post=6504"},{"taxonomy":"product_cat","embeddable":true,"href":"https:\/\/qingdaohf.com\/fr\/wp-json\/wp\/v2\/product_cat?post=6504"},{"taxonomy":"product_tag","embeddable":true,"href":"https:\/\/qingdaohf.com\/fr\/wp-json\/wp\/v2\/product_tag?post=6504"}],"curies":[{"name":"wp","href":"https:\/\/api.w.org\/{rel}","templated":true}]}}