{"id":7163,"date":"2024-05-20T13:42:36","date_gmt":"2024-05-20T05:42:36","guid":{"rendered":"http:\/\/qingdaohf.com\/?post_type=product&#038;p=7163"},"modified":"2025-11-13T09:03:16","modified_gmt":"2025-11-13T01:03:16","slug":"aluminum-form-wall-ties","status":"publish","type":"product","link":"https:\/\/qingdaohf.com\/fr\/produit\/attaches-murales-en-aluminium\/","title":{"rendered":"Attaches murales en aluminium"},"content":{"rendered":"<p>Les attaches de coffrage en aluminium jouent un r\u00f4le essentiel dans la construction des coffrages \u00e0 b\u00e9ton, en particulier lorsque la pr\u00e9cision et la durabilit\u00e9 sont primordiales. Ces attaches maintiennent le coffrage en place pendant le processus de coulage du b\u00e9ton, en veillant \u00e0 ce que les coffrages conservent la forme et l'alignement pr\u00e9vus. Elles contribuent ainsi \u00e0 garantir l'int\u00e9grit\u00e9 structurelle et l'uniformit\u00e9 des murs et des poteaux en b\u00e9ton. Les attaches de coffrage peuvent \u00eatre fabriqu\u00e9es dans diff\u00e9rents mat\u00e9riaux, mais l'aluminium se distingue par sa solidit\u00e9, sa l\u00e9g\u00e8ret\u00e9 et sa r\u00e9sistance \u00e0 la corrosion. Chez Qingdao H&amp;F, nous fournissons des attaches de coffrage en aluminium de haute qualit\u00e9, adapt\u00e9es aux besoins de l'industrie de la construction, afin de garantir que vos projets soient men\u00e9s \u00e0 bien de mani\u00e8re efficace et en toute s\u00e9curit\u00e9.<\/p>\n<h3><strong>Pourquoi l'aluminium pour les attaches de coffrage ?<\/strong><\/h3>\n<p>L'utilisation de l'aluminium dans les traverses de coffrage s'est accrue en raison de ses propri\u00e9t\u00e9s uniques qui le rendent bien adapt\u00e9 aux environnements de construction exigeants. L'aluminium est \u00e0 la fois l\u00e9ger et r\u00e9sistant, ce qui le rend facile \u00e0 manipuler sur le chantier sans compromettre les performances. Cette caract\u00e9ristique est particuli\u00e8rement int\u00e9ressante lorsque de grandes quantit\u00e9s de traverses sont n\u00e9cessaires ou lorsque les ouvriers doivent g\u00e9rer de lourdes charges de travail. Contrairement \u00e0 d'autres mat\u00e9riaux tels que l'acier, la l\u00e9g\u00e8ret\u00e9 de l'aluminium r\u00e9duit les contraintes lors de la manipulation et de l'installation.<\/p>\n<p>La r\u00e9sistance \u00e0 la corrosion est un autre avantage important. Les attaches de coffrage sont expos\u00e9es \u00e0 l'humidit\u00e9 et aux divers produits chimiques contenus dans le m\u00e9lange de b\u00e9ton. L'aluminium r\u00e9siste naturellement \u00e0 la rouille et \u00e0 d'autres formes de corrosion, ce qui prolonge la dur\u00e9e de vie des traverses de coffrage et r\u00e9duit la n\u00e9cessit\u00e9 de les remplacer fr\u00e9quemment. Cette durabilit\u00e9 se traduit par des \u00e9conomies \u00e0 long terme pour les entreprises, en particulier dans les projets de grande envergure o\u00f9 il est crucial de minimiser les temps d'arr\u00eat et la maintenance.<\/p>\n<h3><strong>Efficacit\u00e9 et rentabilit\u00e9 dans la construction<\/strong><\/h3>\n<p>L'efficacit\u00e9 est la pierre angulaire des projets de construction r\u00e9ussis, et les attaches de coffrage contribuent \u00e0 cet objectif en garantissant que le coffrage reste en place, \u00e9vitant ainsi des erreurs co\u00fbteuses. Un coffrage mal align\u00e9 ou mal maintenu peut entra\u00eener des probl\u00e8mes structurels dans le b\u00e9ton, ce qui se traduit par des retards, un gaspillage de mat\u00e9riaux et des r\u00e9sultats potentiellement dangereux. Les attaches de coffrage en aluminium garantissent non seulement un coffrage s\u00fbr, mais simplifient \u00e9galement les processus de montage et de d\u00e9montage.<\/p>\n<p>Les attaches de coffrage en aluminium \u00e9tant r\u00e9utilisables, elles permettent de r\u00e9aliser des \u00e9conomies consid\u00e9rables au fil du temps. Les entrepreneurs sont souvent confront\u00e9s au dilemme de l'\u00e9quilibre entre les co\u00fbts \u00e0 court terme et les avantages \u00e0 long terme, et l'investissement dans des attaches de coffrage durables et r\u00e9utilisables peut r\u00e9duire la n\u00e9cessit\u00e9 de remplacements fr\u00e9quents et diminuer les co\u00fbts globaux du projet. De plus, les traverses en aluminium \u00e9tant plus l\u00e9g\u00e8res et plus faciles \u00e0 transporter, elles r\u00e9duisent les co\u00fbts logistiques et rendent les op\u00e9rations sur site plus efficaces.<\/p>\n<div class=\"ast-oembed-container\" style=\"height: 100%;\"><iframe title=\"Accessoires de coffrage pour b\u00e9ton Cale courbe et cale droite\" width=\"500\" height=\"281\" src=\"https:\/\/www.youtube.com\/embed\/_He4pUDjl1U?feature=oembed\" frameborder=\"0\" allow=\"accelerometer; autoplay; clipboard-write; encrypted-media; gyroscope; picture-in-picture; web-share\" referrerpolicy=\"strict-origin-when-cross-origin\" allowfullscreen><\/iframe><\/div>\n<h3><strong>Durabilit\u00e9 et impact environnemental<\/strong><\/h3>\n<p>Dans le secteur de la construction moderne, la durabilit\u00e9 est de plus en plus importante, et les liens de coffrage en aluminium s'alignent sur les pratiques respectueuses de l'environnement. L'aluminium est hautement recyclable et de nombreux produits en aluminium sont fabriqu\u00e9s \u00e0 partir de mat\u00e9riaux recycl\u00e9s. Cela permet de r\u00e9duire la demande de nouvelles mati\u00e8res premi\u00e8res et de minimiser l'impact sur l'environnement. \u00c0 la fin de leur cycle de vie, les traverses de coffrage en aluminium peuvent \u00eatre fondues et r\u00e9utilis\u00e9es sans perdre leurs propri\u00e9t\u00e9s inh\u00e9rentes, ce qui en fait un choix durable pour les professionnels de la construction soucieux de r\u00e9duire leur empreinte carbone.<\/p>\n<p>En outre, l'utilisation de mat\u00e9riaux durables et r\u00e9utilisables comme l'aluminium permet de r\u00e9duire les d\u00e9chets produits sur le chantier. Les entrepreneurs peuvent r\u00e9utiliser les attaches de coffrage en aluminium dans le cadre de plusieurs projets, ce qui r\u00e9duit consid\u00e9rablement la quantit\u00e9 de mat\u00e9riaux mis au rebut qui finiraient autrement dans les d\u00e9charges. Les entreprises de construction peuvent ainsi s'aligner sur les objectifs mondiaux de d\u00e9veloppement durable et s\u00e9duire les clients qui privil\u00e9gient les pratiques respectueuses de l'environnement.<\/p>\n<h3><strong>L'engagement de Qingdao H&amp;F en mati\u00e8re de qualit\u00e9 et de service<\/strong><\/h3>\n<p>Chez Qingdao H&amp;F, nous comprenons que les professionnels de la construction ont besoin de mat\u00e9riaux fiables et d'un service exceptionnel pour achever leurs projets dans les d\u00e9lais et le budget impartis. Nos traverses de coffrage en aluminium sont fabriqu\u00e9es selon des normes strictes de contr\u00f4le de la qualit\u00e9, ce qui garantit des performances et une durabilit\u00e9 constantes. Nous sommes fiers d'offrir non seulement des produits de haute qualit\u00e9, mais aussi des prix comp\u00e9titifs, ce qui permet \u00e0 nos clients de b\u00e9n\u00e9ficier \u00e0 la fois d'un prix abordable et de l'excellence.<\/p>\n<p>Nous reconnaissons que chaque projet est unique, et notre \u00e9quipe fournit un service client personnalis\u00e9 pour s'assurer que vous recevez les meilleurs produits pour vos besoins sp\u00e9cifiques. Qu'il s'agisse de vous aider \u00e0 choisir le bon type de liens de coffrage en aluminium ou de vous fournir un soutien continu tout au long de votre projet, nous nous engageons \u00e0 faire en sorte que votre exp\u00e9rience d'achat soit harmonieuse et efficace. Avec 20 ans d'exp\u00e9rience au service de l'industrie de la construction, Qingdao H&amp;F s'est forg\u00e9 une r\u00e9putation de fiabilit\u00e9, de s\u00e9rieux et de satisfaction de la client\u00e8le.<\/p>\n<h3><strong>Conclusion : Pourquoi choisir les liens en aluminium de Qingdao H&amp;F ?<\/strong><\/h3>\n<p>Le choix des bons ancrages de coffrage est essentiel pour assurer le succ\u00e8s de vos projets de construction, et les ancrages de coffrage en aluminium offrent une combinaison de r\u00e9sistance, de durabilit\u00e9 et de rentabilit\u00e9 que peu d'autres mat\u00e9riaux peuvent \u00e9galer. Chez Qingdao H&amp;F, nous fournissons des attaches de coffrage en aluminium de premi\u00e8re qualit\u00e9 qui r\u00e9pondent aux besoins de la construction moderne, garantissant que vos projets sont construits pour durer. En mettant l'accent sur la qualit\u00e9, des prix comp\u00e9titifs et un service \u00e0 la client\u00e8le in\u00e9gal\u00e9, nous sommes votre partenaire de confiance pour atteindre l'excellence dans la construction. Que vous travailliez sur un projet \u00e0 petite \u00e9chelle ou sur un d\u00e9veloppement d'infrastructure majeur, nos attaches de coffrage en aluminium vous aideront \u00e0 obtenir des r\u00e9sultats optimaux, \u00e0 chaque fois.<\/p>","protected":false},"excerpt":{"rendered":"<p><strong>Obtenir des dimensions pr\u00e9cises pour les murs en b\u00e9ton et garantir l'int\u00e9grit\u00e9 structurelle<\/strong> avec les attaches de coffrage mural en aluminium, un \u00e9l\u00e9ment essentiel des syst\u00e8mes de coffrage en aluminium. Ces attaches fonctionnent en conjonction avec les goupilles de coffrage en aluminium et les cales de coffrage en aluminium pour cr\u00e9er un syst\u00e8me de coffrage mural robuste et efficace.Les attaches de coffrage mural en aluminium sont disponibles dans une gamme de <strong>\u00c9paisseur de paroi Dimensions<\/strong> pour s'adapter \u00e0 diff\u00e9rents types de murs en b\u00e9ton. Les dimensions courantes sont les suivantes <strong>6\" - 24\"<\/strong>Le syst\u00e8me d'\u00e9clairage de la salle de bains permet de construire facilement des murs d'\u00e9paisseurs diff\u00e9rentes.<\/p>","protected":false},"featured_media":7168,"comment_status":"open","ping_status":"closed","template":"","meta":{"site-sidebar-layout":"default","site-content-layout":"","ast-site-content-layout":"default","site-content-style":"default","site-sidebar-style":"default","ast-global-header-display":"","ast-banner-title-visibility":"","ast-main-header-display":"","ast-hfb-above-header-display":"","ast-hfb-below-header-display":"","ast-hfb-mobile-header-display":"","site-post-title":"","ast-breadcrumbs-content":"","ast-featured-img":"","footer-sml-layout":"","theme-transparent-header-meta":"default","adv-header-id-meta":"","stick-header-meta":"default","header-above-stick-meta":"","header-main-stick-meta":"","header-below-stick-meta":"","astra-migrate-meta-layouts":"set","ast-page-background-enabled":"default","ast-page-background-meta":{"desktop":{"background-color":"","background-image":"","background-repeat":"repeat","background-position":"center center","background-size":"auto","background-attachment":"scroll","background-type":"","background-media":"","overlay-type":"","overlay-color":"","overlay-opacity":"","overlay-gradient":""},"tablet":{"background-color":"","background-image":"","background-repeat":"repeat","background-position":"center center","background-size":"auto","background-attachment":"scroll","background-type":"","background-media":"","overlay-type":"","overlay-color":"","overlay-opacity":"","overlay-gradient":""},"mobile":{"background-color":"","background-image":"","background-repeat":"repeat","background-position":"center center","background-size":"auto","background-attachment":"scroll","background-type":"","background-media":"","overlay-type":"","overlay-color":"","overlay-opacity":"","overlay-gradient":""}},"ast-content-background-meta":{"desktop":{"background-color":"var(--ast-global-color-5)","background-image":"","background-repeat":"repeat","background-position":"center center","background-size":"auto","background-attachment":"scroll","background-type":"","background-media":"","overlay-type":"","overlay-color":"","overlay-opacity":"","overlay-gradient":""},"tablet":{"background-color":"var(--ast-global-color-5)","background-image":"","background-repeat":"repeat","background-position":"center center","background-size":"auto","background-attachment":"scroll","background-type":"","background-media":"","overlay-type":"","overlay-color":"","overlay-opacity":"","overlay-gradient":""},"mobile":{"background-color":"var(--ast-global-color-5)","background-image":"","background-repeat":"repeat","background-position":"center center","background-size":"auto","background-attachment":"scroll","background-type":"","background-media":"","overlay-type":"","overlay-color":"","overlay-opacity":"","overlay-gradient":""}}},"product_brand":[],"product_cat":[65],"product_tag":[],"class_list":{"0":"post-7163","1":"product","2":"type-product","3":"status-publish","4":"has-post-thumbnail","6":"product_cat-aluminum-form-tie","7":"desktop-align-left","8":"tablet-align-left","9":"mobile-align-left","10":"ast-product-gallery-layout-horizontal-slider","11":"ast-product-tabs-layout-horizontal","13":"first","14":"instock","15":"shipping-taxable","16":"purchasable","17":"product-type-simple"},"yoast_head":"<!-- This site is optimized with the Yoast SEO plugin v25.2 - https:\/\/yoast.com\/wordpress\/plugins\/seo\/ -->\n<title>Aluminum Form Wall Ties<\/title>\n<meta name=\"description\" content=\"Aluminum Form Wall Ties are available in a range of Wall Thickness Sizes to accommodate various concrete wall designs. Common sizes include 6\u201d - 24\u201d.\" \/>\n<meta name=\"robots\" content=\"index, follow, max-snippet:-1, max-image-preview:large, max-video-preview:-1\" \/>\n<link rel=\"canonical\" href=\"https:\/\/qingdaohf.com\/fr\/produit\/attaches-murales-en-aluminium\/\" \/>\n<meta property=\"og:locale\" content=\"fr_FR\" \/>\n<meta property=\"og:type\" content=\"article\" \/>\n<meta property=\"og:title\" content=\"Aluminum Form Wall Ties\" \/>\n<meta property=\"og:description\" content=\"Aluminum Form Wall Ties are available in a range of Wall Thickness Sizes to accommodate various concrete wall designs. Common sizes include 6\u201d - 24\u201d.\" \/>\n<meta property=\"og:url\" content=\"https:\/\/qingdaohf.com\/fr\/produit\/attaches-murales-en-aluminium\/\" \/>\n<meta property=\"og:site_name\" content=\"Concrete Form &amp; Rigging Hardware Supplier\" \/>\n<meta property=\"article:publisher\" content=\"https:\/\/www.facebook.com\/qingdaohf\" \/>\n<meta property=\"article:modified_time\" content=\"2025-11-13T01:03:16+00:00\" \/>\n<meta property=\"og:image\" content=\"https:\/\/qingdaohf.com\/wp-content\/uploads\/2024\/05\/Aluminum-Form-Wall-Ties-1.jpg\" \/>\n\t<meta property=\"og:image:width\" content=\"1000\" \/>\n\t<meta property=\"og:image:height\" content=\"1000\" \/>\n\t<meta property=\"og:image:type\" content=\"image\/jpeg\" \/>\n<meta name=\"twitter:card\" content=\"summary_large_image\" \/>\n<meta name=\"twitter:label1\" content=\"Dur\u00e9e de lecture estim\u00e9e\" \/>\n\t<meta name=\"twitter:data1\" content=\"4 minutes\" \/>\n<script type=\"application\/ld+json\" class=\"yoast-schema-graph\">{\"@context\":\"https:\/\/schema.org\",\"@graph\":[{\"@type\":\"WebPage\",\"@id\":\"https:\/\/qingdaohf.com\/product\/aluminum-form-wall-ties\/\",\"url\":\"https:\/\/qingdaohf.com\/product\/aluminum-form-wall-ties\/\",\"name\":\"Aluminum Form Wall Ties\",\"isPartOf\":{\"@id\":\"https:\/\/qingdaohf.com\/bg\/#website\"},\"primaryImageOfPage\":{\"@id\":\"https:\/\/qingdaohf.com\/product\/aluminum-form-wall-ties\/#primaryimage\"},\"image\":{\"@id\":\"https:\/\/qingdaohf.com\/product\/aluminum-form-wall-ties\/#primaryimage\"},\"thumbnailUrl\":\"https:\/\/qingdaohf.com\/wp-content\/uploads\/2024\/05\/Aluminum-Form-Wall-Ties-1.jpg\",\"datePublished\":\"2024-05-20T05:42:36+00:00\",\"dateModified\":\"2025-11-13T01:03:16+00:00\",\"description\":\"Aluminum Form Wall Ties are available in a range of Wall Thickness Sizes to accommodate various concrete wall designs. Common sizes include 6\u201d - 24\u201d.\",\"breadcrumb\":{\"@id\":\"https:\/\/qingdaohf.com\/product\/aluminum-form-wall-ties\/#breadcrumb\"},\"inLanguage\":\"fr-FR\",\"potentialAction\":[{\"@type\":\"ReadAction\",\"target\":[\"https:\/\/qingdaohf.com\/product\/aluminum-form-wall-ties\/\"]}]},{\"@type\":\"ImageObject\",\"inLanguage\":\"fr-FR\",\"@id\":\"https:\/\/qingdaohf.com\/product\/aluminum-form-wall-ties\/#primaryimage\",\"url\":\"https:\/\/qingdaohf.com\/wp-content\/uploads\/2024\/05\/Aluminum-Form-Wall-Ties-1.jpg\",\"contentUrl\":\"https:\/\/qingdaohf.com\/wp-content\/uploads\/2024\/05\/Aluminum-Form-Wall-Ties-1.jpg\",\"width\":1000,\"height\":1000,\"caption\":\"Aluminum Form Wall Ties\"},{\"@type\":\"BreadcrumbList\",\"@id\":\"https:\/\/qingdaohf.com\/product\/aluminum-form-wall-ties\/#breadcrumb\",\"itemListElement\":[{\"@type\":\"ListItem\",\"position\":1,\"name\":\"Home\",\"item\":\"https:\/\/qingdaohf.com\/\"},{\"@type\":\"ListItem\",\"position\":2,\"name\":\"Concrete Forming Accessories and Rigging Hardware\",\"item\":\"https:\/\/qingdaohf.com\/bg\/?page_id=944\"},{\"@type\":\"ListItem\",\"position\":3,\"name\":\"Aluminum Form Wall Ties\"}]},{\"@type\":\"WebSite\",\"@id\":\"https:\/\/qingdaohf.com\/bg\/#website\",\"url\":\"https:\/\/qingdaohf.com\/bg\/\",\"name\":\"Concrete Form & Rigging Hardware Supplier\",\"description\":\"\",\"publisher\":{\"@id\":\"https:\/\/qingdaohf.com\/bg\/#organization\"},\"potentialAction\":[{\"@type\":\"SearchAction\",\"target\":{\"@type\":\"EntryPoint\",\"urlTemplate\":\"https:\/\/qingdaohf.com\/bg\/?s={search_term_string}\"},\"query-input\":{\"@type\":\"PropertyValueSpecification\",\"valueRequired\":true,\"valueName\":\"search_term_string\"}}],\"inLanguage\":\"fr-FR\"},{\"@type\":\"Organization\",\"@id\":\"https:\/\/qingdaohf.com\/bg\/#organization\",\"name\":\"Qingdao H&F\",\"url\":\"https:\/\/qingdaohf.com\/bg\/\",\"logo\":{\"@type\":\"ImageObject\",\"inLanguage\":\"fr-FR\",\"@id\":\"https:\/\/qingdaohf.com\/bg\/#\/schema\/logo\/image\/\",\"url\":\"https:\/\/qingdaohf.com\/wp-content\/uploads\/2022\/12\/cropped-HF-LOGO.png\",\"contentUrl\":\"https:\/\/qingdaohf.com\/wp-content\/uploads\/2022\/12\/cropped-HF-LOGO.png\",\"width\":391,\"height\":249,\"caption\":\"Qingdao H&F\"},\"image\":{\"@id\":\"https:\/\/qingdaohf.com\/bg\/#\/schema\/logo\/image\/\"},\"sameAs\":[\"https:\/\/www.facebook.com\/qingdaohf\"]}]}<\/script>\n<!-- \/ Yoast SEO plugin. -->","yoast_head_json":{"title":"Aluminum Form Wall Ties","description":"Aluminum Form Wall Ties are available in a range of Wall Thickness Sizes to accommodate various concrete wall designs. Common sizes include 6\u201d - 24\u201d.","robots":{"index":"index","follow":"follow","max-snippet":"max-snippet:-1","max-image-preview":"max-image-preview:large","max-video-preview":"max-video-preview:-1"},"canonical":"https:\/\/qingdaohf.com\/fr\/produit\/attaches-murales-en-aluminium\/","og_locale":"fr_FR","og_type":"article","og_title":"Aluminum Form Wall Ties","og_description":"Aluminum Form Wall Ties are available in a range of Wall Thickness Sizes to accommodate various concrete wall designs. Common sizes include 6\u201d - 24\u201d.","og_url":"https:\/\/qingdaohf.com\/fr\/produit\/attaches-murales-en-aluminium\/","og_site_name":"Concrete Form &amp; Rigging Hardware Supplier","article_publisher":"https:\/\/www.facebook.com\/qingdaohf","article_modified_time":"2025-11-13T01:03:16+00:00","og_image":[{"width":1000,"height":1000,"url":"https:\/\/qingdaohf.com\/wp-content\/uploads\/2024\/05\/Aluminum-Form-Wall-Ties-1.jpg","type":"image\/jpeg"}],"twitter_card":"summary_large_image","twitter_misc":{"Dur\u00e9e de lecture estim\u00e9e":"4 minutes"},"schema":{"@context":"https:\/\/schema.org","@graph":[{"@type":"WebPage","@id":"https:\/\/qingdaohf.com\/product\/aluminum-form-wall-ties\/","url":"https:\/\/qingdaohf.com\/product\/aluminum-form-wall-ties\/","name":"Aluminum Form Wall Ties","isPartOf":{"@id":"https:\/\/qingdaohf.com\/bg\/#website"},"primaryImageOfPage":{"@id":"https:\/\/qingdaohf.com\/product\/aluminum-form-wall-ties\/#primaryimage"},"image":{"@id":"https:\/\/qingdaohf.com\/product\/aluminum-form-wall-ties\/#primaryimage"},"thumbnailUrl":"https:\/\/qingdaohf.com\/wp-content\/uploads\/2024\/05\/Aluminum-Form-Wall-Ties-1.jpg","datePublished":"2024-05-20T05:42:36+00:00","dateModified":"2025-11-13T01:03:16+00:00","description":"Aluminum Form Wall Ties are available in a range of Wall Thickness Sizes to accommodate various concrete wall designs. Common sizes include 6\u201d - 24\u201d.","breadcrumb":{"@id":"https:\/\/qingdaohf.com\/product\/aluminum-form-wall-ties\/#breadcrumb"},"inLanguage":"fr-FR","potentialAction":[{"@type":"ReadAction","target":["https:\/\/qingdaohf.com\/product\/aluminum-form-wall-ties\/"]}]},{"@type":"ImageObject","inLanguage":"fr-FR","@id":"https:\/\/qingdaohf.com\/product\/aluminum-form-wall-ties\/#primaryimage","url":"https:\/\/qingdaohf.com\/wp-content\/uploads\/2024\/05\/Aluminum-Form-Wall-Ties-1.jpg","contentUrl":"https:\/\/qingdaohf.com\/wp-content\/uploads\/2024\/05\/Aluminum-Form-Wall-Ties-1.jpg","width":1000,"height":1000,"caption":"Aluminum Form Wall Ties"},{"@type":"BreadcrumbList","@id":"https:\/\/qingdaohf.com\/product\/aluminum-form-wall-ties\/#breadcrumb","itemListElement":[{"@type":"ListItem","position":1,"name":"Home","item":"https:\/\/qingdaohf.com\/"},{"@type":"ListItem","position":2,"name":"Concrete Forming Accessories and Rigging Hardware","item":"https:\/\/qingdaohf.com\/bg\/?page_id=944"},{"@type":"ListItem","position":3,"name":"Aluminum Form Wall Ties"}]},{"@type":"WebSite","@id":"https:\/\/qingdaohf.com\/bg\/#website","url":"https:\/\/qingdaohf.com\/bg\/","name":"Concrete Form & Rigging Hardware Supplier","description":"","publisher":{"@id":"https:\/\/qingdaohf.com\/bg\/#organization"},"potentialAction":[{"@type":"SearchAction","target":{"@type":"EntryPoint","urlTemplate":"https:\/\/qingdaohf.com\/bg\/?s={search_term_string}"},"query-input":{"@type":"PropertyValueSpecification","valueRequired":true,"valueName":"search_term_string"}}],"inLanguage":"fr-FR"},{"@type":"Organization","@id":"https:\/\/qingdaohf.com\/bg\/#organization","name":"Qingdao H&F","url":"https:\/\/qingdaohf.com\/bg\/","logo":{"@type":"ImageObject","inLanguage":"fr-FR","@id":"https:\/\/qingdaohf.com\/bg\/#\/schema\/logo\/image\/","url":"https:\/\/qingdaohf.com\/wp-content\/uploads\/2022\/12\/cropped-HF-LOGO.png","contentUrl":"https:\/\/qingdaohf.com\/wp-content\/uploads\/2022\/12\/cropped-HF-LOGO.png","width":391,"height":249,"caption":"Qingdao H&F"},"image":{"@id":"https:\/\/qingdaohf.com\/bg\/#\/schema\/logo\/image\/"},"sameAs":["https:\/\/www.facebook.com\/qingdaohf"]}]}},"_links":{"self":[{"href":"https:\/\/qingdaohf.com\/fr\/wp-json\/wp\/v2\/product\/7163","targetHints":{"allow":["GET"]}}],"collection":[{"href":"https:\/\/qingdaohf.com\/fr\/wp-json\/wp\/v2\/product"}],"about":[{"href":"https:\/\/qingdaohf.com\/fr\/wp-json\/wp\/v2\/types\/product"}],"replies":[{"embeddable":true,"href":"https:\/\/qingdaohf.com\/fr\/wp-json\/wp\/v2\/comments?post=7163"}],"version-history":[{"count":3,"href":"https:\/\/qingdaohf.com\/fr\/wp-json\/wp\/v2\/product\/7163\/revisions"}],"predecessor-version":[{"id":8094,"href":"https:\/\/qingdaohf.com\/fr\/wp-json\/wp\/v2\/product\/7163\/revisions\/8094"}],"wp:featuredmedia":[{"embeddable":true,"href":"https:\/\/qingdaohf.com\/fr\/wp-json\/wp\/v2\/media\/7168"}],"wp:attachment":[{"href":"https:\/\/qingdaohf.com\/fr\/wp-json\/wp\/v2\/media?parent=7163"}],"wp:term":[{"taxonomy":"product_brand","embeddable":true,"href":"https:\/\/qingdaohf.com\/fr\/wp-json\/wp\/v2\/product_brand?post=7163"},{"taxonomy":"product_cat","embeddable":true,"href":"https:\/\/qingdaohf.com\/fr\/wp-json\/wp\/v2\/product_cat?post=7163"},{"taxonomy":"product_tag","embeddable":true,"href":"https:\/\/qingdaohf.com\/fr\/wp-json\/wp\/v2\/product_tag?post=7163"}],"curies":[{"name":"wp","href":"https:\/\/api.w.org\/{rel}","templated":true}]}}