{"id":7352,"date":"2024-05-27T11:44:05","date_gmt":"2024-05-27T03:44:05","guid":{"rendered":"http:\/\/qingdaohf.com\/?post_type=product&#038;p=7352"},"modified":"2025-11-13T09:03:16","modified_gmt":"2025-11-13T01:03:16","slug":"concrete-forming-stake","status":"publish","type":"product","link":"https:\/\/qingdaohf.com\/fr\/produit\/piquet-de-coffrage-pour-le-beton\/","title":{"rendered":"Piquet de coffrage pour b\u00e9ton Piquet rond en acier"},"content":{"rendered":"<h2>Types de piquets de coffrage pour le b\u00e9ton<\/h2>\n<p>Les piquets de coffrage pour b\u00e9ton se pr\u00e9sentent sous diff\u00e9rentes formes et mat\u00e9riaux, chacun \u00e9tant con\u00e7u pour r\u00e9pondre \u00e0 des besoins de construction sp\u00e9cifiques. Les principaux types de piquets de coffrage pour b\u00e9ton comprennent les piquets ronds en acier, les piquets carr\u00e9s en acier, les piquets plats en poutre en I et les piquets plats en acier. Chaque type poss\u00e8de des caract\u00e9ristiques uniques qui le rendent adapt\u00e9 \u00e0 des applications particuli\u00e8res.<\/p>\n<h3>Piquet rond en acier<\/h3>\n<p>Les piquets ronds en acier sont le type le plus courant de piquets de coffrage pour le b\u00e9ton utilis\u00e9s dans la construction. Connus pour leur solidit\u00e9 et leur durabilit\u00e9, ils sont id\u00e9aux pour les applications lourdes. Les fabricants fabriquent g\u00e9n\u00e9ralement ces piquets \u00e0 partir d'un acier de haute qualit\u00e9, qui offre une excellente r\u00e9sistance \u00e0 la flexion et \u00e0 la rupture sous la pression.<\/p>\n<h3>Piquet carr\u00e9 en acier<\/h3>\n<p>Les piquets d'acier carr\u00e9s constituent une alternative aux piquets d'acier ronds, offrant une forme diff\u00e9rente qui peut \u00eatre avantageuse dans certaines situations. La forme carr\u00e9e offre une surface suppl\u00e9mentaire pour une meilleure adh\u00e9rence et stabilit\u00e9 dans le sol. Ils sont donc particuli\u00e8rement utiles dans les sols plus mous, o\u00f9 une force de maintien suppl\u00e9mentaire est n\u00e9cessaire.<\/p>\n<h3>Piquet plat en I<\/h3>\n<p>Les piquets plats en I, \u00e9galement connus sous le nom de piquets de coffrage en I, sont con\u00e7us pour offrir une r\u00e9sistance et une stabilit\u00e9 maximales. Leur forme unique de poutre en I leur permet de supporter des charges plus \u00e9lev\u00e9es et de r\u00e9sister \u00e0 la flexion. Les projets de construction \u00e0 grande \u00e9chelle utilisent souvent ces piquets lorsque la stabilit\u00e9 et la r\u00e9sistance sont cruciales.<\/p>\n<h3>Piquet en acier plat<\/h3>\n<p>Les piquets plats en acier sont un autre choix populaire pour le coffrage du b\u00e9ton. Leur conception plate permet de les enfoncer facilement dans le sol et offre une large surface pour maintenir le coffrage en place. Ces piquets sont polyvalents et peuvent \u00eatre utilis\u00e9s dans une vari\u00e9t\u00e9 d'applications de construction, ce qui en fait un \u00e9l\u00e9ment essentiel de nombreuses trousses \u00e0 outils de construction.<\/p>\n<h2>Tailles courantes des piquets de coffrage pour b\u00e9ton<\/h2>\n<p>Les piquets de coffrage pour le b\u00e9ton existent en diff\u00e9rentes tailles pour r\u00e9pondre aux diff\u00e9rents besoins de la construction. Les tailles les plus courantes sont 18 pouces, 24 pouces et 36 pouces. Chaque taille r\u00e9pond \u00e0 des besoins sp\u00e9cifiques et fournit diff\u00e9rents niveaux de support pour les coffrages.<\/p>\n<h3>Piquets de 18 pouces<\/h3>\n<p>Les piquets de 18 pouces sont g\u00e9n\u00e9ralement utilis\u00e9s pour les petits projets ou dans les situations o\u00f9 le coffrage n'a pas besoin d'\u00eatre fix\u00e9 profond\u00e9ment dans le sol. Ils sont faciles \u00e0 manipuler et \u00e0 installer, ce qui les rend id\u00e9aux pour les coul\u00e9es de b\u00e9ton simples et rapides. Malgr\u00e9 leur taille r\u00e9duite, ils offrent une force de maintien importante pour la plupart des applications l\u00e9g\u00e8res.<\/p>\n<h3>Piquets de 24 pouces<\/h3>\n<p>Les piquets de 24 pouces sont une option polyvalente qui peut \u00eatre utilis\u00e9e dans un large \u00e9ventail de projets de construction. Ils offrent un bon \u00e9quilibre entre la facilit\u00e9 d'utilisation et la puissance de maintien, ce qui les rend appropri\u00e9s pour les coul\u00e9es de taille moyenne et les travaux de construction g\u00e9n\u00e9raux. Les entrepreneurs pr\u00e9f\u00e8rent souvent ces piquets pour leur adaptabilit\u00e9 et leur efficacit\u00e9 dans diverses conditions de sol.<\/p>\n<h3>Piquets de 36 pouces<\/h3>\n<p>Les piquets de 36 pouces sont con\u00e7us pour les applications lourdes n\u00e9cessitant une p\u00e9n\u00e9tration profonde dans le sol. Ces piquets offrent une stabilit\u00e9 et un soutien maximums pour les coffrages et les coul\u00e9es de b\u00e9ton \u00e0 grande \u00e9chelle. Ils sont id\u00e9aux pour une utilisation dans des conditions de sol difficiles ou lors de coul\u00e9es de b\u00e9ton de grand volume qui n\u00e9cessitent un renforcement suppl\u00e9mentaire.<\/p>\n<h2>Applications du pieu de coffrage du b\u00e9ton<\/h2>\n<p>Les piquets de coffrage pour b\u00e9ton jouent un r\u00f4le crucial dans diverses applications de construction. Leur fonction premi\u00e8re est de maintenir le coffrage en place, en veillant \u00e0 ce que le b\u00e9ton prenne correctement et conserve la forme souhait\u00e9e. Voici quelques applications courantes des piquets de coffrage :<\/p>\n<h3>Travail de fondation<\/h3>\n<p>Les piquets de coffrage pour b\u00e9ton sont essentiels dans les travaux de fondation, o\u00f9 la pr\u00e9cision et la stabilit\u00e9 du coffrage sont primordiales. Ils fixent les coffrages en bois ou en m\u00e9tal qui forment les fondations en b\u00e9ton des b\u00e2timents, en veillant \u00e0 ce que les fondations soient de niveau et correctement align\u00e9es.<\/p>\n<h3>All\u00e9es et trottoirs<\/h3>\n<p>Dans les projets r\u00e9sidentiels et commerciaux, les piquets de coffrage sont utilis\u00e9s pour cr\u00e9er des all\u00e9es et des trottoirs lisses et durables. En maintenant le coffrage en place, ces piquets permettent de s'assurer que le b\u00e9ton est coul\u00e9 aux bonnes dimensions et que la surface finie est plane et correctement nivel\u00e9e.<\/p>\n<h3>Murs de sout\u00e8nement<\/h3>\n<p>Les murs de sout\u00e8nement n\u00e9cessitent un coffrage solide et stable pour maintenir le b\u00e9ton en place pendant la prise. Les piquets de coffrage pour b\u00e9ton fournissent le soutien n\u00e9cessaire pour emp\u00eacher le coffrage de se d\u00e9placer ou de s'effondrer, ce qui permet d'obtenir un mur de sout\u00e8nement solide et stable, capable de r\u00e9sister aux pressions exerc\u00e9es par le sol qui se trouve derri\u00e8re lui.<\/p>\n<h3>Dalles et sols<\/h3>\n<p>Lors du coulage de dalles et de planchers en b\u00e9ton, un coffrage pr\u00e9cis et stable garantit une surface plane. Les piquets de coffrage aident \u00e0 maintenir la position du coffrage, emp\u00eachant tout mouvement qui pourrait entra\u00eener un b\u00e9ton in\u00e9gal ou mal durci.<\/p>\n<h3>Bordures et goutti\u00e8res<\/h3>\n<p>Les piquets de coffrage pour b\u00e9ton sont \u00e9galement utilis\u00e9s dans la construction de bordures et de caniveaux, o\u00f9 un coffrage pr\u00e9cis est n\u00e9cessaire pour cr\u00e9er les formes et les angles souhait\u00e9s. En fixant le coffrage, ces piquets contribuent \u00e0 assurer la prise correcte du b\u00e9ton et \u00e0 faire en sorte que le produit fini soit \u00e0 la fois fonctionnel et esth\u00e9tique.<\/p>\n<h3>Ponts et viaducs<\/h3>\n<p>Les grands projets d'infrastructure, tels que les ponts et les viaducs, n\u00e9cessitent des coffrages robustes pour supporter le poids et le volume consid\u00e9rables de b\u00e9ton qu'ils impliquent. Les piquets de coffrage pour b\u00e9ton fournissent le support n\u00e9cessaire pour maintenir le coffrage en place, garantissant que le b\u00e9ton prenne correctement et que la structure finie soit solide et stable.<\/p>\n<h3>Colonnes et poutres<\/h3>\n<p>Dans la construction de poteaux et de poutres, les piquets de coffrage pour b\u00e9ton fixent les coffrages verticaux et horizontaux qui fa\u00e7onnent ces \u00e9l\u00e9ments structurels. En maintenant la position du coffrage, ces piquets contribuent \u00e0 garantir que le b\u00e9ton prenne correctement et que les poteaux et les poutres soient solides et bien align\u00e9s.<\/p>\n<h3>Travaux de b\u00e9ton d\u00e9coratif<\/h3>\n<p>Les piquets de coffrage sont \u00e9galement utilis\u00e9s dans les travaux de b\u00e9ton d\u00e9coratif, tels que les surfaces de b\u00e9ton estamp\u00e9 ou color\u00e9. En fixant le coffrage, ces piquets permettent de s'assurer que les \u00e9l\u00e9ments d\u00e9coratifs sont form\u00e9s avec pr\u00e9cision et que la surface finie r\u00e9pond aux normes esth\u00e9tiques souhait\u00e9es.<\/p>\n<h2>Conclusion<\/h2>\n<p>Les piquets de coffrage sont des outils indispensables dans l'industrie de la construction. Ils fournissent le support et la stabilit\u00e9 n\u00e9cessaires au coffrage dans un large \u00e9ventail d'applications. Que vous travailliez sur un petit projet r\u00e9sidentiel ou sur une grande infrastructure commerciale, le bon type et la bonne taille des piquets de coffrage peuvent faire une diff\u00e9rence significative dans la qualit\u00e9 et la stabilit\u00e9 de vos structures en b\u00e9ton. Comprendre les diff\u00e9rents types de piquets et leurs applications vous aidera \u00e0 choisir les meilleures options pour vos besoins sp\u00e9cifiques en mati\u00e8re de construction.<\/p>","protected":false},"excerpt":{"rendered":"<p>Les piquets de coffrage sont des outils essentiels dans l'industrie de la construction, utilis\u00e9s pour fixer et stabiliser les coffrages pour les coul\u00e9es de b\u00e9ton. Ces piquets garantissent que le b\u00e9ton prend correctement, en donnant la forme et le soutien n\u00e9cessaires \u00e0 divers projets de construction. Dans ce guide, nous allons explorer les diff\u00e9rents types de piquets de coffrage, leurs tailles courantes et leurs diverses applications dans la construction.<\/p>","protected":false},"featured_media":7353,"comment_status":"open","ping_status":"closed","template":"","meta":{"site-sidebar-layout":"default","site-content-layout":"","ast-site-content-layout":"default","site-content-style":"default","site-sidebar-style":"default","ast-global-header-display":"","ast-banner-title-visibility":"","ast-main-header-display":"","ast-hfb-above-header-display":"","ast-hfb-below-header-display":"","ast-hfb-mobile-header-display":"","site-post-title":"","ast-breadcrumbs-content":"","ast-featured-img":"","footer-sml-layout":"","theme-transparent-header-meta":"default","adv-header-id-meta":"","stick-header-meta":"default","header-above-stick-meta":"","header-main-stick-meta":"","header-below-stick-meta":"","astra-migrate-meta-layouts":"set","ast-page-background-enabled":"default","ast-page-background-meta":{"desktop":{"background-color":"","background-image":"","background-repeat":"repeat","background-position":"center center","background-size":"auto","background-attachment":"scroll","background-type":"","background-media":"","overlay-type":"","overlay-color":"","overlay-opacity":"","overlay-gradient":""},"tablet":{"background-color":"","background-image":"","background-repeat":"repeat","background-position":"center center","background-size":"auto","background-attachment":"scroll","background-type":"","background-media":"","overlay-type":"","overlay-color":"","overlay-opacity":"","overlay-gradient":""},"mobile":{"background-color":"","background-image":"","background-repeat":"repeat","background-position":"center center","background-size":"auto","background-attachment":"scroll","background-type":"","background-media":"","overlay-type":"","overlay-color":"","overlay-opacity":"","overlay-gradient":""}},"ast-content-background-meta":{"desktop":{"background-color":"var(--ast-global-color-5)","background-image":"","background-repeat":"repeat","background-position":"center center","background-size":"auto","background-attachment":"scroll","background-type":"","background-media":"","overlay-type":"","overlay-color":"","overlay-opacity":"","overlay-gradient":""},"tablet":{"background-color":"var(--ast-global-color-5)","background-image":"","background-repeat":"repeat","background-position":"center center","background-size":"auto","background-attachment":"scroll","background-type":"","background-media":"","overlay-type":"","overlay-color":"","overlay-opacity":"","overlay-gradient":""},"mobile":{"background-color":"var(--ast-global-color-5)","background-image":"","background-repeat":"repeat","background-position":"center center","background-size":"auto","background-attachment":"scroll","background-type":"","background-media":"","overlay-type":"","overlay-color":"","overlay-opacity":"","overlay-gradient":""}}},"product_brand":[],"product_cat":[53],"product_tag":[],"class_list":{"0":"post-7352","1":"product","2":"type-product","3":"status-publish","4":"has-post-thumbnail","6":"product_cat-steel-stake","7":"desktop-align-left","8":"tablet-align-left","9":"mobile-align-left","10":"ast-product-gallery-layout-horizontal-slider","11":"ast-product-tabs-layout-horizontal","13":"first","14":"instock","15":"featured","16":"shipping-taxable","17":"purchasable","18":"product-type-simple"},"yoast_head":"<!-- This site is optimized with the Yoast SEO plugin v25.2 - https:\/\/yoast.com\/wordpress\/plugins\/seo\/ -->\n<title>Concrete Forming Stake Round Steel Stake<\/title>\n<meta name=\"description\" content=\"Concrete forming stakes are essential tools in the construction industry, used to secure and stabilize formwork for concrete pours.\" \/>\n<meta name=\"robots\" content=\"index, follow, max-snippet:-1, max-image-preview:large, max-video-preview:-1\" \/>\n<link rel=\"canonical\" href=\"https:\/\/qingdaohf.com\/fr\/produit\/piquet-de-coffrage-pour-le-beton\/\" \/>\n<meta property=\"og:locale\" content=\"fr_FR\" \/>\n<meta property=\"og:type\" content=\"article\" \/>\n<meta property=\"og:title\" content=\"Concrete Forming Stake Round Steel Stake\" \/>\n<meta property=\"og:description\" content=\"Concrete forming stakes are essential tools in the construction industry, used to secure and stabilize formwork for concrete pours.\" \/>\n<meta property=\"og:url\" content=\"https:\/\/qingdaohf.com\/fr\/produit\/piquet-de-coffrage-pour-le-beton\/\" \/>\n<meta property=\"og:site_name\" content=\"Concrete Form &amp; Rigging Hardware Supplier\" \/>\n<meta property=\"article:publisher\" content=\"https:\/\/www.facebook.com\/qingdaohf\" \/>\n<meta property=\"article:modified_time\" content=\"2025-11-13T01:03:16+00:00\" \/>\n<meta property=\"og:image\" content=\"https:\/\/qingdaohf.com\/wp-content\/uploads\/2024\/05\/Concrete-Forming-Stake.jpg\" \/>\n\t<meta property=\"og:image:width\" content=\"1000\" \/>\n\t<meta property=\"og:image:height\" content=\"1000\" \/>\n\t<meta property=\"og:image:type\" content=\"image\/jpeg\" \/>\n<meta name=\"twitter:card\" content=\"summary_large_image\" \/>\n<meta name=\"twitter:label1\" content=\"Dur\u00e9e de lecture estim\u00e9e\" \/>\n\t<meta name=\"twitter:data1\" content=\"5 minutes\" \/>\n<script type=\"application\/ld+json\" class=\"yoast-schema-graph\">{\"@context\":\"https:\/\/schema.org\",\"@graph\":[{\"@type\":\"WebPage\",\"@id\":\"https:\/\/qingdaohf.com\/product\/concrete-forming-stake\/\",\"url\":\"https:\/\/qingdaohf.com\/product\/concrete-forming-stake\/\",\"name\":\"Concrete Forming Stake Round Steel Stake\",\"isPartOf\":{\"@id\":\"https:\/\/qingdaohf.com\/bg\/#website\"},\"primaryImageOfPage\":{\"@id\":\"https:\/\/qingdaohf.com\/product\/concrete-forming-stake\/#primaryimage\"},\"image\":{\"@id\":\"https:\/\/qingdaohf.com\/product\/concrete-forming-stake\/#primaryimage\"},\"thumbnailUrl\":\"https:\/\/qingdaohf.com\/wp-content\/uploads\/2024\/05\/Concrete-Forming-Stake.jpg\",\"datePublished\":\"2024-05-27T03:44:05+00:00\",\"dateModified\":\"2025-11-13T01:03:16+00:00\",\"description\":\"Concrete forming stakes are essential tools in the construction industry, used to secure and stabilize formwork for concrete pours.\",\"breadcrumb\":{\"@id\":\"https:\/\/qingdaohf.com\/product\/concrete-forming-stake\/#breadcrumb\"},\"inLanguage\":\"fr-FR\",\"potentialAction\":[{\"@type\":\"ReadAction\",\"target\":[\"https:\/\/qingdaohf.com\/product\/concrete-forming-stake\/\"]}]},{\"@type\":\"ImageObject\",\"inLanguage\":\"fr-FR\",\"@id\":\"https:\/\/qingdaohf.com\/product\/concrete-forming-stake\/#primaryimage\",\"url\":\"https:\/\/qingdaohf.com\/wp-content\/uploads\/2024\/05\/Concrete-Forming-Stake.jpg\",\"contentUrl\":\"https:\/\/qingdaohf.com\/wp-content\/uploads\/2024\/05\/Concrete-Forming-Stake.jpg\",\"width\":1000,\"height\":1000},{\"@type\":\"BreadcrumbList\",\"@id\":\"https:\/\/qingdaohf.com\/product\/concrete-forming-stake\/#breadcrumb\",\"itemListElement\":[{\"@type\":\"ListItem\",\"position\":1,\"name\":\"Home\",\"item\":\"https:\/\/qingdaohf.com\/\"},{\"@type\":\"ListItem\",\"position\":2,\"name\":\"Concrete Forming Accessories and Rigging Hardware\",\"item\":\"https:\/\/qingdaohf.com\/bg\/?page_id=944\"},{\"@type\":\"ListItem\",\"position\":3,\"name\":\"Concrete Forming Stake Round Steel Stake\"}]},{\"@type\":\"WebSite\",\"@id\":\"https:\/\/qingdaohf.com\/bg\/#website\",\"url\":\"https:\/\/qingdaohf.com\/bg\/\",\"name\":\"Concrete Form & Rigging Hardware Supplier\",\"description\":\"\",\"publisher\":{\"@id\":\"https:\/\/qingdaohf.com\/bg\/#organization\"},\"potentialAction\":[{\"@type\":\"SearchAction\",\"target\":{\"@type\":\"EntryPoint\",\"urlTemplate\":\"https:\/\/qingdaohf.com\/bg\/?s={search_term_string}\"},\"query-input\":{\"@type\":\"PropertyValueSpecification\",\"valueRequired\":true,\"valueName\":\"search_term_string\"}}],\"inLanguage\":\"fr-FR\"},{\"@type\":\"Organization\",\"@id\":\"https:\/\/qingdaohf.com\/bg\/#organization\",\"name\":\"Qingdao H&F\",\"url\":\"https:\/\/qingdaohf.com\/bg\/\",\"logo\":{\"@type\":\"ImageObject\",\"inLanguage\":\"fr-FR\",\"@id\":\"https:\/\/qingdaohf.com\/bg\/#\/schema\/logo\/image\/\",\"url\":\"https:\/\/qingdaohf.com\/wp-content\/uploads\/2022\/12\/cropped-HF-LOGO.png\",\"contentUrl\":\"https:\/\/qingdaohf.com\/wp-content\/uploads\/2022\/12\/cropped-HF-LOGO.png\",\"width\":391,\"height\":249,\"caption\":\"Qingdao H&F\"},\"image\":{\"@id\":\"https:\/\/qingdaohf.com\/bg\/#\/schema\/logo\/image\/\"},\"sameAs\":[\"https:\/\/www.facebook.com\/qingdaohf\"]}]}<\/script>\n<!-- \/ Yoast SEO plugin. -->","yoast_head_json":{"title":"Concrete Forming Stake Round Steel Stake","description":"Concrete forming stakes are essential tools in the construction industry, used to secure and stabilize formwork for concrete pours.","robots":{"index":"index","follow":"follow","max-snippet":"max-snippet:-1","max-image-preview":"max-image-preview:large","max-video-preview":"max-video-preview:-1"},"canonical":"https:\/\/qingdaohf.com\/fr\/produit\/piquet-de-coffrage-pour-le-beton\/","og_locale":"fr_FR","og_type":"article","og_title":"Concrete Forming Stake Round Steel Stake","og_description":"Concrete forming stakes are essential tools in the construction industry, used to secure and stabilize formwork for concrete pours.","og_url":"https:\/\/qingdaohf.com\/fr\/produit\/piquet-de-coffrage-pour-le-beton\/","og_site_name":"Concrete Form &amp; Rigging Hardware Supplier","article_publisher":"https:\/\/www.facebook.com\/qingdaohf","article_modified_time":"2025-11-13T01:03:16+00:00","og_image":[{"width":1000,"height":1000,"url":"https:\/\/qingdaohf.com\/wp-content\/uploads\/2024\/05\/Concrete-Forming-Stake.jpg","type":"image\/jpeg"}],"twitter_card":"summary_large_image","twitter_misc":{"Dur\u00e9e de lecture estim\u00e9e":"5 minutes"},"schema":{"@context":"https:\/\/schema.org","@graph":[{"@type":"WebPage","@id":"https:\/\/qingdaohf.com\/product\/concrete-forming-stake\/","url":"https:\/\/qingdaohf.com\/product\/concrete-forming-stake\/","name":"Concrete Forming Stake Round Steel Stake","isPartOf":{"@id":"https:\/\/qingdaohf.com\/bg\/#website"},"primaryImageOfPage":{"@id":"https:\/\/qingdaohf.com\/product\/concrete-forming-stake\/#primaryimage"},"image":{"@id":"https:\/\/qingdaohf.com\/product\/concrete-forming-stake\/#primaryimage"},"thumbnailUrl":"https:\/\/qingdaohf.com\/wp-content\/uploads\/2024\/05\/Concrete-Forming-Stake.jpg","datePublished":"2024-05-27T03:44:05+00:00","dateModified":"2025-11-13T01:03:16+00:00","description":"Concrete forming stakes are essential tools in the construction industry, used to secure and stabilize formwork for concrete pours.","breadcrumb":{"@id":"https:\/\/qingdaohf.com\/product\/concrete-forming-stake\/#breadcrumb"},"inLanguage":"fr-FR","potentialAction":[{"@type":"ReadAction","target":["https:\/\/qingdaohf.com\/product\/concrete-forming-stake\/"]}]},{"@type":"ImageObject","inLanguage":"fr-FR","@id":"https:\/\/qingdaohf.com\/product\/concrete-forming-stake\/#primaryimage","url":"https:\/\/qingdaohf.com\/wp-content\/uploads\/2024\/05\/Concrete-Forming-Stake.jpg","contentUrl":"https:\/\/qingdaohf.com\/wp-content\/uploads\/2024\/05\/Concrete-Forming-Stake.jpg","width":1000,"height":1000},{"@type":"BreadcrumbList","@id":"https:\/\/qingdaohf.com\/product\/concrete-forming-stake\/#breadcrumb","itemListElement":[{"@type":"ListItem","position":1,"name":"Home","item":"https:\/\/qingdaohf.com\/"},{"@type":"ListItem","position":2,"name":"Concrete Forming Accessories and Rigging Hardware","item":"https:\/\/qingdaohf.com\/bg\/?page_id=944"},{"@type":"ListItem","position":3,"name":"Concrete Forming Stake Round Steel Stake"}]},{"@type":"WebSite","@id":"https:\/\/qingdaohf.com\/bg\/#website","url":"https:\/\/qingdaohf.com\/bg\/","name":"Concrete Form & Rigging Hardware Supplier","description":"","publisher":{"@id":"https:\/\/qingdaohf.com\/bg\/#organization"},"potentialAction":[{"@type":"SearchAction","target":{"@type":"EntryPoint","urlTemplate":"https:\/\/qingdaohf.com\/bg\/?s={search_term_string}"},"query-input":{"@type":"PropertyValueSpecification","valueRequired":true,"valueName":"search_term_string"}}],"inLanguage":"fr-FR"},{"@type":"Organization","@id":"https:\/\/qingdaohf.com\/bg\/#organization","name":"Qingdao H&F","url":"https:\/\/qingdaohf.com\/bg\/","logo":{"@type":"ImageObject","inLanguage":"fr-FR","@id":"https:\/\/qingdaohf.com\/bg\/#\/schema\/logo\/image\/","url":"https:\/\/qingdaohf.com\/wp-content\/uploads\/2022\/12\/cropped-HF-LOGO.png","contentUrl":"https:\/\/qingdaohf.com\/wp-content\/uploads\/2022\/12\/cropped-HF-LOGO.png","width":391,"height":249,"caption":"Qingdao H&F"},"image":{"@id":"https:\/\/qingdaohf.com\/bg\/#\/schema\/logo\/image\/"},"sameAs":["https:\/\/www.facebook.com\/qingdaohf"]}]}},"_links":{"self":[{"href":"https:\/\/qingdaohf.com\/fr\/wp-json\/wp\/v2\/product\/7352","targetHints":{"allow":["GET"]}}],"collection":[{"href":"https:\/\/qingdaohf.com\/fr\/wp-json\/wp\/v2\/product"}],"about":[{"href":"https:\/\/qingdaohf.com\/fr\/wp-json\/wp\/v2\/types\/product"}],"replies":[{"embeddable":true,"href":"https:\/\/qingdaohf.com\/fr\/wp-json\/wp\/v2\/comments?post=7352"}],"version-history":[{"count":6,"href":"https:\/\/qingdaohf.com\/fr\/wp-json\/wp\/v2\/product\/7352\/revisions"}],"predecessor-version":[{"id":10342,"href":"https:\/\/qingdaohf.com\/fr\/wp-json\/wp\/v2\/product\/7352\/revisions\/10342"}],"wp:featuredmedia":[{"embeddable":true,"href":"https:\/\/qingdaohf.com\/fr\/wp-json\/wp\/v2\/media\/7353"}],"wp:attachment":[{"href":"https:\/\/qingdaohf.com\/fr\/wp-json\/wp\/v2\/media?parent=7352"}],"wp:term":[{"taxonomy":"product_brand","embeddable":true,"href":"https:\/\/qingdaohf.com\/fr\/wp-json\/wp\/v2\/product_brand?post=7352"},{"taxonomy":"product_cat","embeddable":true,"href":"https:\/\/qingdaohf.com\/fr\/wp-json\/wp\/v2\/product_cat?post=7352"},{"taxonomy":"product_tag","embeddable":true,"href":"https:\/\/qingdaohf.com\/fr\/wp-json\/wp\/v2\/product_tag?post=7352"}],"curies":[{"name":"wp","href":"https:\/\/api.w.org\/{rel}","templated":true}]}}