{"id":8075,"date":"2024-10-16T11:55:09","date_gmt":"2024-10-16T03:55:09","guid":{"rendered":"http:\/\/qingdaohf.com\/?post_type=product&#038;p=8075"},"modified":"2025-11-13T09:03:13","modified_gmt":"2025-11-13T01:03:13","slug":"air-vent-grille-covers","status":"publish","type":"product","link":"https:\/\/qingdaohf.com\/fr\/produit\/couvercles-de-grilles-daeration\/","title":{"rendered":"Couvre-grille d'a\u00e9ration"},"content":{"rendered":"<p>Les couvercles de grilles d'a\u00e9ration jouent un r\u00f4le crucial dans le maintien d'un environnement int\u00e9rieur confortable et sain. Souvent n\u00e9glig\u00e9s, ces composants sont essentiels pour r\u00e9guler le flux d'air, minimiser l'accumulation de poussi\u00e8re et contribuer \u00e0 l'efficacit\u00e9 globale d'un syst\u00e8me de ventilation. Nos couvercles de grilles d'a\u00e9ration sont con\u00e7us en tenant compte \u00e0 la fois de la fonctionnalit\u00e9 et du style, offrant un \u00e9quilibre parfait entre performance et attrait visuel pour divers environnements.<\/p>\n<h3>Am\u00e9liorer la qualit\u00e9 de l'air int\u00e9rieur et le confort<\/h3>\n<p>Une bonne circulation de l'air est la pierre angulaire de tout espace bien entretenu, qu'il s'agisse d'une maison confortable ou d'un b\u00e2timent commercial anim\u00e9. Des grilles d'a\u00e9ration fonctionnant correctement garantissent que l'air circule librement dans les pi\u00e8ces, ce qui permet aux syst\u00e8mes de chauffage, de refroidissement et de ventilation de fonctionner de mani\u00e8re optimale. Gr\u00e2ce \u00e0 nos grilles de ventilation, la distribution de l'air est plus homog\u00e8ne, ce qui permet un meilleur contr\u00f4le de la temp\u00e9rature et une r\u00e9duction des points chauds ou froids ind\u00e9sirables.<\/p>\n<p>Outre l'am\u00e9lioration du confort, le bon couvre-grille peut consid\u00e9rablement am\u00e9liorer la qualit\u00e9 de l'air int\u00e9rieur. En filtrant les grosses particules de poussi\u00e8re et en emp\u00eachant les d\u00e9bris de p\u00e9n\u00e9trer dans les conduits, ces couvercles contribuent \u00e0 maintenir un environnement plus propre. Cet avantage est particuli\u00e8rement pr\u00e9cieux pour les foyers souffrant d'allergies ou de probl\u00e8mes respiratoires, o\u00f9 le maintien d'un espace sans poussi\u00e8re peut faire toute la diff\u00e9rence. En investissant dans des grilles de ventilation de haute qualit\u00e9, vous contribuez donc \u00e0 rendre votre espace de vie plus sain et plus agr\u00e9able.<\/p>\n<h3>Conception durable pour des performances \u00e0 long terme<\/h3>\n<p>L'une des principales caract\u00e9ristiques de nos couvercles de grilles d'a\u00e9ration est leur robustesse. Fabriqu\u00e9s \u00e0 partir de mat\u00e9riaux de premi\u00e8re qualit\u00e9, ces caches sont con\u00e7us pour r\u00e9sister \u00e0 l'\u00e9preuve du temps. Contrairement aux options standard qui peuvent s'user ou se d\u00e9grader rapidement, nos couvre-grilles conservent leur int\u00e9grit\u00e9 structurelle, m\u00eame dans les zones tr\u00e8s fr\u00e9quent\u00e9es ou dans des conditions de temp\u00e9rature variables. Cette durabilit\u00e9 garantit qu'une fois install\u00e9s, vous pouvez faire confiance \u00e0 ces caches pour fournir des performances fiables sans avoir \u00e0 les remplacer fr\u00e9quemment.<\/p>\n<p>La conception de ces couvre-grilles vise \u00e9galement \u00e0 faciliter l'entretien. Leur surface lisse et leurs lamelles bien con\u00e7ues font du nettoyage un processus sans probl\u00e8me. En minimisant l'accumulation de poussi\u00e8re sur le couvercle lui-m\u00eame, ils r\u00e9duisent le temps et les efforts n\u00e9cessaires \u00e0 l'entretien. Cette facilit\u00e9 d'entretien permet non seulement d'assurer le bon fonctionnement de votre syst\u00e8me de ventilation, mais aussi de prolonger la dur\u00e9e de vie de vos composants CVC en \u00e9vitant leur encrassement et leur inefficacit\u00e9.<\/p>\n<p>Outre leur robustesse, nos caches-grilles pour bouches d'a\u00e9ration sont disponibles dans une large gamme de finitions, ce qui leur permet de s'harmoniser avec l'esth\u00e9tique de votre espace. Des styles modernes et \u00e9l\u00e9gants qui s'int\u00e8grent parfaitement aux int\u00e9rieurs contemporains aux designs classiques qui s'harmonisent avec les d\u00e9cors traditionnels, il existe un cache-grille adapt\u00e9 \u00e0 chaque pr\u00e9f\u00e9rence. Cette polyvalence en fait un choix id\u00e9al pour les nouvelles constructions et les projets de r\u00e9novation.<\/p>\n<h3>Un choix durable pour un espace respectueux de l'environnement<\/h3>\n<p>Dans le monde d'aujourd'hui, il est plus important que jamais de faire des choix respectueux de l'environnement. Nos couvercles de grilles d'a\u00e9ration sont con\u00e7us dans une optique de d\u00e9veloppement durable, en utilisant des mat\u00e9riaux qui sont non seulement durables, mais aussi respectueux de l'environnement. En choisissant des produits con\u00e7us pour durer, vous contribuez \u00e0 la r\u00e9duction des d\u00e9chets, car il est moins n\u00e9cessaire de les remplacer fr\u00e9quemment. Cette long\u00e9vit\u00e9 est conforme aux objectifs de minimisation de l'impact sur l'environnement et de soutien \u00e0 un avenir plus durable.<\/p>\n<p>En outre, en am\u00e9liorant l'efficacit\u00e9 de votre syst\u00e8me de ventilation, ces couvre-grilles peuvent \u00e9galement contribuer \u00e0 r\u00e9duire la consommation d'\u00e9nergie. Une distribution efficace de l'air signifie que les syst\u00e8mes de chauffage et de refroidissement n'ont pas \u00e0 travailler aussi dur pour maintenir la temp\u00e9rature souhait\u00e9e, ce qui se traduit par des factures d'\u00e9nergie moins \u00e9lev\u00e9es et une r\u00e9duction de la pression exerc\u00e9e sur le syst\u00e8me. Dans les environnements commerciaux, cela peut se traduire par des \u00e9conomies significatives au fil du temps, ce qui fait de nos couvercles de grille un investissement judicieux pour les entreprises qui cherchent \u00e0 optimiser leur consommation d'\u00e9nergie.<\/p>\n<p>Notre engagement en faveur du d\u00e9veloppement durable va au-del\u00e0 des performances des produits. Nous veillons \u00e0 ce que le processus de fabrication de ces grilles d'a\u00e9ration respecte les normes environnementales, en minimisant les d\u00e9chets et en utilisant des m\u00e9thodes efficaces sur le plan \u00e9nerg\u00e9tique. Ce d\u00e9vouement aux pratiques \u00e9cologiques fait de nos grilles de protection un choix appropri\u00e9 pour ceux qui valorisent les principes de construction \u00e9cologique et souhaitent les incorporer dans leurs projets.<\/p>\n<h3>Parfaite adaptation aux espaces r\u00e9sidentiels et commerciaux<\/h3>\n<p>Que vous souhaitiez am\u00e9liorer la ventilation d'une maison, d'un bureau ou d'un espace commercial, nos couvercles de grilles d'a\u00e9ration sont con\u00e7us pour r\u00e9pondre aux exigences de diff\u00e9rents environnements. Dans les environnements r\u00e9sidentiels, ils offrent un moyen subtil et \u00e9l\u00e9gant d'am\u00e9liorer la circulation de l'air tout en s'int\u00e9grant parfaitement \u00e0 la d\u00e9coration int\u00e9rieure. Les familles peuvent profiter des avantages d'une meilleure qualit\u00e9 de l'air, en particulier dans les salons, les chambres \u00e0 coucher et les autres espaces tr\u00e8s fr\u00e9quent\u00e9s o\u00f9 le maintien d'une atmosph\u00e8re confortable est essentiel.<\/p>\n<p>Dans les espaces commerciaux, tels que les immeubles de bureaux ou les magasins de d\u00e9tail, la ventilation joue un r\u00f4le essentiel pour assurer le confort des employ\u00e9s et des clients. Nos caches-grilles constituent une solution efficace pour g\u00e9rer le flux d'air, contribuant ainsi \u00e0 maintenir un environnement frais et accueillant. Leur conception durable garantit qu'ils peuvent r\u00e9pondre aux exigences des zones \u00e0 fort trafic, tandis que leur aspect moderne contribue \u00e0 une apparence professionnelle et soign\u00e9e.<\/p>\n<p>De plus, nos couvercles de grilles d'a\u00e9ration sont disponibles en diff\u00e9rentes tailles, ce qui permet de les adapter parfaitement \u00e0 toutes les ouvertures de conduits. Des options de personnalisation sont \u00e9galement disponibles, vous permettant de s\u00e9lectionner la taille et la finition qui correspondent le mieux \u00e0 vos besoins sp\u00e9cifiques. Cette adaptabilit\u00e9 garantit que chaque installation est parfaite, sans n\u00e9cessiter d'ajustements ou de modifications suppl\u00e9mentaires. Cela signifie \u00e9galement que vous pouvez obtenir un aspect coh\u00e9rent dans l'ensemble de votre espace, am\u00e9liorant ainsi la coh\u00e9sion g\u00e9n\u00e9rale de votre design int\u00e9rieur.<\/p>\n<h3>Profitez des avantages des solutions de ventilation sup\u00e9rieures<\/h3>\n<p>Investir dans nos caches-grilles pour bouches d'a\u00e9ration, c'est bien plus qu'une simple am\u00e9lioration esth\u00e9tique : c'est une am\u00e9lioration fonctionnelle de l'ensemble de votre syst\u00e8me de ventilation. Le choix de grilles de haute qualit\u00e9 peut influencer l'efficacit\u00e9 du mouvement de l'air, la propret\u00e9 de votre espace et m\u00eame la long\u00e9vit\u00e9 de votre syst\u00e8me HVAC. Nos produits sont performants sur tous ces fronts, ce qui en fait un compl\u00e9ment pr\u00e9cieux pour toute maison ou entreprise.<\/p>\n<p>En choisissant nos couvre-grilles, vous ne donnez pas seulement la priorit\u00e9 au confort et au bien-\u00eatre de ceux qui utilisent votre espace, mais vous prenez \u00e9galement des mesures en faveur d'un avenir plus durable et plus rentable. Avec un d\u00e9bit d'air am\u00e9lior\u00e9 et un design qui r\u00e9siste \u00e0 l'\u00e9preuve du temps, ces couvercles vous permettent de profiter des avantages d'un syst\u00e8me de ventilation optimis\u00e9 pour les ann\u00e9es \u00e0 venir. D\u00e9couvrez la diff\u00e9rence que peuvent faire des solutions de ventilation de qualit\u00e9 et rehaussez votre espace avec nos couvercles de grilles de ventilation fabriqu\u00e9s par des experts.<\/p>\n<p>Notre engagement \u00e0 fournir des produits de premi\u00e8re qualit\u00e9, associ\u00e9 \u00e0 un service client exceptionnel, garantit que votre exp\u00e9rience avec nous se d\u00e9roule sans accroc du d\u00e9but \u00e0 la fin. Nous comprenons l'importance d'un syst\u00e8me de ventilation fiable et efficace, et nos couvercles de grilles d'a\u00e9ration sont con\u00e7us \u00e0 cet effet. Avec leur combinaison de durabilit\u00e9, d'attrait esth\u00e9tique et de conception durable, ces couvercles repr\u00e9sentent un choix r\u00e9fl\u00e9chi pour ceux qui appr\u00e9cient la qualit\u00e9 et la performance dans chaque d\u00e9tail.<\/p>\n<p>Am\u00e9liorez votre syst\u00e8me de ventilation d\u00e8s aujourd'hui et d\u00e9couvrez comment nos grilles de ventilation peuvent transformer votre espace en un lieu plus confortable, plus \u00e9conome en \u00e9nergie et plus \u00e9l\u00e9gant. D\u00e8s la premi\u00e8re bouff\u00e9e d'air frais, vous remarquerez la diff\u00e9rence que les couvercles de grille de qualit\u00e9 sup\u00e9rieure peuvent faire, apportant une valeur durable \u00e0 votre maison ou \u00e0 votre entreprise.<\/p>","protected":false},"excerpt":{"rendered":"<p>Am\u00e9liorez votre syst\u00e8me de ventilation avec nos couvercles de grilles d'a\u00e9ration de haute qualit\u00e9, con\u00e7us pour un d\u00e9bit d'air optimal et une esth\u00e9tique moderne. Fabriqu\u00e9s \u00e0 partir de mat\u00e9riaux durables, ces caches am\u00e9liorent la circulation de l'air, r\u00e9duisent l'accumulation de poussi\u00e8re et s'int\u00e8grent parfaitement \u00e0 tout d\u00e9cor int\u00e9rieur. Id\u00e9ales pour les espaces r\u00e9sidentiels et commerciaux, elles garantissent un environnement plus propre et plus frais.<\/p>","protected":false},"featured_media":8080,"comment_status":"open","ping_status":"closed","template":"","meta":{"site-sidebar-layout":"default","site-content-layout":"","ast-site-content-layout":"default","site-content-style":"default","site-sidebar-style":"default","ast-global-header-display":"","ast-banner-title-visibility":"","ast-main-header-display":"","ast-hfb-above-header-display":"","ast-hfb-below-header-display":"","ast-hfb-mobile-header-display":"","site-post-title":"","ast-breadcrumbs-content":"","ast-featured-img":"","footer-sml-layout":"","theme-transparent-header-meta":"default","adv-header-id-meta":"","stick-header-meta":"default","header-above-stick-meta":"","header-main-stick-meta":"","header-below-stick-meta":"","astra-migrate-meta-layouts":"set","ast-page-background-enabled":"default","ast-page-background-meta":{"desktop":{"background-color":"","background-image":"","background-repeat":"repeat","background-position":"center center","background-size":"auto","background-attachment":"scroll","background-type":"","background-media":"","overlay-type":"","overlay-color":"","overlay-opacity":"","overlay-gradient":""},"tablet":{"background-color":"","background-image":"","background-repeat":"repeat","background-position":"center center","background-size":"auto","background-attachment":"scroll","background-type":"","background-media":"","overlay-type":"","overlay-color":"","overlay-opacity":"","overlay-gradient":""},"mobile":{"background-color":"","background-image":"","background-repeat":"repeat","background-position":"center center","background-size":"auto","background-attachment":"scroll","background-type":"","background-media":"","overlay-type":"","overlay-color":"","overlay-opacity":"","overlay-gradient":""}},"ast-content-background-meta":{"desktop":{"background-color":"var(--ast-global-color-5)","background-image":"","background-repeat":"repeat","background-position":"center center","background-size":"auto","background-attachment":"scroll","background-type":"","background-media":"","overlay-type":"","overlay-color":"","overlay-opacity":"","overlay-gradient":""},"tablet":{"background-color":"var(--ast-global-color-5)","background-image":"","background-repeat":"repeat","background-position":"center center","background-size":"auto","background-attachment":"scroll","background-type":"","background-media":"","overlay-type":"","overlay-color":"","overlay-opacity":"","overlay-gradient":""},"mobile":{"background-color":"var(--ast-global-color-5)","background-image":"","background-repeat":"repeat","background-position":"center center","background-size":"auto","background-attachment":"scroll","background-type":"","background-media":"","overlay-type":"","overlay-color":"","overlay-opacity":"","overlay-gradient":""}}},"product_brand":[],"product_cat":[50],"product_tag":[],"class_list":{"0":"post-8075","1":"product","2":"type-product","3":"status-publish","4":"has-post-thumbnail","6":"product_cat-concrete-form-accessories","7":"desktop-align-left","8":"tablet-align-left","9":"mobile-align-left","10":"ast-product-gallery-layout-horizontal-slider","11":"ast-product-tabs-layout-horizontal","13":"first","14":"instock","15":"shipping-taxable","16":"purchasable","17":"product-type-simple"},"yoast_head":"<!-- This site is optimized with the Yoast SEO plugin v25.2 - https:\/\/yoast.com\/wordpress\/plugins\/seo\/ -->\n<title>Air Vent Grille Covers<\/title>\n<meta name=\"robots\" content=\"index, follow, max-snippet:-1, max-image-preview:large, max-video-preview:-1\" \/>\n<link rel=\"canonical\" href=\"https:\/\/qingdaohf.com\/fr\/produit\/couvercles-de-grilles-daeration\/\" \/>\n<meta property=\"og:locale\" content=\"fr_FR\" \/>\n<meta property=\"og:type\" content=\"article\" \/>\n<meta property=\"og:title\" content=\"Air Vent Grille Covers\" \/>\n<meta property=\"og:description\" content=\"Upgrade your ventilation system with our high-quality Air Vent Grille Covers, designed for optimal airflow and modern aesthetics. Made from durable materials, these covers enhance air circulation, reduce dust buildup, and blend seamlessly with any interior decor. Ideal for both residential and commercial spaces, they ensure a cleaner, fresher environment.\" \/>\n<meta property=\"og:url\" content=\"https:\/\/qingdaohf.com\/fr\/produit\/couvercles-de-grilles-daeration\/\" \/>\n<meta property=\"og:site_name\" content=\"Concrete Form &amp; Rigging Hardware Supplier\" \/>\n<meta property=\"article:publisher\" content=\"https:\/\/www.facebook.com\/qingdaohf\" \/>\n<meta property=\"article:modified_time\" content=\"2025-11-13T01:03:13+00:00\" \/>\n<meta property=\"og:image\" content=\"https:\/\/qingdaohf.com\/wp-content\/uploads\/2024\/10\/Air-vent-grille-covers-3.webp\" \/>\n\t<meta property=\"og:image:width\" content=\"1000\" \/>\n\t<meta property=\"og:image:height\" content=\"1000\" \/>\n\t<meta property=\"og:image:type\" content=\"image\/webp\" \/>\n<meta name=\"twitter:card\" content=\"summary_large_image\" \/>\n<meta name=\"twitter:label1\" content=\"Dur\u00e9e de lecture estim\u00e9e\" \/>\n\t<meta name=\"twitter:data1\" content=\"6 minutes\" \/>\n<script type=\"application\/ld+json\" class=\"yoast-schema-graph\">{\"@context\":\"https:\/\/schema.org\",\"@graph\":[{\"@type\":\"WebPage\",\"@id\":\"https:\/\/qingdaohf.com\/product\/air-vent-grille-covers\/\",\"url\":\"https:\/\/qingdaohf.com\/product\/air-vent-grille-covers\/\",\"name\":\"Air Vent Grille Covers\",\"isPartOf\":{\"@id\":\"https:\/\/qingdaohf.com\/bg\/#website\"},\"primaryImageOfPage\":{\"@id\":\"https:\/\/qingdaohf.com\/product\/air-vent-grille-covers\/#primaryimage\"},\"image\":{\"@id\":\"https:\/\/qingdaohf.com\/product\/air-vent-grille-covers\/#primaryimage\"},\"thumbnailUrl\":\"https:\/\/qingdaohf.com\/wp-content\/uploads\/2024\/10\/Air-vent-grille-covers-3.webp\",\"datePublished\":\"2024-10-16T03:55:09+00:00\",\"dateModified\":\"2025-11-13T01:03:13+00:00\",\"breadcrumb\":{\"@id\":\"https:\/\/qingdaohf.com\/product\/air-vent-grille-covers\/#breadcrumb\"},\"inLanguage\":\"fr-FR\",\"potentialAction\":[{\"@type\":\"ReadAction\",\"target\":[\"https:\/\/qingdaohf.com\/product\/air-vent-grille-covers\/\"]}]},{\"@type\":\"ImageObject\",\"inLanguage\":\"fr-FR\",\"@id\":\"https:\/\/qingdaohf.com\/product\/air-vent-grille-covers\/#primaryimage\",\"url\":\"https:\/\/qingdaohf.com\/wp-content\/uploads\/2024\/10\/Air-vent-grille-covers-3.webp\",\"contentUrl\":\"https:\/\/qingdaohf.com\/wp-content\/uploads\/2024\/10\/Air-vent-grille-covers-3.webp\",\"width\":1000,\"height\":1000,\"caption\":\"Air vent grille covers\"},{\"@type\":\"BreadcrumbList\",\"@id\":\"https:\/\/qingdaohf.com\/product\/air-vent-grille-covers\/#breadcrumb\",\"itemListElement\":[{\"@type\":\"ListItem\",\"position\":1,\"name\":\"Home\",\"item\":\"https:\/\/qingdaohf.com\/\"},{\"@type\":\"ListItem\",\"position\":2,\"name\":\"Concrete Forming Accessories and Rigging Hardware\",\"item\":\"https:\/\/qingdaohf.com\/bg\/?page_id=944\"},{\"@type\":\"ListItem\",\"position\":3,\"name\":\"Air Vent Grille Covers\"}]},{\"@type\":\"WebSite\",\"@id\":\"https:\/\/qingdaohf.com\/bg\/#website\",\"url\":\"https:\/\/qingdaohf.com\/bg\/\",\"name\":\"Concrete Form & Rigging Hardware Supplier\",\"description\":\"\",\"publisher\":{\"@id\":\"https:\/\/qingdaohf.com\/bg\/#organization\"},\"potentialAction\":[{\"@type\":\"SearchAction\",\"target\":{\"@type\":\"EntryPoint\",\"urlTemplate\":\"https:\/\/qingdaohf.com\/bg\/?s={search_term_string}\"},\"query-input\":{\"@type\":\"PropertyValueSpecification\",\"valueRequired\":true,\"valueName\":\"search_term_string\"}}],\"inLanguage\":\"fr-FR\"},{\"@type\":\"Organization\",\"@id\":\"https:\/\/qingdaohf.com\/bg\/#organization\",\"name\":\"Qingdao H&F\",\"url\":\"https:\/\/qingdaohf.com\/bg\/\",\"logo\":{\"@type\":\"ImageObject\",\"inLanguage\":\"fr-FR\",\"@id\":\"https:\/\/qingdaohf.com\/bg\/#\/schema\/logo\/image\/\",\"url\":\"https:\/\/qingdaohf.com\/wp-content\/uploads\/2022\/12\/cropped-HF-LOGO.png\",\"contentUrl\":\"https:\/\/qingdaohf.com\/wp-content\/uploads\/2022\/12\/cropped-HF-LOGO.png\",\"width\":391,\"height\":249,\"caption\":\"Qingdao H&F\"},\"image\":{\"@id\":\"https:\/\/qingdaohf.com\/bg\/#\/schema\/logo\/image\/\"},\"sameAs\":[\"https:\/\/www.facebook.com\/qingdaohf\"]}]}<\/script>\n<!-- \/ Yoast SEO plugin. -->","yoast_head_json":{"title":"Air Vent Grille Covers","robots":{"index":"index","follow":"follow","max-snippet":"max-snippet:-1","max-image-preview":"max-image-preview:large","max-video-preview":"max-video-preview:-1"},"canonical":"https:\/\/qingdaohf.com\/fr\/produit\/couvercles-de-grilles-daeration\/","og_locale":"fr_FR","og_type":"article","og_title":"Air Vent Grille Covers","og_description":"Upgrade your ventilation system with our high-quality Air Vent Grille Covers, designed for optimal airflow and modern aesthetics. Made from durable materials, these covers enhance air circulation, reduce dust buildup, and blend seamlessly with any interior decor. Ideal for both residential and commercial spaces, they ensure a cleaner, fresher environment.","og_url":"https:\/\/qingdaohf.com\/fr\/produit\/couvercles-de-grilles-daeration\/","og_site_name":"Concrete Form &amp; Rigging Hardware Supplier","article_publisher":"https:\/\/www.facebook.com\/qingdaohf","article_modified_time":"2025-11-13T01:03:13+00:00","og_image":[{"width":1000,"height":1000,"url":"https:\/\/qingdaohf.com\/wp-content\/uploads\/2024\/10\/Air-vent-grille-covers-3.webp","type":"image\/webp"}],"twitter_card":"summary_large_image","twitter_misc":{"Dur\u00e9e de lecture estim\u00e9e":"6 minutes"},"schema":{"@context":"https:\/\/schema.org","@graph":[{"@type":"WebPage","@id":"https:\/\/qingdaohf.com\/product\/air-vent-grille-covers\/","url":"https:\/\/qingdaohf.com\/product\/air-vent-grille-covers\/","name":"Air Vent Grille Covers","isPartOf":{"@id":"https:\/\/qingdaohf.com\/bg\/#website"},"primaryImageOfPage":{"@id":"https:\/\/qingdaohf.com\/product\/air-vent-grille-covers\/#primaryimage"},"image":{"@id":"https:\/\/qingdaohf.com\/product\/air-vent-grille-covers\/#primaryimage"},"thumbnailUrl":"https:\/\/qingdaohf.com\/wp-content\/uploads\/2024\/10\/Air-vent-grille-covers-3.webp","datePublished":"2024-10-16T03:55:09+00:00","dateModified":"2025-11-13T01:03:13+00:00","breadcrumb":{"@id":"https:\/\/qingdaohf.com\/product\/air-vent-grille-covers\/#breadcrumb"},"inLanguage":"fr-FR","potentialAction":[{"@type":"ReadAction","target":["https:\/\/qingdaohf.com\/product\/air-vent-grille-covers\/"]}]},{"@type":"ImageObject","inLanguage":"fr-FR","@id":"https:\/\/qingdaohf.com\/product\/air-vent-grille-covers\/#primaryimage","url":"https:\/\/qingdaohf.com\/wp-content\/uploads\/2024\/10\/Air-vent-grille-covers-3.webp","contentUrl":"https:\/\/qingdaohf.com\/wp-content\/uploads\/2024\/10\/Air-vent-grille-covers-3.webp","width":1000,"height":1000,"caption":"Air vent grille covers"},{"@type":"BreadcrumbList","@id":"https:\/\/qingdaohf.com\/product\/air-vent-grille-covers\/#breadcrumb","itemListElement":[{"@type":"ListItem","position":1,"name":"Home","item":"https:\/\/qingdaohf.com\/"},{"@type":"ListItem","position":2,"name":"Concrete Forming Accessories and Rigging Hardware","item":"https:\/\/qingdaohf.com\/bg\/?page_id=944"},{"@type":"ListItem","position":3,"name":"Air Vent Grille Covers"}]},{"@type":"WebSite","@id":"https:\/\/qingdaohf.com\/bg\/#website","url":"https:\/\/qingdaohf.com\/bg\/","name":"Concrete Form & Rigging Hardware Supplier","description":"","publisher":{"@id":"https:\/\/qingdaohf.com\/bg\/#organization"},"potentialAction":[{"@type":"SearchAction","target":{"@type":"EntryPoint","urlTemplate":"https:\/\/qingdaohf.com\/bg\/?s={search_term_string}"},"query-input":{"@type":"PropertyValueSpecification","valueRequired":true,"valueName":"search_term_string"}}],"inLanguage":"fr-FR"},{"@type":"Organization","@id":"https:\/\/qingdaohf.com\/bg\/#organization","name":"Qingdao H&F","url":"https:\/\/qingdaohf.com\/bg\/","logo":{"@type":"ImageObject","inLanguage":"fr-FR","@id":"https:\/\/qingdaohf.com\/bg\/#\/schema\/logo\/image\/","url":"https:\/\/qingdaohf.com\/wp-content\/uploads\/2022\/12\/cropped-HF-LOGO.png","contentUrl":"https:\/\/qingdaohf.com\/wp-content\/uploads\/2022\/12\/cropped-HF-LOGO.png","width":391,"height":249,"caption":"Qingdao H&F"},"image":{"@id":"https:\/\/qingdaohf.com\/bg\/#\/schema\/logo\/image\/"},"sameAs":["https:\/\/www.facebook.com\/qingdaohf"]}]}},"_links":{"self":[{"href":"https:\/\/qingdaohf.com\/fr\/wp-json\/wp\/v2\/product\/8075","targetHints":{"allow":["GET"]}}],"collection":[{"href":"https:\/\/qingdaohf.com\/fr\/wp-json\/wp\/v2\/product"}],"about":[{"href":"https:\/\/qingdaohf.com\/fr\/wp-json\/wp\/v2\/types\/product"}],"replies":[{"embeddable":true,"href":"https:\/\/qingdaohf.com\/fr\/wp-json\/wp\/v2\/comments?post=8075"}],"version-history":[{"count":3,"href":"https:\/\/qingdaohf.com\/fr\/wp-json\/wp\/v2\/product\/8075\/revisions"}],"predecessor-version":[{"id":8092,"href":"https:\/\/qingdaohf.com\/fr\/wp-json\/wp\/v2\/product\/8075\/revisions\/8092"}],"wp:featuredmedia":[{"embeddable":true,"href":"https:\/\/qingdaohf.com\/fr\/wp-json\/wp\/v2\/media\/8080"}],"wp:attachment":[{"href":"https:\/\/qingdaohf.com\/fr\/wp-json\/wp\/v2\/media?parent=8075"}],"wp:term":[{"taxonomy":"product_brand","embeddable":true,"href":"https:\/\/qingdaohf.com\/fr\/wp-json\/wp\/v2\/product_brand?post=8075"},{"taxonomy":"product_cat","embeddable":true,"href":"https:\/\/qingdaohf.com\/fr\/wp-json\/wp\/v2\/product_cat?post=8075"},{"taxonomy":"product_tag","embeddable":true,"href":"https:\/\/qingdaohf.com\/fr\/wp-json\/wp\/v2\/product_tag?post=8075"}],"curies":[{"name":"wp","href":"https:\/\/api.w.org\/{rel}","templated":true}]}}