{"id":8109,"date":"2024-10-24T17:13:03","date_gmt":"2024-10-24T09:13:03","guid":{"rendered":"http:\/\/qingdaohf.com\/?post_type=product&#038;p=8109"},"modified":"2025-11-13T09:02:55","modified_gmt":"2025-11-13T01:02:55","slug":"6x19-wire-rope","status":"publish","type":"product","link":"https:\/\/qingdaohf.com\/fr\/produit\/cable-dacier-6x19\/","title":{"rendered":"6\u00d719 C\u00e2ble m\u00e9tallique"},"content":{"rendered":"<h3>Comprendre la structure du c\u00e2ble m\u00e9tallique 6\u00d719<\/h3>\n<p>Le c\u00e2ble 6\u00d719 est une option tr\u00e8s appr\u00e9ci\u00e9e dans les secteurs de l'industrie et de la construction en raison de son \u00e9quilibre entre flexibilit\u00e9 et r\u00e9sistance. Compos\u00e9 de 6 torons de 19 fils chacun, ce c\u00e2ble offre des performances fiables pour diverses t\u00e2ches lourdes. La structure d'un c\u00e2ble d'acier 6\u00d719 garantit un produit robuste mais quelque peu souple, ce qui le rend id\u00e9al pour les applications qui exigent qu'un c\u00e2ble r\u00e9siste \u00e0 des flexions r\u00e9p\u00e9t\u00e9es tout en conservant sa r\u00e9sistance. Ce type de c\u00e2ble m\u00e9tallique est fr\u00e9quemment utilis\u00e9 pour le levage, la manutention, les applications marines et autres, en raison de sa conception robuste et de sa nature adaptable.<\/p>\n<p>La construction en acier \u00e0 haute teneur en carbone du c\u00e2ble m\u00e9tallique 6\u00d719 lui conf\u00e8re une r\u00e9sistance sup\u00e9rieure, lui permettant de supporter des charges importantes sans compromettre son int\u00e9grit\u00e9 structurelle. Ce choix de mat\u00e9riau offre une r\u00e9sistance exceptionnelle \u00e0 l'abrasion et \u00e0 l'usure, ce qui permet au c\u00e2ble de supporter des environnements difficiles, tels que ceux rencontr\u00e9s dans les op\u00e9rations maritimes ou sur les chantiers de construction. De plus, la conception du c\u00e2ble 6\u00d719 permet d'obtenir un ext\u00e9rieur lisse, ce qui contribue \u00e0 minimiser les dommages caus\u00e9s aux machines et autres \u00e9quipements lors de l'utilisation.<\/p>\n<h3>Dimensions courantes du c\u00e2ble d'acier 6\u00d719<\/h3>\n<p>La taille du c\u00e2ble d'acier est une consid\u00e9ration cruciale lors de la s\u00e9lection du produit appropri\u00e9 pour des t\u00e2ches sp\u00e9cifiques, car les diff\u00e9rents diam\u00e8tres affectent \u00e0 la fois la r\u00e9sistance et la flexibilit\u00e9. Le c\u00e2ble d'acier 6\u00d719 est disponible dans une gamme de tailles, chaque taille \u00e9tant adapt\u00e9e \u00e0 des utilisations particuli\u00e8res, qu'il s'agisse de construction, de transport ou d'applications marines.<\/p>\n<p>L'une des tailles les plus populaires est le c\u00e2ble d'acier 6\u00d719 de 1\/8 de pouce, connu pour son diam\u00e8tre compact et sa flexibilit\u00e9. Cette taille est bien adapt\u00e9e aux applications o\u00f9 l'espace est limit\u00e9, comme dans les petits projets de gr\u00e9ement ou les t\u00e2ches de levage l\u00e9g\u00e8res. Malgr\u00e9 sa petite taille, il conserve une r\u00e9sistance \u00e0 la traction consid\u00e9rable, ce qui en fait un choix fiable pour les travaux de pr\u00e9cision.<\/p>\n<p>Pour les t\u00e2ches un peu plus lourdes, le c\u00e2ble d'acier 6\u00d719 de 3\/16 de pouce offre une force accrue tout en conservant un niveau de flexibilit\u00e9 g\u00e9rable. Cette taille est fr\u00e9quemment utilis\u00e9e dans des sc\u00e9narios o\u00f9 un \u00e9quilibre entre la capacit\u00e9 de charge et la facilit\u00e9 de manipulation est n\u00e9cessaire, comme pour le levage de petits \u00e9quipements ou l'arrimage de charges pendant le transport. Son diam\u00e8tre interm\u00e9diaire en fait un choix polyvalent dans de nombreux contextes.<\/p>\n<p>Le c\u00e2ble d'acier 6\u00d719 de 1\/4 de pouce est une autre taille couramment s\u00e9lectionn\u00e9e, offrant une r\u00e9sistance accrue pour des applications plus exigeantes. Cette taille est souvent utilis\u00e9e dans les environnements industriels o\u00f9 un support plus robuste est n\u00e9cessaire, comme dans les grues, les treuils et les palans de construction. Avec un diam\u00e8tre plus important, la variante 1\/4 pouce offre une plus grande capacit\u00e9 de charge, tout en restant suffisamment flexible pour les t\u00e2ches g\u00e9n\u00e9rales de gr\u00e9ement.<\/p>\n<p>Pour une r\u00e9sistance encore plus grande, le c\u00e2ble m\u00e9tallique 5\/16 pouces 6\u00d719 peut \u00eatre envisag\u00e9, offrant une durabilit\u00e9 pour les applications impliquant des charges plus lourdes ou une utilisation plus intensive. Son diam\u00e8tre plus important le rend id\u00e9al pour une utilisation en milieu marin, comme les lignes d'amarrage ou le remorquage. La taille 5\/16 de pouce est une option solide pour ceux qui recherchent un c\u00e2ble m\u00e9tallique fiable qui peut supporter des conditions difficiles sans sacrifier la flexibilit\u00e9.<\/p>\n<h3>Exploration des types de noyaux : FC, IWS et IWRC<\/h3>\n<p><img fetchpriority=\"high\" decoding=\"async\" class=\"alignnone size-full wp-image-8113\" src=\"http:\/\/qingdaohf.com\/wp-content\/uploads\/2024\/10\/6X19-wire-rope.webp\" alt=\"6X19\" width=\"1338\" height=\"412\" srcset=\"https:\/\/qingdaohf.com\/wp-content\/uploads\/2024\/10\/6X19-wire-rope.webp 1338w, https:\/\/qingdaohf.com\/wp-content\/uploads\/2024\/10\/6X19-wire-rope-300x92.webp 300w, https:\/\/qingdaohf.com\/wp-content\/uploads\/2024\/10\/6X19-wire-rope-1024x315.webp 1024w, https:\/\/qingdaohf.com\/wp-content\/uploads\/2024\/10\/6X19-wire-rope-768x236.webp 768w, https:\/\/qingdaohf.com\/wp-content\/uploads\/2024\/10\/6X19-wire-rope-18x6.webp 18w, https:\/\/qingdaohf.com\/wp-content\/uploads\/2024\/10\/6X19-wire-rope-1000x308.webp 1000w\" sizes=\"(max-width: 1338px) 100vw, 1338px\" \/><\/p>\n<p>Le c\u00e2ble d'acier 6\u00d719 pr\u00e9sente trois variantes d'\u00e2me, chacune offrant des avantages distincts en fonction de l'utilisation pr\u00e9vue. L'\u00e2me est un composant crucial du c\u00e2ble d'acier, car elle fournit un support aux torons ext\u00e9rieurs et influence la flexibilit\u00e9 et la force du c\u00e2ble. Les trois types d'\u00e2me disponibles pour le c\u00e2ble d'acier 6\u00d719 sont l'\u00e2me en fibre (FC), l'\u00e2me en toron ind\u00e9pendant (IWS) et l'\u00e2me en c\u00e2ble d'acier ind\u00e9pendant (IWRC).<\/p>\n<p>La variante Fiber Core (FC) incorpore une \u00e2me faite de fibres naturelles ou synth\u00e9tiques. Cette conception offre une flexibilit\u00e9 accrue, ce qui rend l'option FC appropri\u00e9e pour les applications o\u00f9 le c\u00e2ble m\u00e9tallique doit se plier et se d\u00e9placer fr\u00e9quemment. Sa flexibilit\u00e9 en fait un choix privil\u00e9gi\u00e9 dans les sc\u00e9narios o\u00f9 des machines et des \u00e9quipements sont impliqu\u00e9s, r\u00e9duisant l'usure des poulies et des r\u00e9as. Cependant, cette souplesse accrue se fait au prix d'une force r\u00e9duite par rapport aux alternatives \u00e0 \u00e2me en acier, ce qui signifie que l'\u00e2me FC convient mieux aux applications plus l\u00e9g\u00e8res.<\/p>\n<p>L'\u00e2me \u00e0 torons ind\u00e9pendants (IWS) offre une solution interm\u00e9diaire entre la flexibilit\u00e9 de l'\u00e2me FC et la force de l'\u00e2me IWRC. Une \u00e2me IWS consiste en un toron de fil s\u00e9par\u00e9 qui fournit un support additionnel \u00e0 la structure du c\u00e2ble, am\u00e9liorant \u00e0 la fois sa durabilit\u00e9 et sa capacit\u00e9 de charge. Ce type d'\u00e2me est particuli\u00e8rement avantageux dans les applications o\u00f9 une flexibilit\u00e9 mod\u00e9r\u00e9e est requise en m\u00eame temps qu'une plus grande force, comme dans les grues et les treuils de petite et moyenne taille. L'\u00e9quilibre de l'\u00e2me IWS en fait une option polyvalente pour ceux qui recherchent une performance fiable sans compromettre la flexibilit\u00e9.<\/p>\n<p>Pour une force et une durabilit\u00e9 maximales, l'\u00e2me ind\u00e9pendante du c\u00e2ble d'acier (IWRC) est le choix pr\u00e9f\u00e9r\u00e9. L'\u00e2me IWRC est fabriqu\u00e9e \u00e0 partir d'un c\u00e2ble s\u00e9par\u00e9, ce qui augmente consid\u00e9rablement la force globale et l'int\u00e9grit\u00e9 structurelle du c\u00e2ble 6\u00d719. Ce type d'\u00e2me est bien adapt\u00e9 aux applications lourdes o\u00f9 une grande r\u00e9sistance \u00e0 la traction est essentielle, comme dans les grandes grues de construction, les treuils industriels et les gr\u00e9ements marins. Bien que l'\u00e2me IWRC sacrifie une certaine flexibilit\u00e9 par rapport aux options FC et IWS, sa robustesse garantit que le c\u00e2ble m\u00e9tallique peut r\u00e9sister \u00e0 des conditions difficiles et \u00e0 de lourdes charges pendant de longues p\u00e9riodes.<\/p>\n<h3>Aper\u00e7u des applications et avantages du c\u00e2ble m\u00e9tallique 6\u00d719<\/h3>\n<p>La conception du c\u00e2ble d'acier 6\u00d719 en fait un choix populaire dans diverses industries en raison de sa polyvalence. Sa construction \u00e9quilibr\u00e9e offre un compromis efficace entre la r\u00e9sistance \u00e0 la traction et la flexibilit\u00e9, ce qui lui permet de s'adapter \u00e0 de nombreuses t\u00e2ches. Dans le secteur de la construction, ce type de c\u00e2ble est souvent utilis\u00e9 pour les op\u00e9rations de levage, fournissant le support n\u00e9cessaire pour d\u00e9placer les mat\u00e9riaux de mani\u00e8re s\u00fbre et efficace. La surface lisse du c\u00e2ble minimise l'abrasion, r\u00e9duisant l'usure des poulies et des grues, ce qui prolonge la dur\u00e9e de vie de l'\u00e9quipement.<\/p>\n<p>Dans les environnements marins, la r\u00e9sistance du c\u00e2ble 6\u00d719 \u00e0 l'abrasion et aux conditions difficiles le rend adapt\u00e9 \u00e0 des applications telles que l'amarrage, le remorquage et la p\u00eache. Sa capacit\u00e9 \u00e0 r\u00e9sister au stress de l'exposition \u00e0 l'eau sal\u00e9e et aux charges variables en fait un composant fiable pour une utilisation maritime. L'\u00e2me IWRC, en particulier, s'av\u00e8re b\u00e9n\u00e9fique dans les applications marines, car elle offre la force n\u00e9cessaire pour effectuer des t\u00e2ches exigeantes sans compromettre la durabilit\u00e9.<\/p>\n<p>Le transport et la logistique b\u00e9n\u00e9ficient \u00e9galement de l'utilisation du c\u00e2ble m\u00e9tallique 6\u00d719, qui peut \u00eatre employ\u00e9 pour s\u00e9curiser les cargaisons, cr\u00e9er des \u00e9lingues de levage ou faire partie de syst\u00e8mes de chargement et de d\u00e9chargement. Sa disponibilit\u00e9 en diff\u00e9rentes tailles permet de l'adapter \u00e0 des besoins sp\u00e9cifiques, en veillant \u00e0 ce que le bon \u00e9quilibre entre r\u00e9sistance et flexibilit\u00e9 soit atteint pour chaque situation unique. L'adaptabilit\u00e9 du c\u00e2ble d'acier 6\u00d719 garantit qu'il peut \u00eatre utilis\u00e9 pour des t\u00e2ches routini\u00e8res ou difficiles dans ces domaines.<\/p>\n<p>En fin de compte, le choix du type d'\u00e2me - FC, IWS ou IWRC - ainsi que la taille appropri\u00e9e, permettent aux utilisateurs de personnaliser leur s\u00e9lection de c\u00e2bles d'acier 6\u00d719 pour r\u00e9pondre \u00e0 des exigences pr\u00e9cises. En comprenant les caract\u00e9ristiques et les avantages uniques de chaque \u00e2me et de chaque taille, les entreprises peuvent optimiser leurs op\u00e9rations et s'assurer que leur \u00e9quipement reste s\u00fbr, efficace et capable de r\u00e9pondre aux exigences de leurs projets. Avec son m\u00e9lange de flexibilit\u00e9, de force et de durabilit\u00e9, le c\u00e2ble d'acier 6\u00d719 reste une pierre angulaire dans le domaine des c\u00e2bles d'acier, offrant une performance fiable dans diverses applications.<\/p>","protected":false},"excerpt":{"rendered":"<p>Le c\u00e2ble d'acier 6\u00d719 est un type de c\u00e2ble d'acier polyvalent et durable, offrant un m\u00e9lange de flexibilit\u00e9 et de r\u00e9sistance. Il est compos\u00e9 de 6 torons, chacun contenant 19 fils, ce qui le rend adapt\u00e9 \u00e0 diverses applications de levage, de gr\u00e9age et de hissage. G\u00e9n\u00e9ralement disponible dans des tailles telles que 1\/8 de pouce, 3\/16 de pouce et 1\/4 de pouce, le c\u00e2ble m\u00e9tallique 6\u00d719 est fabriqu\u00e9 \u00e0 partir d'acier \u00e0 haute teneur en carbone, ce qui lui conf\u00e8re une excellente r\u00e9sistance \u00e0 la traction et \u00e0 l'usure. Il pr\u00e9sente diff\u00e9rents types d'\u00e2me, tels que l'\u00e2me en fibre (FC), l'\u00e2me en toron m\u00e9tallique ind\u00e9pendant (IWS) et l'\u00e2me en c\u00e2ble m\u00e9tallique ind\u00e9pendant (IWRC), afin de r\u00e9pondre \u00e0 divers besoins et exigences de performance.<\/p>","protected":false},"featured_media":8112,"comment_status":"open","ping_status":"closed","template":"","meta":{"site-sidebar-layout":"default","site-content-layout":"","ast-site-content-layout":"default","site-content-style":"default","site-sidebar-style":"default","ast-global-header-display":"","ast-banner-title-visibility":"","ast-main-header-display":"","ast-hfb-above-header-display":"","ast-hfb-below-header-display":"","ast-hfb-mobile-header-display":"","site-post-title":"","ast-breadcrumbs-content":"","ast-featured-img":"","footer-sml-layout":"","theme-transparent-header-meta":"default","adv-header-id-meta":"","stick-header-meta":"default","header-above-stick-meta":"","header-main-stick-meta":"","header-below-stick-meta":"","astra-migrate-meta-layouts":"set","ast-page-background-enabled":"default","ast-page-background-meta":{"desktop":{"background-color":"","background-image":"","background-repeat":"repeat","background-position":"center center","background-size":"auto","background-attachment":"scroll","background-type":"","background-media":"","overlay-type":"","overlay-color":"","overlay-opacity":"","overlay-gradient":""},"tablet":{"background-color":"","background-image":"","background-repeat":"repeat","background-position":"center center","background-size":"auto","background-attachment":"scroll","background-type":"","background-media":"","overlay-type":"","overlay-color":"","overlay-opacity":"","overlay-gradient":""},"mobile":{"background-color":"","background-image":"","background-repeat":"repeat","background-position":"center center","background-size":"auto","background-attachment":"scroll","background-type":"","background-media":"","overlay-type":"","overlay-color":"","overlay-opacity":"","overlay-gradient":""}},"ast-content-background-meta":{"desktop":{"background-color":"var(--ast-global-color-5)","background-image":"","background-repeat":"repeat","background-position":"center center","background-size":"auto","background-attachment":"scroll","background-type":"","background-media":"","overlay-type":"","overlay-color":"","overlay-opacity":"","overlay-gradient":""},"tablet":{"background-color":"var(--ast-global-color-5)","background-image":"","background-repeat":"repeat","background-position":"center center","background-size":"auto","background-attachment":"scroll","background-type":"","background-media":"","overlay-type":"","overlay-color":"","overlay-opacity":"","overlay-gradient":""},"mobile":{"background-color":"var(--ast-global-color-5)","background-image":"","background-repeat":"repeat","background-position":"center center","background-size":"auto","background-attachment":"scroll","background-type":"","background-media":"","overlay-type":"","overlay-color":"","overlay-opacity":"","overlay-gradient":""}}},"product_brand":[],"product_cat":[37],"product_tag":[89],"class_list":{"0":"post-8109","1":"product","2":"type-product","3":"status-publish","4":"has-post-thumbnail","6":"product_cat-wire-rope","7":"product_tag-wire-rope","8":"desktop-align-left","9":"tablet-align-left","10":"mobile-align-left","11":"ast-product-gallery-layout-horizontal-slider","12":"ast-product-gallery-with-no-image","13":"ast-product-tabs-layout-horizontal","15":"first","16":"instock","17":"shipping-taxable","18":"purchasable","19":"product-type-simple"},"yoast_head":"<!-- This site is optimized with the Yoast SEO plugin v25.2 - https:\/\/yoast.com\/wordpress\/plugins\/seo\/ -->\n<title>6x19 Wire Rope<\/title>\n<meta name=\"description\" content=\"6x19 wire rope is a versatile and durable type of steel wire rope, offering a blend of flexibility and strength.\" \/>\n<meta name=\"robots\" content=\"index, follow, max-snippet:-1, max-image-preview:large, max-video-preview:-1\" \/>\n<link rel=\"canonical\" href=\"https:\/\/qingdaohf.com\/fr\/produit\/cable-dacier-6x19\/\" \/>\n<meta property=\"og:locale\" content=\"fr_FR\" \/>\n<meta property=\"og:type\" content=\"article\" \/>\n<meta property=\"og:title\" content=\"6x19 Wire Rope\" \/>\n<meta property=\"og:description\" content=\"6x19 wire rope is a versatile and durable type of steel wire rope, offering a blend of flexibility and strength.\" \/>\n<meta property=\"og:url\" content=\"https:\/\/qingdaohf.com\/fr\/produit\/cable-dacier-6x19\/\" \/>\n<meta property=\"og:site_name\" content=\"Concrete Form &amp; Rigging Hardware Supplier\" \/>\n<meta property=\"article:publisher\" content=\"https:\/\/www.facebook.com\/qingdaohf\" \/>\n<meta property=\"article:modified_time\" content=\"2025-11-13T01:02:55+00:00\" \/>\n<meta property=\"og:image\" content=\"https:\/\/qingdaohf.com\/wp-content\/uploads\/2024\/10\/6x19wrc_2.webp\" \/>\n\t<meta property=\"og:image:width\" content=\"787\" \/>\n\t<meta property=\"og:image:height\" content=\"787\" \/>\n\t<meta property=\"og:image:type\" content=\"image\/webp\" \/>\n<meta name=\"twitter:card\" content=\"summary_large_image\" \/>\n<meta name=\"twitter:label1\" content=\"Dur\u00e9e de lecture estim\u00e9e\" \/>\n\t<meta name=\"twitter:data1\" content=\"6 minutes\" \/>\n<script type=\"application\/ld+json\" class=\"yoast-schema-graph\">{\"@context\":\"https:\/\/schema.org\",\"@graph\":[{\"@type\":\"WebPage\",\"@id\":\"https:\/\/qingdaohf.com\/product\/6x19-wire-rope\/\",\"url\":\"https:\/\/qingdaohf.com\/product\/6x19-wire-rope\/\",\"name\":\"6x19 Wire Rope\",\"isPartOf\":{\"@id\":\"https:\/\/qingdaohf.com\/bg\/#website\"},\"primaryImageOfPage\":{\"@id\":\"https:\/\/qingdaohf.com\/product\/6x19-wire-rope\/#primaryimage\"},\"image\":{\"@id\":\"https:\/\/qingdaohf.com\/product\/6x19-wire-rope\/#primaryimage\"},\"thumbnailUrl\":\"https:\/\/qingdaohf.com\/wp-content\/uploads\/2024\/10\/6x19wrc_2.webp\",\"datePublished\":\"2024-10-24T09:13:03+00:00\",\"dateModified\":\"2025-11-13T01:02:55+00:00\",\"description\":\"6x19 wire rope is a versatile and durable type of steel wire rope, offering a blend of flexibility and strength.\",\"breadcrumb\":{\"@id\":\"https:\/\/qingdaohf.com\/product\/6x19-wire-rope\/#breadcrumb\"},\"inLanguage\":\"fr-FR\",\"potentialAction\":[{\"@type\":\"ReadAction\",\"target\":[\"https:\/\/qingdaohf.com\/product\/6x19-wire-rope\/\"]}]},{\"@type\":\"ImageObject\",\"inLanguage\":\"fr-FR\",\"@id\":\"https:\/\/qingdaohf.com\/product\/6x19-wire-rope\/#primaryimage\",\"url\":\"https:\/\/qingdaohf.com\/wp-content\/uploads\/2024\/10\/6x19wrc_2.webp\",\"contentUrl\":\"https:\/\/qingdaohf.com\/wp-content\/uploads\/2024\/10\/6x19wrc_2.webp\",\"width\":787,\"height\":787,\"caption\":\"6X19 wire rope\"},{\"@type\":\"BreadcrumbList\",\"@id\":\"https:\/\/qingdaohf.com\/product\/6x19-wire-rope\/#breadcrumb\",\"itemListElement\":[{\"@type\":\"ListItem\",\"position\":1,\"name\":\"Home\",\"item\":\"https:\/\/qingdaohf.com\/\"},{\"@type\":\"ListItem\",\"position\":2,\"name\":\"Concrete Forming Accessories and Rigging Hardware\",\"item\":\"https:\/\/qingdaohf.com\/bg\/?page_id=944\"},{\"@type\":\"ListItem\",\"position\":3,\"name\":\"6&#215;19 Wire Rope\"}]},{\"@type\":\"WebSite\",\"@id\":\"https:\/\/qingdaohf.com\/bg\/#website\",\"url\":\"https:\/\/qingdaohf.com\/bg\/\",\"name\":\"Concrete Form & Rigging Hardware Supplier\",\"description\":\"\",\"publisher\":{\"@id\":\"https:\/\/qingdaohf.com\/bg\/#organization\"},\"potentialAction\":[{\"@type\":\"SearchAction\",\"target\":{\"@type\":\"EntryPoint\",\"urlTemplate\":\"https:\/\/qingdaohf.com\/bg\/?s={search_term_string}\"},\"query-input\":{\"@type\":\"PropertyValueSpecification\",\"valueRequired\":true,\"valueName\":\"search_term_string\"}}],\"inLanguage\":\"fr-FR\"},{\"@type\":\"Organization\",\"@id\":\"https:\/\/qingdaohf.com\/bg\/#organization\",\"name\":\"Qingdao H&F\",\"url\":\"https:\/\/qingdaohf.com\/bg\/\",\"logo\":{\"@type\":\"ImageObject\",\"inLanguage\":\"fr-FR\",\"@id\":\"https:\/\/qingdaohf.com\/bg\/#\/schema\/logo\/image\/\",\"url\":\"https:\/\/qingdaohf.com\/wp-content\/uploads\/2022\/12\/cropped-HF-LOGO.png\",\"contentUrl\":\"https:\/\/qingdaohf.com\/wp-content\/uploads\/2022\/12\/cropped-HF-LOGO.png\",\"width\":391,\"height\":249,\"caption\":\"Qingdao H&F\"},\"image\":{\"@id\":\"https:\/\/qingdaohf.com\/bg\/#\/schema\/logo\/image\/\"},\"sameAs\":[\"https:\/\/www.facebook.com\/qingdaohf\"]}]}<\/script>\n<!-- \/ Yoast SEO plugin. -->","yoast_head_json":{"title":"6x19 Wire Rope","description":"6x19 wire rope is a versatile and durable type of steel wire rope, offering a blend of flexibility and strength.","robots":{"index":"index","follow":"follow","max-snippet":"max-snippet:-1","max-image-preview":"max-image-preview:large","max-video-preview":"max-video-preview:-1"},"canonical":"https:\/\/qingdaohf.com\/fr\/produit\/cable-dacier-6x19\/","og_locale":"fr_FR","og_type":"article","og_title":"6x19 Wire Rope","og_description":"6x19 wire rope is a versatile and durable type of steel wire rope, offering a blend of flexibility and strength.","og_url":"https:\/\/qingdaohf.com\/fr\/produit\/cable-dacier-6x19\/","og_site_name":"Concrete Form &amp; Rigging Hardware Supplier","article_publisher":"https:\/\/www.facebook.com\/qingdaohf","article_modified_time":"2025-11-13T01:02:55+00:00","og_image":[{"width":787,"height":787,"url":"https:\/\/qingdaohf.com\/wp-content\/uploads\/2024\/10\/6x19wrc_2.webp","type":"image\/webp"}],"twitter_card":"summary_large_image","twitter_misc":{"Dur\u00e9e de lecture estim\u00e9e":"6 minutes"},"schema":{"@context":"https:\/\/schema.org","@graph":[{"@type":"WebPage","@id":"https:\/\/qingdaohf.com\/product\/6x19-wire-rope\/","url":"https:\/\/qingdaohf.com\/product\/6x19-wire-rope\/","name":"6x19 Wire Rope","isPartOf":{"@id":"https:\/\/qingdaohf.com\/bg\/#website"},"primaryImageOfPage":{"@id":"https:\/\/qingdaohf.com\/product\/6x19-wire-rope\/#primaryimage"},"image":{"@id":"https:\/\/qingdaohf.com\/product\/6x19-wire-rope\/#primaryimage"},"thumbnailUrl":"https:\/\/qingdaohf.com\/wp-content\/uploads\/2024\/10\/6x19wrc_2.webp","datePublished":"2024-10-24T09:13:03+00:00","dateModified":"2025-11-13T01:02:55+00:00","description":"6x19 wire rope is a versatile and durable type of steel wire rope, offering a blend of flexibility and strength.","breadcrumb":{"@id":"https:\/\/qingdaohf.com\/product\/6x19-wire-rope\/#breadcrumb"},"inLanguage":"fr-FR","potentialAction":[{"@type":"ReadAction","target":["https:\/\/qingdaohf.com\/product\/6x19-wire-rope\/"]}]},{"@type":"ImageObject","inLanguage":"fr-FR","@id":"https:\/\/qingdaohf.com\/product\/6x19-wire-rope\/#primaryimage","url":"https:\/\/qingdaohf.com\/wp-content\/uploads\/2024\/10\/6x19wrc_2.webp","contentUrl":"https:\/\/qingdaohf.com\/wp-content\/uploads\/2024\/10\/6x19wrc_2.webp","width":787,"height":787,"caption":"6X19 wire rope"},{"@type":"BreadcrumbList","@id":"https:\/\/qingdaohf.com\/product\/6x19-wire-rope\/#breadcrumb","itemListElement":[{"@type":"ListItem","position":1,"name":"Home","item":"https:\/\/qingdaohf.com\/"},{"@type":"ListItem","position":2,"name":"Concrete Forming Accessories and Rigging Hardware","item":"https:\/\/qingdaohf.com\/bg\/?page_id=944"},{"@type":"ListItem","position":3,"name":"6&#215;19 Wire Rope"}]},{"@type":"WebSite","@id":"https:\/\/qingdaohf.com\/bg\/#website","url":"https:\/\/qingdaohf.com\/bg\/","name":"Concrete Form & Rigging Hardware Supplier","description":"","publisher":{"@id":"https:\/\/qingdaohf.com\/bg\/#organization"},"potentialAction":[{"@type":"SearchAction","target":{"@type":"EntryPoint","urlTemplate":"https:\/\/qingdaohf.com\/bg\/?s={search_term_string}"},"query-input":{"@type":"PropertyValueSpecification","valueRequired":true,"valueName":"search_term_string"}}],"inLanguage":"fr-FR"},{"@type":"Organization","@id":"https:\/\/qingdaohf.com\/bg\/#organization","name":"Qingdao H&F","url":"https:\/\/qingdaohf.com\/bg\/","logo":{"@type":"ImageObject","inLanguage":"fr-FR","@id":"https:\/\/qingdaohf.com\/bg\/#\/schema\/logo\/image\/","url":"https:\/\/qingdaohf.com\/wp-content\/uploads\/2022\/12\/cropped-HF-LOGO.png","contentUrl":"https:\/\/qingdaohf.com\/wp-content\/uploads\/2022\/12\/cropped-HF-LOGO.png","width":391,"height":249,"caption":"Qingdao H&F"},"image":{"@id":"https:\/\/qingdaohf.com\/bg\/#\/schema\/logo\/image\/"},"sameAs":["https:\/\/www.facebook.com\/qingdaohf"]}]}},"_links":{"self":[{"href":"https:\/\/qingdaohf.com\/fr\/wp-json\/wp\/v2\/product\/8109","targetHints":{"allow":["GET"]}}],"collection":[{"href":"https:\/\/qingdaohf.com\/fr\/wp-json\/wp\/v2\/product"}],"about":[{"href":"https:\/\/qingdaohf.com\/fr\/wp-json\/wp\/v2\/types\/product"}],"replies":[{"embeddable":true,"href":"https:\/\/qingdaohf.com\/fr\/wp-json\/wp\/v2\/comments?post=8109"}],"version-history":[{"count":1,"href":"https:\/\/qingdaohf.com\/fr\/wp-json\/wp\/v2\/product\/8109\/revisions"}],"predecessor-version":[{"id":8114,"href":"https:\/\/qingdaohf.com\/fr\/wp-json\/wp\/v2\/product\/8109\/revisions\/8114"}],"wp:featuredmedia":[{"embeddable":true,"href":"https:\/\/qingdaohf.com\/fr\/wp-json\/wp\/v2\/media\/8112"}],"wp:attachment":[{"href":"https:\/\/qingdaohf.com\/fr\/wp-json\/wp\/v2\/media?parent=8109"}],"wp:term":[{"taxonomy":"product_brand","embeddable":true,"href":"https:\/\/qingdaohf.com\/fr\/wp-json\/wp\/v2\/product_brand?post=8109"},{"taxonomy":"product_cat","embeddable":true,"href":"https:\/\/qingdaohf.com\/fr\/wp-json\/wp\/v2\/product_cat?post=8109"},{"taxonomy":"product_tag","embeddable":true,"href":"https:\/\/qingdaohf.com\/fr\/wp-json\/wp\/v2\/product_tag?post=8109"}],"curies":[{"name":"wp","href":"https:\/\/api.w.org\/{rel}","templated":true}]}}