{"id":8125,"date":"2024-10-24T17:39:48","date_gmt":"2024-10-24T09:39:48","guid":{"rendered":"http:\/\/qingdaohf.com\/?post_type=product&#038;p=8125"},"modified":"2025-11-13T09:02:55","modified_gmt":"2025-11-13T01:02:55","slug":"6x37-wire-rope","status":"publish","type":"product","link":"https:\/\/qingdaohf.com\/fr\/produit\/cable-dacier-6x37\/","title":{"rendered":"6\u00d737 C\u00e2ble m\u00e9tallique"},"content":{"rendered":"<h3><strong>Qu'est-ce que le c\u00e2ble 6X37 ?<\/strong><\/h3>\n<p>Le c\u00e2ble 6X37 est un type de c\u00e2ble polyvalent et largement utilis\u00e9, caract\u00e9ris\u00e9 par sa construction en six torons, chaque toron comprenant 37 fils individuels. Cette composition permet d'obtenir un c\u00e2ble plus flexible que d'autres types tels que le 6X19, ce qui le rend id\u00e9al pour les applications o\u00f9 la flexion et la flexibilit\u00e9 sont importantes. La conception 6X37 permet au c\u00e2ble de supporter des flexions r\u00e9p\u00e9t\u00e9es sur des poulies, ce qui am\u00e9liore sa r\u00e9sistance \u00e0 la fatigue. En raison de sa combinaison de force et de flexibilit\u00e9, le c\u00e2ble d'acier 6X37 est souvent utilis\u00e9 dans des industries telles que la construction, le transport maritime et l'exploitation mini\u00e8re.<\/p>\n<p>Le c\u00e2ble est g\u00e9n\u00e9ralement fabriqu\u00e9 en acier \u00e0 haute teneur en carbone, connu pour sa r\u00e9sistance et sa durabilit\u00e9. Certaines variantes peuvent \u00e9galement \u00eatre fabriqu\u00e9es en acier inoxydable ou en acier galvanis\u00e9, en fonction de l'application. L'acier inoxydable offre une meilleure r\u00e9sistance \u00e0 la corrosion, en particulier dans les environnements marins, tandis que l'acier galvanis\u00e9 offre une protection mod\u00e9r\u00e9e contre la rouille \u00e0 un prix plus abordable.<\/p>\n<h3><strong>Tailles et \u00e2mes courantes du c\u00e2ble 6X37<\/strong><\/h3>\n<p>Le c\u00e2ble m\u00e9tallique est souvent mesur\u00e9 par son diam\u00e8tre, et le type 6X37 est disponible dans une gamme de tailles adapt\u00e9es \u00e0 diff\u00e9rentes applications. Par exemple, pour des applications plus l\u00e9g\u00e8res, un c\u00e2ble d'acier 6X37 de 1\/16 de pouce peut convenir. Cette taille est souvent utilis\u00e9e dans des contextes o\u00f9 une charge minimale est requise, mais o\u00f9 la flexibilit\u00e9 et la r\u00e9sistance \u00e0 l'usure sont n\u00e9cessaires, comme dans les op\u00e9rations de levage \u00e0 petite \u00e9chelle ou les syst\u00e8mes de poulies l\u00e9g\u00e8res. En augmentant la taille, le c\u00e2ble 6X37 de 3\/32 pouces est g\u00e9n\u00e9ralement utilis\u00e9 dans des environnements qui exigent une capacit\u00e9 de charge l\u00e9g\u00e8rement sup\u00e9rieure sans sacrifier la flexibilit\u00e9. Elle peut \u00eatre utilis\u00e9e pour les \u00e9chafaudages ou les op\u00e9rations de gr\u00e9ement l\u00e9g\u00e8res.<\/p>\n<p>Plus le diam\u00e8tre augmente, plus la capacit\u00e9 de charge du c\u00e2ble augmente. Un c\u00e2ble d'acier 6X37 de 1\/8 de pouce, par exemple, peut supporter des charges mod\u00e9r\u00e9es et est fr\u00e9quemment utilis\u00e9 dans les t\u00e2ches de levage industriel, les applications de levage et les syst\u00e8mes d'ascenseurs. Pour les applications plus lourdes, le c\u00e2ble 6X37 de 5\/32 pouces offre une force significative tout en conservant sa flexibilit\u00e9, ce qui le rend id\u00e9al pour une utilisation dans les grues, les treuils ou les \u00e9quipements de dragage.<\/p>\n<p><img fetchpriority=\"high\" decoding=\"async\" class=\"alignnone size-full wp-image-8129\" src=\"http:\/\/qingdaohf.com\/wp-content\/uploads\/2024\/10\/6X37-wire-rope.webp\" alt=\"C\u00e2ble d&#039;acier 6X37\" width=\"1338\" height=\"412\" srcset=\"https:\/\/qingdaohf.com\/wp-content\/uploads\/2024\/10\/6X37-wire-rope.webp 1338w, https:\/\/qingdaohf.com\/wp-content\/uploads\/2024\/10\/6X37-wire-rope-300x92.webp 300w, https:\/\/qingdaohf.com\/wp-content\/uploads\/2024\/10\/6X37-wire-rope-1024x315.webp 1024w, https:\/\/qingdaohf.com\/wp-content\/uploads\/2024\/10\/6X37-wire-rope-768x236.webp 768w, https:\/\/qingdaohf.com\/wp-content\/uploads\/2024\/10\/6X37-wire-rope-18x6.webp 18w, https:\/\/qingdaohf.com\/wp-content\/uploads\/2024\/10\/6X37-wire-rope-1000x308.webp 1000w\" sizes=\"(max-width: 1338px) 100vw, 1338px\" \/><\/p>\n<p>En ce qui concerne les \u00e2mes, le c\u00e2ble d'acier 6X37 est g\u00e9n\u00e9ralement disponible avec trois options d'\u00e2me :<\/p>\n<p><strong>C\u0153ur de fibre (FC) :<\/strong> Les c\u00e2bles \u00e0 \u00e2me en fibre utilisent des fibres naturelles ou synth\u00e9tiques qui conf\u00e8rent au c\u00e2ble une plus grande souplesse. Bien que ces c\u00e2bles ne soient pas aussi r\u00e9sistants que ceux \u00e0 \u00e2me m\u00e9tallique, ils sont plus l\u00e9gers et plus souples, ce qui les rend adapt\u00e9s \u00e0 des applications sp\u00e9cifiques o\u00f9 la flexibilit\u00e9 est prioritaire par rapport \u00e0 la r\u00e9sistance. L'\u00e2me en fibre peut \u00e9galement contribuer \u00e0 absorber le lubrifiant, ce qui prolonge la dur\u00e9e de vie du c\u00e2ble en r\u00e9duisant les frottements et l'usure.<\/p>\n<p><strong>Noyau de c\u00e2ble ind\u00e9pendant (IWRC) :<\/strong> Cette \u00e2me est constitu\u00e9e d'un c\u00e2ble m\u00e9tallique s\u00e9par\u00e9 qui traverse le centre du c\u00e2ble principal. L'IWRC ajoute de la force et am\u00e9liore la r\u00e9sistance du c\u00e2ble \u00e0 l'\u00e9crasement et \u00e0 la d\u00e9formation sous de lourdes charges. Il offre \u00e9galement une meilleure r\u00e9sistance aux temp\u00e9ratures \u00e9lev\u00e9es, ce qui fait des c\u00e2bles IWRC 6X37 le choix privil\u00e9gi\u00e9 pour les environnements industriels exigeants tels que les mines ou les op\u00e9rations de gr\u00e9ement maritime.<\/p>\n<p><strong>Noyau de fil m\u00e9tallique (WSC) :<\/strong> Dans cette configuration, un toron de fil est utilis\u00e9 comme \u00e2me au lieu d'une fibre ou d'un c\u00e2ble ind\u00e9pendant. Le WSC offre un \u00e9quilibre entre la flexibilit\u00e9 de l'\u00e2me en fibre et la force de l'IWRC. Il est couramment utilis\u00e9 dans les applications qui requi\u00e8rent une flexibilit\u00e9 et une force mod\u00e9r\u00e9es, comme les ponts roulants ou les treuils \u00e0 usage intensif.<\/p>\n<h3><strong>Caract\u00e9ristiques des mat\u00e9riaux et de la r\u00e9sistance<\/strong><\/h3>\n<p>Le c\u00e2ble 6X37 est g\u00e9n\u00e9ralement fabriqu\u00e9 \u00e0 partir d'acier \u00e0 haute teneur en carbone, ce qui lui conf\u00e8re la force n\u00e9cessaire pour fonctionner dans des environnements difficiles. L'acier au carbone, connu pour son excellente r\u00e9sistance \u00e0 la traction, permet au c\u00e2ble de supporter de lourdes charges sans se rompre ni se d\u00e9former sous l'effet de la tension. Il est \u00e9galement trait\u00e9 thermiquement pour am\u00e9liorer sa t\u00e9nacit\u00e9, ce qui est particuli\u00e8rement important pour les applications impliquant des temp\u00e9ratures extr\u00eames ou une exposition \u00e0 des \u00e9l\u00e9ments agressifs.<\/p>\n<p>Dans les cas o\u00f9 la r\u00e9sistance \u00e0 la corrosion est une priorit\u00e9 absolue, les c\u00e2bles en acier inoxydable 6X37 peuvent \u00eatre utilis\u00e9s. L'acier inoxydable offre une r\u00e9sistance sup\u00e9rieure \u00e0 la rouille et \u00e0 la corrosion, ce qui le rend id\u00e9al pour les applications marines, o\u00f9 l'exposition \u00e0 l'eau sal\u00e9e peut d\u00e9grader d'autres mat\u00e9riaux. Le c\u00e2ble en acier galvanis\u00e9 6X37, quant \u00e0 lui, est recouvert d'une couche protectrice de zinc qui aide \u00e0 r\u00e9sister \u00e0 la rouille, bien qu'il n'offre pas le m\u00eame niveau de r\u00e9sistance \u00e0 la corrosion que l'acier inoxydable. Cependant, les options galvanis\u00e9es ont tendance \u00e0 \u00eatre plus \u00e9conomiques.<\/p>\n<p>L'une des caract\u00e9ristiques distinctives du c\u00e2ble d'acier 6X37 est sa flexibilit\u00e9. Le nombre plus \u00e9lev\u00e9 de fils dans chaque toron (37) permet au c\u00e2ble de se plier plus facilement que d'autres configurations, comme le c\u00e2ble 6X19, qui a moins de fils par toron. Cette flexibilit\u00e9 le rend bien adapt\u00e9 aux applications o\u00f9 le c\u00e2ble est soumis \u00e0 des flexions fr\u00e9quentes ou lorsqu'il doit passer sur des poulies ou des r\u00e9as. La conception permet de r\u00e9duire la fatigue et de prolonger la dur\u00e9e de vie du c\u00e2ble dans ces situations.<\/p>\n<h3><strong>Applications du c\u00e2ble 6X37<\/strong><\/h3>\n<p>En raison de sa polyvalence, le c\u00e2ble d'acier 6X37 est utilis\u00e9 dans une grande vari\u00e9t\u00e9 d'industries et d'applications. Dans le secteur de la construction, il peut \u00eatre utilis\u00e9 pour soulever des \u00e9quipements, soutenir des \u00e9chafaudages ou pour les op\u00e9rations de grutage. Sa flexibilit\u00e9 et sa r\u00e9sistance \u00e0 l'usure en font un c\u00e2ble id\u00e9al pour les t\u00e2ches de levage r\u00e9p\u00e9titives o\u00f9 le c\u00e2ble est fr\u00e9quemment pli\u00e9 et \u00e9tir\u00e9. Il est \u00e9galement utilis\u00e9 dans le secteur des transports, o\u00f9 il fait partie du gr\u00e9ement des navires ou des c\u00e2bles de remorquage des v\u00e9hicules.<\/p>\n<p>Dans l'industrie maritime, les versions en acier inoxydable du c\u00e2ble 6X37 sont fr\u00e9quemment utilis\u00e9es pour les lignes d'amarrage, le gr\u00e9ement et d'autres applications qui n\u00e9cessitent une r\u00e9sistance \u00e0 la corrosion. La capacit\u00e9 du c\u00e2ble \u00e0 r\u00e9sister \u00e0 l'environnement difficile de l'eau sal\u00e9e en fait un excellent choix pour les applications marines. De m\u00eame, son utilisation dans l'industrie mini\u00e8re est tr\u00e8s r\u00e9pandue, o\u00f9 il est employ\u00e9 dans les \u00e9quipements de levage, les draglines et pour tirer de lourdes charges. La construction en acier \u00e0 haute teneur en carbone offre la r\u00e9sistance et la durabilit\u00e9 n\u00e9cessaires pour fonctionner dans des environnements aussi difficiles.<\/p>\n<p>Les ascenseurs et les syst\u00e8mes de levage constituent une autre application courante du c\u00e2ble m\u00e9tallique 6X37. La flexibilit\u00e9 du c\u00e2ble assure un fonctionnement en douceur lorsqu'il se d\u00e9place sur les poulies et les r\u00e9as, tandis que sa force lui permet de supporter le poids de la cabine d'ascenseur et de ses occupants. Dans ce contexte, une \u00e2me IWRC est souvent pr\u00e9f\u00e9r\u00e9e, car elle offre la force et la durabilit\u00e9 requises pour une utilisation \u00e0 long terme dans un environnement soumis \u00e0 de fortes contraintes.<\/p>\n<h3><strong>Durabilit\u00e9 et entretien<\/strong><\/h3>\n<p>Le c\u00e2ble d'acier 6X37 est con\u00e7u pour durer, en particulier dans les environnements o\u00f9 il est soumis \u00e0 des contraintes r\u00e9p\u00e9titives, \u00e0 la flexion et \u00e0 l'exposition aux \u00e9l\u00e9ments. Cependant, comme tous les c\u00e2bles d'acier, il n\u00e9cessite un entretien r\u00e9gulier pour assurer sa long\u00e9vit\u00e9. Une bonne lubrification est essentielle pour \u00e9viter les frottements internes entre les diff\u00e9rents fils et torons, qui peuvent entra\u00eener une usure pr\u00e9matur\u00e9e. Les c\u00e2bles \u00e0 \u00e2me en fibre sont particuli\u00e8rement aptes \u00e0 absorber le lubrifiant, tandis que les c\u00e2bles \u00e0 \u00e2me IWRC et WSC b\u00e9n\u00e9ficient de l'application r\u00e9guli\u00e8re de lubrifiants externes.<\/p>\n<p>Il est essentiel d'inspecter r\u00e9guli\u00e8rement le c\u00e2ble pour d\u00e9tecter les signes d'usure, tels que les fils cass\u00e9s, la corrosion ou l'aplatissement, afin de maintenir la s\u00e9curit\u00e9 et les performances. La flexibilit\u00e9 du c\u00e2ble le rend r\u00e9sistant \u00e0 la fatigue, mais avec le temps, m\u00eame les c\u00e2bles les plus durables subiront une certaine d\u00e9gradation. Le respect des directives du fabricant en mati\u00e8re d'inspection et de remplacement permet de s'assurer que le c\u00e2ble reste dans un \u00e9tat optimal le plus longtemps possible.<\/p>\n<h3><strong>Conclusion<\/strong><\/h3>\n<p>Le c\u00e2ble m\u00e9tallique 6X37 est un excellent choix pour une large gamme d'applications industrielles et commerciales, gr\u00e2ce \u00e0 sa combinaison de flexibilit\u00e9, de r\u00e9sistance et de durabilit\u00e9. Disponible en diff\u00e9rentes tailles, telles que 1\/16 de pouce, 3\/32 de pouce, 1\/8 de pouce et 5\/32 de pouce, il peut \u00eatre adapt\u00e9 aux besoins sp\u00e9cifiques de diff\u00e9rentes op\u00e9rations. Qu'il soit utilis\u00e9 dans la construction, les environnements marins ou les \u00e9quipements de levage lourds, le c\u00e2ble d'acier 6X37 offre la performance et la fiabilit\u00e9 n\u00e9cessaires pour effectuer le travail en toute s\u00e9curit\u00e9 et de mani\u00e8re efficace. Avec la bonne \u00e2me et un entretien appropri\u00e9, il peut fournir un service durable, m\u00eame dans les conditions les plus exigeantes.<\/p>","protected":false},"excerpt":{"rendered":"<p>Le c\u00e2ble d'acier 6X37 est un c\u00e2ble d'acier flexible, multi-torons, couramment utilis\u00e9 dans diverses applications industrielles et commerciales. Il est g\u00e9n\u00e9ralement fabriqu\u00e9 \u00e0 partir d'acier au carbone de haute qualit\u00e9 et est disponible dans une gamme de tailles, telles que 1\/16 de pouce, 1\/8 de pouce et 5\/32 de pouce. Le c\u00e2ble comporte un nombre plus \u00e9lev\u00e9 de fils par toron, ce qui lui conf\u00e8re une excellente flexibilit\u00e9 et une grande r\u00e9sistance \u00e0 la fatigue. Il existe diff\u00e9rents types d'\u00e2me, comme l'\u00e2me en fibre (FC), l'\u00e2me en c\u00e2ble ind\u00e9pendant (IWRC) ou l'\u00e2me en toron m\u00e9tallique (WSC), chacune offrant des avantages uniques en fonction de l'utilisation pr\u00e9vue.<\/p>","protected":false},"featured_media":8126,"comment_status":"open","ping_status":"closed","template":"","meta":{"site-sidebar-layout":"default","site-content-layout":"","ast-site-content-layout":"default","site-content-style":"default","site-sidebar-style":"default","ast-global-header-display":"","ast-banner-title-visibility":"","ast-main-header-display":"","ast-hfb-above-header-display":"","ast-hfb-below-header-display":"","ast-hfb-mobile-header-display":"","site-post-title":"","ast-breadcrumbs-content":"","ast-featured-img":"","footer-sml-layout":"","theme-transparent-header-meta":"default","adv-header-id-meta":"","stick-header-meta":"default","header-above-stick-meta":"","header-main-stick-meta":"","header-below-stick-meta":"","astra-migrate-meta-layouts":"set","ast-page-background-enabled":"default","ast-page-background-meta":{"desktop":{"background-color":"","background-image":"","background-repeat":"repeat","background-position":"center center","background-size":"auto","background-attachment":"scroll","background-type":"","background-media":"","overlay-type":"","overlay-color":"","overlay-opacity":"","overlay-gradient":""},"tablet":{"background-color":"","background-image":"","background-repeat":"repeat","background-position":"center center","background-size":"auto","background-attachment":"scroll","background-type":"","background-media":"","overlay-type":"","overlay-color":"","overlay-opacity":"","overlay-gradient":""},"mobile":{"background-color":"","background-image":"","background-repeat":"repeat","background-position":"center center","background-size":"auto","background-attachment":"scroll","background-type":"","background-media":"","overlay-type":"","overlay-color":"","overlay-opacity":"","overlay-gradient":""}},"ast-content-background-meta":{"desktop":{"background-color":"var(--ast-global-color-5)","background-image":"","background-repeat":"repeat","background-position":"center center","background-size":"auto","background-attachment":"scroll","background-type":"","background-media":"","overlay-type":"","overlay-color":"","overlay-opacity":"","overlay-gradient":""},"tablet":{"background-color":"var(--ast-global-color-5)","background-image":"","background-repeat":"repeat","background-position":"center center","background-size":"auto","background-attachment":"scroll","background-type":"","background-media":"","overlay-type":"","overlay-color":"","overlay-opacity":"","overlay-gradient":""},"mobile":{"background-color":"var(--ast-global-color-5)","background-image":"","background-repeat":"repeat","background-position":"center center","background-size":"auto","background-attachment":"scroll","background-type":"","background-media":"","overlay-type":"","overlay-color":"","overlay-opacity":"","overlay-gradient":""}}},"product_brand":[],"product_cat":[37],"product_tag":[89],"class_list":{"0":"post-8125","1":"product","2":"type-product","3":"status-publish","4":"has-post-thumbnail","6":"product_cat-wire-rope","7":"product_tag-wire-rope","8":"desktop-align-left","9":"tablet-align-left","10":"mobile-align-left","11":"ast-product-gallery-layout-horizontal-slider","12":"ast-product-gallery-with-no-image","13":"ast-product-tabs-layout-horizontal","15":"first","16":"instock","17":"shipping-taxable","18":"purchasable","19":"product-type-simple"},"yoast_head":"<!-- This site is optimized with the Yoast SEO plugin v25.2 - https:\/\/yoast.com\/wordpress\/plugins\/seo\/ -->\n<title>6x37 Wire Rope<\/title>\n<meta name=\"description\" content=\"6X37 wire rope is a flexible, multi-strand wire rope commonly used in various industrial and commercial applications.\" \/>\n<meta name=\"robots\" content=\"index, follow, max-snippet:-1, max-image-preview:large, max-video-preview:-1\" \/>\n<link rel=\"canonical\" href=\"https:\/\/qingdaohf.com\/fr\/produit\/cable-dacier-6x37\/\" \/>\n<meta property=\"og:locale\" content=\"fr_FR\" \/>\n<meta property=\"og:type\" content=\"article\" \/>\n<meta property=\"og:title\" content=\"6x37 Wire Rope\" \/>\n<meta property=\"og:description\" content=\"6X37 wire rope is a flexible, multi-strand wire rope commonly used in various industrial and commercial applications.\" \/>\n<meta property=\"og:url\" content=\"https:\/\/qingdaohf.com\/fr\/produit\/cable-dacier-6x37\/\" \/>\n<meta property=\"og:site_name\" content=\"Concrete Form &amp; Rigging Hardware Supplier\" \/>\n<meta property=\"article:publisher\" content=\"https:\/\/www.facebook.com\/qingdaohf\" \/>\n<meta property=\"article:modified_time\" content=\"2025-11-13T01:02:55+00:00\" \/>\n<meta property=\"og:image\" content=\"https:\/\/qingdaohf.com\/wp-content\/uploads\/2024\/10\/6x37-FC-WIRE-ROPE.webp\" \/>\n\t<meta property=\"og:image:width\" content=\"744\" \/>\n\t<meta property=\"og:image:height\" content=\"744\" \/>\n\t<meta property=\"og:image:type\" content=\"image\/webp\" \/>\n<meta name=\"twitter:card\" content=\"summary_large_image\" \/>\n<meta name=\"twitter:label1\" content=\"Dur\u00e9e de lecture estim\u00e9e\" \/>\n\t<meta name=\"twitter:data1\" content=\"6 minutes\" \/>\n<script type=\"application\/ld+json\" class=\"yoast-schema-graph\">{\"@context\":\"https:\/\/schema.org\",\"@graph\":[{\"@type\":\"WebPage\",\"@id\":\"https:\/\/qingdaohf.com\/product\/6x37-wire-rope\/\",\"url\":\"https:\/\/qingdaohf.com\/product\/6x37-wire-rope\/\",\"name\":\"6x37 Wire Rope\",\"isPartOf\":{\"@id\":\"https:\/\/qingdaohf.com\/bg\/#website\"},\"primaryImageOfPage\":{\"@id\":\"https:\/\/qingdaohf.com\/product\/6x37-wire-rope\/#primaryimage\"},\"image\":{\"@id\":\"https:\/\/qingdaohf.com\/product\/6x37-wire-rope\/#primaryimage\"},\"thumbnailUrl\":\"https:\/\/qingdaohf.com\/wp-content\/uploads\/2024\/10\/6x37-FC-WIRE-ROPE.webp\",\"datePublished\":\"2024-10-24T09:39:48+00:00\",\"dateModified\":\"2025-11-13T01:02:55+00:00\",\"description\":\"6X37 wire rope is a flexible, multi-strand wire rope commonly used in various industrial and commercial applications.\",\"breadcrumb\":{\"@id\":\"https:\/\/qingdaohf.com\/product\/6x37-wire-rope\/#breadcrumb\"},\"inLanguage\":\"fr-FR\",\"potentialAction\":[{\"@type\":\"ReadAction\",\"target\":[\"https:\/\/qingdaohf.com\/product\/6x37-wire-rope\/\"]}]},{\"@type\":\"ImageObject\",\"inLanguage\":\"fr-FR\",\"@id\":\"https:\/\/qingdaohf.com\/product\/6x37-wire-rope\/#primaryimage\",\"url\":\"https:\/\/qingdaohf.com\/wp-content\/uploads\/2024\/10\/6x37-FC-WIRE-ROPE.webp\",\"contentUrl\":\"https:\/\/qingdaohf.com\/wp-content\/uploads\/2024\/10\/6x37-FC-WIRE-ROPE.webp\",\"width\":744,\"height\":744,\"caption\":\"6x37 FC WIRE ROPE\"},{\"@type\":\"BreadcrumbList\",\"@id\":\"https:\/\/qingdaohf.com\/product\/6x37-wire-rope\/#breadcrumb\",\"itemListElement\":[{\"@type\":\"ListItem\",\"position\":1,\"name\":\"Home\",\"item\":\"https:\/\/qingdaohf.com\/\"},{\"@type\":\"ListItem\",\"position\":2,\"name\":\"Concrete Forming Accessories and Rigging Hardware\",\"item\":\"https:\/\/qingdaohf.com\/bg\/?page_id=944\"},{\"@type\":\"ListItem\",\"position\":3,\"name\":\"6&#215;37 Wire Rope\"}]},{\"@type\":\"WebSite\",\"@id\":\"https:\/\/qingdaohf.com\/bg\/#website\",\"url\":\"https:\/\/qingdaohf.com\/bg\/\",\"name\":\"Concrete Form & Rigging Hardware Supplier\",\"description\":\"\",\"publisher\":{\"@id\":\"https:\/\/qingdaohf.com\/bg\/#organization\"},\"potentialAction\":[{\"@type\":\"SearchAction\",\"target\":{\"@type\":\"EntryPoint\",\"urlTemplate\":\"https:\/\/qingdaohf.com\/bg\/?s={search_term_string}\"},\"query-input\":{\"@type\":\"PropertyValueSpecification\",\"valueRequired\":true,\"valueName\":\"search_term_string\"}}],\"inLanguage\":\"fr-FR\"},{\"@type\":\"Organization\",\"@id\":\"https:\/\/qingdaohf.com\/bg\/#organization\",\"name\":\"Qingdao H&F\",\"url\":\"https:\/\/qingdaohf.com\/bg\/\",\"logo\":{\"@type\":\"ImageObject\",\"inLanguage\":\"fr-FR\",\"@id\":\"https:\/\/qingdaohf.com\/bg\/#\/schema\/logo\/image\/\",\"url\":\"https:\/\/qingdaohf.com\/wp-content\/uploads\/2022\/12\/cropped-HF-LOGO.png\",\"contentUrl\":\"https:\/\/qingdaohf.com\/wp-content\/uploads\/2022\/12\/cropped-HF-LOGO.png\",\"width\":391,\"height\":249,\"caption\":\"Qingdao H&F\"},\"image\":{\"@id\":\"https:\/\/qingdaohf.com\/bg\/#\/schema\/logo\/image\/\"},\"sameAs\":[\"https:\/\/www.facebook.com\/qingdaohf\"]}]}<\/script>\n<!-- \/ Yoast SEO plugin. -->","yoast_head_json":{"title":"6x37 Wire Rope","description":"6X37 wire rope is a flexible, multi-strand wire rope commonly used in various industrial and commercial applications.","robots":{"index":"index","follow":"follow","max-snippet":"max-snippet:-1","max-image-preview":"max-image-preview:large","max-video-preview":"max-video-preview:-1"},"canonical":"https:\/\/qingdaohf.com\/fr\/produit\/cable-dacier-6x37\/","og_locale":"fr_FR","og_type":"article","og_title":"6x37 Wire Rope","og_description":"6X37 wire rope is a flexible, multi-strand wire rope commonly used in various industrial and commercial applications.","og_url":"https:\/\/qingdaohf.com\/fr\/produit\/cable-dacier-6x37\/","og_site_name":"Concrete Form &amp; Rigging Hardware Supplier","article_publisher":"https:\/\/www.facebook.com\/qingdaohf","article_modified_time":"2025-11-13T01:02:55+00:00","og_image":[{"width":744,"height":744,"url":"https:\/\/qingdaohf.com\/wp-content\/uploads\/2024\/10\/6x37-FC-WIRE-ROPE.webp","type":"image\/webp"}],"twitter_card":"summary_large_image","twitter_misc":{"Dur\u00e9e de lecture estim\u00e9e":"6 minutes"},"schema":{"@context":"https:\/\/schema.org","@graph":[{"@type":"WebPage","@id":"https:\/\/qingdaohf.com\/product\/6x37-wire-rope\/","url":"https:\/\/qingdaohf.com\/product\/6x37-wire-rope\/","name":"6x37 Wire Rope","isPartOf":{"@id":"https:\/\/qingdaohf.com\/bg\/#website"},"primaryImageOfPage":{"@id":"https:\/\/qingdaohf.com\/product\/6x37-wire-rope\/#primaryimage"},"image":{"@id":"https:\/\/qingdaohf.com\/product\/6x37-wire-rope\/#primaryimage"},"thumbnailUrl":"https:\/\/qingdaohf.com\/wp-content\/uploads\/2024\/10\/6x37-FC-WIRE-ROPE.webp","datePublished":"2024-10-24T09:39:48+00:00","dateModified":"2025-11-13T01:02:55+00:00","description":"6X37 wire rope is a flexible, multi-strand wire rope commonly used in various industrial and commercial applications.","breadcrumb":{"@id":"https:\/\/qingdaohf.com\/product\/6x37-wire-rope\/#breadcrumb"},"inLanguage":"fr-FR","potentialAction":[{"@type":"ReadAction","target":["https:\/\/qingdaohf.com\/product\/6x37-wire-rope\/"]}]},{"@type":"ImageObject","inLanguage":"fr-FR","@id":"https:\/\/qingdaohf.com\/product\/6x37-wire-rope\/#primaryimage","url":"https:\/\/qingdaohf.com\/wp-content\/uploads\/2024\/10\/6x37-FC-WIRE-ROPE.webp","contentUrl":"https:\/\/qingdaohf.com\/wp-content\/uploads\/2024\/10\/6x37-FC-WIRE-ROPE.webp","width":744,"height":744,"caption":"6x37 FC WIRE ROPE"},{"@type":"BreadcrumbList","@id":"https:\/\/qingdaohf.com\/product\/6x37-wire-rope\/#breadcrumb","itemListElement":[{"@type":"ListItem","position":1,"name":"Home","item":"https:\/\/qingdaohf.com\/"},{"@type":"ListItem","position":2,"name":"Concrete Forming Accessories and Rigging Hardware","item":"https:\/\/qingdaohf.com\/bg\/?page_id=944"},{"@type":"ListItem","position":3,"name":"6&#215;37 Wire Rope"}]},{"@type":"WebSite","@id":"https:\/\/qingdaohf.com\/bg\/#website","url":"https:\/\/qingdaohf.com\/bg\/","name":"Concrete Form & Rigging Hardware Supplier","description":"","publisher":{"@id":"https:\/\/qingdaohf.com\/bg\/#organization"},"potentialAction":[{"@type":"SearchAction","target":{"@type":"EntryPoint","urlTemplate":"https:\/\/qingdaohf.com\/bg\/?s={search_term_string}"},"query-input":{"@type":"PropertyValueSpecification","valueRequired":true,"valueName":"search_term_string"}}],"inLanguage":"fr-FR"},{"@type":"Organization","@id":"https:\/\/qingdaohf.com\/bg\/#organization","name":"Qingdao H&F","url":"https:\/\/qingdaohf.com\/bg\/","logo":{"@type":"ImageObject","inLanguage":"fr-FR","@id":"https:\/\/qingdaohf.com\/bg\/#\/schema\/logo\/image\/","url":"https:\/\/qingdaohf.com\/wp-content\/uploads\/2022\/12\/cropped-HF-LOGO.png","contentUrl":"https:\/\/qingdaohf.com\/wp-content\/uploads\/2022\/12\/cropped-HF-LOGO.png","width":391,"height":249,"caption":"Qingdao H&F"},"image":{"@id":"https:\/\/qingdaohf.com\/bg\/#\/schema\/logo\/image\/"},"sameAs":["https:\/\/www.facebook.com\/qingdaohf"]}]}},"_links":{"self":[{"href":"https:\/\/qingdaohf.com\/fr\/wp-json\/wp\/v2\/product\/8125","targetHints":{"allow":["GET"]}}],"collection":[{"href":"https:\/\/qingdaohf.com\/fr\/wp-json\/wp\/v2\/product"}],"about":[{"href":"https:\/\/qingdaohf.com\/fr\/wp-json\/wp\/v2\/types\/product"}],"replies":[{"embeddable":true,"href":"https:\/\/qingdaohf.com\/fr\/wp-json\/wp\/v2\/comments?post=8125"}],"version-history":[{"count":4,"href":"https:\/\/qingdaohf.com\/fr\/wp-json\/wp\/v2\/product\/8125\/revisions"}],"predecessor-version":[{"id":8131,"href":"https:\/\/qingdaohf.com\/fr\/wp-json\/wp\/v2\/product\/8125\/revisions\/8131"}],"wp:featuredmedia":[{"embeddable":true,"href":"https:\/\/qingdaohf.com\/fr\/wp-json\/wp\/v2\/media\/8126"}],"wp:attachment":[{"href":"https:\/\/qingdaohf.com\/fr\/wp-json\/wp\/v2\/media?parent=8125"}],"wp:term":[{"taxonomy":"product_brand","embeddable":true,"href":"https:\/\/qingdaohf.com\/fr\/wp-json\/wp\/v2\/product_brand?post=8125"},{"taxonomy":"product_cat","embeddable":true,"href":"https:\/\/qingdaohf.com\/fr\/wp-json\/wp\/v2\/product_cat?post=8125"},{"taxonomy":"product_tag","embeddable":true,"href":"https:\/\/qingdaohf.com\/fr\/wp-json\/wp\/v2\/product_tag?post=8125"}],"curies":[{"name":"wp","href":"https:\/\/api.w.org\/{rel}","templated":true}]}}