{"id":8178,"date":"2024-10-29T16:45:43","date_gmt":"2024-10-29T08:45:43","guid":{"rendered":"http:\/\/qingdaohf.com\/?post_type=product&#038;p=8178"},"modified":"2025-11-13T09:02:54","modified_gmt":"2025-11-13T01:02:54","slug":"studless-anchor-chain","status":"publish","type":"product","link":"https:\/\/qingdaohf.com\/fr\/produit\/chaine-dancrage-sans-clous\/","title":{"rendered":"Cha\u00eene d'ancrage sans clous"},"content":{"rendered":"<h3>Les qualit\u00e9s essentielles des cha\u00eenes d'ancrage sans goujons : Construites pour la force et l'endurance<\/h3>\n<p><img fetchpriority=\"high\" decoding=\"async\" class=\"alignnone size-full wp-image-8169\" src=\"http:\/\/qingdaohf.com\/wp-content\/uploads\/2024\/10\/studless-anchor-chain_2.webp\" alt=\"cha\u00eene d&#039;ancrage sans clous\" width=\"831\" height=\"1087\" srcset=\"https:\/\/qingdaohf.com\/wp-content\/uploads\/2024\/10\/studless-anchor-chain_2.webp 831w, https:\/\/qingdaohf.com\/wp-content\/uploads\/2024\/10\/studless-anchor-chain_2-229x300.webp 229w, https:\/\/qingdaohf.com\/wp-content\/uploads\/2024\/10\/studless-anchor-chain_2-783x1024.webp 783w, https:\/\/qingdaohf.com\/wp-content\/uploads\/2024\/10\/studless-anchor-chain_2-768x1005.webp 768w, https:\/\/qingdaohf.com\/wp-content\/uploads\/2024\/10\/studless-anchor-chain_2-9x12.webp 9w\" sizes=\"(max-width: 831px) 100vw, 831px\" \/><\/p>\n<p>Les cha\u00eenes d'ancrage sans goujons font partie int\u00e9grante de l'industrie maritime, o\u00f9 elles jouent un r\u00f4le essentiel dans l'arrimage des navires dans divers environnements. Leur conception privil\u00e9gie la durabilit\u00e9 et la fonctionnalit\u00e9, ce qui leur permet de r\u00e9sister aux exigences rigoureuses de l'amarrage en haute mer. Les cha\u00eenes sans goujons, contrairement \u00e0 leurs homologues \u00e0 goujons, ont des maillons sans goujons internes, ce qui les rend plus l\u00e9g\u00e8res et souvent plus flexibles. Cette caract\u00e9ristique est particuli\u00e8rement int\u00e9ressante pour les applications o\u00f9 un poids r\u00e9duit et une flexibilit\u00e9 accrue sont souhaitables. Malgr\u00e9 leur l\u00e9g\u00e8ret\u00e9, ces cha\u00eenes restent exceptionnellement solides, chaque maillon \u00e9tant con\u00e7u pour supporter des charges immenses et des forces de tension \u00e9lev\u00e9es, typiques de l'ancrage marin.<\/p>\n<p>La polyvalence des cha\u00eenes sans goujon leur permet de s'adapter \u00e0 diverses utilisations maritimes, de l'amarrage de petits bateaux aux applications industrielles lourdes. Ces cha\u00eenes sont rigoureusement test\u00e9es pour r\u00e9pondre aux normes internationales, car leur fiabilit\u00e9 est primordiale pour garantir la s\u00e9curit\u00e9 des navires et de leur \u00e9quipage. Gr\u00e2ce \u00e0 leur construction, elles offrent \u00e9galement un degr\u00e9 impressionnant de r\u00e9sistance \u00e0 la corrosion et \u00e0 l'usure, ce qui est essentiel dans les environnements salins et autres environnements difficiles. Leur conception r\u00e9duit en outre les risques d'accrochage de la cha\u00eene, car leur construction uniforme minimise les points de faiblesse. Cette qualit\u00e9 a conduit \u00e0 une pr\u00e9f\u00e9rence accrue pour les cha\u00eenes sans goujon parmi les ing\u00e9nieurs maritimes et les op\u00e9rateurs de navires qui recherchent la durabilit\u00e9 et la fiabilit\u00e9 dans des situations de stress \u00e9lev\u00e9.<\/p>\n<h3>Les avantages des cha\u00eenes d'ancrage sans goujons de Qingdao H&amp;F<\/h3>\n<p>Chez Qingdao H&amp;F, nous nous engageons \u00e0 fournir \u00e0 nos clients des cha\u00eenes d'ancrage sans goujon de haute qualit\u00e9 qui r\u00e9pondent \u00e0 des normes strictes en mati\u00e8re de s\u00e9curit\u00e9, de r\u00e9sistance et de durabilit\u00e9. Nos cha\u00eenes sont soumises \u00e0 des tests de qualit\u00e9 rigoureux afin de garantir des performances optimales dans diverses conditions. Le processus comprend un test de charge d'\u00e9preuve, qui est essentiel pour confirmer que chaque cha\u00eene peut supporter la tension maximale attendue pendant l'utilisation. Les acheteurs sont de plus en plus attentifs \u00e0 la charge d'\u00e9preuve, car elle a un impact direct sur la fiabilit\u00e9 de la cha\u00eene, en particulier dans les situations d'amarrage difficiles.<\/p>\n<p>Qingdao H&amp;F se distingue par son engagement en faveur de la satisfaction du client et de la fiabilit\u00e9. Forte de plus de 20 ans d'expertise dans le secteur du commerce interentreprises, notre \u00e9quipe offre un service personnalis\u00e9 adapt\u00e9 aux besoins uniques de chaque client. Nos professionnels exp\u00e9riment\u00e9s guident les clients \u00e0 chaque \u00e9tape du processus d'achat, en veillant \u00e0 ce qu'ils trouvent les sp\u00e9cifications de cha\u00eene id\u00e9ales pour r\u00e9pondre aux exigences de leur projet. Nous comprenons que la rapidit\u00e9 de livraison est cruciale dans ce secteur, c'est pourquoi nous mettons l'accent sur une logistique opportune afin de r\u00e9pondre aux besoins de nos clients en mati\u00e8re de calendrier, sans compromis.<\/p>\n<p>Outre nos solides capacit\u00e9s de livraison, nos produits sont accompagn\u00e9s de rapports d'inspection de la qualit\u00e9 complets. Ces rapports apportent transparence et assurance, aidant les clients \u00e0 prendre des d\u00e9cisions d'achat en connaissance de cause. Le processus d'inspection \u00e9value des facteurs tels que la composition du mat\u00e9riau, la r\u00e9sistance \u00e0 la traction et la r\u00e9sistance \u00e0 la corrosion, qui influencent tous la dur\u00e9e de vie et les performances de la cha\u00eene. En fournissant \u00e0 nos clients des rapports d'inspection d\u00e9taill\u00e9s, nous leur permettons d'investir en toute confiance dans des produits qui r\u00e9pondent \u00e0 leurs exigences.<\/p>\n<h3>Choisir les bonnes sp\u00e9cifications : L'importance du diam\u00e8tre de la cha\u00eene et de la charge d'\u00e9preuve<\/h3>\n<p>Lors de la s\u00e9lection des cha\u00eenes d'ancrage sans goujons, deux sp\u00e9cifications sont particuli\u00e8rement importantes : le diam\u00e8tre et la charge d'\u00e9preuve. Le diam\u00e8tre de chaque maillon de la cha\u00eene, mesur\u00e9 en pouces, affecte \u00e0 la fois le poids de la cha\u00eene et sa capacit\u00e9 de charge. Il est essentiel de choisir le bon diam\u00e8tre, car il influence directement les performances de la cha\u00eene dans les applications d'amarrage. Par exemple, un diam\u00e8tre de 1\/2 pouce peut convenir aux navires l\u00e9gers, tandis que les applications industrielles lourdes peuvent n\u00e9cessiter des cha\u00eenes d'un diam\u00e8tre de 3\/4 pouce ou plus.<\/p>\n<p>La charge d'\u00e9preuve est un autre facteur critique, repr\u00e9sentant la charge maximale que la cha\u00eene peut supporter sans d\u00e9formation permanente. Ce param\u00e8tre est crucial pour les clients, car il offre une mesure claire de la capacit\u00e9 de la cha\u00eene \u00e0 supporter de lourdes charges dans des conditions r\u00e9elles. Chez Qingdao H&amp;F, nous proposons des cha\u00eenes test\u00e9es pour d\u00e9passer les charges d'\u00e9preuve standard de l'industrie, ce qui donne \u00e0 nos clients une confiance accrue dans leurs performances. L'essai de charge d'\u00e9preuve est \u00e9galement une mesure pr\u00e9cieuse de la s\u00e9curit\u00e9 d'une cha\u00eene, car il garantit que la cha\u00eene conservera son int\u00e9grit\u00e9 m\u00eame en cas de contrainte soudaine et intense.<\/p>\n<p>En choisissant une cha\u00eene d'ancrage sans goujon avec un diam\u00e8tre et une charge d'\u00e9preuve appropri\u00e9s, les acheteurs peuvent garantir des performances optimales pour leurs besoins d'amarrage sp\u00e9cifiques. Notre \u00e9quipe \u00e0 Qingdao H&amp;F est \u00e9quip\u00e9e pour guider les clients dans la s\u00e9lection des sp\u00e9cifications id\u00e9ales, en s'appuyant sur notre connaissance approfondie des normes industrielles et des propri\u00e9t\u00e9s des mat\u00e9riaux pour recommander des produits qui s'alignent sur les exigences op\u00e9rationnelles de chaque client.<\/p>\n<h3>Faire confiance \u00e0 un partenaire qui a fait ses preuves : Pourquoi Qingdao H&amp;F est le choix privil\u00e9gi\u00e9<\/h3>\n<p>Pour ceux qui recherchent des cha\u00eenes d'ancrage sans goujons, la fiabilit\u00e9 et l'exp\u00e9rience du fournisseur sont primordiales. Avec deux d\u00e9cennies d'exp\u00e9rience dans le secteur B2B, Qingdao H&amp;F comprend les besoins complexes des clients maritimes et industriels. Notre service client\u00e8le personnalis\u00e9 permet \u00e0 chaque client de b\u00e9n\u00e9ficier d'une assistance personnalis\u00e9e, l'aidant \u00e0 trouver les meilleures solutions pour ses besoins en mati\u00e8re d'amarrage et d'ancrage. En outre, nos protocoles de test rigoureux garantissent que chaque produit respecte ou d\u00e9passe les normes industrielles en mati\u00e8re de qualit\u00e9 et de durabilit\u00e9.<\/p>\n<p>L'engagement en faveur de la qualit\u00e9 ne s'arr\u00eate pas \u00e0 la vente. Qingdao H&amp;F offre un service apr\u00e8s-vente et des r\u00e9ponses rapides aux questions des clients, ce qui am\u00e9liore encore l'exp\u00e9rience de ces derniers. Nous sommes fiers de notre capacit\u00e9 \u00e0 \u00e9tablir des relations \u00e0 long terme, en fournissant une source fiable de cha\u00eenes d'ancrage sans goujons de haute qualit\u00e9 sur laquelle les clients peuvent compter. Gr\u00e2ce \u00e0 notre processus transparent d'inspection de la qualit\u00e9 et \u00e0 notre engagement \u00e0 livrer rapidement, nous avons acquis une r\u00e9putation d'excellence au sein de l'industrie.<\/p>\n<p>En choisissant Qingdao H&amp;F, les clients b\u00e9n\u00e9ficient non seulement d'une qualit\u00e9 de produit sup\u00e9rieure, mais aussi de l'assurance que procurent nos rapports d'inspection complets et nos conseils d'experts. En regardant vers l'avenir, notre objectif reste d'aider nos clients \u00e0 r\u00e9ussir en leur fournissant des cha\u00eenes d'ancrage sans goujons de haute qualit\u00e9 qui offrent \u00e0 la fois performance et tranquillit\u00e9 d'esprit.<\/p>","protected":false},"excerpt":{"rendered":"<p>Les cha\u00eenes d'ancrage sans goujons constituent un choix fiable pour l'amarrage et l'ancrage \u00e0 usage intensif. Elles sont connues pour leur structure robuste et leur r\u00e9sistance \u00e0 l'usure dans des conditions marines exigeantes. Les acheteurs se concentrent g\u00e9n\u00e9ralement sur des facteurs tels que la durabilit\u00e9, la charge d'\u00e9preuve et la capacit\u00e9 de la cha\u00eene \u00e0 r\u00e9sister \u00e0 des conditions de stress \u00e9lev\u00e9 au fil du temps. En tant qu'entreprise commerciale B2B forte de 20 ans d'expertise, Qingdao H&amp;F est fi\u00e8re d'offrir des prix comp\u00e9titifs, un cycle de livraison rapide et des rapports d'inspection de la qualit\u00e9 complets. Notre service client personnalis\u00e9 garantit une exp\u00e9rience d'achat sur mesure, ce qui fait de nous un partenaire de confiance pour la fourniture de cha\u00eenes d'ancrage sans goujons de haute qualit\u00e9 qui r\u00e9pondent aux normes rigoureuses de l'industrie.<\/p>","protected":false},"featured_media":8171,"comment_status":"open","ping_status":"closed","template":"","meta":{"site-sidebar-layout":"default","site-content-layout":"","ast-site-content-layout":"default","site-content-style":"default","site-sidebar-style":"default","ast-global-header-display":"","ast-banner-title-visibility":"","ast-main-header-display":"","ast-hfb-above-header-display":"","ast-hfb-below-header-display":"","ast-hfb-mobile-header-display":"","site-post-title":"","ast-breadcrumbs-content":"","ast-featured-img":"","footer-sml-layout":"","theme-transparent-header-meta":"default","adv-header-id-meta":"","stick-header-meta":"default","header-above-stick-meta":"","header-main-stick-meta":"","header-below-stick-meta":"","astra-migrate-meta-layouts":"set","ast-page-background-enabled":"default","ast-page-background-meta":{"desktop":{"background-color":"","background-image":"","background-repeat":"repeat","background-position":"center center","background-size":"auto","background-attachment":"scroll","background-type":"","background-media":"","overlay-type":"","overlay-color":"","overlay-opacity":"","overlay-gradient":""},"tablet":{"background-color":"","background-image":"","background-repeat":"repeat","background-position":"center center","background-size":"auto","background-attachment":"scroll","background-type":"","background-media":"","overlay-type":"","overlay-color":"","overlay-opacity":"","overlay-gradient":""},"mobile":{"background-color":"","background-image":"","background-repeat":"repeat","background-position":"center center","background-size":"auto","background-attachment":"scroll","background-type":"","background-media":"","overlay-type":"","overlay-color":"","overlay-opacity":"","overlay-gradient":""}},"ast-content-background-meta":{"desktop":{"background-color":"var(--ast-global-color-5)","background-image":"","background-repeat":"repeat","background-position":"center center","background-size":"auto","background-attachment":"scroll","background-type":"","background-media":"","overlay-type":"","overlay-color":"","overlay-opacity":"","overlay-gradient":""},"tablet":{"background-color":"var(--ast-global-color-5)","background-image":"","background-repeat":"repeat","background-position":"center center","background-size":"auto","background-attachment":"scroll","background-type":"","background-media":"","overlay-type":"","overlay-color":"","overlay-opacity":"","overlay-gradient":""},"mobile":{"background-color":"var(--ast-global-color-5)","background-image":"","background-repeat":"repeat","background-position":"center center","background-size":"auto","background-attachment":"scroll","background-type":"","background-media":"","overlay-type":"","overlay-color":"","overlay-opacity":"","overlay-gradient":""}}},"product_brand":[],"product_cat":[38],"product_tag":[],"class_list":{"0":"post-8178","1":"product","2":"type-product","3":"status-publish","4":"has-post-thumbnail","6":"product_cat-chain","7":"desktop-align-left","8":"tablet-align-left","9":"mobile-align-left","10":"ast-product-gallery-layout-horizontal-slider","11":"ast-product-tabs-layout-horizontal","13":"first","14":"instock","15":"shipping-taxable","16":"purchasable","17":"product-type-simple"},"yoast_head":"<!-- This site is optimized with the Yoast SEO plugin v25.2 - https:\/\/yoast.com\/wordpress\/plugins\/seo\/ -->\n<title>Studless Anchor Chain<\/title>\n<meta name=\"description\" content=\"Studless anchor chains are a dependable choice for heavy-duty mooring and anchoring, known for their robust structure and resistance to wear in demanding marine conditions.\" \/>\n<meta name=\"robots\" content=\"index, follow, max-snippet:-1, max-image-preview:large, max-video-preview:-1\" \/>\n<link rel=\"canonical\" href=\"https:\/\/qingdaohf.com\/fr\/produit\/chaine-dancrage-sans-clous\/\" \/>\n<meta property=\"og:locale\" content=\"fr_FR\" \/>\n<meta property=\"og:type\" content=\"article\" \/>\n<meta property=\"og:title\" content=\"Studless Anchor Chain\" \/>\n<meta property=\"og:description\" content=\"Studless anchor chains are a dependable choice for heavy-duty mooring and anchoring, known for their robust structure and resistance to wear in demanding marine conditions.\" \/>\n<meta property=\"og:url\" content=\"https:\/\/qingdaohf.com\/fr\/produit\/chaine-dancrage-sans-clous\/\" \/>\n<meta property=\"og:site_name\" content=\"Concrete Form &amp; Rigging Hardware Supplier\" \/>\n<meta property=\"article:publisher\" content=\"https:\/\/www.facebook.com\/qingdaohf\" \/>\n<meta property=\"article:modified_time\" content=\"2025-11-13T01:02:54+00:00\" \/>\n<meta property=\"og:image\" content=\"https:\/\/qingdaohf.com\/wp-content\/uploads\/2024\/10\/marine-studless-chain_\u526f\u672c.jpg\" \/>\n\t<meta property=\"og:image:width\" content=\"1000\" \/>\n\t<meta property=\"og:image:height\" content=\"1000\" \/>\n\t<meta property=\"og:image:type\" content=\"image\/jpeg\" \/>\n<meta name=\"twitter:card\" content=\"summary_large_image\" \/>\n<meta name=\"twitter:label1\" content=\"Dur\u00e9e de lecture estim\u00e9e\" \/>\n\t<meta name=\"twitter:data1\" content=\"5 minutes\" \/>\n<script type=\"application\/ld+json\" class=\"yoast-schema-graph\">{\"@context\":\"https:\/\/schema.org\",\"@graph\":[{\"@type\":\"WebPage\",\"@id\":\"https:\/\/qingdaohf.com\/product\/studless-anchor-chain\/\",\"url\":\"https:\/\/qingdaohf.com\/product\/studless-anchor-chain\/\",\"name\":\"Studless Anchor Chain\",\"isPartOf\":{\"@id\":\"https:\/\/qingdaohf.com\/bg\/#website\"},\"primaryImageOfPage\":{\"@id\":\"https:\/\/qingdaohf.com\/product\/studless-anchor-chain\/#primaryimage\"},\"image\":{\"@id\":\"https:\/\/qingdaohf.com\/product\/studless-anchor-chain\/#primaryimage\"},\"thumbnailUrl\":\"https:\/\/qingdaohf.com\/wp-content\/uploads\/2024\/10\/marine-studless-chain_\u526f\u672c.jpg\",\"datePublished\":\"2024-10-29T08:45:43+00:00\",\"dateModified\":\"2025-11-13T01:02:54+00:00\",\"description\":\"Studless anchor chains are a dependable choice for heavy-duty mooring and anchoring, known for their robust structure and resistance to wear in demanding marine conditions.\",\"breadcrumb\":{\"@id\":\"https:\/\/qingdaohf.com\/product\/studless-anchor-chain\/#breadcrumb\"},\"inLanguage\":\"fr-FR\",\"potentialAction\":[{\"@type\":\"ReadAction\",\"target\":[\"https:\/\/qingdaohf.com\/product\/studless-anchor-chain\/\"]}]},{\"@type\":\"ImageObject\",\"inLanguage\":\"fr-FR\",\"@id\":\"https:\/\/qingdaohf.com\/product\/studless-anchor-chain\/#primaryimage\",\"url\":\"https:\/\/qingdaohf.com\/wp-content\/uploads\/2024\/10\/marine-studless-chain_\u526f\u672c.jpg\",\"contentUrl\":\"https:\/\/qingdaohf.com\/wp-content\/uploads\/2024\/10\/marine-studless-chain_\u526f\u672c.jpg\",\"width\":1000,\"height\":1000,\"caption\":\"studless chain\"},{\"@type\":\"BreadcrumbList\",\"@id\":\"https:\/\/qingdaohf.com\/product\/studless-anchor-chain\/#breadcrumb\",\"itemListElement\":[{\"@type\":\"ListItem\",\"position\":1,\"name\":\"Home\",\"item\":\"https:\/\/qingdaohf.com\/\"},{\"@type\":\"ListItem\",\"position\":2,\"name\":\"Concrete Forming Accessories and Rigging Hardware\",\"item\":\"https:\/\/qingdaohf.com\/bg\/?page_id=944\"},{\"@type\":\"ListItem\",\"position\":3,\"name\":\"Studless Anchor Chain\"}]},{\"@type\":\"WebSite\",\"@id\":\"https:\/\/qingdaohf.com\/bg\/#website\",\"url\":\"https:\/\/qingdaohf.com\/bg\/\",\"name\":\"Concrete Form & Rigging Hardware Supplier\",\"description\":\"\",\"publisher\":{\"@id\":\"https:\/\/qingdaohf.com\/bg\/#organization\"},\"potentialAction\":[{\"@type\":\"SearchAction\",\"target\":{\"@type\":\"EntryPoint\",\"urlTemplate\":\"https:\/\/qingdaohf.com\/bg\/?s={search_term_string}\"},\"query-input\":{\"@type\":\"PropertyValueSpecification\",\"valueRequired\":true,\"valueName\":\"search_term_string\"}}],\"inLanguage\":\"fr-FR\"},{\"@type\":\"Organization\",\"@id\":\"https:\/\/qingdaohf.com\/bg\/#organization\",\"name\":\"Qingdao H&F\",\"url\":\"https:\/\/qingdaohf.com\/bg\/\",\"logo\":{\"@type\":\"ImageObject\",\"inLanguage\":\"fr-FR\",\"@id\":\"https:\/\/qingdaohf.com\/bg\/#\/schema\/logo\/image\/\",\"url\":\"https:\/\/qingdaohf.com\/wp-content\/uploads\/2022\/12\/cropped-HF-LOGO.png\",\"contentUrl\":\"https:\/\/qingdaohf.com\/wp-content\/uploads\/2022\/12\/cropped-HF-LOGO.png\",\"width\":391,\"height\":249,\"caption\":\"Qingdao H&F\"},\"image\":{\"@id\":\"https:\/\/qingdaohf.com\/bg\/#\/schema\/logo\/image\/\"},\"sameAs\":[\"https:\/\/www.facebook.com\/qingdaohf\"]}]}<\/script>\n<!-- \/ Yoast SEO plugin. -->","yoast_head_json":{"title":"Studless Anchor Chain","description":"Studless anchor chains are a dependable choice for heavy-duty mooring and anchoring, known for their robust structure and resistance to wear in demanding marine conditions.","robots":{"index":"index","follow":"follow","max-snippet":"max-snippet:-1","max-image-preview":"max-image-preview:large","max-video-preview":"max-video-preview:-1"},"canonical":"https:\/\/qingdaohf.com\/fr\/produit\/chaine-dancrage-sans-clous\/","og_locale":"fr_FR","og_type":"article","og_title":"Studless Anchor Chain","og_description":"Studless anchor chains are a dependable choice for heavy-duty mooring and anchoring, known for their robust structure and resistance to wear in demanding marine conditions.","og_url":"https:\/\/qingdaohf.com\/fr\/produit\/chaine-dancrage-sans-clous\/","og_site_name":"Concrete Form &amp; Rigging Hardware Supplier","article_publisher":"https:\/\/www.facebook.com\/qingdaohf","article_modified_time":"2025-11-13T01:02:54+00:00","og_image":[{"width":1000,"height":1000,"url":"https:\/\/qingdaohf.com\/wp-content\/uploads\/2024\/10\/marine-studless-chain_\u526f\u672c.jpg","type":"image\/jpeg"}],"twitter_card":"summary_large_image","twitter_misc":{"Dur\u00e9e de lecture estim\u00e9e":"5 minutes"},"schema":{"@context":"https:\/\/schema.org","@graph":[{"@type":"WebPage","@id":"https:\/\/qingdaohf.com\/product\/studless-anchor-chain\/","url":"https:\/\/qingdaohf.com\/product\/studless-anchor-chain\/","name":"Studless Anchor Chain","isPartOf":{"@id":"https:\/\/qingdaohf.com\/bg\/#website"},"primaryImageOfPage":{"@id":"https:\/\/qingdaohf.com\/product\/studless-anchor-chain\/#primaryimage"},"image":{"@id":"https:\/\/qingdaohf.com\/product\/studless-anchor-chain\/#primaryimage"},"thumbnailUrl":"https:\/\/qingdaohf.com\/wp-content\/uploads\/2024\/10\/marine-studless-chain_\u526f\u672c.jpg","datePublished":"2024-10-29T08:45:43+00:00","dateModified":"2025-11-13T01:02:54+00:00","description":"Studless anchor chains are a dependable choice for heavy-duty mooring and anchoring, known for their robust structure and resistance to wear in demanding marine conditions.","breadcrumb":{"@id":"https:\/\/qingdaohf.com\/product\/studless-anchor-chain\/#breadcrumb"},"inLanguage":"fr-FR","potentialAction":[{"@type":"ReadAction","target":["https:\/\/qingdaohf.com\/product\/studless-anchor-chain\/"]}]},{"@type":"ImageObject","inLanguage":"fr-FR","@id":"https:\/\/qingdaohf.com\/product\/studless-anchor-chain\/#primaryimage","url":"https:\/\/qingdaohf.com\/wp-content\/uploads\/2024\/10\/marine-studless-chain_\u526f\u672c.jpg","contentUrl":"https:\/\/qingdaohf.com\/wp-content\/uploads\/2024\/10\/marine-studless-chain_\u526f\u672c.jpg","width":1000,"height":1000,"caption":"studless chain"},{"@type":"BreadcrumbList","@id":"https:\/\/qingdaohf.com\/product\/studless-anchor-chain\/#breadcrumb","itemListElement":[{"@type":"ListItem","position":1,"name":"Home","item":"https:\/\/qingdaohf.com\/"},{"@type":"ListItem","position":2,"name":"Concrete Forming Accessories and Rigging Hardware","item":"https:\/\/qingdaohf.com\/bg\/?page_id=944"},{"@type":"ListItem","position":3,"name":"Studless Anchor Chain"}]},{"@type":"WebSite","@id":"https:\/\/qingdaohf.com\/bg\/#website","url":"https:\/\/qingdaohf.com\/bg\/","name":"Concrete Form & Rigging Hardware Supplier","description":"","publisher":{"@id":"https:\/\/qingdaohf.com\/bg\/#organization"},"potentialAction":[{"@type":"SearchAction","target":{"@type":"EntryPoint","urlTemplate":"https:\/\/qingdaohf.com\/bg\/?s={search_term_string}"},"query-input":{"@type":"PropertyValueSpecification","valueRequired":true,"valueName":"search_term_string"}}],"inLanguage":"fr-FR"},{"@type":"Organization","@id":"https:\/\/qingdaohf.com\/bg\/#organization","name":"Qingdao H&F","url":"https:\/\/qingdaohf.com\/bg\/","logo":{"@type":"ImageObject","inLanguage":"fr-FR","@id":"https:\/\/qingdaohf.com\/bg\/#\/schema\/logo\/image\/","url":"https:\/\/qingdaohf.com\/wp-content\/uploads\/2022\/12\/cropped-HF-LOGO.png","contentUrl":"https:\/\/qingdaohf.com\/wp-content\/uploads\/2022\/12\/cropped-HF-LOGO.png","width":391,"height":249,"caption":"Qingdao H&F"},"image":{"@id":"https:\/\/qingdaohf.com\/bg\/#\/schema\/logo\/image\/"},"sameAs":["https:\/\/www.facebook.com\/qingdaohf"]}]}},"_links":{"self":[{"href":"https:\/\/qingdaohf.com\/fr\/wp-json\/wp\/v2\/product\/8178","targetHints":{"allow":["GET"]}}],"collection":[{"href":"https:\/\/qingdaohf.com\/fr\/wp-json\/wp\/v2\/product"}],"about":[{"href":"https:\/\/qingdaohf.com\/fr\/wp-json\/wp\/v2\/types\/product"}],"replies":[{"embeddable":true,"href":"https:\/\/qingdaohf.com\/fr\/wp-json\/wp\/v2\/comments?post=8178"}],"version-history":[{"count":1,"href":"https:\/\/qingdaohf.com\/fr\/wp-json\/wp\/v2\/product\/8178\/revisions"}],"predecessor-version":[{"id":8180,"href":"https:\/\/qingdaohf.com\/fr\/wp-json\/wp\/v2\/product\/8178\/revisions\/8180"}],"wp:featuredmedia":[{"embeddable":true,"href":"https:\/\/qingdaohf.com\/fr\/wp-json\/wp\/v2\/media\/8171"}],"wp:attachment":[{"href":"https:\/\/qingdaohf.com\/fr\/wp-json\/wp\/v2\/media?parent=8178"}],"wp:term":[{"taxonomy":"product_brand","embeddable":true,"href":"https:\/\/qingdaohf.com\/fr\/wp-json\/wp\/v2\/product_brand?post=8178"},{"taxonomy":"product_cat","embeddable":true,"href":"https:\/\/qingdaohf.com\/fr\/wp-json\/wp\/v2\/product_cat?post=8178"},{"taxonomy":"product_tag","embeddable":true,"href":"https:\/\/qingdaohf.com\/fr\/wp-json\/wp\/v2\/product_tag?post=8178"}],"curies":[{"name":"wp","href":"https:\/\/api.w.org\/{rel}","templated":true}]}}