{"id":8181,"date":"2024-10-29T16:52:37","date_gmt":"2024-10-29T08:52:37","guid":{"rendered":"http:\/\/qingdaohf.com\/?post_type=product&#038;p=8181"},"modified":"2025-11-13T09:02:54","modified_gmt":"2025-11-13T01:02:54","slug":"stud-link-chain","status":"publish","type":"product","link":"https:\/\/qingdaohf.com\/fr\/produit\/chaine-a-maillons-a-clous\/","title":{"rendered":"Cha\u00eene d'ancrage \u00e0 maillons clout\u00e9s"},"content":{"rendered":"<p><img fetchpriority=\"high\" decoding=\"async\" class=\"alignnone size-full wp-image-8170\" src=\"http:\/\/qingdaohf.com\/wp-content\/uploads\/2024\/10\/stud-link-anchor-chain_2.webp\" alt=\"cha\u00eene d&#039;ancrage \u00e0 maillons en acier\" width=\"842\" height=\"1091\" srcset=\"https:\/\/qingdaohf.com\/wp-content\/uploads\/2024\/10\/stud-link-anchor-chain_2.webp 842w, https:\/\/qingdaohf.com\/wp-content\/uploads\/2024\/10\/stud-link-anchor-chain_2-232x300.webp 232w, https:\/\/qingdaohf.com\/wp-content\/uploads\/2024\/10\/stud-link-anchor-chain_2-790x1024.webp 790w, https:\/\/qingdaohf.com\/wp-content\/uploads\/2024\/10\/stud-link-anchor-chain_2-768x995.webp 768w, https:\/\/qingdaohf.com\/wp-content\/uploads\/2024\/10\/stud-link-anchor-chain_2-9x12.webp 9w\" sizes=\"(max-width: 842px) 100vw, 842px\" \/><\/p>\n<p>Dans les environnements industriels, maritimes et offshore, les cha\u00eenes \u00e0 maillons crampons sont r\u00e9put\u00e9es pour leur durabilit\u00e9 et leur capacit\u00e9 de charge, ce qui les rend id\u00e9ales pour l'ancrage, l'amarrage et diverses applications de levage de charges lourdes. Ces cha\u00eenes sont constitu\u00e9es de maillons interconnect\u00e9s avec des goujons plac\u00e9s \u00e0 l'int\u00e9rieur de chaque maillon, ce qui ajoute une stabilit\u00e9 structurelle qui aide \u00e0 pr\u00e9venir la d\u00e9formation sous une contrainte importante. Lors de la s\u00e9lection d'une cha\u00eene, les acheteurs doivent se concentrer sur des sp\u00e9cifications telles que le diam\u00e8tre, la charge d'\u00e9preuve et la qualit\u00e9 g\u00e9n\u00e9rale du mat\u00e9riau, car ces facteurs ont un impact direct sur la s\u00e9curit\u00e9 et les performances.<\/p>\n<p>L'importance de la s\u00e9lection de la bonne cha\u00eene \u00e0 maillons serr\u00e9s va au-del\u00e0 de l'application g\u00e9n\u00e9rale ; les sp\u00e9cifications de chaque cha\u00eene doivent correspondre aux exigences de l'industrie et aux conditions de charge pr\u00e9vues. Par exemple, le diam\u00e8tre des maillons de la cha\u00eene, g\u00e9n\u00e9ralement disponible en pouces, joue un r\u00f4le crucial dans la d\u00e9termination de la r\u00e9sistance de la cha\u00eene et de son ad\u00e9quation aux diff\u00e9rentes utilisations. Les cha\u00eenes conformes aux normes internationales, telles que la norme ISO 1704 et les r\u00e9glementations de l'IACS, offrent aux acheteurs l'assurance que ces produits ont \u00e9t\u00e9 rigoureusement test\u00e9s en termes de qualit\u00e9 et de r\u00e9sistance. \u00c0 Qingdao H&amp;F, nous sommes conscients de la n\u00e9cessit\u00e9 de disposer de produits performants et d'un service fiable. C'est pourquoi nous accompagnons chaque cha\u00eene de rapports d'inspection de la qualit\u00e9 d\u00e9taill\u00e9s, notamment sur la charge d'\u00e9preuve, la charge de rupture et la composition des mat\u00e9riaux. En mettant l'accent sur la s\u00e9curit\u00e9 et l'efficacit\u00e9, nos cha\u00eenes \u00e0 maillons crampons apportent la confiance n\u00e9cessaire \u00e0 la s\u00e9curit\u00e9 op\u00e9rationnelle dans les environnements difficiles.<\/p>\n<h3><strong>R\u00e9sistance et durabilit\u00e9 des cha\u00eenes \u00e0 goujons<\/strong><\/h3>\n<p>Les cha\u00eenes \u00e0 maillons crampons sont fabriqu\u00e9es en acier de haute qualit\u00e9, ce qui leur conf\u00e8re une r\u00e9sistance exceptionnelle \u00e0 la traction et \u00e0 la corrosion, deux caract\u00e9ristiques essentielles pour les applications maritimes et industrielles lourdes. Le goujon pr\u00e9sent dans chaque maillon emp\u00eache la cha\u00eene de se d\u00e9former en maintenant sa forme g\u00e9n\u00e9rale, m\u00eame sous le poids de lourdes charges. Cette caract\u00e9ristique de conception permet \u00e9galement d'att\u00e9nuer les contraintes de flexion, un probl\u00e8me courant dans les applications soumises \u00e0 de fortes contraintes, prolongeant ainsi la dur\u00e9e de vie de la cha\u00eene.<\/p>\n<p>Chaque maillon est soigneusement construit pour supporter des charges sans c\u00e9der \u00e0 la d\u00e9formation ou \u00e0 la fatigue, ce qui rend les cha\u00eenes \u00e0 maillons \u00e9pingl\u00e9s particuli\u00e8rement pr\u00e9cieuses dans les applications offshore o\u00f9 la stabilit\u00e9 et la r\u00e9sistance sont cruciales. Les cha\u00eenes de plus grand diam\u00e8tre offrent des charges d'\u00e9preuve plus importantes, ce qui signifie qu'elles peuvent supporter un poids important sans c\u00e9der, ce qui les rend id\u00e9ales pour les syst\u00e8mes d'amarrage et les cha\u00eenes d'ancrage.<\/p>\n<p>Chez Qingdao H&amp;F, notre engagement en faveur de la qualit\u00e9 comprend un processus d'essai rigoureux au cours duquel les cha\u00eenes sont soumises \u00e0 des tests de charge et de r\u00e9sistance \u00e0 la traction avant d'\u00eatre exp\u00e9di\u00e9es. Cette pratique garantit que chaque produit r\u00e9pond aux exigences et r\u00e9siste aux conditions difficiles d'une utilisation industrielle. Notre service client\u00e8le personnalis\u00e9 permet \u00e9galement aux acheteurs de b\u00e9n\u00e9ficier de conseils d'experts sur le choix de la taille et des sp\u00e9cifications de la cha\u00eene en fonction de leurs besoins sp\u00e9cifiques, ce qui garantit que chaque achat est effectu\u00e9 en toute connaissance de cause.<\/p>\n<h3><strong>Applications et consid\u00e9rations de l'acheteur pour les cha\u00eenes \u00e0 goujon<\/strong><\/h3>\n<p>Les cha\u00eenes \u00e0 maillons d'ancrage sont le plus souvent utilis\u00e9es dans les applications maritimes, en particulier comme cha\u00eenes d'ancrage et d'amarrage, en raison de leur capacit\u00e9 \u00e0 r\u00e9sister \u00e0 une exposition prolong\u00e9e \u00e0 l'eau de mer et \u00e0 une manipulation brutale. Outre les utilisations maritimes, ces cha\u00eenes trouvent \u00e9galement des applications dans la construction, l'exploitation mini\u00e8re et les machines industrielles, o\u00f9 de lourdes charges doivent \u00eatre s\u00e9curis\u00e9es et g\u00e9r\u00e9es avec la plus grande fiabilit\u00e9. Cependant, le choix du diam\u00e8tre de la cha\u00eene, de la conception des goujons et des mat\u00e9riaux devient crucial pour r\u00e9pondre aux demandes sp\u00e9cifiques de chaque industrie.<\/p>\n<p>Lorsqu'ils choisissent des cha\u00eenes \u00e0 maillons d'attache, les acheteurs accordent la priorit\u00e9 \u00e0 plusieurs caract\u00e9ristiques li\u00e9es aux performances. Tout d'abord, la r\u00e9sistance du mat\u00e9riau : l'acier \u00e0 haute r\u00e9sistance \u00e0 la traction offre la durabilit\u00e9 n\u00e9cessaire aux applications marines, tandis que l'acier alli\u00e9 peut \u00eatre pr\u00e9f\u00e9r\u00e9 pour son meilleur rapport r\u00e9sistance\/poids dans la construction. Ensuite, la r\u00e9sistance \u00e0 la corrosion devient essentielle dans les environnements d'eau sal\u00e9e, car tout compromis sur la qualit\u00e9 du mat\u00e9riau peut entra\u00eener une d\u00e9gradation pr\u00e9coce de la cha\u00eene et des risques pour la s\u00e9curit\u00e9. Les acheteurs doivent \u00e9galement tenir compte de la charge nominale de la cha\u00eene pour s'assurer qu'elle peut supporter les charges de poids sp\u00e9cifiques attendues dans leurs op\u00e9rations.<\/p>\n<p>\u00c0 Qingdao H&amp;F, nos cycles de livraison rapides permettent aux entreprises de maintenir des op\u00e9rations ininterrompues sans temps d'arr\u00eat excessif. En outre, nous proposons des rapports d'inspection d\u00e9taill\u00e9s, ce qui permet \u00e0 nos clients d'avoir une vision claire des param\u00e8tres de qualit\u00e9 de chaque cha\u00eene avant l'exp\u00e9dition. Gr\u00e2ce \u00e0 ce niveau de transparence, les acheteurs peuvent \u00eatre s\u00fbrs que nos cha\u00eenes r\u00e9pondent non seulement aux normes de l'industrie, mais aussi aux exigences uniques de chaque application, qu'il s'agisse de plates-formes offshore, de levage industriel ou d'op\u00e9rations portuaires.<\/p>\n<h3><strong>Conclusion : Pourquoi choisir les cha\u00eenes \u00e0 maillons en acier de Qingdao H&amp;F ?<\/strong><\/h3>\n<p>Le choix d'une cha\u00eene \u00e0 maillons \u00e0 crampons est une d\u00e9cision fond\u00e9e sur la s\u00e9curit\u00e9 et la fonctionnalit\u00e9, car ces cha\u00eenes doivent r\u00e9sister \u00e0 des charges extr\u00eames et \u00e0 des environnements difficiles. Chez Qingdao H&amp;F, nous allons au-del\u00e0 de la simple fourniture de cha\u00eenes de haute qualit\u00e9 en offrant un service complet comprenant des conseils d'experts, une livraison rapide et la transparence du produit gr\u00e2ce \u00e0 des rapports d'inspection. Chacune de nos cha\u00eenes r\u00e9pond \u00e0 des normes de test rigoureuses, ce qui garantit \u00e0 nos acheteurs la qualit\u00e9 et la durabilit\u00e9 de chaque achat.<\/p>\n<p>Notre engagement en faveur d'un service client personnalis\u00e9 signifie que nous assistons les clients \u00e0 chaque \u00e9tape, de la s\u00e9lection des produits aux demandes de renseignements apr\u00e8s-vente, afin de garantir la meilleure exp\u00e9rience d'achat possible. Qu'elles soient utilis\u00e9es dans le domaine maritime, pour le levage industriel ou dans d'autres environnements \u00e0 forte charge, les cha\u00eenes \u00e0 maillons crampons de Qingdao H&amp;F offrent non seulement la qualit\u00e9, mais aussi la fiabilit\u00e9 et l'assistance dont toute entreprise a besoin pour r\u00e9ussir.<\/p>","protected":false},"excerpt":{"rendered":"<p>Une cha\u00eene \u00e0 maillons crampons offre une r\u00e9sistance et une stabilit\u00e9 robustes, id\u00e9ales pour les applications lourdes o\u00f9 la durabilit\u00e9 et la fiabilit\u00e9 sont primordiales. Les acheteurs accordent souvent la priorit\u00e9 \u00e0 des facteurs tels que la qualit\u00e9 du mat\u00e9riau, la capacit\u00e9 de charge et la r\u00e9sistance aux environnements difficiles lorsqu'ils choisissent une cha\u00eene \u00e0 maillons \u00e0 goujons. Chez Qingdao H&amp;F, nous donnons la priorit\u00e9 \u00e0 ces besoins en nous assurant que chaque cha\u00eene r\u00e9pond \u00e0 des normes de qualit\u00e9 strictes et en fournissant des rapports d'inspection d\u00e9taill\u00e9s, y compris des donn\u00e9es sur la charge d'\u00e9preuve et la r\u00e9sistance \u00e0 la traction. Gr\u00e2ce \u00e0 notre service client\u00e8le personnalis\u00e9 et \u00e0 notre cycle de livraison efficace, nous fournissons non seulement des produits, mais aussi des solutions fiables qui permettent des op\u00e9rations plus fluides et plus s\u00fbres pour votre entreprise.<\/p>","protected":false},"featured_media":4678,"comment_status":"open","ping_status":"closed","template":"","meta":{"site-sidebar-layout":"default","site-content-layout":"","ast-site-content-layout":"default","site-content-style":"default","site-sidebar-style":"default","ast-global-header-display":"","ast-banner-title-visibility":"","ast-main-header-display":"","ast-hfb-above-header-display":"","ast-hfb-below-header-display":"","ast-hfb-mobile-header-display":"","site-post-title":"","ast-breadcrumbs-content":"","ast-featured-img":"","footer-sml-layout":"","theme-transparent-header-meta":"default","adv-header-id-meta":"","stick-header-meta":"default","header-above-stick-meta":"","header-main-stick-meta":"","header-below-stick-meta":"","astra-migrate-meta-layouts":"set","ast-page-background-enabled":"default","ast-page-background-meta":{"desktop":{"background-color":"","background-image":"","background-repeat":"repeat","background-position":"center center","background-size":"auto","background-attachment":"scroll","background-type":"","background-media":"","overlay-type":"","overlay-color":"","overlay-opacity":"","overlay-gradient":""},"tablet":{"background-color":"","background-image":"","background-repeat":"repeat","background-position":"center center","background-size":"auto","background-attachment":"scroll","background-type":"","background-media":"","overlay-type":"","overlay-color":"","overlay-opacity":"","overlay-gradient":""},"mobile":{"background-color":"","background-image":"","background-repeat":"repeat","background-position":"center center","background-size":"auto","background-attachment":"scroll","background-type":"","background-media":"","overlay-type":"","overlay-color":"","overlay-opacity":"","overlay-gradient":""}},"ast-content-background-meta":{"desktop":{"background-color":"var(--ast-global-color-5)","background-image":"","background-repeat":"repeat","background-position":"center center","background-size":"auto","background-attachment":"scroll","background-type":"","background-media":"","overlay-type":"","overlay-color":"","overlay-opacity":"","overlay-gradient":""},"tablet":{"background-color":"var(--ast-global-color-5)","background-image":"","background-repeat":"repeat","background-position":"center center","background-size":"auto","background-attachment":"scroll","background-type":"","background-media":"","overlay-type":"","overlay-color":"","overlay-opacity":"","overlay-gradient":""},"mobile":{"background-color":"var(--ast-global-color-5)","background-image":"","background-repeat":"repeat","background-position":"center center","background-size":"auto","background-attachment":"scroll","background-type":"","background-media":"","overlay-type":"","overlay-color":"","overlay-opacity":"","overlay-gradient":""}}},"product_brand":[],"product_cat":[38],"product_tag":[],"class_list":{"0":"post-8181","1":"product","2":"type-product","3":"status-publish","4":"has-post-thumbnail","6":"product_cat-chain","7":"desktop-align-left","8":"tablet-align-left","9":"mobile-align-left","10":"ast-product-gallery-layout-horizontal-slider","11":"ast-product-tabs-layout-horizontal","13":"first","14":"instock","15":"shipping-taxable","16":"purchasable","17":"product-type-simple"},"yoast_head":"<!-- This site is optimized with the Yoast SEO plugin v25.2 - https:\/\/yoast.com\/wordpress\/plugins\/seo\/ -->\n<title>Stud Link Anchor Chain<\/title>\n<meta name=\"robots\" content=\"index, follow, max-snippet:-1, max-image-preview:large, max-video-preview:-1\" \/>\n<link rel=\"canonical\" href=\"https:\/\/qingdaohf.com\/fr\/produit\/chaine-a-maillons-a-clous\/\" \/>\n<meta property=\"og:locale\" content=\"fr_FR\" \/>\n<meta property=\"og:type\" content=\"article\" \/>\n<meta property=\"og:title\" content=\"Stud Link Anchor Chain\" \/>\n<meta property=\"og:description\" content=\"A Stud Link Chain offers robust strength and stability, ideal for heavy-duty applications where durability and reliability are paramount. Buyers often prioritize factors like material quality, load-bearing capacity, and resistance to harsh environments when selecting a Stud Link Chain. At Qingdao H&amp;F, we prioritize these needs by ensuring every chain meets stringent quality standards and providing detailed inspection reports, including proof load and tensile strength data. With our one-on-one customer service approach and efficient delivery cycle, we deliver not just products but reliable solutions that enable smoother, safer operations for your business.\" \/>\n<meta property=\"og:url\" content=\"https:\/\/qingdaohf.com\/fr\/produit\/chaine-a-maillons-a-clous\/\" \/>\n<meta property=\"og:site_name\" content=\"Concrete Form &amp; Rigging Hardware Supplier\" \/>\n<meta property=\"article:publisher\" content=\"https:\/\/www.facebook.com\/qingdaohf\" \/>\n<meta property=\"article:modified_time\" content=\"2025-11-13T01:02:54+00:00\" \/>\n<meta property=\"og:image\" content=\"https:\/\/qingdaohf.com\/wp-content\/uploads\/2023\/04\/Marine-anchor-chain.jpg\" \/>\n\t<meta property=\"og:image:width\" content=\"1000\" \/>\n\t<meta property=\"og:image:height\" content=\"1000\" \/>\n\t<meta property=\"og:image:type\" content=\"image\/jpeg\" \/>\n<meta name=\"twitter:card\" content=\"summary_large_image\" \/>\n<meta name=\"twitter:label1\" content=\"Dur\u00e9e de lecture estim\u00e9e\" \/>\n\t<meta name=\"twitter:data1\" content=\"4 minutes\" \/>\n<script type=\"application\/ld+json\" class=\"yoast-schema-graph\">{\"@context\":\"https:\/\/schema.org\",\"@graph\":[{\"@type\":\"WebPage\",\"@id\":\"https:\/\/qingdaohf.com\/product\/stud-link-chain\/\",\"url\":\"https:\/\/qingdaohf.com\/product\/stud-link-chain\/\",\"name\":\"Stud Link Anchor Chain\",\"isPartOf\":{\"@id\":\"https:\/\/qingdaohf.com\/bg\/#website\"},\"primaryImageOfPage\":{\"@id\":\"https:\/\/qingdaohf.com\/product\/stud-link-chain\/#primaryimage\"},\"image\":{\"@id\":\"https:\/\/qingdaohf.com\/product\/stud-link-chain\/#primaryimage\"},\"thumbnailUrl\":\"https:\/\/qingdaohf.com\/wp-content\/uploads\/2023\/04\/Marine-anchor-chain.jpg\",\"datePublished\":\"2024-10-29T08:52:37+00:00\",\"dateModified\":\"2025-11-13T01:02:54+00:00\",\"breadcrumb\":{\"@id\":\"https:\/\/qingdaohf.com\/product\/stud-link-chain\/#breadcrumb\"},\"inLanguage\":\"fr-FR\",\"potentialAction\":[{\"@type\":\"ReadAction\",\"target\":[\"https:\/\/qingdaohf.com\/product\/stud-link-chain\/\"]}]},{\"@type\":\"ImageObject\",\"inLanguage\":\"fr-FR\",\"@id\":\"https:\/\/qingdaohf.com\/product\/stud-link-chain\/#primaryimage\",\"url\":\"https:\/\/qingdaohf.com\/wp-content\/uploads\/2023\/04\/Marine-anchor-chain.jpg\",\"contentUrl\":\"https:\/\/qingdaohf.com\/wp-content\/uploads\/2023\/04\/Marine-anchor-chain.jpg\",\"width\":1000,\"height\":1000,\"caption\":\"Marine anchor chain\"},{\"@type\":\"BreadcrumbList\",\"@id\":\"https:\/\/qingdaohf.com\/product\/stud-link-chain\/#breadcrumb\",\"itemListElement\":[{\"@type\":\"ListItem\",\"position\":1,\"name\":\"Home\",\"item\":\"https:\/\/qingdaohf.com\/\"},{\"@type\":\"ListItem\",\"position\":2,\"name\":\"Concrete Forming Accessories and Rigging Hardware\",\"item\":\"https:\/\/qingdaohf.com\/bg\/?page_id=944\"},{\"@type\":\"ListItem\",\"position\":3,\"name\":\"Stud Link Anchor Chain\"}]},{\"@type\":\"WebSite\",\"@id\":\"https:\/\/qingdaohf.com\/bg\/#website\",\"url\":\"https:\/\/qingdaohf.com\/bg\/\",\"name\":\"Concrete Form & Rigging Hardware Supplier\",\"description\":\"\",\"publisher\":{\"@id\":\"https:\/\/qingdaohf.com\/bg\/#organization\"},\"potentialAction\":[{\"@type\":\"SearchAction\",\"target\":{\"@type\":\"EntryPoint\",\"urlTemplate\":\"https:\/\/qingdaohf.com\/bg\/?s={search_term_string}\"},\"query-input\":{\"@type\":\"PropertyValueSpecification\",\"valueRequired\":true,\"valueName\":\"search_term_string\"}}],\"inLanguage\":\"fr-FR\"},{\"@type\":\"Organization\",\"@id\":\"https:\/\/qingdaohf.com\/bg\/#organization\",\"name\":\"Qingdao H&F\",\"url\":\"https:\/\/qingdaohf.com\/bg\/\",\"logo\":{\"@type\":\"ImageObject\",\"inLanguage\":\"fr-FR\",\"@id\":\"https:\/\/qingdaohf.com\/bg\/#\/schema\/logo\/image\/\",\"url\":\"https:\/\/qingdaohf.com\/wp-content\/uploads\/2022\/12\/cropped-HF-LOGO.png\",\"contentUrl\":\"https:\/\/qingdaohf.com\/wp-content\/uploads\/2022\/12\/cropped-HF-LOGO.png\",\"width\":391,\"height\":249,\"caption\":\"Qingdao H&F\"},\"image\":{\"@id\":\"https:\/\/qingdaohf.com\/bg\/#\/schema\/logo\/image\/\"},\"sameAs\":[\"https:\/\/www.facebook.com\/qingdaohf\"]}]}<\/script>\n<!-- \/ Yoast SEO plugin. -->","yoast_head_json":{"title":"Stud Link Anchor Chain","robots":{"index":"index","follow":"follow","max-snippet":"max-snippet:-1","max-image-preview":"max-image-preview:large","max-video-preview":"max-video-preview:-1"},"canonical":"https:\/\/qingdaohf.com\/fr\/produit\/chaine-a-maillons-a-clous\/","og_locale":"fr_FR","og_type":"article","og_title":"Stud Link Anchor Chain","og_description":"A Stud Link Chain offers robust strength and stability, ideal for heavy-duty applications where durability and reliability are paramount. Buyers often prioritize factors like material quality, load-bearing capacity, and resistance to harsh environments when selecting a Stud Link Chain. At Qingdao H&amp;F, we prioritize these needs by ensuring every chain meets stringent quality standards and providing detailed inspection reports, including proof load and tensile strength data. With our one-on-one customer service approach and efficient delivery cycle, we deliver not just products but reliable solutions that enable smoother, safer operations for your business.","og_url":"https:\/\/qingdaohf.com\/fr\/produit\/chaine-a-maillons-a-clous\/","og_site_name":"Concrete Form &amp; Rigging Hardware Supplier","article_publisher":"https:\/\/www.facebook.com\/qingdaohf","article_modified_time":"2025-11-13T01:02:54+00:00","og_image":[{"width":1000,"height":1000,"url":"https:\/\/qingdaohf.com\/wp-content\/uploads\/2023\/04\/Marine-anchor-chain.jpg","type":"image\/jpeg"}],"twitter_card":"summary_large_image","twitter_misc":{"Dur\u00e9e de lecture estim\u00e9e":"4 minutes"},"schema":{"@context":"https:\/\/schema.org","@graph":[{"@type":"WebPage","@id":"https:\/\/qingdaohf.com\/product\/stud-link-chain\/","url":"https:\/\/qingdaohf.com\/product\/stud-link-chain\/","name":"Stud Link Anchor Chain","isPartOf":{"@id":"https:\/\/qingdaohf.com\/bg\/#website"},"primaryImageOfPage":{"@id":"https:\/\/qingdaohf.com\/product\/stud-link-chain\/#primaryimage"},"image":{"@id":"https:\/\/qingdaohf.com\/product\/stud-link-chain\/#primaryimage"},"thumbnailUrl":"https:\/\/qingdaohf.com\/wp-content\/uploads\/2023\/04\/Marine-anchor-chain.jpg","datePublished":"2024-10-29T08:52:37+00:00","dateModified":"2025-11-13T01:02:54+00:00","breadcrumb":{"@id":"https:\/\/qingdaohf.com\/product\/stud-link-chain\/#breadcrumb"},"inLanguage":"fr-FR","potentialAction":[{"@type":"ReadAction","target":["https:\/\/qingdaohf.com\/product\/stud-link-chain\/"]}]},{"@type":"ImageObject","inLanguage":"fr-FR","@id":"https:\/\/qingdaohf.com\/product\/stud-link-chain\/#primaryimage","url":"https:\/\/qingdaohf.com\/wp-content\/uploads\/2023\/04\/Marine-anchor-chain.jpg","contentUrl":"https:\/\/qingdaohf.com\/wp-content\/uploads\/2023\/04\/Marine-anchor-chain.jpg","width":1000,"height":1000,"caption":"Marine anchor chain"},{"@type":"BreadcrumbList","@id":"https:\/\/qingdaohf.com\/product\/stud-link-chain\/#breadcrumb","itemListElement":[{"@type":"ListItem","position":1,"name":"Home","item":"https:\/\/qingdaohf.com\/"},{"@type":"ListItem","position":2,"name":"Concrete Forming Accessories and Rigging Hardware","item":"https:\/\/qingdaohf.com\/bg\/?page_id=944"},{"@type":"ListItem","position":3,"name":"Stud Link Anchor Chain"}]},{"@type":"WebSite","@id":"https:\/\/qingdaohf.com\/bg\/#website","url":"https:\/\/qingdaohf.com\/bg\/","name":"Concrete Form & Rigging Hardware Supplier","description":"","publisher":{"@id":"https:\/\/qingdaohf.com\/bg\/#organization"},"potentialAction":[{"@type":"SearchAction","target":{"@type":"EntryPoint","urlTemplate":"https:\/\/qingdaohf.com\/bg\/?s={search_term_string}"},"query-input":{"@type":"PropertyValueSpecification","valueRequired":true,"valueName":"search_term_string"}}],"inLanguage":"fr-FR"},{"@type":"Organization","@id":"https:\/\/qingdaohf.com\/bg\/#organization","name":"Qingdao H&F","url":"https:\/\/qingdaohf.com\/bg\/","logo":{"@type":"ImageObject","inLanguage":"fr-FR","@id":"https:\/\/qingdaohf.com\/bg\/#\/schema\/logo\/image\/","url":"https:\/\/qingdaohf.com\/wp-content\/uploads\/2022\/12\/cropped-HF-LOGO.png","contentUrl":"https:\/\/qingdaohf.com\/wp-content\/uploads\/2022\/12\/cropped-HF-LOGO.png","width":391,"height":249,"caption":"Qingdao H&F"},"image":{"@id":"https:\/\/qingdaohf.com\/bg\/#\/schema\/logo\/image\/"},"sameAs":["https:\/\/www.facebook.com\/qingdaohf"]}]}},"_links":{"self":[{"href":"https:\/\/qingdaohf.com\/fr\/wp-json\/wp\/v2\/product\/8181","targetHints":{"allow":["GET"]}}],"collection":[{"href":"https:\/\/qingdaohf.com\/fr\/wp-json\/wp\/v2\/product"}],"about":[{"href":"https:\/\/qingdaohf.com\/fr\/wp-json\/wp\/v2\/types\/product"}],"replies":[{"embeddable":true,"href":"https:\/\/qingdaohf.com\/fr\/wp-json\/wp\/v2\/comments?post=8181"}],"version-history":[{"count":2,"href":"https:\/\/qingdaohf.com\/fr\/wp-json\/wp\/v2\/product\/8181\/revisions"}],"predecessor-version":[{"id":8341,"href":"https:\/\/qingdaohf.com\/fr\/wp-json\/wp\/v2\/product\/8181\/revisions\/8341"}],"wp:featuredmedia":[{"embeddable":true,"href":"https:\/\/qingdaohf.com\/fr\/wp-json\/wp\/v2\/media\/4678"}],"wp:attachment":[{"href":"https:\/\/qingdaohf.com\/fr\/wp-json\/wp\/v2\/media?parent=8181"}],"wp:term":[{"taxonomy":"product_brand","embeddable":true,"href":"https:\/\/qingdaohf.com\/fr\/wp-json\/wp\/v2\/product_brand?post=8181"},{"taxonomy":"product_cat","embeddable":true,"href":"https:\/\/qingdaohf.com\/fr\/wp-json\/wp\/v2\/product_cat?post=8181"},{"taxonomy":"product_tag","embeddable":true,"href":"https:\/\/qingdaohf.com\/fr\/wp-json\/wp\/v2\/product_tag?post=8181"}],"curies":[{"name":"wp","href":"https:\/\/api.w.org\/{rel}","templated":true}]}}