{"id":8189,"date":"2024-11-05T13:59:31","date_gmt":"2024-11-05T05:59:31","guid":{"rendered":"http:\/\/qingdaohf.com\/?post_type=product&#038;p=8189"},"modified":"2025-11-13T09:02:54","modified_gmt":"2025-11-13T01:02:54","slug":"webbing-sling-1-ton","status":"publish","type":"product","link":"https:\/\/qingdaohf.com\/fr\/produit\/elingue-en-sangle-1-tonne\/","title":{"rendered":"Sangle plate 1 tonne polyester double duplex"},"content":{"rendered":"<h3><strong>Harnais en sangle 1 tonne fiable et polyvalent pour un levage s\u00fbr et efficace<\/strong><\/h3>\n<p>Les \u00e9lingues en sangle sont indispensables dans les industries qui d\u00e9pendent du levage et de la manutention de mat\u00e9riaux. Parmi celles-ci, l'\u00e9lingue en sangle de 1 tonne est tr\u00e8s appr\u00e9ci\u00e9e pour sa capacit\u00e9 \u00e0 manipuler des charges mod\u00e9r\u00e9es de mani\u00e8re s\u00fbre et efficace. Fabriqu\u00e9 avec des fibres synth\u00e9tiques de haute qualit\u00e9, ce type d'\u00e9lingue est particuli\u00e8rement appr\u00e9ci\u00e9 pour sa combinaison de r\u00e9sistance, de durabilit\u00e9 et d'adaptabilit\u00e9. Des chantiers de construction aux entrep\u00f4ts, l'\u00e9lingue en sangle 1 tonne r\u00e9pond \u00e0 une grande vari\u00e9t\u00e9 d'exigences de levage avec facilit\u00e9 et fiabilit\u00e9.<\/p>\n<p>La conception d'une \u00e9lingue en sangle de 1 tonne est sp\u00e9cifiquement optimis\u00e9e pour \u00e9quilibrer la force portante et la flexibilit\u00e9. Cet \u00e9quilibre permet de s\u00e9curiser les charges, m\u00eame dans des conditions difficiles. Des facteurs cl\u00e9s tels que la r\u00e9sistance \u00e0 la rupture, l'allongement sous charge et la r\u00e9sistance aux UV font partie int\u00e9grante de la fabrication de ces \u00e9lingues, qui r\u00e9pondent \u00e0 la fois aux performances et \u00e0 la long\u00e9vit\u00e9 que les acheteurs recherchent dans les \u00e9quipements de levage. En outre, les mat\u00e9riaux sont choisis pour r\u00e9sister \u00e0 l'usure et \u00e0 l'abrasion, ce qui est essentiel pour une utilisation r\u00e9p\u00e9t\u00e9e et une garantie de s\u00e9curit\u00e9.<\/p>\n<p>Qingdao H&amp;F offre des avantages uniques qui am\u00e9liorent encore l'exp\u00e9rience d'acquisition de sangles. Chaque \u00e9lingue est soumise \u00e0 un contr\u00f4le de qualit\u00e9 rigoureux, \u00e9tay\u00e9 par des rapports d'inspection complets, ce qui garantit des performances fiables \u00e0 la livraison. En outre, notre service client\u00e8le personnalis\u00e9 permet \u00e0 chaque client de b\u00e9n\u00e9ficier d'une assistance personnalis\u00e9e, qu'il s'agisse de s\u00e9lectionner le bon produit ou de demander des conseils d'entretien. Gr\u00e2ce \u00e0 un cycle de livraison rapide, Qingdao H&amp;F s'assure que ces sangles de haute qualit\u00e9 sont disponibles au moment pr\u00e9cis o\u00f9 elles sont n\u00e9cessaires, contribuant ainsi au respect des d\u00e9lais des projets.<\/p>\n<h3><strong>Construction et mat\u00e9riaux de haute qualit\u00e9<\/strong><\/h3>\n<p>Les mat\u00e9riaux utilis\u00e9s dans nos \u00e9lingues en sangle 1 tonne sont s\u00e9lectionn\u00e9s pour leur durabilit\u00e9 et leur flexibilit\u00e9, des qualit\u00e9s qui contribuent directement \u00e0 la s\u00e9curit\u00e9 et \u00e0 la facilit\u00e9 de manipulation. En g\u00e9n\u00e9ral, ces \u00e9lingues sont fabriqu\u00e9es \u00e0 partir de fibres synth\u00e9tiques telles que le polyester ou le nylon, qui pr\u00e9sentent plusieurs avantages. Le polyester, par exemple, offre une grande r\u00e9sistance aux produits chimiques et aux rayons UV, ce qui le rend adapt\u00e9 aux applications ext\u00e9rieures. Les \u00e9lingues en nylon, quant \u00e0 elles, offrent une extensibilit\u00e9 sup\u00e9rieure, une caract\u00e9ristique qui peut s'av\u00e9rer particuli\u00e8rement avantageuse pour la manutention de certains types de charges.<\/p>\n<p>Au cours de la fabrication, une attention particuli\u00e8re est accord\u00e9e au tissage et \u00e0 la densit\u00e9 du tissu afin de garantir des performances de charge constantes. La r\u00e9sistance \u00e0 la rupture de ces \u00e9lingues est test\u00e9e rigoureusement, afin de s'assurer que chaque unit\u00e9 peut supporter en toute s\u00e9curit\u00e9 des charges allant jusqu'\u00e0 1 tonne sans compromis. Cette attention port\u00e9e \u00e0 la qualit\u00e9 correspond aux principales pr\u00e9occupations des acheteurs, qui comptent sur ces \u00e9lingues pour maintenir la stabilit\u00e9 de la charge et assurer la s\u00e9curit\u00e9 de l'op\u00e9rateur. En investissant dans des mat\u00e9riaux durables et des normes de production strictes, Qingdao H&amp;F fournit des \u00e9lingues en sangle con\u00e7ues pour d\u00e9passer les attentes de l'industrie et permettre une utilisation fiable \u00e0 long terme.<\/p>\n<h3><strong>Applications et avantages dans diverses industries<\/strong><\/h3>\n<p>L'adaptabilit\u00e9 d'une \u00e9lingue en sangle d'une tonne en fait un choix privil\u00e9gi\u00e9 dans de nombreux secteurs, notamment la construction, le transport maritime, la fabrication et l'entreposage. Contrairement aux cha\u00eenes ou aux c\u00e2bles m\u00e9talliques, les \u00e9lingues en sangle sont plus l\u00e9g\u00e8res et plus faciles \u00e0 man\u0153uvrer, ce qui permet une plus grande pr\u00e9cision et r\u00e9duit la fatigue du manutentionnaire. Dans la construction, ces \u00e9lingues facilitent le levage et le positionnement des mat\u00e9riaux, ce qui les rend vitales pour les projets qui exigent des solutions de levage fiables sans l'encombrement des alternatives m\u00e9talliques. Le tissu synth\u00e9tique utilis\u00e9 dans les \u00e9lingues en sangle r\u00e9duit \u00e9galement le risque de rayer ou d'endommager les surfaces d\u00e9licates ou peintes, un avantage dans les industries o\u00f9 la pr\u00e9servation des mat\u00e9riaux est essentielle.<\/p>\n<p>L'engagement de Qingdao H&amp;F en faveur de la qualit\u00e9 et de la performance se refl\u00e8te dans notre gamme d'\u00e9lingues en sangle, qui r\u00e9pond \u00e0 divers besoins de levage. Notre \u00e9lingue de 1 tonne est con\u00e7ue avec des caract\u00e9ristiques qui am\u00e9liorent la facilit\u00e9 d'utilisation et la s\u00e9curit\u00e9, telles que des indicateurs de capacit\u00e9 \u00e0 code couleur et des boucles renforc\u00e9es pour \u00e9viter l'usure aux points de tension cl\u00e9s. En outre, chaque \u00e9lingue est accompagn\u00e9e d'un rapport d'inspection de la qualit\u00e9, ce qui donne l'assurance que le produit fonctionnera de mani\u00e8re fiable dans les conditions pr\u00e9vues. Nos clients ont l'avantage de savoir que leur achat r\u00e9pond \u00e0 des normes de qualit\u00e9 rigoureuses, ce qui favorise \u00e0 la fois le respect des r\u00e8gles de s\u00e9curit\u00e9 et l'efficacit\u00e9 de l'ex\u00e9cution du projet.<\/p>\n<h3><strong>La promesse de Qingdao H&amp;F : service, rapidit\u00e9 et assurance<\/strong><\/h3>\n<p>Outre un produit de haute qualit\u00e9, Qingdao H&amp;F garantit une exp\u00e9rience d'achat exceptionnelle. Nous savons que les acheteurs accordent la priorit\u00e9 non seulement \u00e0 la qualit\u00e9 du produit, mais aussi \u00e0 la fiabilit\u00e9 globale de leur fournisseur. C'est pourquoi notre approche est ax\u00e9e sur la fourniture de services qui vont au-del\u00e0 du produit lui-m\u00eame et qui r\u00e9pondent aux besoins et aux pr\u00e9occupations de chaque client. En offrant un service \u00e0 la client\u00e8le personnalis\u00e9, nous nous assurons que chaque question ou exigence est trait\u00e9e rapidement et efficacement, ce qui favorise la confiance et la satisfaction d\u00e8s le premier point de contact.<\/p>\n<p>Notre engagement en faveur de la rapidit\u00e9 se traduit par des cycles de livraison rapides. Nous savons que le timing est crucial et que tout retard peut avoir un impact sur la productivit\u00e9 et les calendriers. C'est pourquoi nous travaillons en \u00e9troite collaboration avec nos partenaires logistiques pour maintenir des processus d'exp\u00e9dition efficaces, offrant \u00e0 nos clients l'assurance que leur sangle arrivera au moment voulu. En outre, notre processus d'inspection de la qualit\u00e9 garantit que chaque sangle est pr\u00eate \u00e0 \u00eatre utilis\u00e9e imm\u00e9diatement, avec l'appui de rapports d\u00e9taillant la conformit\u00e9 du produit aux normes de l'industrie. Cet engagement en faveur de la qualit\u00e9 et du service fait de Qingdao H&amp;F un partenaire privil\u00e9gi\u00e9 des entreprises \u00e0 la recherche de solutions de levage fiables.<\/p>\n<p>Notre \u00e9lingue en sangle d'une tonne repr\u00e9sente un m\u00e9lange de performance, de s\u00e9curit\u00e9 et de commodit\u00e9, con\u00e7u pour r\u00e9pondre aux exigences rigoureuses de l'industrie moderne. En choisissant Qingdao H&amp;F, les acheteurs investissent dans un partenariat qui valorise leurs priorit\u00e9s, de l'int\u00e9grit\u00e9 du produit au service rapide et attentif. Nous sommes fiers de fournir non seulement un produit, mais une solution compl\u00e8te qui s'aligne sur les besoins op\u00e9rationnels et les normes de qualit\u00e9 de nos clients.<\/p>","protected":false},"excerpt":{"rendered":"<p>Notre \u00e9lingue en sangle de 1 tonne allie r\u00e9sistance et polyvalence pour les t\u00e2ches de levage et d'hissage dans divers secteurs d'activit\u00e9. Les acheteurs accordent souvent la priorit\u00e9 \u00e0 la durabilit\u00e9, \u00e0 la s\u00e9curit\u00e9 et \u00e0 la facilit\u00e9 de manipulation, ce que nos \u00e9lingues en sangle sont en mesure de faire. Con\u00e7ues pour r\u00e9sister \u00e0 une utilisation intensive, ces \u00e9lingues garantissent un levage s\u00fbr tout en conservant une certaine flexibilit\u00e9 pour diff\u00e9rentes applications. En tant que soci\u00e9t\u00e9 commerciale, Qingdao H&amp;F offre des avantages distincts, notamment un service client\u00e8le personnalis\u00e9, un cycle de livraison rapide et des rapports d'inspection de la qualit\u00e9 complets, garantissant que chaque achat r\u00e9pond \u00e0 des normes de s\u00e9curit\u00e9 et de qualit\u00e9 rigoureuses.<\/p>","protected":false},"featured_media":8190,"comment_status":"open","ping_status":"closed","template":"","meta":{"site-sidebar-layout":"default","site-content-layout":"","ast-site-content-layout":"default","site-content-style":"default","site-sidebar-style":"default","ast-global-header-display":"","ast-banner-title-visibility":"","ast-main-header-display":"","ast-hfb-above-header-display":"","ast-hfb-below-header-display":"","ast-hfb-mobile-header-display":"","site-post-title":"","ast-breadcrumbs-content":"","ast-featured-img":"","footer-sml-layout":"","theme-transparent-header-meta":"default","adv-header-id-meta":"","stick-header-meta":"default","header-above-stick-meta":"","header-main-stick-meta":"","header-below-stick-meta":"","astra-migrate-meta-layouts":"set","ast-page-background-enabled":"default","ast-page-background-meta":{"desktop":{"background-color":"","background-image":"","background-repeat":"repeat","background-position":"center center","background-size":"auto","background-attachment":"scroll","background-type":"","background-media":"","overlay-type":"","overlay-color":"","overlay-opacity":"","overlay-gradient":""},"tablet":{"background-color":"","background-image":"","background-repeat":"repeat","background-position":"center center","background-size":"auto","background-attachment":"scroll","background-type":"","background-media":"","overlay-type":"","overlay-color":"","overlay-opacity":"","overlay-gradient":""},"mobile":{"background-color":"","background-image":"","background-repeat":"repeat","background-position":"center center","background-size":"auto","background-attachment":"scroll","background-type":"","background-media":"","overlay-type":"","overlay-color":"","overlay-opacity":"","overlay-gradient":""}},"ast-content-background-meta":{"desktop":{"background-color":"var(--ast-global-color-5)","background-image":"","background-repeat":"repeat","background-position":"center center","background-size":"auto","background-attachment":"scroll","background-type":"","background-media":"","overlay-type":"","overlay-color":"","overlay-opacity":"","overlay-gradient":""},"tablet":{"background-color":"var(--ast-global-color-5)","background-image":"","background-repeat":"repeat","background-position":"center center","background-size":"auto","background-attachment":"scroll","background-type":"","background-media":"","overlay-type":"","overlay-color":"","overlay-opacity":"","overlay-gradient":""},"mobile":{"background-color":"var(--ast-global-color-5)","background-image":"","background-repeat":"repeat","background-position":"center center","background-size":"auto","background-attachment":"scroll","background-type":"","background-media":"","overlay-type":"","overlay-color":"","overlay-opacity":"","overlay-gradient":""}}},"product_brand":[],"product_cat":[39],"product_tag":[],"class_list":{"0":"post-8189","1":"product","2":"type-product","3":"status-publish","4":"has-post-thumbnail","6":"product_cat-webbing-sling","7":"desktop-align-left","8":"tablet-align-left","9":"mobile-align-left","10":"ast-product-gallery-layout-horizontal-slider","11":"ast-product-gallery-with-no-image","12":"ast-product-tabs-layout-horizontal","14":"first","15":"instock","16":"shipping-taxable","17":"purchasable","18":"product-type-simple"},"yoast_head":"<!-- This site is optimized with the Yoast SEO plugin v25.2 - https:\/\/yoast.com\/wordpress\/plugins\/seo\/ -->\n<title>Flat Webbing Sling 1 Ton Polyester Double Duplex<\/title>\n<meta name=\"robots\" content=\"index, follow, max-snippet:-1, max-image-preview:large, max-video-preview:-1\" \/>\n<link rel=\"canonical\" href=\"https:\/\/qingdaohf.com\/fr\/produit\/elingue-en-sangle-1-tonne\/\" \/>\n<meta property=\"og:locale\" content=\"fr_FR\" \/>\n<meta property=\"og:type\" content=\"article\" \/>\n<meta property=\"og:title\" content=\"Flat Webbing Sling 1 Ton Polyester Double Duplex\" \/>\n<meta property=\"og:description\" content=\"Our 1-ton webbing sling combines strength and versatility for lifting and hoisting tasks across various industries. Buyers often prioritize durability, safety, and ease of handling, all of which our webbing slings deliver. Made to endure heavy-duty use, these slings ensure secure lifting while maintaining flexibility for different applications. As a trading company, Qingdao H&amp;F provides distinct advantages, including one-on-one customer service, a fast delivery cycle, and comprehensive quality inspection reports, ensuring that every purchase meets rigorous safety and quality standards.\" \/>\n<meta property=\"og:url\" content=\"https:\/\/qingdaohf.com\/fr\/produit\/elingue-en-sangle-1-tonne\/\" \/>\n<meta property=\"og:site_name\" content=\"Concrete Form &amp; Rigging Hardware Supplier\" \/>\n<meta property=\"article:publisher\" content=\"https:\/\/www.facebook.com\/qingdaohf\" \/>\n<meta property=\"article:modified_time\" content=\"2025-11-13T01:02:54+00:00\" \/>\n<meta property=\"og:image\" content=\"https:\/\/qingdaohf.com\/wp-content\/uploads\/2024\/10\/1ton_1.webp\" \/>\n\t<meta property=\"og:image:width\" content=\"1000\" \/>\n\t<meta property=\"og:image:height\" content=\"1000\" \/>\n\t<meta property=\"og:image:type\" content=\"image\/webp\" \/>\n<meta name=\"twitter:card\" content=\"summary_large_image\" \/>\n<meta name=\"twitter:label1\" content=\"Dur\u00e9e de lecture estim\u00e9e\" \/>\n\t<meta name=\"twitter:data1\" content=\"4 minutes\" \/>\n<script type=\"application\/ld+json\" class=\"yoast-schema-graph\">{\"@context\":\"https:\/\/schema.org\",\"@graph\":[{\"@type\":\"WebPage\",\"@id\":\"https:\/\/qingdaohf.com\/product\/webbing-sling-1-ton\/\",\"url\":\"https:\/\/qingdaohf.com\/product\/webbing-sling-1-ton\/\",\"name\":\"Flat Webbing Sling 1 Ton Polyester Double Duplex\",\"isPartOf\":{\"@id\":\"https:\/\/qingdaohf.com\/bg\/#website\"},\"primaryImageOfPage\":{\"@id\":\"https:\/\/qingdaohf.com\/product\/webbing-sling-1-ton\/#primaryimage\"},\"image\":{\"@id\":\"https:\/\/qingdaohf.com\/product\/webbing-sling-1-ton\/#primaryimage\"},\"thumbnailUrl\":\"https:\/\/qingdaohf.com\/wp-content\/uploads\/2024\/10\/1ton_1.webp\",\"datePublished\":\"2024-11-05T05:59:31+00:00\",\"dateModified\":\"2025-11-13T01:02:54+00:00\",\"breadcrumb\":{\"@id\":\"https:\/\/qingdaohf.com\/product\/webbing-sling-1-ton\/#breadcrumb\"},\"inLanguage\":\"fr-FR\",\"potentialAction\":[{\"@type\":\"ReadAction\",\"target\":[\"https:\/\/qingdaohf.com\/product\/webbing-sling-1-ton\/\"]}]},{\"@type\":\"ImageObject\",\"inLanguage\":\"fr-FR\",\"@id\":\"https:\/\/qingdaohf.com\/product\/webbing-sling-1-ton\/#primaryimage\",\"url\":\"https:\/\/qingdaohf.com\/wp-content\/uploads\/2024\/10\/1ton_1.webp\",\"contentUrl\":\"https:\/\/qingdaohf.com\/wp-content\/uploads\/2024\/10\/1ton_1.webp\",\"width\":1000,\"height\":1000},{\"@type\":\"BreadcrumbList\",\"@id\":\"https:\/\/qingdaohf.com\/product\/webbing-sling-1-ton\/#breadcrumb\",\"itemListElement\":[{\"@type\":\"ListItem\",\"position\":1,\"name\":\"Home\",\"item\":\"https:\/\/qingdaohf.com\/\"},{\"@type\":\"ListItem\",\"position\":2,\"name\":\"Concrete Forming Accessories and Rigging Hardware\",\"item\":\"https:\/\/qingdaohf.com\/bg\/?page_id=944\"},{\"@type\":\"ListItem\",\"position\":3,\"name\":\"Flat Webbing Sling 1 Ton Polyester Double Duplex\"}]},{\"@type\":\"WebSite\",\"@id\":\"https:\/\/qingdaohf.com\/bg\/#website\",\"url\":\"https:\/\/qingdaohf.com\/bg\/\",\"name\":\"Concrete Form & Rigging Hardware Supplier\",\"description\":\"\",\"publisher\":{\"@id\":\"https:\/\/qingdaohf.com\/bg\/#organization\"},\"potentialAction\":[{\"@type\":\"SearchAction\",\"target\":{\"@type\":\"EntryPoint\",\"urlTemplate\":\"https:\/\/qingdaohf.com\/bg\/?s={search_term_string}\"},\"query-input\":{\"@type\":\"PropertyValueSpecification\",\"valueRequired\":true,\"valueName\":\"search_term_string\"}}],\"inLanguage\":\"fr-FR\"},{\"@type\":\"Organization\",\"@id\":\"https:\/\/qingdaohf.com\/bg\/#organization\",\"name\":\"Qingdao H&F\",\"url\":\"https:\/\/qingdaohf.com\/bg\/\",\"logo\":{\"@type\":\"ImageObject\",\"inLanguage\":\"fr-FR\",\"@id\":\"https:\/\/qingdaohf.com\/bg\/#\/schema\/logo\/image\/\",\"url\":\"https:\/\/qingdaohf.com\/wp-content\/uploads\/2022\/12\/cropped-HF-LOGO.png\",\"contentUrl\":\"https:\/\/qingdaohf.com\/wp-content\/uploads\/2022\/12\/cropped-HF-LOGO.png\",\"width\":391,\"height\":249,\"caption\":\"Qingdao H&F\"},\"image\":{\"@id\":\"https:\/\/qingdaohf.com\/bg\/#\/schema\/logo\/image\/\"},\"sameAs\":[\"https:\/\/www.facebook.com\/qingdaohf\"]}]}<\/script>\n<!-- \/ Yoast SEO plugin. -->","yoast_head_json":{"title":"Flat Webbing Sling 1 Ton Polyester Double Duplex","robots":{"index":"index","follow":"follow","max-snippet":"max-snippet:-1","max-image-preview":"max-image-preview:large","max-video-preview":"max-video-preview:-1"},"canonical":"https:\/\/qingdaohf.com\/fr\/produit\/elingue-en-sangle-1-tonne\/","og_locale":"fr_FR","og_type":"article","og_title":"Flat Webbing Sling 1 Ton Polyester Double Duplex","og_description":"Our 1-ton webbing sling combines strength and versatility for lifting and hoisting tasks across various industries. Buyers often prioritize durability, safety, and ease of handling, all of which our webbing slings deliver. Made to endure heavy-duty use, these slings ensure secure lifting while maintaining flexibility for different applications. As a trading company, Qingdao H&amp;F provides distinct advantages, including one-on-one customer service, a fast delivery cycle, and comprehensive quality inspection reports, ensuring that every purchase meets rigorous safety and quality standards.","og_url":"https:\/\/qingdaohf.com\/fr\/produit\/elingue-en-sangle-1-tonne\/","og_site_name":"Concrete Form &amp; Rigging Hardware Supplier","article_publisher":"https:\/\/www.facebook.com\/qingdaohf","article_modified_time":"2025-11-13T01:02:54+00:00","og_image":[{"width":1000,"height":1000,"url":"https:\/\/qingdaohf.com\/wp-content\/uploads\/2024\/10\/1ton_1.webp","type":"image\/webp"}],"twitter_card":"summary_large_image","twitter_misc":{"Dur\u00e9e de lecture estim\u00e9e":"4 minutes"},"schema":{"@context":"https:\/\/schema.org","@graph":[{"@type":"WebPage","@id":"https:\/\/qingdaohf.com\/product\/webbing-sling-1-ton\/","url":"https:\/\/qingdaohf.com\/product\/webbing-sling-1-ton\/","name":"Flat Webbing Sling 1 Ton Polyester Double Duplex","isPartOf":{"@id":"https:\/\/qingdaohf.com\/bg\/#website"},"primaryImageOfPage":{"@id":"https:\/\/qingdaohf.com\/product\/webbing-sling-1-ton\/#primaryimage"},"image":{"@id":"https:\/\/qingdaohf.com\/product\/webbing-sling-1-ton\/#primaryimage"},"thumbnailUrl":"https:\/\/qingdaohf.com\/wp-content\/uploads\/2024\/10\/1ton_1.webp","datePublished":"2024-11-05T05:59:31+00:00","dateModified":"2025-11-13T01:02:54+00:00","breadcrumb":{"@id":"https:\/\/qingdaohf.com\/product\/webbing-sling-1-ton\/#breadcrumb"},"inLanguage":"fr-FR","potentialAction":[{"@type":"ReadAction","target":["https:\/\/qingdaohf.com\/product\/webbing-sling-1-ton\/"]}]},{"@type":"ImageObject","inLanguage":"fr-FR","@id":"https:\/\/qingdaohf.com\/product\/webbing-sling-1-ton\/#primaryimage","url":"https:\/\/qingdaohf.com\/wp-content\/uploads\/2024\/10\/1ton_1.webp","contentUrl":"https:\/\/qingdaohf.com\/wp-content\/uploads\/2024\/10\/1ton_1.webp","width":1000,"height":1000},{"@type":"BreadcrumbList","@id":"https:\/\/qingdaohf.com\/product\/webbing-sling-1-ton\/#breadcrumb","itemListElement":[{"@type":"ListItem","position":1,"name":"Home","item":"https:\/\/qingdaohf.com\/"},{"@type":"ListItem","position":2,"name":"Concrete Forming Accessories and Rigging Hardware","item":"https:\/\/qingdaohf.com\/bg\/?page_id=944"},{"@type":"ListItem","position":3,"name":"Flat Webbing Sling 1 Ton Polyester Double Duplex"}]},{"@type":"WebSite","@id":"https:\/\/qingdaohf.com\/bg\/#website","url":"https:\/\/qingdaohf.com\/bg\/","name":"Concrete Form & Rigging Hardware Supplier","description":"","publisher":{"@id":"https:\/\/qingdaohf.com\/bg\/#organization"},"potentialAction":[{"@type":"SearchAction","target":{"@type":"EntryPoint","urlTemplate":"https:\/\/qingdaohf.com\/bg\/?s={search_term_string}"},"query-input":{"@type":"PropertyValueSpecification","valueRequired":true,"valueName":"search_term_string"}}],"inLanguage":"fr-FR"},{"@type":"Organization","@id":"https:\/\/qingdaohf.com\/bg\/#organization","name":"Qingdao H&F","url":"https:\/\/qingdaohf.com\/bg\/","logo":{"@type":"ImageObject","inLanguage":"fr-FR","@id":"https:\/\/qingdaohf.com\/bg\/#\/schema\/logo\/image\/","url":"https:\/\/qingdaohf.com\/wp-content\/uploads\/2022\/12\/cropped-HF-LOGO.png","contentUrl":"https:\/\/qingdaohf.com\/wp-content\/uploads\/2022\/12\/cropped-HF-LOGO.png","width":391,"height":249,"caption":"Qingdao H&F"},"image":{"@id":"https:\/\/qingdaohf.com\/bg\/#\/schema\/logo\/image\/"},"sameAs":["https:\/\/www.facebook.com\/qingdaohf"]}]}},"_links":{"self":[{"href":"https:\/\/qingdaohf.com\/fr\/wp-json\/wp\/v2\/product\/8189","targetHints":{"allow":["GET"]}}],"collection":[{"href":"https:\/\/qingdaohf.com\/fr\/wp-json\/wp\/v2\/product"}],"about":[{"href":"https:\/\/qingdaohf.com\/fr\/wp-json\/wp\/v2\/types\/product"}],"replies":[{"embeddable":true,"href":"https:\/\/qingdaohf.com\/fr\/wp-json\/wp\/v2\/comments?post=8189"}],"version-history":[{"count":2,"href":"https:\/\/qingdaohf.com\/fr\/wp-json\/wp\/v2\/product\/8189\/revisions"}],"predecessor-version":[{"id":8340,"href":"https:\/\/qingdaohf.com\/fr\/wp-json\/wp\/v2\/product\/8189\/revisions\/8340"}],"wp:featuredmedia":[{"embeddable":true,"href":"https:\/\/qingdaohf.com\/fr\/wp-json\/wp\/v2\/media\/8190"}],"wp:attachment":[{"href":"https:\/\/qingdaohf.com\/fr\/wp-json\/wp\/v2\/media?parent=8189"}],"wp:term":[{"taxonomy":"product_brand","embeddable":true,"href":"https:\/\/qingdaohf.com\/fr\/wp-json\/wp\/v2\/product_brand?post=8189"},{"taxonomy":"product_cat","embeddable":true,"href":"https:\/\/qingdaohf.com\/fr\/wp-json\/wp\/v2\/product_cat?post=8189"},{"taxonomy":"product_tag","embeddable":true,"href":"https:\/\/qingdaohf.com\/fr\/wp-json\/wp\/v2\/product_tag?post=8189"}],"curies":[{"name":"wp","href":"https:\/\/api.w.org\/{rel}","templated":true}]}}