{"id":8280,"date":"2024-11-05T16:43:34","date_gmt":"2024-11-05T08:43:34","guid":{"rendered":"http:\/\/qingdaohf.com\/?post_type=product&#038;p=8280"},"modified":"2025-11-13T09:02:53","modified_gmt":"2025-11-13T01:02:53","slug":"webbing-sling-3-ton","status":"publish","type":"product","link":"https:\/\/qingdaohf.com\/fr\/produit\/elingue-en-sangle-3-tonnes\/","title":{"rendered":"Sangle plate \u00e9lingue 3 tonnes polyester double duplex"},"content":{"rendered":"<h3><strong>Harnais en sangle 3 tonnes fiable pour les applications de levage de charges lourdes<\/strong><\/h3>\n<p>Dans le monde de la manutention, l'\u00e9lingue en sangle de 3 tonnes s'impose comme une solution robuste pour le levage et l'arrimage de charges lourdes dans divers secteurs d'activit\u00e9. Avec un \u00e9quilibre optimal entre r\u00e9sistance, flexibilit\u00e9 et s\u00e9curit\u00e9, cette \u00e9lingue est con\u00e7ue pour r\u00e9pondre aux exigences rigoureuses des t\u00e2ches allant de la construction \u00e0 la logistique. Fabriqu\u00e9e \u00e0 partir de fibres synth\u00e9tiques de haute qualit\u00e9, l'\u00e9lingue en sangle de 3 tonnes est con\u00e7ue pour offrir des performances fiables, ce qui en fait un atout crucial pour toute op\u00e9ration impliquant le levage de poids importants.<\/p>\n<p>La demande croissante de solutions de levage polyvalentes a conduit \u00e0 l'utilisation g\u00e9n\u00e9ralis\u00e9e des \u00e9lingues en sangle dans les environnements commerciaux et industriels. L'\u00e9lingue en sangle de 3 tonnes est sp\u00e9cialement con\u00e7ue pour manipuler des charges moyennes \u00e0 lourdes, offrant aux op\u00e9rateurs un moyen fiable d'effectuer leurs t\u00e2ches efficacement et en toute s\u00e9curit\u00e9. Les acheteurs expriment souvent des pr\u00e9occupations concernant la s\u00e9curit\u00e9 et la durabilit\u00e9 de la charge, qui sont primordiales lors de la s\u00e9lection d'un \u00e9quipement de levage. L'\u00e9lingue en sangle 3 tonnes r\u00e9pond \u00e0 ces pr\u00e9occupations en garantissant qu'elle peut r\u00e9sister \u00e0 des conditions exigeantes tout en conservant son int\u00e9grit\u00e9 et ses performances au fil du temps.<\/p>\n<p>L'une des caract\u00e9ristiques principales de la sangle 3 tonnes est sa construction, qui fait g\u00e9n\u00e9ralement appel \u00e0 des fibres de polyester ou de nylon tr\u00e8s r\u00e9sistantes. Ces mat\u00e9riaux offrent plusieurs avantages, notamment la r\u00e9sistance \u00e0 l'usure, la stabilit\u00e9 aux UV et la r\u00e9sistance \u00e0 l'humidit\u00e9. La combinaison de ces caract\u00e9ristiques garantit que la sangle peut fonctionner correctement m\u00eame dans des environnements ext\u00e9rieurs difficiles, ce qui la rend adapt\u00e9e \u00e0 un large \u00e9ventail d'applications.<\/p>\n<p>\u00c0 Qingdao H&amp;F, nous sommes fiers de notre capacit\u00e9 \u00e0 fournir non seulement des produits de haute qualit\u00e9, mais aussi un service exceptionnel. Notre engagement en faveur d'un service client personnalis\u00e9 signifie que chaque client re\u00e7oit une attention personnalis\u00e9e adapt\u00e9e \u00e0 ses besoins sp\u00e9cifiques. Cette approche favorise la confiance et garantit que les acheteurs se sentent soutenus tout au long de leur parcours d'achat. En outre, nous insistons sur l'importance d'une livraison dans les d\u00e9lais, et nos processus logistiques efficaces garantissent que les clients re\u00e7oivent leurs \u00e9lingues sans retards inutiles. Accompagn\u00e9s de rapports complets d'inspection de la qualit\u00e9, nos produits offrent aux acheteurs une tranquillit\u00e9 d'esprit, garantissant qu'ils r\u00e9pondent aux normes de s\u00e9curit\u00e9 et de performance requises.<\/p>\n<h3><strong>Qualit\u00e9 de la construction et performance des mat\u00e9riaux<\/strong><\/h3>\n<p>La qualit\u00e9 des mat\u00e9riaux utilis\u00e9s dans la sangle 3 tonnes fait partie int\u00e9grante de ses performances et de sa long\u00e9vit\u00e9. Lors de la s\u00e9lection des mat\u00e9riaux pour la production, nous mettons l'accent sur la durabilit\u00e9 et la r\u00e9sistance. Le polyester, connu pour sa faible \u00e9lasticit\u00e9 et sa grande r\u00e9sistance \u00e0 l'abrasion, est un choix populaire. Cette fibre est particuli\u00e8rement efficace pour maintenir la stabilit\u00e9 de la charge, ce qui est essentiel pour la s\u00e9curit\u00e9 des op\u00e9rations de levage. D'autre part, le nylon offre une \u00e9lasticit\u00e9 sup\u00e9rieure qui permet d'absorber les chocs pendant le levage, une caract\u00e9ristique qui peut s'av\u00e9rer b\u00e9n\u00e9fique dans diverses applications.<\/p>\n<p>Chaque aspect du processus de fabrication est con\u00e7u pour respecter les normes les plus strictes. De la s\u00e9lection des fibres \u00e0 la technique de tissage, chaque \u00e9lingue subit des tests rigoureux pour confirmer sa capacit\u00e9 \u00e0 supporter en toute s\u00e9curit\u00e9 des charges allant jusqu'\u00e0 3 tonnes. Des coutures renforc\u00e9es et des embouts de haute qualit\u00e9 am\u00e9liorent la durabilit\u00e9 de l'\u00e9lingue, r\u00e9duisant le risque d'usure et augmentant sa dur\u00e9e de vie. Gr\u00e2ce \u00e0 ces caract\u00e9ristiques, l'\u00e9lingue en sangle 3 tonnes est un investissement pr\u00e9cieux pour les entreprises qui recherchent des solutions de levage fiables.<\/p>\n<p>L'assurance qualit\u00e9 est primordiale chez Qingdao H&amp;F, et nos clients peuvent s'attendre \u00e0 ce que chaque produit soit accompagn\u00e9 d'un rapport d'inspection d\u00e9taill\u00e9. Ces rapports fournissent des informations essentielles sur les caract\u00e9ristiques de performance de l'\u00e9lingue, notamment sa r\u00e9sistance \u00e0 la rupture et sa conformit\u00e9 aux normes industrielles. En nous assurant que chaque \u00e9lingue r\u00e9pond \u00e0 ces crit\u00e8res, nous aidons nos clients \u00e0 prendre des d\u00e9cisions \u00e9clair\u00e9es, en donnant la priorit\u00e9 \u00e0 la s\u00e9curit\u00e9 et \u00e0 la fiabilit\u00e9 dans leurs op\u00e9rations de levage.<\/p>\n<h3><strong>Applications polyvalentes et avantages pour l'industrie<\/strong><\/h3>\n<p>La polyvalence de l'\u00e9lingue en sangle de 3 tonnes en fait un choix id\u00e9al pour un large \u00e9ventail d'applications dans diverses industries. Dans le secteur de la construction, par exemple, cette \u00e9lingue peut \u00eatre utilis\u00e9e pour soulever et d\u00e9placer des mat\u00e9riaux lourds tels que des poutres en acier, des blocs de b\u00e9ton et des machines. La l\u00e9g\u00e8ret\u00e9 des \u00e9lingues en sangle les rend plus faciles \u00e0 manipuler que les cha\u00eenes m\u00e9talliques traditionnelles, ce qui minimise la fatigue de l'op\u00e9rateur et am\u00e9liore la s\u00e9curit\u00e9 g\u00e9n\u00e9rale.<\/p>\n<p>Dans le domaine de la logistique et de l'entreposage, l'\u00e9lingue en sangle de 3 tonnes s'av\u00e8re inestimable pour le transport des marchandises et des mat\u00e9riaux. Sa capacit\u00e9 \u00e0 soulever en toute s\u00e9curit\u00e9 de lourdes charges garantit le bon d\u00e9roulement des op\u00e9rations. La flexibilit\u00e9 de l'\u00e9lingue lui permet d'\u00eatre utilis\u00e9e dans des espaces restreints o\u00f9 d'autres \u00e9quipements de levage pourraient rencontrer des difficult\u00e9s. En outre, la nature non dommageable de la sangle signifie qu'elle peut soulever en toute s\u00e9curit\u00e9 des produits fragiles ou finis sans risque de rayures ou de bosses.<\/p>\n<p>Un autre avantage important de l'\u00e9lingue en sangle de 3 tonnes est sa facilit\u00e9 d'entretien. Contrairement aux cha\u00eenes ou autres dispositifs de levage en m\u00e9tal, les \u00e9lingues en sangle ne n\u00e9cessitent qu'un entretien minimal. Des inspections r\u00e9guli\u00e8res et un stockage ad\u00e9quat peuvent prolonger consid\u00e9rablement leur dur\u00e9e de vie, ce qui en fait une option rentable pour les entreprises soucieuses de leur efficacit\u00e9 op\u00e9rationnelle.<\/p>\n<p>Qingdao H&amp;F reconna\u00eet l'\u00e9volution des besoins de diverses industries, et notre \u00e9lingue en sangle de 3 tonnes est con\u00e7ue pour r\u00e9pondre \u00e0 ces demandes. Qu'il s'agisse de construction, de logistique ou de fabrication, cette \u00e9lingue offre la fiabilit\u00e9 et les performances dont les entreprises ont besoin pour r\u00e9ussir. La capacit\u00e9 \u00e0 soulever des charges importantes en toute s\u00e9curit\u00e9 et de mani\u00e8re efficace peut consid\u00e9rablement am\u00e9liorer la productivit\u00e9, permettant aux op\u00e9rateurs de se concentrer sur leurs t\u00e2ches principales sans se soucier des d\u00e9faillances de l'\u00e9quipement.<\/p>\n<h3><strong>Qingdao H&amp;F : Votre partenaire en mati\u00e8re de qualit\u00e9 et de service<\/strong><\/h3>\n<p>Chez Qingdao H&amp;F, notre attachement \u00e0 la qualit\u00e9 et \u00e0 la satisfaction du client nous distingue dans le paysage concurrentiel des solutions de levage. L'\u00e9lingue en sangle de 3 tonnes repr\u00e9sente notre engagement \u00e0 fournir aux clients des produits qui sont non seulement durables et fiables, mais aussi soutenus par un service exceptionnel. Gr\u00e2ce \u00e0 notre assistance personnalis\u00e9e, nous guidons nos clients tout au long du processus de s\u00e9lection, en veillant \u00e0 ce qu'ils choisissent l'\u00e9lingue qui convient le mieux \u00e0 leurs besoins sp\u00e9cifiques.<\/p>\n<p>Nous mettons l'accent sur des cycles de livraison rapides, ce qui signifie que les clients peuvent compter sur nous pour avoir acc\u00e8s \u00e0 leur \u00e9quipement de levage en temps voulu. Nous comprenons l'importance d'avoir les bons outils au bon moment, et notre \u00e9quipe logistique travaille avec diligence pour r\u00e9pondre \u00e0 ces attentes, voire les d\u00e9passer. En outre, nos rapports complets d'inspection de la qualit\u00e9 offrent la transparence dont les clients ont besoin pour \u00eatre s\u00fbrs de leur achat, renfor\u00e7ant ainsi notre engagement en mati\u00e8re de s\u00e9curit\u00e9 et de performance.<\/p>\n<p>Choisir l'\u00e9lingue en sangle de 3 tonnes de Qingdao H&amp;F, c'est investir dans une solution de levage de haute qualit\u00e9, soutenue par une entreprise qui valorise ses clients et donne la priorit\u00e9 \u00e0 leurs besoins. En fournissant des produits fiables et un service exceptionnel, nous visons \u00e0 favoriser des partenariats \u00e0 long terme fond\u00e9s sur la confiance et la fiabilit\u00e9. Nos clients peuvent \u00eatre assur\u00e9s qu'en choisissant nos sangles, ils s'\u00e9quipent des meilleurs outils disponibles sur le march\u00e9, am\u00e9liorant ainsi leur efficacit\u00e9 op\u00e9rationnelle et leurs normes de s\u00e9curit\u00e9.<\/p>","protected":false},"excerpt":{"rendered":"<p>L'\u00e9lingue en sangle de 3 tonnes propos\u00e9e par Qingdao H&amp;F est un outil essentiel pour un levage s\u00fbr et efficace dans une vari\u00e9t\u00e9 d'applications industrielles. Les acheteurs cherchent souvent \u00e0 s'assurer de la s\u00e9curit\u00e9 de la charge, de la durabilit\u00e9 et de la facilit\u00e9 d'utilisation de l'\u00e9quipement de levage. Cette \u00e9lingue r\u00e9pond \u00e0 ces besoins, gr\u00e2ce \u00e0 sa construction solide con\u00e7ue pour manipuler des charges plus lourdes avec fiabilit\u00e9. En tant que soci\u00e9t\u00e9 commerciale, nous sommes fiers d'offrir une valeur exceptionnelle gr\u00e2ce \u00e0 un service client personnalis\u00e9, des cycles de livraison rapides et des rapports d'inspection de la qualit\u00e9 complets, garantissant que chaque produit r\u00e9pond aux normes les plus \u00e9lev\u00e9es en mati\u00e8re de s\u00e9curit\u00e9 et de performance.<\/p>","protected":false},"featured_media":8197,"comment_status":"open","ping_status":"closed","template":"","meta":{"site-sidebar-layout":"default","site-content-layout":"","ast-site-content-layout":"default","site-content-style":"default","site-sidebar-style":"default","ast-global-header-display":"","ast-banner-title-visibility":"","ast-main-header-display":"","ast-hfb-above-header-display":"","ast-hfb-below-header-display":"","ast-hfb-mobile-header-display":"","site-post-title":"","ast-breadcrumbs-content":"","ast-featured-img":"","footer-sml-layout":"","theme-transparent-header-meta":"default","adv-header-id-meta":"","stick-header-meta":"default","header-above-stick-meta":"","header-main-stick-meta":"","header-below-stick-meta":"","astra-migrate-meta-layouts":"set","ast-page-background-enabled":"default","ast-page-background-meta":{"desktop":{"background-color":"","background-image":"","background-repeat":"repeat","background-position":"center center","background-size":"auto","background-attachment":"scroll","background-type":"","background-media":"","overlay-type":"","overlay-color":"","overlay-opacity":"","overlay-gradient":""},"tablet":{"background-color":"","background-image":"","background-repeat":"repeat","background-position":"center center","background-size":"auto","background-attachment":"scroll","background-type":"","background-media":"","overlay-type":"","overlay-color":"","overlay-opacity":"","overlay-gradient":""},"mobile":{"background-color":"","background-image":"","background-repeat":"repeat","background-position":"center center","background-size":"auto","background-attachment":"scroll","background-type":"","background-media":"","overlay-type":"","overlay-color":"","overlay-opacity":"","overlay-gradient":""}},"ast-content-background-meta":{"desktop":{"background-color":"var(--ast-global-color-5)","background-image":"","background-repeat":"repeat","background-position":"center center","background-size":"auto","background-attachment":"scroll","background-type":"","background-media":"","overlay-type":"","overlay-color":"","overlay-opacity":"","overlay-gradient":""},"tablet":{"background-color":"var(--ast-global-color-5)","background-image":"","background-repeat":"repeat","background-position":"center center","background-size":"auto","background-attachment":"scroll","background-type":"","background-media":"","overlay-type":"","overlay-color":"","overlay-opacity":"","overlay-gradient":""},"mobile":{"background-color":"var(--ast-global-color-5)","background-image":"","background-repeat":"repeat","background-position":"center center","background-size":"auto","background-attachment":"scroll","background-type":"","background-media":"","overlay-type":"","overlay-color":"","overlay-opacity":"","overlay-gradient":""}}},"product_brand":[],"product_cat":[39],"product_tag":[],"class_list":{"0":"post-8280","1":"product","2":"type-product","3":"status-publish","4":"has-post-thumbnail","6":"product_cat-webbing-sling","7":"desktop-align-left","8":"tablet-align-left","9":"mobile-align-left","10":"ast-product-gallery-layout-horizontal-slider","11":"ast-product-gallery-with-no-image","12":"ast-product-tabs-layout-horizontal","14":"first","15":"instock","16":"shipping-taxable","17":"purchasable","18":"product-type-simple"},"yoast_head":"<!-- This site is optimized with the Yoast SEO plugin v25.2 - https:\/\/yoast.com\/wordpress\/plugins\/seo\/ -->\n<title>Flat Webbing Sling 3 Ton Polyester Double Duplex<\/title>\n<meta name=\"robots\" content=\"index, follow, max-snippet:-1, max-image-preview:large, max-video-preview:-1\" \/>\n<link rel=\"canonical\" href=\"https:\/\/qingdaohf.com\/fr\/produit\/elingue-en-sangle-3-tonnes\/\" \/>\n<meta property=\"og:locale\" content=\"fr_FR\" \/>\n<meta property=\"og:type\" content=\"article\" \/>\n<meta property=\"og:title\" content=\"Flat Webbing Sling 3 Ton Polyester Double Duplex\" \/>\n<meta property=\"og:description\" content=\"The 3-ton webbing sling offered by Qingdao H&amp;F is an essential tool for safe and effective lifting in a variety of industrial applications. Buyers often seek assurance regarding load security, durability, and the ease of use of lifting equipment. This sling meets those needs, boasting a strong construction designed for handling heavier loads with reliability. As a trading company, we pride ourselves on delivering exceptional value through one-on-one customer service, rapid delivery cycles, and comprehensive quality inspection reports, ensuring that each product is up to the highest standards of safety and performance.\" \/>\n<meta property=\"og:url\" content=\"https:\/\/qingdaohf.com\/fr\/produit\/elingue-en-sangle-3-tonnes\/\" \/>\n<meta property=\"og:site_name\" content=\"Concrete Form &amp; Rigging Hardware Supplier\" \/>\n<meta property=\"article:publisher\" content=\"https:\/\/www.facebook.com\/qingdaohf\" \/>\n<meta property=\"article:modified_time\" content=\"2025-11-13T01:02:53+00:00\" \/>\n<meta property=\"og:image\" content=\"https:\/\/qingdaohf.com\/wp-content\/uploads\/2024\/10\/3-ton-webbing-sling_1.webp\" \/>\n\t<meta property=\"og:image:width\" content=\"1000\" \/>\n\t<meta property=\"og:image:height\" content=\"1000\" \/>\n\t<meta property=\"og:image:type\" content=\"image\/webp\" \/>\n<meta name=\"twitter:card\" content=\"summary_large_image\" \/>\n<meta name=\"twitter:label1\" content=\"Dur\u00e9e de lecture estim\u00e9e\" \/>\n\t<meta name=\"twitter:data1\" content=\"5 minutes\" \/>\n<script type=\"application\/ld+json\" class=\"yoast-schema-graph\">{\"@context\":\"https:\/\/schema.org\",\"@graph\":[{\"@type\":\"WebPage\",\"@id\":\"https:\/\/qingdaohf.com\/product\/webbing-sling-3-ton\/\",\"url\":\"https:\/\/qingdaohf.com\/product\/webbing-sling-3-ton\/\",\"name\":\"Flat Webbing Sling 3 Ton Polyester Double Duplex\",\"isPartOf\":{\"@id\":\"https:\/\/qingdaohf.com\/bg\/#website\"},\"primaryImageOfPage\":{\"@id\":\"https:\/\/qingdaohf.com\/product\/webbing-sling-3-ton\/#primaryimage\"},\"image\":{\"@id\":\"https:\/\/qingdaohf.com\/product\/webbing-sling-3-ton\/#primaryimage\"},\"thumbnailUrl\":\"https:\/\/qingdaohf.com\/wp-content\/uploads\/2024\/10\/3-ton-webbing-sling_1.webp\",\"datePublished\":\"2024-11-05T08:43:34+00:00\",\"dateModified\":\"2025-11-13T01:02:53+00:00\",\"breadcrumb\":{\"@id\":\"https:\/\/qingdaohf.com\/product\/webbing-sling-3-ton\/#breadcrumb\"},\"inLanguage\":\"fr-FR\",\"potentialAction\":[{\"@type\":\"ReadAction\",\"target\":[\"https:\/\/qingdaohf.com\/product\/webbing-sling-3-ton\/\"]}]},{\"@type\":\"ImageObject\",\"inLanguage\":\"fr-FR\",\"@id\":\"https:\/\/qingdaohf.com\/product\/webbing-sling-3-ton\/#primaryimage\",\"url\":\"https:\/\/qingdaohf.com\/wp-content\/uploads\/2024\/10\/3-ton-webbing-sling_1.webp\",\"contentUrl\":\"https:\/\/qingdaohf.com\/wp-content\/uploads\/2024\/10\/3-ton-webbing-sling_1.webp\",\"width\":1000,\"height\":1000,\"caption\":\"3 ton webbing sling_1\"},{\"@type\":\"BreadcrumbList\",\"@id\":\"https:\/\/qingdaohf.com\/product\/webbing-sling-3-ton\/#breadcrumb\",\"itemListElement\":[{\"@type\":\"ListItem\",\"position\":1,\"name\":\"Home\",\"item\":\"https:\/\/qingdaohf.com\/\"},{\"@type\":\"ListItem\",\"position\":2,\"name\":\"Concrete Forming Accessories and Rigging Hardware\",\"item\":\"https:\/\/qingdaohf.com\/bg\/?page_id=944\"},{\"@type\":\"ListItem\",\"position\":3,\"name\":\"Flat Webbing Sling 3 Ton Polyester Double Duplex\"}]},{\"@type\":\"WebSite\",\"@id\":\"https:\/\/qingdaohf.com\/bg\/#website\",\"url\":\"https:\/\/qingdaohf.com\/bg\/\",\"name\":\"Concrete Form & Rigging Hardware Supplier\",\"description\":\"\",\"publisher\":{\"@id\":\"https:\/\/qingdaohf.com\/bg\/#organization\"},\"potentialAction\":[{\"@type\":\"SearchAction\",\"target\":{\"@type\":\"EntryPoint\",\"urlTemplate\":\"https:\/\/qingdaohf.com\/bg\/?s={search_term_string}\"},\"query-input\":{\"@type\":\"PropertyValueSpecification\",\"valueRequired\":true,\"valueName\":\"search_term_string\"}}],\"inLanguage\":\"fr-FR\"},{\"@type\":\"Organization\",\"@id\":\"https:\/\/qingdaohf.com\/bg\/#organization\",\"name\":\"Qingdao H&F\",\"url\":\"https:\/\/qingdaohf.com\/bg\/\",\"logo\":{\"@type\":\"ImageObject\",\"inLanguage\":\"fr-FR\",\"@id\":\"https:\/\/qingdaohf.com\/bg\/#\/schema\/logo\/image\/\",\"url\":\"https:\/\/qingdaohf.com\/wp-content\/uploads\/2022\/12\/cropped-HF-LOGO.png\",\"contentUrl\":\"https:\/\/qingdaohf.com\/wp-content\/uploads\/2022\/12\/cropped-HF-LOGO.png\",\"width\":391,\"height\":249,\"caption\":\"Qingdao H&F\"},\"image\":{\"@id\":\"https:\/\/qingdaohf.com\/bg\/#\/schema\/logo\/image\/\"},\"sameAs\":[\"https:\/\/www.facebook.com\/qingdaohf\"]}]}<\/script>\n<!-- \/ Yoast SEO plugin. -->","yoast_head_json":{"title":"Flat Webbing Sling 3 Ton Polyester Double Duplex","robots":{"index":"index","follow":"follow","max-snippet":"max-snippet:-1","max-image-preview":"max-image-preview:large","max-video-preview":"max-video-preview:-1"},"canonical":"https:\/\/qingdaohf.com\/fr\/produit\/elingue-en-sangle-3-tonnes\/","og_locale":"fr_FR","og_type":"article","og_title":"Flat Webbing Sling 3 Ton Polyester Double Duplex","og_description":"The 3-ton webbing sling offered by Qingdao H&amp;F is an essential tool for safe and effective lifting in a variety of industrial applications. Buyers often seek assurance regarding load security, durability, and the ease of use of lifting equipment. This sling meets those needs, boasting a strong construction designed for handling heavier loads with reliability. As a trading company, we pride ourselves on delivering exceptional value through one-on-one customer service, rapid delivery cycles, and comprehensive quality inspection reports, ensuring that each product is up to the highest standards of safety and performance.","og_url":"https:\/\/qingdaohf.com\/fr\/produit\/elingue-en-sangle-3-tonnes\/","og_site_name":"Concrete Form &amp; Rigging Hardware Supplier","article_publisher":"https:\/\/www.facebook.com\/qingdaohf","article_modified_time":"2025-11-13T01:02:53+00:00","og_image":[{"width":1000,"height":1000,"url":"https:\/\/qingdaohf.com\/wp-content\/uploads\/2024\/10\/3-ton-webbing-sling_1.webp","type":"image\/webp"}],"twitter_card":"summary_large_image","twitter_misc":{"Dur\u00e9e de lecture estim\u00e9e":"5 minutes"},"schema":{"@context":"https:\/\/schema.org","@graph":[{"@type":"WebPage","@id":"https:\/\/qingdaohf.com\/product\/webbing-sling-3-ton\/","url":"https:\/\/qingdaohf.com\/product\/webbing-sling-3-ton\/","name":"Flat Webbing Sling 3 Ton Polyester Double Duplex","isPartOf":{"@id":"https:\/\/qingdaohf.com\/bg\/#website"},"primaryImageOfPage":{"@id":"https:\/\/qingdaohf.com\/product\/webbing-sling-3-ton\/#primaryimage"},"image":{"@id":"https:\/\/qingdaohf.com\/product\/webbing-sling-3-ton\/#primaryimage"},"thumbnailUrl":"https:\/\/qingdaohf.com\/wp-content\/uploads\/2024\/10\/3-ton-webbing-sling_1.webp","datePublished":"2024-11-05T08:43:34+00:00","dateModified":"2025-11-13T01:02:53+00:00","breadcrumb":{"@id":"https:\/\/qingdaohf.com\/product\/webbing-sling-3-ton\/#breadcrumb"},"inLanguage":"fr-FR","potentialAction":[{"@type":"ReadAction","target":["https:\/\/qingdaohf.com\/product\/webbing-sling-3-ton\/"]}]},{"@type":"ImageObject","inLanguage":"fr-FR","@id":"https:\/\/qingdaohf.com\/product\/webbing-sling-3-ton\/#primaryimage","url":"https:\/\/qingdaohf.com\/wp-content\/uploads\/2024\/10\/3-ton-webbing-sling_1.webp","contentUrl":"https:\/\/qingdaohf.com\/wp-content\/uploads\/2024\/10\/3-ton-webbing-sling_1.webp","width":1000,"height":1000,"caption":"3 ton webbing sling_1"},{"@type":"BreadcrumbList","@id":"https:\/\/qingdaohf.com\/product\/webbing-sling-3-ton\/#breadcrumb","itemListElement":[{"@type":"ListItem","position":1,"name":"Home","item":"https:\/\/qingdaohf.com\/"},{"@type":"ListItem","position":2,"name":"Concrete Forming Accessories and Rigging Hardware","item":"https:\/\/qingdaohf.com\/bg\/?page_id=944"},{"@type":"ListItem","position":3,"name":"Flat Webbing Sling 3 Ton Polyester Double Duplex"}]},{"@type":"WebSite","@id":"https:\/\/qingdaohf.com\/bg\/#website","url":"https:\/\/qingdaohf.com\/bg\/","name":"Concrete Form & Rigging Hardware Supplier","description":"","publisher":{"@id":"https:\/\/qingdaohf.com\/bg\/#organization"},"potentialAction":[{"@type":"SearchAction","target":{"@type":"EntryPoint","urlTemplate":"https:\/\/qingdaohf.com\/bg\/?s={search_term_string}"},"query-input":{"@type":"PropertyValueSpecification","valueRequired":true,"valueName":"search_term_string"}}],"inLanguage":"fr-FR"},{"@type":"Organization","@id":"https:\/\/qingdaohf.com\/bg\/#organization","name":"Qingdao H&F","url":"https:\/\/qingdaohf.com\/bg\/","logo":{"@type":"ImageObject","inLanguage":"fr-FR","@id":"https:\/\/qingdaohf.com\/bg\/#\/schema\/logo\/image\/","url":"https:\/\/qingdaohf.com\/wp-content\/uploads\/2022\/12\/cropped-HF-LOGO.png","contentUrl":"https:\/\/qingdaohf.com\/wp-content\/uploads\/2022\/12\/cropped-HF-LOGO.png","width":391,"height":249,"caption":"Qingdao H&F"},"image":{"@id":"https:\/\/qingdaohf.com\/bg\/#\/schema\/logo\/image\/"},"sameAs":["https:\/\/www.facebook.com\/qingdaohf"]}]}},"_links":{"self":[{"href":"https:\/\/qingdaohf.com\/fr\/wp-json\/wp\/v2\/product\/8280","targetHints":{"allow":["GET"]}}],"collection":[{"href":"https:\/\/qingdaohf.com\/fr\/wp-json\/wp\/v2\/product"}],"about":[{"href":"https:\/\/qingdaohf.com\/fr\/wp-json\/wp\/v2\/types\/product"}],"replies":[{"embeddable":true,"href":"https:\/\/qingdaohf.com\/fr\/wp-json\/wp\/v2\/comments?post=8280"}],"version-history":[{"count":2,"href":"https:\/\/qingdaohf.com\/fr\/wp-json\/wp\/v2\/product\/8280\/revisions"}],"predecessor-version":[{"id":8338,"href":"https:\/\/qingdaohf.com\/fr\/wp-json\/wp\/v2\/product\/8280\/revisions\/8338"}],"wp:featuredmedia":[{"embeddable":true,"href":"https:\/\/qingdaohf.com\/fr\/wp-json\/wp\/v2\/media\/8197"}],"wp:attachment":[{"href":"https:\/\/qingdaohf.com\/fr\/wp-json\/wp\/v2\/media?parent=8280"}],"wp:term":[{"taxonomy":"product_brand","embeddable":true,"href":"https:\/\/qingdaohf.com\/fr\/wp-json\/wp\/v2\/product_brand?post=8280"},{"taxonomy":"product_cat","embeddable":true,"href":"https:\/\/qingdaohf.com\/fr\/wp-json\/wp\/v2\/product_cat?post=8280"},{"taxonomy":"product_tag","embeddable":true,"href":"https:\/\/qingdaohf.com\/fr\/wp-json\/wp\/v2\/product_tag?post=8280"}],"curies":[{"name":"wp","href":"https:\/\/api.w.org\/{rel}","templated":true}]}}