{"id":8283,"date":"2024-11-05T17:52:39","date_gmt":"2024-11-05T09:52:39","guid":{"rendered":"http:\/\/qingdaohf.com\/?post_type=product&#038;p=8283"},"modified":"2025-11-13T09:02:53","modified_gmt":"2025-11-13T01:02:53","slug":"webbing-sling-4-ton","status":"publish","type":"product","link":"https:\/\/qingdaohf.com\/fr\/produit\/elingue-en-sangle-4-tonnes\/","title":{"rendered":"Sangle plate \u00e9lingue 4 tonnes polyester double duplex"},"content":{"rendered":"<h4>Performances sup\u00e9rieures et caract\u00e9ristiques principales du harnais en sangle 4 tonnes<\/h4>\n<p>Lorsqu'il s'agit d'\u00e9quipement de levage lourd, la fiabilit\u00e9, la s\u00e9curit\u00e9 et la durabilit\u00e9 sont des facteurs essentiels pour les acheteurs industriels. L'\u00e9lingue en sangle 4 tonnes de Qingdao H&amp;F est con\u00e7ue pour servir les industries qui ont besoin de solutions s\u00fbres et fiables pour g\u00e9rer les charges lourdes. Cette \u00e9lingue est fabriqu\u00e9e \u00e0 partir de fibres polyester haute r\u00e9sistance qui r\u00e9sistent \u00e0 l'abrasion et \u00e0 la d\u00e9gradation par les UV, offrant ainsi long\u00e9vit\u00e9 et r\u00e9silience. Capable de soulever des charges allant jusqu'\u00e0 4 tonnes, cette sangle est id\u00e9ale pour une vari\u00e9t\u00e9 d'applications, des sites de construction et d'entreposage \u00e0 la logistique et au transport.<\/p>\n<p>La qualit\u00e9 est la pierre angulaire de l'offre de Qingdao H&amp;F. Chaque \u00e9lingue de 4 tonnes est soumise \u00e0 des tests rigoureux et des rapports d'inspection de la qualit\u00e9 sont disponibles pour v\u00e9rifier sa conformit\u00e9 aux normes internationales. Les acheteurs peuvent \u00eatre assur\u00e9s que chaque produit a fait l'objet d'une inspection minutieuse, ce qui r\u00e9duit le risque d'usure ou de d\u00e9faillance sous charge. L'utilisation de mat\u00e9riaux durables et de techniques de fabrication pr\u00e9cises permet \u00e0 cette sangle de conserver sa r\u00e9sistance et sa fonctionnalit\u00e9, m\u00eame dans des conditions difficiles. L'engagement de Qingdao H&amp;F \u00e0 fournir des livraisons d'entrep\u00f4t \u00e0 entrep\u00f4t rationalise \u00e9galement le processus d'achat, offrant un acc\u00e8s rapide \u00e0 l'\u00e9quipement essentiel sans d\u00e9lai.<\/p>\n<h4>Adapt\u00e9 aux besoins de l'industrie : S\u00e9curit\u00e9, efficacit\u00e9 et fiabilit\u00e9<\/h4>\n<p>La s\u00e9curit\u00e9 est primordiale dans le domaine du levage industriel. L'\u00e9lingue en sangle de 4 tonnes de Qingdao H&amp;F est con\u00e7ue pour respecter et d\u00e9passer les normes de s\u00e9curit\u00e9, ce qui permet aux op\u00e9rateurs de manipuler de lourdes charges en toute confiance. La large surface de l'\u00e9lingue r\u00e9duit les points de pression sur la charge, r\u00e9partissant le poids uniform\u00e9ment pour \u00e9viter les dommages. Dans les applications o\u00f9 l'int\u00e9grit\u00e9 de la charge est essentielle, cette caract\u00e9ristique de conception est inestimable, car elle minimise le risque de glissement ou de d\u00e9placement soudain de la charge pendant la manutention. Ce souci du d\u00e9tail dans la conception et la construction souligne l'engagement de Qingdao H&amp;F \u00e0 r\u00e9pondre aux exigences de l'industrie en mati\u00e8re de gestion s\u00fbre et efficace des charges.<\/p>\n<p>L'un des aspects remarquables de l'offre de Qingdao H&amp;F est l'exp\u00e9rience d'un service client personnalis\u00e9. Cette approche personnalis\u00e9e permet aux acheteurs de discuter de leurs besoins sp\u00e9cifiques et d'obtenir des recommandations sur mesure, ce qui facilite la s\u00e9lection de la meilleure sangle pour des applications particuli\u00e8res. Gr\u00e2ce \u00e0 un cycle de livraison rapide et \u00e0 une \u00e9quipe de service client\u00e8le r\u00e9active, Qingdao H&amp;F s'assure que les clients re\u00e7oivent une assistance en temps voulu et des conseils pr\u00e9cis sur les produits, ce qui permet de r\u00e9duire les temps d'arr\u00eat et d'am\u00e9liorer l'efficacit\u00e9 op\u00e9rationnelle.<\/p>\n<h4>L'approche centr\u00e9e sur le client de Qingdao H&amp;F : Garantir la qualit\u00e9 et le respect des d\u00e9lais<\/h4>\n<p>La r\u00e9putation de fiabilit\u00e9 de Qingdao H&amp;F va au-del\u00e0 de la qualit\u00e9 de ses produits et englobe l'ensemble de l'exp\u00e9rience client. En tant qu'entreprise commerciale B2B forte de deux d\u00e9cennies d'exp\u00e9rience, Qingdao H&amp;F comprend l'importance cruciale des livraisons dans les d\u00e9lais et de l'assurance qualit\u00e9. Chaque sangle de 4 tonnes est accompagn\u00e9e de rapports d'inspection de la qualit\u00e9 d\u00e9taill\u00e9s, ce qui offre transparence et assurance aux acheteurs. Ces rapports attestent que le produit a \u00e9t\u00e9 soumis \u00e0 des tests rigoureux, confirmant sa capacit\u00e9, sa durabilit\u00e9 et sa conformit\u00e9 aux r\u00e8gles de s\u00e9curit\u00e9.<\/p>\n<p>Outre la qualit\u00e9 des produits, Qingdao H&amp;F met l'accent sur une exp\u00e9rience d'achat optimale. La logistique rationalis\u00e9e et le service d'entrep\u00f4t \u00e0 entrep\u00f4t de la soci\u00e9t\u00e9 garantissent que les acheteurs peuvent recevoir leurs commandes avec des temps d'attente minimaux, une caract\u00e9ristique essentielle pour les entreprises qui travaillent avec des calendriers serr\u00e9s. En outre, le service client\u00e8le d\u00e9di\u00e9 offert par Qingdao H&amp;F ajoute une valeur significative, en aidant les clients \u00e0 naviguer dans les s\u00e9lections de produits et \u00e0 obtenir des informations adapt\u00e9es \u00e0 leurs besoins en mati\u00e8re de levage.<\/p>","protected":false},"excerpt":{"rendered":"<p>L'\u00e9lingue en sangle 4 tonnes est con\u00e7ue pour r\u00e9pondre aux principales exigences des acheteurs industriels, en combinant r\u00e9sistance et fiabilit\u00e9 pour les op\u00e9rations de levage de charges lourdes. Cette \u00e9lingue en sangle assure un levage s\u00fbr et efficace pour des charges allant jusqu'\u00e0 4 tonnes, en r\u00e9pondant aux pr\u00e9occupations des acheteurs telles que la durabilit\u00e9, la qualit\u00e9 des mat\u00e9riaux et la conformit\u00e9 aux normes de s\u00e9curit\u00e9. En tant que partenaire commercial de confiance avec 20 ans d'exp\u00e9rience, Qingdao H&amp;F fournit un support client personnalis\u00e9, un cycle de livraison rapide et des rapports d'inspection de la qualit\u00e9 complets pour garantir l'int\u00e9grit\u00e9 du produit. Cette approche ax\u00e9e sur le service ajoute de la valeur en favorisant la confiance et la fiabilit\u00e9 dans chaque achat.<\/p>","protected":false},"featured_media":8195,"comment_status":"open","ping_status":"closed","template":"","meta":{"site-sidebar-layout":"default","site-content-layout":"","ast-site-content-layout":"default","site-content-style":"default","site-sidebar-style":"default","ast-global-header-display":"","ast-banner-title-visibility":"","ast-main-header-display":"","ast-hfb-above-header-display":"","ast-hfb-below-header-display":"","ast-hfb-mobile-header-display":"","site-post-title":"","ast-breadcrumbs-content":"","ast-featured-img":"","footer-sml-layout":"","theme-transparent-header-meta":"default","adv-header-id-meta":"","stick-header-meta":"default","header-above-stick-meta":"","header-main-stick-meta":"","header-below-stick-meta":"","astra-migrate-meta-layouts":"set","ast-page-background-enabled":"default","ast-page-background-meta":{"desktop":{"background-color":"","background-image":"","background-repeat":"repeat","background-position":"center center","background-size":"auto","background-attachment":"scroll","background-type":"","background-media":"","overlay-type":"","overlay-color":"","overlay-opacity":"","overlay-gradient":""},"tablet":{"background-color":"","background-image":"","background-repeat":"repeat","background-position":"center center","background-size":"auto","background-attachment":"scroll","background-type":"","background-media":"","overlay-type":"","overlay-color":"","overlay-opacity":"","overlay-gradient":""},"mobile":{"background-color":"","background-image":"","background-repeat":"repeat","background-position":"center center","background-size":"auto","background-attachment":"scroll","background-type":"","background-media":"","overlay-type":"","overlay-color":"","overlay-opacity":"","overlay-gradient":""}},"ast-content-background-meta":{"desktop":{"background-color":"var(--ast-global-color-5)","background-image":"","background-repeat":"repeat","background-position":"center center","background-size":"auto","background-attachment":"scroll","background-type":"","background-media":"","overlay-type":"","overlay-color":"","overlay-opacity":"","overlay-gradient":""},"tablet":{"background-color":"var(--ast-global-color-5)","background-image":"","background-repeat":"repeat","background-position":"center center","background-size":"auto","background-attachment":"scroll","background-type":"","background-media":"","overlay-type":"","overlay-color":"","overlay-opacity":"","overlay-gradient":""},"mobile":{"background-color":"var(--ast-global-color-5)","background-image":"","background-repeat":"repeat","background-position":"center center","background-size":"auto","background-attachment":"scroll","background-type":"","background-media":"","overlay-type":"","overlay-color":"","overlay-opacity":"","overlay-gradient":""}}},"product_brand":[],"product_cat":[39],"product_tag":[],"class_list":{"0":"post-8283","1":"product","2":"type-product","3":"status-publish","4":"has-post-thumbnail","6":"product_cat-webbing-sling","7":"desktop-align-left","8":"tablet-align-left","9":"mobile-align-left","10":"ast-product-gallery-layout-horizontal-slider","11":"ast-product-gallery-with-no-image","12":"ast-product-tabs-layout-horizontal","14":"first","15":"instock","16":"shipping-taxable","17":"purchasable","18":"product-type-simple"},"yoast_head":"<!-- This site is optimized with the Yoast SEO plugin v25.2 - https:\/\/yoast.com\/wordpress\/plugins\/seo\/ -->\n<title>Flat Webbing Sling 4 Ton Polyester Double Duplex<\/title>\n<meta name=\"robots\" content=\"index, follow, max-snippet:-1, max-image-preview:large, max-video-preview:-1\" \/>\n<link rel=\"canonical\" href=\"https:\/\/qingdaohf.com\/fr\/produit\/elingue-en-sangle-4-tonnes\/\" \/>\n<meta property=\"og:locale\" content=\"fr_FR\" \/>\n<meta property=\"og:type\" content=\"article\" \/>\n<meta property=\"og:title\" content=\"Flat Webbing Sling 4 Ton Polyester Double Duplex\" \/>\n<meta property=\"og:description\" content=\"4 Ton Webbing Sling is designed to meet the key demands of industrial buyers, combining strength and reliability for heavy-duty lifting operations. This webbing sling assures secure and efficient lifting for loads up to 4 tons, addressing buyer concerns such as durability, material quality, and compliance with safety standards. As a trusted trading partner with 20 years of experience, Qingdao H&amp;F provides one-on-one customer support, a fast delivery cycle, and comprehensive quality inspection reports to ensure product integrity. This service-oriented approach adds value by fostering confidence and reliability in every purchase.\" \/>\n<meta property=\"og:url\" content=\"https:\/\/qingdaohf.com\/fr\/produit\/elingue-en-sangle-4-tonnes\/\" \/>\n<meta property=\"og:site_name\" content=\"Concrete Form &amp; Rigging Hardware Supplier\" \/>\n<meta property=\"article:publisher\" content=\"https:\/\/www.facebook.com\/qingdaohf\" \/>\n<meta property=\"article:modified_time\" content=\"2025-11-13T01:02:53+00:00\" \/>\n<meta property=\"og:image\" content=\"https:\/\/qingdaohf.com\/wp-content\/uploads\/2024\/10\/4ton-sling_1.webp\" \/>\n\t<meta property=\"og:image:width\" content=\"1000\" \/>\n\t<meta property=\"og:image:height\" content=\"1000\" \/>\n\t<meta property=\"og:image:type\" content=\"image\/webp\" \/>\n<meta name=\"twitter:card\" content=\"summary_large_image\" \/>\n<meta name=\"twitter:label1\" content=\"Dur\u00e9e de lecture estim\u00e9e\" \/>\n\t<meta name=\"twitter:data1\" content=\"3 minutes\" \/>\n<script type=\"application\/ld+json\" class=\"yoast-schema-graph\">{\"@context\":\"https:\/\/schema.org\",\"@graph\":[{\"@type\":\"WebPage\",\"@id\":\"https:\/\/qingdaohf.com\/product\/webbing-sling-4-ton\/\",\"url\":\"https:\/\/qingdaohf.com\/product\/webbing-sling-4-ton\/\",\"name\":\"Flat Webbing Sling 4 Ton Polyester Double Duplex\",\"isPartOf\":{\"@id\":\"https:\/\/qingdaohf.com\/bg\/#website\"},\"primaryImageOfPage\":{\"@id\":\"https:\/\/qingdaohf.com\/product\/webbing-sling-4-ton\/#primaryimage\"},\"image\":{\"@id\":\"https:\/\/qingdaohf.com\/product\/webbing-sling-4-ton\/#primaryimage\"},\"thumbnailUrl\":\"https:\/\/qingdaohf.com\/wp-content\/uploads\/2024\/10\/4ton-sling_1.webp\",\"datePublished\":\"2024-11-05T09:52:39+00:00\",\"dateModified\":\"2025-11-13T01:02:53+00:00\",\"breadcrumb\":{\"@id\":\"https:\/\/qingdaohf.com\/product\/webbing-sling-4-ton\/#breadcrumb\"},\"inLanguage\":\"fr-FR\",\"potentialAction\":[{\"@type\":\"ReadAction\",\"target\":[\"https:\/\/qingdaohf.com\/product\/webbing-sling-4-ton\/\"]}]},{\"@type\":\"ImageObject\",\"inLanguage\":\"fr-FR\",\"@id\":\"https:\/\/qingdaohf.com\/product\/webbing-sling-4-ton\/#primaryimage\",\"url\":\"https:\/\/qingdaohf.com\/wp-content\/uploads\/2024\/10\/4ton-sling_1.webp\",\"contentUrl\":\"https:\/\/qingdaohf.com\/wp-content\/uploads\/2024\/10\/4ton-sling_1.webp\",\"width\":1000,\"height\":1000,\"caption\":\"Webbing Sling 4 Ton\"},{\"@type\":\"BreadcrumbList\",\"@id\":\"https:\/\/qingdaohf.com\/product\/webbing-sling-4-ton\/#breadcrumb\",\"itemListElement\":[{\"@type\":\"ListItem\",\"position\":1,\"name\":\"Home\",\"item\":\"https:\/\/qingdaohf.com\/\"},{\"@type\":\"ListItem\",\"position\":2,\"name\":\"Concrete Forming Accessories and Rigging Hardware\",\"item\":\"https:\/\/qingdaohf.com\/bg\/?page_id=944\"},{\"@type\":\"ListItem\",\"position\":3,\"name\":\"Flat Webbing Sling 4 Ton Polyester Double Duplex\"}]},{\"@type\":\"WebSite\",\"@id\":\"https:\/\/qingdaohf.com\/bg\/#website\",\"url\":\"https:\/\/qingdaohf.com\/bg\/\",\"name\":\"Concrete Form & Rigging Hardware Supplier\",\"description\":\"\",\"publisher\":{\"@id\":\"https:\/\/qingdaohf.com\/bg\/#organization\"},\"potentialAction\":[{\"@type\":\"SearchAction\",\"target\":{\"@type\":\"EntryPoint\",\"urlTemplate\":\"https:\/\/qingdaohf.com\/bg\/?s={search_term_string}\"},\"query-input\":{\"@type\":\"PropertyValueSpecification\",\"valueRequired\":true,\"valueName\":\"search_term_string\"}}],\"inLanguage\":\"fr-FR\"},{\"@type\":\"Organization\",\"@id\":\"https:\/\/qingdaohf.com\/bg\/#organization\",\"name\":\"Qingdao H&F\",\"url\":\"https:\/\/qingdaohf.com\/bg\/\",\"logo\":{\"@type\":\"ImageObject\",\"inLanguage\":\"fr-FR\",\"@id\":\"https:\/\/qingdaohf.com\/bg\/#\/schema\/logo\/image\/\",\"url\":\"https:\/\/qingdaohf.com\/wp-content\/uploads\/2022\/12\/cropped-HF-LOGO.png\",\"contentUrl\":\"https:\/\/qingdaohf.com\/wp-content\/uploads\/2022\/12\/cropped-HF-LOGO.png\",\"width\":391,\"height\":249,\"caption\":\"Qingdao H&F\"},\"image\":{\"@id\":\"https:\/\/qingdaohf.com\/bg\/#\/schema\/logo\/image\/\"},\"sameAs\":[\"https:\/\/www.facebook.com\/qingdaohf\"]}]}<\/script>\n<!-- \/ Yoast SEO plugin. -->","yoast_head_json":{"title":"Flat Webbing Sling 4 Ton Polyester Double Duplex","robots":{"index":"index","follow":"follow","max-snippet":"max-snippet:-1","max-image-preview":"max-image-preview:large","max-video-preview":"max-video-preview:-1"},"canonical":"https:\/\/qingdaohf.com\/fr\/produit\/elingue-en-sangle-4-tonnes\/","og_locale":"fr_FR","og_type":"article","og_title":"Flat Webbing Sling 4 Ton Polyester Double Duplex","og_description":"4 Ton Webbing Sling is designed to meet the key demands of industrial buyers, combining strength and reliability for heavy-duty lifting operations. This webbing sling assures secure and efficient lifting for loads up to 4 tons, addressing buyer concerns such as durability, material quality, and compliance with safety standards. As a trusted trading partner with 20 years of experience, Qingdao H&amp;F provides one-on-one customer support, a fast delivery cycle, and comprehensive quality inspection reports to ensure product integrity. This service-oriented approach adds value by fostering confidence and reliability in every purchase.","og_url":"https:\/\/qingdaohf.com\/fr\/produit\/elingue-en-sangle-4-tonnes\/","og_site_name":"Concrete Form &amp; Rigging Hardware Supplier","article_publisher":"https:\/\/www.facebook.com\/qingdaohf","article_modified_time":"2025-11-13T01:02:53+00:00","og_image":[{"width":1000,"height":1000,"url":"https:\/\/qingdaohf.com\/wp-content\/uploads\/2024\/10\/4ton-sling_1.webp","type":"image\/webp"}],"twitter_card":"summary_large_image","twitter_misc":{"Dur\u00e9e de lecture estim\u00e9e":"3 minutes"},"schema":{"@context":"https:\/\/schema.org","@graph":[{"@type":"WebPage","@id":"https:\/\/qingdaohf.com\/product\/webbing-sling-4-ton\/","url":"https:\/\/qingdaohf.com\/product\/webbing-sling-4-ton\/","name":"Flat Webbing Sling 4 Ton Polyester Double Duplex","isPartOf":{"@id":"https:\/\/qingdaohf.com\/bg\/#website"},"primaryImageOfPage":{"@id":"https:\/\/qingdaohf.com\/product\/webbing-sling-4-ton\/#primaryimage"},"image":{"@id":"https:\/\/qingdaohf.com\/product\/webbing-sling-4-ton\/#primaryimage"},"thumbnailUrl":"https:\/\/qingdaohf.com\/wp-content\/uploads\/2024\/10\/4ton-sling_1.webp","datePublished":"2024-11-05T09:52:39+00:00","dateModified":"2025-11-13T01:02:53+00:00","breadcrumb":{"@id":"https:\/\/qingdaohf.com\/product\/webbing-sling-4-ton\/#breadcrumb"},"inLanguage":"fr-FR","potentialAction":[{"@type":"ReadAction","target":["https:\/\/qingdaohf.com\/product\/webbing-sling-4-ton\/"]}]},{"@type":"ImageObject","inLanguage":"fr-FR","@id":"https:\/\/qingdaohf.com\/product\/webbing-sling-4-ton\/#primaryimage","url":"https:\/\/qingdaohf.com\/wp-content\/uploads\/2024\/10\/4ton-sling_1.webp","contentUrl":"https:\/\/qingdaohf.com\/wp-content\/uploads\/2024\/10\/4ton-sling_1.webp","width":1000,"height":1000,"caption":"Webbing Sling 4 Ton"},{"@type":"BreadcrumbList","@id":"https:\/\/qingdaohf.com\/product\/webbing-sling-4-ton\/#breadcrumb","itemListElement":[{"@type":"ListItem","position":1,"name":"Home","item":"https:\/\/qingdaohf.com\/"},{"@type":"ListItem","position":2,"name":"Concrete Forming Accessories and Rigging Hardware","item":"https:\/\/qingdaohf.com\/bg\/?page_id=944"},{"@type":"ListItem","position":3,"name":"Flat Webbing Sling 4 Ton Polyester Double Duplex"}]},{"@type":"WebSite","@id":"https:\/\/qingdaohf.com\/bg\/#website","url":"https:\/\/qingdaohf.com\/bg\/","name":"Concrete Form & Rigging Hardware Supplier","description":"","publisher":{"@id":"https:\/\/qingdaohf.com\/bg\/#organization"},"potentialAction":[{"@type":"SearchAction","target":{"@type":"EntryPoint","urlTemplate":"https:\/\/qingdaohf.com\/bg\/?s={search_term_string}"},"query-input":{"@type":"PropertyValueSpecification","valueRequired":true,"valueName":"search_term_string"}}],"inLanguage":"fr-FR"},{"@type":"Organization","@id":"https:\/\/qingdaohf.com\/bg\/#organization","name":"Qingdao H&F","url":"https:\/\/qingdaohf.com\/bg\/","logo":{"@type":"ImageObject","inLanguage":"fr-FR","@id":"https:\/\/qingdaohf.com\/bg\/#\/schema\/logo\/image\/","url":"https:\/\/qingdaohf.com\/wp-content\/uploads\/2022\/12\/cropped-HF-LOGO.png","contentUrl":"https:\/\/qingdaohf.com\/wp-content\/uploads\/2022\/12\/cropped-HF-LOGO.png","width":391,"height":249,"caption":"Qingdao H&F"},"image":{"@id":"https:\/\/qingdaohf.com\/bg\/#\/schema\/logo\/image\/"},"sameAs":["https:\/\/www.facebook.com\/qingdaohf"]}]}},"_links":{"self":[{"href":"https:\/\/qingdaohf.com\/fr\/wp-json\/wp\/v2\/product\/8283","targetHints":{"allow":["GET"]}}],"collection":[{"href":"https:\/\/qingdaohf.com\/fr\/wp-json\/wp\/v2\/product"}],"about":[{"href":"https:\/\/qingdaohf.com\/fr\/wp-json\/wp\/v2\/types\/product"}],"replies":[{"embeddable":true,"href":"https:\/\/qingdaohf.com\/fr\/wp-json\/wp\/v2\/comments?post=8283"}],"version-history":[{"count":2,"href":"https:\/\/qingdaohf.com\/fr\/wp-json\/wp\/v2\/product\/8283\/revisions"}],"predecessor-version":[{"id":8337,"href":"https:\/\/qingdaohf.com\/fr\/wp-json\/wp\/v2\/product\/8283\/revisions\/8337"}],"wp:featuredmedia":[{"embeddable":true,"href":"https:\/\/qingdaohf.com\/fr\/wp-json\/wp\/v2\/media\/8195"}],"wp:attachment":[{"href":"https:\/\/qingdaohf.com\/fr\/wp-json\/wp\/v2\/media?parent=8283"}],"wp:term":[{"taxonomy":"product_brand","embeddable":true,"href":"https:\/\/qingdaohf.com\/fr\/wp-json\/wp\/v2\/product_brand?post=8283"},{"taxonomy":"product_cat","embeddable":true,"href":"https:\/\/qingdaohf.com\/fr\/wp-json\/wp\/v2\/product_cat?post=8283"},{"taxonomy":"product_tag","embeddable":true,"href":"https:\/\/qingdaohf.com\/fr\/wp-json\/wp\/v2\/product_tag?post=8283"}],"curies":[{"name":"wp","href":"https:\/\/api.w.org\/{rel}","templated":true}]}}