{"id":8285,"date":"2024-11-05T17:54:41","date_gmt":"2024-11-05T09:54:41","guid":{"rendered":"http:\/\/qingdaohf.com\/?post_type=product&#038;p=8285"},"modified":"2025-11-13T09:02:53","modified_gmt":"2025-11-13T01:02:53","slug":"webbing-sling-5-ton","status":"publish","type":"product","link":"https:\/\/qingdaohf.com\/fr\/produit\/elingue-en-sangle-5-tonnes\/","title":{"rendered":"Sangle plate harnais 5 tonnes polyester double duplex"},"content":{"rendered":"<h4>Qualit\u00e9s essentielles de l'\u00e9charpe en sangle de 5 tonnes : Durabilit\u00e9, s\u00e9curit\u00e9 et performance<\/h4>\n<p>L'\u00e9lingue en sangle de 5 tonnes de Qingdao H&amp;F est con\u00e7ue pour les applications de levage exigeantes o\u00f9 la force et la s\u00e9curit\u00e9 sont des priorit\u00e9s absolues. Fabriqu\u00e9e en polyester de haute qualit\u00e9, cette \u00e9lingue offre une r\u00e9sistance exceptionnelle \u00e0 l'usure, aux rayons UV et \u00e0 l'abrasion, ce qui en fait une solution durable pour les t\u00e2ches r\u00e9p\u00e9titives de levage de charges lourdes. La capacit\u00e9 de 5 tonnes offre une grande flexibilit\u00e9 pour diverses industries, de la construction et de la logistique \u00e0 l'exp\u00e9dition et \u00e0 la fabrication, o\u00f9 la fiabilit\u00e9 est cruciale.<\/p>\n<p>Les acheteurs soucieux de la durabilit\u00e9 des produits trouveront une assurance dans l'engagement de Qingdao H&amp;F en mati\u00e8re de qualit\u00e9. Chaque sangle de 5 tonnes fait l'objet d'un contr\u00f4le de qualit\u00e9 approfondi et les rapports d'inspection qui l'accompagnent permettent de v\u00e9rifier que le produit est conforme aux normes de l'industrie. La construction de l'\u00e9lingue assure la stabilit\u00e9 de la charge et emp\u00eache les d\u00e9placements, ce qui r\u00e9duit la probabilit\u00e9 d'accidents pendant les op\u00e9rations de levage. En outre, l'approche de Qingdao H&amp;F en mati\u00e8re de livraison rapide et de service \u00e0 la client\u00e8le r\u00e9actif garantit que les acheteurs re\u00e7oivent une assistance rapide et peuvent acqu\u00e9rir un \u00e9quipement fiable sans d\u00e9lai, ce qui facilite le bon d\u00e9roulement des op\u00e9rations et minimise les temps d'arr\u00eat.<\/p>\n<h4>R\u00e9pondre aux exigences de l'industrie gr\u00e2ce \u00e0 des dispositifs de s\u00e9curit\u00e9 robustes<\/h4>\n<p>La s\u00e9curit\u00e9 est une consid\u00e9ration essentielle lors de la s\u00e9lection d'un \u00e9quipement de levage. La conception de l'\u00e9lingue en sangle de 5 tonnes de Qingdao H&amp;F donne la priorit\u00e9 \u00e0 la s\u00e9curit\u00e9 par le choix des mat\u00e9riaux, la construction et les m\u00e9canismes de r\u00e9partition de la charge. En utilisant une structure de sangle large et flexible, cette \u00e9lingue r\u00e9partit le poids sur une plus grande surface, \u00e9vitant ainsi les points de pression qui pourraient endommager \u00e0 la fois la charge et l'\u00e9lingue elle-m\u00eame. Cette caract\u00e9ristique renforce la stabilit\u00e9 pendant le levage, r\u00e9duisant le risque de d\u00e9placement soudain de la charge et garantissant un levage contr\u00f4l\u00e9 et s\u00fbr.<\/p>\n<p>Pour les industries exigeant une conformit\u00e9 rigoureuse en mati\u00e8re de s\u00e9curit\u00e9, l'\u00e9lingue en sangle de 5 tonnes de Qingdao H&amp;F est fabriqu\u00e9e pour r\u00e9pondre aux normes internationales de levage. Cela garantit que l'\u00e9lingue peut r\u00e9sister \u00e0 des conditions exigeantes, qu'elle soit utilis\u00e9e sur des chantiers de construction difficiles, dans des centres logistiques tr\u00e8s fr\u00e9quent\u00e9s ou dans des entrep\u00f4ts industriels. Les mat\u00e9riaux et les choix de conception mettent l'accent sur la durabilit\u00e9 sans sacrifier la facilit\u00e9 de manipulation, ce qui permet aux op\u00e9rateurs de travailler avec confiance et efficacit\u00e9. Avec la s\u00e9curit\u00e9 au premier plan, cette sangle repr\u00e9sente une solution fiable pour les t\u00e2ches de levage \u00e0 fort enjeu.<\/p>\n<h4>Qingdao H&amp;F : Fournir un service fiable et une assurance qualit\u00e9<\/h4>\n<p>La r\u00e9putation de Qingdao H&amp;F en tant que soci\u00e9t\u00e9 commerciale B2B repose sur 20 ans d'expertise dans la fourniture de solutions de levage industriel r\u00e9pondant aux besoins pratiques des entreprises. Chaque \u00e9lingue en sangle de 5 tonnes est accompagn\u00e9e de rapports d'inspection de la qualit\u00e9 d\u00e9taill\u00e9s, soulignant l'engagement de Qingdao H&amp;F en mati\u00e8re de transparence et d'int\u00e9grit\u00e9 des produits. Ces rapports permettent aux acheteurs d'examiner les r\u00e9sultats des tests effectu\u00e9s sur les produits, garantissant ainsi leur conformit\u00e9 aux normes de s\u00e9curit\u00e9 et de performance. En fournissant des documents v\u00e9rifiables, Qingdao H&amp;F rassure les acheteurs, renfor\u00e7ant ainsi la confiance et la fiabilit\u00e9.<\/p>\n<p>Outre des produits de haute qualit\u00e9, Qingdao H&amp;F met l'accent sur l'exp\u00e9rience client. Le mod\u00e8le de service personnalis\u00e9 permet aux clients de travailler directement avec des repr\u00e9sentants comp\u00e9tents qui comprennent leurs besoins sp\u00e9cifiques et leur offrent des conseils personnalis\u00e9s sur les meilleures options d'\u00e9lingues en sangle. Cette approche du service, associ\u00e9e \u00e0 un cycle de livraison rapide et efficace, d\u00e9montre l'engagement de Qingdao H&amp;F \u00e0 soutenir ses clients \u00e0 chaque \u00e9tape du processus d'achat. Les acheteurs b\u00e9n\u00e9ficient d'une exp\u00e9rience rationalis\u00e9e qui minimise les temps d'attente et maximise la disponibilit\u00e9 de l'\u00e9quipement essentiel, permettant aux entreprises de maintenir leur efficacit\u00e9 op\u00e9rationnelle.<\/p>\n<p>Gr\u00e2ce \u00e0 une combinaison de sangles de haute performance, de contr\u00f4les de qualit\u00e9 approfondis et d'un service attentif, Qingdao H&amp;F reste un fournisseur de confiance sur le march\u00e9 du levage industriel. L'\u00e9lingue en sangle de 5 tonnes illustre cet engagement en offrant une solution robuste et fiable qui r\u00e9pond aux exigences rigoureuses des environnements industriels d'aujourd'hui.<\/p>","protected":false},"excerpt":{"rendered":"<p>L'\u00e9lingue en sangle 5 tonnes combine une grande r\u00e9sistance et une grande \u00e9lasticit\u00e9 pour soulever en toute s\u00e9curit\u00e9 des charges lourdes, r\u00e9pondant ainsi aux pr\u00e9occupations des acheteurs en mati\u00e8re de durabilit\u00e9, de s\u00e9curit\u00e9 et d'efficacit\u00e9. Fabriqu\u00e9e selon des normes rigoureuses, cette \u00e9lingue en sangle peut supporter jusqu'\u00e0 5 tonnes en toute fiabilit\u00e9, tout en restant flexible pour une utilisation ais\u00e9e. En tant que soci\u00e9t\u00e9 commerciale \u00e9tablie avec 20 ans d'exp\u00e9rience, Qingdao H&amp;F s'assure que les acheteurs b\u00e9n\u00e9ficient d'un service client personnalis\u00e9, d'un cycle de livraison rapide et de rapports d'inspection de la qualit\u00e9 d\u00e9taill\u00e9s. Cette approche souligne notre engagement en faveur de la qualit\u00e9, de la livraison dans les d\u00e9lais et d'une assistance compl\u00e8te, offrant ainsi une exp\u00e9rience d'achat sans faille.<\/p>","protected":false},"featured_media":8191,"comment_status":"open","ping_status":"closed","template":"","meta":{"site-sidebar-layout":"default","site-content-layout":"","ast-site-content-layout":"default","site-content-style":"default","site-sidebar-style":"default","ast-global-header-display":"","ast-banner-title-visibility":"","ast-main-header-display":"","ast-hfb-above-header-display":"","ast-hfb-below-header-display":"","ast-hfb-mobile-header-display":"","site-post-title":"","ast-breadcrumbs-content":"","ast-featured-img":"","footer-sml-layout":"","theme-transparent-header-meta":"default","adv-header-id-meta":"","stick-header-meta":"default","header-above-stick-meta":"","header-main-stick-meta":"","header-below-stick-meta":"","astra-migrate-meta-layouts":"set","ast-page-background-enabled":"default","ast-page-background-meta":{"desktop":{"background-color":"","background-image":"","background-repeat":"repeat","background-position":"center center","background-size":"auto","background-attachment":"scroll","background-type":"","background-media":"","overlay-type":"","overlay-color":"","overlay-opacity":"","overlay-gradient":""},"tablet":{"background-color":"","background-image":"","background-repeat":"repeat","background-position":"center center","background-size":"auto","background-attachment":"scroll","background-type":"","background-media":"","overlay-type":"","overlay-color":"","overlay-opacity":"","overlay-gradient":""},"mobile":{"background-color":"","background-image":"","background-repeat":"repeat","background-position":"center center","background-size":"auto","background-attachment":"scroll","background-type":"","background-media":"","overlay-type":"","overlay-color":"","overlay-opacity":"","overlay-gradient":""}},"ast-content-background-meta":{"desktop":{"background-color":"var(--ast-global-color-5)","background-image":"","background-repeat":"repeat","background-position":"center center","background-size":"auto","background-attachment":"scroll","background-type":"","background-media":"","overlay-type":"","overlay-color":"","overlay-opacity":"","overlay-gradient":""},"tablet":{"background-color":"var(--ast-global-color-5)","background-image":"","background-repeat":"repeat","background-position":"center center","background-size":"auto","background-attachment":"scroll","background-type":"","background-media":"","overlay-type":"","overlay-color":"","overlay-opacity":"","overlay-gradient":""},"mobile":{"background-color":"var(--ast-global-color-5)","background-image":"","background-repeat":"repeat","background-position":"center center","background-size":"auto","background-attachment":"scroll","background-type":"","background-media":"","overlay-type":"","overlay-color":"","overlay-opacity":"","overlay-gradient":""}}},"product_brand":[],"product_cat":[39],"product_tag":[],"class_list":{"0":"post-8285","1":"product","2":"type-product","3":"status-publish","4":"has-post-thumbnail","6":"product_cat-webbing-sling","7":"desktop-align-left","8":"tablet-align-left","9":"mobile-align-left","10":"ast-product-gallery-layout-horizontal-slider","11":"ast-product-gallery-with-no-image","12":"ast-product-tabs-layout-horizontal","14":"first","15":"instock","16":"shipping-taxable","17":"purchasable","18":"product-type-simple"},"yoast_head":"<!-- This site is optimized with the Yoast SEO plugin v25.2 - https:\/\/yoast.com\/wordpress\/plugins\/seo\/ -->\n<title>Flat Webbing Sling 5 Ton Polyester Double Duplex<\/title>\n<meta name=\"robots\" content=\"index, follow, max-snippet:-1, max-image-preview:large, max-video-preview:-1\" \/>\n<link rel=\"canonical\" href=\"https:\/\/qingdaohf.com\/fr\/produit\/elingue-en-sangle-5-tonnes\/\" \/>\n<meta property=\"og:locale\" content=\"fr_FR\" \/>\n<meta property=\"og:type\" content=\"article\" \/>\n<meta property=\"og:title\" content=\"Flat Webbing Sling 5 Ton Polyester Double Duplex\" \/>\n<meta property=\"og:description\" content=\"5-Ton Webbing Sling combines high strength and resilience to safely lift heavy loads, addressing buyers&#039; concerns about durability, safety, and efficiency. Manufactured to rigorous standards, this webbing sling reliably handles up to 5 tons while maintaining flexibility for ease of use. As an established trading company with 20 years of experience, Qingdao H&amp;F ensures that buyers benefit from one-on-one customer service, a fast delivery cycle, and detailed quality inspection reports. This approach emphasizes our commitment to quality, timely delivery, and comprehensive support, providing a seamless purchasing experience.\" \/>\n<meta property=\"og:url\" content=\"https:\/\/qingdaohf.com\/fr\/produit\/elingue-en-sangle-5-tonnes\/\" \/>\n<meta property=\"og:site_name\" content=\"Concrete Form &amp; Rigging Hardware Supplier\" \/>\n<meta property=\"article:publisher\" content=\"https:\/\/www.facebook.com\/qingdaohf\" \/>\n<meta property=\"article:modified_time\" content=\"2025-11-13T01:02:53+00:00\" \/>\n<meta property=\"og:image\" content=\"https:\/\/qingdaohf.com\/wp-content\/uploads\/2024\/10\/Heavy-Duty-5-ton-webbing-sling_1.webp\" \/>\n\t<meta property=\"og:image:width\" content=\"1000\" \/>\n\t<meta property=\"og:image:height\" content=\"1000\" \/>\n\t<meta property=\"og:image:type\" content=\"image\/webp\" \/>\n<meta name=\"twitter:card\" content=\"summary_large_image\" \/>\n<meta name=\"twitter:label1\" content=\"Dur\u00e9e de lecture estim\u00e9e\" \/>\n\t<meta name=\"twitter:data1\" content=\"3 minutes\" \/>\n<script type=\"application\/ld+json\" class=\"yoast-schema-graph\">{\"@context\":\"https:\/\/schema.org\",\"@graph\":[{\"@type\":\"WebPage\",\"@id\":\"https:\/\/qingdaohf.com\/product\/webbing-sling-5-ton\/\",\"url\":\"https:\/\/qingdaohf.com\/product\/webbing-sling-5-ton\/\",\"name\":\"Flat Webbing Sling 5 Ton Polyester Double Duplex\",\"isPartOf\":{\"@id\":\"https:\/\/qingdaohf.com\/bg\/#website\"},\"primaryImageOfPage\":{\"@id\":\"https:\/\/qingdaohf.com\/product\/webbing-sling-5-ton\/#primaryimage\"},\"image\":{\"@id\":\"https:\/\/qingdaohf.com\/product\/webbing-sling-5-ton\/#primaryimage\"},\"thumbnailUrl\":\"https:\/\/qingdaohf.com\/wp-content\/uploads\/2024\/10\/Heavy-Duty-5-ton-webbing-sling_1.webp\",\"datePublished\":\"2024-11-05T09:54:41+00:00\",\"dateModified\":\"2025-11-13T01:02:53+00:00\",\"breadcrumb\":{\"@id\":\"https:\/\/qingdaohf.com\/product\/webbing-sling-5-ton\/#breadcrumb\"},\"inLanguage\":\"fr-FR\",\"potentialAction\":[{\"@type\":\"ReadAction\",\"target\":[\"https:\/\/qingdaohf.com\/product\/webbing-sling-5-ton\/\"]}]},{\"@type\":\"ImageObject\",\"inLanguage\":\"fr-FR\",\"@id\":\"https:\/\/qingdaohf.com\/product\/webbing-sling-5-ton\/#primaryimage\",\"url\":\"https:\/\/qingdaohf.com\/wp-content\/uploads\/2024\/10\/Heavy-Duty-5-ton-webbing-sling_1.webp\",\"contentUrl\":\"https:\/\/qingdaohf.com\/wp-content\/uploads\/2024\/10\/Heavy-Duty-5-ton-webbing-sling_1.webp\",\"width\":1000,\"height\":1000,\"caption\":\"webbing sling 5 ton\"},{\"@type\":\"BreadcrumbList\",\"@id\":\"https:\/\/qingdaohf.com\/product\/webbing-sling-5-ton\/#breadcrumb\",\"itemListElement\":[{\"@type\":\"ListItem\",\"position\":1,\"name\":\"Home\",\"item\":\"https:\/\/qingdaohf.com\/\"},{\"@type\":\"ListItem\",\"position\":2,\"name\":\"Concrete Forming Accessories and Rigging Hardware\",\"item\":\"https:\/\/qingdaohf.com\/bg\/?page_id=944\"},{\"@type\":\"ListItem\",\"position\":3,\"name\":\"Flat Webbing Sling 5 Ton Polyester Double Duplex\"}]},{\"@type\":\"WebSite\",\"@id\":\"https:\/\/qingdaohf.com\/bg\/#website\",\"url\":\"https:\/\/qingdaohf.com\/bg\/\",\"name\":\"Concrete Form & Rigging Hardware Supplier\",\"description\":\"\",\"publisher\":{\"@id\":\"https:\/\/qingdaohf.com\/bg\/#organization\"},\"potentialAction\":[{\"@type\":\"SearchAction\",\"target\":{\"@type\":\"EntryPoint\",\"urlTemplate\":\"https:\/\/qingdaohf.com\/bg\/?s={search_term_string}\"},\"query-input\":{\"@type\":\"PropertyValueSpecification\",\"valueRequired\":true,\"valueName\":\"search_term_string\"}}],\"inLanguage\":\"fr-FR\"},{\"@type\":\"Organization\",\"@id\":\"https:\/\/qingdaohf.com\/bg\/#organization\",\"name\":\"Qingdao H&F\",\"url\":\"https:\/\/qingdaohf.com\/bg\/\",\"logo\":{\"@type\":\"ImageObject\",\"inLanguage\":\"fr-FR\",\"@id\":\"https:\/\/qingdaohf.com\/bg\/#\/schema\/logo\/image\/\",\"url\":\"https:\/\/qingdaohf.com\/wp-content\/uploads\/2022\/12\/cropped-HF-LOGO.png\",\"contentUrl\":\"https:\/\/qingdaohf.com\/wp-content\/uploads\/2022\/12\/cropped-HF-LOGO.png\",\"width\":391,\"height\":249,\"caption\":\"Qingdao H&F\"},\"image\":{\"@id\":\"https:\/\/qingdaohf.com\/bg\/#\/schema\/logo\/image\/\"},\"sameAs\":[\"https:\/\/www.facebook.com\/qingdaohf\"]}]}<\/script>\n<!-- \/ Yoast SEO plugin. -->","yoast_head_json":{"title":"Flat Webbing Sling 5 Ton Polyester Double Duplex","robots":{"index":"index","follow":"follow","max-snippet":"max-snippet:-1","max-image-preview":"max-image-preview:large","max-video-preview":"max-video-preview:-1"},"canonical":"https:\/\/qingdaohf.com\/fr\/produit\/elingue-en-sangle-5-tonnes\/","og_locale":"fr_FR","og_type":"article","og_title":"Flat Webbing Sling 5 Ton Polyester Double Duplex","og_description":"5-Ton Webbing Sling combines high strength and resilience to safely lift heavy loads, addressing buyers' concerns about durability, safety, and efficiency. Manufactured to rigorous standards, this webbing sling reliably handles up to 5 tons while maintaining flexibility for ease of use. As an established trading company with 20 years of experience, Qingdao H&amp;F ensures that buyers benefit from one-on-one customer service, a fast delivery cycle, and detailed quality inspection reports. This approach emphasizes our commitment to quality, timely delivery, and comprehensive support, providing a seamless purchasing experience.","og_url":"https:\/\/qingdaohf.com\/fr\/produit\/elingue-en-sangle-5-tonnes\/","og_site_name":"Concrete Form &amp; Rigging Hardware Supplier","article_publisher":"https:\/\/www.facebook.com\/qingdaohf","article_modified_time":"2025-11-13T01:02:53+00:00","og_image":[{"width":1000,"height":1000,"url":"https:\/\/qingdaohf.com\/wp-content\/uploads\/2024\/10\/Heavy-Duty-5-ton-webbing-sling_1.webp","type":"image\/webp"}],"twitter_card":"summary_large_image","twitter_misc":{"Dur\u00e9e de lecture estim\u00e9e":"3 minutes"},"schema":{"@context":"https:\/\/schema.org","@graph":[{"@type":"WebPage","@id":"https:\/\/qingdaohf.com\/product\/webbing-sling-5-ton\/","url":"https:\/\/qingdaohf.com\/product\/webbing-sling-5-ton\/","name":"Flat Webbing Sling 5 Ton Polyester Double Duplex","isPartOf":{"@id":"https:\/\/qingdaohf.com\/bg\/#website"},"primaryImageOfPage":{"@id":"https:\/\/qingdaohf.com\/product\/webbing-sling-5-ton\/#primaryimage"},"image":{"@id":"https:\/\/qingdaohf.com\/product\/webbing-sling-5-ton\/#primaryimage"},"thumbnailUrl":"https:\/\/qingdaohf.com\/wp-content\/uploads\/2024\/10\/Heavy-Duty-5-ton-webbing-sling_1.webp","datePublished":"2024-11-05T09:54:41+00:00","dateModified":"2025-11-13T01:02:53+00:00","breadcrumb":{"@id":"https:\/\/qingdaohf.com\/product\/webbing-sling-5-ton\/#breadcrumb"},"inLanguage":"fr-FR","potentialAction":[{"@type":"ReadAction","target":["https:\/\/qingdaohf.com\/product\/webbing-sling-5-ton\/"]}]},{"@type":"ImageObject","inLanguage":"fr-FR","@id":"https:\/\/qingdaohf.com\/product\/webbing-sling-5-ton\/#primaryimage","url":"https:\/\/qingdaohf.com\/wp-content\/uploads\/2024\/10\/Heavy-Duty-5-ton-webbing-sling_1.webp","contentUrl":"https:\/\/qingdaohf.com\/wp-content\/uploads\/2024\/10\/Heavy-Duty-5-ton-webbing-sling_1.webp","width":1000,"height":1000,"caption":"webbing sling 5 ton"},{"@type":"BreadcrumbList","@id":"https:\/\/qingdaohf.com\/product\/webbing-sling-5-ton\/#breadcrumb","itemListElement":[{"@type":"ListItem","position":1,"name":"Home","item":"https:\/\/qingdaohf.com\/"},{"@type":"ListItem","position":2,"name":"Concrete Forming Accessories and Rigging Hardware","item":"https:\/\/qingdaohf.com\/bg\/?page_id=944"},{"@type":"ListItem","position":3,"name":"Flat Webbing Sling 5 Ton Polyester Double Duplex"}]},{"@type":"WebSite","@id":"https:\/\/qingdaohf.com\/bg\/#website","url":"https:\/\/qingdaohf.com\/bg\/","name":"Concrete Form & Rigging Hardware Supplier","description":"","publisher":{"@id":"https:\/\/qingdaohf.com\/bg\/#organization"},"potentialAction":[{"@type":"SearchAction","target":{"@type":"EntryPoint","urlTemplate":"https:\/\/qingdaohf.com\/bg\/?s={search_term_string}"},"query-input":{"@type":"PropertyValueSpecification","valueRequired":true,"valueName":"search_term_string"}}],"inLanguage":"fr-FR"},{"@type":"Organization","@id":"https:\/\/qingdaohf.com\/bg\/#organization","name":"Qingdao H&F","url":"https:\/\/qingdaohf.com\/bg\/","logo":{"@type":"ImageObject","inLanguage":"fr-FR","@id":"https:\/\/qingdaohf.com\/bg\/#\/schema\/logo\/image\/","url":"https:\/\/qingdaohf.com\/wp-content\/uploads\/2022\/12\/cropped-HF-LOGO.png","contentUrl":"https:\/\/qingdaohf.com\/wp-content\/uploads\/2022\/12\/cropped-HF-LOGO.png","width":391,"height":249,"caption":"Qingdao H&F"},"image":{"@id":"https:\/\/qingdaohf.com\/bg\/#\/schema\/logo\/image\/"},"sameAs":["https:\/\/www.facebook.com\/qingdaohf"]}]}},"_links":{"self":[{"href":"https:\/\/qingdaohf.com\/fr\/wp-json\/wp\/v2\/product\/8285","targetHints":{"allow":["GET"]}}],"collection":[{"href":"https:\/\/qingdaohf.com\/fr\/wp-json\/wp\/v2\/product"}],"about":[{"href":"https:\/\/qingdaohf.com\/fr\/wp-json\/wp\/v2\/types\/product"}],"replies":[{"embeddable":true,"href":"https:\/\/qingdaohf.com\/fr\/wp-json\/wp\/v2\/comments?post=8285"}],"version-history":[{"count":2,"href":"https:\/\/qingdaohf.com\/fr\/wp-json\/wp\/v2\/product\/8285\/revisions"}],"predecessor-version":[{"id":8336,"href":"https:\/\/qingdaohf.com\/fr\/wp-json\/wp\/v2\/product\/8285\/revisions\/8336"}],"wp:featuredmedia":[{"embeddable":true,"href":"https:\/\/qingdaohf.com\/fr\/wp-json\/wp\/v2\/media\/8191"}],"wp:attachment":[{"href":"https:\/\/qingdaohf.com\/fr\/wp-json\/wp\/v2\/media?parent=8285"}],"wp:term":[{"taxonomy":"product_brand","embeddable":true,"href":"https:\/\/qingdaohf.com\/fr\/wp-json\/wp\/v2\/product_brand?post=8285"},{"taxonomy":"product_cat","embeddable":true,"href":"https:\/\/qingdaohf.com\/fr\/wp-json\/wp\/v2\/product_cat?post=8285"},{"taxonomy":"product_tag","embeddable":true,"href":"https:\/\/qingdaohf.com\/fr\/wp-json\/wp\/v2\/product_tag?post=8285"}],"curies":[{"name":"wp","href":"https:\/\/api.w.org\/{rel}","templated":true}]}}