{"id":8291,"date":"2024-11-05T17:59:58","date_gmt":"2024-11-05T09:59:58","guid":{"rendered":"http:\/\/qingdaohf.com\/?post_type=product&#038;p=8291"},"modified":"2025-11-13T09:02:52","modified_gmt":"2025-11-13T01:02:52","slug":"webbing-sling-10-ton","status":"publish","type":"product","link":"https:\/\/qingdaohf.com\/fr\/produit\/elingue-en-sangle-10-tonnes\/","title":{"rendered":"Sangle plate 10 tonnes polyester double duplex"},"content":{"rendered":"<h4>Solutions de levage \u00e0 haute capacit\u00e9 : La durabilit\u00e9 et la solidit\u00e9 de l'\u00e9lingue en sangle de 10 tonnes<\/h4>\n<p>Pour les t\u00e2ches de levage industriel n\u00e9cessitant un support s\u00fbr et de grande capacit\u00e9, l'\u00e9lingue en sangle de 10 tonnes de Qingdao H&amp;F offre une solution optimale. Fabriqu\u00e9e en polyester haute r\u00e9sistance, cette \u00e9lingue peut supporter des poids allant jusqu'\u00e0 10 tonnes, ce qui la rend id\u00e9ale pour les secteurs de la construction, de la logistique et de la fabrication. La r\u00e9silience de l'\u00e9lingue en sangle de 10 tonnes lui permet de conserver son int\u00e9grit\u00e9 m\u00eame en cas de charges lourdes et r\u00e9p\u00e9titives dans des environnements difficiles, offrant ainsi aux entreprises une solution durable et rentable pour leurs besoins en mati\u00e8re de levage.<\/p>\n<p>Pour garantir les normes les plus \u00e9lev\u00e9es de fiabilit\u00e9 et de s\u00e9curit\u00e9, chaque \u00e9lingue de 10 tonnes est soumise \u00e0 des tests rigoureux et les acheteurs re\u00e7oivent un rapport d'inspection de la qualit\u00e9 attestant de sa conformit\u00e9 aux normes internationales de s\u00e9curit\u00e9 et de performance. L'engagement de Qingdao H&amp;F en mati\u00e8re de transparence rassure les acheteurs sur le fait qu'ils investissent dans un produit qui r\u00e9pond \u00e0 toutes les exigences r\u00e9glementaires. Le cycle de livraison rapide propos\u00e9 par Qingdao H&amp;F permet aux clients d'acc\u00e9der rapidement \u00e0 l'\u00e9quipement n\u00e9cessaire, ce qui minimise les retards dans les op\u00e9rations et am\u00e9liore l'efficacit\u00e9 globale.<\/p>\n<h4>S\u00e9curit\u00e9 et stabilit\u00e9 dans les applications de levage de charges lourdes<\/h4>\n<p>Dans les environnements industriels \u00e0 fort enjeu, la stabilit\u00e9 et la s\u00e9curit\u00e9 des \u00e9quipements de levage sont cruciales pour la s\u00e9curit\u00e9 et la productivit\u00e9. L'\u00e9lingue en sangle de 10 tonnes de Qingdao H&amp;F est con\u00e7ue pour offrir une stabilit\u00e9 exceptionnelle de la charge, en aidant \u00e0 r\u00e9partir le poids uniform\u00e9ment sur la charge. Cette conception r\u00e9duit les points de pression et minimise le risque d'endommagement ou de d\u00e9placement de la charge pendant les op\u00e9rations de levage, offrant ainsi une grande tranquillit\u00e9 d'esprit aux op\u00e9rateurs. La sangle large et durable en polyester r\u00e9siste \u00e0 l'usure, \u00e0 l'abrasion et \u00e0 l'exposition aux UV, conservant sa r\u00e9sistance dans des conditions exigeantes.<\/p>\n<p>La s\u00e9curit\u00e9 des op\u00e9rations de levage est renforc\u00e9e par les normes de fabrication m\u00e9ticuleuses de Qingdao H&amp;F. Chaque \u00e9lingue respecte ou d\u00e9passe les r\u00e9glementations industrielles internationales, ce qui la rend adapt\u00e9e \u00e0 une vari\u00e9t\u00e9 d'applications o\u00f9 des protocoles de s\u00e9curit\u00e9 stricts sont en place. Gr\u00e2ce \u00e0 un contr\u00f4le de qualit\u00e9 rigoureux \u00e0 chaque \u00e9tape de la production, Qingdao H&amp;F garantit que la sangle de 10 tonnes offre un soutien fiable dans les environnements les plus difficiles. Les rapports d\u00e9taill\u00e9s d'inspection de la qualit\u00e9 disponibles avec chaque \u00e9lingue sont la preuve de cet engagement et aident les entreprises \u00e0 respecter les normes de s\u00e9curit\u00e9 et de conformit\u00e9 en toute confiance.<\/p>\n<h4>Qingdao H&amp;F : un partenaire de confiance pour des solutions de levage de haute performance<\/h4>\n<p>En tant que soci\u00e9t\u00e9 commerciale B2B exp\u00e9riment\u00e9e, Qingdao H&amp;F s'engage \u00e0 soutenir les entreprises en leur proposant des produits alliant qualit\u00e9, s\u00e9curit\u00e9 et service. L'\u00e9lingue en sangle de 10 tonnes illustre l'approche de Qingdao H&amp;F qui consiste \u00e0 fournir des \u00e9quipements fiables et performants r\u00e9pondant aux besoins pratiques des acheteurs industriels. Chaque \u00e9lingue est accompagn\u00e9e d'un rapport d'inspection de la qualit\u00e9, ce qui permet aux acheteurs d'avoir une vision claire des sp\u00e9cifications du produit et d'assurer une transparence totale quant \u00e0 ses performances.<\/p>\n<p>Le mod\u00e8le de service \u00e0 la client\u00e8le personnalis\u00e9 de Qingdao H&amp;F permet aux acheteurs de recevoir un soutien personnalis\u00e9 de la part de repr\u00e9sentants comp\u00e9tents, qui les aident \u00e0 s\u00e9lectionner l'\u00e9quipement de levage id\u00e9al pour r\u00e9pondre \u00e0 leurs besoins sp\u00e9cifiques. Cette approche attentive, associ\u00e9e \u00e0 un cycle de livraison rapide et efficace, d\u00e9montre l'engagement de Qingdao H&amp;F \u00e0 faciliter un processus d'achat transparent qui s'aligne sur les calendriers op\u00e9rationnels des clients. L'accent mis par Qingdao H&amp;F sur la satisfaction du client et le contr\u00f4le de la qualit\u00e9 lui a permis de s'imposer comme un nom de confiance sur le march\u00e9 du levage industriel.<\/p>\n<p>L'\u00e9lingue en sangle de 10 tonnes de Qingdao H&amp;F est plus qu'une simple solution de levage - c'est un partenaire fiable pour les entreprises engag\u00e9es dans la s\u00e9curit\u00e9, l'efficacit\u00e9 et la haute performance. Avec chaque \u00e9lingue, Qingdao H&amp;F fournit un produit qui respecte les normes de l'industrie tout en offrant une option s\u00fbre et efficace pour les applications de levage de charges lourdes.<\/p>","protected":false},"excerpt":{"rendered":"<p>L'\u00e9lingue en sangle 10 tonnes est con\u00e7ue pour le levage de charges lourdes, afin de r\u00e9pondre aux exigences rigoureuses des industries o\u00f9 la s\u00e9curit\u00e9 et la capacit\u00e9 de levage sont essentielles. Cette \u00e9lingue durable peut supporter jusqu'\u00e0 10 tonnes et r\u00e9pond aux principales pr\u00e9occupations des acheteurs en mati\u00e8re de r\u00e9sistance, de s\u00e9curit\u00e9 et de fiabilit\u00e9. En tant que soci\u00e9t\u00e9 commerciale B2B exp\u00e9riment\u00e9e, Qingdao H&amp;F fournit une assistance client personnalis\u00e9e, une livraison rapide et des rapports d'inspection de la qualit\u00e9 complets, garantissant une exp\u00e9rience d'achat fluide qui donne la priorit\u00e9 \u00e0 la transparence et \u00e0 la satisfaction du client.<\/p>","protected":false},"featured_media":8192,"comment_status":"open","ping_status":"closed","template":"","meta":{"site-sidebar-layout":"default","site-content-layout":"","ast-site-content-layout":"default","site-content-style":"default","site-sidebar-style":"default","ast-global-header-display":"","ast-banner-title-visibility":"","ast-main-header-display":"","ast-hfb-above-header-display":"","ast-hfb-below-header-display":"","ast-hfb-mobile-header-display":"","site-post-title":"","ast-breadcrumbs-content":"","ast-featured-img":"","footer-sml-layout":"","theme-transparent-header-meta":"default","adv-header-id-meta":"","stick-header-meta":"default","header-above-stick-meta":"","header-main-stick-meta":"","header-below-stick-meta":"","astra-migrate-meta-layouts":"set","ast-page-background-enabled":"default","ast-page-background-meta":{"desktop":{"background-color":"","background-image":"","background-repeat":"repeat","background-position":"center center","background-size":"auto","background-attachment":"scroll","background-type":"","background-media":"","overlay-type":"","overlay-color":"","overlay-opacity":"","overlay-gradient":""},"tablet":{"background-color":"","background-image":"","background-repeat":"repeat","background-position":"center center","background-size":"auto","background-attachment":"scroll","background-type":"","background-media":"","overlay-type":"","overlay-color":"","overlay-opacity":"","overlay-gradient":""},"mobile":{"background-color":"","background-image":"","background-repeat":"repeat","background-position":"center center","background-size":"auto","background-attachment":"scroll","background-type":"","background-media":"","overlay-type":"","overlay-color":"","overlay-opacity":"","overlay-gradient":""}},"ast-content-background-meta":{"desktop":{"background-color":"var(--ast-global-color-5)","background-image":"","background-repeat":"repeat","background-position":"center center","background-size":"auto","background-attachment":"scroll","background-type":"","background-media":"","overlay-type":"","overlay-color":"","overlay-opacity":"","overlay-gradient":""},"tablet":{"background-color":"var(--ast-global-color-5)","background-image":"","background-repeat":"repeat","background-position":"center center","background-size":"auto","background-attachment":"scroll","background-type":"","background-media":"","overlay-type":"","overlay-color":"","overlay-opacity":"","overlay-gradient":""},"mobile":{"background-color":"var(--ast-global-color-5)","background-image":"","background-repeat":"repeat","background-position":"center center","background-size":"auto","background-attachment":"scroll","background-type":"","background-media":"","overlay-type":"","overlay-color":"","overlay-opacity":"","overlay-gradient":""}}},"product_brand":[],"product_cat":[39],"product_tag":[],"class_list":{"0":"post-8291","1":"product","2":"type-product","3":"status-publish","4":"has-post-thumbnail","6":"product_cat-webbing-sling","7":"desktop-align-left","8":"tablet-align-left","9":"mobile-align-left","10":"ast-product-gallery-layout-horizontal-slider","11":"ast-product-gallery-with-no-image","12":"ast-product-tabs-layout-horizontal","14":"first","15":"instock","16":"shipping-taxable","17":"purchasable","18":"product-type-simple"},"yoast_head":"<!-- This site is optimized with the Yoast SEO plugin v25.2 - https:\/\/yoast.com\/wordpress\/plugins\/seo\/ -->\n<title>Flat Webbing Sling 10 Ton Polyester Double Duplex<\/title>\n<meta name=\"robots\" content=\"index, follow, max-snippet:-1, max-image-preview:large, max-video-preview:-1\" \/>\n<link rel=\"canonical\" href=\"https:\/\/qingdaohf.com\/fr\/produit\/elingue-en-sangle-10-tonnes\/\" \/>\n<meta property=\"og:locale\" content=\"fr_FR\" \/>\n<meta property=\"og:type\" content=\"article\" \/>\n<meta property=\"og:title\" content=\"Flat Webbing Sling 10 Ton Polyester Double Duplex\" \/>\n<meta property=\"og:description\" content=\"10-Ton Webbing Sling is built for heavy-duty lifting, designed to meet the stringent demands of industries where secure, high-capacity lifting is essential. This durable sling handles up to 10 tons, addressing buyers&#039; primary concerns about strength, safety, and reliability. As an experienced B2B trading company, Qingdao H&amp;F provides one-on-one customer support, fast delivery, and comprehensive quality inspection reports, ensuring a smooth buying experience that prioritizes transparency and customer satisfaction.\" \/>\n<meta property=\"og:url\" content=\"https:\/\/qingdaohf.com\/fr\/produit\/elingue-en-sangle-10-tonnes\/\" \/>\n<meta property=\"og:site_name\" content=\"Concrete Form &amp; Rigging Hardware Supplier\" \/>\n<meta property=\"article:publisher\" content=\"https:\/\/www.facebook.com\/qingdaohf\" \/>\n<meta property=\"article:modified_time\" content=\"2025-11-13T01:02:52+00:00\" \/>\n<meta property=\"og:image\" content=\"https:\/\/qingdaohf.com\/wp-content\/uploads\/2024\/10\/10-tons_1.webp\" \/>\n\t<meta property=\"og:image:width\" content=\"1000\" \/>\n\t<meta property=\"og:image:height\" content=\"1000\" \/>\n\t<meta property=\"og:image:type\" content=\"image\/webp\" \/>\n<meta name=\"twitter:card\" content=\"summary_large_image\" \/>\n<meta name=\"twitter:label1\" content=\"Dur\u00e9e de lecture estim\u00e9e\" \/>\n\t<meta name=\"twitter:data1\" content=\"3 minutes\" \/>\n<script type=\"application\/ld+json\" class=\"yoast-schema-graph\">{\"@context\":\"https:\/\/schema.org\",\"@graph\":[{\"@type\":\"WebPage\",\"@id\":\"https:\/\/qingdaohf.com\/product\/webbing-sling-10-ton\/\",\"url\":\"https:\/\/qingdaohf.com\/product\/webbing-sling-10-ton\/\",\"name\":\"Flat Webbing Sling 10 Ton Polyester Double Duplex\",\"isPartOf\":{\"@id\":\"https:\/\/qingdaohf.com\/bg\/#website\"},\"primaryImageOfPage\":{\"@id\":\"https:\/\/qingdaohf.com\/product\/webbing-sling-10-ton\/#primaryimage\"},\"image\":{\"@id\":\"https:\/\/qingdaohf.com\/product\/webbing-sling-10-ton\/#primaryimage\"},\"thumbnailUrl\":\"https:\/\/qingdaohf.com\/wp-content\/uploads\/2024\/10\/10-tons_1.webp\",\"datePublished\":\"2024-11-05T09:59:58+00:00\",\"dateModified\":\"2025-11-13T01:02:52+00:00\",\"breadcrumb\":{\"@id\":\"https:\/\/qingdaohf.com\/product\/webbing-sling-10-ton\/#breadcrumb\"},\"inLanguage\":\"fr-FR\",\"potentialAction\":[{\"@type\":\"ReadAction\",\"target\":[\"https:\/\/qingdaohf.com\/product\/webbing-sling-10-ton\/\"]}]},{\"@type\":\"ImageObject\",\"inLanguage\":\"fr-FR\",\"@id\":\"https:\/\/qingdaohf.com\/product\/webbing-sling-10-ton\/#primaryimage\",\"url\":\"https:\/\/qingdaohf.com\/wp-content\/uploads\/2024\/10\/10-tons_1.webp\",\"contentUrl\":\"https:\/\/qingdaohf.com\/wp-content\/uploads\/2024\/10\/10-tons_1.webp\",\"width\":1000,\"height\":1000,\"caption\":\"Webbing Sling 10 Ton\"},{\"@type\":\"BreadcrumbList\",\"@id\":\"https:\/\/qingdaohf.com\/product\/webbing-sling-10-ton\/#breadcrumb\",\"itemListElement\":[{\"@type\":\"ListItem\",\"position\":1,\"name\":\"Home\",\"item\":\"https:\/\/qingdaohf.com\/\"},{\"@type\":\"ListItem\",\"position\":2,\"name\":\"Concrete Forming Accessories and Rigging Hardware\",\"item\":\"https:\/\/qingdaohf.com\/bg\/?page_id=944\"},{\"@type\":\"ListItem\",\"position\":3,\"name\":\"Flat Webbing Sling 10 Ton Polyester Double Duplex\"}]},{\"@type\":\"WebSite\",\"@id\":\"https:\/\/qingdaohf.com\/bg\/#website\",\"url\":\"https:\/\/qingdaohf.com\/bg\/\",\"name\":\"Concrete Form & Rigging Hardware Supplier\",\"description\":\"\",\"publisher\":{\"@id\":\"https:\/\/qingdaohf.com\/bg\/#organization\"},\"potentialAction\":[{\"@type\":\"SearchAction\",\"target\":{\"@type\":\"EntryPoint\",\"urlTemplate\":\"https:\/\/qingdaohf.com\/bg\/?s={search_term_string}\"},\"query-input\":{\"@type\":\"PropertyValueSpecification\",\"valueRequired\":true,\"valueName\":\"search_term_string\"}}],\"inLanguage\":\"fr-FR\"},{\"@type\":\"Organization\",\"@id\":\"https:\/\/qingdaohf.com\/bg\/#organization\",\"name\":\"Qingdao H&F\",\"url\":\"https:\/\/qingdaohf.com\/bg\/\",\"logo\":{\"@type\":\"ImageObject\",\"inLanguage\":\"fr-FR\",\"@id\":\"https:\/\/qingdaohf.com\/bg\/#\/schema\/logo\/image\/\",\"url\":\"https:\/\/qingdaohf.com\/wp-content\/uploads\/2022\/12\/cropped-HF-LOGO.png\",\"contentUrl\":\"https:\/\/qingdaohf.com\/wp-content\/uploads\/2022\/12\/cropped-HF-LOGO.png\",\"width\":391,\"height\":249,\"caption\":\"Qingdao H&F\"},\"image\":{\"@id\":\"https:\/\/qingdaohf.com\/bg\/#\/schema\/logo\/image\/\"},\"sameAs\":[\"https:\/\/www.facebook.com\/qingdaohf\"]}]}<\/script>\n<!-- \/ Yoast SEO plugin. -->","yoast_head_json":{"title":"Flat Webbing Sling 10 Ton Polyester Double Duplex","robots":{"index":"index","follow":"follow","max-snippet":"max-snippet:-1","max-image-preview":"max-image-preview:large","max-video-preview":"max-video-preview:-1"},"canonical":"https:\/\/qingdaohf.com\/fr\/produit\/elingue-en-sangle-10-tonnes\/","og_locale":"fr_FR","og_type":"article","og_title":"Flat Webbing Sling 10 Ton Polyester Double Duplex","og_description":"10-Ton Webbing Sling is built for heavy-duty lifting, designed to meet the stringent demands of industries where secure, high-capacity lifting is essential. This durable sling handles up to 10 tons, addressing buyers' primary concerns about strength, safety, and reliability. As an experienced B2B trading company, Qingdao H&amp;F provides one-on-one customer support, fast delivery, and comprehensive quality inspection reports, ensuring a smooth buying experience that prioritizes transparency and customer satisfaction.","og_url":"https:\/\/qingdaohf.com\/fr\/produit\/elingue-en-sangle-10-tonnes\/","og_site_name":"Concrete Form &amp; Rigging Hardware Supplier","article_publisher":"https:\/\/www.facebook.com\/qingdaohf","article_modified_time":"2025-11-13T01:02:52+00:00","og_image":[{"width":1000,"height":1000,"url":"https:\/\/qingdaohf.com\/wp-content\/uploads\/2024\/10\/10-tons_1.webp","type":"image\/webp"}],"twitter_card":"summary_large_image","twitter_misc":{"Dur\u00e9e de lecture estim\u00e9e":"3 minutes"},"schema":{"@context":"https:\/\/schema.org","@graph":[{"@type":"WebPage","@id":"https:\/\/qingdaohf.com\/product\/webbing-sling-10-ton\/","url":"https:\/\/qingdaohf.com\/product\/webbing-sling-10-ton\/","name":"Flat Webbing Sling 10 Ton Polyester Double Duplex","isPartOf":{"@id":"https:\/\/qingdaohf.com\/bg\/#website"},"primaryImageOfPage":{"@id":"https:\/\/qingdaohf.com\/product\/webbing-sling-10-ton\/#primaryimage"},"image":{"@id":"https:\/\/qingdaohf.com\/product\/webbing-sling-10-ton\/#primaryimage"},"thumbnailUrl":"https:\/\/qingdaohf.com\/wp-content\/uploads\/2024\/10\/10-tons_1.webp","datePublished":"2024-11-05T09:59:58+00:00","dateModified":"2025-11-13T01:02:52+00:00","breadcrumb":{"@id":"https:\/\/qingdaohf.com\/product\/webbing-sling-10-ton\/#breadcrumb"},"inLanguage":"fr-FR","potentialAction":[{"@type":"ReadAction","target":["https:\/\/qingdaohf.com\/product\/webbing-sling-10-ton\/"]}]},{"@type":"ImageObject","inLanguage":"fr-FR","@id":"https:\/\/qingdaohf.com\/product\/webbing-sling-10-ton\/#primaryimage","url":"https:\/\/qingdaohf.com\/wp-content\/uploads\/2024\/10\/10-tons_1.webp","contentUrl":"https:\/\/qingdaohf.com\/wp-content\/uploads\/2024\/10\/10-tons_1.webp","width":1000,"height":1000,"caption":"Webbing Sling 10 Ton"},{"@type":"BreadcrumbList","@id":"https:\/\/qingdaohf.com\/product\/webbing-sling-10-ton\/#breadcrumb","itemListElement":[{"@type":"ListItem","position":1,"name":"Home","item":"https:\/\/qingdaohf.com\/"},{"@type":"ListItem","position":2,"name":"Concrete Forming Accessories and Rigging Hardware","item":"https:\/\/qingdaohf.com\/bg\/?page_id=944"},{"@type":"ListItem","position":3,"name":"Flat Webbing Sling 10 Ton Polyester Double Duplex"}]},{"@type":"WebSite","@id":"https:\/\/qingdaohf.com\/bg\/#website","url":"https:\/\/qingdaohf.com\/bg\/","name":"Concrete Form & Rigging Hardware Supplier","description":"","publisher":{"@id":"https:\/\/qingdaohf.com\/bg\/#organization"},"potentialAction":[{"@type":"SearchAction","target":{"@type":"EntryPoint","urlTemplate":"https:\/\/qingdaohf.com\/bg\/?s={search_term_string}"},"query-input":{"@type":"PropertyValueSpecification","valueRequired":true,"valueName":"search_term_string"}}],"inLanguage":"fr-FR"},{"@type":"Organization","@id":"https:\/\/qingdaohf.com\/bg\/#organization","name":"Qingdao H&F","url":"https:\/\/qingdaohf.com\/bg\/","logo":{"@type":"ImageObject","inLanguage":"fr-FR","@id":"https:\/\/qingdaohf.com\/bg\/#\/schema\/logo\/image\/","url":"https:\/\/qingdaohf.com\/wp-content\/uploads\/2022\/12\/cropped-HF-LOGO.png","contentUrl":"https:\/\/qingdaohf.com\/wp-content\/uploads\/2022\/12\/cropped-HF-LOGO.png","width":391,"height":249,"caption":"Qingdao H&F"},"image":{"@id":"https:\/\/qingdaohf.com\/bg\/#\/schema\/logo\/image\/"},"sameAs":["https:\/\/www.facebook.com\/qingdaohf"]}]}},"_links":{"self":[{"href":"https:\/\/qingdaohf.com\/fr\/wp-json\/wp\/v2\/product\/8291","targetHints":{"allow":["GET"]}}],"collection":[{"href":"https:\/\/qingdaohf.com\/fr\/wp-json\/wp\/v2\/product"}],"about":[{"href":"https:\/\/qingdaohf.com\/fr\/wp-json\/wp\/v2\/types\/product"}],"replies":[{"embeddable":true,"href":"https:\/\/qingdaohf.com\/fr\/wp-json\/wp\/v2\/comments?post=8291"}],"version-history":[{"count":2,"href":"https:\/\/qingdaohf.com\/fr\/wp-json\/wp\/v2\/product\/8291\/revisions"}],"predecessor-version":[{"id":8333,"href":"https:\/\/qingdaohf.com\/fr\/wp-json\/wp\/v2\/product\/8291\/revisions\/8333"}],"wp:featuredmedia":[{"embeddable":true,"href":"https:\/\/qingdaohf.com\/fr\/wp-json\/wp\/v2\/media\/8192"}],"wp:attachment":[{"href":"https:\/\/qingdaohf.com\/fr\/wp-json\/wp\/v2\/media?parent=8291"}],"wp:term":[{"taxonomy":"product_brand","embeddable":true,"href":"https:\/\/qingdaohf.com\/fr\/wp-json\/wp\/v2\/product_brand?post=8291"},{"taxonomy":"product_cat","embeddable":true,"href":"https:\/\/qingdaohf.com\/fr\/wp-json\/wp\/v2\/product_cat?post=8291"},{"taxonomy":"product_tag","embeddable":true,"href":"https:\/\/qingdaohf.com\/fr\/wp-json\/wp\/v2\/product_tag?post=8291"}],"curies":[{"name":"wp","href":"https:\/\/api.w.org\/{rel}","templated":true}]}}