{"id":8310,"date":"2024-11-07T14:33:56","date_gmt":"2024-11-07T06:33:56","guid":{"rendered":"http:\/\/qingdaohf.com\/?post_type=product&#038;p=8310"},"modified":"2025-11-13T09:02:52","modified_gmt":"2025-11-13T01:02:52","slug":"spek-anchor-stockless-anchor","status":"publish","type":"product","link":"https:\/\/qingdaohf.com\/fr\/produit\/ancre-spek-ancre-sans-stock\/","title":{"rendered":"Spek Anchor Stockless Anchor"},"content":{"rendered":"<h3>Vue d'ensemble et conception unique des ancres Spek<\/h3>\n<p>L'ancre Spek est un type d'ancre tr\u00e8s r\u00e9pandu dans les secteurs de la marine et de l'offshore. Elle a \u00e9t\u00e9 choisie pour sa conception distinctive qui met l'accent sur la stabilit\u00e9 et la durabilit\u00e9. L'ancre Spek, l'un des styles d'ancrage les plus traditionnels, s'est forg\u00e9 une r\u00e9putation d'efficacit\u00e9 dans diverses conditions de mer, principalement en raison de sa capacit\u00e9 \u00e0 s'enfoncer rapidement dans les diff\u00e9rents fonds marins. Compar\u00e9e \u00e0 d'autres ancres, la structure de l'ancre Spek permet un enfoncement rapide lors de son d\u00e9ploiement, une caract\u00e9ristique hautement souhaitable pour les navires qui ont besoin d'une puissance de maintien fiable sans proc\u00e9dures d'ancrage prolong\u00e9es.<\/p>\n<p>Ce type d'ancre incorpore une fl\u00e8che et une tige sp\u00e9cialement con\u00e7ues, toutes deux optimis\u00e9es pour r\u00e9sister aux forces de rotation caus\u00e9es par les changements de mouvement de l'eau. Cette forme unique permet non seulement de minimiser la tra\u00een\u00e9e, mais aussi de maintenir la stabilit\u00e9 lors des variations soudaines du courant, offrant ainsi une tranquillit\u00e9 d'esprit aux op\u00e9rateurs de navires qui comptent sur une puissance de maintien constante. La g\u00e9om\u00e9trie de l'ancre Spek comprend un large angle de fl\u00e8che et une tige lest\u00e9e, ce qui permet de maintenir un angle d'entr\u00e9e favorable dans le fond marin. Cette caract\u00e9ristique lui permet de s'installer et de se fixer rapidement dans les substrats sableux ou vaseux, ce qui la rend polyvalente dans divers environnements marins.<\/p>\n<p>\u00c0 Qingdao H&amp;F, nous fournissons des ancres Spek qui r\u00e9pondent \u00e0 ces normes de performance critiques tout en am\u00e9liorant le confort des clients gr\u00e2ce \u00e0 un soutien suppl\u00e9mentaire et \u00e0 une assurance qualit\u00e9. Nous fournissons une s\u00e9rie de rapports d'inspection de la qualit\u00e9 pour valider l'int\u00e9grit\u00e9 structurelle et les capacit\u00e9s de performance de chaque ancre, garantissant ainsi la conformit\u00e9 avec les r\u00e9glementations strictes en mati\u00e8re de s\u00e9curit\u00e9 maritime. Gr\u00e2ce \u00e0 une assistance personnalis\u00e9e, nous aidons les acheteurs \u00e0 s\u00e9lectionner la taille et le type d'ancre les mieux adapt\u00e9s \u00e0 leurs applications sp\u00e9cifiques. Notre processus de livraison fiable et rapide garantit \u00e9galement que les clients re\u00e7oivent leurs produits \u00e0 temps, r\u00e9duisant ainsi les retards potentiels dans les op\u00e9rations.<\/p>\n<p><img fetchpriority=\"high\" decoding=\"async\" class=\"alignnone wp-image-8317 size-full\" src=\"http:\/\/qingdaohf.com\/wp-content\/uploads\/2024\/11\/spek-anchor-1.jpg\" alt=\"\" width=\"640\" height=\"640\" srcset=\"https:\/\/qingdaohf.com\/wp-content\/uploads\/2024\/11\/spek-anchor-1.jpg 640w, https:\/\/qingdaohf.com\/wp-content\/uploads\/2024\/11\/spek-anchor-1-300x300.jpg 300w, https:\/\/qingdaohf.com\/wp-content\/uploads\/2024\/11\/spek-anchor-1-150x150.jpg 150w, https:\/\/qingdaohf.com\/wp-content\/uploads\/2024\/11\/spek-anchor-1-12x12.jpg 12w, https:\/\/qingdaohf.com\/wp-content\/uploads\/2024\/11\/spek-anchor-1-500x500.jpg 500w, https:\/\/qingdaohf.com\/wp-content\/uploads\/2024\/11\/spek-anchor-1-100x100.jpg 100w\" sizes=\"(max-width: 640px) 100vw, 640px\" \/> <img decoding=\"async\" class=\"alignnone wp-image-8318 size-full\" src=\"http:\/\/qingdaohf.com\/wp-content\/uploads\/2024\/11\/spek-anchor-1.png\" alt=\"\" width=\"598\" height=\"727\" srcset=\"https:\/\/qingdaohf.com\/wp-content\/uploads\/2024\/11\/spek-anchor-1.png 598w, https:\/\/qingdaohf.com\/wp-content\/uploads\/2024\/11\/spek-anchor-1-247x300.png 247w, https:\/\/qingdaohf.com\/wp-content\/uploads\/2024\/11\/spek-anchor-1-10x12.png 10w\" sizes=\"(max-width: 598px) 100vw, 598px\" \/><\/p>\n<h3>Applications et polyvalence des ancres Spek dans diff\u00e9rents environnements marins<\/h3>\n<p>L'ancre Spek est souvent choisie pour les navires commerciaux, les plates-formes offshore et d'autres navires importants en raison de sa capacit\u00e9 de r\u00e9tention impressionnante et de son adaptabilit\u00e9. L'ancre est particuli\u00e8rement efficace pour les grands navires o\u00f9 un amarrage s\u00fbr est crucial pour maintenir la stabilit\u00e9 pendant des s\u00e9jours prolong\u00e9s. Dans des conditions de mer mod\u00e9r\u00e9e \u00e0 forte, l'ancre Spek offre un avantage gr\u00e2ce \u00e0 sa r\u00e9sistance aux mouvements lat\u00e9raux et \u00e0 sa capacit\u00e9 \u00e0 tenir bon m\u00eame dans des courants changeants. Ces caract\u00e9ristiques en font un choix privil\u00e9gi\u00e9 dans les situations o\u00f9 un ancrage s\u00fbr est n\u00e9cessaire malgr\u00e9 des conditions environnementales impr\u00e9visibles.<\/p>\n<p>Pour les acheteurs des secteurs maritime et offshore, la durabilit\u00e9, la facilit\u00e9 de d\u00e9ploiement et la rentabilit\u00e9 sont des consid\u00e9rations essentielles. La conception de l'ancre Spek facilite non seulement son utilisation, mais r\u00e9duit \u00e9galement l'usure de la cha\u00eene d'ancrage et de l'\u00e9quipement connexe en minimisant les secousses soudaines ou les tra\u00een\u00e9es qui peuvent se produire avec des types d'ancre moins stables. Les navires qui naviguent dans des r\u00e9gions o\u00f9 les fonds marins sont sablonneux, boueux ou m\u00eame rocheux b\u00e9n\u00e9ficient de la rapidit\u00e9 et de la fiabilit\u00e9 du r\u00e9glage de l'ancre Spek, qui s'adapte bien \u00e0 de multiples types de surface.<\/p>\n<p>Chez Qingdao H&amp;F, nous mettons l'accent sur la fourniture de produits qui r\u00e9pondent \u00e0 ces besoins op\u00e9rationnels tout en offrant des avantages qui am\u00e9liorent l'exp\u00e9rience d'achat. Notre engagement en faveur de cycles de livraison rapides permet aux clients d'int\u00e9grer rapidement de nouveaux \u00e9quipements sans p\u00e9riode d'attente prolong\u00e9e. De plus, nous effectuons des tests approfondis pour chaque ancre Spek, en fournissant des rapports d'inspection d\u00e9taill\u00e9s pour certifier la durabilit\u00e9, le poids et les param\u00e8tres de performance de l'ancre. Ce niveau de contr\u00f4le qualit\u00e9 est particuli\u00e8rement important pour les acheteurs qui doivent se conformer aux normes de s\u00e9curit\u00e9 maritime et qui ont besoin d'une documentation claire pour v\u00e9rifier la fiabilit\u00e9 de l'\u00e9quipement.<\/p>\n<h3>Avantages de choisir les ancres Spek de Qingdao H&amp;F<\/h3>\n<p>Choisir une ancre Spek de Qingdao H&amp;F, c'est investir dans plus qu'un simple produit, c'est s'assurer les services d'un partenaire de confiance dans le domaine de l'approvisionnement en \u00e9quipements marins. Avec plus de 20 ans d'exp\u00e9rience dans le commerce international, Qingdao H&amp;F a acquis une r\u00e9putation de fiabilit\u00e9 et d'engagement pour la satisfaction de ses clients. Nous comprenons les exigences op\u00e9rationnelles de l'industrie maritime et nous nous effor\u00e7ons d'y r\u00e9pondre en veillant \u00e0 ce que chaque ancre r\u00e9ponde non seulement \u00e0 des normes de qualit\u00e9 rigoureuses, mais aussi aux exigences d'application sp\u00e9cifiques de nos clients.<\/p>\n<p>Notre mod\u00e8le de service \u00e0 la client\u00e8le personnalis\u00e9 nous distingue des autres fournisseurs en favorisant une approche personnalis\u00e9e de chaque transaction. De la demande initiale \u00e0 la livraison, les clients b\u00e9n\u00e9ficient d'une assistance d\u00e9vou\u00e9e de la part de notre personnel comp\u00e9tent, qui leur fournit des conseils bas\u00e9s sur les normes de l'industrie et les exigences sp\u00e9cifiques \u00e0 l'application. Par exemple, nous offrons des conseils sur la s\u00e9lection du poids et de la taille appropri\u00e9s de l'ancre Spek en fonction du type de navire et des conditions de mer typiques, en veillant \u00e0 ce que les clients prennent des d\u00e9cisions \u00e9clair\u00e9es qui am\u00e9liorent la s\u00e9curit\u00e9 et l'efficacit\u00e9 op\u00e9rationnelles.<\/p>\n<p>Notre engagement en mati\u00e8re de transparence est renforc\u00e9 par notre processus d'assurance qualit\u00e9. Chaque ancre Spek est soumise \u00e0 des tests complets pour v\u00e9rifier des facteurs tels que la r\u00e9sistance \u00e0 la traction, la constance du poids et la r\u00e9sistance \u00e0 la corrosion. Ces tests sont document\u00e9s dans des rapports d'inspection d\u00e9taill\u00e9s que nous partageons avec nos clients, ce qui leur permet d'avoir confiance dans la durabilit\u00e9 et la performance du produit. En outre, notre logistique efficace et nos options de livraison d'entrep\u00f4t \u00e0 entrep\u00f4t permettent de livrer les produits en temps voulu, ce qui contribue \u00e0 minimiser les interruptions des activit\u00e9s des clients et \u00e0 maximiser la commodit\u00e9.<\/p>\n<p>L'accent mis par Qingdao H&amp;F sur l'excellence du service et la qualit\u00e9 des produits fait de nous un choix id\u00e9al pour les acheteurs qui recherchent non seulement des ancres robustes et fiables, mais aussi une exp\u00e9rience d'achat sans faille.<\/p>","protected":false},"excerpt":{"rendered":"<p>L'ancre Spek, incontournable dans les applications marines, est tr\u00e8s appr\u00e9ci\u00e9e par les acheteurs qui recherchent un \u00e9quilibre entre fiabilit\u00e9 et performance efficace dans diverses conditions oc\u00e9aniques. Connue pour sa puissance de maintien et sa stabilit\u00e9, l'ancre Spek est particuli\u00e8rement bien adapt\u00e9e aux navires naviguant sur des mers mod\u00e9r\u00e9es \u00e0 fortes. Chez Qingdao H&amp;F, nous allons encore plus loin en offrant un service client personnalis\u00e9 afin que chaque client re\u00e7oive des conseils adapt\u00e9s \u00e0 ses besoins sp\u00e9cifiques. Notre cycle de livraison rapide r\u00e9duit les temps d'arr\u00eat, tandis que notre gamme de rapports d'inspection de la qualit\u00e9 offre aux acheteurs une confiance accrue dans la fiabilit\u00e9 et la durabilit\u00e9 des produits. Pour les professionnels de l'industrie maritime, l'accent que nous mettons sur un service exceptionnel et des processus rationalis\u00e9s garantit une exp\u00e9rience d'achat sans faille.<\/p>","protected":false},"featured_media":8311,"comment_status":"open","ping_status":"closed","template":"","meta":{"site-sidebar-layout":"default","site-content-layout":"","ast-site-content-layout":"default","site-content-style":"default","site-sidebar-style":"default","ast-global-header-display":"","ast-banner-title-visibility":"","ast-main-header-display":"","ast-hfb-above-header-display":"","ast-hfb-below-header-display":"","ast-hfb-mobile-header-display":"","site-post-title":"","ast-breadcrumbs-content":"","ast-featured-img":"","footer-sml-layout":"","theme-transparent-header-meta":"default","adv-header-id-meta":"","stick-header-meta":"default","header-above-stick-meta":"","header-main-stick-meta":"","header-below-stick-meta":"","astra-migrate-meta-layouts":"set","ast-page-background-enabled":"default","ast-page-background-meta":{"desktop":{"background-color":"","background-image":"","background-repeat":"repeat","background-position":"center center","background-size":"auto","background-attachment":"scroll","background-type":"","background-media":"","overlay-type":"","overlay-color":"","overlay-opacity":"","overlay-gradient":""},"tablet":{"background-color":"","background-image":"","background-repeat":"repeat","background-position":"center center","background-size":"auto","background-attachment":"scroll","background-type":"","background-media":"","overlay-type":"","overlay-color":"","overlay-opacity":"","overlay-gradient":""},"mobile":{"background-color":"","background-image":"","background-repeat":"repeat","background-position":"center center","background-size":"auto","background-attachment":"scroll","background-type":"","background-media":"","overlay-type":"","overlay-color":"","overlay-opacity":"","overlay-gradient":""}},"ast-content-background-meta":{"desktop":{"background-color":"var(--ast-global-color-5)","background-image":"","background-repeat":"repeat","background-position":"center center","background-size":"auto","background-attachment":"scroll","background-type":"","background-media":"","overlay-type":"","overlay-color":"","overlay-opacity":"","overlay-gradient":""},"tablet":{"background-color":"var(--ast-global-color-5)","background-image":"","background-repeat":"repeat","background-position":"center center","background-size":"auto","background-attachment":"scroll","background-type":"","background-media":"","overlay-type":"","overlay-color":"","overlay-opacity":"","overlay-gradient":""},"mobile":{"background-color":"var(--ast-global-color-5)","background-image":"","background-repeat":"repeat","background-position":"center center","background-size":"auto","background-attachment":"scroll","background-type":"","background-media":"","overlay-type":"","overlay-color":"","overlay-opacity":"","overlay-gradient":""}}},"product_brand":[],"product_cat":[74],"product_tag":[],"class_list":{"0":"post-8310","1":"product","2":"type-product","3":"status-publish","4":"has-post-thumbnail","6":"product_cat-boat-anchor","7":"desktop-align-left","8":"tablet-align-left","9":"mobile-align-left","10":"ast-product-gallery-layout-horizontal-slider","11":"ast-product-tabs-layout-horizontal","13":"first","14":"instock","15":"shipping-taxable","16":"purchasable","17":"product-type-simple"},"yoast_head":"<!-- This site is optimized with the Yoast SEO plugin v25.2 - https:\/\/yoast.com\/wordpress\/plugins\/seo\/ -->\n<title>Spek Anchor Stockless Anchor<\/title>\n<meta name=\"robots\" content=\"index, follow, max-snippet:-1, max-image-preview:large, max-video-preview:-1\" \/>\n<link rel=\"canonical\" href=\"https:\/\/qingdaohf.com\/fr\/produit\/ancre-spek-ancre-sans-stock\/\" \/>\n<meta property=\"og:locale\" content=\"fr_FR\" \/>\n<meta property=\"og:type\" content=\"article\" \/>\n<meta property=\"og:title\" content=\"Spek Anchor Stockless Anchor\" \/>\n<meta property=\"og:description\" content=\"The Spek Anchor, a staple in marine applications, is highly valued by buyers seeking a balance of reliability and efficient performance in diverse ocean conditions. Known for its robust holding power and stability, the Spek Anchor is particularly well-suited for vessels in moderate to rough seas. At Qingdao H&amp;F, we go a step further by providing one-on-one customer service to ensure each client receives guidance tailored to their specific requirements. Our fast delivery cycle reduces downtime, while our range of quality inspection reports offers buyers added confidence in product reliability and durability. For marine industry professionals, our focus on exceptional service and streamlined processes ensures a seamless purchasing experience.\" \/>\n<meta property=\"og:url\" content=\"https:\/\/qingdaohf.com\/fr\/produit\/ancre-spek-ancre-sans-stock\/\" \/>\n<meta property=\"og:site_name\" content=\"Concrete Form &amp; Rigging Hardware Supplier\" \/>\n<meta property=\"article:publisher\" content=\"https:\/\/www.facebook.com\/qingdaohf\" \/>\n<meta property=\"article:modified_time\" content=\"2025-11-13T01:02:52+00:00\" \/>\n<meta property=\"og:image\" content=\"https:\/\/qingdaohf.com\/wp-content\/uploads\/2024\/11\/spek-anchor.jpg\" \/>\n\t<meta property=\"og:image:width\" content=\"1000\" \/>\n\t<meta property=\"og:image:height\" content=\"1000\" \/>\n\t<meta property=\"og:image:type\" content=\"image\/jpeg\" \/>\n<meta name=\"twitter:card\" content=\"summary_large_image\" \/>\n<meta name=\"twitter:label1\" content=\"Dur\u00e9e de lecture estim\u00e9e\" \/>\n\t<meta name=\"twitter:data1\" content=\"5 minutes\" \/>\n<script type=\"application\/ld+json\" class=\"yoast-schema-graph\">{\"@context\":\"https:\/\/schema.org\",\"@graph\":[{\"@type\":\"WebPage\",\"@id\":\"https:\/\/qingdaohf.com\/product\/spek-anchor-stockless-anchor\/\",\"url\":\"https:\/\/qingdaohf.com\/product\/spek-anchor-stockless-anchor\/\",\"name\":\"Spek Anchor Stockless Anchor\",\"isPartOf\":{\"@id\":\"https:\/\/qingdaohf.com\/bg\/#website\"},\"primaryImageOfPage\":{\"@id\":\"https:\/\/qingdaohf.com\/product\/spek-anchor-stockless-anchor\/#primaryimage\"},\"image\":{\"@id\":\"https:\/\/qingdaohf.com\/product\/spek-anchor-stockless-anchor\/#primaryimage\"},\"thumbnailUrl\":\"https:\/\/qingdaohf.com\/wp-content\/uploads\/2024\/11\/spek-anchor.jpg\",\"datePublished\":\"2024-11-07T06:33:56+00:00\",\"dateModified\":\"2025-11-13T01:02:52+00:00\",\"breadcrumb\":{\"@id\":\"https:\/\/qingdaohf.com\/product\/spek-anchor-stockless-anchor\/#breadcrumb\"},\"inLanguage\":\"fr-FR\",\"potentialAction\":[{\"@type\":\"ReadAction\",\"target\":[\"https:\/\/qingdaohf.com\/product\/spek-anchor-stockless-anchor\/\"]}]},{\"@type\":\"ImageObject\",\"inLanguage\":\"fr-FR\",\"@id\":\"https:\/\/qingdaohf.com\/product\/spek-anchor-stockless-anchor\/#primaryimage\",\"url\":\"https:\/\/qingdaohf.com\/wp-content\/uploads\/2024\/11\/spek-anchor.jpg\",\"contentUrl\":\"https:\/\/qingdaohf.com\/wp-content\/uploads\/2024\/11\/spek-anchor.jpg\",\"width\":1000,\"height\":1000,\"caption\":\"spek anchor\"},{\"@type\":\"BreadcrumbList\",\"@id\":\"https:\/\/qingdaohf.com\/product\/spek-anchor-stockless-anchor\/#breadcrumb\",\"itemListElement\":[{\"@type\":\"ListItem\",\"position\":1,\"name\":\"Home\",\"item\":\"https:\/\/qingdaohf.com\/\"},{\"@type\":\"ListItem\",\"position\":2,\"name\":\"Concrete Forming Accessories and Rigging Hardware\",\"item\":\"https:\/\/qingdaohf.com\/bg\/?page_id=944\"},{\"@type\":\"ListItem\",\"position\":3,\"name\":\"Spek Anchor Stockless Anchor\"}]},{\"@type\":\"WebSite\",\"@id\":\"https:\/\/qingdaohf.com\/bg\/#website\",\"url\":\"https:\/\/qingdaohf.com\/bg\/\",\"name\":\"Concrete Form & Rigging Hardware Supplier\",\"description\":\"\",\"publisher\":{\"@id\":\"https:\/\/qingdaohf.com\/bg\/#organization\"},\"potentialAction\":[{\"@type\":\"SearchAction\",\"target\":{\"@type\":\"EntryPoint\",\"urlTemplate\":\"https:\/\/qingdaohf.com\/bg\/?s={search_term_string}\"},\"query-input\":{\"@type\":\"PropertyValueSpecification\",\"valueRequired\":true,\"valueName\":\"search_term_string\"}}],\"inLanguage\":\"fr-FR\"},{\"@type\":\"Organization\",\"@id\":\"https:\/\/qingdaohf.com\/bg\/#organization\",\"name\":\"Qingdao H&F\",\"url\":\"https:\/\/qingdaohf.com\/bg\/\",\"logo\":{\"@type\":\"ImageObject\",\"inLanguage\":\"fr-FR\",\"@id\":\"https:\/\/qingdaohf.com\/bg\/#\/schema\/logo\/image\/\",\"url\":\"https:\/\/qingdaohf.com\/wp-content\/uploads\/2022\/12\/cropped-HF-LOGO.png\",\"contentUrl\":\"https:\/\/qingdaohf.com\/wp-content\/uploads\/2022\/12\/cropped-HF-LOGO.png\",\"width\":391,\"height\":249,\"caption\":\"Qingdao H&F\"},\"image\":{\"@id\":\"https:\/\/qingdaohf.com\/bg\/#\/schema\/logo\/image\/\"},\"sameAs\":[\"https:\/\/www.facebook.com\/qingdaohf\"]}]}<\/script>\n<!-- \/ Yoast SEO plugin. -->","yoast_head_json":{"title":"Spek Anchor Stockless Anchor","robots":{"index":"index","follow":"follow","max-snippet":"max-snippet:-1","max-image-preview":"max-image-preview:large","max-video-preview":"max-video-preview:-1"},"canonical":"https:\/\/qingdaohf.com\/fr\/produit\/ancre-spek-ancre-sans-stock\/","og_locale":"fr_FR","og_type":"article","og_title":"Spek Anchor Stockless Anchor","og_description":"The Spek Anchor, a staple in marine applications, is highly valued by buyers seeking a balance of reliability and efficient performance in diverse ocean conditions. Known for its robust holding power and stability, the Spek Anchor is particularly well-suited for vessels in moderate to rough seas. At Qingdao H&amp;F, we go a step further by providing one-on-one customer service to ensure each client receives guidance tailored to their specific requirements. Our fast delivery cycle reduces downtime, while our range of quality inspection reports offers buyers added confidence in product reliability and durability. For marine industry professionals, our focus on exceptional service and streamlined processes ensures a seamless purchasing experience.","og_url":"https:\/\/qingdaohf.com\/fr\/produit\/ancre-spek-ancre-sans-stock\/","og_site_name":"Concrete Form &amp; Rigging Hardware Supplier","article_publisher":"https:\/\/www.facebook.com\/qingdaohf","article_modified_time":"2025-11-13T01:02:52+00:00","og_image":[{"width":1000,"height":1000,"url":"https:\/\/qingdaohf.com\/wp-content\/uploads\/2024\/11\/spek-anchor.jpg","type":"image\/jpeg"}],"twitter_card":"summary_large_image","twitter_misc":{"Dur\u00e9e de lecture estim\u00e9e":"5 minutes"},"schema":{"@context":"https:\/\/schema.org","@graph":[{"@type":"WebPage","@id":"https:\/\/qingdaohf.com\/product\/spek-anchor-stockless-anchor\/","url":"https:\/\/qingdaohf.com\/product\/spek-anchor-stockless-anchor\/","name":"Spek Anchor Stockless Anchor","isPartOf":{"@id":"https:\/\/qingdaohf.com\/bg\/#website"},"primaryImageOfPage":{"@id":"https:\/\/qingdaohf.com\/product\/spek-anchor-stockless-anchor\/#primaryimage"},"image":{"@id":"https:\/\/qingdaohf.com\/product\/spek-anchor-stockless-anchor\/#primaryimage"},"thumbnailUrl":"https:\/\/qingdaohf.com\/wp-content\/uploads\/2024\/11\/spek-anchor.jpg","datePublished":"2024-11-07T06:33:56+00:00","dateModified":"2025-11-13T01:02:52+00:00","breadcrumb":{"@id":"https:\/\/qingdaohf.com\/product\/spek-anchor-stockless-anchor\/#breadcrumb"},"inLanguage":"fr-FR","potentialAction":[{"@type":"ReadAction","target":["https:\/\/qingdaohf.com\/product\/spek-anchor-stockless-anchor\/"]}]},{"@type":"ImageObject","inLanguage":"fr-FR","@id":"https:\/\/qingdaohf.com\/product\/spek-anchor-stockless-anchor\/#primaryimage","url":"https:\/\/qingdaohf.com\/wp-content\/uploads\/2024\/11\/spek-anchor.jpg","contentUrl":"https:\/\/qingdaohf.com\/wp-content\/uploads\/2024\/11\/spek-anchor.jpg","width":1000,"height":1000,"caption":"spek anchor"},{"@type":"BreadcrumbList","@id":"https:\/\/qingdaohf.com\/product\/spek-anchor-stockless-anchor\/#breadcrumb","itemListElement":[{"@type":"ListItem","position":1,"name":"Home","item":"https:\/\/qingdaohf.com\/"},{"@type":"ListItem","position":2,"name":"Concrete Forming Accessories and Rigging Hardware","item":"https:\/\/qingdaohf.com\/bg\/?page_id=944"},{"@type":"ListItem","position":3,"name":"Spek Anchor Stockless Anchor"}]},{"@type":"WebSite","@id":"https:\/\/qingdaohf.com\/bg\/#website","url":"https:\/\/qingdaohf.com\/bg\/","name":"Concrete Form & Rigging Hardware Supplier","description":"","publisher":{"@id":"https:\/\/qingdaohf.com\/bg\/#organization"},"potentialAction":[{"@type":"SearchAction","target":{"@type":"EntryPoint","urlTemplate":"https:\/\/qingdaohf.com\/bg\/?s={search_term_string}"},"query-input":{"@type":"PropertyValueSpecification","valueRequired":true,"valueName":"search_term_string"}}],"inLanguage":"fr-FR"},{"@type":"Organization","@id":"https:\/\/qingdaohf.com\/bg\/#organization","name":"Qingdao H&F","url":"https:\/\/qingdaohf.com\/bg\/","logo":{"@type":"ImageObject","inLanguage":"fr-FR","@id":"https:\/\/qingdaohf.com\/bg\/#\/schema\/logo\/image\/","url":"https:\/\/qingdaohf.com\/wp-content\/uploads\/2022\/12\/cropped-HF-LOGO.png","contentUrl":"https:\/\/qingdaohf.com\/wp-content\/uploads\/2022\/12\/cropped-HF-LOGO.png","width":391,"height":249,"caption":"Qingdao H&F"},"image":{"@id":"https:\/\/qingdaohf.com\/bg\/#\/schema\/logo\/image\/"},"sameAs":["https:\/\/www.facebook.com\/qingdaohf"]}]}},"_links":{"self":[{"href":"https:\/\/qingdaohf.com\/fr\/wp-json\/wp\/v2\/product\/8310","targetHints":{"allow":["GET"]}}],"collection":[{"href":"https:\/\/qingdaohf.com\/fr\/wp-json\/wp\/v2\/product"}],"about":[{"href":"https:\/\/qingdaohf.com\/fr\/wp-json\/wp\/v2\/types\/product"}],"replies":[{"embeddable":true,"href":"https:\/\/qingdaohf.com\/fr\/wp-json\/wp\/v2\/comments?post=8310"}],"version-history":[{"count":1,"href":"https:\/\/qingdaohf.com\/fr\/wp-json\/wp\/v2\/product\/8310\/revisions"}],"predecessor-version":[{"id":8319,"href":"https:\/\/qingdaohf.com\/fr\/wp-json\/wp\/v2\/product\/8310\/revisions\/8319"}],"wp:featuredmedia":[{"embeddable":true,"href":"https:\/\/qingdaohf.com\/fr\/wp-json\/wp\/v2\/media\/8311"}],"wp:attachment":[{"href":"https:\/\/qingdaohf.com\/fr\/wp-json\/wp\/v2\/media?parent=8310"}],"wp:term":[{"taxonomy":"product_brand","embeddable":true,"href":"https:\/\/qingdaohf.com\/fr\/wp-json\/wp\/v2\/product_brand?post=8310"},{"taxonomy":"product_cat","embeddable":true,"href":"https:\/\/qingdaohf.com\/fr\/wp-json\/wp\/v2\/product_cat?post=8310"},{"taxonomy":"product_tag","embeddable":true,"href":"https:\/\/qingdaohf.com\/fr\/wp-json\/wp\/v2\/product_tag?post=8310"}],"curies":[{"name":"wp","href":"https:\/\/api.w.org\/{rel}","templated":true}]}}