{"id":8320,"date":"2024-11-07T14:41:32","date_gmt":"2024-11-07T06:41:32","guid":{"rendered":"http:\/\/qingdaohf.com\/?post_type=product&#038;p=8320"},"modified":"2025-11-13T09:02:52","modified_gmt":"2025-11-13T01:02:52","slug":"ac-14-anchor","status":"publish","type":"product","link":"https:\/\/qingdaohf.com\/fr\/produit\/ac-14-ancre\/","title":{"rendered":"Ancre AC-14"},"content":{"rendered":"<h3>Ancre AC-14 : Polyvalence, conception et application en milieu marin<\/h3>\n<p>L'ancre AC-14, r\u00e9put\u00e9e pour sa polyvalence et sa robustesse, repr\u00e9sente une \u00e9volution dans la technologie des ancres, con\u00e7ue pour am\u00e9liorer la stabilit\u00e9 et la durabilit\u00e9 dans diverses conditions marines. En tant qu'ancre offrant des performances fiables, l'AC-14 est devenue un choix privil\u00e9gi\u00e9 pour une grande vari\u00e9t\u00e9 de navires, des navires commerciaux aux plates-formes de forage en mer. Sa g\u00e9om\u00e9trie distinctive et sa capacit\u00e9 de r\u00e9tention permettent \u00e0 cette ancre de r\u00e9sister aux rigueurs des eaux agit\u00e9es, des fonds marins sablonneux ou vaseux et des mar\u00e9es fluctuantes.<\/p>\n<p><img fetchpriority=\"high\" decoding=\"async\" class=\"alignnone wp-image-8321 size-full\" src=\"http:\/\/qingdaohf.com\/wp-content\/uploads\/2024\/11\/ac14.jpg\" alt=\"\" width=\"640\" height=\"640\" srcset=\"https:\/\/qingdaohf.com\/wp-content\/uploads\/2024\/11\/ac14.jpg 640w, https:\/\/qingdaohf.com\/wp-content\/uploads\/2024\/11\/ac14-300x300.jpg 300w, https:\/\/qingdaohf.com\/wp-content\/uploads\/2024\/11\/ac14-150x150.jpg 150w, https:\/\/qingdaohf.com\/wp-content\/uploads\/2024\/11\/ac14-12x12.jpg 12w, https:\/\/qingdaohf.com\/wp-content\/uploads\/2024\/11\/ac14-500x500.jpg 500w, https:\/\/qingdaohf.com\/wp-content\/uploads\/2024\/11\/ac14-100x100.jpg 100w\" sizes=\"(max-width: 640px) 100vw, 640px\" \/> <img decoding=\"async\" class=\"alignnone wp-image-8322 size-full\" src=\"http:\/\/qingdaohf.com\/wp-content\/uploads\/2024\/11\/ac-14-anchor.png\" alt=\"\" width=\"1747\" height=\"500\" srcset=\"https:\/\/qingdaohf.com\/wp-content\/uploads\/2024\/11\/ac-14-anchor.png 1747w, https:\/\/qingdaohf.com\/wp-content\/uploads\/2024\/11\/ac-14-anchor-300x86.png 300w, https:\/\/qingdaohf.com\/wp-content\/uploads\/2024\/11\/ac-14-anchor-1024x293.png 1024w, https:\/\/qingdaohf.com\/wp-content\/uploads\/2024\/11\/ac-14-anchor-768x220.png 768w, https:\/\/qingdaohf.com\/wp-content\/uploads\/2024\/11\/ac-14-anchor-1536x440.png 1536w, https:\/\/qingdaohf.com\/wp-content\/uploads\/2024\/11\/ac-14-anchor-18x5.png 18w, https:\/\/qingdaohf.com\/wp-content\/uploads\/2024\/11\/ac-14-anchor-1000x286.png 1000w\" sizes=\"(max-width: 1747px) 100vw, 1747px\" \/><\/p>\n<h4>Conception et ing\u00e9nierie de l'ancre AC-14<\/h4>\n<p>L'ing\u00e9nierie de l'ancre AC-14 t\u00e9moigne d'une attention m\u00e9ticuleuse \u00e0 la fois \u00e0 la forme et \u00e0 la fonction. Sa structure profil\u00e9e, souvent fabriqu\u00e9e en acier de haute qualit\u00e9 r\u00e9sistant \u00e0 la corrosion, minimise la tra\u00een\u00e9e et am\u00e9liore la p\u00e9n\u00e9tration dans une vari\u00e9t\u00e9 de compositions de fonds marins. La conception incorpore des fl\u00e8ches de forme et d'angle uniques pour assurer un enfoncement profond, ce qui lui permet de s'agripper fermement au fond marin. Cette caract\u00e9ristique est particuli\u00e8rement cruciale lors de l'amarrage dans des environnements aux substrats mous, tels que le sable ou la vase, o\u00f9 la force de maintien est essentielle pour \u00e9viter le tra\u00eenage ou le d\u00e9placement.<\/p>\n<p>En outre, le profil compact de l'AC-14 permet un stockage plus facile \u00e0 bord sans sacrifier la force de retenue, une caract\u00e9ristique qui profite aux navires dont l'espace de pont est limit\u00e9. En tant qu'ancre \u00e0 haut pouvoir de retenue (HHP), elle offre une capacit\u00e9 de retenue deux fois sup\u00e9rieure \u00e0 celle d'une ancre standard de m\u00eame poids, ce qui r\u00e9duit la n\u00e9cessit\u00e9 d'un lestage excessif. Cette efficacit\u00e9 dans le rapport poids\/tenue est un avantage significatif pour les grands navires qui cherchent \u00e0 optimiser l'espace et les co\u00fbts op\u00e9rationnels globaux. Pour les navires qui op\u00e8rent dans des conditions marines variables, la conception de l'AC-14 r\u00e9pond aux besoins de fiabilit\u00e9 et de durabilit\u00e9, en fournissant une ancre qui reste stable et s\u00fbre malgr\u00e9 les fluctuations des courants et des types de fonds marins.<\/p>\n<h4>Avantages de l'ancre AC-14 dans les applications pratiques<\/h4>\n<p>L'ancre AC-14 est con\u00e7ue pour offrir des performances fiables dans divers environnements marins, ce qui en fait un atout pr\u00e9cieux pour l'amarrage \u00e0 court terme et l'ancrage prolong\u00e9. Sa grande capacit\u00e9 de retenue lui permet de s\u00e9curiser efficacement les navires, m\u00eame de grande taille, en minimisant le risque de d\u00e9rive en cas de temp\u00eate ou de conditions m\u00e9t\u00e9orologiques d\u00e9favorables. Cette caract\u00e9ristique est particuli\u00e8rement importante pour les navires engag\u00e9s dans des op\u00e9rations offshore, o\u00f9 le maintien d'une position fixe est essentiel pour la s\u00e9curit\u00e9 et l'efficacit\u00e9 op\u00e9rationnelle.<\/p>\n<p>L'un des principaux avantages de l'ancre AC-14 est son adaptabilit\u00e9 aux diff\u00e9rentes conditions du fond marin. Ses pales peuvent s'enfoncer profond\u00e9ment dans des substrats plus mous comme le sable et la vase, mais elles font \u00e9galement preuve d'une stabilit\u00e9 impressionnante sur des sols plus fermes, comme les graviers ou les fonds marins parsem\u00e9s de rochers. Cette polyvalence permet aux navires de ne pas \u00eatre limit\u00e9s par les contraintes environnementales, ce qui fait de l'AC-14 un choix appropri\u00e9 pour un large \u00e9ventail d'op\u00e9rations maritimes.<\/p>\n<p>Au-del\u00e0 de la stabilit\u00e9 pratique, la conception de l'ancre r\u00e9duit la probabilit\u00e9 d'endommager les fonds marins, une consid\u00e9ration qui va dans le sens de la sensibilisation croissante \u00e0 l'environnement dans l'industrie. Alors que le d\u00e9veloppement durable devient une priorit\u00e9, le profil \u00e0 faible impact de l'AC-14 et sa p\u00e9n\u00e9tration efficace r\u00e9duisent les perturbations des \u00e9cosyst\u00e8mes marins, ce qui est particuli\u00e8rement pr\u00e9cieux pour les entreprises engag\u00e9es dans des pratiques respectueuses de l'environnement.<\/p>\n<p>Pour les acheteurs, Qingdao H&amp;F augmente la valeur de l'ancre AC-14 en offrant un service client personnalis\u00e9, en acc\u00e9l\u00e9rant les d\u00e9lais de livraison et en fournissant des rapports d'inspection de la qualit\u00e9 d\u00e9taill\u00e9s. En offrant un soutien et une assurance complets, nous veillons \u00e0 ce que chaque achat soit un investissement dans la qualit\u00e9, la s\u00e9curit\u00e9 et la responsabilit\u00e9 environnementale. Notre engagement en faveur d'une livraison rapide et d'une assurance qualit\u00e9 permet aux acheteurs de b\u00e9n\u00e9ficier d'une exp\u00e9rience simplifi\u00e9e, o\u00f9 la fiabilit\u00e9 et les normes \u00e9lev\u00e9es sont maintenues depuis la commande jusqu'au d\u00e9ploiement final.<\/p>\n<h4>Normes d'assurance qualit\u00e9 et d'essai pour les ancrages AC-14<\/h4>\n<p>Lorsqu'il s'agit de composants critiques tels que les ancres, l'assurance qualit\u00e9 ne peut \u00eatre compromise. Qingdao H&amp;F accorde la priorit\u00e9 \u00e0 un contr\u00f4le de qualit\u00e9 rigoureux pour chaque ancre AC-14, en adh\u00e9rant aux normes d'essai internationales pour v\u00e9rifier la force de maintien, l'int\u00e9grit\u00e9 du mat\u00e9riau et la r\u00e9sistance \u00e0 la corrosion. Nos rapports d'inspection d\u00e9taill\u00e9s offrent aux acheteurs un aper\u00e7u transparent des param\u00e8tres de performance de chaque ancre, tels que la charge d'\u00e9preuve et l'analyse des mat\u00e9riaux, qui confirment l'ad\u00e9quation de l'ancre \u00e0 une gamme d'applications marines.<\/p>\n<p>La classification de l'AC-14 en mati\u00e8re de force de retenue \u00e9lev\u00e9e a \u00e9t\u00e9 v\u00e9rifi\u00e9e par des essais de charge approfondis, qui simulent les performances de l'ancrage dans des conditions r\u00e9elles. Ce protocole de test examine la durabilit\u00e9 de l'ancrage sous tension, v\u00e9rifiant qu'il respecte ou d\u00e9passe les normes industrielles en mati\u00e8re de stabilit\u00e9 et de r\u00e9sistance \u00e0 l'usure et \u00e0 la corrosion. Pour les acheteurs, ces rapports fournissent des informations pr\u00e9cieuses sur la fiabilit\u00e9 de l'ancrage, garantissant la tranquillit\u00e9 d'esprit et renfor\u00e7ant notre engagement en mati\u00e8re de s\u00e9curit\u00e9 et de qualit\u00e9.<\/p>\n<p>En outre, la conception de l'AC-14 permet un stockage plus efficace sans sacrifier la s\u00e9curit\u00e9. La compacit\u00e9 de l'ancre est particuli\u00e8rement avantageuse pour les navires dont l'espace de pont est limit\u00e9, car elle permet un rangement rationalis\u00e9 tout en conservant la stabilit\u00e9 et la force de maintien n\u00e9cessaires. Gr\u00e2ce \u00e0 son service client personnalis\u00e9, Qingdao H&amp;F s'assure que les clients re\u00e7oivent une assistance personnalis\u00e9e dans la s\u00e9lection des sp\u00e9cifications appropri\u00e9es aux exigences de leur navire, et notre \u00e9quipe est disponible pour r\u00e9pondre \u00e0 toutes les questions techniques tout au long du processus d'achat.<\/p>\n<p>Notre engagement en faveur de cycles de livraison rapides garantit \u00e9galement que les acheteurs peuvent compter sur nous pour l'ex\u00e9cution des commandes dans les d\u00e9lais impartis, ce qui minimise les retards potentiels dans leurs op\u00e9rations. De plus, les avantages environnementaux de l'ancre AC-14 sont conformes \u00e0 l'\u00e9volution des r\u00e9glementations qui encouragent les pratiques maritimes responsables. L'impact minimal de l'AC-14 sur le fond marin permet de r\u00e9pondre aux normes r\u00e9glementaires qui mettent de plus en plus l'accent sur la gestion de l'environnement. En proposant cette ancre, nous aidons nos clients non seulement \u00e0 se conformer aux normes de l'industrie, mais aussi \u00e0 contribuer \u00e0 une industrie maritime durable.<\/p>\n<p>En r\u00e9sum\u00e9, l'ancre AC-14 est un choix fiable et durable pour les op\u00e9rations maritimes qui n\u00e9cessitent une puissance de maintien efficace et une adaptabilit\u00e9 \u00e0 des conditions de fond marin vari\u00e9es. Gr\u00e2ce \u00e0 l'engagement de Qingdao H&amp;F en mati\u00e8re d'assurance qualit\u00e9, de service \u00e0 la client\u00e8le personnalis\u00e9 et de livraison rapide, les clients re\u00e7oivent un produit qui r\u00e9pond \u00e0 la fois aux besoins op\u00e9rationnels et aux consid\u00e9rations environnementales.<\/p>","protected":false},"excerpt":{"rendered":"<p>L'ancre AC-14 est un choix tr\u00e8s recherch\u00e9 pour les applications marines et offshore, connue pour sa conception \u00e0 haut pouvoir de r\u00e9tention (HHP). Avec un rapport poids\/tenue efficace, cette ancre r\u00e9pond aux demandes des acheteurs qui recherchent des solutions rentables et durables pour l'amarrage et l'ancrage dans des fonds marins difficiles. Qingdao H&amp;F offre \u00e0 ses clients une exp\u00e9rience d'achat sup\u00e9rieure gr\u00e2ce \u00e0 un service client personnalis\u00e9, des cycles de livraison rapides et des rapports d'inspection de la qualit\u00e9 complets. Les acheteurs peuvent compter sur nous non seulement pour l'assurance de la qualit\u00e9, mais aussi pour un processus d'achat efficace et sans heurts qui r\u00e9pond aux normes de l'industrie.<\/p>","protected":false},"featured_media":8324,"comment_status":"open","ping_status":"closed","template":"","meta":{"site-sidebar-layout":"default","site-content-layout":"","ast-site-content-layout":"default","site-content-style":"default","site-sidebar-style":"default","ast-global-header-display":"","ast-banner-title-visibility":"","ast-main-header-display":"","ast-hfb-above-header-display":"","ast-hfb-below-header-display":"","ast-hfb-mobile-header-display":"","site-post-title":"","ast-breadcrumbs-content":"","ast-featured-img":"","footer-sml-layout":"","theme-transparent-header-meta":"default","adv-header-id-meta":"","stick-header-meta":"default","header-above-stick-meta":"","header-main-stick-meta":"","header-below-stick-meta":"","astra-migrate-meta-layouts":"set","ast-page-background-enabled":"default","ast-page-background-meta":{"desktop":{"background-color":"","background-image":"","background-repeat":"repeat","background-position":"center center","background-size":"auto","background-attachment":"scroll","background-type":"","background-media":"","overlay-type":"","overlay-color":"","overlay-opacity":"","overlay-gradient":""},"tablet":{"background-color":"","background-image":"","background-repeat":"repeat","background-position":"center center","background-size":"auto","background-attachment":"scroll","background-type":"","background-media":"","overlay-type":"","overlay-color":"","overlay-opacity":"","overlay-gradient":""},"mobile":{"background-color":"","background-image":"","background-repeat":"repeat","background-position":"center center","background-size":"auto","background-attachment":"scroll","background-type":"","background-media":"","overlay-type":"","overlay-color":"","overlay-opacity":"","overlay-gradient":""}},"ast-content-background-meta":{"desktop":{"background-color":"var(--ast-global-color-5)","background-image":"","background-repeat":"repeat","background-position":"center center","background-size":"auto","background-attachment":"scroll","background-type":"","background-media":"","overlay-type":"","overlay-color":"","overlay-opacity":"","overlay-gradient":""},"tablet":{"background-color":"var(--ast-global-color-5)","background-image":"","background-repeat":"repeat","background-position":"center center","background-size":"auto","background-attachment":"scroll","background-type":"","background-media":"","overlay-type":"","overlay-color":"","overlay-opacity":"","overlay-gradient":""},"mobile":{"background-color":"var(--ast-global-color-5)","background-image":"","background-repeat":"repeat","background-position":"center center","background-size":"auto","background-attachment":"scroll","background-type":"","background-media":"","overlay-type":"","overlay-color":"","overlay-opacity":"","overlay-gradient":""}}},"product_brand":[],"product_cat":[74],"product_tag":[],"class_list":{"0":"post-8320","1":"product","2":"type-product","3":"status-publish","4":"has-post-thumbnail","6":"product_cat-boat-anchor","7":"desktop-align-left","8":"tablet-align-left","9":"mobile-align-left","10":"ast-product-gallery-layout-horizontal-slider","11":"ast-product-tabs-layout-horizontal","13":"first","14":"instock","15":"shipping-taxable","16":"purchasable","17":"product-type-simple"},"yoast_head":"<!-- This site is optimized with the Yoast SEO plugin v25.2 - https:\/\/yoast.com\/wordpress\/plugins\/seo\/ -->\n<title>AC-14 Anchor<\/title>\n<meta name=\"robots\" content=\"index, follow, max-snippet:-1, max-image-preview:large, max-video-preview:-1\" \/>\n<link rel=\"canonical\" href=\"https:\/\/qingdaohf.com\/fr\/produit\/ac-14-ancre\/\" \/>\n<meta property=\"og:locale\" content=\"fr_FR\" \/>\n<meta property=\"og:type\" content=\"article\" \/>\n<meta property=\"og:title\" content=\"AC-14 Anchor\" \/>\n<meta property=\"og:description\" content=\"The AC-14 Anchor is a highly sought-after choice for marine and offshore applications, known for its high holding power (HHP) design. With an efficient holding-to-weight ratio, this anchor meets the demands of buyers looking for cost-effective, durable solutions for mooring and anchoring in challenging seabeds. Qingdao H&amp;F provides a superior purchasing experience for clients with tailored one-to-one customer service, fast delivery cycles, and comprehensive quality inspection reports. Buyers can rely on us not only for quality assurance but also for a smooth, efficient procurement process that meets industry standards.\" \/>\n<meta property=\"og:url\" content=\"https:\/\/qingdaohf.com\/fr\/produit\/ac-14-ancre\/\" \/>\n<meta property=\"og:site_name\" content=\"Concrete Form &amp; Rigging Hardware Supplier\" \/>\n<meta property=\"article:publisher\" content=\"https:\/\/www.facebook.com\/qingdaohf\" \/>\n<meta property=\"article:modified_time\" content=\"2025-11-13T01:02:52+00:00\" \/>\n<meta property=\"og:image\" content=\"https:\/\/qingdaohf.com\/wp-content\/uploads\/2024\/11\/AC-14-marine-anchor.webp\" \/>\n\t<meta property=\"og:image:width\" content=\"1000\" \/>\n\t<meta property=\"og:image:height\" content=\"1000\" \/>\n\t<meta property=\"og:image:type\" content=\"image\/webp\" \/>\n<meta name=\"twitter:card\" content=\"summary_large_image\" \/>\n<meta name=\"twitter:label1\" content=\"Dur\u00e9e de lecture estim\u00e9e\" \/>\n\t<meta name=\"twitter:data1\" content=\"5 minutes\" \/>\n<script type=\"application\/ld+json\" class=\"yoast-schema-graph\">{\"@context\":\"https:\/\/schema.org\",\"@graph\":[{\"@type\":\"WebPage\",\"@id\":\"https:\/\/qingdaohf.com\/product\/ac-14-anchor\/\",\"url\":\"https:\/\/qingdaohf.com\/product\/ac-14-anchor\/\",\"name\":\"AC-14 Anchor\",\"isPartOf\":{\"@id\":\"https:\/\/qingdaohf.com\/bg\/#website\"},\"primaryImageOfPage\":{\"@id\":\"https:\/\/qingdaohf.com\/product\/ac-14-anchor\/#primaryimage\"},\"image\":{\"@id\":\"https:\/\/qingdaohf.com\/product\/ac-14-anchor\/#primaryimage\"},\"thumbnailUrl\":\"https:\/\/qingdaohf.com\/wp-content\/uploads\/2024\/11\/AC-14-marine-anchor.webp\",\"datePublished\":\"2024-11-07T06:41:32+00:00\",\"dateModified\":\"2025-11-13T01:02:52+00:00\",\"breadcrumb\":{\"@id\":\"https:\/\/qingdaohf.com\/product\/ac-14-anchor\/#breadcrumb\"},\"inLanguage\":\"fr-FR\",\"potentialAction\":[{\"@type\":\"ReadAction\",\"target\":[\"https:\/\/qingdaohf.com\/product\/ac-14-anchor\/\"]}]},{\"@type\":\"ImageObject\",\"inLanguage\":\"fr-FR\",\"@id\":\"https:\/\/qingdaohf.com\/product\/ac-14-anchor\/#primaryimage\",\"url\":\"https:\/\/qingdaohf.com\/wp-content\/uploads\/2024\/11\/AC-14-marine-anchor.webp\",\"contentUrl\":\"https:\/\/qingdaohf.com\/wp-content\/uploads\/2024\/11\/AC-14-marine-anchor.webp\",\"width\":1000,\"height\":1000,\"caption\":\"AC 14 marine ancho\"},{\"@type\":\"BreadcrumbList\",\"@id\":\"https:\/\/qingdaohf.com\/product\/ac-14-anchor\/#breadcrumb\",\"itemListElement\":[{\"@type\":\"ListItem\",\"position\":1,\"name\":\"Home\",\"item\":\"https:\/\/qingdaohf.com\/\"},{\"@type\":\"ListItem\",\"position\":2,\"name\":\"Concrete Forming Accessories and Rigging Hardware\",\"item\":\"https:\/\/qingdaohf.com\/bg\/?page_id=944\"},{\"@type\":\"ListItem\",\"position\":3,\"name\":\"AC-14 Anchor\"}]},{\"@type\":\"WebSite\",\"@id\":\"https:\/\/qingdaohf.com\/bg\/#website\",\"url\":\"https:\/\/qingdaohf.com\/bg\/\",\"name\":\"Concrete Form & Rigging Hardware Supplier\",\"description\":\"\",\"publisher\":{\"@id\":\"https:\/\/qingdaohf.com\/bg\/#organization\"},\"potentialAction\":[{\"@type\":\"SearchAction\",\"target\":{\"@type\":\"EntryPoint\",\"urlTemplate\":\"https:\/\/qingdaohf.com\/bg\/?s={search_term_string}\"},\"query-input\":{\"@type\":\"PropertyValueSpecification\",\"valueRequired\":true,\"valueName\":\"search_term_string\"}}],\"inLanguage\":\"fr-FR\"},{\"@type\":\"Organization\",\"@id\":\"https:\/\/qingdaohf.com\/bg\/#organization\",\"name\":\"Qingdao H&F\",\"url\":\"https:\/\/qingdaohf.com\/bg\/\",\"logo\":{\"@type\":\"ImageObject\",\"inLanguage\":\"fr-FR\",\"@id\":\"https:\/\/qingdaohf.com\/bg\/#\/schema\/logo\/image\/\",\"url\":\"https:\/\/qingdaohf.com\/wp-content\/uploads\/2022\/12\/cropped-HF-LOGO.png\",\"contentUrl\":\"https:\/\/qingdaohf.com\/wp-content\/uploads\/2022\/12\/cropped-HF-LOGO.png\",\"width\":391,\"height\":249,\"caption\":\"Qingdao H&F\"},\"image\":{\"@id\":\"https:\/\/qingdaohf.com\/bg\/#\/schema\/logo\/image\/\"},\"sameAs\":[\"https:\/\/www.facebook.com\/qingdaohf\"]}]}<\/script>\n<!-- \/ Yoast SEO plugin. -->","yoast_head_json":{"title":"AC-14 Anchor","robots":{"index":"index","follow":"follow","max-snippet":"max-snippet:-1","max-image-preview":"max-image-preview:large","max-video-preview":"max-video-preview:-1"},"canonical":"https:\/\/qingdaohf.com\/fr\/produit\/ac-14-ancre\/","og_locale":"fr_FR","og_type":"article","og_title":"AC-14 Anchor","og_description":"The AC-14 Anchor is a highly sought-after choice for marine and offshore applications, known for its high holding power (HHP) design. With an efficient holding-to-weight ratio, this anchor meets the demands of buyers looking for cost-effective, durable solutions for mooring and anchoring in challenging seabeds. Qingdao H&amp;F provides a superior purchasing experience for clients with tailored one-to-one customer service, fast delivery cycles, and comprehensive quality inspection reports. Buyers can rely on us not only for quality assurance but also for a smooth, efficient procurement process that meets industry standards.","og_url":"https:\/\/qingdaohf.com\/fr\/produit\/ac-14-ancre\/","og_site_name":"Concrete Form &amp; Rigging Hardware Supplier","article_publisher":"https:\/\/www.facebook.com\/qingdaohf","article_modified_time":"2025-11-13T01:02:52+00:00","og_image":[{"width":1000,"height":1000,"url":"https:\/\/qingdaohf.com\/wp-content\/uploads\/2024\/11\/AC-14-marine-anchor.webp","type":"image\/webp"}],"twitter_card":"summary_large_image","twitter_misc":{"Dur\u00e9e de lecture estim\u00e9e":"5 minutes"},"schema":{"@context":"https:\/\/schema.org","@graph":[{"@type":"WebPage","@id":"https:\/\/qingdaohf.com\/product\/ac-14-anchor\/","url":"https:\/\/qingdaohf.com\/product\/ac-14-anchor\/","name":"AC-14 Anchor","isPartOf":{"@id":"https:\/\/qingdaohf.com\/bg\/#website"},"primaryImageOfPage":{"@id":"https:\/\/qingdaohf.com\/product\/ac-14-anchor\/#primaryimage"},"image":{"@id":"https:\/\/qingdaohf.com\/product\/ac-14-anchor\/#primaryimage"},"thumbnailUrl":"https:\/\/qingdaohf.com\/wp-content\/uploads\/2024\/11\/AC-14-marine-anchor.webp","datePublished":"2024-11-07T06:41:32+00:00","dateModified":"2025-11-13T01:02:52+00:00","breadcrumb":{"@id":"https:\/\/qingdaohf.com\/product\/ac-14-anchor\/#breadcrumb"},"inLanguage":"fr-FR","potentialAction":[{"@type":"ReadAction","target":["https:\/\/qingdaohf.com\/product\/ac-14-anchor\/"]}]},{"@type":"ImageObject","inLanguage":"fr-FR","@id":"https:\/\/qingdaohf.com\/product\/ac-14-anchor\/#primaryimage","url":"https:\/\/qingdaohf.com\/wp-content\/uploads\/2024\/11\/AC-14-marine-anchor.webp","contentUrl":"https:\/\/qingdaohf.com\/wp-content\/uploads\/2024\/11\/AC-14-marine-anchor.webp","width":1000,"height":1000,"caption":"AC 14 marine ancho"},{"@type":"BreadcrumbList","@id":"https:\/\/qingdaohf.com\/product\/ac-14-anchor\/#breadcrumb","itemListElement":[{"@type":"ListItem","position":1,"name":"Home","item":"https:\/\/qingdaohf.com\/"},{"@type":"ListItem","position":2,"name":"Concrete Forming Accessories and Rigging Hardware","item":"https:\/\/qingdaohf.com\/bg\/?page_id=944"},{"@type":"ListItem","position":3,"name":"AC-14 Anchor"}]},{"@type":"WebSite","@id":"https:\/\/qingdaohf.com\/bg\/#website","url":"https:\/\/qingdaohf.com\/bg\/","name":"Concrete Form & Rigging Hardware Supplier","description":"","publisher":{"@id":"https:\/\/qingdaohf.com\/bg\/#organization"},"potentialAction":[{"@type":"SearchAction","target":{"@type":"EntryPoint","urlTemplate":"https:\/\/qingdaohf.com\/bg\/?s={search_term_string}"},"query-input":{"@type":"PropertyValueSpecification","valueRequired":true,"valueName":"search_term_string"}}],"inLanguage":"fr-FR"},{"@type":"Organization","@id":"https:\/\/qingdaohf.com\/bg\/#organization","name":"Qingdao H&F","url":"https:\/\/qingdaohf.com\/bg\/","logo":{"@type":"ImageObject","inLanguage":"fr-FR","@id":"https:\/\/qingdaohf.com\/bg\/#\/schema\/logo\/image\/","url":"https:\/\/qingdaohf.com\/wp-content\/uploads\/2022\/12\/cropped-HF-LOGO.png","contentUrl":"https:\/\/qingdaohf.com\/wp-content\/uploads\/2022\/12\/cropped-HF-LOGO.png","width":391,"height":249,"caption":"Qingdao H&F"},"image":{"@id":"https:\/\/qingdaohf.com\/bg\/#\/schema\/logo\/image\/"},"sameAs":["https:\/\/www.facebook.com\/qingdaohf"]}]}},"_links":{"self":[{"href":"https:\/\/qingdaohf.com\/fr\/wp-json\/wp\/v2\/product\/8320","targetHints":{"allow":["GET"]}}],"collection":[{"href":"https:\/\/qingdaohf.com\/fr\/wp-json\/wp\/v2\/product"}],"about":[{"href":"https:\/\/qingdaohf.com\/fr\/wp-json\/wp\/v2\/types\/product"}],"replies":[{"embeddable":true,"href":"https:\/\/qingdaohf.com\/fr\/wp-json\/wp\/v2\/comments?post=8320"}],"version-history":[{"count":2,"href":"https:\/\/qingdaohf.com\/fr\/wp-json\/wp\/v2\/product\/8320\/revisions"}],"predecessor-version":[{"id":8332,"href":"https:\/\/qingdaohf.com\/fr\/wp-json\/wp\/v2\/product\/8320\/revisions\/8332"}],"wp:featuredmedia":[{"embeddable":true,"href":"https:\/\/qingdaohf.com\/fr\/wp-json\/wp\/v2\/media\/8324"}],"wp:attachment":[{"href":"https:\/\/qingdaohf.com\/fr\/wp-json\/wp\/v2\/media?parent=8320"}],"wp:term":[{"taxonomy":"product_brand","embeddable":true,"href":"https:\/\/qingdaohf.com\/fr\/wp-json\/wp\/v2\/product_brand?post=8320"},{"taxonomy":"product_cat","embeddable":true,"href":"https:\/\/qingdaohf.com\/fr\/wp-json\/wp\/v2\/product_cat?post=8320"},{"taxonomy":"product_tag","embeddable":true,"href":"https:\/\/qingdaohf.com\/fr\/wp-json\/wp\/v2\/product_tag?post=8320"}],"curies":[{"name":"wp","href":"https:\/\/api.w.org\/{rel}","templated":true}]}}