{"id":8428,"date":"2024-11-29T16:45:52","date_gmt":"2024-11-29T08:45:52","guid":{"rendered":"http:\/\/qingdaohf.com\/?post_type=product&#038;p=8428"},"modified":"2025-11-13T09:02:51","modified_gmt":"2025-11-13T01:02:51","slug":"boat-steering-wheel","status":"publish","type":"product","link":"https:\/\/qingdaohf.com\/fr\/produit\/volant-de-bateau\/","title":{"rendered":"Volant de bateau"},"content":{"rendered":"<h4>L'importance d'un volant de bateau fiable<\/h4>\n<p>Le volant est plus qu'un simple m\u00e9canisme de contr\u00f4le pour un bateau ; c'est le c\u0153ur de la navigation et de la man\u0153uvrabilit\u00e9. Sa conception et sa fonctionnalit\u00e9 ont une incidence directe sur la capacit\u00e9 du conducteur \u00e0 man\u0153uvrer le bateau dans diff\u00e9rentes conditions d'eau. Qu'il s'agisse d'une croisi\u00e8re tranquille ou d'une navigation dans des courants difficiles, un volant de haute qualit\u00e9 assure un contr\u00f4le pr\u00e9cis, contribuant ainsi \u00e0 la s\u00e9curit\u00e9 et \u00e0 l'efficacit\u00e9.<\/p>\n<p>Lorsqu'ils choisissent un volant, les propri\u00e9taires de bateaux privil\u00e9gient souvent les mat\u00e9riaux capables de r\u00e9sister aux environnements marins, notamment l'exposition \u00e0 l'eau sal\u00e9e, \u00e0 l'humidit\u00e9 et aux rayons UV. Les mat\u00e9riaux courants tels que l'acier inoxydable, l'aluminium et les plastiques de qualit\u00e9 marine offrent diff\u00e9rents niveaux de durabilit\u00e9 et de r\u00e9sistance \u00e0 la corrosion. L'ergonomie est un autre crit\u00e8re essentiel, car la forme, la prise en main et la taille du volant peuvent influer sur le confort lors d'une utilisation prolong\u00e9e. Le choix du bon volant est essentiel non seulement pour les performances, mais aussi pour am\u00e9liorer l'exp\u00e9rience globale de la navigation de plaisance.<\/p>\n<h4>Types de volants de bateau<\/h4>\n<p>Il existe diff\u00e9rents types de volants pour bateaux, chacun \u00e9tant adapt\u00e9 \u00e0 des cat\u00e9gories de bateaux et \u00e0 des pr\u00e9f\u00e9rences d'utilisation sp\u00e9cifiques. Les volants classiques en acier inoxydable restent les pr\u00e9f\u00e9r\u00e9s des plaisanciers en raison de leur design intemporel, de leur solidit\u00e9 exceptionnelle et de leur r\u00e9sistance aux \u00e9l\u00e9ments marins. Ces volants pr\u00e9sentent souvent une finition polie, ce qui ajoute une touche de sophistication \u00e0 la barre.<\/p>\n<p>Pour ceux qui recherchent des options l\u00e9g\u00e8res, les roues fabriqu\u00e9es en aluminium ou en mat\u00e9riaux composites offrent d'excellentes performances. Les mod\u00e8les en aluminium sont appr\u00e9ci\u00e9s pour leur \u00e9quilibre entre r\u00e9sistance et poids, ce qui les rend adapt\u00e9s aux petits bateaux ou aux navires de plaisance. Les roues en mat\u00e9riaux composites, quant \u00e0 elles, sont id\u00e9ales pour les plaisanciers modernes qui privil\u00e9gient la rentabilit\u00e9 sans compromettre la durabilit\u00e9.<\/p>\n<p>Les volants en bois s'adressent aux passionn\u00e9s qui appr\u00e9cient l'esth\u00e9tique et l'artisanat traditionnels. Souvent associ\u00e9s \u00e0 des yachts vintage ou de luxe, les volants en bois d\u00e9gagent un charme classique, bien qu'ils n\u00e9cessitent davantage d'entretien que leurs homologues en m\u00e9tal ou en plastique. Chaque type de barre \u00e0 roue a une fonction unique, ce qui permet aux propri\u00e9taires de bateaux de choisir en fonction de leurs besoins fonctionnels et de leurs pr\u00e9f\u00e9rences stylistiques.<\/p>\n<h4>Pourquoi choisir nos volants pour bateaux<\/h4>\n<p>Le choix du bon fournisseur de volants de bateau est aussi important que le choix du produit lui-m\u00eame. Au sein de notre soci\u00e9t\u00e9 commerciale, nous mettons l'accent sur la valeur ajout\u00e9e et la fiabilit\u00e9 gr\u00e2ce \u00e0 notre vaste gamme d'accessoires marins. Nos volants sont soumis \u00e0 des contr\u00f4les de qualit\u00e9 rigoureux, ce qui garantit la conformit\u00e9 aux normes industrielles et la tranquillit\u00e9 d'esprit de nos clients.<\/p>\n<p>Notre service \u00e0 la client\u00e8le personnalis\u00e9 nous distingue sur le march\u00e9, car nous travaillons en \u00e9troite collaboration avec nos clients pour comprendre leurs besoins sp\u00e9cifiques. Cette approche personnalis\u00e9e nous permet de recommander des volants adapt\u00e9s au type de navire, aux conditions d'exploitation et au budget. En outre, notre logistique rationalis\u00e9e garantit un cycle de livraison rapide, minimisant ainsi les temps d'arr\u00eat pour les plaisanciers et les distributeurs.<\/p>\n<p>La durabilit\u00e9 de nos volants t\u00e9moigne de notre engagement en faveur de l'excellence. Fabriqu\u00e9s \u00e0 partir de mat\u00e9riaux de premi\u00e8re qualit\u00e9, ils sont con\u00e7us pour supporter une exposition prolong\u00e9e aux environnements marins tout en conservant des performances optimales. En offrant une combinaison d'esth\u00e9tique, de fonctionnalit\u00e9 et de fiabilit\u00e9, nos produits r\u00e9pondent aux attentes des utilisateurs r\u00e9cr\u00e9atifs et professionnels.<\/p>\n<h4>Le r\u00f4le de l'innovation dans la conception des volants<\/h4>\n<p>Les progr\u00e8s modernes dans la conception des volants de bateau ont permis d'introduire des caract\u00e9ristiques qui am\u00e9liorent la facilit\u00e9 d'utilisation et le confort. De nombreux mod\u00e8les int\u00e8grent d\u00e9sormais des poign\u00e9es antid\u00e9rapantes, qui am\u00e9liorent le contr\u00f4le, m\u00eame dans des conditions humides. En outre, les volants dont l'inclinaison est r\u00e9glable offrent une plus grande souplesse et s'adaptent aux op\u00e9rateurs de diff\u00e9rentes tailles et pr\u00e9f\u00e9rences.<\/p>\n<p>Les mat\u00e9riaux innovants jouent \u00e9galement un r\u00f4le important dans l'am\u00e9lioration de la r\u00e9sistance et de la dur\u00e9e de vie des volants. L'acier inoxydable de qualit\u00e9 marine avec des rev\u00eatements suppl\u00e9mentaires offre une r\u00e9sistance sup\u00e9rieure aux piq\u00fbres et \u00e0 la rouille, tandis que les plastiques stabilis\u00e9s aux UV emp\u00eachent la d\u00e9coloration et la fissuration sous l'effet de la lumi\u00e8re du soleil. Ces progr\u00e8s ne garantissent pas seulement la long\u00e9vit\u00e9 du produit, mais contribuent \u00e9galement \u00e0 la s\u00e9curit\u00e9 et au confort de l'op\u00e9rateur.<\/p>\n<p>Une autre innovation cl\u00e9 est l'int\u00e9gration de commandes multifonctionnelles directement dans le volant. De telles conceptions permettent aux op\u00e9rateurs d'acc\u00e9der \u00e0 des fonctions essentielles, telles que la commande de l'acc\u00e9l\u00e9rateur ou les affichages \u00e9lectroniques, sans l\u00e2cher le volant. Ces caract\u00e9ristiques simplifient l'exp\u00e9rience du bateau, rendant la navigation plus intuitive et r\u00e9duisant le risque de fatigue du conducteur.<\/p>\n<h4>Garantir la valeur \u00e0 long terme<\/h4>\n<p>Investir dans un volant de bateau de haute qualit\u00e9 est une d\u00e9cision qui porte ses fruits \u00e0 long terme. Au-del\u00e0 de la fonctionnalit\u00e9 imm\u00e9diate, ces produits augmentent la valeur globale du navire, en particulier lorsqu'ils sont associ\u00e9s \u00e0 un fournisseur r\u00e9put\u00e9. Nos volants sont con\u00e7us dans une optique de long\u00e9vit\u00e9 et offrent un \u00e9quilibre optimal entre performance, durabilit\u00e9 et esth\u00e9tique.<\/p>\n<p>Les clients peuvent compter sur notre entreprise pour leur fournir non seulement des produits exceptionnels, mais aussi une assistance compl\u00e8te tout au long du processus d'achat. Des premi\u00e8res consultations au service apr\u00e8s-vente, nous nous effor\u00e7ons d'\u00e9tablir des relations durables avec nos clients. Cet engagement en faveur de l'excellence a \u00e9tabli notre r\u00e9putation de partenaire de confiance sur le march\u00e9 des accessoires marins.<\/p>\n<p>En donnant la priorit\u00e9 \u00e0 la qualit\u00e9, \u00e0 l'innovation et \u00e0 la satisfaction du client, nous visons \u00e0 d\u00e9passer les attentes de nos clients. Que ce soit pour les amateurs de navigation de plaisance ou les marins professionnels, nos volants de bateau repr\u00e9sentent une fusion de praticit\u00e9 et de style, garantissant une performance sup\u00e9rieure sur l'eau.<\/p>","protected":false},"excerpt":{"rendered":"<p>Les volants de bateau jouent un r\u00f4le essentiel dans la fluidit\u00e9 de la navigation et le contr\u00f4le sur l'eau, ce qui en fait un composant essentiel pour tout navire. Les acheteurs accordent souvent la priorit\u00e9 \u00e0 des facteurs tels que la durabilit\u00e9 des mat\u00e9riaux, la conception ergonomique, la compatibilit\u00e9 avec divers syst\u00e8mes marins et la r\u00e9sistance \u00e0 la corrosion lorsqu'ils choisissent un volant. Notre soci\u00e9t\u00e9 commerciale propose des volants de bateau de haute qualit\u00e9 qui r\u00e9pondent \u00e0 ces pr\u00e9occupations, associ\u00e9s \u00e0 un service client personnalis\u00e9, garantissant des recommandations sur mesure. En outre, nous garantissons un cycle de livraison rapide et fournissons des rapports d'inspection de la qualit\u00e9 d\u00e9taill\u00e9s afin de garantir la tranquillit\u00e9 d'esprit lors de chaque achat.<\/p>","protected":false},"featured_media":8429,"comment_status":"open","ping_status":"closed","template":"","meta":{"site-sidebar-layout":"default","site-content-layout":"","ast-site-content-layout":"default","site-content-style":"default","site-sidebar-style":"default","ast-global-header-display":"","ast-banner-title-visibility":"","ast-main-header-display":"","ast-hfb-above-header-display":"","ast-hfb-below-header-display":"","ast-hfb-mobile-header-display":"","site-post-title":"","ast-breadcrumbs-content":"","ast-featured-img":"","footer-sml-layout":"","theme-transparent-header-meta":"default","adv-header-id-meta":"","stick-header-meta":"default","header-above-stick-meta":"","header-main-stick-meta":"","header-below-stick-meta":"","astra-migrate-meta-layouts":"set","ast-page-background-enabled":"default","ast-page-background-meta":{"desktop":{"background-color":"","background-image":"","background-repeat":"repeat","background-position":"center center","background-size":"auto","background-attachment":"scroll","background-type":"","background-media":"","overlay-type":"","overlay-color":"","overlay-opacity":"","overlay-gradient":""},"tablet":{"background-color":"","background-image":"","background-repeat":"repeat","background-position":"center center","background-size":"auto","background-attachment":"scroll","background-type":"","background-media":"","overlay-type":"","overlay-color":"","overlay-opacity":"","overlay-gradient":""},"mobile":{"background-color":"","background-image":"","background-repeat":"repeat","background-position":"center center","background-size":"auto","background-attachment":"scroll","background-type":"","background-media":"","overlay-type":"","overlay-color":"","overlay-opacity":"","overlay-gradient":""}},"ast-content-background-meta":{"desktop":{"background-color":"var(--ast-global-color-5)","background-image":"","background-repeat":"repeat","background-position":"center center","background-size":"auto","background-attachment":"scroll","background-type":"","background-media":"","overlay-type":"","overlay-color":"","overlay-opacity":"","overlay-gradient":""},"tablet":{"background-color":"var(--ast-global-color-5)","background-image":"","background-repeat":"repeat","background-position":"center center","background-size":"auto","background-attachment":"scroll","background-type":"","background-media":"","overlay-type":"","overlay-color":"","overlay-opacity":"","overlay-gradient":""},"mobile":{"background-color":"var(--ast-global-color-5)","background-image":"","background-repeat":"repeat","background-position":"center center","background-size":"auto","background-attachment":"scroll","background-type":"","background-media":"","overlay-type":"","overlay-color":"","overlay-opacity":"","overlay-gradient":""}}},"product_brand":[],"product_cat":[44],"product_tag":[],"class_list":{"0":"post-8428","1":"product","2":"type-product","3":"status-publish","4":"has-post-thumbnail","6":"product_cat-stainless-steel-poduct","7":"desktop-align-left","8":"tablet-align-left","9":"mobile-align-left","10":"ast-product-gallery-layout-horizontal-slider","11":"ast-product-tabs-layout-horizontal","13":"first","14":"instock","15":"shipping-taxable","16":"purchasable","17":"product-type-simple"},"yoast_head":"<!-- This site is optimized with the Yoast SEO plugin v25.2 - https:\/\/yoast.com\/wordpress\/plugins\/seo\/ -->\n<title>Boat Steering Wheel<\/title>\n<meta name=\"robots\" content=\"index, follow, max-snippet:-1, max-image-preview:large, max-video-preview:-1\" \/>\n<link rel=\"canonical\" href=\"https:\/\/qingdaohf.com\/fr\/produit\/volant-de-bateau\/\" \/>\n<meta property=\"og:locale\" content=\"fr_FR\" \/>\n<meta property=\"og:type\" content=\"article\" \/>\n<meta property=\"og:title\" content=\"Boat Steering Wheel\" \/>\n<meta property=\"og:description\" content=\"Boat steering wheels play a pivotal role in ensuring smooth navigation and control on water, making them a critical component for any vessel. Buyers often prioritize factors such as material durability, ergonomic design, compatibility with various marine systems, and corrosion resistance when selecting a steering wheel. Our trading company offers high-quality boat steering wheels that address these concerns, coupled with one-to-one customer service, ensuring tailored recommendations. Additionally, we guarantee a fast delivery cycle and provide thorough quality inspection reports to offer peace of mind with every purchase.\" \/>\n<meta property=\"og:url\" content=\"https:\/\/qingdaohf.com\/fr\/produit\/volant-de-bateau\/\" \/>\n<meta property=\"og:site_name\" content=\"Concrete Form &amp; Rigging Hardware Supplier\" \/>\n<meta property=\"article:publisher\" content=\"https:\/\/www.facebook.com\/qingdaohf\" \/>\n<meta property=\"article:modified_time\" content=\"2025-11-13T01:02:51+00:00\" \/>\n<meta property=\"og:image\" content=\"https:\/\/qingdaohf.com\/wp-content\/uploads\/2024\/11\/boat-steering-wheel-5.jpg\" \/>\n\t<meta property=\"og:image:width\" content=\"1000\" \/>\n\t<meta property=\"og:image:height\" content=\"1000\" \/>\n\t<meta property=\"og:image:type\" content=\"image\/jpeg\" \/>\n<meta name=\"twitter:card\" content=\"summary_large_image\" \/>\n<meta name=\"twitter:label1\" content=\"Dur\u00e9e de lecture estim\u00e9e\" \/>\n\t<meta name=\"twitter:data1\" content=\"4 minutes\" \/>\n<script type=\"application\/ld+json\" class=\"yoast-schema-graph\">{\"@context\":\"https:\/\/schema.org\",\"@graph\":[{\"@type\":\"WebPage\",\"@id\":\"https:\/\/qingdaohf.com\/product\/boat-steering-wheel\/\",\"url\":\"https:\/\/qingdaohf.com\/product\/boat-steering-wheel\/\",\"name\":\"Boat Steering Wheel\",\"isPartOf\":{\"@id\":\"https:\/\/qingdaohf.com\/bg\/#website\"},\"primaryImageOfPage\":{\"@id\":\"https:\/\/qingdaohf.com\/product\/boat-steering-wheel\/#primaryimage\"},\"image\":{\"@id\":\"https:\/\/qingdaohf.com\/product\/boat-steering-wheel\/#primaryimage\"},\"thumbnailUrl\":\"https:\/\/qingdaohf.com\/wp-content\/uploads\/2024\/11\/boat-steering-wheel-5.jpg\",\"datePublished\":\"2024-11-29T08:45:52+00:00\",\"dateModified\":\"2025-11-13T01:02:51+00:00\",\"breadcrumb\":{\"@id\":\"https:\/\/qingdaohf.com\/product\/boat-steering-wheel\/#breadcrumb\"},\"inLanguage\":\"fr-FR\",\"potentialAction\":[{\"@type\":\"ReadAction\",\"target\":[\"https:\/\/qingdaohf.com\/product\/boat-steering-wheel\/\"]}]},{\"@type\":\"ImageObject\",\"inLanguage\":\"fr-FR\",\"@id\":\"https:\/\/qingdaohf.com\/product\/boat-steering-wheel\/#primaryimage\",\"url\":\"https:\/\/qingdaohf.com\/wp-content\/uploads\/2024\/11\/boat-steering-wheel-5.jpg\",\"contentUrl\":\"https:\/\/qingdaohf.com\/wp-content\/uploads\/2024\/11\/boat-steering-wheel-5.jpg\",\"width\":1000,\"height\":1000,\"caption\":\"boat steering wheel\"},{\"@type\":\"BreadcrumbList\",\"@id\":\"https:\/\/qingdaohf.com\/product\/boat-steering-wheel\/#breadcrumb\",\"itemListElement\":[{\"@type\":\"ListItem\",\"position\":1,\"name\":\"Home\",\"item\":\"https:\/\/qingdaohf.com\/\"},{\"@type\":\"ListItem\",\"position\":2,\"name\":\"Concrete Forming Accessories and Rigging Hardware\",\"item\":\"https:\/\/qingdaohf.com\/bg\/?page_id=944\"},{\"@type\":\"ListItem\",\"position\":3,\"name\":\"Boat Steering Wheel\"}]},{\"@type\":\"WebSite\",\"@id\":\"https:\/\/qingdaohf.com\/bg\/#website\",\"url\":\"https:\/\/qingdaohf.com\/bg\/\",\"name\":\"Concrete Form & Rigging Hardware Supplier\",\"description\":\"\",\"publisher\":{\"@id\":\"https:\/\/qingdaohf.com\/bg\/#organization\"},\"potentialAction\":[{\"@type\":\"SearchAction\",\"target\":{\"@type\":\"EntryPoint\",\"urlTemplate\":\"https:\/\/qingdaohf.com\/bg\/?s={search_term_string}\"},\"query-input\":{\"@type\":\"PropertyValueSpecification\",\"valueRequired\":true,\"valueName\":\"search_term_string\"}}],\"inLanguage\":\"fr-FR\"},{\"@type\":\"Organization\",\"@id\":\"https:\/\/qingdaohf.com\/bg\/#organization\",\"name\":\"Qingdao H&F\",\"url\":\"https:\/\/qingdaohf.com\/bg\/\",\"logo\":{\"@type\":\"ImageObject\",\"inLanguage\":\"fr-FR\",\"@id\":\"https:\/\/qingdaohf.com\/bg\/#\/schema\/logo\/image\/\",\"url\":\"https:\/\/qingdaohf.com\/wp-content\/uploads\/2022\/12\/cropped-HF-LOGO.png\",\"contentUrl\":\"https:\/\/qingdaohf.com\/wp-content\/uploads\/2022\/12\/cropped-HF-LOGO.png\",\"width\":391,\"height\":249,\"caption\":\"Qingdao H&F\"},\"image\":{\"@id\":\"https:\/\/qingdaohf.com\/bg\/#\/schema\/logo\/image\/\"},\"sameAs\":[\"https:\/\/www.facebook.com\/qingdaohf\"]}]}<\/script>\n<!-- \/ Yoast SEO plugin. -->","yoast_head_json":{"title":"Boat Steering Wheel","robots":{"index":"index","follow":"follow","max-snippet":"max-snippet:-1","max-image-preview":"max-image-preview:large","max-video-preview":"max-video-preview:-1"},"canonical":"https:\/\/qingdaohf.com\/fr\/produit\/volant-de-bateau\/","og_locale":"fr_FR","og_type":"article","og_title":"Boat Steering Wheel","og_description":"Boat steering wheels play a pivotal role in ensuring smooth navigation and control on water, making them a critical component for any vessel. Buyers often prioritize factors such as material durability, ergonomic design, compatibility with various marine systems, and corrosion resistance when selecting a steering wheel. Our trading company offers high-quality boat steering wheels that address these concerns, coupled with one-to-one customer service, ensuring tailored recommendations. Additionally, we guarantee a fast delivery cycle and provide thorough quality inspection reports to offer peace of mind with every purchase.","og_url":"https:\/\/qingdaohf.com\/fr\/produit\/volant-de-bateau\/","og_site_name":"Concrete Form &amp; Rigging Hardware Supplier","article_publisher":"https:\/\/www.facebook.com\/qingdaohf","article_modified_time":"2025-11-13T01:02:51+00:00","og_image":[{"width":1000,"height":1000,"url":"https:\/\/qingdaohf.com\/wp-content\/uploads\/2024\/11\/boat-steering-wheel-5.jpg","type":"image\/jpeg"}],"twitter_card":"summary_large_image","twitter_misc":{"Dur\u00e9e de lecture estim\u00e9e":"4 minutes"},"schema":{"@context":"https:\/\/schema.org","@graph":[{"@type":"WebPage","@id":"https:\/\/qingdaohf.com\/product\/boat-steering-wheel\/","url":"https:\/\/qingdaohf.com\/product\/boat-steering-wheel\/","name":"Boat Steering Wheel","isPartOf":{"@id":"https:\/\/qingdaohf.com\/bg\/#website"},"primaryImageOfPage":{"@id":"https:\/\/qingdaohf.com\/product\/boat-steering-wheel\/#primaryimage"},"image":{"@id":"https:\/\/qingdaohf.com\/product\/boat-steering-wheel\/#primaryimage"},"thumbnailUrl":"https:\/\/qingdaohf.com\/wp-content\/uploads\/2024\/11\/boat-steering-wheel-5.jpg","datePublished":"2024-11-29T08:45:52+00:00","dateModified":"2025-11-13T01:02:51+00:00","breadcrumb":{"@id":"https:\/\/qingdaohf.com\/product\/boat-steering-wheel\/#breadcrumb"},"inLanguage":"fr-FR","potentialAction":[{"@type":"ReadAction","target":["https:\/\/qingdaohf.com\/product\/boat-steering-wheel\/"]}]},{"@type":"ImageObject","inLanguage":"fr-FR","@id":"https:\/\/qingdaohf.com\/product\/boat-steering-wheel\/#primaryimage","url":"https:\/\/qingdaohf.com\/wp-content\/uploads\/2024\/11\/boat-steering-wheel-5.jpg","contentUrl":"https:\/\/qingdaohf.com\/wp-content\/uploads\/2024\/11\/boat-steering-wheel-5.jpg","width":1000,"height":1000,"caption":"boat steering wheel"},{"@type":"BreadcrumbList","@id":"https:\/\/qingdaohf.com\/product\/boat-steering-wheel\/#breadcrumb","itemListElement":[{"@type":"ListItem","position":1,"name":"Home","item":"https:\/\/qingdaohf.com\/"},{"@type":"ListItem","position":2,"name":"Concrete Forming Accessories and Rigging Hardware","item":"https:\/\/qingdaohf.com\/bg\/?page_id=944"},{"@type":"ListItem","position":3,"name":"Boat Steering Wheel"}]},{"@type":"WebSite","@id":"https:\/\/qingdaohf.com\/bg\/#website","url":"https:\/\/qingdaohf.com\/bg\/","name":"Concrete Form & Rigging Hardware Supplier","description":"","publisher":{"@id":"https:\/\/qingdaohf.com\/bg\/#organization"},"potentialAction":[{"@type":"SearchAction","target":{"@type":"EntryPoint","urlTemplate":"https:\/\/qingdaohf.com\/bg\/?s={search_term_string}"},"query-input":{"@type":"PropertyValueSpecification","valueRequired":true,"valueName":"search_term_string"}}],"inLanguage":"fr-FR"},{"@type":"Organization","@id":"https:\/\/qingdaohf.com\/bg\/#organization","name":"Qingdao H&F","url":"https:\/\/qingdaohf.com\/bg\/","logo":{"@type":"ImageObject","inLanguage":"fr-FR","@id":"https:\/\/qingdaohf.com\/bg\/#\/schema\/logo\/image\/","url":"https:\/\/qingdaohf.com\/wp-content\/uploads\/2022\/12\/cropped-HF-LOGO.png","contentUrl":"https:\/\/qingdaohf.com\/wp-content\/uploads\/2022\/12\/cropped-HF-LOGO.png","width":391,"height":249,"caption":"Qingdao H&F"},"image":{"@id":"https:\/\/qingdaohf.com\/bg\/#\/schema\/logo\/image\/"},"sameAs":["https:\/\/www.facebook.com\/qingdaohf"]}]}},"_links":{"self":[{"href":"https:\/\/qingdaohf.com\/fr\/wp-json\/wp\/v2\/product\/8428","targetHints":{"allow":["GET"]}}],"collection":[{"href":"https:\/\/qingdaohf.com\/fr\/wp-json\/wp\/v2\/product"}],"about":[{"href":"https:\/\/qingdaohf.com\/fr\/wp-json\/wp\/v2\/types\/product"}],"replies":[{"embeddable":true,"href":"https:\/\/qingdaohf.com\/fr\/wp-json\/wp\/v2\/comments?post=8428"}],"version-history":[{"count":1,"href":"https:\/\/qingdaohf.com\/fr\/wp-json\/wp\/v2\/product\/8428\/revisions"}],"predecessor-version":[{"id":8436,"href":"https:\/\/qingdaohf.com\/fr\/wp-json\/wp\/v2\/product\/8428\/revisions\/8436"}],"wp:featuredmedia":[{"embeddable":true,"href":"https:\/\/qingdaohf.com\/fr\/wp-json\/wp\/v2\/media\/8429"}],"wp:attachment":[{"href":"https:\/\/qingdaohf.com\/fr\/wp-json\/wp\/v2\/media?parent=8428"}],"wp:term":[{"taxonomy":"product_brand","embeddable":true,"href":"https:\/\/qingdaohf.com\/fr\/wp-json\/wp\/v2\/product_brand?post=8428"},{"taxonomy":"product_cat","embeddable":true,"href":"https:\/\/qingdaohf.com\/fr\/wp-json\/wp\/v2\/product_cat?post=8428"},{"taxonomy":"product_tag","embeddable":true,"href":"https:\/\/qingdaohf.com\/fr\/wp-json\/wp\/v2\/product_tag?post=8428"}],"curies":[{"name":"wp","href":"https:\/\/api.w.org\/{rel}","templated":true}]}}