{"id":8532,"date":"2024-12-16T11:17:22","date_gmt":"2024-12-16T03:17:22","guid":{"rendered":"http:\/\/qingdaohf.com\/?post_type=product&#038;p=8532"},"modified":"2025-11-13T09:02:22","modified_gmt":"2025-11-13T01:02:22","slug":"sandwich-panel-erection-anchor","status":"publish","type":"product","link":"https:\/\/qingdaohf.com\/fr\/produit\/ancrage-pour-lerection-de-panneaux-sandwichs\/","title":{"rendered":"Ancre d'\u00e9rection pour panneaux sandwich"},"content":{"rendered":"<p class=\"whitespace-pre-wrap break-words\">L'utilisation croissante de composants pr\u00e9fabriqu\u00e9s dans le secteur de la construction a rendu les ancres de montage pour panneaux sandwich plus importantes que jamais. Ces outils sp\u00e9cialis\u00e9s sont essentiels pour soulever, positionner et installer en toute s\u00e9curit\u00e9 les panneaux sandwich dans les murs, les toits et les fa\u00e7ades. Que vous fabriquiez ces ancrages ou que vous les utilisiez sur site, il est essentiel de comprendre leurs vari\u00e9t\u00e9s, leurs utilisations et leurs facteurs de performance.<\/p>\n<h2 class=\"font-600 text-xl font-bold\">La fonction et l'importance des ancrages de montage des panneaux sandwichs<\/h2>\n<p class=\"whitespace-pre-wrap break-words\">La s\u00e9curit\u00e9 et l'efficacit\u00e9 lors de l'installation sont les principales fonctions des ancres d'\u00e9rection de panneaux sandwich. Ces outils cr\u00e9ent des points d'attache fiables pour les \u00e9quipements de levage, ce qui r\u00e9duit consid\u00e9rablement les risques li\u00e9s \u00e0 la manipulation de panneaux lourds. Dans les projets o\u00f9 le temps compte et o\u00f9 la pr\u00e9cision est cruciale, ces ancres simplifient une logistique complexe tout en r\u00e9pondant \u00e0 des exigences de s\u00e9curit\u00e9 strictes.<\/p>\n<p class=\"whitespace-pre-wrap break-words\">Ces ancrages ne se contentent pas de soulever : ils permettent de s'assurer que les panneaux s'alignent correctement et restent bien positionn\u00e9s, \u00e9vitant ainsi les tensions structurelles et les d\u00e9salignements au cours de l'installation. Cette pr\u00e9cision est particuli\u00e8rement cruciale dans les grandes constructions industrielles et commerciales, o\u00f9 l'homog\u00e9n\u00e9it\u00e9 des performances de tous les composants peut faire le succ\u00e8s ou l'\u00e9chec d'un projet. Le choix du type d'ancrage a un impact direct sur la r\u00e9ussite du projet.<\/p>\n<h2 class=\"font-600 text-xl font-bold\">Types et applications des ancres de montage pour panneaux sandwichs<\/h2>\n<p class=\"whitespace-pre-wrap break-words\">Les \u00e9quipes de construction ont le choix entre plusieurs types d'ancrage, chacun \u00e9tant con\u00e7u pour des poids de panneaux, des conceptions et des besoins d'installation sp\u00e9cifiques. Certains fonctionnent mieux avec des panneaux l\u00e9gers, tandis que d'autres sont con\u00e7us pour supporter des conceptions renforc\u00e9es et plus lourdes.<\/p>\n<p class=\"whitespace-pre-wrap break-words\">Les ancrages m\u00e9caniques sont appr\u00e9ci\u00e9s pour leur flexibilit\u00e9 et leur simplicit\u00e9 d'installation. Les \u00e9quipes de construction les appr\u00e9cient pour leur capacit\u00e9 \u00e0 r\u00e9partir uniform\u00e9ment les charges lors du levage. Pour les environnements plus difficiles n\u00e9cessitant une plus grande durabilit\u00e9, les ancres soud\u00e9es offrent une r\u00e9sistance accrue.<\/p>\n<p class=\"whitespace-pre-wrap break-words\">Vous trouverez \u00e9galement des ancrages encastr\u00e9s, que les fabricants installent directement dans les panneaux au cours de la production. Ces ancrages sont parfaits pour les projets n\u00e9cessitant une int\u00e9gration harmonieuse avec un minimum d'ajustements sur le site. Quel que soit le type, le choix de la bonne cheville n\u00e9cessite une \u00e9tude approfondie des besoins de votre projet, qu'il s'agisse des exigences de charge, des conditions environnementales ou des normes industrielles.<\/p>\n<p class=\"whitespace-pre-wrap break-words\">Ces ancrages ne sont pas limit\u00e9s \u00e0 un seul secteur d'activit\u00e9. Vous les trouverez dans la construction d'entrep\u00f4ts, d'usines, de bureaux et m\u00eame de maisons. Leur adaptabilit\u00e9 \u00e0 diff\u00e9rentes tailles de panneaux et \u00e0 diff\u00e9rents mat\u00e9riaux les rend pr\u00e9cieuses pour les petits projets comme pour les grands.<\/p>\n<h2 class=\"font-600 text-xl font-bold\">Facteurs influen\u00e7ant le choix des ancres de montage des panneaux sandwichs<\/h2>\n<p class=\"whitespace-pre-wrap break-words\">Le choix de l'ancrage de montage appropri\u00e9 implique plusieurs consid\u00e9rations cruciales. La capacit\u00e9 de charge est en t\u00eate de liste - vous devez savoir exactement quel poids votre ancrage peut supporter en toute s\u00e9curit\u00e9. Cela n\u00e9cessite des calculs pr\u00e9cis bas\u00e9s sur les sp\u00e9cifications et les mat\u00e9riaux de votre panneau afin d'\u00e9viter toute surcharge.<\/p>\n<p class=\"whitespace-pre-wrap break-words\">La qualit\u00e9 des mat\u00e9riaux est tr\u00e8s importante. La plupart des fabricants choisissent de l'acier \u00e0 haute r\u00e9sistance pour sa force de traction sup\u00e9rieure et sa durabilit\u00e9. Si vous construisez dans des r\u00e9gions humides ou pr\u00e8s de la c\u00f4te, la r\u00e9sistance \u00e0 la corrosion devient essentielle. De nombreux entrepreneurs optent pour des ancres galvanis\u00e9es ou rev\u00eatues afin de prolonger leur dur\u00e9e de vie.<\/p>\n<p class=\"whitespace-pre-wrap break-words\">La facilit\u00e9 d'installation et la compatibilit\u00e9 avec les \u00e9quipements de levage standard peuvent avoir un impact significatif sur le calendrier et le budget de votre projet. Les bons ancrages fonctionneront sans probl\u00e8me avec vos syst\u00e8mes existants, r\u00e9duisant les co\u00fbts de main-d'\u0153uvre et acc\u00e9l\u00e9rant la construction. Le respect des normes de s\u00e9curit\u00e9 internationales n'est pas facultatif - il est essentiel pour garantir la conformit\u00e9 aux r\u00e9glementations et la r\u00e9ussite du projet.<\/p>\n<p class=\"whitespace-pre-wrap break-words\">\u00c0 Qingdao H&amp;F, ces facteurs guident l'approvisionnement et la livraison des produits. Nous avons construit notre gamme de produits pour r\u00e9pondre aux diverses exigences mondiales, en nous appuyant sur des contr\u00f4les de qualit\u00e9 et des tests de performance approfondis. Vous avez ainsi l'assurance d'obtenir exactement ce dont votre projet a besoin.<\/p>\n<h2 class=\"font-600 text-xl font-bold\">Am\u00e9liorer la valeur des ancrages de montage des panneaux sandwichs gr\u00e2ce au soutien d'experts<\/h2>\n<p class=\"whitespace-pre-wrap break-words\">Pour tirer le meilleur parti de vos ancrages de montage de panneaux sandwich, il ne s'agit pas seulement du mat\u00e9riel, mais aussi de l'assistance qui l'accompagne. L'\u00e9quipe de Qingdao H&amp;F croit en une communication claire et des conseils d'experts. Nous travaillons en \u00e9troite collaboration avec chaque client pour comprendre ses besoins sp\u00e9cifiques et lui fournir des recommandations cibl\u00e9es pour une performance optimale.<\/p>\n<p class=\"whitespace-pre-wrap break-words\">Nous savons que les projets de construction ne peuvent se permettre des retards, c'est pourquoi nous avons optimis\u00e9 notre processus de livraison. Gr\u00e2ce \u00e0 une gestion efficace de la cha\u00eene d'approvisionnement et \u00e0 des partenariats strat\u00e9giques, nous nous assurons que vos ancrages arrivent quand vous en avez besoin, o\u00f9 que vous soyez.<\/p>\n<p class=\"whitespace-pre-wrap break-words\">Chaque exp\u00e9dition est accompagn\u00e9e de rapports d\u00e9taill\u00e9s d'inspection de la qualit\u00e9, ce qui vous donne une visibilit\u00e9 totale sur les sp\u00e9cifications et les performances des produits. Cette transparence refl\u00e8te notre engagement \u00e0 fournir l'excellence.<\/p>\n<h2 class=\"font-600 text-xl font-bold\">Regarder vers l'avenir : L'avenir des ancrages de montage des panneaux sandwichs<\/h2>\n<p class=\"whitespace-pre-wrap break-words\">Le secteur de la construction ne cesse d'\u00e9voluer, et les techniques d'installation des panneaux ne font pas exception. Nous assistons \u00e0 des d\u00e9veloppements passionnants dans la technologie des ancrages, avec notamment des mat\u00e9riaux plus r\u00e9sistants et plus l\u00e9gers. L'avenir nous r\u00e9serve peut-\u00eatre des ancrages intelligents dot\u00e9s de capteurs int\u00e9gr\u00e9s pour surveiller les contraintes et l'alignement, ce qui portera la s\u00e9curit\u00e9 et l'efficacit\u00e9 \u00e0 de nouveaux niveaux.<\/p>\n<p class=\"whitespace-pre-wrap break-words\">\u00c0 Qingdao H&amp;F, nous restons \u00e0 l'avant-garde de ces changements industriels. En suivant les derniers d\u00e9veloppements, nous nous assurons que nos clients ont toujours acc\u00e8s \u00e0 des solutions de pointe. Nous combinons des produits innovants avec un service ax\u00e9 sur le client pour maintenir notre position de leader du march\u00e9 des solutions d'ancrage pour l'\u00e9rection de panneaux.<\/p>\n<p class=\"whitespace-pre-wrap break-words\">En conclusion, les ancres de montage pour panneaux sandwichs restent fondamentales pour la r\u00e9ussite de la construction moderne. Leur r\u00f4le dans la r\u00e9alisation d'une installation s\u00fbre et efficace les rend inestimables pour les constructeurs et les entrepreneurs. Chez Qingdao H&amp;F, nous sommes fiers d'\u00eatre un partenaire fiable dans ce domaine dynamique, offrant qualit\u00e9 et excellence \u00e0 nos clients dans le monde entier.<\/p>","protected":false},"excerpt":{"rendered":"<p>Dans le secteur de la construction, les ancres de montage pour panneaux sandwich sont des outils tr\u00e8s importants qui rendent le levage et l'installation des panneaux sandwich \u00e0 la fois s\u00fbrs et efficaces. En tant qu'acheteur, vous devez vous concentrer sur trois points essentiels : la fiabilit\u00e9, la compatibilit\u00e9 avec diff\u00e9rents types de panneaux et une forte capacit\u00e9 de charge. Chez Qingdao H&amp;F, nous avons pass\u00e9 20 ans \u00e0 perfectionner notre approche : offrir un service client personnalis\u00e9, des d\u00e9lais de livraison plus courts et des rapports de qualit\u00e9 d\u00e9taill\u00e9s pour chaque commande exp\u00e9di\u00e9e. Nous nous engageons \u00e0 offrir \u00e0 nos clients du monde entier une exp\u00e9rience d'achat des plus agr\u00e9ables.<\/p>","protected":false},"featured_media":8533,"comment_status":"open","ping_status":"closed","template":"","meta":{"site-sidebar-layout":"default","site-content-layout":"","ast-site-content-layout":"default","site-content-style":"default","site-sidebar-style":"default","ast-global-header-display":"","ast-banner-title-visibility":"","ast-main-header-display":"","ast-hfb-above-header-display":"","ast-hfb-below-header-display":"","ast-hfb-mobile-header-display":"","site-post-title":"","ast-breadcrumbs-content":"","ast-featured-img":"","footer-sml-layout":"","theme-transparent-header-meta":"default","adv-header-id-meta":"","stick-header-meta":"default","header-above-stick-meta":"","header-main-stick-meta":"","header-below-stick-meta":"","astra-migrate-meta-layouts":"set","ast-page-background-enabled":"default","ast-page-background-meta":{"desktop":{"background-color":"","background-image":"","background-repeat":"repeat","background-position":"center center","background-size":"auto","background-attachment":"scroll","background-type":"","background-media":"","overlay-type":"","overlay-color":"","overlay-opacity":"","overlay-gradient":""},"tablet":{"background-color":"","background-image":"","background-repeat":"repeat","background-position":"center center","background-size":"auto","background-attachment":"scroll","background-type":"","background-media":"","overlay-type":"","overlay-color":"","overlay-opacity":"","overlay-gradient":""},"mobile":{"background-color":"","background-image":"","background-repeat":"repeat","background-position":"center center","background-size":"auto","background-attachment":"scroll","background-type":"","background-media":"","overlay-type":"","overlay-color":"","overlay-opacity":"","overlay-gradient":""}},"ast-content-background-meta":{"desktop":{"background-color":"var(--ast-global-color-5)","background-image":"","background-repeat":"repeat","background-position":"center center","background-size":"auto","background-attachment":"scroll","background-type":"","background-media":"","overlay-type":"","overlay-color":"","overlay-opacity":"","overlay-gradient":""},"tablet":{"background-color":"var(--ast-global-color-5)","background-image":"","background-repeat":"repeat","background-position":"center center","background-size":"auto","background-attachment":"scroll","background-type":"","background-media":"","overlay-type":"","overlay-color":"","overlay-opacity":"","overlay-gradient":""},"mobile":{"background-color":"var(--ast-global-color-5)","background-image":"","background-repeat":"repeat","background-position":"center center","background-size":"auto","background-attachment":"scroll","background-type":"","background-media":"","overlay-type":"","overlay-color":"","overlay-opacity":"","overlay-gradient":""}}},"product_brand":[],"product_cat":[30],"product_tag":[],"class_list":{"0":"post-8532","1":"product","2":"type-product","3":"status-publish","4":"has-post-thumbnail","6":"product_cat-lifting-anchor","7":"desktop-align-left","8":"tablet-align-left","9":"mobile-align-left","10":"ast-product-gallery-layout-horizontal-slider","11":"ast-product-tabs-layout-horizontal","13":"first","14":"instock","15":"shipping-taxable","16":"purchasable","17":"product-type-simple"},"yoast_head":"<!-- This site is optimized with the Yoast SEO plugin v25.2 - https:\/\/yoast.com\/wordpress\/plugins\/seo\/ -->\n<title>Sandwich Panel Erection Anchor<\/title>\n<meta name=\"robots\" content=\"index, follow, max-snippet:-1, max-image-preview:large, max-video-preview:-1\" \/>\n<link rel=\"canonical\" href=\"https:\/\/qingdaohf.com\/fr\/produit\/ancrage-pour-lerection-de-panneaux-sandwichs\/\" \/>\n<meta property=\"og:locale\" content=\"fr_FR\" \/>\n<meta property=\"og:type\" content=\"article\" \/>\n<meta property=\"og:title\" content=\"Sandwich Panel Erection Anchor\" \/>\n<meta property=\"og:description\" content=\"In construction, sandwich panel erection anchors are very important tools that make the lifting and installation of sandwich panels both safe and efficient. You would want to focus on three key things as a buyer: reliability, compatibility with different panel types, and strong load-bearing capacity. Here at Qingdao H&amp;F, we have spent 20 years perfecting our approach: offering personalized customer service, quicker delivery times, and detailed quality reports for every order shipped. We are committed to giving our clients worldwide the smoothest possible purchasing experience.\" \/>\n<meta property=\"og:url\" content=\"https:\/\/qingdaohf.com\/fr\/produit\/ancrage-pour-lerection-de-panneaux-sandwichs\/\" \/>\n<meta property=\"og:site_name\" content=\"Concrete Form &amp; Rigging Hardware Supplier\" \/>\n<meta property=\"article:publisher\" content=\"https:\/\/www.facebook.com\/qingdaohf\" \/>\n<meta property=\"article:modified_time\" content=\"2025-11-13T01:02:22+00:00\" \/>\n<meta property=\"og:image\" content=\"https:\/\/qingdaohf.com\/wp-content\/uploads\/2024\/12\/Erection-Anchor_\u526f\u672c.jpg\" \/>\n\t<meta property=\"og:image:width\" content=\"1000\" \/>\n\t<meta property=\"og:image:height\" content=\"1000\" \/>\n\t<meta property=\"og:image:type\" content=\"image\/jpeg\" \/>\n<meta name=\"twitter:card\" content=\"summary_large_image\" \/>\n<meta name=\"twitter:label1\" content=\"Dur\u00e9e de lecture estim\u00e9e\" \/>\n\t<meta name=\"twitter:data1\" content=\"4 minutes\" \/>\n<script type=\"application\/ld+json\" class=\"yoast-schema-graph\">{\"@context\":\"https:\/\/schema.org\",\"@graph\":[{\"@type\":\"WebPage\",\"@id\":\"https:\/\/qingdaohf.com\/product\/sandwich-panel-erection-anchor\/\",\"url\":\"https:\/\/qingdaohf.com\/product\/sandwich-panel-erection-anchor\/\",\"name\":\"Sandwich Panel Erection Anchor\",\"isPartOf\":{\"@id\":\"https:\/\/qingdaohf.com\/bg\/#website\"},\"primaryImageOfPage\":{\"@id\":\"https:\/\/qingdaohf.com\/product\/sandwich-panel-erection-anchor\/#primaryimage\"},\"image\":{\"@id\":\"https:\/\/qingdaohf.com\/product\/sandwich-panel-erection-anchor\/#primaryimage\"},\"thumbnailUrl\":\"https:\/\/qingdaohf.com\/wp-content\/uploads\/2024\/12\/Erection-Anchor_\u526f\u672c.jpg\",\"datePublished\":\"2024-12-16T03:17:22+00:00\",\"dateModified\":\"2025-11-13T01:02:22+00:00\",\"breadcrumb\":{\"@id\":\"https:\/\/qingdaohf.com\/product\/sandwich-panel-erection-anchor\/#breadcrumb\"},\"inLanguage\":\"fr-FR\",\"potentialAction\":[{\"@type\":\"ReadAction\",\"target\":[\"https:\/\/qingdaohf.com\/product\/sandwich-panel-erection-anchor\/\"]}]},{\"@type\":\"ImageObject\",\"inLanguage\":\"fr-FR\",\"@id\":\"https:\/\/qingdaohf.com\/product\/sandwich-panel-erection-anchor\/#primaryimage\",\"url\":\"https:\/\/qingdaohf.com\/wp-content\/uploads\/2024\/12\/Erection-Anchor_\u526f\u672c.jpg\",\"contentUrl\":\"https:\/\/qingdaohf.com\/wp-content\/uploads\/2024\/12\/Erection-Anchor_\u526f\u672c.jpg\",\"width\":1000,\"height\":1000,\"caption\":\"sandwich panel Erection Anchor\"},{\"@type\":\"BreadcrumbList\",\"@id\":\"https:\/\/qingdaohf.com\/product\/sandwich-panel-erection-anchor\/#breadcrumb\",\"itemListElement\":[{\"@type\":\"ListItem\",\"position\":1,\"name\":\"Home\",\"item\":\"https:\/\/qingdaohf.com\/\"},{\"@type\":\"ListItem\",\"position\":2,\"name\":\"Concrete Forming Accessories and Rigging Hardware\",\"item\":\"https:\/\/qingdaohf.com\/bg\/?page_id=944\"},{\"@type\":\"ListItem\",\"position\":3,\"name\":\"Sandwich Panel Erection Anchor\"}]},{\"@type\":\"WebSite\",\"@id\":\"https:\/\/qingdaohf.com\/bg\/#website\",\"url\":\"https:\/\/qingdaohf.com\/bg\/\",\"name\":\"Concrete Form & Rigging Hardware Supplier\",\"description\":\"\",\"publisher\":{\"@id\":\"https:\/\/qingdaohf.com\/bg\/#organization\"},\"potentialAction\":[{\"@type\":\"SearchAction\",\"target\":{\"@type\":\"EntryPoint\",\"urlTemplate\":\"https:\/\/qingdaohf.com\/bg\/?s={search_term_string}\"},\"query-input\":{\"@type\":\"PropertyValueSpecification\",\"valueRequired\":true,\"valueName\":\"search_term_string\"}}],\"inLanguage\":\"fr-FR\"},{\"@type\":\"Organization\",\"@id\":\"https:\/\/qingdaohf.com\/bg\/#organization\",\"name\":\"Qingdao H&F\",\"url\":\"https:\/\/qingdaohf.com\/bg\/\",\"logo\":{\"@type\":\"ImageObject\",\"inLanguage\":\"fr-FR\",\"@id\":\"https:\/\/qingdaohf.com\/bg\/#\/schema\/logo\/image\/\",\"url\":\"https:\/\/qingdaohf.com\/wp-content\/uploads\/2022\/12\/cropped-HF-LOGO.png\",\"contentUrl\":\"https:\/\/qingdaohf.com\/wp-content\/uploads\/2022\/12\/cropped-HF-LOGO.png\",\"width\":391,\"height\":249,\"caption\":\"Qingdao H&F\"},\"image\":{\"@id\":\"https:\/\/qingdaohf.com\/bg\/#\/schema\/logo\/image\/\"},\"sameAs\":[\"https:\/\/www.facebook.com\/qingdaohf\"]}]}<\/script>\n<!-- \/ Yoast SEO plugin. -->","yoast_head_json":{"title":"Sandwich Panel Erection Anchor","robots":{"index":"index","follow":"follow","max-snippet":"max-snippet:-1","max-image-preview":"max-image-preview:large","max-video-preview":"max-video-preview:-1"},"canonical":"https:\/\/qingdaohf.com\/fr\/produit\/ancrage-pour-lerection-de-panneaux-sandwichs\/","og_locale":"fr_FR","og_type":"article","og_title":"Sandwich Panel Erection Anchor","og_description":"In construction, sandwich panel erection anchors are very important tools that make the lifting and installation of sandwich panels both safe and efficient. You would want to focus on three key things as a buyer: reliability, compatibility with different panel types, and strong load-bearing capacity. Here at Qingdao H&amp;F, we have spent 20 years perfecting our approach: offering personalized customer service, quicker delivery times, and detailed quality reports for every order shipped. We are committed to giving our clients worldwide the smoothest possible purchasing experience.","og_url":"https:\/\/qingdaohf.com\/fr\/produit\/ancrage-pour-lerection-de-panneaux-sandwichs\/","og_site_name":"Concrete Form &amp; Rigging Hardware Supplier","article_publisher":"https:\/\/www.facebook.com\/qingdaohf","article_modified_time":"2025-11-13T01:02:22+00:00","og_image":[{"width":1000,"height":1000,"url":"https:\/\/qingdaohf.com\/wp-content\/uploads\/2024\/12\/Erection-Anchor_\u526f\u672c.jpg","type":"image\/jpeg"}],"twitter_card":"summary_large_image","twitter_misc":{"Dur\u00e9e de lecture estim\u00e9e":"4 minutes"},"schema":{"@context":"https:\/\/schema.org","@graph":[{"@type":"WebPage","@id":"https:\/\/qingdaohf.com\/product\/sandwich-panel-erection-anchor\/","url":"https:\/\/qingdaohf.com\/product\/sandwich-panel-erection-anchor\/","name":"Sandwich Panel Erection Anchor","isPartOf":{"@id":"https:\/\/qingdaohf.com\/bg\/#website"},"primaryImageOfPage":{"@id":"https:\/\/qingdaohf.com\/product\/sandwich-panel-erection-anchor\/#primaryimage"},"image":{"@id":"https:\/\/qingdaohf.com\/product\/sandwich-panel-erection-anchor\/#primaryimage"},"thumbnailUrl":"https:\/\/qingdaohf.com\/wp-content\/uploads\/2024\/12\/Erection-Anchor_\u526f\u672c.jpg","datePublished":"2024-12-16T03:17:22+00:00","dateModified":"2025-11-13T01:02:22+00:00","breadcrumb":{"@id":"https:\/\/qingdaohf.com\/product\/sandwich-panel-erection-anchor\/#breadcrumb"},"inLanguage":"fr-FR","potentialAction":[{"@type":"ReadAction","target":["https:\/\/qingdaohf.com\/product\/sandwich-panel-erection-anchor\/"]}]},{"@type":"ImageObject","inLanguage":"fr-FR","@id":"https:\/\/qingdaohf.com\/product\/sandwich-panel-erection-anchor\/#primaryimage","url":"https:\/\/qingdaohf.com\/wp-content\/uploads\/2024\/12\/Erection-Anchor_\u526f\u672c.jpg","contentUrl":"https:\/\/qingdaohf.com\/wp-content\/uploads\/2024\/12\/Erection-Anchor_\u526f\u672c.jpg","width":1000,"height":1000,"caption":"sandwich panel Erection Anchor"},{"@type":"BreadcrumbList","@id":"https:\/\/qingdaohf.com\/product\/sandwich-panel-erection-anchor\/#breadcrumb","itemListElement":[{"@type":"ListItem","position":1,"name":"Home","item":"https:\/\/qingdaohf.com\/"},{"@type":"ListItem","position":2,"name":"Concrete Forming Accessories and Rigging Hardware","item":"https:\/\/qingdaohf.com\/bg\/?page_id=944"},{"@type":"ListItem","position":3,"name":"Sandwich Panel Erection Anchor"}]},{"@type":"WebSite","@id":"https:\/\/qingdaohf.com\/bg\/#website","url":"https:\/\/qingdaohf.com\/bg\/","name":"Concrete Form & Rigging Hardware Supplier","description":"","publisher":{"@id":"https:\/\/qingdaohf.com\/bg\/#organization"},"potentialAction":[{"@type":"SearchAction","target":{"@type":"EntryPoint","urlTemplate":"https:\/\/qingdaohf.com\/bg\/?s={search_term_string}"},"query-input":{"@type":"PropertyValueSpecification","valueRequired":true,"valueName":"search_term_string"}}],"inLanguage":"fr-FR"},{"@type":"Organization","@id":"https:\/\/qingdaohf.com\/bg\/#organization","name":"Qingdao H&F","url":"https:\/\/qingdaohf.com\/bg\/","logo":{"@type":"ImageObject","inLanguage":"fr-FR","@id":"https:\/\/qingdaohf.com\/bg\/#\/schema\/logo\/image\/","url":"https:\/\/qingdaohf.com\/wp-content\/uploads\/2022\/12\/cropped-HF-LOGO.png","contentUrl":"https:\/\/qingdaohf.com\/wp-content\/uploads\/2022\/12\/cropped-HF-LOGO.png","width":391,"height":249,"caption":"Qingdao H&F"},"image":{"@id":"https:\/\/qingdaohf.com\/bg\/#\/schema\/logo\/image\/"},"sameAs":["https:\/\/www.facebook.com\/qingdaohf"]}]}},"_links":{"self":[{"href":"https:\/\/qingdaohf.com\/fr\/wp-json\/wp\/v2\/product\/8532","targetHints":{"allow":["GET"]}}],"collection":[{"href":"https:\/\/qingdaohf.com\/fr\/wp-json\/wp\/v2\/product"}],"about":[{"href":"https:\/\/qingdaohf.com\/fr\/wp-json\/wp\/v2\/types\/product"}],"replies":[{"embeddable":true,"href":"https:\/\/qingdaohf.com\/fr\/wp-json\/wp\/v2\/comments?post=8532"}],"version-history":[{"count":1,"href":"https:\/\/qingdaohf.com\/fr\/wp-json\/wp\/v2\/product\/8532\/revisions"}],"predecessor-version":[{"id":8534,"href":"https:\/\/qingdaohf.com\/fr\/wp-json\/wp\/v2\/product\/8532\/revisions\/8534"}],"wp:featuredmedia":[{"embeddable":true,"href":"https:\/\/qingdaohf.com\/fr\/wp-json\/wp\/v2\/media\/8533"}],"wp:attachment":[{"href":"https:\/\/qingdaohf.com\/fr\/wp-json\/wp\/v2\/media?parent=8532"}],"wp:term":[{"taxonomy":"product_brand","embeddable":true,"href":"https:\/\/qingdaohf.com\/fr\/wp-json\/wp\/v2\/product_brand?post=8532"},{"taxonomy":"product_cat","embeddable":true,"href":"https:\/\/qingdaohf.com\/fr\/wp-json\/wp\/v2\/product_cat?post=8532"},{"taxonomy":"product_tag","embeddable":true,"href":"https:\/\/qingdaohf.com\/fr\/wp-json\/wp\/v2\/product_tag?post=8532"}],"curies":[{"name":"wp","href":"https:\/\/api.w.org\/{rel}","templated":true}]}}