{"id":8721,"date":"2025-01-13T14:56:13","date_gmt":"2025-01-13T06:56:13","guid":{"rendered":"http:\/\/qingdaohf.com\/?post_type=product&#038;p=8721"},"modified":"2025-11-13T09:02:20","modified_gmt":"2025-11-13T01:02:20","slug":"lifting-socket-duo-round-ferrules","status":"publish","type":"product","link":"https:\/\/qingdaohf.com\/fr\/produit\/douille-de-levage-duo-embouts-ronds\/","title":{"rendered":"Douille de levage Ferrules rondes Duo"},"content":{"rendered":"<h2 class=\"text-2xl font-bold mt-1 text-text-200\">Qu'est-ce qu'une douille de levage Duo Round Ferrules et comment fonctionne-t-elle ?<\/h2>\n<p class=\"whitespace-pre-wrap break-words\">Les embouts ronds Lifting Socket Duo sont les h\u00e9ros m\u00e9connus des op\u00e9rations de gr\u00e9ement. Ces composants apparemment simples jouent un r\u00f4le crucial dans la fixation des c\u00e2bles m\u00e9talliques aux syst\u00e8mes de levage. Chaque virole sert de point d'ancrage, cr\u00e9ant une connexion fiable essentielle \u00e0 la s\u00e9curit\u00e9 des op\u00e9rations de levage.<\/p>\n<p class=\"whitespace-pre-wrap break-words\">Le g\u00e9nie de ces embouts r\u00e9side dans leur forme arrondie. Comme une pierre de rivi\u00e8re bien us\u00e9e, leur surface lisse aide \u00e0 r\u00e9partir la charge uniform\u00e9ment sur le c\u00e2ble, \u00e9vitant qu'un seul point ne subisse trop de stress. L'aspect \"duo\" fait r\u00e9f\u00e9rence \u00e0 leur conception intelligente \u00e0 double fonction - ils s\u00e9curisent l'extr\u00e9mit\u00e9 du c\u00e2ble et la prot\u00e8gent de l'usure, faisant essentiellement le travail de deux composants en un.<\/p>\n<p class=\"whitespace-pre-wrap break-words\">Vous trouverez ces embouts \u00e0 l'\u0153uvre dans des endroits o\u00f9 le levage de charges lourdes est un d\u00e9fi quotidien. Qu'il s'agisse de sites de construction imposants ou de plates-formes offshore battues par les temp\u00eates, elles constituent un \u00e9l\u00e9ment essentiel du puzzle du levage dans les industries o\u00f9 il n'y a pas de place pour les pannes d'\u00e9quipement.<\/p>\n<p><img fetchpriority=\"high\" decoding=\"async\" class=\"alignnone wp-image-3355 size-full\" src=\"http:\/\/qingdaohf.com\/wp-content\/uploads\/2023\/03\/lifting-sockets-with-plastic-caps-6-1.jpg\" alt=\"douilles de levage avec bouchons en plastique\" width=\"800\" height=\"410\" srcset=\"https:\/\/qingdaohf.com\/wp-content\/uploads\/2023\/03\/lifting-sockets-with-plastic-caps-6-1.jpg 800w, https:\/\/qingdaohf.com\/wp-content\/uploads\/2023\/03\/lifting-sockets-with-plastic-caps-6-1-300x154.jpg 300w, https:\/\/qingdaohf.com\/wp-content\/uploads\/2023\/03\/lifting-sockets-with-plastic-caps-6-1-768x394.jpg 768w\" sizes=\"(max-width: 800px) 100vw, 800px\" \/><\/p>\n<h2 class=\"text-2xl font-bold mt-1 text-text-200\">Pourquoi choisir Qingdao H&amp;F pour les ferrules rondes \u00e0 douille double ?<\/h2>\n<p class=\"whitespace-pre-wrap break-words\">Ne nous voilons pas la face : lorsque vous achetez du mat\u00e9riel de gr\u00e9age, vous \u00eates probablement confront\u00e9 \u00e0 trois pr\u00e9occupations principales : Le mat\u00e9riel fonctionnera-t-il avec votre installation actuelle ? Va-t-il durer ? Et, ce qui est peut-\u00eatre le plus important, arrivera-t-il quand vous en aurez besoin ? Chez Qingdao H&amp;F, nous avons b\u00e2ti notre entreprise sur la r\u00e9solution de ces probl\u00e8mes.<\/p>\n<p class=\"whitespace-pre-wrap break-words\">Notre approche est diff\u00e9rente de celle de la plupart des fournisseurs. Au lieu de traiter les viroles comme un simple article de catalogue, nous accordons une attention particuli\u00e8re et personnalis\u00e9e \u00e0 chaque commande. Notre \u00e9quipe travaille directement avec vous pour comprendre les sp\u00e9cificit\u00e9s de votre syst\u00e8me de levage et s'assurer que vous obtenez des viroles qui s'adaptent parfaitement \u00e0 votre \u00e9quipement existant.<\/p>\n<p class=\"whitespace-pre-wrap break-words\">Nous avons rationalis\u00e9 notre processus de livraison pour faire avancer vos projets. Que vous ayez besoin d'une seule virole ou d'un millier, nous contr\u00f4lons \u00e9troitement notre cha\u00eene d'approvisionnement afin de respecter vos d\u00e9lais. Chaque lot est soumis \u00e0 des tests approfondis et nous fournissons des rapports d'inspection d\u00e9taill\u00e9s pour que vous puissiez \u00eatre s\u00fbrs de ce que vous obtenez.<\/p>\n<p class=\"whitespace-pre-wrap break-words\">Lorsque vous travaillez avec nous, vous n'achetez pas seulement un produit, vous gagnez un partenaire. Notre \u00e9quipe reste disponible tout au long du processus, pr\u00eate \u00e0 r\u00e9pondre aux questions ou \u00e0 aborder les probl\u00e8mes d\u00e8s qu'ils se pr\u00e9sentent.<\/p>\n<h2 class=\"text-2xl font-bold mt-1 text-text-200\">Conception et caract\u00e9ristiques de la douille de levage Duo Round Ferrules<\/h2>\n<p class=\"whitespace-pre-wrap break-words\">La beaut\u00e9 des embouts ronds Lifting Socket Duo r\u00e9side dans leur conception \u00e0 la fois simple et intelligente. Fabriqu\u00e9s en acier robuste ou en acier inoxydable, ces embouts sont con\u00e7us pour supporter les contraintes d'une utilisation quotidienne tout en conservant leur int\u00e9grit\u00e9. Leur profil arrondi cr\u00e9e un berceau naturel pour le c\u00e2ble m\u00e9tallique, \u00e9liminant les ar\u00eates vives qui pourraient compromettre la r\u00e9sistance du c\u00e2ble.<\/p>\n<p class=\"whitespace-pre-wrap break-words\">La particularit\u00e9 de ces embouts ronds duo est leur polyvalence. En plus de s\u00e9curiser le c\u00e2ble, ils agissent comme des gardiens contre les dommages environnementaux. Leur forme lisse minimise les frottements et prot\u00e8ge le c\u00e2ble de l'usure due \u00e0 une utilisation r\u00e9guli\u00e8re - ce qui est particuli\u00e8rement pr\u00e9cieux dans des conditions de travail difficiles.<\/p>\n<p class=\"whitespace-pre-wrap break-words\">La fonctionnalit\u00e9 \"duo\" n'est pas qu'une simple question de marketing. Ces embouts ont une double fonction : ils terminent le c\u00e2ble et le prot\u00e8gent contre les tensions excessives. Elles sont donc particuli\u00e8rement utiles dans les environnements dynamiques tels que les plates-formes offshore, o\u00f9 les \u00e9quipements sont soumis \u00e0 des mouvements et \u00e0 des contraintes constants.<\/p>\n<p class=\"whitespace-pre-wrap break-words\">L'un des avantages de ces embouts est leur processus d'installation tr\u00e8s simple. L'enfilage et la fixation du c\u00e2ble sont simples, ce qui permet de gagner un temps pr\u00e9cieux lors de l'installation. De plus, comme un seul composant g\u00e8re \u00e0 la fois la terminaison et la protection, vous \u00e9conomisez de l'argent et r\u00e9duisez la complexit\u00e9 de votre syst\u00e8me de gr\u00e9ement.<\/p>\n<h2 class=\"text-2xl font-bold mt-1 text-text-200\">Le r\u00f4le des douilles de levage Duo Round Ferrules dans la s\u00e9curit\u00e9 et la performance<\/h2>\n<p class=\"whitespace-pre-wrap break-words\">Dans le monde du levage de charges lourdes, il n'y a pas de place pour les pannes d'\u00e9quipement. Lorsque vous soulevez des charges qui p\u00e8sent des tonnes, chaque composant doit fonctionner parfaitement. Les embouts ronds Lifting Socket Duo sont des \u00e9l\u00e9ments de s\u00e9curit\u00e9 essentiels qui garantissent que les c\u00e2bles m\u00e9talliques restent fermement attach\u00e9s aux m\u00e9canismes de levage et emp\u00eachent des d\u00e9faillances potentiellement catastrophiques.<\/p>\n<p class=\"whitespace-pre-wrap break-words\">Ces embouts sont con\u00e7us pour maintenir l'int\u00e9grit\u00e9 du c\u00e2ble m\u00e9tallique dans le temps. En r\u00e9partissant uniform\u00e9ment la pression, elles emp\u00eachent les points faibles de se d\u00e9velopper - ce qui est crucial dans les applications o\u00f9 les charges changent constamment, comme les op\u00e9rations de grutage ou de levage en mer.<\/p>\n<p class=\"whitespace-pre-wrap break-words\">Au-del\u00e0 de leur r\u00f4le premier de s\u00e9curisation, ces embouts prot\u00e8gent contre la corrosion et les dommages environnementaux. Que vous travailliez dans un port de bord de mer ou sur un site de construction d\u00e9tremp\u00e9 par la pluie, les mat\u00e9riaux de haute qualit\u00e9 utilis\u00e9s dans ces bagues garantissent qu'elles continueront \u00e0 fonctionner dans des conditions d'eau douce et d'eau sal\u00e9e.<\/p>\n<p><img decoding=\"async\" class=\"alignnone wp-image-3402 size-full\" src=\"http:\/\/qingdaohf.com\/wp-content\/uploads\/2023\/03\/50-2.jpg\" alt=\"virole ronde\" width=\"1200\" height=\"480\" srcset=\"https:\/\/qingdaohf.com\/wp-content\/uploads\/2023\/03\/50-2.jpg 1200w, https:\/\/qingdaohf.com\/wp-content\/uploads\/2023\/03\/50-2-300x120.jpg 300w, https:\/\/qingdaohf.com\/wp-content\/uploads\/2023\/03\/50-2-1024x410.jpg 1024w, https:\/\/qingdaohf.com\/wp-content\/uploads\/2023\/03\/50-2-768x307.jpg 768w, https:\/\/qingdaohf.com\/wp-content\/uploads\/2023\/03\/50-2-1000x400.jpg 1000w\" sizes=\"(max-width: 1200px) 100vw, 1200px\" \/><\/p>\n<h2 class=\"text-2xl font-bold mt-1 text-text-200\">L'engagement de Qingdao H&amp;F en mati\u00e8re de qualit\u00e9 et de service<\/h2>\n<p class=\"whitespace-pre-wrap break-words\">Chez Qingdao H&amp;F, la livraison de produits de qualit\u00e9 n'est qu'un d\u00e9but. Chaque lot de nos ferrules rondes Lifting Socket Duo est soumis \u00e0 des tests intensifs, \u00e9tay\u00e9s par des rapports d'inspection d\u00e9taill\u00e9s. Cette transparence vous permet de v\u00e9rifier exactement ce que vous obtenez et ses performances.<\/p>\n<p class=\"whitespace-pre-wrap break-words\">Nous comprenons qu'il est crucial de recevoir votre \u00e9quipement \u00e0 temps. C'est pourquoi nous avons b\u00e2ti notre r\u00e9putation sur des calendriers de livraison fiables qui permettent \u00e0 vos projets d'avancer. En cas de questions, notre \u00e9quipe technique est pr\u00eate \u00e0 vous aider, en vous apportant le soutien dont vous avez besoin pour assurer le bon d\u00e9roulement de vos op\u00e9rations.<\/p>\n<p class=\"whitespace-pre-wrap break-words\">Forts de nos ann\u00e9es d'exp\u00e9rience dans l'industrie, nous comprenons les d\u00e9fis que repr\u00e9sente l'approvisionnement en composants de gr\u00e9ement fiables. Notre \u00e9quipe se consacre \u00e0 vous faciliter la t\u00e2che, en vous apportant la tranquillit\u00e9 d'esprit gr\u00e2ce \u00e0 des produits de qualit\u00e9 et \u00e0 un service fiable.<\/p>\n<h2 class=\"text-2xl font-bold mt-1 text-text-200\">Conclusion<\/h2>\n<p class=\"whitespace-pre-wrap break-words\">Lorsqu'il s'agit d'op\u00e9rations de gr\u00e9ement, les embouts ronds Lifting Socket Duo sont des composants essentiels que vous ne pouvez pas vous permettre de n\u00e9gliger. Elles constituent une solution fiable et efficace pour s\u00e9curiser et prot\u00e9ger les c\u00e2bles m\u00e9talliques dans les environnements exigeants. En vous associant \u00e0 Qingdao H&amp;F, vous obtenez plus que des embouts de haute qualit\u00e9 - vous obtenez une \u00e9quipe engag\u00e9e dans votre succ\u00e8s, soutenue par une livraison rapide et une assurance qualit\u00e9 compl\u00e8te.<\/p>\n<p class=\"whitespace-pre-wrap break-words\">Chaque projet de levage a ses propres d\u00e9fis, et nous sommes l\u00e0 pour vous aider \u00e0 les relever. En mettant l'accent sur la qualit\u00e9, la transparence et la satisfaction du client, nous sommes pr\u00eats \u00e0 \u00eatre votre partenaire de confiance pour tout ce qui concerne le gr\u00e9ement. Contactez-nous d\u00e8s aujourd'hui pour d\u00e9couvrir comment nos embouts ronds Lifting Socket Duo peuvent am\u00e9liorer vos op\u00e9rations de levage.<\/p>","protected":false},"excerpt":{"rendered":"<p>Les embouts ronds Lifting Socket Duo permettent de r\u00e9aliser des connexions s\u00fbres et efficaces pour les c\u00e2bles m\u00e9talliques dans le cadre d'op\u00e9rations de levage lourdes. Elles sont con\u00e7ues pour offrir r\u00e9sistance, durabilit\u00e9 et performance dans des environnements soumis \u00e0 de fortes contraintes. Parmi les pr\u00e9occupations habituelles des acheteurs figurent la compatibilit\u00e9, la fiabilit\u00e9 et la s\u00e9curit\u00e9 des composants de levage. Avec les ferrules rondes \u00e0 douille double de Qingdao H&amp;F Lifting Socket, vous \u00eates assur\u00e9 d'obtenir des solutions de haute qualit\u00e9. Nos produits sont soutenus par un service client\u00e8le personnalis\u00e9, des cycles de livraison rapides et des rapports d'inspection de la qualit\u00e9 complets, afin de garantir que vous obtenez exactement ce dont vous avez besoin, quand vous en avez besoin, en toute transparence.<\/p>","protected":false},"featured_media":8723,"comment_status":"open","ping_status":"closed","template":"","meta":{"site-sidebar-layout":"default","site-content-layout":"","ast-site-content-layout":"default","site-content-style":"default","site-sidebar-style":"default","ast-global-header-display":"","ast-banner-title-visibility":"","ast-main-header-display":"","ast-hfb-above-header-display":"","ast-hfb-below-header-display":"","ast-hfb-mobile-header-display":"","site-post-title":"","ast-breadcrumbs-content":"","ast-featured-img":"","footer-sml-layout":"","theme-transparent-header-meta":"default","adv-header-id-meta":"","stick-header-meta":"default","header-above-stick-meta":"","header-main-stick-meta":"","header-below-stick-meta":"","astra-migrate-meta-layouts":"set","ast-page-background-enabled":"default","ast-page-background-meta":{"desktop":{"background-color":"","background-image":"","background-repeat":"repeat","background-position":"center center","background-size":"auto","background-attachment":"scroll","background-type":"","background-media":"","overlay-type":"","overlay-color":"","overlay-opacity":"","overlay-gradient":""},"tablet":{"background-color":"","background-image":"","background-repeat":"repeat","background-position":"center center","background-size":"auto","background-attachment":"scroll","background-type":"","background-media":"","overlay-type":"","overlay-color":"","overlay-opacity":"","overlay-gradient":""},"mobile":{"background-color":"","background-image":"","background-repeat":"repeat","background-position":"center center","background-size":"auto","background-attachment":"scroll","background-type":"","background-media":"","overlay-type":"","overlay-color":"","overlay-opacity":"","overlay-gradient":""}},"ast-content-background-meta":{"desktop":{"background-color":"var(--ast-global-color-5)","background-image":"","background-repeat":"repeat","background-position":"center center","background-size":"auto","background-attachment":"scroll","background-type":"","background-media":"","overlay-type":"","overlay-color":"","overlay-opacity":"","overlay-gradient":""},"tablet":{"background-color":"var(--ast-global-color-5)","background-image":"","background-repeat":"repeat","background-position":"center center","background-size":"auto","background-attachment":"scroll","background-type":"","background-media":"","overlay-type":"","overlay-color":"","overlay-opacity":"","overlay-gradient":""},"mobile":{"background-color":"var(--ast-global-color-5)","background-image":"","background-repeat":"repeat","background-position":"center center","background-size":"auto","background-attachment":"scroll","background-type":"","background-media":"","overlay-type":"","overlay-color":"","overlay-opacity":"","overlay-gradient":""}}},"product_brand":[],"product_cat":[30],"product_tag":[],"class_list":{"0":"post-8721","1":"product","2":"type-product","3":"status-publish","4":"has-post-thumbnail","6":"product_cat-lifting-anchor","7":"desktop-align-left","8":"tablet-align-left","9":"mobile-align-left","10":"ast-product-gallery-layout-horizontal-slider","11":"ast-product-tabs-layout-horizontal","13":"first","14":"instock","15":"shipping-taxable","16":"purchasable","17":"product-type-simple"},"yoast_head":"<!-- This site is optimized with the Yoast SEO plugin v25.2 - https:\/\/yoast.com\/wordpress\/plugins\/seo\/ -->\n<title>Lifting Socket Duo Round Ferrules<\/title>\n<meta name=\"description\" content=\"Lifting Socket Duo Round Ferrules help to provide safe and efficient connections for wire ropes in heavy-duty lifting operations.\" \/>\n<meta name=\"robots\" content=\"index, follow, max-snippet:-1, max-image-preview:large, max-video-preview:-1\" \/>\n<link rel=\"canonical\" href=\"https:\/\/qingdaohf.com\/fr\/produit\/douille-de-levage-duo-embouts-ronds\/\" \/>\n<meta property=\"og:locale\" content=\"fr_FR\" \/>\n<meta property=\"og:type\" content=\"article\" \/>\n<meta property=\"og:title\" content=\"Lifting Socket Duo Round Ferrules\" \/>\n<meta property=\"og:description\" content=\"Lifting Socket Duo Round Ferrules help to provide safe and efficient connections for wire ropes in heavy-duty lifting operations.\" \/>\n<meta property=\"og:url\" content=\"https:\/\/qingdaohf.com\/fr\/produit\/douille-de-levage-duo-embouts-ronds\/\" \/>\n<meta property=\"og:site_name\" content=\"Concrete Form &amp; Rigging Hardware Supplier\" \/>\n<meta property=\"article:publisher\" content=\"https:\/\/www.facebook.com\/qingdaohf\" \/>\n<meta property=\"article:modified_time\" content=\"2025-11-13T01:02:20+00:00\" \/>\n<meta property=\"og:image\" content=\"https:\/\/qingdaohf.com\/wp-content\/uploads\/2025\/01\/duo-round-ferrule-1.jpg\" \/>\n\t<meta property=\"og:image:width\" content=\"800\" \/>\n\t<meta property=\"og:image:height\" content=\"800\" \/>\n\t<meta property=\"og:image:type\" content=\"image\/jpeg\" \/>\n<meta name=\"twitter:card\" content=\"summary_large_image\" \/>\n<meta name=\"twitter:label1\" content=\"Dur\u00e9e de lecture estim\u00e9e\" \/>\n\t<meta name=\"twitter:data1\" content=\"5 minutes\" \/>\n<script type=\"application\/ld+json\" class=\"yoast-schema-graph\">{\"@context\":\"https:\/\/schema.org\",\"@graph\":[{\"@type\":\"WebPage\",\"@id\":\"https:\/\/qingdaohf.com\/product\/lifting-socket-duo-round-ferrules\/\",\"url\":\"https:\/\/qingdaohf.com\/product\/lifting-socket-duo-round-ferrules\/\",\"name\":\"Lifting Socket Duo Round Ferrules\",\"isPartOf\":{\"@id\":\"https:\/\/qingdaohf.com\/bg\/#website\"},\"primaryImageOfPage\":{\"@id\":\"https:\/\/qingdaohf.com\/product\/lifting-socket-duo-round-ferrules\/#primaryimage\"},\"image\":{\"@id\":\"https:\/\/qingdaohf.com\/product\/lifting-socket-duo-round-ferrules\/#primaryimage\"},\"thumbnailUrl\":\"https:\/\/qingdaohf.com\/wp-content\/uploads\/2025\/01\/duo-round-ferrule-1.jpg\",\"datePublished\":\"2025-01-13T06:56:13+00:00\",\"dateModified\":\"2025-11-13T01:02:20+00:00\",\"description\":\"Lifting Socket Duo Round Ferrules help to provide safe and efficient connections for wire ropes in heavy-duty lifting operations.\",\"breadcrumb\":{\"@id\":\"https:\/\/qingdaohf.com\/product\/lifting-socket-duo-round-ferrules\/#breadcrumb\"},\"inLanguage\":\"fr-FR\",\"potentialAction\":[{\"@type\":\"ReadAction\",\"target\":[\"https:\/\/qingdaohf.com\/product\/lifting-socket-duo-round-ferrules\/\"]}]},{\"@type\":\"ImageObject\",\"inLanguage\":\"fr-FR\",\"@id\":\"https:\/\/qingdaohf.com\/product\/lifting-socket-duo-round-ferrules\/#primaryimage\",\"url\":\"https:\/\/qingdaohf.com\/wp-content\/uploads\/2025\/01\/duo-round-ferrule-1.jpg\",\"contentUrl\":\"https:\/\/qingdaohf.com\/wp-content\/uploads\/2025\/01\/duo-round-ferrule-1.jpg\",\"width\":800,\"height\":800,\"caption\":\"duo round ferrule\"},{\"@type\":\"BreadcrumbList\",\"@id\":\"https:\/\/qingdaohf.com\/product\/lifting-socket-duo-round-ferrules\/#breadcrumb\",\"itemListElement\":[{\"@type\":\"ListItem\",\"position\":1,\"name\":\"Home\",\"item\":\"https:\/\/qingdaohf.com\/\"},{\"@type\":\"ListItem\",\"position\":2,\"name\":\"Concrete Forming Accessories and Rigging Hardware\",\"item\":\"https:\/\/qingdaohf.com\/bg\/?page_id=944\"},{\"@type\":\"ListItem\",\"position\":3,\"name\":\"Lifting Socket Duo Round Ferrules\"}]},{\"@type\":\"WebSite\",\"@id\":\"https:\/\/qingdaohf.com\/bg\/#website\",\"url\":\"https:\/\/qingdaohf.com\/bg\/\",\"name\":\"Concrete Form & Rigging Hardware Supplier\",\"description\":\"\",\"publisher\":{\"@id\":\"https:\/\/qingdaohf.com\/bg\/#organization\"},\"potentialAction\":[{\"@type\":\"SearchAction\",\"target\":{\"@type\":\"EntryPoint\",\"urlTemplate\":\"https:\/\/qingdaohf.com\/bg\/?s={search_term_string}\"},\"query-input\":{\"@type\":\"PropertyValueSpecification\",\"valueRequired\":true,\"valueName\":\"search_term_string\"}}],\"inLanguage\":\"fr-FR\"},{\"@type\":\"Organization\",\"@id\":\"https:\/\/qingdaohf.com\/bg\/#organization\",\"name\":\"Qingdao H&F\",\"url\":\"https:\/\/qingdaohf.com\/bg\/\",\"logo\":{\"@type\":\"ImageObject\",\"inLanguage\":\"fr-FR\",\"@id\":\"https:\/\/qingdaohf.com\/bg\/#\/schema\/logo\/image\/\",\"url\":\"https:\/\/qingdaohf.com\/wp-content\/uploads\/2022\/12\/cropped-HF-LOGO.png\",\"contentUrl\":\"https:\/\/qingdaohf.com\/wp-content\/uploads\/2022\/12\/cropped-HF-LOGO.png\",\"width\":391,\"height\":249,\"caption\":\"Qingdao H&F\"},\"image\":{\"@id\":\"https:\/\/qingdaohf.com\/bg\/#\/schema\/logo\/image\/\"},\"sameAs\":[\"https:\/\/www.facebook.com\/qingdaohf\"]}]}<\/script>\n<!-- \/ Yoast SEO plugin. -->","yoast_head_json":{"title":"Lifting Socket Duo Round Ferrules","description":"Lifting Socket Duo Round Ferrules help to provide safe and efficient connections for wire ropes in heavy-duty lifting operations.","robots":{"index":"index","follow":"follow","max-snippet":"max-snippet:-1","max-image-preview":"max-image-preview:large","max-video-preview":"max-video-preview:-1"},"canonical":"https:\/\/qingdaohf.com\/fr\/produit\/douille-de-levage-duo-embouts-ronds\/","og_locale":"fr_FR","og_type":"article","og_title":"Lifting Socket Duo Round Ferrules","og_description":"Lifting Socket Duo Round Ferrules help to provide safe and efficient connections for wire ropes in heavy-duty lifting operations.","og_url":"https:\/\/qingdaohf.com\/fr\/produit\/douille-de-levage-duo-embouts-ronds\/","og_site_name":"Concrete Form &amp; Rigging Hardware Supplier","article_publisher":"https:\/\/www.facebook.com\/qingdaohf","article_modified_time":"2025-11-13T01:02:20+00:00","og_image":[{"width":800,"height":800,"url":"https:\/\/qingdaohf.com\/wp-content\/uploads\/2025\/01\/duo-round-ferrule-1.jpg","type":"image\/jpeg"}],"twitter_card":"summary_large_image","twitter_misc":{"Dur\u00e9e de lecture estim\u00e9e":"5 minutes"},"schema":{"@context":"https:\/\/schema.org","@graph":[{"@type":"WebPage","@id":"https:\/\/qingdaohf.com\/product\/lifting-socket-duo-round-ferrules\/","url":"https:\/\/qingdaohf.com\/product\/lifting-socket-duo-round-ferrules\/","name":"Lifting Socket Duo Round Ferrules","isPartOf":{"@id":"https:\/\/qingdaohf.com\/bg\/#website"},"primaryImageOfPage":{"@id":"https:\/\/qingdaohf.com\/product\/lifting-socket-duo-round-ferrules\/#primaryimage"},"image":{"@id":"https:\/\/qingdaohf.com\/product\/lifting-socket-duo-round-ferrules\/#primaryimage"},"thumbnailUrl":"https:\/\/qingdaohf.com\/wp-content\/uploads\/2025\/01\/duo-round-ferrule-1.jpg","datePublished":"2025-01-13T06:56:13+00:00","dateModified":"2025-11-13T01:02:20+00:00","description":"Lifting Socket Duo Round Ferrules help to provide safe and efficient connections for wire ropes in heavy-duty lifting operations.","breadcrumb":{"@id":"https:\/\/qingdaohf.com\/product\/lifting-socket-duo-round-ferrules\/#breadcrumb"},"inLanguage":"fr-FR","potentialAction":[{"@type":"ReadAction","target":["https:\/\/qingdaohf.com\/product\/lifting-socket-duo-round-ferrules\/"]}]},{"@type":"ImageObject","inLanguage":"fr-FR","@id":"https:\/\/qingdaohf.com\/product\/lifting-socket-duo-round-ferrules\/#primaryimage","url":"https:\/\/qingdaohf.com\/wp-content\/uploads\/2025\/01\/duo-round-ferrule-1.jpg","contentUrl":"https:\/\/qingdaohf.com\/wp-content\/uploads\/2025\/01\/duo-round-ferrule-1.jpg","width":800,"height":800,"caption":"duo round ferrule"},{"@type":"BreadcrumbList","@id":"https:\/\/qingdaohf.com\/product\/lifting-socket-duo-round-ferrules\/#breadcrumb","itemListElement":[{"@type":"ListItem","position":1,"name":"Home","item":"https:\/\/qingdaohf.com\/"},{"@type":"ListItem","position":2,"name":"Concrete Forming Accessories and Rigging Hardware","item":"https:\/\/qingdaohf.com\/bg\/?page_id=944"},{"@type":"ListItem","position":3,"name":"Lifting Socket Duo Round Ferrules"}]},{"@type":"WebSite","@id":"https:\/\/qingdaohf.com\/bg\/#website","url":"https:\/\/qingdaohf.com\/bg\/","name":"Concrete Form & Rigging Hardware Supplier","description":"","publisher":{"@id":"https:\/\/qingdaohf.com\/bg\/#organization"},"potentialAction":[{"@type":"SearchAction","target":{"@type":"EntryPoint","urlTemplate":"https:\/\/qingdaohf.com\/bg\/?s={search_term_string}"},"query-input":{"@type":"PropertyValueSpecification","valueRequired":true,"valueName":"search_term_string"}}],"inLanguage":"fr-FR"},{"@type":"Organization","@id":"https:\/\/qingdaohf.com\/bg\/#organization","name":"Qingdao H&F","url":"https:\/\/qingdaohf.com\/bg\/","logo":{"@type":"ImageObject","inLanguage":"fr-FR","@id":"https:\/\/qingdaohf.com\/bg\/#\/schema\/logo\/image\/","url":"https:\/\/qingdaohf.com\/wp-content\/uploads\/2022\/12\/cropped-HF-LOGO.png","contentUrl":"https:\/\/qingdaohf.com\/wp-content\/uploads\/2022\/12\/cropped-HF-LOGO.png","width":391,"height":249,"caption":"Qingdao H&F"},"image":{"@id":"https:\/\/qingdaohf.com\/bg\/#\/schema\/logo\/image\/"},"sameAs":["https:\/\/www.facebook.com\/qingdaohf"]}]}},"_links":{"self":[{"href":"https:\/\/qingdaohf.com\/fr\/wp-json\/wp\/v2\/product\/8721","targetHints":{"allow":["GET"]}}],"collection":[{"href":"https:\/\/qingdaohf.com\/fr\/wp-json\/wp\/v2\/product"}],"about":[{"href":"https:\/\/qingdaohf.com\/fr\/wp-json\/wp\/v2\/types\/product"}],"replies":[{"embeddable":true,"href":"https:\/\/qingdaohf.com\/fr\/wp-json\/wp\/v2\/comments?post=8721"}],"version-history":[{"count":3,"href":"https:\/\/qingdaohf.com\/fr\/wp-json\/wp\/v2\/product\/8721\/revisions"}],"predecessor-version":[{"id":8730,"href":"https:\/\/qingdaohf.com\/fr\/wp-json\/wp\/v2\/product\/8721\/revisions\/8730"}],"wp:featuredmedia":[{"embeddable":true,"href":"https:\/\/qingdaohf.com\/fr\/wp-json\/wp\/v2\/media\/8723"}],"wp:attachment":[{"href":"https:\/\/qingdaohf.com\/fr\/wp-json\/wp\/v2\/media?parent=8721"}],"wp:term":[{"taxonomy":"product_brand","embeddable":true,"href":"https:\/\/qingdaohf.com\/fr\/wp-json\/wp\/v2\/product_brand?post=8721"},{"taxonomy":"product_cat","embeddable":true,"href":"https:\/\/qingdaohf.com\/fr\/wp-json\/wp\/v2\/product_cat?post=8721"},{"taxonomy":"product_tag","embeddable":true,"href":"https:\/\/qingdaohf.com\/fr\/wp-json\/wp\/v2\/product_tag?post=8721"}],"curies":[{"name":"wp","href":"https:\/\/api.w.org\/{rel}","templated":true}]}}