{"id":8745,"date":"2025-01-18T09:22:33","date_gmt":"2025-01-18T01:22:33","guid":{"rendered":"http:\/\/qingdaohf.com\/?post_type=product&#038;p=8745"},"modified":"2025-11-13T09:02:20","modified_gmt":"2025-11-13T01:02:20","slug":"turnbuckle-concrete","status":"publish","type":"product","link":"https:\/\/qingdaohf.com\/fr\/produit\/tendeur-en-beton-2\/","title":{"rendered":"Turnbuckle Concrete"},"content":{"rendered":"<p class=\"whitespace-pre-wrap break-words\">Lorsqu'il s'agit de coffrage de b\u00e9ton, le diable se cache dans les d\u00e9tails. C'est l\u00e0 que les accessoires pour le b\u00e9ton entrent en jeu - ce ne sont pas seulement des \u00e9l\u00e9ments de quincaillerie, ce sont les h\u00e9ros m\u00e9connus qui assurent la solidit\u00e9 de vos coffrages et la perfection de vos coul\u00e9es. Examinons les deux poids lourds du monde des tendeurs : Les mod\u00e8les \u00e0 plaque plate et \u00e0 plaque courb\u00e9e. Chacun apporte quelque chose de sp\u00e9cial \u00e0 la table, et conna\u00eetre la diff\u00e9rence peut faire le succ\u00e8s ou l'\u00e9chec de votre prochain projet.<\/p>\n<p><img fetchpriority=\"high\" decoding=\"async\" class=\"alignnone size-medium wp-image-9135\" src=\"http:\/\/qingdaohf.com\/wp-content\/uploads\/2025\/03\/concrete-turnbuckle-7-300x300.webp\" alt=\"tendeur en b\u00e9ton\" width=\"300\" height=\"300\" srcset=\"https:\/\/qingdaohf.com\/wp-content\/uploads\/2025\/03\/concrete-turnbuckle-7-300x300.webp 300w, https:\/\/qingdaohf.com\/wp-content\/uploads\/2025\/03\/concrete-turnbuckle-7-150x150.webp 150w, https:\/\/qingdaohf.com\/wp-content\/uploads\/2025\/03\/concrete-turnbuckle-7-768x768.webp 768w, https:\/\/qingdaohf.com\/wp-content\/uploads\/2025\/03\/concrete-turnbuckle-7-12x12.webp 12w, https:\/\/qingdaohf.com\/wp-content\/uploads\/2025\/03\/concrete-turnbuckle-7-500x500.webp 500w, https:\/\/qingdaohf.com\/wp-content\/uploads\/2025\/03\/concrete-turnbuckle-7-100x100.webp 100w, https:\/\/qingdaohf.com\/wp-content\/uploads\/2025\/03\/concrete-turnbuckle-7.webp 1000w\" sizes=\"(max-width: 300px) 100vw, 300px\" \/> <img decoding=\"async\" class=\"alignnone size-medium wp-image-9131\" src=\"http:\/\/qingdaohf.com\/wp-content\/uploads\/2025\/03\/concrete-turnbuckle-3-300x300.webp\" alt=\"tendeur en b\u00e9ton\" width=\"300\" height=\"300\" srcset=\"https:\/\/qingdaohf.com\/wp-content\/uploads\/2025\/03\/concrete-turnbuckle-3-300x300.webp 300w, https:\/\/qingdaohf.com\/wp-content\/uploads\/2025\/03\/concrete-turnbuckle-3-150x150.webp 150w, https:\/\/qingdaohf.com\/wp-content\/uploads\/2025\/03\/concrete-turnbuckle-3-768x768.webp 768w, https:\/\/qingdaohf.com\/wp-content\/uploads\/2025\/03\/concrete-turnbuckle-3-12x12.webp 12w, https:\/\/qingdaohf.com\/wp-content\/uploads\/2025\/03\/concrete-turnbuckle-3-500x500.webp 500w, https:\/\/qingdaohf.com\/wp-content\/uploads\/2025\/03\/concrete-turnbuckle-3-100x100.webp 100w, https:\/\/qingdaohf.com\/wp-content\/uploads\/2025\/03\/concrete-turnbuckle-3.webp 1000w\" sizes=\"(max-width: 300px) 100vw, 300px\" \/><\/p>\n<p class=\"whitespace-pre-wrap break-words\">Chez H&amp;F, nous vous soutenons avec des solutions de tendeurs qui ne se contentent pas de r\u00e9pondre aux attentes - elles les d\u00e9passent. Que vous travailliez sur un projet d'infrastructure tentaculaire ou sur une construction r\u00e9sidentielle pr\u00e9cise, nous avons les outils dont vous avez besoin pour bien faire les choses.<\/p>\n<div class=\"ast-oembed-container\" style=\"height: 100%;\"><iframe title=\"Aligneur de coffrage pour tendeurs \u00e0 b\u00e9ton\" width=\"500\" height=\"281\" src=\"https:\/\/www.youtube.com\/embed\/1guP_DQRF1o?feature=oembed\" frameborder=\"0\" allow=\"accelerometer; autoplay; clipboard-write; encrypted-media; gyroscope; picture-in-picture; web-share\" referrerpolicy=\"strict-origin-when-cross-origin\" allowfullscreen><\/iframe><\/div>\n<h2 class=\"text-xl font-bold text-text-200 mt-1 -mb-0.5\">Tendeurs \u00e0 plat : Pr\u00e9cision et simplicit\u00e9<\/h2>\n<p><img decoding=\"async\" class=\"alignnone wp-image-8766 size-medium\" src=\"http:\/\/qingdaohf.com\/wp-content\/uploads\/2025\/01\/flat-plate-turnbuckle-10-300x300.jpg\" alt=\"tendeur plat\" width=\"300\" height=\"300\" srcset=\"https:\/\/qingdaohf.com\/wp-content\/uploads\/2025\/01\/flat-plate-turnbuckle-10-300x300.jpg 300w, https:\/\/qingdaohf.com\/wp-content\/uploads\/2025\/01\/flat-plate-turnbuckle-10-150x150.jpg 150w, https:\/\/qingdaohf.com\/wp-content\/uploads\/2025\/01\/flat-plate-turnbuckle-10-768x768.jpg 768w, https:\/\/qingdaohf.com\/wp-content\/uploads\/2025\/01\/flat-plate-turnbuckle-10-12x12.jpg 12w, https:\/\/qingdaohf.com\/wp-content\/uploads\/2025\/01\/flat-plate-turnbuckle-10-500x500.jpg 500w, https:\/\/qingdaohf.com\/wp-content\/uploads\/2025\/01\/flat-plate-turnbuckle-10-100x100.jpg 100w, https:\/\/qingdaohf.com\/wp-content\/uploads\/2025\/01\/flat-plate-turnbuckle-10.jpg 1000w\" sizes=\"(max-width: 300px) 100vw, 300px\" \/><\/p>\n<p class=\"whitespace-pre-wrap break-words\">Imaginez : un tendeur qui reste propre et simple, avec des plaques plates aux deux extr\u00e9mit\u00e9s qui s'adaptent parfaitement \u00e0 votre coffrage. C'est ce que vous obtenez avec notre mod\u00e8le \u00e0 plaque plate. Ces tendeurs ne sont pas seulement appr\u00e9ci\u00e9s pour leur aspect esth\u00e9tique - ce sont des outils de travail qui r\u00e9partissent la charge uniform\u00e9ment sur leurs points de connexion, r\u00e9duisant ainsi l'usure de vos coffrages.<\/p>\n<p class=\"whitespace-pre-wrap break-words\">Ce qui distingue vraiment ces beaut\u00e9s, c'est leur simplicit\u00e9 d'utilisation. Lorsque vous \u00eates \u00e0 la course contre la montre sur un projet o\u00f9 chaque millim\u00e8tre compte, vous appr\u00e9cierez leur installation simple. De plus, comme ils s'adaptent parfaitement \u00e0 la forme, vous n'aurez pas \u00e0 vous soucier des probl\u00e8mes de d\u00e9gagement.<\/p>\n<p class=\"whitespace-pre-wrap break-words\">Chez H&amp;F, nous ne plaisantons pas avec les mat\u00e9riaux. Chaque tendeur plat que nous livrons est construit \u00e0 partir de mat\u00e9riaux tr\u00e8s r\u00e9sistants, con\u00e7us pour r\u00e9sister \u00e0 la corrosion et aux abus quotidiens sur le site de travail.<\/p>\n<h2 class=\"text-xl font-bold text-text-200 mt-1 -mb-0.5\">Tendeurs \u00e0 plaque courb\u00e9e : Adaptabilit\u00e9 et meilleure prise en main<\/h2>\n<p><img loading=\"lazy\" decoding=\"async\" class=\"alignnone size-medium wp-image-8814\" src=\"http:\/\/qingdaohf.com\/wp-content\/uploads\/2025\/01\/bent-plate-turnbuckle-17-300x300.jpg\" alt=\"tendeur \u00e0 plaque pli\u00e9e\" width=\"300\" height=\"300\" srcset=\"https:\/\/qingdaohf.com\/wp-content\/uploads\/2025\/01\/bent-plate-turnbuckle-17-300x300.jpg 300w, https:\/\/qingdaohf.com\/wp-content\/uploads\/2025\/01\/bent-plate-turnbuckle-17-150x150.jpg 150w, https:\/\/qingdaohf.com\/wp-content\/uploads\/2025\/01\/bent-plate-turnbuckle-17-768x768.jpg 768w, https:\/\/qingdaohf.com\/wp-content\/uploads\/2025\/01\/bent-plate-turnbuckle-17-12x12.jpg 12w, https:\/\/qingdaohf.com\/wp-content\/uploads\/2025\/01\/bent-plate-turnbuckle-17-500x500.jpg 500w, https:\/\/qingdaohf.com\/wp-content\/uploads\/2025\/01\/bent-plate-turnbuckle-17-100x100.jpg 100w, https:\/\/qingdaohf.com\/wp-content\/uploads\/2025\/01\/bent-plate-turnbuckle-17.jpg 1000w\" sizes=\"(max-width: 300px) 100vw, 300px\" \/><\/p>\n<p class=\"whitespace-pre-wrap break-words\">Parlons maintenant de ceux qui r\u00e9solvent les probl\u00e8mes dans le monde des tendeurs - nos mod\u00e8les Bent Plate. Ces mauvais gar\u00e7ons sont \u00e9quip\u00e9s de plaques d'extr\u00e9mit\u00e9 inclin\u00e9es qui s'agrippent comme elles le font. Lorsque vous devez faire face \u00e0 des angles d\u00e9licats ou \u00e0 des surfaces qui ne sont pas exactement parfaites, ces mod\u00e8les sont votre solution.<\/p>\n<p class=\"whitespace-pre-wrap break-words\">Le g\u00e9nie de la conception de la plaque pli\u00e9e se manifeste lorsque vous devez faire face \u00e0 des sc\u00e9narios surprenants pour lesquels les solutions standard ne suffisent pas. Vous avez une situation de charge inhabituelle ? Vous avez affaire \u00e0 des formes qui se tordent et tournent ? C'est l\u00e0 que les tendeurs \u00e0 plaque courb\u00e9e gagnent leur place.<\/p>\n<p class=\"whitespace-pre-wrap break-words\">Tout comme leurs cousins \u00e0 plaque plate, nos tendeurs \u00e0 plaque courb\u00e9e sont de construction robuste. Nous les soumettons \u00e0 des tests rigoureux car nous savons qu'ils seront confront\u00e9s \u00e0 de s\u00e9rieux d\u00e9fis dans le monde r\u00e9el.<\/p>\n<h2 class=\"text-xl font-bold text-text-200 mt-1 -mb-0.5\">Pourquoi choisir H&amp;F pour des solutions en mati\u00e8re de b\u00e9ton pour les tendeurs ?<\/h2>\n<p class=\"whitespace-pre-wrap break-words\">Trouver le bon tendeur n'est qu'un d\u00e9but - vous avez besoin d'un fournisseur qui vous soutienne lorsque les choses deviennent r\u00e9elles. C'est l\u00e0 que H&amp;F brille. Nous ne nous contentons pas de vendre du mat\u00e9riel, nous vous offrons une tranquillit\u00e9 d'esprit envelopp\u00e9e d'acier.<\/p>\n<p class=\"whitespace-pre-wrap break-words\">Oubliez le labyrinthe t\u00e9l\u00e9phonique automatis\u00e9 - avec nous, vous avez une vraie personne qui conna\u00eet la construction de A \u00e0 Z. Votre repr\u00e9sentant d\u00e9di\u00e9 vous accompagnera du premier contact \u00e0 la livraison finale et au-del\u00e0. Votre repr\u00e9sentant d\u00e9di\u00e9 vous accompagnera du premier contact \u00e0 la livraison finale et au-del\u00e0, en s'assurant que vous avez exactement ce que votre projet exige.<\/p>\n<p class=\"whitespace-pre-wrap break-words\">Nous savons que le temps, c'est de l'argent dans ce secteur. C'est pourquoi nous avons rationalis\u00e9 notre processus de livraison pour vous apporter ce dont vous avez besoin, quand vous en avez besoin. Pas d'excuses, pas de retards - juste un service fiable sur lequel vous pouvez compter.<\/p>\n<p class=\"whitespace-pre-wrap break-words\">Chaque tendeur que nous envoyons est accompagn\u00e9 de donn\u00e9es concr\u00e8tes qui confirment ses performances. Nous testons tout rigoureusement et nous vous donnons les documents qui le prouvent. Car dans ce domaine, la confiance c'est bien, mais la v\u00e9rification c'est mieux.<\/p>\n<p class=\"whitespace-pre-wrap break-words\">Et c'est l\u00e0 que le b\u00e2t blesse - nous offrons toute cette qualit\u00e9 et ce service sans nous ruiner. Nous avons trouv\u00e9 le moyen de maintenir nos prix comp\u00e9titifs tout en conservant les normes qui font des tendeurs H&amp;F le choix de pr\u00e9dilection des constructeurs s\u00e9rieux.<\/p>\n<h2 class=\"text-xl font-bold text-text-200 mt-1 -mb-0.5\">Conclusion : Des solutions sur mesure pour les besoins de la construction moderne<\/h2>\n<p class=\"whitespace-pre-wrap break-words\">Que vous recherchiez la simplicit\u00e9 et la pr\u00e9cision d'un tendeur \u00e0 plat ou que vous comptiez sur l'adh\u00e9rence et l'adaptabilit\u00e9 d'un mod\u00e8le \u00e0 plaque courb\u00e9e, ces outils sont des acteurs essentiels dans le secteur de la construction d'aujourd'hui. Chaque type apporte ses propres forces, pr\u00eates \u00e0 relever tous les d\u00e9fis de votre projet.<\/p>\n<p class=\"whitespace-pre-wrap break-words\">Chez H&amp;F, nous sommes fiers d'accompagner ces outils d'un service \u00e0 la hauteur de leur qualit\u00e9. De notre \u00e9quipe r\u00e9active \u00e0 nos d\u00e9lais de livraison rapides et \u00e0 nos tests de qualit\u00e9 \u00e0 toute \u00e9preuve, nous sommes l\u00e0 pour nous assurer que vous disposez de ce dont vous avez besoin pour r\u00e9ussir.<\/p>\n<p class=\"whitespace-pre-wrap break-words\">En vous associant \u00e0 H&amp;F, vous obtiendrez plus que des tendeurs - vous obtiendrez une \u00e9quipe qui comprend ce qui est en jeu dans votre travail. Construisons ensemble quelque chose de grand.<\/p>","protected":false},"excerpt":{"rendered":"<p>Le tendeur \u00e0 b\u00e9ton est un accessoire essentiel dans la plupart des projets de construction et est principalement utilis\u00e9 avec les syst\u00e8mes de coffrage pour assurer la stabilit\u00e9 et l'alignement. Chez H&amp;F, nous comprenons que la qualit\u00e9, la durabilit\u00e9 et la facilit\u00e9 d'utilisation sont les principales pr\u00e9occupations des acheteurs. Afin de r\u00e9pondre \u00e0 cet engagement d'excellence, nous fournissons un service client personnalis\u00e9, un cycle de livraison rapide et un rapport d'inspection de qualit\u00e9 complet avec nos accessoires pour b\u00e9ton \u00e0 ridelles. Vous pouvez \u00eatre assur\u00e9 que nos produits r\u00e9pondent aux normes les plus exigeantes de l'industrie tout en offrant un rapport qualit\u00e9-prix exceptionnel.<\/p>","protected":false},"featured_media":8746,"comment_status":"open","ping_status":"closed","template":"","meta":{"site-sidebar-layout":"default","site-content-layout":"","ast-site-content-layout":"default","site-content-style":"default","site-sidebar-style":"default","ast-global-header-display":"","ast-banner-title-visibility":"","ast-main-header-display":"","ast-hfb-above-header-display":"","ast-hfb-below-header-display":"","ast-hfb-mobile-header-display":"","site-post-title":"","ast-breadcrumbs-content":"","ast-featured-img":"","footer-sml-layout":"","theme-transparent-header-meta":"default","adv-header-id-meta":"","stick-header-meta":"default","header-above-stick-meta":"","header-main-stick-meta":"","header-below-stick-meta":"","astra-migrate-meta-layouts":"set","ast-page-background-enabled":"default","ast-page-background-meta":{"desktop":{"background-color":"","background-image":"","background-repeat":"repeat","background-position":"center center","background-size":"auto","background-attachment":"scroll","background-type":"","background-media":"","overlay-type":"","overlay-color":"","overlay-opacity":"","overlay-gradient":""},"tablet":{"background-color":"","background-image":"","background-repeat":"repeat","background-position":"center center","background-size":"auto","background-attachment":"scroll","background-type":"","background-media":"","overlay-type":"","overlay-color":"","overlay-opacity":"","overlay-gradient":""},"mobile":{"background-color":"","background-image":"","background-repeat":"repeat","background-position":"center center","background-size":"auto","background-attachment":"scroll","background-type":"","background-media":"","overlay-type":"","overlay-color":"","overlay-opacity":"","overlay-gradient":""}},"ast-content-background-meta":{"desktop":{"background-color":"var(--ast-global-color-5)","background-image":"","background-repeat":"repeat","background-position":"center center","background-size":"auto","background-attachment":"scroll","background-type":"","background-media":"","overlay-type":"","overlay-color":"","overlay-opacity":"","overlay-gradient":""},"tablet":{"background-color":"var(--ast-global-color-5)","background-image":"","background-repeat":"repeat","background-position":"center center","background-size":"auto","background-attachment":"scroll","background-type":"","background-media":"","overlay-type":"","overlay-color":"","overlay-opacity":"","overlay-gradient":""},"mobile":{"background-color":"var(--ast-global-color-5)","background-image":"","background-repeat":"repeat","background-position":"center center","background-size":"auto","background-attachment":"scroll","background-type":"","background-media":"","overlay-type":"","overlay-color":"","overlay-opacity":"","overlay-gradient":""}}},"product_brand":[],"product_cat":[28],"product_tag":[],"class_list":{"0":"post-8745","1":"product","2":"type-product","3":"status-publish","4":"has-post-thumbnail","6":"product_cat-concrete-forming","7":"desktop-align-left","8":"tablet-align-left","9":"mobile-align-left","10":"ast-product-gallery-layout-horizontal-slider","11":"ast-product-tabs-layout-horizontal","13":"first","14":"instock","15":"shipping-taxable","16":"purchasable","17":"product-type-simple"},"yoast_head":"<!-- This site is optimized with the Yoast SEO plugin v25.2 - https:\/\/yoast.com\/wordpress\/plugins\/seo\/ -->\n<title>Turnbuckle Concrete<\/title>\n<meta name=\"description\" content=\"Turnbuckle concrete is a key accessory in most construction projects and is chiefly applied with formwork systems to make provision for stability and alignment.\" \/>\n<meta name=\"robots\" content=\"index, follow, max-snippet:-1, max-image-preview:large, max-video-preview:-1\" \/>\n<link rel=\"canonical\" href=\"https:\/\/qingdaohf.com\/fr\/produit\/tendeur-en-beton-2\/\" \/>\n<meta property=\"og:locale\" content=\"fr_FR\" \/>\n<meta property=\"og:type\" content=\"article\" \/>\n<meta property=\"og:title\" content=\"Turnbuckle Concrete\" \/>\n<meta property=\"og:description\" content=\"Turnbuckle concrete is a key accessory in most construction projects and is chiefly applied with formwork systems to make provision for stability and alignment.\" \/>\n<meta property=\"og:url\" content=\"https:\/\/qingdaohf.com\/fr\/produit\/tendeur-en-beton-2\/\" \/>\n<meta property=\"og:site_name\" content=\"Concrete Form &amp; Rigging Hardware Supplier\" \/>\n<meta property=\"article:publisher\" content=\"https:\/\/www.facebook.com\/qingdaohf\" \/>\n<meta property=\"article:modified_time\" content=\"2025-11-13T01:02:20+00:00\" \/>\n<meta property=\"og:image\" content=\"https:\/\/qingdaohf.com\/wp-content\/uploads\/2025\/01\/concrete-turnbuckle.jpg\" \/>\n\t<meta property=\"og:image:width\" content=\"1000\" \/>\n\t<meta property=\"og:image:height\" content=\"1000\" \/>\n\t<meta property=\"og:image:type\" content=\"image\/jpeg\" \/>\n<meta name=\"twitter:card\" content=\"summary_large_image\" \/>\n<meta name=\"twitter:label1\" content=\"Dur\u00e9e de lecture estim\u00e9e\" \/>\n\t<meta name=\"twitter:data1\" content=\"5 minutes\" \/>\n<script type=\"application\/ld+json\" class=\"yoast-schema-graph\">{\"@context\":\"https:\/\/schema.org\",\"@graph\":[{\"@type\":\"WebPage\",\"@id\":\"https:\/\/qingdaohf.com\/product\/turnbuckle-concrete\/\",\"url\":\"https:\/\/qingdaohf.com\/product\/turnbuckle-concrete\/\",\"name\":\"Turnbuckle Concrete\",\"isPartOf\":{\"@id\":\"https:\/\/qingdaohf.com\/bg\/#website\"},\"primaryImageOfPage\":{\"@id\":\"https:\/\/qingdaohf.com\/product\/turnbuckle-concrete\/#primaryimage\"},\"image\":{\"@id\":\"https:\/\/qingdaohf.com\/product\/turnbuckle-concrete\/#primaryimage\"},\"thumbnailUrl\":\"https:\/\/qingdaohf.com\/wp-content\/uploads\/2025\/01\/concrete-turnbuckle.jpg\",\"datePublished\":\"2025-01-18T01:22:33+00:00\",\"dateModified\":\"2025-11-13T01:02:20+00:00\",\"description\":\"Turnbuckle concrete is a key accessory in most construction projects and is chiefly applied with formwork systems to make provision for stability and alignment.\",\"breadcrumb\":{\"@id\":\"https:\/\/qingdaohf.com\/product\/turnbuckle-concrete\/#breadcrumb\"},\"inLanguage\":\"fr-FR\",\"potentialAction\":[{\"@type\":\"ReadAction\",\"target\":[\"https:\/\/qingdaohf.com\/product\/turnbuckle-concrete\/\"]}]},{\"@type\":\"ImageObject\",\"inLanguage\":\"fr-FR\",\"@id\":\"https:\/\/qingdaohf.com\/product\/turnbuckle-concrete\/#primaryimage\",\"url\":\"https:\/\/qingdaohf.com\/wp-content\/uploads\/2025\/01\/concrete-turnbuckle.jpg\",\"contentUrl\":\"https:\/\/qingdaohf.com\/wp-content\/uploads\/2025\/01\/concrete-turnbuckle.jpg\",\"width\":1000,\"height\":1000,\"caption\":\"concrete turnbuckle\"},{\"@type\":\"BreadcrumbList\",\"@id\":\"https:\/\/qingdaohf.com\/product\/turnbuckle-concrete\/#breadcrumb\",\"itemListElement\":[{\"@type\":\"ListItem\",\"position\":1,\"name\":\"Home\",\"item\":\"https:\/\/qingdaohf.com\/\"},{\"@type\":\"ListItem\",\"position\":2,\"name\":\"Concrete Forming Accessories and Rigging Hardware\",\"item\":\"https:\/\/qingdaohf.com\/bg\/?page_id=944\"},{\"@type\":\"ListItem\",\"position\":3,\"name\":\"Turnbuckle Concrete\"}]},{\"@type\":\"WebSite\",\"@id\":\"https:\/\/qingdaohf.com\/bg\/#website\",\"url\":\"https:\/\/qingdaohf.com\/bg\/\",\"name\":\"Concrete Form & Rigging Hardware Supplier\",\"description\":\"\",\"publisher\":{\"@id\":\"https:\/\/qingdaohf.com\/bg\/#organization\"},\"potentialAction\":[{\"@type\":\"SearchAction\",\"target\":{\"@type\":\"EntryPoint\",\"urlTemplate\":\"https:\/\/qingdaohf.com\/bg\/?s={search_term_string}\"},\"query-input\":{\"@type\":\"PropertyValueSpecification\",\"valueRequired\":true,\"valueName\":\"search_term_string\"}}],\"inLanguage\":\"fr-FR\"},{\"@type\":\"Organization\",\"@id\":\"https:\/\/qingdaohf.com\/bg\/#organization\",\"name\":\"Qingdao H&F\",\"url\":\"https:\/\/qingdaohf.com\/bg\/\",\"logo\":{\"@type\":\"ImageObject\",\"inLanguage\":\"fr-FR\",\"@id\":\"https:\/\/qingdaohf.com\/bg\/#\/schema\/logo\/image\/\",\"url\":\"https:\/\/qingdaohf.com\/wp-content\/uploads\/2022\/12\/cropped-HF-LOGO.png\",\"contentUrl\":\"https:\/\/qingdaohf.com\/wp-content\/uploads\/2022\/12\/cropped-HF-LOGO.png\",\"width\":391,\"height\":249,\"caption\":\"Qingdao H&F\"},\"image\":{\"@id\":\"https:\/\/qingdaohf.com\/bg\/#\/schema\/logo\/image\/\"},\"sameAs\":[\"https:\/\/www.facebook.com\/qingdaohf\"]}]}<\/script>\n<!-- \/ Yoast SEO plugin. -->","yoast_head_json":{"title":"Turnbuckle Concrete","description":"Turnbuckle concrete is a key accessory in most construction projects and is chiefly applied with formwork systems to make provision for stability and alignment.","robots":{"index":"index","follow":"follow","max-snippet":"max-snippet:-1","max-image-preview":"max-image-preview:large","max-video-preview":"max-video-preview:-1"},"canonical":"https:\/\/qingdaohf.com\/fr\/produit\/tendeur-en-beton-2\/","og_locale":"fr_FR","og_type":"article","og_title":"Turnbuckle Concrete","og_description":"Turnbuckle concrete is a key accessory in most construction projects and is chiefly applied with formwork systems to make provision for stability and alignment.","og_url":"https:\/\/qingdaohf.com\/fr\/produit\/tendeur-en-beton-2\/","og_site_name":"Concrete Form &amp; Rigging Hardware Supplier","article_publisher":"https:\/\/www.facebook.com\/qingdaohf","article_modified_time":"2025-11-13T01:02:20+00:00","og_image":[{"width":1000,"height":1000,"url":"https:\/\/qingdaohf.com\/wp-content\/uploads\/2025\/01\/concrete-turnbuckle.jpg","type":"image\/jpeg"}],"twitter_card":"summary_large_image","twitter_misc":{"Dur\u00e9e de lecture estim\u00e9e":"5 minutes"},"schema":{"@context":"https:\/\/schema.org","@graph":[{"@type":"WebPage","@id":"https:\/\/qingdaohf.com\/product\/turnbuckle-concrete\/","url":"https:\/\/qingdaohf.com\/product\/turnbuckle-concrete\/","name":"Turnbuckle Concrete","isPartOf":{"@id":"https:\/\/qingdaohf.com\/bg\/#website"},"primaryImageOfPage":{"@id":"https:\/\/qingdaohf.com\/product\/turnbuckle-concrete\/#primaryimage"},"image":{"@id":"https:\/\/qingdaohf.com\/product\/turnbuckle-concrete\/#primaryimage"},"thumbnailUrl":"https:\/\/qingdaohf.com\/wp-content\/uploads\/2025\/01\/concrete-turnbuckle.jpg","datePublished":"2025-01-18T01:22:33+00:00","dateModified":"2025-11-13T01:02:20+00:00","description":"Turnbuckle concrete is a key accessory in most construction projects and is chiefly applied with formwork systems to make provision for stability and alignment.","breadcrumb":{"@id":"https:\/\/qingdaohf.com\/product\/turnbuckle-concrete\/#breadcrumb"},"inLanguage":"fr-FR","potentialAction":[{"@type":"ReadAction","target":["https:\/\/qingdaohf.com\/product\/turnbuckle-concrete\/"]}]},{"@type":"ImageObject","inLanguage":"fr-FR","@id":"https:\/\/qingdaohf.com\/product\/turnbuckle-concrete\/#primaryimage","url":"https:\/\/qingdaohf.com\/wp-content\/uploads\/2025\/01\/concrete-turnbuckle.jpg","contentUrl":"https:\/\/qingdaohf.com\/wp-content\/uploads\/2025\/01\/concrete-turnbuckle.jpg","width":1000,"height":1000,"caption":"concrete turnbuckle"},{"@type":"BreadcrumbList","@id":"https:\/\/qingdaohf.com\/product\/turnbuckle-concrete\/#breadcrumb","itemListElement":[{"@type":"ListItem","position":1,"name":"Home","item":"https:\/\/qingdaohf.com\/"},{"@type":"ListItem","position":2,"name":"Concrete Forming Accessories and Rigging Hardware","item":"https:\/\/qingdaohf.com\/bg\/?page_id=944"},{"@type":"ListItem","position":3,"name":"Turnbuckle Concrete"}]},{"@type":"WebSite","@id":"https:\/\/qingdaohf.com\/bg\/#website","url":"https:\/\/qingdaohf.com\/bg\/","name":"Concrete Form & Rigging Hardware Supplier","description":"","publisher":{"@id":"https:\/\/qingdaohf.com\/bg\/#organization"},"potentialAction":[{"@type":"SearchAction","target":{"@type":"EntryPoint","urlTemplate":"https:\/\/qingdaohf.com\/bg\/?s={search_term_string}"},"query-input":{"@type":"PropertyValueSpecification","valueRequired":true,"valueName":"search_term_string"}}],"inLanguage":"fr-FR"},{"@type":"Organization","@id":"https:\/\/qingdaohf.com\/bg\/#organization","name":"Qingdao H&F","url":"https:\/\/qingdaohf.com\/bg\/","logo":{"@type":"ImageObject","inLanguage":"fr-FR","@id":"https:\/\/qingdaohf.com\/bg\/#\/schema\/logo\/image\/","url":"https:\/\/qingdaohf.com\/wp-content\/uploads\/2022\/12\/cropped-HF-LOGO.png","contentUrl":"https:\/\/qingdaohf.com\/wp-content\/uploads\/2022\/12\/cropped-HF-LOGO.png","width":391,"height":249,"caption":"Qingdao H&F"},"image":{"@id":"https:\/\/qingdaohf.com\/bg\/#\/schema\/logo\/image\/"},"sameAs":["https:\/\/www.facebook.com\/qingdaohf"]}]}},"_links":{"self":[{"href":"https:\/\/qingdaohf.com\/fr\/wp-json\/wp\/v2\/product\/8745","targetHints":{"allow":["GET"]}}],"collection":[{"href":"https:\/\/qingdaohf.com\/fr\/wp-json\/wp\/v2\/product"}],"about":[{"href":"https:\/\/qingdaohf.com\/fr\/wp-json\/wp\/v2\/types\/product"}],"replies":[{"embeddable":true,"href":"https:\/\/qingdaohf.com\/fr\/wp-json\/wp\/v2\/comments?post=8745"}],"version-history":[{"count":6,"href":"https:\/\/qingdaohf.com\/fr\/wp-json\/wp\/v2\/product\/8745\/revisions"}],"predecessor-version":[{"id":9137,"href":"https:\/\/qingdaohf.com\/fr\/wp-json\/wp\/v2\/product\/8745\/revisions\/9137"}],"wp:featuredmedia":[{"embeddable":true,"href":"https:\/\/qingdaohf.com\/fr\/wp-json\/wp\/v2\/media\/8746"}],"wp:attachment":[{"href":"https:\/\/qingdaohf.com\/fr\/wp-json\/wp\/v2\/media?parent=8745"}],"wp:term":[{"taxonomy":"product_brand","embeddable":true,"href":"https:\/\/qingdaohf.com\/fr\/wp-json\/wp\/v2\/product_brand?post=8745"},{"taxonomy":"product_cat","embeddable":true,"href":"https:\/\/qingdaohf.com\/fr\/wp-json\/wp\/v2\/product_cat?post=8745"},{"taxonomy":"product_tag","embeddable":true,"href":"https:\/\/qingdaohf.com\/fr\/wp-json\/wp\/v2\/product_tag?post=8745"}],"curies":[{"name":"wp","href":"https:\/\/api.w.org\/{rel}","templated":true}]}}