{"id":2273,"date":"2023-02-17T11:20:42","date_gmt":"2023-02-17T03:20:42","guid":{"rendered":"http:\/\/qingdaohf.com\/?page_id=2273"},"modified":"2023-05-16T15:19:49","modified_gmt":"2023-05-16T07:19:49","slug":"hf-story","status":"publish","type":"page","link":"https:\/\/qingdaohf.com\/hu\/hf-tortenet\/","title":{"rendered":"A H&amp;F t\u00f6rt\u00e9nete"},"content":{"rendered":"<p>A Qingdao H&amp;F Manufacturing Co-operation sikeres c\u00e9g\u00e9nek t\u00f6rt\u00e9nete 2008-ban kezd\u0151dik, amikor Shirley asszony elindult az \u00fatj\u00e1ra, hogy a k\u00f6vetkez\u0151 ter\u00fcleten v\u00e1ljon <a href=\"http:\/\/qingdaohf.com\/hu\/concrete-forming-accessories-and-rigging-hardware\/\" target=\"_blank\" rel=\"noreferrer noopener\">hardver \u00e9s alkotm\u00e1nyos term\u00e9kek<\/a>. <\/p><figure class=\"wp-block-image size-full is-resized\"><img fetchpriority=\"high\" decoding=\"async\" src=\"http:\/\/qingdaohf.com\/wp-content\/uploads\/2022\/12\/cropped-LOGO-1.jpg\" alt=\"\" class=\"wp-image-987\" width=\"256\" height=\"256\" srcset=\"https:\/\/qingdaohf.com\/wp-content\/uploads\/2022\/12\/cropped-LOGO-1.jpg 512w, https:\/\/qingdaohf.com\/wp-content\/uploads\/2022\/12\/cropped-LOGO-1-300x300.jpg 300w, https:\/\/qingdaohf.com\/wp-content\/uploads\/2022\/12\/cropped-LOGO-1-150x150.jpg 150w, https:\/\/qingdaohf.com\/wp-content\/uploads\/2022\/12\/cropped-LOGO-1-100x100.jpg 100w, https:\/\/qingdaohf.com\/wp-content\/uploads\/2022\/12\/cropped-LOGO-1-50x50.jpg 50w, https:\/\/qingdaohf.com\/wp-content\/uploads\/2022\/12\/cropped-LOGO-1-270x270.jpg 270w, https:\/\/qingdaohf.com\/wp-content\/uploads\/2022\/12\/cropped-LOGO-1-192x192.jpg 192w, https:\/\/qingdaohf.com\/wp-content\/uploads\/2022\/12\/cropped-LOGO-1-180x180.jpg 180w, https:\/\/qingdaohf.com\/wp-content\/uploads\/2022\/12\/cropped-LOGO-1-32x32.jpg 32w\" sizes=\"(max-width: 256px) 100vw, 256px\" \/><\/figure><p>A Qingdao Egyetemen diplom\u00e1zott, \u00e9s az \u00e9let\u00e9ben tov\u00e1bbl\u00e9pett a geotudom\u00e1nyok mesterszakos k\u00e9pz\u00e9s\u00e9vel, de a szenved\u00e9lye, hogy az els\u0151 n\u0151i vez\u00e9rigazgat\u00f3 legyen a professzion\u00e1lis betonk\u00e9pz\u0151 tartoz\u00e9kok \u00e9s a gy\u0171r\u0171z\u0151 hardverek ter\u00fclet\u00e9n, csak most kezd\u0151d\u00f6tt, 3 emberb\u0151l ind\u00edtotta el a c\u00e9get, \u00e9s t\u00f6bb milli\u00f3 doll\u00e1ros \u00fczletet hozott l\u00e9tre, ahogy ma \u00e1ll.<\/p><figure class=\"wp-block-image size-large is-resized\"><img decoding=\"async\" src=\"http:\/\/qingdaohf.com\/wp-content\/uploads\/2023\/02\/Shirley-Xu-1024x1024.jpg\" alt=\"Shirley Xu-HF vez\u00e9rigazgat\u00f3\" class=\"wp-image-2004\" width=\"512\" height=\"512\" srcset=\"https:\/\/qingdaohf.com\/wp-content\/uploads\/2023\/02\/Shirley-Xu-1024x1024.jpg 1024w, https:\/\/qingdaohf.com\/wp-content\/uploads\/2023\/02\/Shirley-Xu-500x500.jpg 500w, https:\/\/qingdaohf.com\/wp-content\/uploads\/2023\/02\/Shirley-Xu-100x100.jpg 100w, https:\/\/qingdaohf.com\/wp-content\/uploads\/2023\/02\/Shirley-Xu-1000x1000.jpg 1000w, https:\/\/qingdaohf.com\/wp-content\/uploads\/2023\/02\/Shirley-Xu-300x300.jpg 300w, https:\/\/qingdaohf.com\/wp-content\/uploads\/2023\/02\/Shirley-Xu-150x150.jpg 150w, https:\/\/qingdaohf.com\/wp-content\/uploads\/2023\/02\/Shirley-Xu-768x768.jpg 768w, https:\/\/qingdaohf.com\/wp-content\/uploads\/2023\/02\/Shirley-Xu.jpg 1078w\" sizes=\"(max-width: 512px) 100vw, 512px\" \/><\/figure><p>B\u00fcszke a vil\u00e1gm\u00e9ret\u0171 projektek \u00e9p\u00edt\u00e9s\u00e9ben val\u00f3 k\u00f6zrem\u0171k\u00f6d\u00e9s\u00fcnkre! Am\u00edg vannak h\u00e1zak, irodah\u00e1zak, hidak, kik\u00f6t\u0151k, metr\u00f3k, aut\u00f3p\u00e1ly\u00e1k \u00e9s \u00edgy tov\u00e1bb, addig ezeket a helyeket a mi term\u00e9keinkkel kell meg\u00e9p\u00edteni! Vannak \u00fcgyfeleink a vil\u00e1g minden t\u00e1j\u00e1r\u00f3l a vil\u00e1g minden t\u00e1j\u00e1ra, \u00e9s a vil\u00e1g 500 legjobb v\u00e1llalata egy\u00fcttm\u0171k\u00f6dik, az Egyes\u00fclt \u00c1llamokb\u00f3l sz\u00e1rmaz\u00f3 \u00e9p\u00edt\u0151ipari hardver tartoz\u00e9kok \u00e9s tengeri hardver k\u00f6t\u00e9lzet tartoz\u00e9kok az Egyes\u00fclt \u00c1llamokb\u00f3l a legfejlettebb technol\u00f3gi\u00e1t \u00e9s \u00f6tleteket. <\/p><figure class=\"wp-block-image size-full is-resized\"><img decoding=\"async\" src=\"http:\/\/qingdaohf.com\/wp-content\/uploads\/2022\/12\/HF-factory-2-1.jpg\" alt=\"HF gy\u00e1r\" class=\"wp-image-2189\" width=\"600\" height=\"641\" srcset=\"https:\/\/qingdaohf.com\/wp-content\/uploads\/2022\/12\/HF-factory-2-1.jpg 800w, https:\/\/qingdaohf.com\/wp-content\/uploads\/2022\/12\/HF-factory-2-1-281x300.jpg 281w, https:\/\/qingdaohf.com\/wp-content\/uploads\/2022\/12\/HF-factory-2-1-768x821.jpg 768w, https:\/\/qingdaohf.com\/wp-content\/uploads\/2022\/12\/HF-factory-2-1-600x641.jpg 600w\" sizes=\"(max-width: 600px) 100vw, 600px\" \/><\/figure><p>Az Egyes\u00fclt \u00c1llamokban m\u0171k\u00f6d\u0151 csapatunk \u00e9s ezeknek a v\u00e1llalatoknak a csapata pedig folyamatosan fejlesztenek, innov\u00e1lnak \u00e9s jav\u00edtanak, hogy az \u00fcgyfelek \u00e9s a vil\u00e1g infrastrukt\u00far\u00e1ja tov\u00e1bbra is a legjobb v\u00e1laszt\u00e1st ny\u00fajtsa. Hogy term\u00e9keinket az eg\u00e9sz vil\u00e1gon, m\u00e1r 110 orsz\u00e1gban, hogy v\u00e1s\u00e1rolni \u00fcgyfelek haszn\u00e1lj\u00e1k term\u00e9keinket, \u00e9p\u00edt\u00fcnk egy jobb vil\u00e1got!<\/p>","protected":false},"excerpt":{"rendered":"<p>The story of the successful company Qingdao H&amp;F Manufacturing Co-operation begins from 2008, When Mrs Shirley started her journey for becoming in the field of hardware and constitution products. She graduated from Qingdao University and moved forward in her life by doing a Masters Geo-sciences, But her passion for becoming the first female CEO in [&hellip;]<\/p>","protected":false},"author":1,"featured_media":986,"parent":0,"menu_order":0,"comment_status":"closed","ping_status":"closed","template":"","meta":{"site-sidebar-layout":"default","site-content-layout":"","ast-site-content-layout":"","site-content-style":"default","site-sidebar-style":"default","ast-global-header-display":"","ast-banner-title-visibility":"","ast-main-header-display":"","ast-hfb-above-header-display":"","ast-hfb-below-header-display":"","ast-hfb-mobile-header-display":"","site-post-title":"","ast-breadcrumbs-content":"","ast-featured-img":"disabled","footer-sml-layout":"","theme-transparent-header-meta":"","adv-header-id-meta":"","stick-header-meta":"","header-above-stick-meta":"","header-main-stick-meta":"","header-below-stick-meta":"","astra-migrate-meta-layouts":"default","ast-page-background-enabled":"default","ast-page-background-meta":{"desktop":{"background-color":"","background-image":"","background-repeat":"repeat","background-position":"center center","background-size":"auto","background-attachment":"scroll","background-type":"","background-media":"","overlay-type":"","overlay-color":"","overlay-opacity":"","overlay-gradient":""},"tablet":{"background-color":"","background-image":"","background-repeat":"repeat","background-position":"center center","background-size":"auto","background-attachment":"scroll","background-type":"","background-media":"","overlay-type":"","overlay-color":"","overlay-opacity":"","overlay-gradient":""},"mobile":{"background-color":"","background-image":"","background-repeat":"repeat","background-position":"center center","background-size":"auto","background-attachment":"scroll","background-type":"","background-media":"","overlay-type":"","overlay-color":"","overlay-opacity":"","overlay-gradient":""}},"ast-content-background-meta":{"desktop":{"background-color":"var(--ast-global-color-5)","background-image":"","background-repeat":"repeat","background-position":"center center","background-size":"auto","background-attachment":"scroll","background-type":"","background-media":"","overlay-type":"","overlay-color":"","overlay-opacity":"","overlay-gradient":""},"tablet":{"background-color":"var(--ast-global-color-5)","background-image":"","background-repeat":"repeat","background-position":"center center","background-size":"auto","background-attachment":"scroll","background-type":"","background-media":"","overlay-type":"","overlay-color":"","overlay-opacity":"","overlay-gradient":""},"mobile":{"background-color":"var(--ast-global-color-5)","background-image":"","background-repeat":"repeat","background-position":"center center","background-size":"auto","background-attachment":"scroll","background-type":"","background-media":"","overlay-type":"","overlay-color":"","overlay-opacity":"","overlay-gradient":""}},"footnotes":""},"class_list":["post-2273","page","type-page","status-publish","has-post-thumbnail","hentry"],"yoast_head":"<!-- This site is optimized with the Yoast SEO plugin v25.2 - https:\/\/yoast.com\/wordpress\/plugins\/seo\/ -->\n<title>The Story of our H&amp;F<\/title>\n<meta name=\"description\" content=\"The story of the successful company Qingdao H&amp;F Manufacturing Co-operation begins from 2008, When Mrs Shirley started her journey for becoming in the field of hardware and constitution products.\" \/>\n<meta name=\"robots\" content=\"index, follow, max-snippet:-1, max-image-preview:large, max-video-preview:-1\" \/>\n<link rel=\"canonical\" href=\"https:\/\/qingdaohf.com\/hu\/hf-tortenet\/\" \/>\n<meta property=\"og:locale\" content=\"hu_HU\" \/>\n<meta property=\"og:type\" content=\"article\" \/>\n<meta property=\"og:title\" content=\"The Story of our H&amp;F\" \/>\n<meta property=\"og:description\" content=\"The story of the successful company Qingdao H&amp;F Manufacturing Co-operation begins from 2008, When Mrs Shirley started her journey for becoming in the field of hardware and constitution products.\" \/>\n<meta property=\"og:url\" content=\"https:\/\/qingdaohf.com\/hu\/hf-tortenet\/\" \/>\n<meta property=\"og:site_name\" content=\"Concrete Form &amp; Rigging Hardware Supplier\" \/>\n<meta property=\"article:publisher\" content=\"https:\/\/www.facebook.com\/qingdaohf\" \/>\n<meta property=\"article:modified_time\" content=\"2023-05-16T07:19:49+00:00\" \/>\n<meta property=\"og:image\" content=\"https:\/\/qingdaohf.com\/wp-content\/uploads\/2022\/12\/cropped-LOGO.jpg\" \/>\n\t<meta property=\"og:image:width\" content=\"512\" \/>\n\t<meta property=\"og:image:height\" content=\"512\" \/>\n\t<meta property=\"og:image:type\" content=\"image\/jpeg\" \/>\n<meta name=\"twitter:card\" content=\"summary_large_image\" \/>\n<meta name=\"twitter:label1\" content=\"Becs\u00fclt olvas\u00e1si id\u0151\" \/>\n\t<meta name=\"twitter:data1\" content=\"2 perc\" \/>\n<script type=\"application\/ld+json\" class=\"yoast-schema-graph\">{\"@context\":\"https:\/\/schema.org\",\"@graph\":[{\"@type\":\"WebPage\",\"@id\":\"https:\/\/qingdaohf.com\/hf-story\/\",\"url\":\"https:\/\/qingdaohf.com\/hf-story\/\",\"name\":\"The Story of our H&F\",\"isPartOf\":{\"@id\":\"https:\/\/qingdaohf.com\/bg\/#website\"},\"primaryImageOfPage\":{\"@id\":\"https:\/\/qingdaohf.com\/hf-story\/#primaryimage\"},\"image\":{\"@id\":\"https:\/\/qingdaohf.com\/hf-story\/#primaryimage\"},\"thumbnailUrl\":\"https:\/\/qingdaohf.com\/wp-content\/uploads\/2022\/12\/cropped-LOGO.jpg\",\"datePublished\":\"2023-02-17T03:20:42+00:00\",\"dateModified\":\"2023-05-16T07:19:49+00:00\",\"description\":\"The story of the successful company Qingdao H&F Manufacturing Co-operation begins from 2008, When Mrs Shirley started her journey for becoming in the field of hardware and constitution products.\",\"breadcrumb\":{\"@id\":\"https:\/\/qingdaohf.com\/hf-story\/#breadcrumb\"},\"inLanguage\":\"hu\",\"potentialAction\":[{\"@type\":\"ReadAction\",\"target\":[\"https:\/\/qingdaohf.com\/hf-story\/\"]}]},{\"@type\":\"ImageObject\",\"inLanguage\":\"hu\",\"@id\":\"https:\/\/qingdaohf.com\/hf-story\/#primaryimage\",\"url\":\"https:\/\/qingdaohf.com\/wp-content\/uploads\/2022\/12\/cropped-LOGO.jpg\",\"contentUrl\":\"https:\/\/qingdaohf.com\/wp-content\/uploads\/2022\/12\/cropped-LOGO.jpg\",\"width\":512,\"height\":512},{\"@type\":\"BreadcrumbList\",\"@id\":\"https:\/\/qingdaohf.com\/hf-story\/#breadcrumb\",\"itemListElement\":[{\"@type\":\"ListItem\",\"position\":1,\"name\":\"Home\",\"item\":\"https:\/\/qingdaohf.com\/\"},{\"@type\":\"ListItem\",\"position\":2,\"name\":\"The Story of our H&#038;F\"}]},{\"@type\":\"WebSite\",\"@id\":\"https:\/\/qingdaohf.com\/bg\/#website\",\"url\":\"https:\/\/qingdaohf.com\/bg\/\",\"name\":\"Concrete Form & Rigging Hardware Supplier\",\"description\":\"\",\"publisher\":{\"@id\":\"https:\/\/qingdaohf.com\/bg\/#organization\"},\"potentialAction\":[{\"@type\":\"SearchAction\",\"target\":{\"@type\":\"EntryPoint\",\"urlTemplate\":\"https:\/\/qingdaohf.com\/bg\/?s={search_term_string}\"},\"query-input\":{\"@type\":\"PropertyValueSpecification\",\"valueRequired\":true,\"valueName\":\"search_term_string\"}}],\"inLanguage\":\"hu\"},{\"@type\":\"Organization\",\"@id\":\"https:\/\/qingdaohf.com\/bg\/#organization\",\"name\":\"Qingdao H&F\",\"url\":\"https:\/\/qingdaohf.com\/bg\/\",\"logo\":{\"@type\":\"ImageObject\",\"inLanguage\":\"hu\",\"@id\":\"https:\/\/qingdaohf.com\/bg\/#\/schema\/logo\/image\/\",\"url\":\"https:\/\/qingdaohf.com\/wp-content\/uploads\/2022\/12\/cropped-HF-LOGO.png\",\"contentUrl\":\"https:\/\/qingdaohf.com\/wp-content\/uploads\/2022\/12\/cropped-HF-LOGO.png\",\"width\":391,\"height\":249,\"caption\":\"Qingdao H&F\"},\"image\":{\"@id\":\"https:\/\/qingdaohf.com\/bg\/#\/schema\/logo\/image\/\"},\"sameAs\":[\"https:\/\/www.facebook.com\/qingdaohf\"]}]}<\/script>\n<!-- \/ Yoast SEO plugin. -->","yoast_head_json":{"title":"The Story of our H&F","description":"The story of the successful company Qingdao H&F Manufacturing Co-operation begins from 2008, When Mrs Shirley started her journey for becoming in the field of hardware and constitution products.","robots":{"index":"index","follow":"follow","max-snippet":"max-snippet:-1","max-image-preview":"max-image-preview:large","max-video-preview":"max-video-preview:-1"},"canonical":"https:\/\/qingdaohf.com\/hu\/hf-tortenet\/","og_locale":"hu_HU","og_type":"article","og_title":"The Story of our H&F","og_description":"The story of the successful company Qingdao H&F Manufacturing Co-operation begins from 2008, When Mrs Shirley started her journey for becoming in the field of hardware and constitution products.","og_url":"https:\/\/qingdaohf.com\/hu\/hf-tortenet\/","og_site_name":"Concrete Form &amp; Rigging Hardware Supplier","article_publisher":"https:\/\/www.facebook.com\/qingdaohf","article_modified_time":"2023-05-16T07:19:49+00:00","og_image":[{"width":512,"height":512,"url":"https:\/\/qingdaohf.com\/wp-content\/uploads\/2022\/12\/cropped-LOGO.jpg","type":"image\/jpeg"}],"twitter_card":"summary_large_image","twitter_misc":{"Becs\u00fclt olvas\u00e1si id\u0151":"2 perc"},"schema":{"@context":"https:\/\/schema.org","@graph":[{"@type":"WebPage","@id":"https:\/\/qingdaohf.com\/hf-story\/","url":"https:\/\/qingdaohf.com\/hf-story\/","name":"The Story of our H&F","isPartOf":{"@id":"https:\/\/qingdaohf.com\/bg\/#website"},"primaryImageOfPage":{"@id":"https:\/\/qingdaohf.com\/hf-story\/#primaryimage"},"image":{"@id":"https:\/\/qingdaohf.com\/hf-story\/#primaryimage"},"thumbnailUrl":"https:\/\/qingdaohf.com\/wp-content\/uploads\/2022\/12\/cropped-LOGO.jpg","datePublished":"2023-02-17T03:20:42+00:00","dateModified":"2023-05-16T07:19:49+00:00","description":"The story of the successful company Qingdao H&F Manufacturing Co-operation begins from 2008, When Mrs Shirley started her journey for becoming in the field of hardware and constitution products.","breadcrumb":{"@id":"https:\/\/qingdaohf.com\/hf-story\/#breadcrumb"},"inLanguage":"hu","potentialAction":[{"@type":"ReadAction","target":["https:\/\/qingdaohf.com\/hf-story\/"]}]},{"@type":"ImageObject","inLanguage":"hu","@id":"https:\/\/qingdaohf.com\/hf-story\/#primaryimage","url":"https:\/\/qingdaohf.com\/wp-content\/uploads\/2022\/12\/cropped-LOGO.jpg","contentUrl":"https:\/\/qingdaohf.com\/wp-content\/uploads\/2022\/12\/cropped-LOGO.jpg","width":512,"height":512},{"@type":"BreadcrumbList","@id":"https:\/\/qingdaohf.com\/hf-story\/#breadcrumb","itemListElement":[{"@type":"ListItem","position":1,"name":"Home","item":"https:\/\/qingdaohf.com\/"},{"@type":"ListItem","position":2,"name":"The Story of our H&#038;F"}]},{"@type":"WebSite","@id":"https:\/\/qingdaohf.com\/bg\/#website","url":"https:\/\/qingdaohf.com\/bg\/","name":"Concrete Form & Rigging Hardware Supplier","description":"","publisher":{"@id":"https:\/\/qingdaohf.com\/bg\/#organization"},"potentialAction":[{"@type":"SearchAction","target":{"@type":"EntryPoint","urlTemplate":"https:\/\/qingdaohf.com\/bg\/?s={search_term_string}"},"query-input":{"@type":"PropertyValueSpecification","valueRequired":true,"valueName":"search_term_string"}}],"inLanguage":"hu"},{"@type":"Organization","@id":"https:\/\/qingdaohf.com\/bg\/#organization","name":"Qingdao H&F","url":"https:\/\/qingdaohf.com\/bg\/","logo":{"@type":"ImageObject","inLanguage":"hu","@id":"https:\/\/qingdaohf.com\/bg\/#\/schema\/logo\/image\/","url":"https:\/\/qingdaohf.com\/wp-content\/uploads\/2022\/12\/cropped-HF-LOGO.png","contentUrl":"https:\/\/qingdaohf.com\/wp-content\/uploads\/2022\/12\/cropped-HF-LOGO.png","width":391,"height":249,"caption":"Qingdao H&F"},"image":{"@id":"https:\/\/qingdaohf.com\/bg\/#\/schema\/logo\/image\/"},"sameAs":["https:\/\/www.facebook.com\/qingdaohf"]}]}},"_links":{"self":[{"href":"https:\/\/qingdaohf.com\/hu\/wp-json\/wp\/v2\/pages\/2273","targetHints":{"allow":["GET"]}}],"collection":[{"href":"https:\/\/qingdaohf.com\/hu\/wp-json\/wp\/v2\/pages"}],"about":[{"href":"https:\/\/qingdaohf.com\/hu\/wp-json\/wp\/v2\/types\/page"}],"author":[{"embeddable":true,"href":"https:\/\/qingdaohf.com\/hu\/wp-json\/wp\/v2\/users\/1"}],"replies":[{"embeddable":true,"href":"https:\/\/qingdaohf.com\/hu\/wp-json\/wp\/v2\/comments?post=2273"}],"version-history":[{"count":2,"href":"https:\/\/qingdaohf.com\/hu\/wp-json\/wp\/v2\/pages\/2273\/revisions"}],"predecessor-version":[{"id":2303,"href":"https:\/\/qingdaohf.com\/hu\/wp-json\/wp\/v2\/pages\/2273\/revisions\/2303"}],"wp:featuredmedia":[{"embeddable":true,"href":"https:\/\/qingdaohf.com\/hu\/wp-json\/wp\/v2\/media\/986"}],"wp:attachment":[{"href":"https:\/\/qingdaohf.com\/hu\/wp-json\/wp\/v2\/media?parent=2273"}],"curies":[{"name":"wp","href":"https:\/\/api.w.org\/{rel}","templated":true}]}}