{"id":3,"date":"2022-12-14T08:05:12","date_gmt":"2022-12-14T08:05:12","guid":{"rendered":"http:\/\/qingdaohf.com\/?page_id=3"},"modified":"2025-01-13T11:43:47","modified_gmt":"2025-01-13T03:43:47","slug":"privacy-policy","status":"publish","type":"page","link":"https:\/\/qingdaohf.com\/hu\/adatvedelmi-politika\/","title":{"rendered":"Adatv\u00e9delmi ir\u00e1nyelvek"},"content":{"rendered":"<p>A Qingdao H&amp;F elk\u00f6telezett az \u00d6n mag\u00e1n\u00e9let\u00e9nek tiszteletben tart\u00e1sa \u00e9s v\u00e9delme mellett. Ez az Adatv\u00e9delmi szab\u00e1lyzat ismerteti, hogy hogyan gy\u0171jtj\u00fck, haszn\u00e1ljuk \u00e9s v\u00e9dj\u00fck az \u00d6n szem\u00e9lyes adatait, amikor megl\u00e1togatja a weboldalunkat, <a href=\"https:\/\/qingdaohf.com\/hu\/\">qingdaohf.com<\/a>, \u00e9s hogy gyakorlatunk hogyan felel meg az alkalmazand\u00f3 adatv\u00e9delmi el\u0151\u00edr\u00e1soknak.<\/p><h4 class=\"wp-block-heading\">Kik vagyunk<\/h4><p>Honlapunk, <a href=\"https:\/\/qingdaohf.com\/hu\/\">qingdaohf.com<\/a>, a Qingdao H&amp;F \u00fczemelteti. Az ipari \u00e9s kereskedelmi megold\u00e1sok vezet\u0151 szolg\u00e1ltat\u00f3ja vagyunk, sz\u00e9khely\u00fcnk Qingdao, Shandong, K\u00edna. Kapcsolatba l\u00e9phet vel\u00fcnk a k\u00f6vetkez\u0151 c\u00edmen:<\/p><p><strong>E-mail:<\/strong> <a>info@qingdaohf.com<\/a><br><strong>Telefon:<\/strong> +86 17853296888<br><strong>C\u00edm:<\/strong> 20-B szoba, Huaren International Building, No. 2 Shandong Road, Shinan District, Qingdao City, Shandong Province<\/p><h4 class=\"wp-block-heading\">Milyen szem\u00e9lyes adatokat gy\u0171jt\u00fcnk \u00e9s mi\u00e9rt<\/h4><p>A k\u00f6vetkez\u0151 t\u00edpus\u00fa szem\u00e9lyes adatokat gy\u0171jtj\u00fck:<\/p><ul class=\"wp-block-list\"><li><strong>Szem\u00e9lyes inform\u00e1ci\u00f3k:<\/strong> \u00d6nk\u00e9ntesen megadott adatok, p\u00e9ld\u00e1ul az \u00d6n neve, e-mail c\u00edme, telefonsz\u00e1ma \u00e9s b\u00e1rmely m\u00e1s, \u00d6n \u00e1ltal megadott adat.<\/li>\n\n<li><strong>M\u0171szaki inform\u00e1ci\u00f3k:<\/strong> Automatikusan gy\u0171jt\u00f6tt cookie-k \u00e9s hasonl\u00f3 technol\u00f3gi\u00e1k, p\u00e9ld\u00e1ul az \u00d6n IP-c\u00edme, b\u00f6ng\u00e9sz\u0151j\u00e9nek t\u00edpusa \u00e9s a weboldalunkon megl\u00e1togatott oldalak.<\/li>\n\n<li><strong>Tranzakci\u00f3s adatok:<\/strong> V\u00e1s\u00e1rl\u00e1ssal kapcsolatos megkeres\u00e9sek eset\u00e9n ez mag\u00e1ban foglalhatja a sz\u00e1ml\u00e1z\u00e1si vagy sz\u00e1ll\u00edt\u00e1si adatokat.<\/li>\n\n<li><strong>\u00c9rz\u00e9keny adatok:<\/strong> Sz\u00e1nd\u00e9kosan nem gy\u0171jt\u00fcnk \u00e9rz\u00e9keny szem\u00e9lyes adatokat. Ha ilyen adatokat k\u00f6z\u00f6lnek, azokat fokozott biztons\u00e1ggal \u00e9s bizalmasan kezelj\u00fck.<\/li><\/ul><p><strong>Mi\u00e9rt gy\u0171jtj\u00fck az adatokat:<\/strong><\/p><p>Ezeket az adatokat szolg\u00e1ltat\u00e1saink ny\u00fajt\u00e1sa \u00e9s fejleszt\u00e9se, a felhaszn\u00e1l\u00f3i \u00e9lm\u00e9ny szem\u00e9lyre szab\u00e1sa, a jogi k\u00f6telezetts\u00e9geknek val\u00f3 megfelel\u00e9s \u00e9s a webhely teljes\u00edtm\u00e9ny\u00e9nek elemz\u00e9se \u00e9rdek\u00e9ben gy\u0171jtj\u00fck. Az adatgy\u0171jt\u00e9s akt\u00edv felhaszn\u00e1l\u00f3i hozz\u00e1j\u00e1rul\u00e1son vagy jogszer\u0171 \u00fczleti c\u00e9lokon alapul.<\/p><h4 class=\"wp-block-heading\">Megjegyz\u00e9sek<\/h4><p>Weboldalunk lehet\u0151v\u00e9 teheti a felhaszn\u00e1l\u00f3k sz\u00e1m\u00e1ra, hogy megjegyz\u00e9seket hagyjanak. A hozz\u00e1sz\u00f3l\u00e1sok bek\u00fcld\u00e9sekor a spamek felismer\u00e9s\u00e9nek el\u0151seg\u00edt\u00e9se \u00e9rdek\u00e9ben \u00f6sszegy\u0171jtj\u00fck a hozz\u00e1sz\u00f3l\u00e1si \u0171rlapon felt\u00fcntetett adatokat, valamint a felhaszn\u00e1l\u00f3 IP-c\u00edm\u00e9t \u00e9s a b\u00f6ng\u00e9sz\u0151 user agent stringj\u00e9t.<\/p><h4 class=\"wp-block-heading\">M\u00e9dia<\/h4><p>Ha a felhaszn\u00e1l\u00f3k k\u00e9peket vagy f\u00e1jlokat t\u00f6ltenek fel, ezek nyilv\u00e1nosan hozz\u00e1f\u00e9rhet\u0151k. Javasoljuk a felhaszn\u00e1l\u00f3knak, hogy ne t\u00f6ltsenek fel be\u00e1gyazott helymeghat\u00e1roz\u00f3 adatokat (EXIF GPS) tartalmaz\u00f3 m\u00e9di\u00e1t.<\/p><h4 class=\"wp-block-heading\">Kapcsolat \u0171rlapok<\/h4><p>Amikor a felhaszn\u00e1l\u00f3k kapcsolatfelv\u00e9teli \u0171rlapokat k\u00fcldenek, a megadott adatokat \u00fcgyf\u00e9lszolg\u00e1lati c\u00e9lokra gy\u0171jtj\u00fck. Ezeket az adatokat hat h\u00f3napig \u0151rizz\u00fck meg, \u00e9s kifejezett hozz\u00e1j\u00e1rul\u00e1s n\u00e9lk\u00fcl nem haszn\u00e1ljuk fel marketing c\u00e9lokra.<\/p><h4 class=\"wp-block-heading\">S\u00fctik<\/h4><p>Weboldalunk s\u00fctiket haszn\u00e1l a felhaszn\u00e1l\u00f3i \u00e9lm\u00e9ny fokoz\u00e1sa \u00e9rdek\u00e9ben. A s\u00fctik a k\u00f6vetkez\u0151k lehetnek:<\/p><ul class=\"wp-block-list\"><li><strong>Munkamenet s\u00fctik:<\/strong> A felhaszn\u00e1l\u00f3i munkamenetek fenntart\u00e1sa.<\/li>\n\n<li><strong>Analitikai s\u00fctik:<\/strong> A weboldal haszn\u00e1lati trendjeinek elemz\u00e9se.<\/li>\n\n<li><strong>Hozz\u00e1j\u00e1rul\u00e1s-kezel\u00e9si s\u00fctik:<\/strong> Az \u00d6n adatv\u00e9delmi be\u00e1ll\u00edt\u00e1sainak t\u00e1rol\u00e1sa.<\/li><\/ul><p>A cookie-be\u00e1ll\u00edt\u00e1sokat a b\u00f6ng\u00e9sz\u0151j\u00e9n vagy a hozz\u00e1j\u00e1rul\u00e1skezel\u0151 eszk\u00f6z\u00fcnk\u00f6n kereszt\u00fcl m\u00f3dos\u00edthatja.<\/p><h4 class=\"wp-block-heading\">Analitika<\/h4><p>A Google Analytics szolg\u00e1ltat\u00e1st a felhaszn\u00e1l\u00f3i viselked\u00e9s meg\u00e9rt\u00e9s\u00e9hez \u00e9s weboldalunk fejleszt\u00e9s\u00e9hez haszn\u00e1ljuk. Az \u00f6sszegy\u0171jt\u00f6tt adatokat anonimiz\u00e1ljuk \u00e9s \u00f6sszes\u00edtett\u00fck. A felhaszn\u00e1l\u00f3k a b\u00f6ng\u00e9sz\u0151j\u00fck be\u00e1ll\u00edt\u00e1sain kereszt\u00fcl vagy a Google adatv\u00e9delmi szab\u00e1lyzat\u00e1nak megtekint\u00e9s\u00e9vel lemondhatnak az analitikai nyomon k\u00f6vet\u00e9sr\u0151l.<\/p><h4 class=\"wp-block-heading\">Kivel osztjuk meg az \u00d6n adatait<\/h4><p>Az \u00d6n adatait csak akkor osztjuk meg megb\u00edzhat\u00f3 harmadik felekkel, ha sz\u00fcks\u00e9ges, p\u00e9ld\u00e1ul:<\/p><ul class=\"wp-block-list\"><li>T\u00e1rhelyszolg\u00e1ltat\u00f3k a weboldal \u00fczemeltet\u00e9s\u00e9hez.<\/li>\n\n<li>Fizet\u00e9si feldolgoz\u00f3k a tranzakci\u00f3s szolg\u00e1ltat\u00e1sokhoz.<\/li>\n\n<li>Analitikai szolg\u00e1ltat\u00f3k a teljes\u00edtm\u00e9nyre vonatkoz\u00f3 betekint\u00e9s\u00e9rt.<\/li><\/ul><p>Minden harmadik f\u00e9l szolg\u00e1ltat\u00f3 szigor\u00fa adatv\u00e9delmi el\u0151\u00edr\u00e1soknak tesz eleget. K\u00e9r\u00e9sre el\u00e9rhet\u0151ek az adatv\u00e9delmi ir\u00e1nyelveikre mutat\u00f3 linkek.<\/p><h4 class=\"wp-block-heading\">Mennyi ideig \u0151rizz\u00fck meg az \u00d6n adatait<\/h4><p>Az \u00d6n adatait a c\u00e9l alapj\u00e1n \u0151rizz\u00fck meg:<\/p><ul class=\"wp-block-list\"><li>Kapcsolatfelv\u00e9teli \u0171rlapok: 6 h\u00f3nap.<\/li>\n\n<li>Analitikai adatok: 1 \u00e9v.<\/li>\n\n<li>Tranzakci\u00f3s nyilv\u00e1ntart\u00e1sok: Jogi \u00e9s ellen\u0151rz\u00e9si c\u00e9lokra 10 \u00e9v.<\/li><\/ul><h4 class=\"wp-block-heading\">Az \u00d6n adatai feletti jogai<\/h4><p>A felhaszn\u00e1l\u00f3knak joguk van:<\/p><ul class=\"wp-block-list\"><li>Hozz\u00e1f\u00e9r\u00e9s az adatokhoz \u00e9s azok jav\u00edt\u00e1sa.<\/li>\n\n<li>Adatok t\u00f6rl\u00e9s\u00e9t k\u00e9rheti (kiv\u00e9ve, ha a meg\u0151rz\u00e9s t\u00f6rv\u00e9nyileg k\u00f6telez\u0151).<\/li>\n\n<li>Tiltakoz\u00e1s bizonyos adatkezel\u00e9sek ellen.<\/li>\n\n<li>Adatok fogad\u00e1sa hordozhat\u00f3 form\u00e1tumban.<\/li><\/ul><p>Ezen jogok gyakorl\u00e1s\u00e1hoz k\u00e9rj\u00fck, l\u00e9pjen kapcsolatba vel\u00fcnk a k\u00f6vetkez\u0151 c\u00edmen <a>info@qingdaohf.com<\/a>.<\/p><h4 class=\"wp-block-heading\">Hov\u00e1 ker\u00fclnek az \u00d6n adatai<\/h4><p>Az adatok az Eur\u00f3pai Uni\u00f3n k\u00edv\u00fclre is tov\u00e1bb\u00edthat\u00f3k. Az ilyen adattov\u00e1bb\u00edt\u00e1sok megfelelnek az eur\u00f3pai adatv\u00e9delmi el\u0151\u00edr\u00e1soknak olyan mechanizmusok r\u00e9v\u00e9n, mint a Privacy Shield vagy a szerz\u0151d\u00e9ses meg\u00e1llapod\u00e1sok.<\/p><h4 class=\"wp-block-heading\">Hogyan v\u00e9dj\u00fck az \u00d6n adatait<\/h4><p>Er\u0151s biztons\u00e1gi int\u00e9zked\u00e9seket hajtunk v\u00e9gre, t\u00f6bbek k\u00f6z\u00f6tt:<\/p><ul class=\"wp-block-list\"><li>Az \u00e9rz\u00e9keny adatok titkos\u00edt\u00e1sa.<\/li>\n\n<li>Rendszereink rendszeres ellen\u0151rz\u00e9se.<\/li>\n\n<li>Szem\u00e9lyzeti k\u00e9pz\u00e9s az adatv\u00e9delemr\u0151l.<\/li><\/ul><h4 class=\"wp-block-heading\">Adats\u00e9rt\u00e9si elj\u00e1r\u00e1sok<\/h4><p>Adats\u00e9rt\u00e9s eset\u00e9n a k\u00f6vetkez\u0151 elj\u00e1r\u00e1sokkal rendelkez\u00fcnk:<\/p><ul class=\"wp-block-list\"><li>Azonnali bels\u0151 jelent\u00e9st\u00e9tel.<\/li>\n\n<li>\u00c9rtes\u00edt\u00e9s az \u00e9rintett felhaszn\u00e1l\u00f3knak.<\/li>\n\n<li>Sz\u00fcks\u00e9g eset\u00e9n koordin\u00e1ci\u00f3 a hat\u00f3s\u00e1gokkal.<\/li><\/ul><h4 class=\"wp-block-heading\">Harmadik f\u00e9l adatforr\u00e1sai<\/h4><p>A szolg\u00e1ltat\u00e1sok jav\u00edt\u00e1sa \u00e9rdek\u00e9ben anonimiz\u00e1lt adatokat kaphatunk hirdet\u0151t\u0151l vagy elemz\u0151 szolg\u00e1ltat\u00f3kt\u00f3l. Ezeket az adatokat nem kapcsoljuk azonos\u00edthat\u00f3 szem\u00e9lyekhez.<\/p><h4 class=\"wp-block-heading\">Automatiz\u00e1lt d\u00f6nt\u00e9shozatal<\/h4><p>Weboldalunk nem haszn\u00e1l automatiz\u00e1lt d\u00f6nt\u00e9shozatali vagy profilalkot\u00f3 rendszereket, amelyek hat\u00e1ssal vannak a felhaszn\u00e1l\u00f3k jogaira vagy szabads\u00e1gaira.<\/p><h4 class=\"wp-block-heading\">Szab\u00e1lyoz\u00e1si k\u00f6zz\u00e9t\u00e9teli k\u00f6vetelm\u00e9nyek<\/h4><p>A Qingdao H&amp;F betartja az \u00f6sszes alkalmazand\u00f3 adatv\u00e9delmi \u00e9s adatv\u00e9delemmel kapcsolatos t\u00f6rv\u00e9nyt, bele\u00e9rtve az eur\u00f3pai felhaszn\u00e1l\u00f3kra vonatkoz\u00f3 GDPR-t is.<\/p><h4 class=\"wp-block-heading\">Kapcsolattart\u00e1si inform\u00e1ci\u00f3k<\/h4><p>Adatv\u00e9delemmel kapcsolatos agg\u00e1lyok eset\u00e9n k\u00e9rj\u00fck, forduljon a k\u00f6vetkez\u0151 c\u00edmre:<\/p><p><strong>E-mail:<\/strong> <a>info@qingdaohf.com<\/a><br><strong>Telefon:<\/strong>+86 17853296888<br><strong>C\u00edm:<\/strong> 20-B szoba, Huaren International Building, No. 2 Shandong Road, Shinan District, Qingdao City, Shandong Province<\/p><h4 class=\"wp-block-heading\">Politikai friss\u00edt\u00e9sek<\/h4><p>Fenntartjuk a jogot, hogy a jelen Adatv\u00e9delmi szab\u00e1lyzatot a gyakorlatban vagy a jogi k\u00f6vetelm\u00e9nyekben bek\u00f6vetkezett v\u00e1ltoz\u00e1soknak megfelel\u0151en friss\u00edts\u00fck. A legfrissebb verzi\u00f3 mindig el\u00e9rhet\u0151 lesz ezen az oldalon.<\/p>","protected":false},"excerpt":{"rendered":"<p>At Qingdao H&amp;F, we are committed to respecting and protecting your privacy. This Privacy Policy outlines how we collect, use, and safeguard your personal information when you visit our website, qingdaohf.com, and how our practices comply with applicable privacy regulations. Who We Are Our website, qingdaohf.com, is operated by Qingdao H&amp;F. We are a leading [&hellip;]<\/p>","protected":false},"author":1,"featured_media":0,"parent":0,"menu_order":0,"comment_status":"closed","ping_status":"open","template":"","meta":{"site-sidebar-layout":"default","site-content-layout":"","ast-site-content-layout":"default","site-content-style":"default","site-sidebar-style":"default","ast-global-header-display":"","ast-banner-title-visibility":"","ast-main-header-display":"","ast-hfb-above-header-display":"","ast-hfb-below-header-display":"","ast-hfb-mobile-header-display":"","site-post-title":"","ast-breadcrumbs-content":"","ast-featured-img":"","footer-sml-layout":"","theme-transparent-header-meta":"","adv-header-id-meta":"","stick-header-meta":"","header-above-stick-meta":"","header-main-stick-meta":"","header-below-stick-meta":"","astra-migrate-meta-layouts":"set","ast-page-background-enabled":"default","ast-page-background-meta":{"desktop":{"background-color":"","background-image":"","background-repeat":"repeat","background-position":"center center","background-size":"auto","background-attachment":"scroll","background-type":"","background-media":"","overlay-type":"","overlay-color":"","overlay-opacity":"","overlay-gradient":""},"tablet":{"background-color":"","background-image":"","background-repeat":"repeat","background-position":"center center","background-size":"auto","background-attachment":"scroll","background-type":"","background-media":"","overlay-type":"","overlay-color":"","overlay-opacity":"","overlay-gradient":""},"mobile":{"background-color":"","background-image":"","background-repeat":"repeat","background-position":"center center","background-size":"auto","background-attachment":"scroll","background-type":"","background-media":"","overlay-type":"","overlay-color":"","overlay-opacity":"","overlay-gradient":""}},"ast-content-background-meta":{"desktop":{"background-color":"var(--ast-global-color-5)","background-image":"","background-repeat":"repeat","background-position":"center center","background-size":"auto","background-attachment":"scroll","background-type":"","background-media":"","overlay-type":"","overlay-color":"","overlay-opacity":"","overlay-gradient":""},"tablet":{"background-color":"var(--ast-global-color-5)","background-image":"","background-repeat":"repeat","background-position":"center center","background-size":"auto","background-attachment":"scroll","background-type":"","background-media":"","overlay-type":"","overlay-color":"","overlay-opacity":"","overlay-gradient":""},"mobile":{"background-color":"var(--ast-global-color-5)","background-image":"","background-repeat":"repeat","background-position":"center center","background-size":"auto","background-attachment":"scroll","background-type":"","background-media":"","overlay-type":"","overlay-color":"","overlay-opacity":"","overlay-gradient":""}},"footnotes":""},"class_list":["post-3","page","type-page","status-publish","hentry"],"yoast_head":"<!-- This site is optimized with the Yoast SEO plugin v25.2 - https:\/\/yoast.com\/wordpress\/plugins\/seo\/ -->\n<title>Privacy Policy<\/title>\n<meta name=\"description\" content=\"This Privacy Policy outlines how we collect, use, and safeguard your personal information when you visit our website\" \/>\n<meta name=\"robots\" content=\"index, follow, max-snippet:-1, max-image-preview:large, max-video-preview:-1\" \/>\n<link rel=\"canonical\" href=\"https:\/\/qingdaohf.com\/hu\/informativa-sulla-privacy\/\" \/>\n<meta property=\"og:locale\" content=\"hu_HU\" \/>\n<meta property=\"og:type\" content=\"article\" \/>\n<meta property=\"og:title\" content=\"Privacy Policy\" \/>\n<meta property=\"og:description\" content=\"This Privacy Policy outlines how we collect, use, and safeguard your personal information when you visit our website\" \/>\n<meta property=\"og:url\" content=\"https:\/\/qingdaohf.com\/hu\/informativa-sulla-privacy\/\" \/>\n<meta property=\"og:site_name\" content=\"Concrete Form &amp; Rigging Hardware Supplier\" \/>\n<meta property=\"article:publisher\" content=\"https:\/\/www.facebook.com\/qingdaohf\" \/>\n<meta property=\"article:modified_time\" content=\"2025-01-13T03:43:47+00:00\" \/>\n<meta name=\"twitter:card\" content=\"summary_large_image\" \/>\n<meta name=\"twitter:label1\" content=\"Becs\u00fclt olvas\u00e1si id\u0151\" \/>\n\t<meta name=\"twitter:data1\" content=\"4 perc\" \/>\n<script type=\"application\/ld+json\" class=\"yoast-schema-graph\">{\"@context\":\"https:\/\/schema.org\",\"@graph\":[{\"@type\":\"WebPage\",\"@id\":\"https:\/\/qingdaohf.com\/it\/informativa-sulla-privacy\/\",\"url\":\"https:\/\/qingdaohf.com\/it\/informativa-sulla-privacy\/\",\"name\":\"Privacy Policy\",\"isPartOf\":{\"@id\":\"https:\/\/qingdaohf.com\/bg\/#website\"},\"datePublished\":\"2022-12-14T08:05:12+00:00\",\"dateModified\":\"2025-01-13T03:43:47+00:00\",\"description\":\"This Privacy Policy outlines how we collect, use, and safeguard your personal information when you visit our website\",\"breadcrumb\":{\"@id\":\"https:\/\/qingdaohf.com\/it\/informativa-sulla-privacy\/#breadcrumb\"},\"inLanguage\":\"hu\",\"potentialAction\":[{\"@type\":\"ReadAction\",\"target\":[\"https:\/\/qingdaohf.com\/it\/informativa-sulla-privacy\/\"]}]},{\"@type\":\"BreadcrumbList\",\"@id\":\"https:\/\/qingdaohf.com\/it\/informativa-sulla-privacy\/#breadcrumb\",\"itemListElement\":[{\"@type\":\"ListItem\",\"position\":1,\"name\":\"Home\",\"item\":\"https:\/\/qingdaohf.com\/\"},{\"@type\":\"ListItem\",\"position\":2,\"name\":\"Privacy Policy\"}]},{\"@type\":\"WebSite\",\"@id\":\"https:\/\/qingdaohf.com\/bg\/#website\",\"url\":\"https:\/\/qingdaohf.com\/bg\/\",\"name\":\"Concrete Form & Rigging Hardware Supplier\",\"description\":\"\",\"publisher\":{\"@id\":\"https:\/\/qingdaohf.com\/bg\/#organization\"},\"potentialAction\":[{\"@type\":\"SearchAction\",\"target\":{\"@type\":\"EntryPoint\",\"urlTemplate\":\"https:\/\/qingdaohf.com\/bg\/?s={search_term_string}\"},\"query-input\":{\"@type\":\"PropertyValueSpecification\",\"valueRequired\":true,\"valueName\":\"search_term_string\"}}],\"inLanguage\":\"hu\"},{\"@type\":\"Organization\",\"@id\":\"https:\/\/qingdaohf.com\/bg\/#organization\",\"name\":\"Qingdao H&F\",\"url\":\"https:\/\/qingdaohf.com\/bg\/\",\"logo\":{\"@type\":\"ImageObject\",\"inLanguage\":\"hu\",\"@id\":\"https:\/\/qingdaohf.com\/bg\/#\/schema\/logo\/image\/\",\"url\":\"https:\/\/qingdaohf.com\/wp-content\/uploads\/2022\/12\/cropped-HF-LOGO.png\",\"contentUrl\":\"https:\/\/qingdaohf.com\/wp-content\/uploads\/2022\/12\/cropped-HF-LOGO.png\",\"width\":391,\"height\":249,\"caption\":\"Qingdao H&F\"},\"image\":{\"@id\":\"https:\/\/qingdaohf.com\/bg\/#\/schema\/logo\/image\/\"},\"sameAs\":[\"https:\/\/www.facebook.com\/qingdaohf\"]}]}<\/script>\n<!-- \/ Yoast SEO plugin. -->","yoast_head_json":{"title":"Privacy Policy","description":"This Privacy Policy outlines how we collect, use, and safeguard your personal information when you visit our website","robots":{"index":"index","follow":"follow","max-snippet":"max-snippet:-1","max-image-preview":"max-image-preview:large","max-video-preview":"max-video-preview:-1"},"canonical":"https:\/\/qingdaohf.com\/hu\/informativa-sulla-privacy\/","og_locale":"hu_HU","og_type":"article","og_title":"Privacy Policy","og_description":"This Privacy Policy outlines how we collect, use, and safeguard your personal information when you visit our website","og_url":"https:\/\/qingdaohf.com\/hu\/informativa-sulla-privacy\/","og_site_name":"Concrete Form &amp; Rigging Hardware Supplier","article_publisher":"https:\/\/www.facebook.com\/qingdaohf","article_modified_time":"2025-01-13T03:43:47+00:00","twitter_card":"summary_large_image","twitter_misc":{"Becs\u00fclt olvas\u00e1si id\u0151":"4 perc"},"schema":{"@context":"https:\/\/schema.org","@graph":[{"@type":"WebPage","@id":"https:\/\/qingdaohf.com\/it\/informativa-sulla-privacy\/","url":"https:\/\/qingdaohf.com\/it\/informativa-sulla-privacy\/","name":"Privacy Policy","isPartOf":{"@id":"https:\/\/qingdaohf.com\/bg\/#website"},"datePublished":"2022-12-14T08:05:12+00:00","dateModified":"2025-01-13T03:43:47+00:00","description":"This Privacy Policy outlines how we collect, use, and safeguard your personal information when you visit our website","breadcrumb":{"@id":"https:\/\/qingdaohf.com\/it\/informativa-sulla-privacy\/#breadcrumb"},"inLanguage":"hu","potentialAction":[{"@type":"ReadAction","target":["https:\/\/qingdaohf.com\/it\/informativa-sulla-privacy\/"]}]},{"@type":"BreadcrumbList","@id":"https:\/\/qingdaohf.com\/it\/informativa-sulla-privacy\/#breadcrumb","itemListElement":[{"@type":"ListItem","position":1,"name":"Home","item":"https:\/\/qingdaohf.com\/"},{"@type":"ListItem","position":2,"name":"Privacy Policy"}]},{"@type":"WebSite","@id":"https:\/\/qingdaohf.com\/bg\/#website","url":"https:\/\/qingdaohf.com\/bg\/","name":"Concrete Form & Rigging Hardware Supplier","description":"","publisher":{"@id":"https:\/\/qingdaohf.com\/bg\/#organization"},"potentialAction":[{"@type":"SearchAction","target":{"@type":"EntryPoint","urlTemplate":"https:\/\/qingdaohf.com\/bg\/?s={search_term_string}"},"query-input":{"@type":"PropertyValueSpecification","valueRequired":true,"valueName":"search_term_string"}}],"inLanguage":"hu"},{"@type":"Organization","@id":"https:\/\/qingdaohf.com\/bg\/#organization","name":"Qingdao H&F","url":"https:\/\/qingdaohf.com\/bg\/","logo":{"@type":"ImageObject","inLanguage":"hu","@id":"https:\/\/qingdaohf.com\/bg\/#\/schema\/logo\/image\/","url":"https:\/\/qingdaohf.com\/wp-content\/uploads\/2022\/12\/cropped-HF-LOGO.png","contentUrl":"https:\/\/qingdaohf.com\/wp-content\/uploads\/2022\/12\/cropped-HF-LOGO.png","width":391,"height":249,"caption":"Qingdao H&F"},"image":{"@id":"https:\/\/qingdaohf.com\/bg\/#\/schema\/logo\/image\/"},"sameAs":["https:\/\/www.facebook.com\/qingdaohf"]}]}},"_links":{"self":[{"href":"https:\/\/qingdaohf.com\/hu\/wp-json\/wp\/v2\/pages\/3","targetHints":{"allow":["GET"]}}],"collection":[{"href":"https:\/\/qingdaohf.com\/hu\/wp-json\/wp\/v2\/pages"}],"about":[{"href":"https:\/\/qingdaohf.com\/hu\/wp-json\/wp\/v2\/types\/page"}],"author":[{"embeddable":true,"href":"https:\/\/qingdaohf.com\/hu\/wp-json\/wp\/v2\/users\/1"}],"replies":[{"embeddable":true,"href":"https:\/\/qingdaohf.com\/hu\/wp-json\/wp\/v2\/comments?post=3"}],"version-history":[{"count":5,"href":"https:\/\/qingdaohf.com\/hu\/wp-json\/wp\/v2\/pages\/3\/revisions"}],"predecessor-version":[{"id":8720,"href":"https:\/\/qingdaohf.com\/hu\/wp-json\/wp\/v2\/pages\/3\/revisions\/8720"}],"wp:attachment":[{"href":"https:\/\/qingdaohf.com\/hu\/wp-json\/wp\/v2\/media?parent=3"}],"curies":[{"name":"wp","href":"https:\/\/api.w.org\/{rel}","templated":true}]}}