{"id":1685,"date":"2023-01-12T11:46:18","date_gmt":"2023-01-12T03:46:18","guid":{"rendered":"http:\/\/qingdaohf.com\/?post_type=product&#038;p=1685"},"modified":"2025-11-13T09:06:58","modified_gmt":"2025-11-13T01:06:58","slug":"x-flat-tie","status":"publish","type":"product","link":"https:\/\/qingdaohf.com\/hu\/termek\/x-lapos-nyakkendo\/","title":{"rendered":"Nagy teherb\u00edr\u00e1s\u00fa betonform\u00e1z\u00f3 X Flat Ties"},"content":{"rendered":"<h2>X FLAT nyakkend\u0151<\/h2>\n<p><strong>Precizit\u00e1s \u00e9s megb\u00edzhat\u00f3s\u00e1g: A f\u0151 k\u00f6vetelm\u00e9ny<\/strong><\/p>\n<p><strong>Zsaluzat stabilit\u00e1sa:<\/strong> \u00d6nnek olyan betonoz\u00e1si tartoz\u00e9kokra van sz\u00fcks\u00e9ge, amelyek szil\u00e1rdan r\u00f6gz\u00edtik a zsaluz\u00e1si szerkezeteket, biztos\u00edtva, hogy azok stabilak maradjanak a betonoz\u00e1s sor\u00e1n.<\/p>\n<p><strong>Egys\u00e9ges betonfel\u00fcletek:<\/strong> A sima \u00e9s egyenletes betonfel\u00fcletek el\u00e9r\u00e9se a legfontosabb. Az X FLAT Tie kiv\u00e1l\u00f3an fenntartja a zsaluzat egyenes vonal\u00e1t, garant\u00e1lva a kifog\u00e1stalan, hib\u00e1tlan betonfel\u00fcleteket.<\/p>\n<p><strong>Sokoldal\u00fa alkalmaz\u00e1s:<\/strong> A projektek nagys\u00e1grendje \u00e9s \u00f6sszetetts\u00e9ge v\u00e1ltoz\u00f3. Az X FLAT Tie alkalmazkod\u00f3k\u00e9pess\u00e9ge \u00e9s k\u00f6nny\u0171 kezelhet\u0151s\u00e9ge sokoldal\u00fa v\u00e1laszt\u00e1ss\u00e1 teszi az X FLAT Tie-t, amely az \u00e9p\u00edt\u00e9si forgat\u00f3k\u00f6nyvek sz\u00e9les sk\u00e1l\u00e1j\u00e1hoz alkalmazkodik.<\/p>\n<h3>Nagy teherb\u00edr\u00e1s\u00fa x lapos nyakkend\u0151<\/h3>\n<h3>Standard x lapos nyakkend\u0151<\/h3>\n<h3>\u00c9kcsavar<\/h3>\n<h3>\u00cdvelt \u00e9kek traight Wedge<\/h3>\n<h3>Qingdao H&amp;F: az \u00d6n partnere a precizit\u00e1sban<\/h3>\n<p><strong>Kiv\u00e1l\u00f3s\u00e1g a v\u00e1s\u00e1rl\u00f3i ig\u00e9nyek kiel\u00e9g\u00edt\u00e9s\u00e9ben<\/strong><\/p>\n<p>A Qingdao H&amp;F a pontoss\u00e1g \u00e9s a min\u0151s\u00e9g bizony\u00edt\u00e9kak\u00e9nt \u00e1ll a betonform\u00e1z\u00f3 tartoz\u00e9kok \u00e9s a k\u00f6t\u00e9lzeti hardverek ter\u00fclet\u00e9n. C\u00e9g\u00fcnk el\u0151nyei t\u00f6k\u00e9letesen illeszkednek az \u00d6n ig\u00e9nyeihez:<\/p>\n<p><strong>Sz\u00e9les m\u00e9rettartom\u00e1ny:<\/strong> B\u00fcszk\u00e9n k\u00edn\u00e1lunk X FLAT nyakkend\u0151ket 4 h\u00fcvelykt\u0151l a leny\u0171g\u00f6z\u0151 48 h\u00fcvelykig terjed\u0151 m\u00e9retekben. Kiterjedt m\u00e9retv\u00e1laszt\u00e9kunk megfelel az \u00e9p\u00edt\u00e9si projektek k\u00fcl\u00f6nb\u00f6z\u0151 ig\u00e9nyeinek, \u00edgy biztos\u00edtva, hogy megtal\u00e1lja az \u00d6n ig\u00e9nyeihez t\u00f6k\u00e9letesen illeszked\u0151 m\u00e9reteket.<\/p>\n<p><strong>Testreszab\u00e1si t\u00e1mogat\u00e1s:<\/strong> Tudjuk, hogy nincs k\u00e9t egyforma projekt. Testreszab\u00e1si lehet\u0151s\u00e9geink lehet\u0151v\u00e9 teszik, hogy term\u00e9keinket pontosan az \u00d6n ig\u00e9nyeihez igaz\u00edtsuk, \u00edgy biztos\u00edtva, hogy azok megfeleljenek az \u00d6n egyedi ig\u00e9nyeinek.<\/p>\n<p><strong>A term\u00e9k el\u00e9rhet\u0151s\u00e9ge:<\/strong> Mivel term\u00e9keinket mindig rakt\u00e1ron tartjuk, a sz\u00fcks\u00e9ges eszk\u00f6z\u00f6k mindig a rendelkez\u00e9s\u00e9re \u00e1llnak, amikor az id\u0151 s\u00fcrget, \u00edgy biztos\u00edtva, hogy projektjei a tervek szerint haladjanak.<\/p>\n<p><strong>Versenyk\u00e9pes \u00e1rk\u00e9pz\u00e9s:<\/strong> Szil\u00e1rdan hisz\u00fcnk abban, hogy a min\u0151s\u00e9gnek nem kell fel\u00e1rral j\u00e1rnia. A versenyk\u00e9pes \u00e1rk\u00e9pz\u00e9s ir\u00e1nti elk\u00f6telezetts\u00e9g\u00fcnk azt jelenti, hogy \u00d6n kiv\u00e9teles \u00e9rt\u00e9ket kap a befektet\u00e9s\u00e9\u00e9rt.<\/p>\n<p><strong>Min\u0151s\u00e9gbiztos\u00edt\u00e1s:<\/strong> Minden X FLAT nyakkend\u0151h\u00f6z mell\u00e9kel\u00fcnk egy min\u0151s\u00e9gellen\u0151rz\u00e9si jelent\u00e9st, amely k\u00e9ts\u00e9gbevonhatatlan bizony\u00edt\u00e9kot ny\u00fajt a min\u0151s\u00e9gre \u00e9s a teljes\u00edtm\u00e9nyre, \u00edgy \u00d6n nyugodt lehet.<\/p>\n<p><strong>Minta el\u00e9rhet\u0151s\u00e9ge:<\/strong> A term\u00e9keink min\u0151s\u00e9g\u00e9be vetett bizalmunk miatt ingyenes mint\u00e1kat k\u00edn\u00e1lunk, \u00edgy \u00d6n els\u0151 k\u00e9zb\u0151l meggy\u0151z\u0151dhet az X FLAT nyakkend\u0151 kiv\u00e1l\u00f3s\u00e1g\u00e1r\u00f3l.<\/p>\n<p><strong>Szem\u00e9lyre szabott szolg\u00e1ltat\u00e1s:<\/strong> T\u00f6bbek vagyunk, mint besz\u00e1ll\u00edt\u00f3k; mi vagyunk az \u00d6n elk\u00f6telezett partnere. Csapatunk szem\u00e9lyre szabott kiszolg\u00e1l\u00e1st ny\u00fajt, \u00e9s a term\u00e9kv\u00e1laszt\u00e1st\u00f3l a v\u00e1s\u00e1rl\u00e1s ut\u00e1ni t\u00e1mogat\u00e1sig minden f\u00e1zisban v\u00e9gigk\u00eds\u00e9ri \u00d6nt.<\/p>\n<p>&nbsp;<\/p>\n<div class=\"ast-oembed-container\" style=\"height: 100%;\"><iframe title=\"X lapos nyakkend\u0151, szabv\u00e1nyos \u00e9kcsavar, kombin\u00e1lt csap, kerek fej\u0171 csap \u00edvelt \u00e9k \u00e9s egyenes \u00e9k\" width=\"500\" height=\"281\" src=\"https:\/\/www.youtube.com\/embed\/RafUudL8gBk?feature=oembed\" frameborder=\"0\" allow=\"accelerometer; autoplay; clipboard-write; encrypted-media; gyroscope; picture-in-picture; web-share\" referrerpolicy=\"strict-origin-when-cross-origin\" allowfullscreen><\/iframe><\/div>","protected":false},"excerpt":{"rendered":"<p>Az X Flat Tie egy nagy teljes\u00edtm\u00e9ny\u0171, tart\u00f3s \u00e9s k\u00f6nnyen haszn\u00e1lhat\u00f3 betonformakieg\u00e9sz\u00edt\u0151. A precizit\u00e1sra tervezve megb\u00edzhat\u00f3 igaz\u00edt\u00e1st \u00e9s biztons\u00e1gos r\u00f6gz\u00edt\u00e9st biztos\u00edt a zsaluzatban.<\/p>\n<p>Az X Flat Tie er\u0151s szak\u00edt\u00f3szil\u00e1rds\u00e1ggal \u00e9s sima fel\u00fclettel rendelkezik a jobb csatlakoz\u00e1s \u00e9rdek\u00e9ben, \u00edgy t\u00f6k\u00e9letes a lakoss\u00e1gi \u00e9s kereskedelmi alkalmaz\u00e1sok sz\u00e9les sk\u00e1l\u00e1j\u00e1hoz.<\/p>\n<p>Teljesen megb\u00edzhat term\u00e9k\u00fcnkben, a Qingdao H &amp; F-t\u0151l sz\u00e1rmaz\u00f3 X Flat Tie-ben, kiv\u00e1l\u00f3s\u00e1g\u00e1\u00e9rt, hossz\u00fa \u00e9lettartam\u00e1\u00e9rt, min\u0151s\u00e9gellen\u0151rz\u00e9si jelent\u00e9s\u00e9\u00e9rt \u00e9s id\u0151ben t\u00f6rt\u00e9n\u0151 sz\u00e1ll\u00edt\u00e1s\u00e1\u00e9rt.<\/p>","protected":false},"featured_media":4700,"comment_status":"open","ping_status":"closed","template":"","meta":{"site-sidebar-layout":"default","site-content-layout":"default","ast-site-content-layout":"default","site-content-style":"default","site-sidebar-style":"default","ast-global-header-display":"","ast-banner-title-visibility":"","ast-main-header-display":"","ast-hfb-above-header-display":"","ast-hfb-below-header-display":"","ast-hfb-mobile-header-display":"","site-post-title":"","ast-breadcrumbs-content":"","ast-featured-img":"","footer-sml-layout":"","theme-transparent-header-meta":"default","adv-header-id-meta":"","stick-header-meta":"default","header-above-stick-meta":"","header-main-stick-meta":"","header-below-stick-meta":"","astra-migrate-meta-layouts":"set","ast-page-background-enabled":"default","ast-page-background-meta":{"desktop":{"background-color":"","background-image":"","background-repeat":"repeat","background-position":"center center","background-size":"auto","background-attachment":"scroll","background-type":"","background-media":"","overlay-type":"","overlay-color":"","overlay-opacity":"","overlay-gradient":""},"tablet":{"background-color":"","background-image":"","background-repeat":"repeat","background-position":"center center","background-size":"auto","background-attachment":"scroll","background-type":"","background-media":"","overlay-type":"","overlay-color":"","overlay-opacity":"","overlay-gradient":""},"mobile":{"background-color":"","background-image":"","background-repeat":"repeat","background-position":"center center","background-size":"auto","background-attachment":"scroll","background-type":"","background-media":"","overlay-type":"","overlay-color":"","overlay-opacity":"","overlay-gradient":""}},"ast-content-background-meta":{"desktop":{"background-color":"var(--ast-global-color-5)","background-image":"","background-repeat":"repeat","background-position":"center center","background-size":"auto","background-attachment":"scroll","background-type":"","background-media":"","overlay-type":"","overlay-color":"","overlay-opacity":"","overlay-gradient":""},"tablet":{"background-color":"var(--ast-global-color-5)","background-image":"","background-repeat":"repeat","background-position":"center center","background-size":"auto","background-attachment":"scroll","background-type":"","background-media":"","overlay-type":"","overlay-color":"","overlay-opacity":"","overlay-gradient":""},"mobile":{"background-color":"var(--ast-global-color-5)","background-image":"","background-repeat":"repeat","background-position":"center center","background-size":"auto","background-attachment":"scroll","background-type":"","background-media":"","overlay-type":"","overlay-color":"","overlay-opacity":"","overlay-gradient":""}}},"product_brand":[],"product_cat":[50,20,64,28],"product_tag":[],"class_list":{"0":"post-1685","1":"product","2":"type-product","3":"status-publish","4":"has-post-thumbnail","6":"product_cat-concrete-form-accessories","7":"product_cat-concrete-wall-tie","8":"product_cat-concrete-flat-tie","9":"product_cat-concrete-forming","10":"desktop-align-left","11":"tablet-align-left","12":"mobile-align-left","13":"ast-product-gallery-layout-horizontal-slider","14":"ast-product-tabs-layout-horizontal","16":"first","17":"instock","18":"shipping-taxable","19":"purchasable","20":"product-type-simple"},"yoast_head":"<!-- This site is optimized with the Yoast SEO plugin v25.2 - https:\/\/yoast.com\/wordpress\/plugins\/seo\/ -->\n<title>Heavy Duty Concrete Forming X Flat Ties<\/title>\n<meta name=\"description\" content=\"X Flat Tie is a vital component in modern construction, offering improved strength, stability, and ease of use in concrete formwork.\" \/>\n<meta name=\"robots\" content=\"index, follow, max-snippet:-1, max-image-preview:large, max-video-preview:-1\" \/>\n<link rel=\"canonical\" href=\"https:\/\/qingdaohf.com\/hu\/termek\/x-lapos-nyakkendo\/\" \/>\n<meta property=\"og:locale\" content=\"hu_HU\" \/>\n<meta property=\"og:type\" content=\"article\" \/>\n<meta property=\"og:title\" content=\"Heavy Duty Concrete Forming X Flat Ties\" \/>\n<meta property=\"og:description\" content=\"X Flat Tie is a vital component in modern construction, offering improved strength, stability, and ease of use in concrete formwork.\" \/>\n<meta property=\"og:url\" content=\"https:\/\/qingdaohf.com\/hu\/termek\/x-lapos-nyakkendo\/\" \/>\n<meta property=\"og:site_name\" content=\"Concrete Form &amp; Rigging Hardware Supplier\" \/>\n<meta property=\"article:publisher\" content=\"https:\/\/www.facebook.com\/qingdaohf\" \/>\n<meta property=\"article:modified_time\" content=\"2025-11-13T01:06:58+00:00\" \/>\n<meta property=\"og:image\" content=\"https:\/\/qingdaohf.com\/wp-content\/uploads\/2023\/01\/X-FLAT-TIE-5.jpg\" \/>\n\t<meta property=\"og:image:width\" content=\"1000\" \/>\n\t<meta property=\"og:image:height\" content=\"1000\" \/>\n\t<meta property=\"og:image:type\" content=\"image\/jpeg\" \/>\n<meta name=\"twitter:card\" content=\"summary_large_image\" \/>\n<meta name=\"twitter:label1\" content=\"Becs\u00fclt olvas\u00e1si id\u0151\" \/>\n\t<meta name=\"twitter:data1\" content=\"2 perc\" \/>\n<script type=\"application\/ld+json\" class=\"yoast-schema-graph\">{\"@context\":\"https:\/\/schema.org\",\"@graph\":[{\"@type\":\"WebPage\",\"@id\":\"https:\/\/qingdaohf.com\/product\/x-flat-tie\/\",\"url\":\"https:\/\/qingdaohf.com\/product\/x-flat-tie\/\",\"name\":\"Heavy Duty Concrete Forming X Flat Ties\",\"isPartOf\":{\"@id\":\"https:\/\/qingdaohf.com\/bg\/#website\"},\"primaryImageOfPage\":{\"@id\":\"https:\/\/qingdaohf.com\/product\/x-flat-tie\/#primaryimage\"},\"image\":{\"@id\":\"https:\/\/qingdaohf.com\/product\/x-flat-tie\/#primaryimage\"},\"thumbnailUrl\":\"https:\/\/qingdaohf.com\/wp-content\/uploads\/2023\/01\/X-FLAT-TIE-5.jpg\",\"datePublished\":\"2023-01-12T03:46:18+00:00\",\"dateModified\":\"2025-11-13T01:06:58+00:00\",\"description\":\"X Flat Tie is a vital component in modern construction, offering improved strength, stability, and ease of use in concrete formwork.\",\"breadcrumb\":{\"@id\":\"https:\/\/qingdaohf.com\/product\/x-flat-tie\/#breadcrumb\"},\"inLanguage\":\"hu\",\"potentialAction\":[{\"@type\":\"ReadAction\",\"target\":[\"https:\/\/qingdaohf.com\/product\/x-flat-tie\/\"]}]},{\"@type\":\"ImageObject\",\"inLanguage\":\"hu\",\"@id\":\"https:\/\/qingdaohf.com\/product\/x-flat-tie\/#primaryimage\",\"url\":\"https:\/\/qingdaohf.com\/wp-content\/uploads\/2023\/01\/X-FLAT-TIE-5.jpg\",\"contentUrl\":\"https:\/\/qingdaohf.com\/wp-content\/uploads\/2023\/01\/X-FLAT-TIE-5.jpg\",\"width\":1000,\"height\":1000,\"caption\":\"X FLAT TIE\"},{\"@type\":\"BreadcrumbList\",\"@id\":\"https:\/\/qingdaohf.com\/product\/x-flat-tie\/#breadcrumb\",\"itemListElement\":[{\"@type\":\"ListItem\",\"position\":1,\"name\":\"Home\",\"item\":\"https:\/\/qingdaohf.com\/\"},{\"@type\":\"ListItem\",\"position\":2,\"name\":\"Concrete Forming Accessories and Rigging Hardware\",\"item\":\"https:\/\/qingdaohf.com\/bg\/?page_id=944\"},{\"@type\":\"ListItem\",\"position\":3,\"name\":\"Heavy Duty Concrete Forming X Flat Ties\"}]},{\"@type\":\"WebSite\",\"@id\":\"https:\/\/qingdaohf.com\/bg\/#website\",\"url\":\"https:\/\/qingdaohf.com\/bg\/\",\"name\":\"Concrete Form & Rigging Hardware Supplier\",\"description\":\"\",\"publisher\":{\"@id\":\"https:\/\/qingdaohf.com\/bg\/#organization\"},\"potentialAction\":[{\"@type\":\"SearchAction\",\"target\":{\"@type\":\"EntryPoint\",\"urlTemplate\":\"https:\/\/qingdaohf.com\/bg\/?s={search_term_string}\"},\"query-input\":{\"@type\":\"PropertyValueSpecification\",\"valueRequired\":true,\"valueName\":\"search_term_string\"}}],\"inLanguage\":\"hu\"},{\"@type\":\"Organization\",\"@id\":\"https:\/\/qingdaohf.com\/bg\/#organization\",\"name\":\"Qingdao H&F\",\"url\":\"https:\/\/qingdaohf.com\/bg\/\",\"logo\":{\"@type\":\"ImageObject\",\"inLanguage\":\"hu\",\"@id\":\"https:\/\/qingdaohf.com\/bg\/#\/schema\/logo\/image\/\",\"url\":\"https:\/\/qingdaohf.com\/wp-content\/uploads\/2022\/12\/cropped-HF-LOGO.png\",\"contentUrl\":\"https:\/\/qingdaohf.com\/wp-content\/uploads\/2022\/12\/cropped-HF-LOGO.png\",\"width\":391,\"height\":249,\"caption\":\"Qingdao H&F\"},\"image\":{\"@id\":\"https:\/\/qingdaohf.com\/bg\/#\/schema\/logo\/image\/\"},\"sameAs\":[\"https:\/\/www.facebook.com\/qingdaohf\"]}]}<\/script>\n<!-- \/ Yoast SEO plugin. -->","yoast_head_json":{"title":"Heavy Duty Concrete Forming X Flat Ties","description":"X Flat Tie is a vital component in modern construction, offering improved strength, stability, and ease of use in concrete formwork.","robots":{"index":"index","follow":"follow","max-snippet":"max-snippet:-1","max-image-preview":"max-image-preview:large","max-video-preview":"max-video-preview:-1"},"canonical":"https:\/\/qingdaohf.com\/hu\/termek\/x-lapos-nyakkendo\/","og_locale":"hu_HU","og_type":"article","og_title":"Heavy Duty Concrete Forming X Flat Ties","og_description":"X Flat Tie is a vital component in modern construction, offering improved strength, stability, and ease of use in concrete formwork.","og_url":"https:\/\/qingdaohf.com\/hu\/termek\/x-lapos-nyakkendo\/","og_site_name":"Concrete Form &amp; Rigging Hardware Supplier","article_publisher":"https:\/\/www.facebook.com\/qingdaohf","article_modified_time":"2025-11-13T01:06:58+00:00","og_image":[{"width":1000,"height":1000,"url":"https:\/\/qingdaohf.com\/wp-content\/uploads\/2023\/01\/X-FLAT-TIE-5.jpg","type":"image\/jpeg"}],"twitter_card":"summary_large_image","twitter_misc":{"Becs\u00fclt olvas\u00e1si id\u0151":"2 perc"},"schema":{"@context":"https:\/\/schema.org","@graph":[{"@type":"WebPage","@id":"https:\/\/qingdaohf.com\/product\/x-flat-tie\/","url":"https:\/\/qingdaohf.com\/product\/x-flat-tie\/","name":"Heavy Duty Concrete Forming X Flat Ties","isPartOf":{"@id":"https:\/\/qingdaohf.com\/bg\/#website"},"primaryImageOfPage":{"@id":"https:\/\/qingdaohf.com\/product\/x-flat-tie\/#primaryimage"},"image":{"@id":"https:\/\/qingdaohf.com\/product\/x-flat-tie\/#primaryimage"},"thumbnailUrl":"https:\/\/qingdaohf.com\/wp-content\/uploads\/2023\/01\/X-FLAT-TIE-5.jpg","datePublished":"2023-01-12T03:46:18+00:00","dateModified":"2025-11-13T01:06:58+00:00","description":"X Flat Tie is a vital component in modern construction, offering improved strength, stability, and ease of use in concrete formwork.","breadcrumb":{"@id":"https:\/\/qingdaohf.com\/product\/x-flat-tie\/#breadcrumb"},"inLanguage":"hu","potentialAction":[{"@type":"ReadAction","target":["https:\/\/qingdaohf.com\/product\/x-flat-tie\/"]}]},{"@type":"ImageObject","inLanguage":"hu","@id":"https:\/\/qingdaohf.com\/product\/x-flat-tie\/#primaryimage","url":"https:\/\/qingdaohf.com\/wp-content\/uploads\/2023\/01\/X-FLAT-TIE-5.jpg","contentUrl":"https:\/\/qingdaohf.com\/wp-content\/uploads\/2023\/01\/X-FLAT-TIE-5.jpg","width":1000,"height":1000,"caption":"X FLAT TIE"},{"@type":"BreadcrumbList","@id":"https:\/\/qingdaohf.com\/product\/x-flat-tie\/#breadcrumb","itemListElement":[{"@type":"ListItem","position":1,"name":"Home","item":"https:\/\/qingdaohf.com\/"},{"@type":"ListItem","position":2,"name":"Concrete Forming Accessories and Rigging Hardware","item":"https:\/\/qingdaohf.com\/bg\/?page_id=944"},{"@type":"ListItem","position":3,"name":"Heavy Duty Concrete Forming X Flat Ties"}]},{"@type":"WebSite","@id":"https:\/\/qingdaohf.com\/bg\/#website","url":"https:\/\/qingdaohf.com\/bg\/","name":"Concrete Form & Rigging Hardware Supplier","description":"","publisher":{"@id":"https:\/\/qingdaohf.com\/bg\/#organization"},"potentialAction":[{"@type":"SearchAction","target":{"@type":"EntryPoint","urlTemplate":"https:\/\/qingdaohf.com\/bg\/?s={search_term_string}"},"query-input":{"@type":"PropertyValueSpecification","valueRequired":true,"valueName":"search_term_string"}}],"inLanguage":"hu"},{"@type":"Organization","@id":"https:\/\/qingdaohf.com\/bg\/#organization","name":"Qingdao H&F","url":"https:\/\/qingdaohf.com\/bg\/","logo":{"@type":"ImageObject","inLanguage":"hu","@id":"https:\/\/qingdaohf.com\/bg\/#\/schema\/logo\/image\/","url":"https:\/\/qingdaohf.com\/wp-content\/uploads\/2022\/12\/cropped-HF-LOGO.png","contentUrl":"https:\/\/qingdaohf.com\/wp-content\/uploads\/2022\/12\/cropped-HF-LOGO.png","width":391,"height":249,"caption":"Qingdao H&F"},"image":{"@id":"https:\/\/qingdaohf.com\/bg\/#\/schema\/logo\/image\/"},"sameAs":["https:\/\/www.facebook.com\/qingdaohf"]}]}},"_links":{"self":[{"href":"https:\/\/qingdaohf.com\/hu\/wp-json\/wp\/v2\/product\/1685","targetHints":{"allow":["GET"]}}],"collection":[{"href":"https:\/\/qingdaohf.com\/hu\/wp-json\/wp\/v2\/product"}],"about":[{"href":"https:\/\/qingdaohf.com\/hu\/wp-json\/wp\/v2\/types\/product"}],"replies":[{"embeddable":true,"href":"https:\/\/qingdaohf.com\/hu\/wp-json\/wp\/v2\/comments?post=1685"}],"version-history":[{"count":25,"href":"https:\/\/qingdaohf.com\/hu\/wp-json\/wp\/v2\/product\/1685\/revisions"}],"predecessor-version":[{"id":10249,"href":"https:\/\/qingdaohf.com\/hu\/wp-json\/wp\/v2\/product\/1685\/revisions\/10249"}],"wp:featuredmedia":[{"embeddable":true,"href":"https:\/\/qingdaohf.com\/hu\/wp-json\/wp\/v2\/media\/4700"}],"wp:attachment":[{"href":"https:\/\/qingdaohf.com\/hu\/wp-json\/wp\/v2\/media?parent=1685"}],"wp:term":[{"taxonomy":"product_brand","embeddable":true,"href":"https:\/\/qingdaohf.com\/hu\/wp-json\/wp\/v2\/product_brand?post=1685"},{"taxonomy":"product_cat","embeddable":true,"href":"https:\/\/qingdaohf.com\/hu\/wp-json\/wp\/v2\/product_cat?post=1685"},{"taxonomy":"product_tag","embeddable":true,"href":"https:\/\/qingdaohf.com\/hu\/wp-json\/wp\/v2\/product_tag?post=1685"}],"curies":[{"name":"wp","href":"https:\/\/api.w.org\/{rel}","templated":true}]}}