{"id":1909,"date":"2023-11-24T16:40:58","date_gmt":"2023-11-24T08:40:58","guid":{"rendered":"http:\/\/qingdaohf.com\/?post_type=product&#038;p=1909"},"modified":"2025-11-13T09:04:01","modified_gmt":"2025-11-13T01:04:01","slug":"aluminum-form-tie","status":"publish","type":"product","link":"https:\/\/qingdaohf.com\/hu\/termek\/aluminium-formanyakkendo\/","title":{"rendered":"Alum\u00ednium formanyakkend\u0151 Teljes fali nyakkend\u0151 N\u00e9vleges nyakkend\u0151"},"content":{"rendered":"<h2>Az alum\u00ednium formanyakkordok meg\u00e9rt\u00e9se<\/h2>\n<p>Az alum\u00ednium zsaluk\u00f6t\u0151k n\u00e9lk\u00fcl\u00f6zhetetlenek a betonoz\u00e1si alkalmaz\u00e1sokban, ahol a pontoss\u00e1g \u00e9s a szil\u00e1rds\u00e1g d\u00f6nt\u0151 fontoss\u00e1g\u00fa. A H&amp;F olyan zsaluk\u00f6teleket gy\u00e1rt, amelyek nem hagyj\u00e1k cserben a terepen, \u00e9s a robusztus tart\u00f3ss\u00e1got olyan praktikus jellemz\u0151kkel kombin\u00e1lj\u00e1k, amelyek nem fogj\u00e1k megzavarni a k\u00f6lts\u00e9gvet\u00e9s\u00e9t.<\/p>\n<h3>Az alum\u00ednium formanyakkordok f\u0151 jellemz\u0151i<\/h3>\n<h4>Er\u0151 \u00e9s tart\u00f3ss\u00e1g<\/h4>\n<p>Ezek a k\u00f6t\u0151elemek nem sz\u00f3rakoznak, amikor a szil\u00e1rds\u00e1gr\u00f3l van sz\u00f3 - \u00fagy \u00e9p\u00fclnek, mint a tankok, hogy sziklaszil\u00e1rdan tarts\u00e1k a betonszerkezeteket. Id\u0151j\u00e1r\u00e1s, munka, id\u0151j\u00e1r\u00e1si viszontags\u00e1gok - napr\u00f3l napra teljes\u00edteni fognak.<\/p>\n<h4>K\u00f6nny\u0171 s\u00faly \u00e9s k\u00f6nny\u0171 kezelhet\u0151s\u00e9g<\/h4>\n<p>Azt v\u00e1rhatn\u00e1nk, hogy az izomzat extra s\u00falyt jelent, de ezek a nyakkend\u0151k meglep\u0151en k\u00f6nny\u0171ek. A leg\u00e9nys\u00e9ge gyorsabban \u00e9s hosszabb ideig dolgozhat an\u00e9lk\u00fcl, hogy elhaszn\u00e1l\u00f3dna.<\/p>\n<h3>T\u00edpus\u00fa alum\u00ednium formanyakkordok<\/h3>\n<h4>Teljes nyakkend\u0151k<\/h4>\n<p>A teljes k\u00f6t\u00e9sek a legjobb v\u00e1laszt\u00e1s, ha komoly zsaluzattal van dolga, amely rend\u00edthetetlen t\u00e1mogat\u00e1st \u00e9s teljes\u00edtm\u00e9nyt ig\u00e9nyel.<\/p>\n<h5>A Full Ties alkalmaz\u00e1sai<\/h5>\n<p>Ezek a munkag\u00e9pek olyan nagyszab\u00e1s\u00fa projektekn\u00e9l jelennek meg, ahol a zsaluzatnak hatalmas terheket kell kib\u00edrnia, an\u00e9lk\u00fcl, hogy meginogna.<\/p>\n<h5>A Full Ties el\u0151nyei<\/h5>\n<p>Sz\u00e1m\u00edthat arra, hogy a teljes k\u00f6t\u00e9sek \u00fagy ellen\u00e1llnak a fesz\u00fclts\u00e9gnek, mint a bajnokok, mik\u00f6zben mindent a hely\u00e9n tartanak a kikem\u00e9nyed\u00e9si folyamat sor\u00e1n.<\/p>\n<h4>N\u00e9vleges k\u00f6t\u00e9sek<\/h4>\n<p>A n\u00e9vleges nyakkend\u0151k akkor l\u00e9pnek fel, amikor t\u00f6k\u00e9letes egyens\u00falyra van sz\u00fcks\u00e9ge az er\u0151 \u00e9s a man\u0151verezhet\u0151s\u00e9g k\u00f6z\u00f6tt.<\/p>\n<h5>A n\u00e9vleges k\u00f6t\u00e9sek felhaszn\u00e1l\u00e1sa<\/h5>\n<p>T\u00f6k\u00e9letes kisebb projektekhez vagy b\u00e1rhol, ahol a s\u00falycs\u00f6kkent\u00e9s a megb\u00edzhat\u00f3s\u00e1g fel\u00e1ldoz\u00e1sa n\u00e9lk\u00fcl sz\u00e1m\u00edt.<\/p>\n<h5>A n\u00e9vleges k\u00f6t\u00e9sek el\u0151nyei<\/h5>\n<p>Ezek a nyakkend\u0151k bizony\u00edtj\u00e1k, hogy nincs sz\u00fcks\u00e9g t\u00falzott t\u00e9rfogatra ahhoz, hogy a terepen megb\u00edzhat\u00f3 teljes\u00edtm\u00e9nyt ny\u00fajtson.<\/p>\n<p><img fetchpriority=\"high\" decoding=\"async\" class=\"alignnone wp-image-7054 size-full\" src=\"http:\/\/qingdaohf.com\/wp-content\/uploads\/2023\/11\/aluminum-form-tie.jpg\" alt=\"alum\u00ednium formanyakkend\u0151\" width=\"1005\" height=\"383\" srcset=\"https:\/\/qingdaohf.com\/wp-content\/uploads\/2023\/11\/aluminum-form-tie.jpg 1005w, https:\/\/qingdaohf.com\/wp-content\/uploads\/2023\/11\/aluminum-form-tie-300x114.jpg 300w, https:\/\/qingdaohf.com\/wp-content\/uploads\/2023\/11\/aluminum-form-tie-768x293.jpg 768w, https:\/\/qingdaohf.com\/wp-content\/uploads\/2023\/11\/aluminum-form-tie-18x7.jpg 18w, https:\/\/qingdaohf.com\/wp-content\/uploads\/2023\/11\/aluminum-form-tie-1000x381.jpg 1000w\" sizes=\"(max-width: 1005px) 100vw, 1005px\" \/><\/p>\n<h3>Legfontosabb el\u0151ny\u00f6k \u00e9s min\u0151s\u00e9gbiztos\u00edt\u00e1s<\/h3>\n<h4>Korr\u00f3zi\u00f3\u00e1ll\u00f3s\u00e1g \u00e9s hat\u00e9konys\u00e1g<\/h4>\n<p>B\u00e1rmit is hoz az anyaterm\u00e9szet ezekre a nyakkend\u0151kre - term\u00e9szetes korr\u00f3zi\u00f3\u00e1ll\u00f3s\u00e1guknak k\u00f6sz\u00f6nhet\u0151en a kem\u00e9ny k\u00f6r\u00fclm\u00e9nyek k\u00f6z\u00f6tt is meg\u00e1llj\u00e1k a hely\u00fcket. A k\u00f6nny\u0171szerkezetes kialak\u00edt\u00e1s nem csak a k\u00e9nyelemr\u0151l sz\u00f3l - val\u00f3di hat\u00e9konys\u00e1gn\u00f6veked\u00e9st eredm\u00e9nyez a szerkezeti integrit\u00e1s vesz\u00e9lyeztet\u00e9se n\u00e9lk\u00fcl.<\/p>\n<h4>Min\u0151s\u00e9gellen\u0151rz\u00e9si int\u00e9zked\u00e9sek<\/h4>\n<p>A H&amp;F-n\u00e9l a min\u0151s\u00e9g megsz\u00e1llottjai vagyunk. Minden nyakkend\u0151nket sz\u00e1mos tesztel\u00e9snek vetj\u00fck al\u00e1, hogy pontosan az \u00edg\u00e9reteknek megfelel\u0151en teljes\u00edtsen, amikor a legnagyobb sz\u00fcks\u00e9g van r\u00e1.<\/p>\n<h4>\u00dcgyf\u00e9lszolg\u00e1lati kiv\u00e1l\u00f3s\u00e1g<\/h4>\n<p>Ismerj\u00fck az \u00e9p\u00edt\u0151ipart k\u00edv\u00fcl-bel\u00fcl, \u00e9s csapatunk k\u00f6zvetlen\u00fcl a v\u00e1s\u00e1rl\u00f3kkal dolgozik egy\u00fctt, hogy olyan formanyakkordokat tal\u00e1ljunk, amelyek megfelelnek a projekt egyedi ig\u00e9nyeinek.<\/p>\n<h4>Testreszab\u00e1si lehet\u0151s\u00e9gek<\/h4>\n<p>Minden munk\u00e1nak megvannak a maga saj\u00e1toss\u00e1gai - ez\u00e9rt k\u00edn\u00e1lunk k\u00fcl\u00f6nb\u00f6z\u0151 hossz\u00fas\u00e1g\u00fa \u00e9s \u00e1tm\u00e9r\u0151j\u0171 k\u00f6t\u00e9seket, amelyek z\u00f6kken\u0151mentesen illeszkednek a megl\u00e9v\u0151 zsalurendszerekhez.<\/p>\n<h4>Min\u0151s\u00e9gellen\u0151rz\u00e9si jelent\u00e9sek<\/h4>\n<p>Nincsenek meglepet\u00e9sek - minden egyes t\u00e9telt \u00e1tfog\u00f3 vizsg\u00e1lati adatokkal sz\u00e1ll\u00edtunk, amelyek a szak\u00edt\u00f3szil\u00e1rds\u00e1gt\u00f3l a ny\u00fal\u00e1sig \u00e9s a fel\u00fclet min\u0151s\u00e9g\u00e9ig mindent lefednek.<\/p>\n<h3>Hat\u00e9konys\u00e1g \u00e9s k\u00f6lts\u00e9ghat\u00e9konys\u00e1g<\/h3>\n<p>Az \u00e9p\u00edt\u0151iparban minden a v\u00e9geredm\u00e9nyr\u0151l sz\u00f3l. Az alum\u00edniumk\u00f6tegel\u0151ink a munkaer\u0151k\u00f6lts\u00e9gek \u00e9s a telep\u00edt\u00e9si id\u0151 cs\u00f6kkent\u00e9s\u00e9vel, intelligens, \u00e1ramvonalas tervez\u00e9ssel biztos\u00edtj\u00e1k a c\u00e9lt.<\/p>\n<h2>T\u0171k \u00e9s \u00e9kek<\/h2>\n<p>Az \u00e9p\u00edt\u00e9si gyakorlatban az alum\u00ednium zsaluk\u00f6teleket \u00e1ltal\u00e1ban csapokkal \u00e9s \u00e9kekkel p\u00e1ros\u00edtj\u00e1k, hogy megb\u00edzhat\u00f3 zsalurendszert hozzanak l\u00e9tre. K\u00fcl\u00f6nb\u00f6z\u0151 t\u00edpusokat k\u00edn\u00e1lunk a k\u00fcl\u00f6nb\u00f6z\u0151 projektig\u00e9nyek kiel\u00e9g\u00edt\u00e9s\u00e9re.<\/p>\n<h3>Lapos fej\u0171 csap:<\/h3>\n<p>Biztos\u00edtja a biztons\u00e1gos zsalurendszert s\u00edkbeton kivitelben.<\/p>\n<h3>Kerek fej\u0171 csap:<\/h3>\n<p>Er\u0151s kapcsolatot teremt a zsaluzattal.<\/p>\n<h3>Kombin\u00e1lt t\u0171:<\/h3>\n<p>A lapos \u00e9s a kerek fej\u0171 csapok el\u0151nyeinek \u00f6tv\u00f6z\u00e9se.<\/p>\n<p><img decoding=\"async\" class=\"alignnone size-full wp-image-7055\" src=\"http:\/\/qingdaohf.com\/wp-content\/uploads\/2023\/11\/head-pin.jpg\" alt=\"fejt\u0171\" width=\"1005\" height=\"660\" srcset=\"https:\/\/qingdaohf.com\/wp-content\/uploads\/2023\/11\/head-pin.jpg 1005w, https:\/\/qingdaohf.com\/wp-content\/uploads\/2023\/11\/head-pin-300x197.jpg 300w, https:\/\/qingdaohf.com\/wp-content\/uploads\/2023\/11\/head-pin-768x504.jpg 768w, https:\/\/qingdaohf.com\/wp-content\/uploads\/2023\/11\/head-pin-18x12.jpg 18w, https:\/\/qingdaohf.com\/wp-content\/uploads\/2023\/11\/head-pin-1000x657.jpg 1000w\" sizes=\"(max-width: 1005px) 100vw, 1005px\" \/><\/p>\n<h3>Egyenes \u00e9k:<\/h3>\n<p>A legjobb v\u00e1laszt\u00e1s a legt\u00f6bb zsaluzat be\u00e1ll\u00edt\u00e1s\u00e1hoz.<\/p>\n<h3>\u00cdvelt \u00e9k:<\/h3>\n<p>\u00cdvelt vagy sz\u00f6gletes zsalukonfigur\u00e1ci\u00f3khoz szabva.<\/p>\n<p><img decoding=\"async\" class=\"alignnone size-full wp-image-7056\" src=\"http:\/\/qingdaohf.com\/wp-content\/uploads\/2023\/11\/wall-tie-wedge.jpg\" alt=\"falik\u00f6t\u0151 \u00e9k\" width=\"1005\" height=\"370\" srcset=\"https:\/\/qingdaohf.com\/wp-content\/uploads\/2023\/11\/wall-tie-wedge.jpg 1005w, https:\/\/qingdaohf.com\/wp-content\/uploads\/2023\/11\/wall-tie-wedge-300x110.jpg 300w, https:\/\/qingdaohf.com\/wp-content\/uploads\/2023\/11\/wall-tie-wedge-768x283.jpg 768w, https:\/\/qingdaohf.com\/wp-content\/uploads\/2023\/11\/wall-tie-wedge-18x7.jpg 18w, https:\/\/qingdaohf.com\/wp-content\/uploads\/2023\/11\/wall-tie-wedge-1000x368.jpg 1000w\" sizes=\"(max-width: 1005px) 100vw, 1005px\" \/><\/p>\n<div class=\"table\"><span style=\"font-size: 1.7em; font-weight: bold;\">Fesz\u00fclts\u00e9gi teszt<\/span><\/div>\n<div>\n<div class=\"ast-oembed-container\" style=\"height: 100%;\"><iframe title=\"Teljes nyakkend\u0151fesz\u00edt\u00e9si teszt\" width=\"500\" height=\"281\" src=\"https:\/\/www.youtube.com\/embed\/2m8mtNqa2r8?feature=oembed\" frameborder=\"0\" allow=\"accelerometer; autoplay; clipboard-write; encrypted-media; gyroscope; picture-in-picture; web-share\" referrerpolicy=\"strict-origin-when-cross-origin\" allowfullscreen><\/iframe><\/div>\n<\/div>\n<div>\n<p>Vezet\u0151 gy\u00e1rt\u00f3k\u00e9nt \u00e9s gy\u00e1ri besz\u00e1ll\u00edt\u00f3k\u00e9nt a Qingdao H &amp; F az \u00d6n megb\u00edzhat\u00f3 sz\u00e1ll\u00edt\u00f3ja \u00e9s nagykeresked\u0151je a kiv\u00e1l\u00f3 min\u0151s\u00e9g\u0171 betonoz\u00e1si tartoz\u00e9kok \u00e9s k\u00f6t\u00e9lzet hardverek sz\u00e1m\u00e1ra. 20 \u00e9ves m\u00faltunkkal \u00e9s szak\u00e9rtelm\u00fcnkkel ebben az ipar\u00e1gban b\u00fcszk\u00e9k vagyunk arra, hogy term\u00e9kek sz\u00e9les v\u00e1laszt\u00e9k\u00e1t k\u00edn\u00e1ljuk, bele\u00e9rtve a betonk\u00e9pz\u0151 teljes k\u00f6t\u00e9seket \u00e9s n\u00e9vleges k\u00f6t\u00e9seket.<\/p>\n<p>A beszerz\u00e9si kih\u00edv\u00e1sok megold\u00e1s\u00e1hoz ne keressen tov\u00e1bb a Qingdao H&amp;F-n\u00e9l. A betonoz\u00e1shoz sz\u00fcks\u00e9ges tartoz\u00e9kok \u00e9s szerelv\u00e9nyek \u00e1tfog\u00f3 v\u00e1laszt\u00e9k\u00e1t k\u00edn\u00e1ljuk, \u00e9s mindezek m\u00f6g\u00f6tt k\u00e9t \u00e9vtizedes tapasztalatunk \u00e1ll az ipar\u00e1gban. Ak\u00e1r teljes k\u00f6t\u00e9sekre, n\u00e9vleges k\u00f6t\u00e9sekre, vagy b\u00e1rmely m\u00e1s term\u00e9kre van sz\u00fcks\u00e9ge a katal\u00f3gusunkb\u00f3l, mi gondoskodunk r\u00f3la.<\/p>\n<p><img loading=\"lazy\" decoding=\"async\" class=\"alignnone wp-image-4629\" src=\"http:\/\/qingdaohf.com\/wp-content\/uploads\/2023\/07\/wall-tie.jpg\" alt=\"falik\u00f6t\u0151\" width=\"1200\" height=\"600\" srcset=\"https:\/\/qingdaohf.com\/wp-content\/uploads\/2023\/07\/wall-tie.jpg 800w, https:\/\/qingdaohf.com\/wp-content\/uploads\/2023\/07\/wall-tie-300x150.jpg 300w, https:\/\/qingdaohf.com\/wp-content\/uploads\/2023\/07\/wall-tie-768x384.jpg 768w\" sizes=\"(max-width: 1200px) 100vw, 1200px\" \/><\/p>\n<h2>Mi\u00e9rt v\u00e1lassza a H&amp;F-et az alum\u00ednium formak\u00f6tegek eset\u00e9ben?<\/h2>\n<p>A megb\u00edzhat\u00f3 besz\u00e1ll\u00edt\u00f3 megtal\u00e1l\u00e1sa legal\u00e1bb annyira fontos, mint a megfelel\u0151 term\u00e9k kiv\u00e1laszt\u00e1sa. A k\u00fclkereskedelemben elt\u00f6lt\u00f6tt h\u00fasz \u00e9v megtan\u00edtott minket arra, hogy mire van sz\u00fcks\u00e9ge az \u00e9p\u00edt\u0151ipari szakembereknek a sikerhez.<\/p>\n<h3>Elk\u00f6telezetts\u00e9g a kiv\u00e1l\u00f3s\u00e1g ir\u00e1nt<\/h3>\n<p>A m\u00e9ly piaci ismereteket a min\u0151s\u00e9gre \u00e9s a szolg\u00e1ltat\u00e1sra val\u00f3 rend\u00fcletlen \u00f6sszpontos\u00edt\u00e1ssal \u00f6tv\u00f6zz\u00fck. Ez\u00e9rt b\u00edznak benn\u00fcnk az \u00e9p\u00edt\u0151ipari szakemberek, hogy olyan megold\u00e1sokat ny\u00fajtsunk, amelyek az alapk\u0151let\u00e9telt\u0151l a befejez\u00e9sig teljes\u00edtenek.<\/p>\n<h2>K\u00f6vetkeztet\u00e9s<\/h2>\n<p>A hatalmas infrastruktur\u00e1lis projektekt\u0151l a szer\u00e9ny kereskedelmi \u00e9p\u00edtkez\u00e9sekig az alum\u00ednium formak\u00f6t\u00e9sek csendesen tartj\u00e1k a betonszerkezeteket. A H&amp;F b\u00fcszke arra, hogy az elv\u00e1r\u00e1sokat fel\u00fclm\u00fal\u00f3 k\u00f6t\u0151elemeket sz\u00e1ll\u00edt - \u00edgy \u00e9p\u00edtett\u00fck h\u00edrnev\u00fcnket k\u00e9t \u00e9vtizede.<\/p>\n<\/div>","protected":false},"excerpt":{"rendered":"<p>A zsaluzat ellent\u00e9tes oldalainak \u00f6sszek\u00f6t\u00e9s\u00e9re teljes k\u00f6t\u00e9seket haszn\u00e1lnak. Ezek a beton teljes vastags\u00e1g\u00e1n \u00e1t\u00edvelnek, folyamatos kapcsolatot teremtve a k\u00e9t oldal k\u00f6z\u00f6tt. A teljes k\u00f6t\u00e9sek elengedhetetlenek annak biztos\u00edt\u00e1s\u00e1hoz, hogy a zsaluzat ellen\u00e1lljon a beton nyom\u00e1s\u00e1nak a beton ki\u00f6nt\u00e9se \u00e9s megszil\u00e1rdul\u00e1sa sor\u00e1n. \u00c1ltal\u00e1ban ac\u00e9lb\u00f3l k\u00e9sz\u00fclnek, \u00e9s \u00fagy tervezt\u00e9k \u0151ket, hogy a beton megszil\u00e1rdul\u00e1sa ut\u00e1n k\u00f6nnyen elt\u00e1vol\u00edthat\u00f3k legyenek.<\/p>\n<p>A n\u00e9vleges k\u00f6t\u0151elemek a zsaluzat k\u00e9t oldal\u00e1nak \u00f6sszetart\u00e1s\u00e1ra szolg\u00e1lnak an\u00e9lk\u00fcl, hogy a betonba hatoln\u00e1nak. \u00c1ltal\u00e1ban m\u0171anyagb\u00f3l vagy m\u00e1s nem f\u00e9mes anyagb\u00f3l k\u00e9sz\u00fclnek, \u00e9s olyan helyzetekben haszn\u00e1lj\u00e1k \u0151ket, amikor a betont nem kell teljesen meger\u0151s\u00edteni. A n\u00e9vleges k\u00f6t\u0151elemeket kisebb betonprojektekn\u00e9l, p\u00e9ld\u00e1ul falakn\u00e1l vagy j\u00e1rd\u00e1kn\u00e1l haszn\u00e1lj\u00e1k, ahol a zsaluzat terhel\u00e9se viszonylag alacsony.<\/p>","protected":false},"featured_media":2804,"comment_status":"open","ping_status":"closed","template":"","meta":{"site-sidebar-layout":"default","site-content-layout":"default","ast-site-content-layout":"default","site-content-style":"default","site-sidebar-style":"default","ast-global-header-display":"","ast-banner-title-visibility":"","ast-main-header-display":"","ast-hfb-above-header-display":"","ast-hfb-below-header-display":"","ast-hfb-mobile-header-display":"","site-post-title":"","ast-breadcrumbs-content":"","ast-featured-img":"","footer-sml-layout":"","theme-transparent-header-meta":"default","adv-header-id-meta":"","stick-header-meta":"default","header-above-stick-meta":"","header-main-stick-meta":"","header-below-stick-meta":"","astra-migrate-meta-layouts":"set","ast-page-background-enabled":"default","ast-page-background-meta":{"desktop":{"background-color":"","background-image":"","background-repeat":"repeat","background-position":"center center","background-size":"auto","background-attachment":"scroll","background-type":"","background-media":"","overlay-type":"","overlay-color":"","overlay-opacity":"","overlay-gradient":""},"tablet":{"background-color":"","background-image":"","background-repeat":"repeat","background-position":"center center","background-size":"auto","background-attachment":"scroll","background-type":"","background-media":"","overlay-type":"","overlay-color":"","overlay-opacity":"","overlay-gradient":""},"mobile":{"background-color":"","background-image":"","background-repeat":"repeat","background-position":"center center","background-size":"auto","background-attachment":"scroll","background-type":"","background-media":"","overlay-type":"","overlay-color":"","overlay-opacity":"","overlay-gradient":""}},"ast-content-background-meta":{"desktop":{"background-color":"var(--ast-global-color-5)","background-image":"","background-repeat":"repeat","background-position":"center center","background-size":"auto","background-attachment":"scroll","background-type":"","background-media":"","overlay-type":"","overlay-color":"","overlay-opacity":"","overlay-gradient":""},"tablet":{"background-color":"var(--ast-global-color-5)","background-image":"","background-repeat":"repeat","background-position":"center center","background-size":"auto","background-attachment":"scroll","background-type":"","background-media":"","overlay-type":"","overlay-color":"","overlay-opacity":"","overlay-gradient":""},"mobile":{"background-color":"var(--ast-global-color-5)","background-image":"","background-repeat":"repeat","background-position":"center center","background-size":"auto","background-attachment":"scroll","background-type":"","background-media":"","overlay-type":"","overlay-color":"","overlay-opacity":"","overlay-gradient":""}}},"product_brand":[],"product_cat":[20,65],"product_tag":[],"class_list":{"0":"post-1909","1":"product","2":"type-product","3":"status-publish","4":"has-post-thumbnail","6":"product_cat-concrete-wall-tie","7":"product_cat-aluminum-form-tie","8":"desktop-align-left","9":"tablet-align-left","10":"mobile-align-left","11":"ast-product-gallery-layout-horizontal-slider","12":"ast-product-tabs-layout-horizontal","14":"first","15":"instock","16":"shipping-taxable","17":"purchasable","18":"product-type-simple"},"yoast_head":"<!-- This site is optimized with the Yoast SEO plugin v25.2 - https:\/\/yoast.com\/wordpress\/plugins\/seo\/ -->\n<title>Aluminum Form Tie Full Wall Tie Nominal Tie<\/title>\n<meta name=\"description\" content=\"Aluminum form ties are indispensable tools in concrete construction, ensuring secure placement of aluminum formwork for precise wall formation.\" \/>\n<meta name=\"robots\" content=\"index, follow, max-snippet:-1, max-image-preview:large, max-video-preview:-1\" \/>\n<link rel=\"canonical\" href=\"https:\/\/qingdaohf.com\/hu\/termek\/aluminium-formanyakkendo\/\" \/>\n<meta property=\"og:locale\" content=\"hu_HU\" \/>\n<meta property=\"og:type\" content=\"article\" \/>\n<meta property=\"og:title\" content=\"Aluminum Form Tie Full Wall Tie Nominal Tie\" \/>\n<meta property=\"og:description\" content=\"Aluminum form ties are indispensable tools in concrete construction, ensuring secure placement of aluminum formwork for precise wall formation.\" \/>\n<meta property=\"og:url\" content=\"https:\/\/qingdaohf.com\/hu\/termek\/aluminium-formanyakkendo\/\" \/>\n<meta property=\"og:site_name\" content=\"Concrete Form &amp; Rigging Hardware Supplier\" \/>\n<meta property=\"article:publisher\" content=\"https:\/\/www.facebook.com\/qingdaohf\" \/>\n<meta property=\"article:modified_time\" content=\"2025-11-13T01:04:01+00:00\" \/>\n<meta property=\"og:image\" content=\"https:\/\/qingdaohf.com\/wp-content\/uploads\/2023\/02\/FULL-TIE-3.jpg\" \/>\n\t<meta property=\"og:image:width\" content=\"1000\" \/>\n\t<meta property=\"og:image:height\" content=\"1000\" \/>\n\t<meta property=\"og:image:type\" content=\"image\/jpeg\" \/>\n<meta name=\"twitter:card\" content=\"summary_large_image\" \/>\n<meta name=\"twitter:label1\" content=\"Becs\u00fclt olvas\u00e1si id\u0151\" \/>\n\t<meta name=\"twitter:data1\" content=\"5 perc\" \/>\n<script type=\"application\/ld+json\" class=\"yoast-schema-graph\">{\"@context\":\"https:\/\/schema.org\",\"@graph\":[{\"@type\":\"WebPage\",\"@id\":\"https:\/\/qingdaohf.com\/product\/aluminum-form-tie\/\",\"url\":\"https:\/\/qingdaohf.com\/product\/aluminum-form-tie\/\",\"name\":\"Aluminum Form Tie Full Wall Tie Nominal Tie\",\"isPartOf\":{\"@id\":\"https:\/\/qingdaohf.com\/bg\/#website\"},\"primaryImageOfPage\":{\"@id\":\"https:\/\/qingdaohf.com\/product\/aluminum-form-tie\/#primaryimage\"},\"image\":{\"@id\":\"https:\/\/qingdaohf.com\/product\/aluminum-form-tie\/#primaryimage\"},\"thumbnailUrl\":\"https:\/\/qingdaohf.com\/wp-content\/uploads\/2023\/02\/FULL-TIE-3.jpg\",\"datePublished\":\"2023-11-24T08:40:58+00:00\",\"dateModified\":\"2025-11-13T01:04:01+00:00\",\"description\":\"Aluminum form ties are indispensable tools in concrete construction, ensuring secure placement of aluminum formwork for precise wall formation.\",\"breadcrumb\":{\"@id\":\"https:\/\/qingdaohf.com\/product\/aluminum-form-tie\/#breadcrumb\"},\"inLanguage\":\"hu\",\"potentialAction\":[{\"@type\":\"ReadAction\",\"target\":[\"https:\/\/qingdaohf.com\/product\/aluminum-form-tie\/\"]}]},{\"@type\":\"ImageObject\",\"inLanguage\":\"hu\",\"@id\":\"https:\/\/qingdaohf.com\/product\/aluminum-form-tie\/#primaryimage\",\"url\":\"https:\/\/qingdaohf.com\/wp-content\/uploads\/2023\/02\/FULL-TIE-3.jpg\",\"contentUrl\":\"https:\/\/qingdaohf.com\/wp-content\/uploads\/2023\/02\/FULL-TIE-3.jpg\",\"width\":1000,\"height\":1000,\"caption\":\"FULL TIE\"},{\"@type\":\"BreadcrumbList\",\"@id\":\"https:\/\/qingdaohf.com\/product\/aluminum-form-tie\/#breadcrumb\",\"itemListElement\":[{\"@type\":\"ListItem\",\"position\":1,\"name\":\"Home\",\"item\":\"https:\/\/qingdaohf.com\/\"},{\"@type\":\"ListItem\",\"position\":2,\"name\":\"Concrete Forming Accessories and Rigging Hardware\",\"item\":\"https:\/\/qingdaohf.com\/bg\/?page_id=944\"},{\"@type\":\"ListItem\",\"position\":3,\"name\":\"Aluminum Form Tie Full Wall Tie Nominal Tie\"}]},{\"@type\":\"WebSite\",\"@id\":\"https:\/\/qingdaohf.com\/bg\/#website\",\"url\":\"https:\/\/qingdaohf.com\/bg\/\",\"name\":\"Concrete Form & Rigging Hardware Supplier\",\"description\":\"\",\"publisher\":{\"@id\":\"https:\/\/qingdaohf.com\/bg\/#organization\"},\"potentialAction\":[{\"@type\":\"SearchAction\",\"target\":{\"@type\":\"EntryPoint\",\"urlTemplate\":\"https:\/\/qingdaohf.com\/bg\/?s={search_term_string}\"},\"query-input\":{\"@type\":\"PropertyValueSpecification\",\"valueRequired\":true,\"valueName\":\"search_term_string\"}}],\"inLanguage\":\"hu\"},{\"@type\":\"Organization\",\"@id\":\"https:\/\/qingdaohf.com\/bg\/#organization\",\"name\":\"Qingdao H&F\",\"url\":\"https:\/\/qingdaohf.com\/bg\/\",\"logo\":{\"@type\":\"ImageObject\",\"inLanguage\":\"hu\",\"@id\":\"https:\/\/qingdaohf.com\/bg\/#\/schema\/logo\/image\/\",\"url\":\"https:\/\/qingdaohf.com\/wp-content\/uploads\/2022\/12\/cropped-HF-LOGO.png\",\"contentUrl\":\"https:\/\/qingdaohf.com\/wp-content\/uploads\/2022\/12\/cropped-HF-LOGO.png\",\"width\":391,\"height\":249,\"caption\":\"Qingdao H&F\"},\"image\":{\"@id\":\"https:\/\/qingdaohf.com\/bg\/#\/schema\/logo\/image\/\"},\"sameAs\":[\"https:\/\/www.facebook.com\/qingdaohf\"]}]}<\/script>\n<!-- \/ Yoast SEO plugin. -->","yoast_head_json":{"title":"Aluminum Form Tie Full Wall Tie Nominal Tie","description":"Aluminum form ties are indispensable tools in concrete construction, ensuring secure placement of aluminum formwork for precise wall formation.","robots":{"index":"index","follow":"follow","max-snippet":"max-snippet:-1","max-image-preview":"max-image-preview:large","max-video-preview":"max-video-preview:-1"},"canonical":"https:\/\/qingdaohf.com\/hu\/termek\/aluminium-formanyakkendo\/","og_locale":"hu_HU","og_type":"article","og_title":"Aluminum Form Tie Full Wall Tie Nominal Tie","og_description":"Aluminum form ties are indispensable tools in concrete construction, ensuring secure placement of aluminum formwork for precise wall formation.","og_url":"https:\/\/qingdaohf.com\/hu\/termek\/aluminium-formanyakkendo\/","og_site_name":"Concrete Form &amp; Rigging Hardware Supplier","article_publisher":"https:\/\/www.facebook.com\/qingdaohf","article_modified_time":"2025-11-13T01:04:01+00:00","og_image":[{"width":1000,"height":1000,"url":"https:\/\/qingdaohf.com\/wp-content\/uploads\/2023\/02\/FULL-TIE-3.jpg","type":"image\/jpeg"}],"twitter_card":"summary_large_image","twitter_misc":{"Becs\u00fclt olvas\u00e1si id\u0151":"5 perc"},"schema":{"@context":"https:\/\/schema.org","@graph":[{"@type":"WebPage","@id":"https:\/\/qingdaohf.com\/product\/aluminum-form-tie\/","url":"https:\/\/qingdaohf.com\/product\/aluminum-form-tie\/","name":"Aluminum Form Tie Full Wall Tie Nominal Tie","isPartOf":{"@id":"https:\/\/qingdaohf.com\/bg\/#website"},"primaryImageOfPage":{"@id":"https:\/\/qingdaohf.com\/product\/aluminum-form-tie\/#primaryimage"},"image":{"@id":"https:\/\/qingdaohf.com\/product\/aluminum-form-tie\/#primaryimage"},"thumbnailUrl":"https:\/\/qingdaohf.com\/wp-content\/uploads\/2023\/02\/FULL-TIE-3.jpg","datePublished":"2023-11-24T08:40:58+00:00","dateModified":"2025-11-13T01:04:01+00:00","description":"Aluminum form ties are indispensable tools in concrete construction, ensuring secure placement of aluminum formwork for precise wall formation.","breadcrumb":{"@id":"https:\/\/qingdaohf.com\/product\/aluminum-form-tie\/#breadcrumb"},"inLanguage":"hu","potentialAction":[{"@type":"ReadAction","target":["https:\/\/qingdaohf.com\/product\/aluminum-form-tie\/"]}]},{"@type":"ImageObject","inLanguage":"hu","@id":"https:\/\/qingdaohf.com\/product\/aluminum-form-tie\/#primaryimage","url":"https:\/\/qingdaohf.com\/wp-content\/uploads\/2023\/02\/FULL-TIE-3.jpg","contentUrl":"https:\/\/qingdaohf.com\/wp-content\/uploads\/2023\/02\/FULL-TIE-3.jpg","width":1000,"height":1000,"caption":"FULL TIE"},{"@type":"BreadcrumbList","@id":"https:\/\/qingdaohf.com\/product\/aluminum-form-tie\/#breadcrumb","itemListElement":[{"@type":"ListItem","position":1,"name":"Home","item":"https:\/\/qingdaohf.com\/"},{"@type":"ListItem","position":2,"name":"Concrete Forming Accessories and Rigging Hardware","item":"https:\/\/qingdaohf.com\/bg\/?page_id=944"},{"@type":"ListItem","position":3,"name":"Aluminum Form Tie Full Wall Tie Nominal Tie"}]},{"@type":"WebSite","@id":"https:\/\/qingdaohf.com\/bg\/#website","url":"https:\/\/qingdaohf.com\/bg\/","name":"Concrete Form & Rigging Hardware Supplier","description":"","publisher":{"@id":"https:\/\/qingdaohf.com\/bg\/#organization"},"potentialAction":[{"@type":"SearchAction","target":{"@type":"EntryPoint","urlTemplate":"https:\/\/qingdaohf.com\/bg\/?s={search_term_string}"},"query-input":{"@type":"PropertyValueSpecification","valueRequired":true,"valueName":"search_term_string"}}],"inLanguage":"hu"},{"@type":"Organization","@id":"https:\/\/qingdaohf.com\/bg\/#organization","name":"Qingdao H&F","url":"https:\/\/qingdaohf.com\/bg\/","logo":{"@type":"ImageObject","inLanguage":"hu","@id":"https:\/\/qingdaohf.com\/bg\/#\/schema\/logo\/image\/","url":"https:\/\/qingdaohf.com\/wp-content\/uploads\/2022\/12\/cropped-HF-LOGO.png","contentUrl":"https:\/\/qingdaohf.com\/wp-content\/uploads\/2022\/12\/cropped-HF-LOGO.png","width":391,"height":249,"caption":"Qingdao H&F"},"image":{"@id":"https:\/\/qingdaohf.com\/bg\/#\/schema\/logo\/image\/"},"sameAs":["https:\/\/www.facebook.com\/qingdaohf"]}]}},"_links":{"self":[{"href":"https:\/\/qingdaohf.com\/hu\/wp-json\/wp\/v2\/product\/1909","targetHints":{"allow":["GET"]}}],"collection":[{"href":"https:\/\/qingdaohf.com\/hu\/wp-json\/wp\/v2\/product"}],"about":[{"href":"https:\/\/qingdaohf.com\/hu\/wp-json\/wp\/v2\/types\/product"}],"replies":[{"embeddable":true,"href":"https:\/\/qingdaohf.com\/hu\/wp-json\/wp\/v2\/comments?post=1909"}],"version-history":[{"count":13,"href":"https:\/\/qingdaohf.com\/hu\/wp-json\/wp\/v2\/product\/1909\/revisions"}],"predecessor-version":[{"id":8879,"href":"https:\/\/qingdaohf.com\/hu\/wp-json\/wp\/v2\/product\/1909\/revisions\/8879"}],"wp:featuredmedia":[{"embeddable":true,"href":"https:\/\/qingdaohf.com\/hu\/wp-json\/wp\/v2\/media\/2804"}],"wp:attachment":[{"href":"https:\/\/qingdaohf.com\/hu\/wp-json\/wp\/v2\/media?parent=1909"}],"wp:term":[{"taxonomy":"product_brand","embeddable":true,"href":"https:\/\/qingdaohf.com\/hu\/wp-json\/wp\/v2\/product_brand?post=1909"},{"taxonomy":"product_cat","embeddable":true,"href":"https:\/\/qingdaohf.com\/hu\/wp-json\/wp\/v2\/product_cat?post=1909"},{"taxonomy":"product_tag","embeddable":true,"href":"https:\/\/qingdaohf.com\/hu\/wp-json\/wp\/v2\/product_tag?post=1909"}],"curies":[{"name":"wp","href":"https:\/\/api.w.org\/{rel}","templated":true}]}}