{"id":1981,"date":"2023-02-06T10:51:25","date_gmt":"2023-02-06T02:51:25","guid":{"rendered":"http:\/\/qingdaohf.com\/?post_type=product&#038;p=1981"},"modified":"2025-11-13T09:06:38","modified_gmt":"2025-11-13T01:06:38","slug":"flat-washers","status":"publish","type":"product","link":"https:\/\/qingdaohf.com\/hu\/termek\/lapos-alatetek\/","title":{"rendered":"Kerek lapos al\u00e1t\u00e9tek"},"content":{"rendered":"<p>A kerek lapos al\u00e1t\u00e9tek az \u00e9p\u00edt\u0151ipari projektekben, t\u00f6bbek k\u00f6z\u00f6tt a betonoz\u00e1sban haszn\u00e1lt \u00e1ltal\u00e1nos hardverelemek. Ezek v\u00e9kony, lapos korongok, amelyek k\u00f6z\u00e9pen lyukkal rendelkeznek, amely lehet\u0151v\u00e9 teszi, hogy a csavar vagy csavar f\u00f6l\u00e9 helyezz\u00e9k \u0151ket, hogy a k\u00f6t\u0151elem terhel\u00e9s\u00e9t egyenletesen ossz\u00e1k el a r\u00f6gz\u00edtend\u0151 fel\u00fcleten.<\/p>\n<p>A betonoz\u00e1s sor\u00e1n a kerek lapos al\u00e1t\u00e9teket gyakran haszn\u00e1lj\u00e1k a zsaluzat r\u00f6gz\u00edt\u00e9s\u00e9re a k\u00f6t\u0151rudakkal vagy a tekercsrudakkal egy\u00fctt. Az al\u00e1t\u00e9t seg\u00edt megakad\u00e1lyozni, hogy a k\u00f6t\u0151r\u00fad \u00e1th\u00fazza a zsaluzatot, vagy a betonfel\u00fcletet k\u00e1ros\u00edtsa, mivel a terhel\u00e9st sz\u00e9lesebb ter\u00fcletre ter\u00edti.<\/p>\n<p>A betonoz\u00e1shoz haszn\u00e1lt kerek lapos al\u00e1t\u00e9tek jellemz\u0151en olyan anyagokb\u00f3l k\u00e9sz\u00fclnek, mint az ac\u00e9l vagy a m\u0171anyag, \u00e9s a k\u00fcl\u00f6nb\u00f6z\u0151 alkalmaz\u00e1soknak megfelel\u0151en k\u00fcl\u00f6nb\u00f6z\u0151 m\u00e9retekben \u00e9s vastags\u00e1gban kaphat\u00f3k. Bevonattal vagy horganyzott bevonattal is rendelkezhetnek, hogy tov\u00e1bbi v\u00e9delmet ny\u00fajtsanak a korr\u00f3zi\u00f3 \u00e9s a kop\u00e1s ellen.<\/p>\n<p><img fetchpriority=\"high\" decoding=\"async\" class=\"alignnone size-full wp-image-1982\" src=\"http:\/\/qingdaohf.com\/wp-content\/uploads\/2023\/02\/Flat-Washers-data.png\" alt=\"Lapos al\u00e1t\u00e9tek\" width=\"590\" height=\"427\" srcset=\"https:\/\/qingdaohf.com\/wp-content\/uploads\/2023\/02\/Flat-Washers-data.png 590w, https:\/\/qingdaohf.com\/wp-content\/uploads\/2023\/02\/Flat-Washers-data-300x217.png 300w\" sizes=\"(max-width: 590px) 100vw, 590px\" \/> <img decoding=\"async\" class=\"alignnone size-full wp-image-1983\" src=\"http:\/\/qingdaohf.com\/wp-content\/uploads\/2023\/02\/Flat-Washers.png\" alt=\"Lapos al\u00e1t\u00e9tek\" width=\"295\" height=\"150\" \/><\/p>","protected":false},"excerpt":{"rendered":"<p>A lapos al\u00e1t\u00e9tek minden k\u00f6t\u0151elem n\u00e9lk\u00fcl\u00f6zhetetlen r\u00e9szei. Mivel az anya \u00e9s a csavar vagy csavar k\u00f6z\u00e9 helyezve a t\u00e1vols\u00e1gtart\u00e1st \u00e9s a terhel\u00e9s eloszt\u00e1s\u00e1t szolg\u00e1lj\u00e1k, seg\u00edtenek megel\u0151zni a szerel\u00e9si fel\u00fcletek id\u0151vel bek\u00f6vetkez\u0151 kop\u00e1s\u00e1t \u00e9s torzul\u00e1s\u00e1t.<\/p>","protected":false},"featured_media":4701,"comment_status":"open","ping_status":"closed","template":"","meta":{"site-sidebar-layout":"default","site-content-layout":"default","ast-site-content-layout":"","site-content-style":"default","site-sidebar-style":"default","ast-global-header-display":"","ast-banner-title-visibility":"","ast-main-header-display":"","ast-hfb-above-header-display":"","ast-hfb-below-header-display":"","ast-hfb-mobile-header-display":"","site-post-title":"","ast-breadcrumbs-content":"","ast-featured-img":"","footer-sml-layout":"","theme-transparent-header-meta":"default","adv-header-id-meta":"","stick-header-meta":"default","header-above-stick-meta":"","header-main-stick-meta":"","header-below-stick-meta":"","astra-migrate-meta-layouts":"default","ast-page-background-enabled":"default","ast-page-background-meta":{"desktop":{"background-color":"","background-image":"","background-repeat":"repeat","background-position":"center center","background-size":"auto","background-attachment":"scroll","background-type":"","background-media":"","overlay-type":"","overlay-color":"","overlay-opacity":"","overlay-gradient":""},"tablet":{"background-color":"","background-image":"","background-repeat":"repeat","background-position":"center center","background-size":"auto","background-attachment":"scroll","background-type":"","background-media":"","overlay-type":"","overlay-color":"","overlay-opacity":"","overlay-gradient":""},"mobile":{"background-color":"","background-image":"","background-repeat":"repeat","background-position":"center center","background-size":"auto","background-attachment":"scroll","background-type":"","background-media":"","overlay-type":"","overlay-color":"","overlay-opacity":"","overlay-gradient":""}},"ast-content-background-meta":{"desktop":{"background-color":"var(--ast-global-color-5)","background-image":"","background-repeat":"repeat","background-position":"center center","background-size":"auto","background-attachment":"scroll","background-type":"","background-media":"","overlay-type":"","overlay-color":"","overlay-opacity":"","overlay-gradient":""},"tablet":{"background-color":"var(--ast-global-color-5)","background-image":"","background-repeat":"repeat","background-position":"center center","background-size":"auto","background-attachment":"scroll","background-type":"","background-media":"","overlay-type":"","overlay-color":"","overlay-opacity":"","overlay-gradient":""},"mobile":{"background-color":"var(--ast-global-color-5)","background-image":"","background-repeat":"repeat","background-position":"center center","background-size":"auto","background-attachment":"scroll","background-type":"","background-media":"","overlay-type":"","overlay-color":"","overlay-opacity":"","overlay-gradient":""}}},"product_brand":[],"product_cat":[31],"product_tag":[],"class_list":{"0":"post-1981","1":"product","2":"type-product","3":"status-publish","4":"has-post-thumbnail","6":"product_cat-fasteners","7":"desktop-align-left","8":"tablet-align-left","9":"mobile-align-left","10":"ast-product-gallery-layout-horizontal-slider","11":"ast-product-gallery-with-no-image","12":"ast-product-tabs-layout-horizontal","14":"first","15":"instock","16":"shipping-taxable","17":"purchasable","18":"product-type-simple"},"yoast_head":"<!-- This site is optimized with the Yoast SEO plugin v25.2 - https:\/\/yoast.com\/wordpress\/plugins\/seo\/ -->\n<title>Round Flat Washers<\/title>\n<meta name=\"description\" content=\"Flat washers are an essential part of any fastener assembly. As they serve to incorporate spacing and distribute load when placed between a nut and bolt or screw, they will help prevent wear and distortion of installation surfaces over time.\" \/>\n<meta name=\"robots\" content=\"index, follow, max-snippet:-1, max-image-preview:large, max-video-preview:-1\" \/>\n<link rel=\"canonical\" href=\"https:\/\/qingdaohf.com\/hu\/termek\/lapos-alatetek\/\" \/>\n<meta property=\"og:locale\" content=\"hu_HU\" \/>\n<meta property=\"og:type\" content=\"article\" \/>\n<meta property=\"og:title\" content=\"Round Flat Washers\" \/>\n<meta property=\"og:description\" content=\"Flat washers are an essential part of any fastener assembly. As they serve to incorporate spacing and distribute load when placed between a nut and bolt or screw, they will help prevent wear and distortion of installation surfaces over time.\" \/>\n<meta property=\"og:url\" content=\"https:\/\/qingdaohf.com\/hu\/termek\/lapos-alatetek\/\" \/>\n<meta property=\"og:site_name\" content=\"Concrete Form &amp; Rigging Hardware Supplier\" \/>\n<meta property=\"article:publisher\" content=\"https:\/\/www.facebook.com\/qingdaohf\" \/>\n<meta property=\"article:modified_time\" content=\"2025-11-13T01:06:38+00:00\" \/>\n<meta property=\"og:image\" content=\"https:\/\/qingdaohf.com\/wp-content\/uploads\/2023\/02\/round-washer.jpg\" \/>\n\t<meta property=\"og:image:width\" content=\"800\" \/>\n\t<meta property=\"og:image:height\" content=\"800\" \/>\n\t<meta property=\"og:image:type\" content=\"image\/jpeg\" \/>\n<meta name=\"twitter:card\" content=\"summary_large_image\" \/>\n<meta name=\"twitter:label1\" content=\"Becs\u00fclt olvas\u00e1si id\u0151\" \/>\n\t<meta name=\"twitter:data1\" content=\"2 perc\" \/>\n<script type=\"application\/ld+json\" class=\"yoast-schema-graph\">{\"@context\":\"https:\/\/schema.org\",\"@graph\":[{\"@type\":\"WebPage\",\"@id\":\"https:\/\/qingdaohf.com\/product\/flat-washers\/\",\"url\":\"https:\/\/qingdaohf.com\/product\/flat-washers\/\",\"name\":\"Round Flat Washers\",\"isPartOf\":{\"@id\":\"https:\/\/qingdaohf.com\/bg\/#website\"},\"primaryImageOfPage\":{\"@id\":\"https:\/\/qingdaohf.com\/product\/flat-washers\/#primaryimage\"},\"image\":{\"@id\":\"https:\/\/qingdaohf.com\/product\/flat-washers\/#primaryimage\"},\"thumbnailUrl\":\"https:\/\/qingdaohf.com\/wp-content\/uploads\/2023\/02\/round-washer.jpg\",\"datePublished\":\"2023-02-06T02:51:25+00:00\",\"dateModified\":\"2025-11-13T01:06:38+00:00\",\"description\":\"Flat washers are an essential part of any fastener assembly. As they serve to incorporate spacing and distribute load when placed between a nut and bolt or screw, they will help prevent wear and distortion of installation surfaces over time.\",\"breadcrumb\":{\"@id\":\"https:\/\/qingdaohf.com\/product\/flat-washers\/#breadcrumb\"},\"inLanguage\":\"hu\",\"potentialAction\":[{\"@type\":\"ReadAction\",\"target\":[\"https:\/\/qingdaohf.com\/product\/flat-washers\/\"]}]},{\"@type\":\"ImageObject\",\"inLanguage\":\"hu\",\"@id\":\"https:\/\/qingdaohf.com\/product\/flat-washers\/#primaryimage\",\"url\":\"https:\/\/qingdaohf.com\/wp-content\/uploads\/2023\/02\/round-washer.jpg\",\"contentUrl\":\"https:\/\/qingdaohf.com\/wp-content\/uploads\/2023\/02\/round-washer.jpg\",\"width\":800,\"height\":800,\"caption\":\"round washer\"},{\"@type\":\"BreadcrumbList\",\"@id\":\"https:\/\/qingdaohf.com\/product\/flat-washers\/#breadcrumb\",\"itemListElement\":[{\"@type\":\"ListItem\",\"position\":1,\"name\":\"Home\",\"item\":\"https:\/\/qingdaohf.com\/\"},{\"@type\":\"ListItem\",\"position\":2,\"name\":\"Concrete Forming Accessories and Rigging Hardware\",\"item\":\"https:\/\/qingdaohf.com\/bg\/?page_id=944\"},{\"@type\":\"ListItem\",\"position\":3,\"name\":\"Round Flat Washers\"}]},{\"@type\":\"WebSite\",\"@id\":\"https:\/\/qingdaohf.com\/bg\/#website\",\"url\":\"https:\/\/qingdaohf.com\/bg\/\",\"name\":\"Concrete Form & Rigging Hardware Supplier\",\"description\":\"\",\"publisher\":{\"@id\":\"https:\/\/qingdaohf.com\/bg\/#organization\"},\"potentialAction\":[{\"@type\":\"SearchAction\",\"target\":{\"@type\":\"EntryPoint\",\"urlTemplate\":\"https:\/\/qingdaohf.com\/bg\/?s={search_term_string}\"},\"query-input\":{\"@type\":\"PropertyValueSpecification\",\"valueRequired\":true,\"valueName\":\"search_term_string\"}}],\"inLanguage\":\"hu\"},{\"@type\":\"Organization\",\"@id\":\"https:\/\/qingdaohf.com\/bg\/#organization\",\"name\":\"Qingdao H&F\",\"url\":\"https:\/\/qingdaohf.com\/bg\/\",\"logo\":{\"@type\":\"ImageObject\",\"inLanguage\":\"hu\",\"@id\":\"https:\/\/qingdaohf.com\/bg\/#\/schema\/logo\/image\/\",\"url\":\"https:\/\/qingdaohf.com\/wp-content\/uploads\/2022\/12\/cropped-HF-LOGO.png\",\"contentUrl\":\"https:\/\/qingdaohf.com\/wp-content\/uploads\/2022\/12\/cropped-HF-LOGO.png\",\"width\":391,\"height\":249,\"caption\":\"Qingdao H&F\"},\"image\":{\"@id\":\"https:\/\/qingdaohf.com\/bg\/#\/schema\/logo\/image\/\"},\"sameAs\":[\"https:\/\/www.facebook.com\/qingdaohf\"]}]}<\/script>\n<!-- \/ Yoast SEO plugin. -->","yoast_head_json":{"title":"Round Flat Washers","description":"Flat washers are an essential part of any fastener assembly. As they serve to incorporate spacing and distribute load when placed between a nut and bolt or screw, they will help prevent wear and distortion of installation surfaces over time.","robots":{"index":"index","follow":"follow","max-snippet":"max-snippet:-1","max-image-preview":"max-image-preview:large","max-video-preview":"max-video-preview:-1"},"canonical":"https:\/\/qingdaohf.com\/hu\/termek\/lapos-alatetek\/","og_locale":"hu_HU","og_type":"article","og_title":"Round Flat Washers","og_description":"Flat washers are an essential part of any fastener assembly. As they serve to incorporate spacing and distribute load when placed between a nut and bolt or screw, they will help prevent wear and distortion of installation surfaces over time.","og_url":"https:\/\/qingdaohf.com\/hu\/termek\/lapos-alatetek\/","og_site_name":"Concrete Form &amp; Rigging Hardware Supplier","article_publisher":"https:\/\/www.facebook.com\/qingdaohf","article_modified_time":"2025-11-13T01:06:38+00:00","og_image":[{"width":800,"height":800,"url":"https:\/\/qingdaohf.com\/wp-content\/uploads\/2023\/02\/round-washer.jpg","type":"image\/jpeg"}],"twitter_card":"summary_large_image","twitter_misc":{"Becs\u00fclt olvas\u00e1si id\u0151":"2 perc"},"schema":{"@context":"https:\/\/schema.org","@graph":[{"@type":"WebPage","@id":"https:\/\/qingdaohf.com\/product\/flat-washers\/","url":"https:\/\/qingdaohf.com\/product\/flat-washers\/","name":"Round Flat Washers","isPartOf":{"@id":"https:\/\/qingdaohf.com\/bg\/#website"},"primaryImageOfPage":{"@id":"https:\/\/qingdaohf.com\/product\/flat-washers\/#primaryimage"},"image":{"@id":"https:\/\/qingdaohf.com\/product\/flat-washers\/#primaryimage"},"thumbnailUrl":"https:\/\/qingdaohf.com\/wp-content\/uploads\/2023\/02\/round-washer.jpg","datePublished":"2023-02-06T02:51:25+00:00","dateModified":"2025-11-13T01:06:38+00:00","description":"Flat washers are an essential part of any fastener assembly. As they serve to incorporate spacing and distribute load when placed between a nut and bolt or screw, they will help prevent wear and distortion of installation surfaces over time.","breadcrumb":{"@id":"https:\/\/qingdaohf.com\/product\/flat-washers\/#breadcrumb"},"inLanguage":"hu","potentialAction":[{"@type":"ReadAction","target":["https:\/\/qingdaohf.com\/product\/flat-washers\/"]}]},{"@type":"ImageObject","inLanguage":"hu","@id":"https:\/\/qingdaohf.com\/product\/flat-washers\/#primaryimage","url":"https:\/\/qingdaohf.com\/wp-content\/uploads\/2023\/02\/round-washer.jpg","contentUrl":"https:\/\/qingdaohf.com\/wp-content\/uploads\/2023\/02\/round-washer.jpg","width":800,"height":800,"caption":"round washer"},{"@type":"BreadcrumbList","@id":"https:\/\/qingdaohf.com\/product\/flat-washers\/#breadcrumb","itemListElement":[{"@type":"ListItem","position":1,"name":"Home","item":"https:\/\/qingdaohf.com\/"},{"@type":"ListItem","position":2,"name":"Concrete Forming Accessories and Rigging Hardware","item":"https:\/\/qingdaohf.com\/bg\/?page_id=944"},{"@type":"ListItem","position":3,"name":"Round Flat Washers"}]},{"@type":"WebSite","@id":"https:\/\/qingdaohf.com\/bg\/#website","url":"https:\/\/qingdaohf.com\/bg\/","name":"Concrete Form & Rigging Hardware Supplier","description":"","publisher":{"@id":"https:\/\/qingdaohf.com\/bg\/#organization"},"potentialAction":[{"@type":"SearchAction","target":{"@type":"EntryPoint","urlTemplate":"https:\/\/qingdaohf.com\/bg\/?s={search_term_string}"},"query-input":{"@type":"PropertyValueSpecification","valueRequired":true,"valueName":"search_term_string"}}],"inLanguage":"hu"},{"@type":"Organization","@id":"https:\/\/qingdaohf.com\/bg\/#organization","name":"Qingdao H&F","url":"https:\/\/qingdaohf.com\/bg\/","logo":{"@type":"ImageObject","inLanguage":"hu","@id":"https:\/\/qingdaohf.com\/bg\/#\/schema\/logo\/image\/","url":"https:\/\/qingdaohf.com\/wp-content\/uploads\/2022\/12\/cropped-HF-LOGO.png","contentUrl":"https:\/\/qingdaohf.com\/wp-content\/uploads\/2022\/12\/cropped-HF-LOGO.png","width":391,"height":249,"caption":"Qingdao H&F"},"image":{"@id":"https:\/\/qingdaohf.com\/bg\/#\/schema\/logo\/image\/"},"sameAs":["https:\/\/www.facebook.com\/qingdaohf"]}]}},"_links":{"self":[{"href":"https:\/\/qingdaohf.com\/hu\/wp-json\/wp\/v2\/product\/1981","targetHints":{"allow":["GET"]}}],"collection":[{"href":"https:\/\/qingdaohf.com\/hu\/wp-json\/wp\/v2\/product"}],"about":[{"href":"https:\/\/qingdaohf.com\/hu\/wp-json\/wp\/v2\/types\/product"}],"replies":[{"embeddable":true,"href":"https:\/\/qingdaohf.com\/hu\/wp-json\/wp\/v2\/comments?post=1981"}],"version-history":[{"count":2,"href":"https:\/\/qingdaohf.com\/hu\/wp-json\/wp\/v2\/product\/1981\/revisions"}],"predecessor-version":[{"id":10464,"href":"https:\/\/qingdaohf.com\/hu\/wp-json\/wp\/v2\/product\/1981\/revisions\/10464"}],"wp:featuredmedia":[{"embeddable":true,"href":"https:\/\/qingdaohf.com\/hu\/wp-json\/wp\/v2\/media\/4701"}],"wp:attachment":[{"href":"https:\/\/qingdaohf.com\/hu\/wp-json\/wp\/v2\/media?parent=1981"}],"wp:term":[{"taxonomy":"product_brand","embeddable":true,"href":"https:\/\/qingdaohf.com\/hu\/wp-json\/wp\/v2\/product_brand?post=1981"},{"taxonomy":"product_cat","embeddable":true,"href":"https:\/\/qingdaohf.com\/hu\/wp-json\/wp\/v2\/product_cat?post=1981"},{"taxonomy":"product_tag","embeddable":true,"href":"https:\/\/qingdaohf.com\/hu\/wp-json\/wp\/v2\/product_tag?post=1981"}],"curies":[{"name":"wp","href":"https:\/\/api.w.org\/{rel}","templated":true}]}}