{"id":2056,"date":"2023-02-07T17:01:21","date_gmt":"2023-02-07T09:01:21","guid":{"rendered":"http:\/\/qingdaohf.com\/?post_type=product&#038;p=2056"},"modified":"2025-11-13T09:06:37","modified_gmt":"2025-11-13T01:06:37","slug":"coil-rods","status":"publish","type":"product","link":"https:\/\/qingdaohf.com\/hu\/termek\/tekercsrudak\/","title":{"rendered":"Zsaluzat tekercsrudak"},"content":{"rendered":"<h1 class=\"font-600 text-2xl font-bold\">A zsaluzat tekercsrudak alapvet\u0151 szerepe az \u00e9p\u00edt\u0151iparban<\/h1>\n<p class=\"whitespace-pre-wrap break-words\">Besz\u00e9lj\u00fcnk a tekercsrudakr\u00f3l - ezek minden szil\u00e1rd zsalurendszer gerinc\u00e9t alkotj\u00e1k. Ezek a kem\u00e9ny, nagy szil\u00e1rds\u00e1g\u00fa ac\u00e9lb\u00f3l k\u00e9sz\u00fclt rudak bajnokk\u00e9nt b\u00edrj\u00e1k a nedves betonb\u00f3l sz\u00e1rmaz\u00f3 hatalmas nyom\u00e1st. Mindent stabilan \u00e9s pontosan tartanak, mik\u00f6zben a beton megszil\u00e1rdul, ak\u00e1r felh\u0151karcol\u00f3kat, hidakat vagy h\u00e1zakat \u00e9p\u00edt.<\/p>\n<p class=\"whitespace-pre-wrap break-words\">Ezek a rudak r\u00e9szei az \u00e1ltalunk nyakkend\u0151 r\u00fadrendszernek nevezett rendszernek, amely a v\u00edzmeg\u00e1ll\u00f3kat, a nyakkend\u0151 rudakat \u00e9s a sz\u00e1rnyas any\u00e1kat egyetlen sima egys\u00e9gbe foglalja. Minden egyes darab a saj\u00e1t feladat\u00e1t l\u00e1tja el, de egy\u00fcttesen \u00fagy m\u0171k\u00f6dnek a modern konstrukci\u00f3k, mint az \u00f3ram\u0171.<\/p>\n<p class=\"whitespace-pre-wrap break-words\">A show szt\u00e1rja maga a tekercsr\u00fad, amelynek menetes v\u00e9gei a fel- \u00e9s leszerel\u00e9st gyerekj\u00e1t\u00e9kk\u00e1 teszik. K\u00fcl\u00f6nb\u00f6z\u0151 projektig\u00e9nyekhez kell alkalmazkodnia? Nem probl\u00e9ma - ezek a rudak mindenf\u00e9le tartoz\u00e9kkal j\u00f3l j\u00e1tszanak. A betonoz\u00e1st\u00f3l kezdve a magasan fekv\u0151 betonoz\u00e1son \u00e1t a r\u00e9szletes \u00e9p\u00edt\u00e9szeti elemek kialak\u00edt\u00e1s\u00e1ig a tekercsrudak minden alkalommal megb\u00edzhat\u00f3 eredm\u00e9nyt ny\u00fajtanak.<\/p>\n<p><img fetchpriority=\"high\" decoding=\"async\" class=\"alignnone wp-image-8579 size-full\" src=\"http:\/\/qingdaohf.com\/wp-content\/uploads\/2024\/12\/tie-rod-92.webp\" alt=\"nyakkend\u0151 r\u00fadrendszer\" width=\"1000\" height=\"1000\" srcset=\"https:\/\/qingdaohf.com\/wp-content\/uploads\/2024\/12\/tie-rod-92.webp 1000w, https:\/\/qingdaohf.com\/wp-content\/uploads\/2024\/12\/tie-rod-92-300x300.webp 300w, https:\/\/qingdaohf.com\/wp-content\/uploads\/2024\/12\/tie-rod-92-150x150.webp 150w, https:\/\/qingdaohf.com\/wp-content\/uploads\/2024\/12\/tie-rod-92-768x768.webp 768w, https:\/\/qingdaohf.com\/wp-content\/uploads\/2024\/12\/tie-rod-92-12x12.webp 12w, https:\/\/qingdaohf.com\/wp-content\/uploads\/2024\/12\/tie-rod-92-500x500.webp 500w, https:\/\/qingdaohf.com\/wp-content\/uploads\/2024\/12\/tie-rod-92-100x100.webp 100w\" sizes=\"(max-width: 1000px) 100vw, 1000px\" \/><\/p>\n<h1 class=\"font-600 text-2xl font-bold\">A nyakkend\u0151 r\u00fadrendszer kicsomagol\u00e1sa: V\u00edzz\u00e1r\u00f3 rudak \u00e9s sz\u00e1rnyas any\u00e1k<\/h1>\n<p class=\"whitespace-pre-wrap break-words\">Gondoljon \u00fagy a k\u00f6t\u0151r\u00fadrendszerre, mint a sv\u00e1jci bicsk\u00e1ra az \u00e9p\u00edt\u00e9si kih\u00edv\u00e1sokhoz. Vegy\u00fck p\u00e9ld\u00e1ul a v\u00edzmeg\u00e1ll\u00f3kat - ezek l\u00e9tfontoss\u00e1g\u00faak, amikor olyan dolgokat \u00e9p\u00edt, amelyeknek sz\u00e1razon kell maradniuk, mint p\u00e9ld\u00e1ul pinc\u00e9k \u00e9s t\u00e1mfalak. Lez\u00e1rj\u00e1k az utat a k\u00f6t\u0151r\u00fad k\u00f6r\u00fcl, \u00e9s ott tartj\u00e1k a vizet, ahov\u00e1 val\u00f3 - az \u00e9p\u00edtm\u00e9nyen k\u00edv\u00fcl.<\/p>\n<p class=\"whitespace-pre-wrap break-words\">A k\u00f6t\u0151rudak sz\u00e1rnyas any\u00e1kkal egy\u00fctt r\u00f6gz\u00edtik a zsaluzatot. A rudak \u00e1tny\u00falnak a zsalupanelek k\u00f6z\u00f6tt, \u00e9s a megfelel\u0151 t\u00e1vols\u00e1gra tartj\u00e1k \u0151ket egym\u00e1st\u00f3l, \u00e9s er\u0151sek a betonnyom\u00e1ssal szemben. A sz\u00e1rnyas any\u00e1k seg\u00edts\u00e9g\u00e9vel k\u00f6nnyen be\u00e1ll\u00edthat\u00f3 a t\u00f6k\u00e9letes illeszked\u00e9s a fel\u00e1ll\u00edt\u00e1s sor\u00e1n, \u00e9s mindent sz\u00e9t lehet szedni, ha a beton m\u00e1r megdermedt.<\/p>\n<p class=\"whitespace-pre-wrap break-words\">Itt a Qingdao H&amp;F-n\u00e9l megsz\u00e1llottan t\u00f6reksz\u00fcnk arra, hogy a tekercsrudakon a menetet pontosan a megfelel\u0151re alak\u00edtsuk ki. Hogy mi\u00e9rt? Mert a t\u00f6k\u00e9letes menetes\u00edt\u00e9s azt jelenti, hogy minden sim\u00e1n illeszkedik egym\u00e1shoz - a v\u00edzz\u00e1r\u00f3k, a sz\u00e1rnyas any\u00e1k, a munk\u00e1latok. Minden egyes alkatr\u00e9szt alaposan tesztel\u00fcnk, \u00edgy biztos lehet benne, hogy b\u00e1rmit elb\u00edr, amit csak r\u00e1juk dob.<\/p>\n<h1 class=\"font-600 text-2xl font-bold\">Mi\u00e9rt v\u00e1lassza a Qingdao H&amp;F-et a zsaluz\u00e1si tekercsrudakhoz?<\/h1>\n<p class=\"whitespace-pre-wrap break-words\">Ha tekercsrudakat v\u00e1s\u00e1rol, nem csak j\u00f3 term\u00e9kekre van sz\u00fcks\u00e9ge - az eg\u00e9sz csomagnak z\u00f6kken\u0151mentesen kell m\u0171k\u00f6dnie. Ez az, ahol mi ragyogunk.<\/p>\n<p class=\"whitespace-pre-wrap break-words\">Minden \u00fcgyf\u00e9lnek saj\u00e1t szak\u00e9rt\u0151 kapcsolattart\u00f3t \u00e1ll\u00edtunk be. Egyedi hossz\u00fas\u00e1gokra van sz\u00fcks\u00e9ge? K\u00fcl\u00f6nleges menetel\u00e9s? Speci\u00e1lis tartoz\u00e9kok? Az \u00d6n dedik\u00e1lt szakembere elint\u00e9zi. Pontosan meg\u00e9rti, hogy mire van sz\u00fcks\u00e9ge, \u00e9s gondoskodik r\u00f3la, hogy megkapja.<\/p>\n<p class=\"whitespace-pre-wrap break-words\">Az id\u0151 p\u00e9nz az \u00e9p\u00edt\u0151iparban, \u00e9s mi ezt meg\u00e9rtj\u00fck. Senki sem akarja, hogy a projektje k\u00e9slekedjen az anyagokra v\u00e1rva. Ez\u00e9rt \u00e9p\u00edtett\u00fck ki sz\u00e1ll\u00edt\u00e1si rendszer\u00fcnket \u00fagy, hogy gyors \u00e9s megb\u00edzhat\u00f3 legyen. Megvannak a kapcsolataink \u00e9s a rendszereink, hogy az anyagot oda juttassuk, ahov\u00e1 kell, \u00e9s akkor, amikor kell.<\/p>\n<p class=\"whitespace-pre-wrap break-words\">A min\u0151s\u00e9ggel nem sz\u00f3rakozunk. Minden tekercsr\u00fadhoz r\u00e9szletes vizsg\u00e1lati jelent\u00e9s tartozik, amely pontosan le\u00edrja, hogyan teljes\u00edt. Az er\u0151ss\u00e9gt\u0151l kezdve a menetek pontoss\u00e1g\u00e1ig - mindez feket\u00e9n-feh\u00e9ren ott van. Mindent az ipari szabv\u00e1nyok alapj\u00e1n tesztel\u00fcnk, mert tudjuk, hogy \u00d6nnek erre van sz\u00fcks\u00e9ge.<\/p>\n<p class=\"whitespace-pre-wrap break-words\">Ak\u00e1r egy nagyszab\u00e1s\u00fa infrastruktur\u00e1lis projektet, ak\u00e1r valami kisebb \u00e9s speci\u00e1lis feladatot kell megoldania, tekercsel\u0151 r\u00fadjaink k\u00e9pesek megbirk\u00f3zni vele. Ha hozz\u00e1vessz\u00fck, hogy az \u00fcgyfelek el\u00e9gedetts\u00e9g\u00e9re \u00f6sszpontos\u00edtunk, akkor l\u00e1thatja, hogy az \u00e9p\u00edt\u0151k mi\u00e9rt b\u00edznak a Qingdao H&amp;F-ben.<\/p>","protected":false},"excerpt":{"rendered":"<p>A zsalutekercsek a modern \u00e9p\u00edt\u0151ipar szerves r\u00e9sz\u00e9t k\u00e9pezik, biztos\u00edtva a betonzsaluk biztons\u00e1gos \u00e9s hat\u00e9kony \u00f6sszeszerel\u00e9s\u00e9t. A v\u00e1s\u00e1rl\u00f3k gyakran kiemelten kezelik a tart\u00f3ss\u00e1got, a zsalurendszerekkel val\u00f3 kompatibilit\u00e1st \u00e9s a v\u00edzz\u00e1r\u00f3 tartoz\u00e9kok el\u00e9rhet\u0151s\u00e9g\u00e9t. A Qingdao H&amp;F-n\u00e9l meg\u00e9rtj\u00fck ezeket az aggodalmakat. Szem\u00e9lyre szabott, szem\u00e9lyre szabott \u00fcgyf\u00e9lszolg\u00e1latunkkal r\u00e9szletes min\u0151s\u00e9gellen\u0151rz\u00e9si jelent\u00e9seket, gyors sz\u00e1ll\u00edt\u00e1si ciklusokat \u00e9s testreszabhat\u00f3 megold\u00e1sokat k\u00edn\u00e1lunk az \u00d6n \u00e9p\u00edt\u00e9si ig\u00e9nyeihez. Ak\u00e1r nagyszab\u00e1s\u00fa infrastrukt\u00far\u00e1hoz, ak\u00e1r kisebb projektekhez szeretne tekercsrudakat beszerezni, mi elk\u00f6telezettek vagyunk a megb\u00edzhat\u00f3s\u00e1g \u00e9s a pontoss\u00e1g mellett.<\/p>\n<p>&nbsp;<\/p>","protected":false},"featured_media":2710,"comment_status":"open","ping_status":"closed","template":"","meta":{"site-sidebar-layout":"default","site-content-layout":"default","ast-site-content-layout":"default","site-content-style":"default","site-sidebar-style":"default","ast-global-header-display":"","ast-banner-title-visibility":"","ast-main-header-display":"","ast-hfb-above-header-display":"","ast-hfb-below-header-display":"","ast-hfb-mobile-header-display":"","site-post-title":"","ast-breadcrumbs-content":"","ast-featured-img":"","footer-sml-layout":"","theme-transparent-header-meta":"default","adv-header-id-meta":"","stick-header-meta":"default","header-above-stick-meta":"","header-main-stick-meta":"","header-below-stick-meta":"","astra-migrate-meta-layouts":"set","ast-page-background-enabled":"default","ast-page-background-meta":{"desktop":{"background-color":"","background-image":"","background-repeat":"repeat","background-position":"center center","background-size":"auto","background-attachment":"scroll","background-type":"","background-media":"","overlay-type":"","overlay-color":"","overlay-opacity":"","overlay-gradient":""},"tablet":{"background-color":"","background-image":"","background-repeat":"repeat","background-position":"center center","background-size":"auto","background-attachment":"scroll","background-type":"","background-media":"","overlay-type":"","overlay-color":"","overlay-opacity":"","overlay-gradient":""},"mobile":{"background-color":"","background-image":"","background-repeat":"repeat","background-position":"center center","background-size":"auto","background-attachment":"scroll","background-type":"","background-media":"","overlay-type":"","overlay-color":"","overlay-opacity":"","overlay-gradient":""}},"ast-content-background-meta":{"desktop":{"background-color":"var(--ast-global-color-5)","background-image":"","background-repeat":"repeat","background-position":"center center","background-size":"auto","background-attachment":"scroll","background-type":"","background-media":"","overlay-type":"","overlay-color":"","overlay-opacity":"","overlay-gradient":""},"tablet":{"background-color":"var(--ast-global-color-5)","background-image":"","background-repeat":"repeat","background-position":"center center","background-size":"auto","background-attachment":"scroll","background-type":"","background-media":"","overlay-type":"","overlay-color":"","overlay-opacity":"","overlay-gradient":""},"mobile":{"background-color":"var(--ast-global-color-5)","background-image":"","background-repeat":"repeat","background-position":"center center","background-size":"auto","background-attachment":"scroll","background-type":"","background-media":"","overlay-type":"","overlay-color":"","overlay-opacity":"","overlay-gradient":""}}},"product_brand":[],"product_cat":[79],"product_tag":[],"class_list":{"0":"post-2056","1":"product","2":"type-product","3":"status-publish","4":"has-post-thumbnail","6":"product_cat-tie-rod-system","7":"desktop-align-left","8":"tablet-align-left","9":"mobile-align-left","10":"ast-product-gallery-layout-horizontal-slider","11":"ast-product-tabs-layout-horizontal","13":"first","14":"instock","15":"shipping-taxable","16":"purchasable","17":"product-type-simple"},"yoast_head":"<!-- This site is optimized with the Yoast SEO plugin v25.2 - https:\/\/yoast.com\/wordpress\/plugins\/seo\/ -->\n<title>Formwork Coil Rods<\/title>\n<meta name=\"description\" content=\"Coil rods are used in concrete forming applications. Their loose threads design curtails dust and dirt accumulation.\" \/>\n<meta name=\"robots\" content=\"index, follow, max-snippet:-1, max-image-preview:large, max-video-preview:-1\" \/>\n<link rel=\"canonical\" href=\"https:\/\/qingdaohf.com\/hu\/termek\/tekercsrudak\/\" \/>\n<meta property=\"og:locale\" content=\"hu_HU\" \/>\n<meta property=\"og:type\" content=\"article\" \/>\n<meta property=\"og:title\" content=\"Formwork Coil Rods\" \/>\n<meta property=\"og:description\" content=\"Coil rods are used in concrete forming applications. Their loose threads design curtails dust and dirt accumulation.\" \/>\n<meta property=\"og:url\" content=\"https:\/\/qingdaohf.com\/hu\/termek\/tekercsrudak\/\" \/>\n<meta property=\"og:site_name\" content=\"Concrete Form &amp; Rigging Hardware Supplier\" \/>\n<meta property=\"article:publisher\" content=\"https:\/\/www.facebook.com\/qingdaohf\" \/>\n<meta property=\"article:modified_time\" content=\"2025-11-13T01:06:37+00:00\" \/>\n<meta property=\"og:image\" content=\"https:\/\/qingdaohf.com\/wp-content\/uploads\/2023\/02\/Coil-Rod-1.jpg\" \/>\n\t<meta property=\"og:image:width\" content=\"1000\" \/>\n\t<meta property=\"og:image:height\" content=\"1000\" \/>\n\t<meta property=\"og:image:type\" content=\"image\/jpeg\" \/>\n<meta name=\"twitter:card\" content=\"summary_large_image\" \/>\n<meta name=\"twitter:label1\" content=\"Becs\u00fclt olvas\u00e1si id\u0151\" \/>\n\t<meta name=\"twitter:data1\" content=\"3 perc\" \/>\n<script type=\"application\/ld+json\" class=\"yoast-schema-graph\">{\"@context\":\"https:\/\/schema.org\",\"@graph\":[{\"@type\":\"WebPage\",\"@id\":\"https:\/\/qingdaohf.com\/product\/coil-rods\/\",\"url\":\"https:\/\/qingdaohf.com\/product\/coil-rods\/\",\"name\":\"Formwork Coil Rods\",\"isPartOf\":{\"@id\":\"https:\/\/qingdaohf.com\/bg\/#website\"},\"primaryImageOfPage\":{\"@id\":\"https:\/\/qingdaohf.com\/product\/coil-rods\/#primaryimage\"},\"image\":{\"@id\":\"https:\/\/qingdaohf.com\/product\/coil-rods\/#primaryimage\"},\"thumbnailUrl\":\"https:\/\/qingdaohf.com\/wp-content\/uploads\/2023\/02\/Coil-Rod-1.jpg\",\"datePublished\":\"2023-02-07T09:01:21+00:00\",\"dateModified\":\"2025-11-13T01:06:37+00:00\",\"description\":\"Coil rods are used in concrete forming applications. Their loose threads design curtails dust and dirt accumulation.\",\"breadcrumb\":{\"@id\":\"https:\/\/qingdaohf.com\/product\/coil-rods\/#breadcrumb\"},\"inLanguage\":\"hu\",\"potentialAction\":[{\"@type\":\"ReadAction\",\"target\":[\"https:\/\/qingdaohf.com\/product\/coil-rods\/\"]}]},{\"@type\":\"ImageObject\",\"inLanguage\":\"hu\",\"@id\":\"https:\/\/qingdaohf.com\/product\/coil-rods\/#primaryimage\",\"url\":\"https:\/\/qingdaohf.com\/wp-content\/uploads\/2023\/02\/Coil-Rod-1.jpg\",\"contentUrl\":\"https:\/\/qingdaohf.com\/wp-content\/uploads\/2023\/02\/Coil-Rod-1.jpg\",\"width\":1000,\"height\":1000,\"caption\":\"Coil Rod\"},{\"@type\":\"BreadcrumbList\",\"@id\":\"https:\/\/qingdaohf.com\/product\/coil-rods\/#breadcrumb\",\"itemListElement\":[{\"@type\":\"ListItem\",\"position\":1,\"name\":\"Home\",\"item\":\"https:\/\/qingdaohf.com\/\"},{\"@type\":\"ListItem\",\"position\":2,\"name\":\"Concrete Forming Accessories and Rigging Hardware\",\"item\":\"https:\/\/qingdaohf.com\/bg\/?page_id=944\"},{\"@type\":\"ListItem\",\"position\":3,\"name\":\"Formwork Coil Rods\"}]},{\"@type\":\"WebSite\",\"@id\":\"https:\/\/qingdaohf.com\/bg\/#website\",\"url\":\"https:\/\/qingdaohf.com\/bg\/\",\"name\":\"Concrete Form & Rigging Hardware Supplier\",\"description\":\"\",\"publisher\":{\"@id\":\"https:\/\/qingdaohf.com\/bg\/#organization\"},\"potentialAction\":[{\"@type\":\"SearchAction\",\"target\":{\"@type\":\"EntryPoint\",\"urlTemplate\":\"https:\/\/qingdaohf.com\/bg\/?s={search_term_string}\"},\"query-input\":{\"@type\":\"PropertyValueSpecification\",\"valueRequired\":true,\"valueName\":\"search_term_string\"}}],\"inLanguage\":\"hu\"},{\"@type\":\"Organization\",\"@id\":\"https:\/\/qingdaohf.com\/bg\/#organization\",\"name\":\"Qingdao H&F\",\"url\":\"https:\/\/qingdaohf.com\/bg\/\",\"logo\":{\"@type\":\"ImageObject\",\"inLanguage\":\"hu\",\"@id\":\"https:\/\/qingdaohf.com\/bg\/#\/schema\/logo\/image\/\",\"url\":\"https:\/\/qingdaohf.com\/wp-content\/uploads\/2022\/12\/cropped-HF-LOGO.png\",\"contentUrl\":\"https:\/\/qingdaohf.com\/wp-content\/uploads\/2022\/12\/cropped-HF-LOGO.png\",\"width\":391,\"height\":249,\"caption\":\"Qingdao H&F\"},\"image\":{\"@id\":\"https:\/\/qingdaohf.com\/bg\/#\/schema\/logo\/image\/\"},\"sameAs\":[\"https:\/\/www.facebook.com\/qingdaohf\"]}]}<\/script>\n<!-- \/ Yoast SEO plugin. -->","yoast_head_json":{"title":"Formwork Coil Rods","description":"Coil rods are used in concrete forming applications. Their loose threads design curtails dust and dirt accumulation.","robots":{"index":"index","follow":"follow","max-snippet":"max-snippet:-1","max-image-preview":"max-image-preview:large","max-video-preview":"max-video-preview:-1"},"canonical":"https:\/\/qingdaohf.com\/hu\/termek\/tekercsrudak\/","og_locale":"hu_HU","og_type":"article","og_title":"Formwork Coil Rods","og_description":"Coil rods are used in concrete forming applications. Their loose threads design curtails dust and dirt accumulation.","og_url":"https:\/\/qingdaohf.com\/hu\/termek\/tekercsrudak\/","og_site_name":"Concrete Form &amp; Rigging Hardware Supplier","article_publisher":"https:\/\/www.facebook.com\/qingdaohf","article_modified_time":"2025-11-13T01:06:37+00:00","og_image":[{"width":1000,"height":1000,"url":"https:\/\/qingdaohf.com\/wp-content\/uploads\/2023\/02\/Coil-Rod-1.jpg","type":"image\/jpeg"}],"twitter_card":"summary_large_image","twitter_misc":{"Becs\u00fclt olvas\u00e1si id\u0151":"3 perc"},"schema":{"@context":"https:\/\/schema.org","@graph":[{"@type":"WebPage","@id":"https:\/\/qingdaohf.com\/product\/coil-rods\/","url":"https:\/\/qingdaohf.com\/product\/coil-rods\/","name":"Formwork Coil Rods","isPartOf":{"@id":"https:\/\/qingdaohf.com\/bg\/#website"},"primaryImageOfPage":{"@id":"https:\/\/qingdaohf.com\/product\/coil-rods\/#primaryimage"},"image":{"@id":"https:\/\/qingdaohf.com\/product\/coil-rods\/#primaryimage"},"thumbnailUrl":"https:\/\/qingdaohf.com\/wp-content\/uploads\/2023\/02\/Coil-Rod-1.jpg","datePublished":"2023-02-07T09:01:21+00:00","dateModified":"2025-11-13T01:06:37+00:00","description":"Coil rods are used in concrete forming applications. Their loose threads design curtails dust and dirt accumulation.","breadcrumb":{"@id":"https:\/\/qingdaohf.com\/product\/coil-rods\/#breadcrumb"},"inLanguage":"hu","potentialAction":[{"@type":"ReadAction","target":["https:\/\/qingdaohf.com\/product\/coil-rods\/"]}]},{"@type":"ImageObject","inLanguage":"hu","@id":"https:\/\/qingdaohf.com\/product\/coil-rods\/#primaryimage","url":"https:\/\/qingdaohf.com\/wp-content\/uploads\/2023\/02\/Coil-Rod-1.jpg","contentUrl":"https:\/\/qingdaohf.com\/wp-content\/uploads\/2023\/02\/Coil-Rod-1.jpg","width":1000,"height":1000,"caption":"Coil Rod"},{"@type":"BreadcrumbList","@id":"https:\/\/qingdaohf.com\/product\/coil-rods\/#breadcrumb","itemListElement":[{"@type":"ListItem","position":1,"name":"Home","item":"https:\/\/qingdaohf.com\/"},{"@type":"ListItem","position":2,"name":"Concrete Forming Accessories and Rigging Hardware","item":"https:\/\/qingdaohf.com\/bg\/?page_id=944"},{"@type":"ListItem","position":3,"name":"Formwork Coil Rods"}]},{"@type":"WebSite","@id":"https:\/\/qingdaohf.com\/bg\/#website","url":"https:\/\/qingdaohf.com\/bg\/","name":"Concrete Form & Rigging Hardware Supplier","description":"","publisher":{"@id":"https:\/\/qingdaohf.com\/bg\/#organization"},"potentialAction":[{"@type":"SearchAction","target":{"@type":"EntryPoint","urlTemplate":"https:\/\/qingdaohf.com\/bg\/?s={search_term_string}"},"query-input":{"@type":"PropertyValueSpecification","valueRequired":true,"valueName":"search_term_string"}}],"inLanguage":"hu"},{"@type":"Organization","@id":"https:\/\/qingdaohf.com\/bg\/#organization","name":"Qingdao H&F","url":"https:\/\/qingdaohf.com\/bg\/","logo":{"@type":"ImageObject","inLanguage":"hu","@id":"https:\/\/qingdaohf.com\/bg\/#\/schema\/logo\/image\/","url":"https:\/\/qingdaohf.com\/wp-content\/uploads\/2022\/12\/cropped-HF-LOGO.png","contentUrl":"https:\/\/qingdaohf.com\/wp-content\/uploads\/2022\/12\/cropped-HF-LOGO.png","width":391,"height":249,"caption":"Qingdao H&F"},"image":{"@id":"https:\/\/qingdaohf.com\/bg\/#\/schema\/logo\/image\/"},"sameAs":["https:\/\/www.facebook.com\/qingdaohf"]}]}},"_links":{"self":[{"href":"https:\/\/qingdaohf.com\/hu\/wp-json\/wp\/v2\/product\/2056","targetHints":{"allow":["GET"]}}],"collection":[{"href":"https:\/\/qingdaohf.com\/hu\/wp-json\/wp\/v2\/product"}],"about":[{"href":"https:\/\/qingdaohf.com\/hu\/wp-json\/wp\/v2\/types\/product"}],"replies":[{"embeddable":true,"href":"https:\/\/qingdaohf.com\/hu\/wp-json\/wp\/v2\/comments?post=2056"}],"version-history":[{"count":3,"href":"https:\/\/qingdaohf.com\/hu\/wp-json\/wp\/v2\/product\/2056\/revisions"}],"predecessor-version":[{"id":8605,"href":"https:\/\/qingdaohf.com\/hu\/wp-json\/wp\/v2\/product\/2056\/revisions\/8605"}],"wp:featuredmedia":[{"embeddable":true,"href":"https:\/\/qingdaohf.com\/hu\/wp-json\/wp\/v2\/media\/2710"}],"wp:attachment":[{"href":"https:\/\/qingdaohf.com\/hu\/wp-json\/wp\/v2\/media?parent=2056"}],"wp:term":[{"taxonomy":"product_brand","embeddable":true,"href":"https:\/\/qingdaohf.com\/hu\/wp-json\/wp\/v2\/product_brand?post=2056"},{"taxonomy":"product_cat","embeddable":true,"href":"https:\/\/qingdaohf.com\/hu\/wp-json\/wp\/v2\/product_cat?post=2056"},{"taxonomy":"product_tag","embeddable":true,"href":"https:\/\/qingdaohf.com\/hu\/wp-json\/wp\/v2\/product_tag?post=2056"}],"curies":[{"name":"wp","href":"https:\/\/api.w.org\/{rel}","templated":true}]}}