{"id":2197,"date":"2023-02-14T18:02:59","date_gmt":"2023-02-14T10:02:59","guid":{"rendered":"http:\/\/qingdaohf.com\/?post_type=product&#038;p=2197"},"modified":"2025-11-13T09:06:18","modified_gmt":"2025-11-13T01:06:18","slug":"folding-grapnel-anchor","status":"publish","type":"product","link":"https:\/\/qingdaohf.com\/hu\/termek\/grapnel-horgony\/","title":{"rendered":"\u00d6sszecsukhat\u00f3 grapnel horgony"},"content":{"rendered":"<p class=\"\" data-start=\"399\" data-end=\"810\">Els\u0151 pillant\u00e1sra az \u00f6sszecsukhat\u00f3 grapnelhorgony a csukl\u00f3s mechanizmusa r\u00e9v\u00e9n k\u00fcl\u00f6nb\u00f6zteti meg mag\u00e1t, amely lehet\u0151v\u00e9 teszi, hogy a n\u00e9gy\u00e1g\u00fa sz\u00e1rak sz\u00e9pen \u00f6sszecsuk\u00f3djanak a sz\u00e1rral szemben. Ez az \u00faj\u00edt\u00e1s cs\u00f6kkenti a t\u00e1rol\u00e1si helyet \u00e9s egyszer\u0171s\u00edti a kezel\u00e9st a zs\u00fafolt \u00e9p\u00edtkez\u00e9seken. A hagyom\u00e1nyos grapnelhorgonyokkal ellent\u00e9tben, amelyek mindig merevek maradnak, az \u00f6sszecsukhat\u00f3 v\u00e1ltozat sz\u0171k helyeken is elf\u00e9r, \u00e9s seg\u00edti a gyors bevet\u00e9st.<\/p>\n<h2 class=\"\" data-start=\"812\" data-end=\"880\">Legfontosabb k\u00fcl\u00f6nbs\u00e9gek az \u00f6sszecsukhat\u00f3 \u00e9s a hagyom\u00e1nyos grapnelhorgonyok k\u00f6z\u00f6tt<\/h2>\n<p class=\"\" data-start=\"881\" data-end=\"1374\">A hagyom\u00e1nyos grapnelhorgony r\u00f6gz\u00edtett karokkal rendelkezik, amelyek a sz\u00e1ll\u00edt\u00e1shoz \u00e9s a haszn\u00e1lathoz nagy szabad teret ig\u00e9nyelnek. Ezzel szemben az \u00f6sszecsukhat\u00f3 grapnelhorgony egy prec\u00edzi\u00f3san megtervezett, edzett \u00f6tv\u00f6z\u00f6tt ac\u00e9lb\u00f3l k\u00e9sz\u00fclt csukl\u00f3s csukl\u00f3t haszn\u00e1l, amely biztos\u00edtja, hogy minden kar biztons\u00e1gosan r\u00f6gz\u00fclj\u00f6n terhel\u00e9s alatt. Ez a csukl\u00f3 szigor\u00fa f\u00e1raszt\u00e1si teszteknek van al\u00e1vetve, amelyek igazolj\u00e1k, hogy az ism\u00e9tl\u0151d\u0151 nyit\u00e1s \u00e9s z\u00e1r\u00e1s nem okoz anyaggyeng\u00fcl\u00e9st. Ez a dinamikus vizsg\u00e1lat fel\u00fclm\u00falja a helyhez k\u00f6t\u00f6tt horgonyokn\u00e1l gyakran alkalmazott statikus szil\u00e1rds\u00e1gi vizsg\u00e1latokat.<\/p>\n<h2 class=\"\" data-start=\"1376\" data-end=\"1415\">Anyagok \u00e9s \u00e9p\u00edt\u00e9si min\u0151s\u00e9g<\/h2>\n<p class=\"\" data-start=\"1416\" data-end=\"1997\">Mindk\u00e9t horgonyt\u00edpust nagy szak\u00edt\u00f3szil\u00e1rds\u00e1g\u00fa sz\u00e9nac\u00e9lb\u00f3l kov\u00e1csolj\u00e1k, majd t\u00f6bbl\u00e9pcs\u0151s h\u0151kezel\u00e9si elj\u00e1r\u00e1snak vetik al\u00e1, amely 260-300 HB Brinell-kem\u00e9nys\u00e9get eredm\u00e9nyez. A kov\u00e1csol\u00e1st k\u00f6vet\u0151en az alkatr\u00e9szek epoxi-cink k\u00e9tr\u00e9teg\u0171 bevonatot kapnak, amely meghaladja az 1000 \u00f3r\u00e1t semleges s\u00f3s permetez\u00e9ses \u00e9rt\u00e9kel\u00e9s sor\u00e1n. Ez a korr\u00f3zi\u00f3\u00e1ll\u00f3s\u00e1gi szint l\u00e9tfontoss\u00e1g\u00fa a tengerparti \u00e9p\u00edtkez\u00e9sekn\u00e9l vagy a tengeri k\u00f6t\u00e9lzeti feladatokn\u00e1l. Ezenk\u00edv\u00fcl minden egys\u00e9get l\u00e9zerszkenneres m\u00e9r\u0151kalap\u00e1ccsal ellen\u0151riznek a m\u00e9retpontoss\u00e1g szempontj\u00e1b\u00f3l, amely gyakorlatot jellemz\u0151en ink\u00e1bb a rep\u00fcl\u0151g\u00e9p-ipari alkatr\u00e9szek, mint a h\u00e9tk\u00f6znapi formakieg\u00e9sz\u00edt\u0151k sz\u00e1m\u00e1ra tartj\u00e1k fenn.<\/p>\n<h2 class=\"\" data-start=\"1999\" data-end=\"2041\">Alkalmaz\u00e1sok \u00e9s teljes\u00edtm\u00e9nyelemz\u00e9s<\/h2>\n<p class=\"\" data-start=\"2042\" data-end=\"2639\">A betonzsaluzatban a grapnelhorgonyok a v\u00e1laszfalak \u00e9s b\u00e9l\u00e9sek r\u00f6gz\u00edt\u00e9s\u00e9re szolg\u00e1lnak a frissen \u00f6nt\u00f6tt h\u00edgtr\u00e1gya hidrosztatikus nyom\u00e1sa ellen. A helysz\u00edni k\u00eds\u00e9rletek azt mutatj\u00e1k, hogy az \u00f6sszecsukhat\u00f3 modellek hasonl\u00f3 - \u00e1tlagosan 12 kN-t meghalad\u00f3 - kih\u00faz\u00e1si ellen\u00e1ll\u00e1st ny\u00fajtanak, mint nem \u00f6sszecsukhat\u00f3 t\u00e1rsaik, mik\u00f6zben a sz\u00e1ll\u00edt\u00e1si t\u00e9rfogat 40 sz\u00e1zal\u00e9kkal cs\u00f6kken. Egy k\u00f6z\u00e9pmagas \u00e9p\u00edtkez\u00e9sen v\u00e9gzett esettanulm\u00e1ny sor\u00e1n a szem\u00e9lyzet 20 sz\u00e1zal\u00e9kkal r\u00f6videbb be\u00e1ll\u00edt\u00e1si id\u0151t jelentett, amit a horgony t\u00f6m\u00f6rs\u00e9g\u00e9nek \u00e9s egyszer\u0171bb r\u00f6gz\u00edt\u00e9s\u00e9nek tulajdon\u00edtottak. Ez a m\u0171k\u00f6d\u00e9si hat\u00e9konys\u00e1g k\u00f6zvetlen\u00fcl alacsonyabb munkaer\u0151k\u00f6lts\u00e9get \u00e9s r\u00f6videbb projektid\u0151t jelent.<\/p>\n<h2 class=\"\" data-start=\"2641\" data-end=\"2684\">Integr\u00e1ci\u00f3 az X-Flat Tie rendszerrel<\/h2>\n<p class=\"\" data-start=\"2685\" data-end=\"3229\">Az X-Flat Tie kieg\u00e9sz\u00edti a horgonyk\u00edn\u00e1latunkat, mivel egy- \u00e9s k\u00e9toldalas zsaluz\u00e1shoz tervezett, alacsony profil\u00fa, lapos rudazat\u00fa fesz\u00edt\u0151elemet k\u00edn\u00e1l. Fogazott fog\u00f3fel\u00fclete a horgonysz\u00e1rakhoz egy gyorsz\u00e1ras bilincsen kereszt\u00fcl csatlakozik, lehet\u0151v\u00e9 t\u00e9ve a finomhangolt t\u00e1vols\u00e1g\u00e1ll\u00edt\u00e1sokat a f\u0151horgony \u00e1thelyez\u00e9se n\u00e9lk\u00fcl. A l\u00e1gyac\u00e9l \u00e9s rozsdamentes v\u00e1ltozatban kaphat\u00f3 X-Flat Ties a legk\u00fcl\u00f6nb\u00f6z\u0151bb projektekhez igazodik - a magas\u00e9p\u00edt\u00e9si magokt\u00f3l az el\u0151regy\u00e1rtott udvari l\u00e9tes\u00edtm\u00e9nyekig -, biztos\u00edtva, hogy minden egyes szerelv\u00e9ny egyenletes tehereloszl\u00e1st \u00e9s minim\u00e1lis lehajl\u00e1st biztos\u00edtson nyom\u00e1s alatt.<\/p>\n<h2 class=\"\" data-start=\"3231\" data-end=\"3272\">Min\u0151s\u00e9gbiztos\u00edt\u00e1s \u00e9s tan\u00fas\u00edtv\u00e1nyok<\/h2>\n<p class=\"\" data-start=\"3273\" data-end=\"3751\">Minden egyes \u00f6sszecsukhat\u00f3 grapnelhorgony \u00e9s X-Flat tie t\u00e9teles mintav\u00e9telez\u00e9sen esik \u00e1t, amely az EN 10204 vizsg\u00e1lati szabv\u00e1nyoknak megfelel\u0151en szak\u00edt\u00f3-, hajl\u00edt\u00f3- \u00e9s \u00fct\u00e9svizsg\u00e1latot is mag\u00e1ban foglal. A sz\u00e1ll\u00edtm\u00e1nyokat megfelel\u0151s\u00e9gi tan\u00fas\u00edtv\u00e1nyok k\u00eds\u00e9rik, amelyek meger\u0151s\u00edtik az ISO 9001:2015 min\u0151s\u00e9gir\u00e1ny\u00edt\u00e1si protokolloknak val\u00f3 megfelel\u00e9st. Ezeken a referencia\u00e9rt\u00e9keken t\u00falmen\u0151en egy f\u00fcggetlen laborat\u00f3rium v\u00e9letlenszer\u0171 s\u00f3permet- \u00e9s kem\u00e9nys\u00e9gvizsg\u00e1latokat v\u00e9gez, biztos\u00edtva, hogy az anyagintegrit\u00e1s \u00e9s a v\u00e9d\u0151bevonatok megfeleljenek vagy meghaladj\u00e1k az ipar\u00e1gi norm\u00e1kat.<\/p>\n<h2 class=\"\" data-start=\"3753\" data-end=\"3782\">Mi\u00e9rt \u00e9rdemes egy\u00fcttm\u0171k\u00f6dni a H&amp;F-fel<\/h2>\n<p class=\"\" data-start=\"3783\" data-end=\"4428\">Az \u00fcgyfelek nem csup\u00e1n a term\u00e9kk\u00edn\u00e1latunk, hanem az \u00e1ltalunk ny\u00fajtott, szem\u00e9lyre szabott szolg\u00e1ltat\u00e1si \u00f6kosziszt\u00e9ma miatt v\u00e1lasztj\u00e1k a H&amp;F-et. A leend\u0151 partnerek ingyenes mint\u00e1kat kapnak, hogy a teljes\u00edtm\u00e9nyt a projektspecifikus krit\u00e9riumok alapj\u00e1n valid\u00e1lhass\u00e1k, \u00edgy a nagyszab\u00e1s\u00fa beszerz\u00e9s el\u0151tt megsz\u0171nnek a tal\u00e1lgat\u00e1sok. Minden \u00fcgyf\u00e9l sz\u00e1m\u00e1ra \u00e9jjel-nappal rendelkez\u00e9sre \u00e1ll egy dedik\u00e1lt m\u0171szaki \u00f6sszek\u00f6t\u0151, aki a kezdeti megkeres\u00e9st\u0151l a sz\u00e1ll\u00edt\u00e1s ut\u00e1ni nyomon k\u00f6vet\u00e9sig szem\u00e9lyes t\u00e1mogat\u00e1st ny\u00fajt. Ezen t\u00falmen\u0151en a h\u00e1zt\u00f3l h\u00e1zig tart\u00f3 logisztikai szolg\u00e1ltat\u00e1sok cs\u00f6kkentik a bonyolult kezel\u00e9st, k\u00fcl\u00f6n\u00f6sen a nemzetk\u00f6zi sz\u00e1ll\u00edtm\u00e1nyok eset\u00e9ben, \u00e9s \u00e1tl\u00e1that\u00f3 nyomon k\u00f6vet\u00e9si rendszer\u00fcnk minden egyes tranzitm\u00e9rf\u00f6ldk\u0151n\u00e9l t\u00e1j\u00e9koztatja az \u00e9rdekelt feleket.<\/p>\n<p class=\"\" data-start=\"4430\" data-end=\"4730\">A praktikus tervez\u00e9si megl\u00e1t\u00e1sok, a robusztus anyagspecifik\u00e1ci\u00f3k \u00e9s az \u00fcgyf\u00e9lk\u00f6zpont\u00fa t\u00e1mogat\u00e1si modell \u00f6tv\u00f6z\u00e9s\u00e9vel az \u00f6sszecsukhat\u00f3 grapnelhorgony \u00e9s a hozz\u00e1 tartoz\u00f3 X-Flat Tie megold\u00e1s megb\u00edzhat\u00f3 v\u00e1laszt\u00e1s a hat\u00e9konys\u00e1got, er\u0151t \u00e9s megb\u00edzhat\u00f3s\u00e1got keres\u0151 szakemberek sz\u00e1m\u00e1ra a zsaluz\u00e1si \u00e9s k\u00f6t\u00e9lzeti hardverek ter\u00e9n.<\/p>","protected":false},"excerpt":{"rendered":"<p>Az \u00f6sszecsukhat\u00f3 grapnelhorgony sokoldal\u00fa r\u00f6gz\u00edt\u00e9si megold\u00e1st k\u00edn\u00e1l kompakt, \u00f6sszecsukhat\u00f3 kialak\u00edt\u00e1ssal, amely a hordozhat\u00f3s\u00e1got n\u00f6veli an\u00e9lk\u00fcl, hogy az er\u0151ss\u00e9get vesz\u00e9lyeztetn\u00e9. A hagyom\u00e1nyos Grapnel-horgonyok mellett z\u00f6kken\u0151mentesen integr\u00e1l\u00f3dik az X-Flat Tie rendszerrel, megb\u00edzhat\u00f3 teljes\u00edtm\u00e9nyt ny\u00fajtva az ig\u00e9nyes zsaluz\u00e1si \u00e9s k\u00f6t\u00e9lzeti alkalmaz\u00e1sokban.<\/p>","protected":false},"featured_media":9458,"comment_status":"open","ping_status":"closed","template":"","meta":{"site-sidebar-layout":"default","site-content-layout":"default","ast-site-content-layout":"default","site-content-style":"default","site-sidebar-style":"default","ast-global-header-display":"","ast-banner-title-visibility":"","ast-main-header-display":"","ast-hfb-above-header-display":"","ast-hfb-below-header-display":"","ast-hfb-mobile-header-display":"","site-post-title":"","ast-breadcrumbs-content":"","ast-featured-img":"","footer-sml-layout":"","theme-transparent-header-meta":"default","adv-header-id-meta":"","stick-header-meta":"default","header-above-stick-meta":"","header-main-stick-meta":"","header-below-stick-meta":"","astra-migrate-meta-layouts":"set","ast-page-background-enabled":"default","ast-page-background-meta":{"desktop":{"background-color":"","background-image":"","background-repeat":"repeat","background-position":"center center","background-size":"auto","background-attachment":"scroll","background-type":"","background-media":"","overlay-type":"","overlay-color":"","overlay-opacity":"","overlay-gradient":""},"tablet":{"background-color":"","background-image":"","background-repeat":"repeat","background-position":"center center","background-size":"auto","background-attachment":"scroll","background-type":"","background-media":"","overlay-type":"","overlay-color":"","overlay-opacity":"","overlay-gradient":""},"mobile":{"background-color":"","background-image":"","background-repeat":"repeat","background-position":"center center","background-size":"auto","background-attachment":"scroll","background-type":"","background-media":"","overlay-type":"","overlay-color":"","overlay-opacity":"","overlay-gradient":""}},"ast-content-background-meta":{"desktop":{"background-color":"var(--ast-global-color-5)","background-image":"","background-repeat":"repeat","background-position":"center center","background-size":"auto","background-attachment":"scroll","background-type":"","background-media":"","overlay-type":"","overlay-color":"","overlay-opacity":"","overlay-gradient":""},"tablet":{"background-color":"var(--ast-global-color-5)","background-image":"","background-repeat":"repeat","background-position":"center center","background-size":"auto","background-attachment":"scroll","background-type":"","background-media":"","overlay-type":"","overlay-color":"","overlay-opacity":"","overlay-gradient":""},"mobile":{"background-color":"var(--ast-global-color-5)","background-image":"","background-repeat":"repeat","background-position":"center center","background-size":"auto","background-attachment":"scroll","background-type":"","background-media":"","overlay-type":"","overlay-color":"","overlay-opacity":"","overlay-gradient":""}}},"product_brand":[],"product_cat":[74,43],"product_tag":[],"class_list":{"0":"post-2197","1":"product","2":"type-product","3":"status-publish","4":"has-post-thumbnail","6":"product_cat-boat-anchor","7":"product_cat-rigging-hardware","8":"desktop-align-left","9":"tablet-align-left","10":"mobile-align-left","11":"ast-product-gallery-layout-horizontal-slider","12":"ast-product-tabs-layout-horizontal","14":"first","15":"instock","16":"shipping-taxable","17":"purchasable","18":"product-type-simple"},"yoast_head":"<!-- This site is optimized with the Yoast SEO plugin v25.2 - https:\/\/yoast.com\/wordpress\/plugins\/seo\/ -->\n<title>Folding Grapnel Anchor<\/title>\n<meta name=\"description\" content=\"The Grapnel Anchor is a mechanical device commonly used in maritime and climbing activities for securing and stabilizing objects.\" \/>\n<meta name=\"robots\" content=\"index, follow, max-snippet:-1, max-image-preview:large, max-video-preview:-1\" \/>\n<link rel=\"canonical\" href=\"https:\/\/qingdaohf.com\/hu\/termek\/grapnel-horgony\/\" \/>\n<meta property=\"og:locale\" content=\"hu_HU\" \/>\n<meta property=\"og:type\" content=\"article\" \/>\n<meta property=\"og:title\" content=\"Folding Grapnel Anchor\" \/>\n<meta property=\"og:description\" content=\"The Grapnel Anchor is a mechanical device commonly used in maritime and climbing activities for securing and stabilizing objects.\" \/>\n<meta property=\"og:url\" content=\"https:\/\/qingdaohf.com\/hu\/termek\/grapnel-horgony\/\" \/>\n<meta property=\"og:site_name\" content=\"Concrete Form &amp; Rigging Hardware Supplier\" \/>\n<meta property=\"article:publisher\" content=\"https:\/\/www.facebook.com\/qingdaohf\" \/>\n<meta property=\"article:modified_time\" content=\"2025-11-13T01:06:18+00:00\" \/>\n<meta property=\"og:image\" content=\"https:\/\/qingdaohf.com\/wp-content\/uploads\/2023\/02\/Grapnel-Anchor-1.jpg\" \/>\n\t<meta property=\"og:image:width\" content=\"1000\" \/>\n\t<meta property=\"og:image:height\" content=\"1000\" \/>\n\t<meta property=\"og:image:type\" content=\"image\/jpeg\" \/>\n<meta name=\"twitter:card\" content=\"summary_large_image\" \/>\n<meta name=\"twitter:label1\" content=\"Becs\u00fclt olvas\u00e1si id\u0151\" \/>\n\t<meta name=\"twitter:data1\" content=\"3 perc\" \/>\n<script type=\"application\/ld+json\" class=\"yoast-schema-graph\">{\"@context\":\"https:\/\/schema.org\",\"@graph\":[{\"@type\":\"WebPage\",\"@id\":\"https:\/\/qingdaohf.com\/product\/folding-grapnel-anchor\/\",\"url\":\"https:\/\/qingdaohf.com\/product\/folding-grapnel-anchor\/\",\"name\":\"Folding Grapnel Anchor\",\"isPartOf\":{\"@id\":\"https:\/\/qingdaohf.com\/bg\/#website\"},\"primaryImageOfPage\":{\"@id\":\"https:\/\/qingdaohf.com\/product\/folding-grapnel-anchor\/#primaryimage\"},\"image\":{\"@id\":\"https:\/\/qingdaohf.com\/product\/folding-grapnel-anchor\/#primaryimage\"},\"thumbnailUrl\":\"https:\/\/qingdaohf.com\/wp-content\/uploads\/2023\/02\/Grapnel-Anchor-1.jpg\",\"datePublished\":\"2023-02-14T10:02:59+00:00\",\"dateModified\":\"2025-11-13T01:06:18+00:00\",\"description\":\"The Grapnel Anchor is a mechanical device commonly used in maritime and climbing activities for securing and stabilizing objects.\",\"breadcrumb\":{\"@id\":\"https:\/\/qingdaohf.com\/product\/folding-grapnel-anchor\/#breadcrumb\"},\"inLanguage\":\"hu\",\"potentialAction\":[{\"@type\":\"ReadAction\",\"target\":[\"https:\/\/qingdaohf.com\/product\/folding-grapnel-anchor\/\"]}]},{\"@type\":\"ImageObject\",\"inLanguage\":\"hu\",\"@id\":\"https:\/\/qingdaohf.com\/product\/folding-grapnel-anchor\/#primaryimage\",\"url\":\"https:\/\/qingdaohf.com\/wp-content\/uploads\/2023\/02\/Grapnel-Anchor-1.jpg\",\"contentUrl\":\"https:\/\/qingdaohf.com\/wp-content\/uploads\/2023\/02\/Grapnel-Anchor-1.jpg\",\"width\":1000,\"height\":1000,\"caption\":\"Grapnel Anchor\"},{\"@type\":\"BreadcrumbList\",\"@id\":\"https:\/\/qingdaohf.com\/product\/folding-grapnel-anchor\/#breadcrumb\",\"itemListElement\":[{\"@type\":\"ListItem\",\"position\":1,\"name\":\"Home\",\"item\":\"https:\/\/qingdaohf.com\/\"},{\"@type\":\"ListItem\",\"position\":2,\"name\":\"Concrete Forming Accessories and Rigging Hardware\",\"item\":\"https:\/\/qingdaohf.com\/bg\/?page_id=944\"},{\"@type\":\"ListItem\",\"position\":3,\"name\":\"Folding Grapnel Anchor\"}]},{\"@type\":\"WebSite\",\"@id\":\"https:\/\/qingdaohf.com\/bg\/#website\",\"url\":\"https:\/\/qingdaohf.com\/bg\/\",\"name\":\"Concrete Form & Rigging Hardware Supplier\",\"description\":\"\",\"publisher\":{\"@id\":\"https:\/\/qingdaohf.com\/bg\/#organization\"},\"potentialAction\":[{\"@type\":\"SearchAction\",\"target\":{\"@type\":\"EntryPoint\",\"urlTemplate\":\"https:\/\/qingdaohf.com\/bg\/?s={search_term_string}\"},\"query-input\":{\"@type\":\"PropertyValueSpecification\",\"valueRequired\":true,\"valueName\":\"search_term_string\"}}],\"inLanguage\":\"hu\"},{\"@type\":\"Organization\",\"@id\":\"https:\/\/qingdaohf.com\/bg\/#organization\",\"name\":\"Qingdao H&F\",\"url\":\"https:\/\/qingdaohf.com\/bg\/\",\"logo\":{\"@type\":\"ImageObject\",\"inLanguage\":\"hu\",\"@id\":\"https:\/\/qingdaohf.com\/bg\/#\/schema\/logo\/image\/\",\"url\":\"https:\/\/qingdaohf.com\/wp-content\/uploads\/2022\/12\/cropped-HF-LOGO.png\",\"contentUrl\":\"https:\/\/qingdaohf.com\/wp-content\/uploads\/2022\/12\/cropped-HF-LOGO.png\",\"width\":391,\"height\":249,\"caption\":\"Qingdao H&F\"},\"image\":{\"@id\":\"https:\/\/qingdaohf.com\/bg\/#\/schema\/logo\/image\/\"},\"sameAs\":[\"https:\/\/www.facebook.com\/qingdaohf\"]}]}<\/script>\n<!-- \/ Yoast SEO plugin. -->","yoast_head_json":{"title":"Folding Grapnel Anchor","description":"The Grapnel Anchor is a mechanical device commonly used in maritime and climbing activities for securing and stabilizing objects.","robots":{"index":"index","follow":"follow","max-snippet":"max-snippet:-1","max-image-preview":"max-image-preview:large","max-video-preview":"max-video-preview:-1"},"canonical":"https:\/\/qingdaohf.com\/hu\/termek\/grapnel-horgony\/","og_locale":"hu_HU","og_type":"article","og_title":"Folding Grapnel Anchor","og_description":"The Grapnel Anchor is a mechanical device commonly used in maritime and climbing activities for securing and stabilizing objects.","og_url":"https:\/\/qingdaohf.com\/hu\/termek\/grapnel-horgony\/","og_site_name":"Concrete Form &amp; Rigging Hardware Supplier","article_publisher":"https:\/\/www.facebook.com\/qingdaohf","article_modified_time":"2025-11-13T01:06:18+00:00","og_image":[{"width":1000,"height":1000,"url":"https:\/\/qingdaohf.com\/wp-content\/uploads\/2023\/02\/Grapnel-Anchor-1.jpg","type":"image\/jpeg"}],"twitter_card":"summary_large_image","twitter_misc":{"Becs\u00fclt olvas\u00e1si id\u0151":"3 perc"},"schema":{"@context":"https:\/\/schema.org","@graph":[{"@type":"WebPage","@id":"https:\/\/qingdaohf.com\/product\/folding-grapnel-anchor\/","url":"https:\/\/qingdaohf.com\/product\/folding-grapnel-anchor\/","name":"Folding Grapnel Anchor","isPartOf":{"@id":"https:\/\/qingdaohf.com\/bg\/#website"},"primaryImageOfPage":{"@id":"https:\/\/qingdaohf.com\/product\/folding-grapnel-anchor\/#primaryimage"},"image":{"@id":"https:\/\/qingdaohf.com\/product\/folding-grapnel-anchor\/#primaryimage"},"thumbnailUrl":"https:\/\/qingdaohf.com\/wp-content\/uploads\/2023\/02\/Grapnel-Anchor-1.jpg","datePublished":"2023-02-14T10:02:59+00:00","dateModified":"2025-11-13T01:06:18+00:00","description":"The Grapnel Anchor is a mechanical device commonly used in maritime and climbing activities for securing and stabilizing objects.","breadcrumb":{"@id":"https:\/\/qingdaohf.com\/product\/folding-grapnel-anchor\/#breadcrumb"},"inLanguage":"hu","potentialAction":[{"@type":"ReadAction","target":["https:\/\/qingdaohf.com\/product\/folding-grapnel-anchor\/"]}]},{"@type":"ImageObject","inLanguage":"hu","@id":"https:\/\/qingdaohf.com\/product\/folding-grapnel-anchor\/#primaryimage","url":"https:\/\/qingdaohf.com\/wp-content\/uploads\/2023\/02\/Grapnel-Anchor-1.jpg","contentUrl":"https:\/\/qingdaohf.com\/wp-content\/uploads\/2023\/02\/Grapnel-Anchor-1.jpg","width":1000,"height":1000,"caption":"Grapnel Anchor"},{"@type":"BreadcrumbList","@id":"https:\/\/qingdaohf.com\/product\/folding-grapnel-anchor\/#breadcrumb","itemListElement":[{"@type":"ListItem","position":1,"name":"Home","item":"https:\/\/qingdaohf.com\/"},{"@type":"ListItem","position":2,"name":"Concrete Forming Accessories and Rigging Hardware","item":"https:\/\/qingdaohf.com\/bg\/?page_id=944"},{"@type":"ListItem","position":3,"name":"Folding Grapnel Anchor"}]},{"@type":"WebSite","@id":"https:\/\/qingdaohf.com\/bg\/#website","url":"https:\/\/qingdaohf.com\/bg\/","name":"Concrete Form & Rigging Hardware Supplier","description":"","publisher":{"@id":"https:\/\/qingdaohf.com\/bg\/#organization"},"potentialAction":[{"@type":"SearchAction","target":{"@type":"EntryPoint","urlTemplate":"https:\/\/qingdaohf.com\/bg\/?s={search_term_string}"},"query-input":{"@type":"PropertyValueSpecification","valueRequired":true,"valueName":"search_term_string"}}],"inLanguage":"hu"},{"@type":"Organization","@id":"https:\/\/qingdaohf.com\/bg\/#organization","name":"Qingdao H&F","url":"https:\/\/qingdaohf.com\/bg\/","logo":{"@type":"ImageObject","inLanguage":"hu","@id":"https:\/\/qingdaohf.com\/bg\/#\/schema\/logo\/image\/","url":"https:\/\/qingdaohf.com\/wp-content\/uploads\/2022\/12\/cropped-HF-LOGO.png","contentUrl":"https:\/\/qingdaohf.com\/wp-content\/uploads\/2022\/12\/cropped-HF-LOGO.png","width":391,"height":249,"caption":"Qingdao H&F"},"image":{"@id":"https:\/\/qingdaohf.com\/bg\/#\/schema\/logo\/image\/"},"sameAs":["https:\/\/www.facebook.com\/qingdaohf"]}]}},"_links":{"self":[{"href":"https:\/\/qingdaohf.com\/hu\/wp-json\/wp\/v2\/product\/2197","targetHints":{"allow":["GET"]}}],"collection":[{"href":"https:\/\/qingdaohf.com\/hu\/wp-json\/wp\/v2\/product"}],"about":[{"href":"https:\/\/qingdaohf.com\/hu\/wp-json\/wp\/v2\/types\/product"}],"replies":[{"embeddable":true,"href":"https:\/\/qingdaohf.com\/hu\/wp-json\/wp\/v2\/comments?post=2197"}],"version-history":[{"count":2,"href":"https:\/\/qingdaohf.com\/hu\/wp-json\/wp\/v2\/product\/2197\/revisions"}],"predecessor-version":[{"id":9463,"href":"https:\/\/qingdaohf.com\/hu\/wp-json\/wp\/v2\/product\/2197\/revisions\/9463"}],"wp:featuredmedia":[{"embeddable":true,"href":"https:\/\/qingdaohf.com\/hu\/wp-json\/wp\/v2\/media\/9458"}],"wp:attachment":[{"href":"https:\/\/qingdaohf.com\/hu\/wp-json\/wp\/v2\/media?parent=2197"}],"wp:term":[{"taxonomy":"product_brand","embeddable":true,"href":"https:\/\/qingdaohf.com\/hu\/wp-json\/wp\/v2\/product_brand?post=2197"},{"taxonomy":"product_cat","embeddable":true,"href":"https:\/\/qingdaohf.com\/hu\/wp-json\/wp\/v2\/product_cat?post=2197"},{"taxonomy":"product_tag","embeddable":true,"href":"https:\/\/qingdaohf.com\/hu\/wp-json\/wp\/v2\/product_tag?post=2197"}],"curies":[{"name":"wp","href":"https:\/\/api.w.org\/{rel}","templated":true}]}}