{"id":2205,"date":"2023-02-15T10:22:34","date_gmt":"2023-02-15T02:22:34","guid":{"rendered":"http:\/\/qingdaohf.com\/?post_type=product&#038;p=2205"},"modified":"2025-11-13T09:06:18","modified_gmt":"2025-11-13T01:06:18","slug":"i-beam-stake","status":"publish","type":"product","link":"https:\/\/qingdaohf.com\/hu\/termek\/i-gerenda-karo\/","title":{"rendered":"Beton I gerenda kar\u00f3"},"content":{"rendered":"<p>A betonform\u00e1z\u00e1s egy ideiglenes forma vagy keret l\u00e9trehoz\u00e1sa, amelybe nedves betont \u00f6nt\u00fcnk, \u00e9s hagyjuk, hogy a k\u00edv\u00e1nt form\u00e1j\u00fa vagy szerkezet\u0171v\u00e9 kem\u00e9nyedjen. A betonzsaluzat \u00e1ltal\u00e1ban f\u00e1b\u00f3l, ac\u00e9lb\u00f3l vagy m\u0171anyagb\u00f3l k\u00e9sz\u00fcl, \u00e9s k\u00fcl\u00f6nf\u00e9le betonszerkezetek, p\u00e9ld\u00e1ul falak, oszlopok, f\u00f6d\u00e9mek \u00e9s gerend\u00e1k l\u00e9trehoz\u00e1s\u00e1ra haszn\u00e1lj\u00e1k.<\/p>\n<p>A betonoz\u00e1sn\u00e1l \u00e1ltal\u00e1ban ac\u00e9lkar\u00f3kat haszn\u00e1lnak a zsaluzat helyben tart\u00e1s\u00e1ra \u00e9s a nedves beton s\u00faly\u00e1nak al\u00e1t\u00e1maszt\u00e1s\u00e1ra. A betonoz\u00e1shoz t\u00f6bbf\u00e9le ac\u00e9lkar\u00f3 \u00e1ll rendelkez\u00e9sre, t\u00f6bbek k\u00f6z\u00f6tt kerek ac\u00e9lkar\u00f3k, n\u00e9gyzet alak\u00fa ac\u00e9lkar\u00f3k, lapos ac\u00e9lkar\u00f3k \u00e9s lapos I-gerend\u00e1s ac\u00e9lkar\u00f3k.<\/p>\n<p><a href=\"http:\/\/qingdaohf.com\/hu\/product\/round-steel-stake\/\">Kerek ac\u00e9lkar\u00f3k<\/a> a betonoz\u00e1shoz leggyakrabban haszn\u00e1lt ac\u00e9lkar\u00f3. \u00c1ltal\u00e1ban nagy szil\u00e1rds\u00e1g\u00fa ac\u00e9lb\u00f3l k\u00e9sz\u00fclnek, \u00e9s k\u00fcl\u00f6nb\u00f6z\u0151 \u00e1tm\u00e9r\u0151kben \u00e9s hossz\u00fas\u00e1gokban kaphat\u00f3k. A kerek ac\u00e9lkar\u00f3kat k\u00f6nny\u0171 felszerelni \u00e9s elt\u00e1vol\u00edtani, \u00e9s kiv\u00e1l\u00f3 stabilit\u00e1st \u00e9s t\u00e1maszt ny\u00fajtanak a zsaluz\u00e1shoz.<\/p>\n<p><a href=\"https:\/\/qingdaohf.com\/hu\/termek\/negyzet-alaku-acel-szogkaro-lyukakkal\/\">N\u00e9gysz\u00f6gletes ac\u00e9lkar\u00f3k<\/a> hasonl\u00f3ak a kerek ac\u00e9lkar\u00f3khoz, de k\u00f6r alak\u00fa helyett n\u00e9gyzet alak\u00fa keresztmetszettel rendelkeznek. Ezek is nagy szil\u00e1rds\u00e1g\u00fa ac\u00e9lb\u00f3l k\u00e9sz\u00fclnek, \u00e9s t\u00f6bbf\u00e9le m\u00e9retben kaphat\u00f3k. A n\u00e9gyzet alak\u00fa ac\u00e9lkar\u00f3kat gyakran haszn\u00e1lj\u00e1k olyan helyzetekben, ahol tov\u00e1bbi stabilit\u00e1sra van sz\u00fcks\u00e9g, p\u00e9ld\u00e1ul szeles vagy egyenetlen k\u00f6r\u00fclm\u00e9nyek k\u00f6z\u00f6tt.<\/p>\n<p><a href=\"https:\/\/qingdaohf.com\/hu\/termek\/lapos-acelkaro\/\">Lapos ac\u00e9lkar\u00f3k<\/a> jellemz\u0151en v\u00e9konyabb ac\u00e9lb\u00f3l k\u00e9sz\u00fclnek, mint a kerek vagy sz\u00f6gletes ac\u00e9lkar\u00f3k. Lapos keresztmetszet\u0171ek, \u00e9s \u00fagy tervezt\u00e9k \u0151ket, hogy ferd\u00e9n a talajba \u00fcss\u00e9k \u0151ket, hogy tov\u00e1bbi stabilit\u00e1st biztos\u00edtsanak a zsaluzatnak. A lapos ac\u00e9lkar\u00f3kat gyakran haszn\u00e1lj\u00e1k kerek vagy n\u00e9gyzetes ac\u00e9lkar\u00f3kkal kombin\u00e1lva, hogy kih\u00edv\u00e1st jelent\u0151 k\u00f6r\u00fclm\u00e9nyek k\u00f6z\u00f6tt extra t\u00e1maszt ny\u00fajtsanak.<\/p>\n<p>A lapos I-gerend\u00e1s ac\u00e9lkar\u00f3k hasonl\u00f3ak a lapos ac\u00e9lkar\u00f3khoz, de keresztmetszet\u00fck az \"I\" bet\u0171re hasonl\u00edt. \u00c1ltal\u00e1ban vastagabb ac\u00e9lb\u00f3l k\u00e9sz\u00fclnek, mint a lapos ac\u00e9lkar\u00f3k, \u00e9s \u00fagy tervezt\u00e9k \u0151ket, hogy m\u00e9g nagyobb stabilit\u00e1st \u00e9s t\u00e1mogat\u00e1st ny\u00fajtsanak a zsaluz\u00e1shoz. A lapos I-gerend\u00e1s ac\u00e9lkar\u00f3kat gyakran haszn\u00e1lj\u00e1k nagym\u00e9ret\u0171 betonoz\u00e1si projektekn\u00e9l, p\u00e9ld\u00e1ul h\u00edd\u00e9p\u00edt\u00e9sn\u00e9l vagy magas\u00e9p\u00edt\u00e9sn\u00e9l.<\/p>\n\n<table id=\"tablepress-22\" class=\"tablepress tablepress-id-22\">\n<thead>\n<tr class=\"row-1\">\n\t<th class=\"column-1\">Specifik\u00e1ci\u00f3<\/th><th class=\"column-2\">db\/doboz<\/th><th class=\"column-3\">db\/raklap<\/th>\n<\/tr>\n<\/thead>\n<tbody class=\"row-striping row-hover\">\n<tr class=\"row-2\">\n\t<td class=\"column-1\">1-1\/2\" x 12\" lapos I gerenda kar\u00f3 lyukakkal<\/td><td class=\"column-2\">10<\/td><td class=\"column-3\">1500<\/td>\n<\/tr>\n<tr class=\"row-3\">\n\t<td class=\"column-1\">1-1\/2\" x 18\" lapos I gerenda kar\u00f3 lyukakkal<\/td><td class=\"column-2\">10<\/td><td class=\"column-3\">1000<\/td>\n<\/tr>\n<tr class=\"row-4\">\n\t<td class=\"column-1\">1-1\/2\" x 24\" lapos I gerenda kar\u00f3 lyukakkal<\/td><td class=\"column-2\">10<\/td><td class=\"column-3\">750<\/td>\n<\/tr>\n<tr class=\"row-5\">\n\t<td class=\"column-1\">1-1\/2\" x 30\" lapos I gerenda kar\u00f3 lyukakkal<\/td><td class=\"column-2\">10<\/td><td class=\"column-3\">600<\/td>\n<\/tr>\n<tr class=\"row-6\">\n\t<td class=\"column-1\">1-1\/2\" x 36\" Lapos I gerenda kar\u00f3 lyukakkal<\/td><td class=\"column-2\">10<\/td><td class=\"column-3\">500<\/td>\n<\/tr>\n<\/tbody>\n<\/table>\n<!-- #tablepress-22 from cache -->\n<p><img fetchpriority=\"high\" decoding=\"async\" class=\"alignnone size-full wp-image-2789\" src=\"http:\/\/qingdaohf.com\/wp-content\/uploads\/2023\/02\/\u672a\u6807\u9898-1.jpg\" alt=\"\" width=\"1200\" height=\"1200\" srcset=\"https:\/\/qingdaohf.com\/wp-content\/uploads\/2023\/02\/\u672a\u6807\u9898-1.jpg 1200w, https:\/\/qingdaohf.com\/wp-content\/uploads\/2023\/02\/\u672a\u6807\u9898-1-500x500.jpg 500w, https:\/\/qingdaohf.com\/wp-content\/uploads\/2023\/02\/\u672a\u6807\u9898-1-100x100.jpg 100w, https:\/\/qingdaohf.com\/wp-content\/uploads\/2023\/02\/\u672a\u6807\u9898-1-1000x1000.jpg 1000w, https:\/\/qingdaohf.com\/wp-content\/uploads\/2023\/02\/\u672a\u6807\u9898-1-300x300.jpg 300w, https:\/\/qingdaohf.com\/wp-content\/uploads\/2023\/02\/\u672a\u6807\u9898-1-1024x1024.jpg 1024w, https:\/\/qingdaohf.com\/wp-content\/uploads\/2023\/02\/\u672a\u6807\u9898-1-150x150.jpg 150w, https:\/\/qingdaohf.com\/wp-content\/uploads\/2023\/02\/\u672a\u6807\u9898-1-768x768.jpg 768w\" sizes=\"(max-width: 1200px) 100vw, 1200px\" \/><\/p>\n<div class=\"flex-1 overflow-hidden\">\n<div class=\"react-scroll-to-bottom--css-kwokg-79elbk h-full dark:bg-gray-800\">\n<div class=\"react-scroll-to-bottom--css-kwokg-1n7m0yu\">\n<div class=\"flex flex-col items-center text-sm dark:bg-gray-800\">\n<div class=\"w-full border-b border-black\/10 dark:border-gray-900\/50 text-gray-800 dark:text-gray-100 group bg-gray-50 dark:bg-[#444654]\">\n<div class=\"text-base gap-4 md:gap-6 m-auto md:max-w-2xl lg:max-w-2xl xl:max-w-3xl p-4 md:py-6 flex lg:px-0\">\n<div class=\"relative flex w-[calc(100%-50px)] flex-col gap-1 md:gap-3 lg:w-[calc(100%-115px)]\">\n<div class=\"flex flex-grow flex-col gap-3\">\n<div class=\"min-h-[20px] flex flex-col items-start gap-4 whitespace-pre-wrap\">\n<div class=\"markdown prose w-full break-words dark:prose-invert light\">\n<p>&nbsp;<\/p>\n<\/div>\n<\/div>\n<\/div>\n<\/div>\n<\/div>\n<\/div>\n<\/div>\n<\/div>\n<\/div>\n<\/div>","protected":false},"excerpt":{"rendered":"<p>Az I-gerenda kar\u00f3k a s\u00e1torc\u00f6l\u00f6p\u00f6k egy olyan t\u00edpusa, amelyet \u00fagy terveztek, hogy kiv\u00e1l\u00f3 stabilit\u00e1st \u00e9s szil\u00e1rds\u00e1got biztos\u00edtson a k\u00fclt\u00e9ri k\u00f6rnyezetben. \u00c1ltal\u00e1ban nagy szil\u00e1rds\u00e1g\u00fa anyagokb\u00f3l, p\u00e9ld\u00e1ul alum\u00edniumb\u00f3l vagy ac\u00e9lb\u00f3l k\u00e9sz\u00fclnek, \u00e9s egyedi \"I-gerenda\" alak\u00faak, amelyek nagyobb fel\u00fcletet \u00e9s stabilit\u00e1st biztos\u00edtanak, amikor a talajba verik \u0151ket.<\/p>","protected":false},"featured_media":5425,"comment_status":"open","ping_status":"closed","template":"","meta":{"site-sidebar-layout":"default","site-content-layout":"default","ast-site-content-layout":"default","site-content-style":"default","site-sidebar-style":"default","ast-global-header-display":"","ast-banner-title-visibility":"","ast-main-header-display":"","ast-hfb-above-header-display":"","ast-hfb-below-header-display":"","ast-hfb-mobile-header-display":"","site-post-title":"","ast-breadcrumbs-content":"","ast-featured-img":"","footer-sml-layout":"","theme-transparent-header-meta":"default","adv-header-id-meta":"","stick-header-meta":"default","header-above-stick-meta":"","header-main-stick-meta":"","header-below-stick-meta":"","astra-migrate-meta-layouts":"set","ast-page-background-enabled":"default","ast-page-background-meta":{"desktop":{"background-color":"","background-image":"","background-repeat":"repeat","background-position":"center center","background-size":"auto","background-attachment":"scroll","background-type":"","background-media":"","overlay-type":"","overlay-color":"","overlay-opacity":"","overlay-gradient":""},"tablet":{"background-color":"","background-image":"","background-repeat":"repeat","background-position":"center center","background-size":"auto","background-attachment":"scroll","background-type":"","background-media":"","overlay-type":"","overlay-color":"","overlay-opacity":"","overlay-gradient":""},"mobile":{"background-color":"","background-image":"","background-repeat":"repeat","background-position":"center center","background-size":"auto","background-attachment":"scroll","background-type":"","background-media":"","overlay-type":"","overlay-color":"","overlay-opacity":"","overlay-gradient":""}},"ast-content-background-meta":{"desktop":{"background-color":"var(--ast-global-color-5)","background-image":"","background-repeat":"repeat","background-position":"center center","background-size":"auto","background-attachment":"scroll","background-type":"","background-media":"","overlay-type":"","overlay-color":"","overlay-opacity":"","overlay-gradient":""},"tablet":{"background-color":"var(--ast-global-color-5)","background-image":"","background-repeat":"repeat","background-position":"center center","background-size":"auto","background-attachment":"scroll","background-type":"","background-media":"","overlay-type":"","overlay-color":"","overlay-opacity":"","overlay-gradient":""},"mobile":{"background-color":"var(--ast-global-color-5)","background-image":"","background-repeat":"repeat","background-position":"center center","background-size":"auto","background-attachment":"scroll","background-type":"","background-media":"","overlay-type":"","overlay-color":"","overlay-opacity":"","overlay-gradient":""}}},"product_brand":[],"product_cat":[28,53],"product_tag":[],"class_list":{"0":"post-2205","1":"product","2":"type-product","3":"status-publish","4":"has-post-thumbnail","6":"product_cat-concrete-forming","7":"product_cat-steel-stake","8":"desktop-align-left","9":"tablet-align-left","10":"mobile-align-left","11":"ast-product-gallery-layout-horizontal-slider","12":"ast-product-tabs-layout-horizontal","14":"first","15":"instock","16":"shipping-taxable","17":"purchasable","18":"product-type-simple"},"yoast_head":"<!-- This site is optimized with the Yoast SEO plugin v25.2 - https:\/\/yoast.com\/wordpress\/plugins\/seo\/ -->\n<title>Concrete I-Beam Stake<\/title>\n<meta name=\"description\" content=\"Flat I-beam steel stakes are similar to flat steel stakes, but they have a cross-section that resembles the letter &quot;I&quot;.\" \/>\n<meta name=\"robots\" content=\"index, follow, max-snippet:-1, max-image-preview:large, max-video-preview:-1\" \/>\n<link rel=\"canonical\" href=\"https:\/\/qingdaohf.com\/hu\/termek\/i-gerenda-karo\/\" \/>\n<meta property=\"og:locale\" content=\"hu_HU\" \/>\n<meta property=\"og:type\" content=\"article\" \/>\n<meta property=\"og:title\" content=\"Concrete I-Beam Stake\" \/>\n<meta property=\"og:description\" content=\"Flat I-beam steel stakes are similar to flat steel stakes, but they have a cross-section that resembles the letter &quot;I&quot;.\" \/>\n<meta property=\"og:url\" content=\"https:\/\/qingdaohf.com\/hu\/termek\/i-gerenda-karo\/\" \/>\n<meta property=\"og:site_name\" content=\"Concrete Form &amp; Rigging Hardware Supplier\" \/>\n<meta property=\"article:publisher\" content=\"https:\/\/www.facebook.com\/qingdaohf\" \/>\n<meta property=\"article:modified_time\" content=\"2025-11-13T01:06:18+00:00\" \/>\n<meta property=\"og:image\" content=\"https:\/\/qingdaohf.com\/wp-content\/uploads\/2023\/02\/i-beam-stake-1.jpg\" \/>\n\t<meta property=\"og:image:width\" content=\"1000\" \/>\n\t<meta property=\"og:image:height\" content=\"1000\" \/>\n\t<meta property=\"og:image:type\" content=\"image\/jpeg\" \/>\n<meta name=\"twitter:card\" content=\"summary_large_image\" \/>\n<meta name=\"twitter:label1\" content=\"Becs\u00fclt olvas\u00e1si id\u0151\" \/>\n\t<meta name=\"twitter:data1\" content=\"2 perc\" \/>\n<script type=\"application\/ld+json\" class=\"yoast-schema-graph\">{\"@context\":\"https:\/\/schema.org\",\"@graph\":[{\"@type\":\"WebPage\",\"@id\":\"https:\/\/qingdaohf.com\/product\/i-beam-stake\/\",\"url\":\"https:\/\/qingdaohf.com\/product\/i-beam-stake\/\",\"name\":\"Concrete I-Beam Stake\",\"isPartOf\":{\"@id\":\"https:\/\/qingdaohf.com\/bg\/#website\"},\"primaryImageOfPage\":{\"@id\":\"https:\/\/qingdaohf.com\/product\/i-beam-stake\/#primaryimage\"},\"image\":{\"@id\":\"https:\/\/qingdaohf.com\/product\/i-beam-stake\/#primaryimage\"},\"thumbnailUrl\":\"https:\/\/qingdaohf.com\/wp-content\/uploads\/2023\/02\/i-beam-stake-1.jpg\",\"datePublished\":\"2023-02-15T02:22:34+00:00\",\"dateModified\":\"2025-11-13T01:06:18+00:00\",\"description\":\"Flat I-beam steel stakes are similar to flat steel stakes, but they have a cross-section that resembles the letter \\\"I\\\".\",\"breadcrumb\":{\"@id\":\"https:\/\/qingdaohf.com\/product\/i-beam-stake\/#breadcrumb\"},\"inLanguage\":\"hu\",\"potentialAction\":[{\"@type\":\"ReadAction\",\"target\":[\"https:\/\/qingdaohf.com\/product\/i-beam-stake\/\"]}]},{\"@type\":\"ImageObject\",\"inLanguage\":\"hu\",\"@id\":\"https:\/\/qingdaohf.com\/product\/i-beam-stake\/#primaryimage\",\"url\":\"https:\/\/qingdaohf.com\/wp-content\/uploads\/2023\/02\/i-beam-stake-1.jpg\",\"contentUrl\":\"https:\/\/qingdaohf.com\/wp-content\/uploads\/2023\/02\/i-beam-stake-1.jpg\",\"width\":1000,\"height\":1000,\"caption\":\"i-beam stake\"},{\"@type\":\"BreadcrumbList\",\"@id\":\"https:\/\/qingdaohf.com\/product\/i-beam-stake\/#breadcrumb\",\"itemListElement\":[{\"@type\":\"ListItem\",\"position\":1,\"name\":\"Home\",\"item\":\"https:\/\/qingdaohf.com\/\"},{\"@type\":\"ListItem\",\"position\":2,\"name\":\"Concrete Forming Accessories and Rigging Hardware\",\"item\":\"https:\/\/qingdaohf.com\/bg\/?page_id=944\"},{\"@type\":\"ListItem\",\"position\":3,\"name\":\"Concrete I-Beam Stake\"}]},{\"@type\":\"WebSite\",\"@id\":\"https:\/\/qingdaohf.com\/bg\/#website\",\"url\":\"https:\/\/qingdaohf.com\/bg\/\",\"name\":\"Concrete Form & Rigging Hardware Supplier\",\"description\":\"\",\"publisher\":{\"@id\":\"https:\/\/qingdaohf.com\/bg\/#organization\"},\"potentialAction\":[{\"@type\":\"SearchAction\",\"target\":{\"@type\":\"EntryPoint\",\"urlTemplate\":\"https:\/\/qingdaohf.com\/bg\/?s={search_term_string}\"},\"query-input\":{\"@type\":\"PropertyValueSpecification\",\"valueRequired\":true,\"valueName\":\"search_term_string\"}}],\"inLanguage\":\"hu\"},{\"@type\":\"Organization\",\"@id\":\"https:\/\/qingdaohf.com\/bg\/#organization\",\"name\":\"Qingdao H&F\",\"url\":\"https:\/\/qingdaohf.com\/bg\/\",\"logo\":{\"@type\":\"ImageObject\",\"inLanguage\":\"hu\",\"@id\":\"https:\/\/qingdaohf.com\/bg\/#\/schema\/logo\/image\/\",\"url\":\"https:\/\/qingdaohf.com\/wp-content\/uploads\/2022\/12\/cropped-HF-LOGO.png\",\"contentUrl\":\"https:\/\/qingdaohf.com\/wp-content\/uploads\/2022\/12\/cropped-HF-LOGO.png\",\"width\":391,\"height\":249,\"caption\":\"Qingdao H&F\"},\"image\":{\"@id\":\"https:\/\/qingdaohf.com\/bg\/#\/schema\/logo\/image\/\"},\"sameAs\":[\"https:\/\/www.facebook.com\/qingdaohf\"]}]}<\/script>\n<!-- \/ Yoast SEO plugin. -->","yoast_head_json":{"title":"Concrete I-Beam Stake","description":"Flat I-beam steel stakes are similar to flat steel stakes, but they have a cross-section that resembles the letter \"I\".","robots":{"index":"index","follow":"follow","max-snippet":"max-snippet:-1","max-image-preview":"max-image-preview:large","max-video-preview":"max-video-preview:-1"},"canonical":"https:\/\/qingdaohf.com\/hu\/termek\/i-gerenda-karo\/","og_locale":"hu_HU","og_type":"article","og_title":"Concrete I-Beam Stake","og_description":"Flat I-beam steel stakes are similar to flat steel stakes, but they have a cross-section that resembles the letter \"I\".","og_url":"https:\/\/qingdaohf.com\/hu\/termek\/i-gerenda-karo\/","og_site_name":"Concrete Form &amp; Rigging Hardware Supplier","article_publisher":"https:\/\/www.facebook.com\/qingdaohf","article_modified_time":"2025-11-13T01:06:18+00:00","og_image":[{"width":1000,"height":1000,"url":"https:\/\/qingdaohf.com\/wp-content\/uploads\/2023\/02\/i-beam-stake-1.jpg","type":"image\/jpeg"}],"twitter_card":"summary_large_image","twitter_misc":{"Becs\u00fclt olvas\u00e1si id\u0151":"2 perc"},"schema":{"@context":"https:\/\/schema.org","@graph":[{"@type":"WebPage","@id":"https:\/\/qingdaohf.com\/product\/i-beam-stake\/","url":"https:\/\/qingdaohf.com\/product\/i-beam-stake\/","name":"Concrete I-Beam Stake","isPartOf":{"@id":"https:\/\/qingdaohf.com\/bg\/#website"},"primaryImageOfPage":{"@id":"https:\/\/qingdaohf.com\/product\/i-beam-stake\/#primaryimage"},"image":{"@id":"https:\/\/qingdaohf.com\/product\/i-beam-stake\/#primaryimage"},"thumbnailUrl":"https:\/\/qingdaohf.com\/wp-content\/uploads\/2023\/02\/i-beam-stake-1.jpg","datePublished":"2023-02-15T02:22:34+00:00","dateModified":"2025-11-13T01:06:18+00:00","description":"Flat I-beam steel stakes are similar to flat steel stakes, but they have a cross-section that resembles the letter \"I\".","breadcrumb":{"@id":"https:\/\/qingdaohf.com\/product\/i-beam-stake\/#breadcrumb"},"inLanguage":"hu","potentialAction":[{"@type":"ReadAction","target":["https:\/\/qingdaohf.com\/product\/i-beam-stake\/"]}]},{"@type":"ImageObject","inLanguage":"hu","@id":"https:\/\/qingdaohf.com\/product\/i-beam-stake\/#primaryimage","url":"https:\/\/qingdaohf.com\/wp-content\/uploads\/2023\/02\/i-beam-stake-1.jpg","contentUrl":"https:\/\/qingdaohf.com\/wp-content\/uploads\/2023\/02\/i-beam-stake-1.jpg","width":1000,"height":1000,"caption":"i-beam stake"},{"@type":"BreadcrumbList","@id":"https:\/\/qingdaohf.com\/product\/i-beam-stake\/#breadcrumb","itemListElement":[{"@type":"ListItem","position":1,"name":"Home","item":"https:\/\/qingdaohf.com\/"},{"@type":"ListItem","position":2,"name":"Concrete Forming Accessories and Rigging Hardware","item":"https:\/\/qingdaohf.com\/bg\/?page_id=944"},{"@type":"ListItem","position":3,"name":"Concrete I-Beam Stake"}]},{"@type":"WebSite","@id":"https:\/\/qingdaohf.com\/bg\/#website","url":"https:\/\/qingdaohf.com\/bg\/","name":"Concrete Form & Rigging Hardware Supplier","description":"","publisher":{"@id":"https:\/\/qingdaohf.com\/bg\/#organization"},"potentialAction":[{"@type":"SearchAction","target":{"@type":"EntryPoint","urlTemplate":"https:\/\/qingdaohf.com\/bg\/?s={search_term_string}"},"query-input":{"@type":"PropertyValueSpecification","valueRequired":true,"valueName":"search_term_string"}}],"inLanguage":"hu"},{"@type":"Organization","@id":"https:\/\/qingdaohf.com\/bg\/#organization","name":"Qingdao H&F","url":"https:\/\/qingdaohf.com\/bg\/","logo":{"@type":"ImageObject","inLanguage":"hu","@id":"https:\/\/qingdaohf.com\/bg\/#\/schema\/logo\/image\/","url":"https:\/\/qingdaohf.com\/wp-content\/uploads\/2022\/12\/cropped-HF-LOGO.png","contentUrl":"https:\/\/qingdaohf.com\/wp-content\/uploads\/2022\/12\/cropped-HF-LOGO.png","width":391,"height":249,"caption":"Qingdao H&F"},"image":{"@id":"https:\/\/qingdaohf.com\/bg\/#\/schema\/logo\/image\/"},"sameAs":["https:\/\/www.facebook.com\/qingdaohf"]}]}},"_links":{"self":[{"href":"https:\/\/qingdaohf.com\/hu\/wp-json\/wp\/v2\/product\/2205","targetHints":{"allow":["GET"]}}],"collection":[{"href":"https:\/\/qingdaohf.com\/hu\/wp-json\/wp\/v2\/product"}],"about":[{"href":"https:\/\/qingdaohf.com\/hu\/wp-json\/wp\/v2\/types\/product"}],"replies":[{"embeddable":true,"href":"https:\/\/qingdaohf.com\/hu\/wp-json\/wp\/v2\/comments?post=2205"}],"version-history":[{"count":11,"href":"https:\/\/qingdaohf.com\/hu\/wp-json\/wp\/v2\/product\/2205\/revisions"}],"predecessor-version":[{"id":9252,"href":"https:\/\/qingdaohf.com\/hu\/wp-json\/wp\/v2\/product\/2205\/revisions\/9252"}],"wp:featuredmedia":[{"embeddable":true,"href":"https:\/\/qingdaohf.com\/hu\/wp-json\/wp\/v2\/media\/5425"}],"wp:attachment":[{"href":"https:\/\/qingdaohf.com\/hu\/wp-json\/wp\/v2\/media?parent=2205"}],"wp:term":[{"taxonomy":"product_brand","embeddable":true,"href":"https:\/\/qingdaohf.com\/hu\/wp-json\/wp\/v2\/product_brand?post=2205"},{"taxonomy":"product_cat","embeddable":true,"href":"https:\/\/qingdaohf.com\/hu\/wp-json\/wp\/v2\/product_cat?post=2205"},{"taxonomy":"product_tag","embeddable":true,"href":"https:\/\/qingdaohf.com\/hu\/wp-json\/wp\/v2\/product_tag?post=2205"}],"curies":[{"name":"wp","href":"https:\/\/api.w.org\/{rel}","templated":true}]}}