{"id":2312,"date":"2023-02-21T17:34:53","date_gmt":"2023-02-21T09:34:53","guid":{"rendered":"http:\/\/qingdaohf.com\/?post_type=product&#038;p=2312"},"modified":"2025-11-13T09:06:16","modified_gmt":"2025-11-13T01:06:16","slug":"slab-bolster-dipped","status":"publish","type":"product","link":"https:\/\/qingdaohf.com\/hu\/termek\/fodemparna-martott\/","title":{"rendered":"T\u00e1bla Bolster Dipped SBD"},"content":{"rendered":"<h2 data-pm-slice=\"1 1 []\">Mi az SBD (Slab Bolster Dipped)?<\/h2>\n<p>A f\u00f6d\u00e9mbet\u00e9t (SBD) a beton\u00e9p\u00edt\u00e9s egyik alapvet\u0151 fontoss\u00e1g\u00fa meger\u0151s\u00edt\u0151 kieg\u00e9sz\u00edt\u0151je, amelyet a betonac\u00e9l \u00e9s a zsaluzat k\u00f6z\u00f6tti pontos t\u00e1vols\u00e1g megtart\u00e1s\u00e1ra terveztek. Nagy szil\u00e1rds\u00e1g\u00fa ac\u00e9lb\u00f3l gy\u00e1rtj\u00e1k, \u00e9s m\u00e1rtott bevonattal l\u00e1tj\u00e1k el, \u00edgy fokozott tart\u00f3ss\u00e1got \u00e9s korr\u00f3zi\u00f3\u00e1ll\u00f3s\u00e1got biztos\u00edt. Az SBD els\u0151sorban a f\u00f6d\u00e9mekre szerelt, el\u0151regy\u00e1rtott \u00e9s d\u00f6nthet\u0151 projektekn\u00e9l haszn\u00e1latos, \u00e9s biztos\u00edtja az egyenletes betonbor\u00edt\u00e1st, ami elengedhetetlen a szerkezeti szil\u00e1rds\u00e1g \u00e9s a hossz\u00fa \u00e9lettartam szempontj\u00e1b\u00f3l. Folyamatos tart\u00f3rendszere megakad\u00e1lyozza a megereszked\u00e9st, \u00e9s a betonoz\u00e1s \u00e9s a kikem\u00e9nyed\u00e9si folyamatok sor\u00e1n biztons\u00e1gosan a hely\u00e9n tartja a meger\u0151s\u00edt\u00e9st.<\/p>\n<h2>A f\u00f6d\u00e9mek haszn\u00e1lat\u00e1nak f\u0151 el\u0151nyei (SBD)<\/h2>\n<p>Az SBD n\u00e9lk\u00fcl\u00f6zhetetlen szerepet j\u00e1tszik a kiv\u00e1l\u00f3 betonteljes\u00edtm\u00e9ny el\u00e9r\u00e9s\u00e9ben. Egyik f\u0151 el\u0151nye a m\u00e1rtott bevonatnak k\u00f6sz\u00f6nhet\u0151en a rozsd\u00e1val \u00e9s a k\u00f6rnyezeti k\u00e1rokkal szembeni ellen\u00e1ll\u00f3 k\u00e9pess\u00e9g. Ez a kieg\u00e9sz\u00edt\u0151 v\u00e9d\u0151r\u00e9teg k\u00fcl\u00f6n\u00f6sen alkalmass\u00e1 teszi a nedves vagy k\u00e9miailag agressz\u00edv k\u00f6rnyezetekben, ahol a szok\u00e1sos bevonat n\u00e9lk\u00fcli ac\u00e9l id\u0151vel t\u00f6nkremehet.<\/p>\n<p>Egy m\u00e1sik jelent\u0151s el\u0151nye, hogy k\u00e9pes a betonac\u00e9lok k\u00f6vetkezetes pozicion\u00e1l\u00e1s\u00e1t fenntartani. A megfelel\u0151 t\u00e1vols\u00e1gtart\u00e1s k\u00f6zvetlen\u00fcl befoly\u00e1solja a beton teherb\u00edr\u00f3 k\u00e9pess\u00e9g\u00e9t \u00e9s a reped\u00e9sekkel szembeni ellen\u00e1ll\u00e1s\u00e1t, \u00edgy az SBD megb\u00edzhat\u00f3 v\u00e1laszt\u00e1s a magas szerkezeti integrit\u00e1st ig\u00e9nyl\u0151 projektekhez. Ak\u00e1r kereskedelmi, lakoss\u00e1gi vagy ipari alkalmaz\u00e1sokban haszn\u00e1lj\u00e1k, az SBD hozz\u00e1j\u00e1rul az egyenletes betonvastags\u00e1ghoz \u00e9s megakad\u00e1lyozza a betonoz\u00e1s k\u00f6zbeni elmozdul\u00e1st.<\/p>\n<h2>A Slab Bolster Dipped (SBD) alkalmaz\u00e1sai<\/h2>\n<p>A Slab Bolster Dipped sokoldal\u00fa \u00e9s sz\u00e9les k\u00f6rben haszn\u00e1lj\u00e1k a k\u00fcl\u00f6nb\u00f6z\u0151 \u00e9p\u00edt\u00e9si projektekben. K\u00fcl\u00f6n\u00f6sen hat\u00e9kony az olyan s\u00edkmunk\u00e1kn\u00e1l, mint az aut\u00f3p\u00e1ly\u00e1k, hidak \u00e9s \u00e9p\u00fcletalapok, ahol a betonac\u00e9lok pontos magass\u00e1ga kritikus. Az el\u0151regy\u00e1rtott \u00fczemek is az SBD-re t\u00e1maszkodnak a betonac\u00e9l-r\u00e9tegek k\u00f6z\u00f6tti egyenletes t\u00e1vols\u00e1g fenntart\u00e1sa \u00e9rdek\u00e9ben, biztos\u00edtva a term\u00e9k egyenletes min\u0151s\u00e9g\u00e9t. A billen\u0151szerkezetes \u00e9p\u00edt\u00e9sben az SBD seg\u00edt a panelek al\u00e1t\u00e1maszt\u00e1s\u00e1ban, miel\u0151tt a hely\u00fckre emeln\u00e9k \u0151ket, \u00e9s stabilit\u00e1st biztos\u00edt a kikem\u00e9nyed\u00e9si f\u00e1zis alatt.<\/p>\n<p>A m\u00e1rtott fel\u00fcletnek k\u00f6sz\u00f6nhet\u0151en az SBD alkalmas a nedvess\u00e9gnek, j\u00e9gtelen\u00edt\u0151 s\u00f3knak vagy agressz\u00edv vegyi anyagoknak kitett k\u00f6rnyezetekre. Ez a tulajdons\u00e1ga el\u0151ny\u00f6s v\u00e1laszt\u00e1ss\u00e1 teszi az olyan infrastruktur\u00e1lis projektekhez, mint az alagutak, parkol\u00f3h\u00e1zak \u00e9s tengeri alkalmaz\u00e1sok, ahol a korr\u00f3zi\u00f3\u00e1ll\u00f3s\u00e1g els\u0151dleges fontoss\u00e1g\u00fa.<\/p>\n<h2>Mi\u00e9rt v\u00e1lassza a Qingdao H&amp;F-et a lemezboltozatos mer\u00edtett ig\u00e9nyeihez?<\/h2>\n<p>Megb\u00edzhat\u00f3 kereskedelmi v\u00e1llalatk\u00e9nt a Qingdao H&amp;F elk\u00f6telezett a magas min\u0151s\u00e9g\u0171 beton kieg\u00e9sz\u00edt\u0151k biztos\u00edt\u00e1sa mellett, p\u00e1ratlan \u00fcgyf\u00e9lszolg\u00e1lattal. Az ipar\u00e1gban kiemelked\u00fcnk azzal, hogy szem\u00e9lyes \u00fcgyf\u00e9lszolg\u00e1latot k\u00edn\u00e1lunk, biztos\u00edtva, hogy minden \u00fcgyf\u00e9l olyan szem\u00e9lyre szabott megold\u00e1sokat kapjon, amelyek megfelelnek az adott projekt k\u00f6vetelm\u00e9nyeinek. Gyors sz\u00e1ll\u00edt\u00e1si ciklusainknak k\u00f6sz\u00f6nhet\u0151en \u00d6n sz\u00fcks\u00e9gtelen k\u00e9sedelmek n\u00e9lk\u00fcl kapja meg a sz\u00fcks\u00e9ges anyagokat, \u00edgy projektjei az \u00fctemterv \u00e9s a k\u00f6lts\u00e9gvet\u00e9s keretein bel\u00fcl maradnak.<\/p>\n<p>A min\u0151s\u00e9gbiztos\u00edt\u00e1s kiemelt fontoss\u00e1g\u00fa sz\u00e1munkra. \u00c1tfog\u00f3 vizsg\u00e1lati jelent\u00e9seket ny\u00fajtunk, bele\u00e9rtve az anyagtan\u00fas\u00edtv\u00e1nyokat \u00e9s a teljes\u00edtm\u00e9nyvizsg\u00e1lati adatokat, \u00edgy \u00d6n biztos lehet term\u00e9keink megb\u00edzhat\u00f3s\u00e1g\u00e1ban. Emellett versenyk\u00e9pes \u00e1rakat k\u00edn\u00e1lunk an\u00e9lk\u00fcl, hogy a min\u0151s\u00e9g ter\u00e9n kompromisszumot k\u00f6tn\u00e9nk, \u00edgy k\u00f6lts\u00e9ghat\u00e9kony v\u00e1laszt\u00e1s vagyunk a megb\u00edzhat\u00f3 betonformakieg\u00e9sz\u00edt\u0151ket keres\u0151 v\u00e1llalkoz\u00f3k \u00e9s besz\u00e1ll\u00edt\u00f3k sz\u00e1m\u00e1ra.<\/p>\n<p>A kiv\u00e1l\u00f3s\u00e1g \u00e9s az \u00fcgyfelek el\u00e9gedetts\u00e9ge ir\u00e1nti er\u0151s elk\u00f6telezetts\u00e9ggel a Qingdao H&amp;F az \u00d6n partnere a f\u00f6d\u00e9mek \u00e9s m\u00e1s meger\u0151s\u00edt\u0151 megold\u00e1sok ter\u00e9n. Vegye fel vel\u00fcnk m\u00e9g ma a kapcsolatot, hogy t\u00f6bbet tudjon meg arr\u00f3l, hogyan t\u00e1mogathatjuk \u00e9p\u00edt\u00e9si projektjeit els\u0151rang\u00fa term\u00e9kekkel \u00e9s kiv\u00e9teles szolg\u00e1ltat\u00e1ssal.<\/p>","protected":false},"excerpt":{"rendered":"<p data-pm-slice=\"1 1 []\">Az SBD (Slab Bolster Dipped) a beton meger\u0151s\u00edt\u00e9s\u00e9nek alapvet\u0151 tartoz\u00e9ka, amely biztos\u00edtja a betonac\u00e9l pontos elhelyez\u00e9s\u00e9t \u00e9s az optim\u00e1lis szerkezeti integrit\u00e1st. A kiv\u00e1l\u00f3 korr\u00f3zi\u00f3\u00e1ll\u00f3s\u00e1got biztos\u00edt\u00f3, m\u00e1rtott fel\u00fclet\u0171 SBD megb\u00edzhat\u00f3 t\u00e1maszt\u00e9kot biztos\u00edt az el\u0151regy\u00e1rtott, el\u0151regy\u00e1rtott \u00e9s d\u00f6nthet\u0151 alkalmaz\u00e1sokhoz. A Qingdao H&amp;F-n\u00e9l garant\u00e1ljuk a pr\u00e9mium min\u0151s\u00e9get k\u00fcl\u00f6nb\u00f6z\u0151 vizsg\u00e1lati jelent\u00e9sekkel, gyors sz\u00e1ll\u00edt\u00e1si ciklusokkal \u00e9s elk\u00f6telezett, szem\u00e9lyes \u00fcgyf\u00e9lszolg\u00e1lattal, hogy egyszer\u0171s\u00edts\u00fck a v\u00e1s\u00e1rl\u00e1si \u00e9lm\u00e9nyt. Versenyk\u00e9pes \u00e1raz\u00e1sunk \u00e9s a kiv\u00e1l\u00f3s\u00e1g ir\u00e1nti elk\u00f6telezetts\u00e9g\u00fcnk megb\u00edzhat\u00f3 partnerr\u00e9 tesz minket minden \u00e9p\u00edt\u00e9si ig\u00e9nye eset\u00e9n.<\/p>","protected":false},"featured_media":8004,"comment_status":"open","ping_status":"closed","template":"","meta":{"site-sidebar-layout":"default","site-content-layout":"default","ast-site-content-layout":"default","site-content-style":"default","site-sidebar-style":"default","ast-global-header-display":"","ast-banner-title-visibility":"","ast-main-header-display":"","ast-hfb-above-header-display":"","ast-hfb-below-header-display":"","ast-hfb-mobile-header-display":"","site-post-title":"","ast-breadcrumbs-content":"","ast-featured-img":"","footer-sml-layout":"","theme-transparent-header-meta":"default","adv-header-id-meta":"","stick-header-meta":"default","header-above-stick-meta":"","header-main-stick-meta":"","header-below-stick-meta":"","astra-migrate-meta-layouts":"set","ast-page-background-enabled":"default","ast-page-background-meta":{"desktop":{"background-color":"","background-image":"","background-repeat":"repeat","background-position":"center center","background-size":"auto","background-attachment":"scroll","background-type":"","background-media":"","overlay-type":"","overlay-color":"","overlay-opacity":"","overlay-gradient":""},"tablet":{"background-color":"","background-image":"","background-repeat":"repeat","background-position":"center center","background-size":"auto","background-attachment":"scroll","background-type":"","background-media":"","overlay-type":"","overlay-color":"","overlay-opacity":"","overlay-gradient":""},"mobile":{"background-color":"","background-image":"","background-repeat":"repeat","background-position":"center center","background-size":"auto","background-attachment":"scroll","background-type":"","background-media":"","overlay-type":"","overlay-color":"","overlay-opacity":"","overlay-gradient":""}},"ast-content-background-meta":{"desktop":{"background-color":"var(--ast-global-color-5)","background-image":"","background-repeat":"repeat","background-position":"center center","background-size":"auto","background-attachment":"scroll","background-type":"","background-media":"","overlay-type":"","overlay-color":"","overlay-opacity":"","overlay-gradient":""},"tablet":{"background-color":"var(--ast-global-color-5)","background-image":"","background-repeat":"repeat","background-position":"center center","background-size":"auto","background-attachment":"scroll","background-type":"","background-media":"","overlay-type":"","overlay-color":"","overlay-opacity":"","overlay-gradient":""},"mobile":{"background-color":"var(--ast-global-color-5)","background-image":"","background-repeat":"repeat","background-position":"center center","background-size":"auto","background-attachment":"scroll","background-type":"","background-media":"","overlay-type":"","overlay-color":"","overlay-opacity":"","overlay-gradient":""}}},"product_brand":[],"product_cat":[35],"product_tag":[],"class_list":{"0":"post-2312","1":"product","2":"type-product","3":"status-publish","4":"has-post-thumbnail","6":"product_cat-concrete-rebar-support","7":"desktop-align-left","8":"tablet-align-left","9":"mobile-align-left","10":"ast-product-gallery-layout-horizontal-slider","11":"ast-product-tabs-layout-horizontal","13":"first","14":"instock","15":"shipping-taxable","16":"purchasable","17":"product-type-simple"},"yoast_head":"<!-- This site is optimized with the Yoast SEO plugin v25.2 - https:\/\/yoast.com\/wordpress\/plugins\/seo\/ -->\n<title>Slab Bolster Dipped SBD<\/title>\n<meta name=\"description\" content=\"Slab Bolster Dipped (SBD) is an essential accessory for concrete reinforcement, ensuring precise rebar placement and optimal structural integrity.\" \/>\n<meta name=\"robots\" content=\"index, follow, max-snippet:-1, max-image-preview:large, max-video-preview:-1\" \/>\n<link rel=\"canonical\" href=\"https:\/\/qingdaohf.com\/hu\/termek\/fodemparna-martott\/\" \/>\n<meta property=\"og:locale\" content=\"hu_HU\" \/>\n<meta property=\"og:type\" content=\"article\" \/>\n<meta property=\"og:title\" content=\"Slab Bolster Dipped SBD\" \/>\n<meta property=\"og:description\" content=\"Slab Bolster Dipped (SBD) is an essential accessory for concrete reinforcement, ensuring precise rebar placement and optimal structural integrity.\" \/>\n<meta property=\"og:url\" content=\"https:\/\/qingdaohf.com\/hu\/termek\/fodemparna-martott\/\" \/>\n<meta property=\"og:site_name\" content=\"Concrete Form &amp; Rigging Hardware Supplier\" \/>\n<meta property=\"article:publisher\" content=\"https:\/\/www.facebook.com\/qingdaohf\" \/>\n<meta property=\"article:modified_time\" content=\"2025-11-13T01:06:16+00:00\" \/>\n<meta property=\"og:image\" content=\"https:\/\/qingdaohf.com\/wp-content\/uploads\/2023\/02\/Slab-Bolster-Dipped-1-1.jpg\" \/>\n\t<meta property=\"og:image:width\" content=\"1000\" \/>\n\t<meta property=\"og:image:height\" content=\"1000\" \/>\n\t<meta property=\"og:image:type\" content=\"image\/jpeg\" \/>\n<meta name=\"twitter:card\" content=\"summary_large_image\" \/>\n<meta name=\"twitter:label1\" content=\"Becs\u00fclt olvas\u00e1si id\u0151\" \/>\n\t<meta name=\"twitter:data1\" content=\"3 perc\" \/>\n<script type=\"application\/ld+json\" class=\"yoast-schema-graph\">{\"@context\":\"https:\/\/schema.org\",\"@graph\":[{\"@type\":\"WebPage\",\"@id\":\"https:\/\/qingdaohf.com\/product\/slab-bolster-dipped\/\",\"url\":\"https:\/\/qingdaohf.com\/product\/slab-bolster-dipped\/\",\"name\":\"Slab Bolster Dipped SBD\",\"isPartOf\":{\"@id\":\"https:\/\/qingdaohf.com\/bg\/#website\"},\"primaryImageOfPage\":{\"@id\":\"https:\/\/qingdaohf.com\/product\/slab-bolster-dipped\/#primaryimage\"},\"image\":{\"@id\":\"https:\/\/qingdaohf.com\/product\/slab-bolster-dipped\/#primaryimage\"},\"thumbnailUrl\":\"https:\/\/qingdaohf.com\/wp-content\/uploads\/2023\/02\/Slab-Bolster-Dipped-1-1.jpg\",\"datePublished\":\"2023-02-21T09:34:53+00:00\",\"dateModified\":\"2025-11-13T01:06:16+00:00\",\"description\":\"Slab Bolster Dipped (SBD) is an essential accessory for concrete reinforcement, ensuring precise rebar placement and optimal structural integrity.\",\"breadcrumb\":{\"@id\":\"https:\/\/qingdaohf.com\/product\/slab-bolster-dipped\/#breadcrumb\"},\"inLanguage\":\"hu\",\"potentialAction\":[{\"@type\":\"ReadAction\",\"target\":[\"https:\/\/qingdaohf.com\/product\/slab-bolster-dipped\/\"]}]},{\"@type\":\"ImageObject\",\"inLanguage\":\"hu\",\"@id\":\"https:\/\/qingdaohf.com\/product\/slab-bolster-dipped\/#primaryimage\",\"url\":\"https:\/\/qingdaohf.com\/wp-content\/uploads\/2023\/02\/Slab-Bolster-Dipped-1-1.jpg\",\"contentUrl\":\"https:\/\/qingdaohf.com\/wp-content\/uploads\/2023\/02\/Slab-Bolster-Dipped-1-1.jpg\",\"width\":1000,\"height\":1000,\"caption\":\"Slab Bolster Dipped\"},{\"@type\":\"BreadcrumbList\",\"@id\":\"https:\/\/qingdaohf.com\/product\/slab-bolster-dipped\/#breadcrumb\",\"itemListElement\":[{\"@type\":\"ListItem\",\"position\":1,\"name\":\"Home\",\"item\":\"https:\/\/qingdaohf.com\/\"},{\"@type\":\"ListItem\",\"position\":2,\"name\":\"Concrete Forming Accessories and Rigging Hardware\",\"item\":\"https:\/\/qingdaohf.com\/bg\/?page_id=944\"},{\"@type\":\"ListItem\",\"position\":3,\"name\":\"Slab Bolster Dipped SBD\"}]},{\"@type\":\"WebSite\",\"@id\":\"https:\/\/qingdaohf.com\/bg\/#website\",\"url\":\"https:\/\/qingdaohf.com\/bg\/\",\"name\":\"Concrete Form & Rigging Hardware Supplier\",\"description\":\"\",\"publisher\":{\"@id\":\"https:\/\/qingdaohf.com\/bg\/#organization\"},\"potentialAction\":[{\"@type\":\"SearchAction\",\"target\":{\"@type\":\"EntryPoint\",\"urlTemplate\":\"https:\/\/qingdaohf.com\/bg\/?s={search_term_string}\"},\"query-input\":{\"@type\":\"PropertyValueSpecification\",\"valueRequired\":true,\"valueName\":\"search_term_string\"}}],\"inLanguage\":\"hu\"},{\"@type\":\"Organization\",\"@id\":\"https:\/\/qingdaohf.com\/bg\/#organization\",\"name\":\"Qingdao H&F\",\"url\":\"https:\/\/qingdaohf.com\/bg\/\",\"logo\":{\"@type\":\"ImageObject\",\"inLanguage\":\"hu\",\"@id\":\"https:\/\/qingdaohf.com\/bg\/#\/schema\/logo\/image\/\",\"url\":\"https:\/\/qingdaohf.com\/wp-content\/uploads\/2022\/12\/cropped-HF-LOGO.png\",\"contentUrl\":\"https:\/\/qingdaohf.com\/wp-content\/uploads\/2022\/12\/cropped-HF-LOGO.png\",\"width\":391,\"height\":249,\"caption\":\"Qingdao H&F\"},\"image\":{\"@id\":\"https:\/\/qingdaohf.com\/bg\/#\/schema\/logo\/image\/\"},\"sameAs\":[\"https:\/\/www.facebook.com\/qingdaohf\"]}]}<\/script>\n<!-- \/ Yoast SEO plugin. -->","yoast_head_json":{"title":"Slab Bolster Dipped SBD","description":"Slab Bolster Dipped (SBD) is an essential accessory for concrete reinforcement, ensuring precise rebar placement and optimal structural integrity.","robots":{"index":"index","follow":"follow","max-snippet":"max-snippet:-1","max-image-preview":"max-image-preview:large","max-video-preview":"max-video-preview:-1"},"canonical":"https:\/\/qingdaohf.com\/hu\/termek\/fodemparna-martott\/","og_locale":"hu_HU","og_type":"article","og_title":"Slab Bolster Dipped SBD","og_description":"Slab Bolster Dipped (SBD) is an essential accessory for concrete reinforcement, ensuring precise rebar placement and optimal structural integrity.","og_url":"https:\/\/qingdaohf.com\/hu\/termek\/fodemparna-martott\/","og_site_name":"Concrete Form &amp; Rigging Hardware Supplier","article_publisher":"https:\/\/www.facebook.com\/qingdaohf","article_modified_time":"2025-11-13T01:06:16+00:00","og_image":[{"width":1000,"height":1000,"url":"https:\/\/qingdaohf.com\/wp-content\/uploads\/2023\/02\/Slab-Bolster-Dipped-1-1.jpg","type":"image\/jpeg"}],"twitter_card":"summary_large_image","twitter_misc":{"Becs\u00fclt olvas\u00e1si id\u0151":"3 perc"},"schema":{"@context":"https:\/\/schema.org","@graph":[{"@type":"WebPage","@id":"https:\/\/qingdaohf.com\/product\/slab-bolster-dipped\/","url":"https:\/\/qingdaohf.com\/product\/slab-bolster-dipped\/","name":"Slab Bolster Dipped SBD","isPartOf":{"@id":"https:\/\/qingdaohf.com\/bg\/#website"},"primaryImageOfPage":{"@id":"https:\/\/qingdaohf.com\/product\/slab-bolster-dipped\/#primaryimage"},"image":{"@id":"https:\/\/qingdaohf.com\/product\/slab-bolster-dipped\/#primaryimage"},"thumbnailUrl":"https:\/\/qingdaohf.com\/wp-content\/uploads\/2023\/02\/Slab-Bolster-Dipped-1-1.jpg","datePublished":"2023-02-21T09:34:53+00:00","dateModified":"2025-11-13T01:06:16+00:00","description":"Slab Bolster Dipped (SBD) is an essential accessory for concrete reinforcement, ensuring precise rebar placement and optimal structural integrity.","breadcrumb":{"@id":"https:\/\/qingdaohf.com\/product\/slab-bolster-dipped\/#breadcrumb"},"inLanguage":"hu","potentialAction":[{"@type":"ReadAction","target":["https:\/\/qingdaohf.com\/product\/slab-bolster-dipped\/"]}]},{"@type":"ImageObject","inLanguage":"hu","@id":"https:\/\/qingdaohf.com\/product\/slab-bolster-dipped\/#primaryimage","url":"https:\/\/qingdaohf.com\/wp-content\/uploads\/2023\/02\/Slab-Bolster-Dipped-1-1.jpg","contentUrl":"https:\/\/qingdaohf.com\/wp-content\/uploads\/2023\/02\/Slab-Bolster-Dipped-1-1.jpg","width":1000,"height":1000,"caption":"Slab Bolster Dipped"},{"@type":"BreadcrumbList","@id":"https:\/\/qingdaohf.com\/product\/slab-bolster-dipped\/#breadcrumb","itemListElement":[{"@type":"ListItem","position":1,"name":"Home","item":"https:\/\/qingdaohf.com\/"},{"@type":"ListItem","position":2,"name":"Concrete Forming Accessories and Rigging Hardware","item":"https:\/\/qingdaohf.com\/bg\/?page_id=944"},{"@type":"ListItem","position":3,"name":"Slab Bolster Dipped SBD"}]},{"@type":"WebSite","@id":"https:\/\/qingdaohf.com\/bg\/#website","url":"https:\/\/qingdaohf.com\/bg\/","name":"Concrete Form & Rigging Hardware Supplier","description":"","publisher":{"@id":"https:\/\/qingdaohf.com\/bg\/#organization"},"potentialAction":[{"@type":"SearchAction","target":{"@type":"EntryPoint","urlTemplate":"https:\/\/qingdaohf.com\/bg\/?s={search_term_string}"},"query-input":{"@type":"PropertyValueSpecification","valueRequired":true,"valueName":"search_term_string"}}],"inLanguage":"hu"},{"@type":"Organization","@id":"https:\/\/qingdaohf.com\/bg\/#organization","name":"Qingdao H&F","url":"https:\/\/qingdaohf.com\/bg\/","logo":{"@type":"ImageObject","inLanguage":"hu","@id":"https:\/\/qingdaohf.com\/bg\/#\/schema\/logo\/image\/","url":"https:\/\/qingdaohf.com\/wp-content\/uploads\/2022\/12\/cropped-HF-LOGO.png","contentUrl":"https:\/\/qingdaohf.com\/wp-content\/uploads\/2022\/12\/cropped-HF-LOGO.png","width":391,"height":249,"caption":"Qingdao H&F"},"image":{"@id":"https:\/\/qingdaohf.com\/bg\/#\/schema\/logo\/image\/"},"sameAs":["https:\/\/www.facebook.com\/qingdaohf"]}]}},"_links":{"self":[{"href":"https:\/\/qingdaohf.com\/hu\/wp-json\/wp\/v2\/product\/2312","targetHints":{"allow":["GET"]}}],"collection":[{"href":"https:\/\/qingdaohf.com\/hu\/wp-json\/wp\/v2\/product"}],"about":[{"href":"https:\/\/qingdaohf.com\/hu\/wp-json\/wp\/v2\/types\/product"}],"replies":[{"embeddable":true,"href":"https:\/\/qingdaohf.com\/hu\/wp-json\/wp\/v2\/comments?post=2312"}],"version-history":[{"count":11,"href":"https:\/\/qingdaohf.com\/hu\/wp-json\/wp\/v2\/product\/2312\/revisions"}],"predecessor-version":[{"id":10248,"href":"https:\/\/qingdaohf.com\/hu\/wp-json\/wp\/v2\/product\/2312\/revisions\/10248"}],"wp:featuredmedia":[{"embeddable":true,"href":"https:\/\/qingdaohf.com\/hu\/wp-json\/wp\/v2\/media\/8004"}],"wp:attachment":[{"href":"https:\/\/qingdaohf.com\/hu\/wp-json\/wp\/v2\/media?parent=2312"}],"wp:term":[{"taxonomy":"product_brand","embeddable":true,"href":"https:\/\/qingdaohf.com\/hu\/wp-json\/wp\/v2\/product_brand?post=2312"},{"taxonomy":"product_cat","embeddable":true,"href":"https:\/\/qingdaohf.com\/hu\/wp-json\/wp\/v2\/product_cat?post=2312"},{"taxonomy":"product_tag","embeddable":true,"href":"https:\/\/qingdaohf.com\/hu\/wp-json\/wp\/v2\/product_tag?post=2312"}],"curies":[{"name":"wp","href":"https:\/\/api.w.org\/{rel}","templated":true}]}}