{"id":2316,"date":"2023-02-22T10:23:19","date_gmt":"2023-02-22T02:23:19","guid":{"rendered":"http:\/\/qingdaohf.com\/?post_type=product&#038;p=2316"},"modified":"2025-11-13T09:06:16","modified_gmt":"2025-11-13T01:06:16","slug":"lifting-clutch","status":"publish","type":"product","link":"https:\/\/qingdaohf.com\/hu\/termek\/emelokuplung\/","title":{"rendered":"Beton emel\u0151 kuplung | Gy\u0171r\u0171 el\u0151regy\u00e1rtott betonhoz"},"content":{"rendered":"<div class=\"ast-oembed-container\" style=\"height: 100%;\"><iframe title=\"Emel\u0151 rendszer Emel\u0151 tengelykapcsol\u00f3 Gy\u0171r\u0171s tengelykapcsol\u00f3\" width=\"500\" height=\"375\" src=\"https:\/\/www.youtube.com\/embed\/2t3mD7-W5ng?feature=oembed\" frameborder=\"0\" allow=\"accelerometer; autoplay; clipboard-write; encrypted-media; gyroscope; picture-in-picture; web-share\" referrerpolicy=\"strict-origin-when-cross-origin\" allowfullscreen><\/iframe><\/div>\n<p>Az emel\u0151kuplungot \u00fagy tervezt\u00e9k, hogy a terhel\u00e9st egyenletesen ossza el t\u00f6bb ponton, cs\u00f6kkentve az egy pontra nehezed\u0151 terhel\u00e9st, \u00e9s minimaliz\u00e1lva a teher elcs\u00fasz\u00e1s\u00e1nak vagy egyens\u00falyveszt\u00e9s\u00e9nek kock\u00e1zat\u00e1t emel\u00e9s k\u00f6zben. Ez teszi azt a neh\u00e9z \u00e9s terjedelmes t\u00e1rgyak, p\u00e9ld\u00e1ul el\u0151regy\u00e1rtott betonelemek, ac\u00e9lgerend\u00e1k \u00e9s g\u00e9pek emel\u00e9s\u00e9hez n\u00e9lk\u00fcl\u00f6zhetetlen eszk\u00f6zz\u00e9.<\/p>\n<p>Az emel\u0151 tengelykapcsol\u00f3k k\u00fcl\u00f6nb\u00f6z\u0151 m\u00e9retekben \u00e9s s\u00falykapacit\u00e1sokban kaphat\u00f3k a k\u00fcl\u00f6nb\u00f6z\u0151 terhel\u00e9si ig\u00e9nyeknek val\u00f3 megfelel\u00e9s \u00e9rdek\u00e9ben. Gyakran nagy szil\u00e1rds\u00e1g\u00fa ac\u00e9lb\u00f3l k\u00e9sz\u00fclnek, hogy ellen\u00e1lljanak a neh\u00e9z terhek emel\u00e9s\u00e9vel j\u00e1r\u00f3 ig\u00e9nybev\u00e9telnek, \u00e9s \u00fagy tervezt\u00e9k \u0151ket, hogy megfeleljenek a nemzetk\u00f6zi biztons\u00e1gi szabv\u00e1nyoknak.<\/p>\n<h3 class=\"wp-block-heading has-medium-font-size\"><strong>Anyag \u00e9s szerkezet:<\/strong><\/h3>\n<p>Az el\u0151regy\u00e1rtott emel\u0151kuplungok jellemz\u0151en nagy szil\u00e1rds\u00e1g\u00fa ac\u00e9lb\u00f3l k\u00e9sz\u00fclnek, hogy ellen\u00e1lljanak a neh\u00e9z terhek emel\u00e9s\u00e9nek. Az ac\u00e9lszerkezet biztos\u00edtja a tart\u00f3ss\u00e1got \u00e9s a megb\u00edzhat\u00f3s\u00e1got, ami alkalmass\u00e1 teszi \u0151ket a k\u00fcl\u00f6nb\u00f6z\u0151 \u00e9p\u00edt\u00e9si k\u00f6rnyezetekben val\u00f3 haszn\u00e1latra. A tengelykapcsol\u00f3kat \u00fagy tervezt\u00e9k, hogy megfeleljenek a meghat\u00e1rozott teherb\u00edr\u00f3 k\u00e9pess\u00e9geknek, \u00edgy biztos\u00edtva, hogy biztons\u00e1gosan emeljenek \u00e9s sz\u00e1ll\u00edtsanak k\u00fcl\u00f6nb\u00f6z\u0151 m\u00e9ret\u0171 \u00e9s s\u00faly\u00fa el\u0151regy\u00e1rtott betonelemeket.<\/p>\n<h3 class=\"wp-block-heading has-medium-font-size\"><strong>Tervez\u00e9s \u00e9s funkcionalit\u00e1s:<\/strong><\/h3>\n<p>Az el\u0151regy\u00e1rtott emel\u0151kuplungok kialak\u00edt\u00e1s\u00e1t robusztus \u00e9s kompakt szerkezet jellemzi, amely horog- vagy hurokmechanizmussal rendelkezik, amely biztons\u00e1gosan r\u00f6gz\u00fcl az el\u0151regy\u00e1rtott betonelemekbe \u00e1gyazott emel\u0151horgonyokhoz. Ez a r\u00f6gz\u00edt\u00e9s stabil kapcsolatot biztos\u00edt az emel\u0151kuplung \u00e9s a betonelem k\u00f6z\u00f6tt, lehet\u0151v\u00e9 t\u00e9ve a biztons\u00e1gos emel\u00e9st \u00e9s kezel\u00e9st.<\/p>\n<h3 class=\"wp-block-heading has-medium-font-size\"><strong>Alkalmaz\u00e1si forgat\u00f3k\u00f6nyvek:<\/strong><\/h3>\n<p>Az el\u0151regy\u00e1rtott emel\u0151kuplungokat sz\u00e9les k\u00f6rben haszn\u00e1lj\u00e1k sz\u00e1mos \u00e9p\u00edt\u0151ipari alkalmaz\u00e1sban, t\u00f6bbek k\u00f6z\u00f6tt:<\/p>\n<p><strong>El\u0151regy\u00e1rtott betongy\u00e1rt\u00f3 \u00fczemek:<\/strong>\u00a0Az emel\u0151kuplungokat a gy\u00e1rt\u00e1si folyamat sor\u00e1n az el\u0151regy\u00e1rtott betonelemek emel\u00e9s\u00e9re \u00e9s sz\u00e1ll\u00edt\u00e1s\u00e1ra haszn\u00e1lj\u00e1k a gy\u00e1rt\u00f3\u00fczemben.<\/p>\n<p><strong>\u00c9p\u00edt\u00e9si ter\u00fcletek:<\/strong>\u00a0Az emel\u0151kuplungok n\u00e9lk\u00fcl\u00f6zhetetlenek az el\u0151regy\u00e1rtott betonelemek emel\u00e9s\u00e9hez \u00e9s be\u00e9p\u00edt\u00e9s\u00e9hez az \u00e9p\u00edtkez\u00e9seken, bele\u00e9rtve az \u00e9p\u00fcleteket, hidakat, parkol\u00f3h\u00e1zakat \u00e9s infrastruktur\u00e1lis projekteket.<\/p>\n<p><strong>Retrofit \u00e9s fel\u00faj\u00edt\u00e1si projektek:<\/strong>\u00a0Az emel\u0151kuplungokat ut\u00f3lagos \u00e1talak\u00edt\u00e1si \u00e9s fel\u00faj\u00edt\u00e1si projektekben is haszn\u00e1lj\u00e1k, amelyek sor\u00e1n el\u0151regy\u00e1rtott betonelemeket szerelnek be megl\u00e9v\u0151 szerkezetekbe.<\/p>\n<h3 class=\"wp-block-heading has-medium-font-size\"><strong>Az el\u0151regy\u00e1rtott emel\u0151kuplungok haszn\u00e1lat\u00e1nak el\u0151nyei:<\/strong><\/h3>\n<p><strong>Biztons\u00e1g:<\/strong>\u00a0Az el\u0151regy\u00e1rtott emel\u0151kuplungokat \u00fagy tervezt\u00e9k, hogy biztos r\u00f6gz\u00edt\u00e9st biztos\u00edtsanak az el\u0151regy\u00e1rtott betonelemekhez, minimaliz\u00e1lva a balesetek \u00e9s balesetek kock\u00e1zat\u00e1t az emel\u00e9si m\u0171veletek sor\u00e1n.<\/p>\n<p><strong>Hat\u00e9konys\u00e1g:<\/strong>\u00a0Az emel\u0151kuplungok haszn\u00e1lata egyszer\u0171s\u00edti az emel\u00e9si \u00e9s kezel\u00e9si folyamatot, lehet\u0151v\u00e9 t\u00e9ve az el\u0151regy\u00e1rtott betonelemek gyorsabb \u00e9s hat\u00e9konyabb be\u00e9p\u00edt\u00e9s\u00e9t.<\/p>\n<p><strong>Sokoldal\u00fas\u00e1g:<\/strong>\u00a0Az el\u0151regy\u00e1rtott emel\u0151kuplungok kompatibilisek a k\u00fcl\u00f6nb\u00f6z\u0151 t\u00edpus\u00fa emel\u0151berendez\u00e9sekkel, bele\u00e9rtve a darukat, emel\u0151ket \u00e9s targonc\u00e1kat, \u00edgy az \u00e9p\u00edt\u0151ipari alkalmaz\u00e1sok sz\u00e9les sk\u00e1l\u00e1j\u00e1n alkalmazhat\u00f3k.<\/p>\n<p><strong>K\u00f6lts\u00e9ghat\u00e9konys\u00e1g:<\/strong>\u00a0A gyorsabb telep\u00edt\u00e9si id\u0151k el\u0151seg\u00edt\u00e9s\u00e9vel \u00e9s a k\u00e9zi munka sz\u00fcks\u00e9gess\u00e9g\u00e9nek minimaliz\u00e1l\u00e1s\u00e1val az el\u0151regy\u00e1rtott emel\u0151kuplungok seg\u00edtenek cs\u00f6kkenteni a projekt teljes k\u00f6lts\u00e9g\u00e9t.<\/p>","protected":false},"excerpt":{"rendered":"<p>Az emel\u0151kuplung vagy gy\u0171r\u0171s emel\u0151 egy olyan eszk\u00f6z, amelyet az emel\u0151rendszerekben haszn\u00e1lnak a neh\u00e9z terhek biztons\u00e1gos \u00e9s hat\u00e9kony r\u00f6gz\u00edt\u00e9s\u00e9re \u00e9s emel\u00e9s\u00e9re. Egy f\u00e9mgy\u0171r\u0171b\u0151l vagy kamp\u00f3kb\u00f3l \u00e1ll, amely a teherhez r\u00f6gz\u00edthet\u0151 \u00e9s az emel\u0151berendez\u00e9shez, p\u00e9ld\u00e1ul daruhoz vagy emel\u0151h\u00f6z csatlakoztathat\u00f3.<\/p>","protected":false},"featured_media":3188,"comment_status":"open","ping_status":"closed","template":"","meta":{"site-sidebar-layout":"default","site-content-layout":"default","ast-site-content-layout":"default","site-content-style":"default","site-sidebar-style":"default","ast-global-header-display":"","ast-banner-title-visibility":"","ast-main-header-display":"","ast-hfb-above-header-display":"","ast-hfb-below-header-display":"","ast-hfb-mobile-header-display":"","site-post-title":"","ast-breadcrumbs-content":"","ast-featured-img":"","footer-sml-layout":"","theme-transparent-header-meta":"default","adv-header-id-meta":"","stick-header-meta":"default","header-above-stick-meta":"","header-main-stick-meta":"","header-below-stick-meta":"","astra-migrate-meta-layouts":"set","ast-page-background-enabled":"default","ast-page-background-meta":{"desktop":{"background-color":"","background-image":"","background-repeat":"repeat","background-position":"center center","background-size":"auto","background-attachment":"scroll","background-type":"","background-media":"","overlay-type":"","overlay-color":"","overlay-opacity":"","overlay-gradient":""},"tablet":{"background-color":"","background-image":"","background-repeat":"repeat","background-position":"center center","background-size":"auto","background-attachment":"scroll","background-type":"","background-media":"","overlay-type":"","overlay-color":"","overlay-opacity":"","overlay-gradient":""},"mobile":{"background-color":"","background-image":"","background-repeat":"repeat","background-position":"center center","background-size":"auto","background-attachment":"scroll","background-type":"","background-media":"","overlay-type":"","overlay-color":"","overlay-opacity":"","overlay-gradient":""}},"ast-content-background-meta":{"desktop":{"background-color":"var(--ast-global-color-5)","background-image":"","background-repeat":"repeat","background-position":"center center","background-size":"auto","background-attachment":"scroll","background-type":"","background-media":"","overlay-type":"","overlay-color":"","overlay-opacity":"","overlay-gradient":""},"tablet":{"background-color":"var(--ast-global-color-5)","background-image":"","background-repeat":"repeat","background-position":"center center","background-size":"auto","background-attachment":"scroll","background-type":"","background-media":"","overlay-type":"","overlay-color":"","overlay-opacity":"","overlay-gradient":""},"mobile":{"background-color":"var(--ast-global-color-5)","background-image":"","background-repeat":"repeat","background-position":"center center","background-size":"auto","background-attachment":"scroll","background-type":"","background-media":"","overlay-type":"","overlay-color":"","overlay-opacity":"","overlay-gradient":""}}},"product_brand":[],"product_cat":[30],"product_tag":[],"class_list":{"0":"post-2316","1":"product","2":"type-product","3":"status-publish","4":"has-post-thumbnail","6":"product_cat-lifting-anchor","7":"desktop-align-left","8":"tablet-align-left","9":"mobile-align-left","10":"ast-product-gallery-layout-horizontal-slider","11":"ast-product-tabs-layout-horizontal","13":"first","14":"instock","15":"shipping-taxable","16":"purchasable","17":"product-type-simple"},"yoast_head":"<!-- This site is optimized with the Yoast SEO plugin v25.2 - https:\/\/yoast.com\/wordpress\/plugins\/seo\/ -->\n<title>Concrete Lifting Clutch | Ring for Precast Concrete<\/title>\n<meta name=\"description\" content=\"A Lifting Clutch or Ring Lifting is a tool used in lifting systems to attach and lift heavy loads safely and efficiently.\" \/>\n<meta name=\"robots\" content=\"index, follow, max-snippet:-1, max-image-preview:large, max-video-preview:-1\" \/>\n<link rel=\"canonical\" href=\"https:\/\/qingdaohf.com\/hu\/termek\/emelokuplung\/\" \/>\n<meta property=\"og:locale\" content=\"hu_HU\" \/>\n<meta property=\"og:type\" content=\"article\" \/>\n<meta property=\"og:title\" content=\"Concrete Lifting Clutch | Ring for Precast Concrete\" \/>\n<meta property=\"og:description\" content=\"A Lifting Clutch or Ring Lifting is a tool used in lifting systems to attach and lift heavy loads safely and efficiently.\" \/>\n<meta property=\"og:url\" content=\"https:\/\/qingdaohf.com\/hu\/termek\/emelokuplung\/\" \/>\n<meta property=\"og:site_name\" content=\"Concrete Form &amp; Rigging Hardware Supplier\" \/>\n<meta property=\"article:publisher\" content=\"https:\/\/www.facebook.com\/qingdaohf\" \/>\n<meta property=\"article:modified_time\" content=\"2025-11-13T01:06:16+00:00\" \/>\n<meta property=\"og:image\" content=\"https:\/\/qingdaohf.com\/wp-content\/uploads\/2023\/02\/Lifting-clutchring-lifting-2.jpg\" \/>\n\t<meta property=\"og:image:width\" content=\"1000\" \/>\n\t<meta property=\"og:image:height\" content=\"1000\" \/>\n\t<meta property=\"og:image:type\" content=\"image\/jpeg\" \/>\n<meta name=\"twitter:card\" content=\"summary_large_image\" \/>\n<meta name=\"twitter:label1\" content=\"Becs\u00fclt olvas\u00e1si id\u0151\" \/>\n\t<meta name=\"twitter:data1\" content=\"2 perc\" \/>\n<script type=\"application\/ld+json\" class=\"yoast-schema-graph\">{\"@context\":\"https:\/\/schema.org\",\"@graph\":[{\"@type\":\"WebPage\",\"@id\":\"https:\/\/qingdaohf.com\/product\/lifting-clutch\/\",\"url\":\"https:\/\/qingdaohf.com\/product\/lifting-clutch\/\",\"name\":\"Concrete Lifting Clutch | Ring for Precast Concrete\",\"isPartOf\":{\"@id\":\"https:\/\/qingdaohf.com\/bg\/#website\"},\"primaryImageOfPage\":{\"@id\":\"https:\/\/qingdaohf.com\/product\/lifting-clutch\/#primaryimage\"},\"image\":{\"@id\":\"https:\/\/qingdaohf.com\/product\/lifting-clutch\/#primaryimage\"},\"thumbnailUrl\":\"https:\/\/qingdaohf.com\/wp-content\/uploads\/2023\/02\/Lifting-clutchring-lifting-2.jpg\",\"datePublished\":\"2023-02-22T02:23:19+00:00\",\"dateModified\":\"2025-11-13T01:06:16+00:00\",\"description\":\"A Lifting Clutch or Ring Lifting is a tool used in lifting systems to attach and lift heavy loads safely and efficiently.\",\"breadcrumb\":{\"@id\":\"https:\/\/qingdaohf.com\/product\/lifting-clutch\/#breadcrumb\"},\"inLanguage\":\"hu\",\"potentialAction\":[{\"@type\":\"ReadAction\",\"target\":[\"https:\/\/qingdaohf.com\/product\/lifting-clutch\/\"]}]},{\"@type\":\"ImageObject\",\"inLanguage\":\"hu\",\"@id\":\"https:\/\/qingdaohf.com\/product\/lifting-clutch\/#primaryimage\",\"url\":\"https:\/\/qingdaohf.com\/wp-content\/uploads\/2023\/02\/Lifting-clutchring-lifting-2.jpg\",\"contentUrl\":\"https:\/\/qingdaohf.com\/wp-content\/uploads\/2023\/02\/Lifting-clutchring-lifting-2.jpg\",\"width\":1000,\"height\":1000,\"caption\":\"Lifting Clutch \\\\Ring Lifting\"},{\"@type\":\"BreadcrumbList\",\"@id\":\"https:\/\/qingdaohf.com\/product\/lifting-clutch\/#breadcrumb\",\"itemListElement\":[{\"@type\":\"ListItem\",\"position\":1,\"name\":\"Home\",\"item\":\"https:\/\/qingdaohf.com\/\"},{\"@type\":\"ListItem\",\"position\":2,\"name\":\"Concrete Forming Accessories and Rigging Hardware\",\"item\":\"https:\/\/qingdaohf.com\/bg\/?page_id=944\"},{\"@type\":\"ListItem\",\"position\":3,\"name\":\"Concrete Lifting Clutch | Ring for Precast Concrete\"}]},{\"@type\":\"WebSite\",\"@id\":\"https:\/\/qingdaohf.com\/bg\/#website\",\"url\":\"https:\/\/qingdaohf.com\/bg\/\",\"name\":\"Concrete Form & Rigging Hardware Supplier\",\"description\":\"\",\"publisher\":{\"@id\":\"https:\/\/qingdaohf.com\/bg\/#organization\"},\"potentialAction\":[{\"@type\":\"SearchAction\",\"target\":{\"@type\":\"EntryPoint\",\"urlTemplate\":\"https:\/\/qingdaohf.com\/bg\/?s={search_term_string}\"},\"query-input\":{\"@type\":\"PropertyValueSpecification\",\"valueRequired\":true,\"valueName\":\"search_term_string\"}}],\"inLanguage\":\"hu\"},{\"@type\":\"Organization\",\"@id\":\"https:\/\/qingdaohf.com\/bg\/#organization\",\"name\":\"Qingdao H&F\",\"url\":\"https:\/\/qingdaohf.com\/bg\/\",\"logo\":{\"@type\":\"ImageObject\",\"inLanguage\":\"hu\",\"@id\":\"https:\/\/qingdaohf.com\/bg\/#\/schema\/logo\/image\/\",\"url\":\"https:\/\/qingdaohf.com\/wp-content\/uploads\/2022\/12\/cropped-HF-LOGO.png\",\"contentUrl\":\"https:\/\/qingdaohf.com\/wp-content\/uploads\/2022\/12\/cropped-HF-LOGO.png\",\"width\":391,\"height\":249,\"caption\":\"Qingdao H&F\"},\"image\":{\"@id\":\"https:\/\/qingdaohf.com\/bg\/#\/schema\/logo\/image\/\"},\"sameAs\":[\"https:\/\/www.facebook.com\/qingdaohf\"]}]}<\/script>\n<!-- \/ Yoast SEO plugin. -->","yoast_head_json":{"title":"Concrete Lifting Clutch | Ring for Precast Concrete","description":"A Lifting Clutch or Ring Lifting is a tool used in lifting systems to attach and lift heavy loads safely and efficiently.","robots":{"index":"index","follow":"follow","max-snippet":"max-snippet:-1","max-image-preview":"max-image-preview:large","max-video-preview":"max-video-preview:-1"},"canonical":"https:\/\/qingdaohf.com\/hu\/termek\/emelokuplung\/","og_locale":"hu_HU","og_type":"article","og_title":"Concrete Lifting Clutch | Ring for Precast Concrete","og_description":"A Lifting Clutch or Ring Lifting is a tool used in lifting systems to attach and lift heavy loads safely and efficiently.","og_url":"https:\/\/qingdaohf.com\/hu\/termek\/emelokuplung\/","og_site_name":"Concrete Form &amp; Rigging Hardware Supplier","article_publisher":"https:\/\/www.facebook.com\/qingdaohf","article_modified_time":"2025-11-13T01:06:16+00:00","og_image":[{"width":1000,"height":1000,"url":"https:\/\/qingdaohf.com\/wp-content\/uploads\/2023\/02\/Lifting-clutchring-lifting-2.jpg","type":"image\/jpeg"}],"twitter_card":"summary_large_image","twitter_misc":{"Becs\u00fclt olvas\u00e1si id\u0151":"2 perc"},"schema":{"@context":"https:\/\/schema.org","@graph":[{"@type":"WebPage","@id":"https:\/\/qingdaohf.com\/product\/lifting-clutch\/","url":"https:\/\/qingdaohf.com\/product\/lifting-clutch\/","name":"Concrete Lifting Clutch | Ring for Precast Concrete","isPartOf":{"@id":"https:\/\/qingdaohf.com\/bg\/#website"},"primaryImageOfPage":{"@id":"https:\/\/qingdaohf.com\/product\/lifting-clutch\/#primaryimage"},"image":{"@id":"https:\/\/qingdaohf.com\/product\/lifting-clutch\/#primaryimage"},"thumbnailUrl":"https:\/\/qingdaohf.com\/wp-content\/uploads\/2023\/02\/Lifting-clutchring-lifting-2.jpg","datePublished":"2023-02-22T02:23:19+00:00","dateModified":"2025-11-13T01:06:16+00:00","description":"A Lifting Clutch or Ring Lifting is a tool used in lifting systems to attach and lift heavy loads safely and efficiently.","breadcrumb":{"@id":"https:\/\/qingdaohf.com\/product\/lifting-clutch\/#breadcrumb"},"inLanguage":"hu","potentialAction":[{"@type":"ReadAction","target":["https:\/\/qingdaohf.com\/product\/lifting-clutch\/"]}]},{"@type":"ImageObject","inLanguage":"hu","@id":"https:\/\/qingdaohf.com\/product\/lifting-clutch\/#primaryimage","url":"https:\/\/qingdaohf.com\/wp-content\/uploads\/2023\/02\/Lifting-clutchring-lifting-2.jpg","contentUrl":"https:\/\/qingdaohf.com\/wp-content\/uploads\/2023\/02\/Lifting-clutchring-lifting-2.jpg","width":1000,"height":1000,"caption":"Lifting Clutch \\Ring Lifting"},{"@type":"BreadcrumbList","@id":"https:\/\/qingdaohf.com\/product\/lifting-clutch\/#breadcrumb","itemListElement":[{"@type":"ListItem","position":1,"name":"Home","item":"https:\/\/qingdaohf.com\/"},{"@type":"ListItem","position":2,"name":"Concrete Forming Accessories and Rigging Hardware","item":"https:\/\/qingdaohf.com\/bg\/?page_id=944"},{"@type":"ListItem","position":3,"name":"Concrete Lifting Clutch | Ring for Precast Concrete"}]},{"@type":"WebSite","@id":"https:\/\/qingdaohf.com\/bg\/#website","url":"https:\/\/qingdaohf.com\/bg\/","name":"Concrete Form & Rigging Hardware Supplier","description":"","publisher":{"@id":"https:\/\/qingdaohf.com\/bg\/#organization"},"potentialAction":[{"@type":"SearchAction","target":{"@type":"EntryPoint","urlTemplate":"https:\/\/qingdaohf.com\/bg\/?s={search_term_string}"},"query-input":{"@type":"PropertyValueSpecification","valueRequired":true,"valueName":"search_term_string"}}],"inLanguage":"hu"},{"@type":"Organization","@id":"https:\/\/qingdaohf.com\/bg\/#organization","name":"Qingdao H&F","url":"https:\/\/qingdaohf.com\/bg\/","logo":{"@type":"ImageObject","inLanguage":"hu","@id":"https:\/\/qingdaohf.com\/bg\/#\/schema\/logo\/image\/","url":"https:\/\/qingdaohf.com\/wp-content\/uploads\/2022\/12\/cropped-HF-LOGO.png","contentUrl":"https:\/\/qingdaohf.com\/wp-content\/uploads\/2022\/12\/cropped-HF-LOGO.png","width":391,"height":249,"caption":"Qingdao H&F"},"image":{"@id":"https:\/\/qingdaohf.com\/bg\/#\/schema\/logo\/image\/"},"sameAs":["https:\/\/www.facebook.com\/qingdaohf"]}]}},"_links":{"self":[{"href":"https:\/\/qingdaohf.com\/hu\/wp-json\/wp\/v2\/product\/2316","targetHints":{"allow":["GET"]}}],"collection":[{"href":"https:\/\/qingdaohf.com\/hu\/wp-json\/wp\/v2\/product"}],"about":[{"href":"https:\/\/qingdaohf.com\/hu\/wp-json\/wp\/v2\/types\/product"}],"replies":[{"embeddable":true,"href":"https:\/\/qingdaohf.com\/hu\/wp-json\/wp\/v2\/comments?post=2316"}],"version-history":[{"count":5,"href":"https:\/\/qingdaohf.com\/hu\/wp-json\/wp\/v2\/product\/2316\/revisions"}],"predecessor-version":[{"id":10255,"href":"https:\/\/qingdaohf.com\/hu\/wp-json\/wp\/v2\/product\/2316\/revisions\/10255"}],"wp:featuredmedia":[{"embeddable":true,"href":"https:\/\/qingdaohf.com\/hu\/wp-json\/wp\/v2\/media\/3188"}],"wp:attachment":[{"href":"https:\/\/qingdaohf.com\/hu\/wp-json\/wp\/v2\/media?parent=2316"}],"wp:term":[{"taxonomy":"product_brand","embeddable":true,"href":"https:\/\/qingdaohf.com\/hu\/wp-json\/wp\/v2\/product_brand?post=2316"},{"taxonomy":"product_cat","embeddable":true,"href":"https:\/\/qingdaohf.com\/hu\/wp-json\/wp\/v2\/product_cat?post=2316"},{"taxonomy":"product_tag","embeddable":true,"href":"https:\/\/qingdaohf.com\/hu\/wp-json\/wp\/v2\/product_tag?post=2316"}],"curies":[{"name":"wp","href":"https:\/\/api.w.org\/{rel}","templated":true}]}}