{"id":2638,"date":"2023-03-01T17:17:56","date_gmt":"2023-03-01T09:17:56","guid":{"rendered":"http:\/\/qingdaohf.com\/?post_type=product&#038;p=2638"},"modified":"2025-11-13T09:05:53","modified_gmt":"2025-11-13T01:05:53","slug":"plate-anchor","status":"publish","type":"product","link":"https:\/\/qingdaohf.com\/hu\/termek\/lemezhorgony\/","title":{"rendered":"Beton form\u00e1z\u00f3 lemez horgony"},"content":{"rendered":"<p>Ha a horgony a hely\u00e9n van, a betonform\u00e1z\u00f3 lemez csavarok vagy csavarok seg\u00edts\u00e9g\u00e9vel r\u00f6gz\u00edthet\u0151 hozz\u00e1, \u00edgy biztons\u00e1gos \u00e9s stabil fel\u00fcletet biztos\u00edtva a betonoz\u00e1shoz. Ez seg\u00edt abban, hogy a beton a k\u00edv\u00e1nt form\u00e1t \u00e9s szerkezetet vegye fel an\u00e9lk\u00fcl, hogy a kikem\u00e9nyed\u00e9si folyamat sor\u00e1n elmozdulna vagy elmozdulna.<\/p>\n<p>A betonform\u00e1z\u00f3 lemezhorgonyokat \u00e1ltal\u00e1ban olyan \u00e9p\u00edt\u00e9si projektekben haszn\u00e1lj\u00e1k, mint p\u00e9ld\u00e1ul \u00e9p\u00fcletalapok, t\u00e1mfalak \u00e9s m\u00e1s szerkezetek, amelyek betonform\u00e1k haszn\u00e1lat\u00e1t ig\u00e9nylik. \u00dagy tervezt\u00e9k \u0151ket, hogy ellen\u00e1lljanak a betonoz\u00e1ssal \u00e9s a beton kikem\u00e9nyed\u00e9s\u00e9vel j\u00e1r\u00f3 nagy ig\u00e9nybev\u00e9teleknek \u00e9s nyom\u00e1snak, \u00edgy megb\u00edzhat\u00f3 \u00e9s tart\u00f3s megold\u00e1st jelentenek a betonform\u00e1k r\u00f6gz\u00edt\u00e9s\u00e9re.<\/p>\n<p><img fetchpriority=\"high\" decoding=\"async\" class=\"alignnone size-full wp-image-3202\" src=\"http:\/\/qingdaohf.com\/wp-content\/uploads\/2023\/03\/\u5fae\u4fe1\u622a\u56fe_20230301171459.jpg\" alt=\"lemezhorgony\" width=\"800\" height=\"1040\" srcset=\"https:\/\/qingdaohf.com\/wp-content\/uploads\/2023\/03\/\u5fae\u4fe1\u622a\u56fe_20230301171459.jpg 800w, https:\/\/qingdaohf.com\/wp-content\/uploads\/2023\/03\/\u5fae\u4fe1\u622a\u56fe_20230301171459-231x300.jpg 231w, https:\/\/qingdaohf.com\/wp-content\/uploads\/2023\/03\/\u5fae\u4fe1\u622a\u56fe_20230301171459-788x1024.jpg 788w, https:\/\/qingdaohf.com\/wp-content\/uploads\/2023\/03\/\u5fae\u4fe1\u622a\u56fe_20230301171459-768x998.jpg 768w\" sizes=\"(max-width: 800px) 100vw, 800px\" \/><\/p>","protected":false},"excerpt":{"rendered":"<p>A betonform\u00e1z\u00f3 lemezhorgony egy olyan r\u00f6gz\u00edt\u0151elemt\u00edpus, amelyet betonform\u00e1z\u00f3 lemezek r\u00f6gz\u00edt\u00e9s\u00e9re haszn\u00e1lnak a betonfal vagy az alapoz\u00e1s fel\u00fclet\u00e9hez. \u00c1ltal\u00e1ban ac\u00e9lb\u00f3l k\u00e9sz\u00fcl, \u00e9s egy lemezb\u0151l \u00e1ll, amely egy vagy t\u00f6bb t\u00fcsk\u00e9vel rendelkezik, amelyeket kalap\u00e1csf\u00far\u00f3val vagy m\u00e1s speci\u00e1lis szersz\u00e1mmal a betonba \u00fctnek.<\/p>","protected":false},"featured_media":3201,"comment_status":"open","ping_status":"closed","template":"","meta":{"site-sidebar-layout":"default","site-content-layout":"default","ast-site-content-layout":"","site-content-style":"default","site-sidebar-style":"default","ast-global-header-display":"","ast-banner-title-visibility":"","ast-main-header-display":"","ast-hfb-above-header-display":"","ast-hfb-below-header-display":"","ast-hfb-mobile-header-display":"","site-post-title":"","ast-breadcrumbs-content":"","ast-featured-img":"","footer-sml-layout":"","theme-transparent-header-meta":"default","adv-header-id-meta":"","stick-header-meta":"default","header-above-stick-meta":"","header-main-stick-meta":"","header-below-stick-meta":"","astra-migrate-meta-layouts":"default","ast-page-background-enabled":"default","ast-page-background-meta":{"desktop":{"background-color":"","background-image":"","background-repeat":"repeat","background-position":"center center","background-size":"auto","background-attachment":"scroll","background-type":"","background-media":"","overlay-type":"","overlay-color":"","overlay-opacity":"","overlay-gradient":""},"tablet":{"background-color":"","background-image":"","background-repeat":"repeat","background-position":"center center","background-size":"auto","background-attachment":"scroll","background-type":"","background-media":"","overlay-type":"","overlay-color":"","overlay-opacity":"","overlay-gradient":""},"mobile":{"background-color":"","background-image":"","background-repeat":"repeat","background-position":"center center","background-size":"auto","background-attachment":"scroll","background-type":"","background-media":"","overlay-type":"","overlay-color":"","overlay-opacity":"","overlay-gradient":""}},"ast-content-background-meta":{"desktop":{"background-color":"var(--ast-global-color-5)","background-image":"","background-repeat":"repeat","background-position":"center center","background-size":"auto","background-attachment":"scroll","background-type":"","background-media":"","overlay-type":"","overlay-color":"","overlay-opacity":"","overlay-gradient":""},"tablet":{"background-color":"var(--ast-global-color-5)","background-image":"","background-repeat":"repeat","background-position":"center center","background-size":"auto","background-attachment":"scroll","background-type":"","background-media":"","overlay-type":"","overlay-color":"","overlay-opacity":"","overlay-gradient":""},"mobile":{"background-color":"var(--ast-global-color-5)","background-image":"","background-repeat":"repeat","background-position":"center center","background-size":"auto","background-attachment":"scroll","background-type":"","background-media":"","overlay-type":"","overlay-color":"","overlay-opacity":"","overlay-gradient":""}}},"product_brand":[],"product_cat":[28],"product_tag":[],"class_list":{"0":"post-2638","1":"product","2":"type-product","3":"status-publish","4":"has-post-thumbnail","6":"product_cat-concrete-forming","7":"desktop-align-left","8":"tablet-align-left","9":"mobile-align-left","10":"ast-product-gallery-layout-horizontal-slider","11":"ast-product-gallery-with-no-image","12":"ast-product-tabs-layout-horizontal","14":"first","15":"instock","16":"shipping-taxable","17":"purchasable","18":"product-type-simple"},"yoast_head":"<!-- This site is optimized with the Yoast SEO plugin v25.2 - https:\/\/yoast.com\/wordpress\/plugins\/seo\/ -->\n<title>Concrete Forming Plate Anchor<\/title>\n<meta name=\"description\" content=\"The Concrete Forming Plate Anchor is a type of fastener used to secure concrete forming plates to the surface of a concrete wall or foundation.\" \/>\n<meta name=\"robots\" content=\"index, follow, max-snippet:-1, max-image-preview:large, max-video-preview:-1\" \/>\n<link rel=\"canonical\" href=\"https:\/\/qingdaohf.com\/hu\/termek\/lemezhorgony\/\" \/>\n<meta property=\"og:locale\" content=\"hu_HU\" \/>\n<meta property=\"og:type\" content=\"article\" \/>\n<meta property=\"og:title\" content=\"Concrete Forming Plate Anchor\" \/>\n<meta property=\"og:description\" content=\"The Concrete Forming Plate Anchor is a type of fastener used to secure concrete forming plates to the surface of a concrete wall or foundation.\" \/>\n<meta property=\"og:url\" content=\"https:\/\/qingdaohf.com\/hu\/termek\/lemezhorgony\/\" \/>\n<meta property=\"og:site_name\" content=\"Concrete Form &amp; Rigging Hardware Supplier\" \/>\n<meta property=\"article:publisher\" content=\"https:\/\/www.facebook.com\/qingdaohf\" \/>\n<meta property=\"article:modified_time\" content=\"2025-11-13T01:05:53+00:00\" \/>\n<meta property=\"og:image\" content=\"https:\/\/qingdaohf.com\/wp-content\/uploads\/2023\/03\/plate-anchor.jpg\" \/>\n\t<meta property=\"og:image:width\" content=\"1000\" \/>\n\t<meta property=\"og:image:height\" content=\"1000\" \/>\n\t<meta property=\"og:image:type\" content=\"image\/jpeg\" \/>\n<meta name=\"twitter:card\" content=\"summary_large_image\" \/>\n<meta name=\"twitter:label1\" content=\"Becs\u00fclt olvas\u00e1si id\u0151\" \/>\n\t<meta name=\"twitter:data1\" content=\"1 perc\" \/>\n<script type=\"application\/ld+json\" class=\"yoast-schema-graph\">{\"@context\":\"https:\/\/schema.org\",\"@graph\":[{\"@type\":\"WebPage\",\"@id\":\"https:\/\/qingdaohf.com\/product\/plate-anchor\/\",\"url\":\"https:\/\/qingdaohf.com\/product\/plate-anchor\/\",\"name\":\"Concrete Forming Plate Anchor\",\"isPartOf\":{\"@id\":\"https:\/\/qingdaohf.com\/bg\/#website\"},\"primaryImageOfPage\":{\"@id\":\"https:\/\/qingdaohf.com\/product\/plate-anchor\/#primaryimage\"},\"image\":{\"@id\":\"https:\/\/qingdaohf.com\/product\/plate-anchor\/#primaryimage\"},\"thumbnailUrl\":\"https:\/\/qingdaohf.com\/wp-content\/uploads\/2023\/03\/plate-anchor.jpg\",\"datePublished\":\"2023-03-01T09:17:56+00:00\",\"dateModified\":\"2025-11-13T01:05:53+00:00\",\"description\":\"The Concrete Forming Plate Anchor is a type of fastener used to secure concrete forming plates to the surface of a concrete wall or foundation.\",\"breadcrumb\":{\"@id\":\"https:\/\/qingdaohf.com\/product\/plate-anchor\/#breadcrumb\"},\"inLanguage\":\"hu\",\"potentialAction\":[{\"@type\":\"ReadAction\",\"target\":[\"https:\/\/qingdaohf.com\/product\/plate-anchor\/\"]}]},{\"@type\":\"ImageObject\",\"inLanguage\":\"hu\",\"@id\":\"https:\/\/qingdaohf.com\/product\/plate-anchor\/#primaryimage\",\"url\":\"https:\/\/qingdaohf.com\/wp-content\/uploads\/2023\/03\/plate-anchor.jpg\",\"contentUrl\":\"https:\/\/qingdaohf.com\/wp-content\/uploads\/2023\/03\/plate-anchor.jpg\",\"width\":1000,\"height\":1000,\"caption\":\"plate anchor\"},{\"@type\":\"BreadcrumbList\",\"@id\":\"https:\/\/qingdaohf.com\/product\/plate-anchor\/#breadcrumb\",\"itemListElement\":[{\"@type\":\"ListItem\",\"position\":1,\"name\":\"Home\",\"item\":\"https:\/\/qingdaohf.com\/\"},{\"@type\":\"ListItem\",\"position\":2,\"name\":\"Concrete Forming Accessories and Rigging Hardware\",\"item\":\"https:\/\/qingdaohf.com\/bg\/?page_id=944\"},{\"@type\":\"ListItem\",\"position\":3,\"name\":\"Concrete Forming Plate Anchor\"}]},{\"@type\":\"WebSite\",\"@id\":\"https:\/\/qingdaohf.com\/bg\/#website\",\"url\":\"https:\/\/qingdaohf.com\/bg\/\",\"name\":\"Concrete Form & Rigging Hardware Supplier\",\"description\":\"\",\"publisher\":{\"@id\":\"https:\/\/qingdaohf.com\/bg\/#organization\"},\"potentialAction\":[{\"@type\":\"SearchAction\",\"target\":{\"@type\":\"EntryPoint\",\"urlTemplate\":\"https:\/\/qingdaohf.com\/bg\/?s={search_term_string}\"},\"query-input\":{\"@type\":\"PropertyValueSpecification\",\"valueRequired\":true,\"valueName\":\"search_term_string\"}}],\"inLanguage\":\"hu\"},{\"@type\":\"Organization\",\"@id\":\"https:\/\/qingdaohf.com\/bg\/#organization\",\"name\":\"Qingdao H&F\",\"url\":\"https:\/\/qingdaohf.com\/bg\/\",\"logo\":{\"@type\":\"ImageObject\",\"inLanguage\":\"hu\",\"@id\":\"https:\/\/qingdaohf.com\/bg\/#\/schema\/logo\/image\/\",\"url\":\"https:\/\/qingdaohf.com\/wp-content\/uploads\/2022\/12\/cropped-HF-LOGO.png\",\"contentUrl\":\"https:\/\/qingdaohf.com\/wp-content\/uploads\/2022\/12\/cropped-HF-LOGO.png\",\"width\":391,\"height\":249,\"caption\":\"Qingdao H&F\"},\"image\":{\"@id\":\"https:\/\/qingdaohf.com\/bg\/#\/schema\/logo\/image\/\"},\"sameAs\":[\"https:\/\/www.facebook.com\/qingdaohf\"]}]}<\/script>\n<!-- \/ Yoast SEO plugin. -->","yoast_head_json":{"title":"Concrete Forming Plate Anchor","description":"The Concrete Forming Plate Anchor is a type of fastener used to secure concrete forming plates to the surface of a concrete wall or foundation.","robots":{"index":"index","follow":"follow","max-snippet":"max-snippet:-1","max-image-preview":"max-image-preview:large","max-video-preview":"max-video-preview:-1"},"canonical":"https:\/\/qingdaohf.com\/hu\/termek\/lemezhorgony\/","og_locale":"hu_HU","og_type":"article","og_title":"Concrete Forming Plate Anchor","og_description":"The Concrete Forming Plate Anchor is a type of fastener used to secure concrete forming plates to the surface of a concrete wall or foundation.","og_url":"https:\/\/qingdaohf.com\/hu\/termek\/lemezhorgony\/","og_site_name":"Concrete Form &amp; Rigging Hardware Supplier","article_publisher":"https:\/\/www.facebook.com\/qingdaohf","article_modified_time":"2025-11-13T01:05:53+00:00","og_image":[{"width":1000,"height":1000,"url":"https:\/\/qingdaohf.com\/wp-content\/uploads\/2023\/03\/plate-anchor.jpg","type":"image\/jpeg"}],"twitter_card":"summary_large_image","twitter_misc":{"Becs\u00fclt olvas\u00e1si id\u0151":"1 perc"},"schema":{"@context":"https:\/\/schema.org","@graph":[{"@type":"WebPage","@id":"https:\/\/qingdaohf.com\/product\/plate-anchor\/","url":"https:\/\/qingdaohf.com\/product\/plate-anchor\/","name":"Concrete Forming Plate Anchor","isPartOf":{"@id":"https:\/\/qingdaohf.com\/bg\/#website"},"primaryImageOfPage":{"@id":"https:\/\/qingdaohf.com\/product\/plate-anchor\/#primaryimage"},"image":{"@id":"https:\/\/qingdaohf.com\/product\/plate-anchor\/#primaryimage"},"thumbnailUrl":"https:\/\/qingdaohf.com\/wp-content\/uploads\/2023\/03\/plate-anchor.jpg","datePublished":"2023-03-01T09:17:56+00:00","dateModified":"2025-11-13T01:05:53+00:00","description":"The Concrete Forming Plate Anchor is a type of fastener used to secure concrete forming plates to the surface of a concrete wall or foundation.","breadcrumb":{"@id":"https:\/\/qingdaohf.com\/product\/plate-anchor\/#breadcrumb"},"inLanguage":"hu","potentialAction":[{"@type":"ReadAction","target":["https:\/\/qingdaohf.com\/product\/plate-anchor\/"]}]},{"@type":"ImageObject","inLanguage":"hu","@id":"https:\/\/qingdaohf.com\/product\/plate-anchor\/#primaryimage","url":"https:\/\/qingdaohf.com\/wp-content\/uploads\/2023\/03\/plate-anchor.jpg","contentUrl":"https:\/\/qingdaohf.com\/wp-content\/uploads\/2023\/03\/plate-anchor.jpg","width":1000,"height":1000,"caption":"plate anchor"},{"@type":"BreadcrumbList","@id":"https:\/\/qingdaohf.com\/product\/plate-anchor\/#breadcrumb","itemListElement":[{"@type":"ListItem","position":1,"name":"Home","item":"https:\/\/qingdaohf.com\/"},{"@type":"ListItem","position":2,"name":"Concrete Forming Accessories and Rigging Hardware","item":"https:\/\/qingdaohf.com\/bg\/?page_id=944"},{"@type":"ListItem","position":3,"name":"Concrete Forming Plate Anchor"}]},{"@type":"WebSite","@id":"https:\/\/qingdaohf.com\/bg\/#website","url":"https:\/\/qingdaohf.com\/bg\/","name":"Concrete Form & Rigging Hardware Supplier","description":"","publisher":{"@id":"https:\/\/qingdaohf.com\/bg\/#organization"},"potentialAction":[{"@type":"SearchAction","target":{"@type":"EntryPoint","urlTemplate":"https:\/\/qingdaohf.com\/bg\/?s={search_term_string}"},"query-input":{"@type":"PropertyValueSpecification","valueRequired":true,"valueName":"search_term_string"}}],"inLanguage":"hu"},{"@type":"Organization","@id":"https:\/\/qingdaohf.com\/bg\/#organization","name":"Qingdao H&F","url":"https:\/\/qingdaohf.com\/bg\/","logo":{"@type":"ImageObject","inLanguage":"hu","@id":"https:\/\/qingdaohf.com\/bg\/#\/schema\/logo\/image\/","url":"https:\/\/qingdaohf.com\/wp-content\/uploads\/2022\/12\/cropped-HF-LOGO.png","contentUrl":"https:\/\/qingdaohf.com\/wp-content\/uploads\/2022\/12\/cropped-HF-LOGO.png","width":391,"height":249,"caption":"Qingdao H&F"},"image":{"@id":"https:\/\/qingdaohf.com\/bg\/#\/schema\/logo\/image\/"},"sameAs":["https:\/\/www.facebook.com\/qingdaohf"]}]}},"_links":{"self":[{"href":"https:\/\/qingdaohf.com\/hu\/wp-json\/wp\/v2\/product\/2638","targetHints":{"allow":["GET"]}}],"collection":[{"href":"https:\/\/qingdaohf.com\/hu\/wp-json\/wp\/v2\/product"}],"about":[{"href":"https:\/\/qingdaohf.com\/hu\/wp-json\/wp\/v2\/types\/product"}],"replies":[{"embeddable":true,"href":"https:\/\/qingdaohf.com\/hu\/wp-json\/wp\/v2\/comments?post=2638"}],"version-history":[{"count":2,"href":"https:\/\/qingdaohf.com\/hu\/wp-json\/wp\/v2\/product\/2638\/revisions"}],"predecessor-version":[{"id":10447,"href":"https:\/\/qingdaohf.com\/hu\/wp-json\/wp\/v2\/product\/2638\/revisions\/10447"}],"wp:featuredmedia":[{"embeddable":true,"href":"https:\/\/qingdaohf.com\/hu\/wp-json\/wp\/v2\/media\/3201"}],"wp:attachment":[{"href":"https:\/\/qingdaohf.com\/hu\/wp-json\/wp\/v2\/media?parent=2638"}],"wp:term":[{"taxonomy":"product_brand","embeddable":true,"href":"https:\/\/qingdaohf.com\/hu\/wp-json\/wp\/v2\/product_brand?post=2638"},{"taxonomy":"product_cat","embeddable":true,"href":"https:\/\/qingdaohf.com\/hu\/wp-json\/wp\/v2\/product_cat?post=2638"},{"taxonomy":"product_tag","embeddable":true,"href":"https:\/\/qingdaohf.com\/hu\/wp-json\/wp\/v2\/product_tag?post=2638"}],"curies":[{"name":"wp","href":"https:\/\/api.w.org\/{rel}","templated":true}]}}