{"id":2646,"date":"2023-03-02T15:27:12","date_gmt":"2023-03-02T07:27:12","guid":{"rendered":"http:\/\/qingdaohf.com\/?post_type=product&#038;p=2646"},"modified":"2025-11-13T09:05:52","modified_gmt":"2025-11-13T01:05:52","slug":"elephant-foot-ferrule","status":"publish","type":"product","link":"https:\/\/qingdaohf.com\/hu\/termek\/elefantlabas-kotogyuru\/","title":{"rendered":"Elef\u00e1nt l\u00e1bgy\u0171r\u0171"},"content":{"rendered":"<h2 class=\"text-2xl font-bold mt-1 text-text-200\">Mik azok az elef\u00e1ntl\u00e1b gumik\u00f6penyek \u00e9s mi\u00e9rt fontosak?<\/h2>\n<p class=\"whitespace-pre-wrap break-words\">Gondolkodott m\u00e1r azon, hogy mi\u00e9rt h\u00edvj\u00e1k \u0151ket \"elef\u00e1ntl\u00e1b\" k\u00f6t\u0151elemnek? Vessen egy pillant\u00e1st az egyikre, \u00e9s megl\u00e1tja - ezeknek a kritikus k\u00f6t\u00e9lzeti alkatr\u00e9szeknek jellegzetes, sz\u00e9lesed\u0151 alja van, amely egy elef\u00e1ntl\u00e1bat t\u00fckr\u00f6z. De egyedi form\u00e1juk nem csak a l\u00e1tv\u00e1ny kedv\u00e9\u00e9rt van. Ezek a speci\u00e1lis k\u00f6t\u0151elemek a k\u00f6t\u00e9lzet vil\u00e1g\u00e1nak meg nem \u00e9nekelt h\u0151sei, akik sziklaszil\u00e1rd kapcsolatokat hoznak l\u00e9tre a dr\u00f3tk\u00f6telek \u00e9s az emel\u0151rendszerek k\u00f6z\u00f6tt. Okos kialak\u00edt\u00e1suk egyenletesen osztja el a nyom\u00e1st a k\u00f6t\u00e9lsz\u00e1lak k\u00f6z\u00f6tt, megakad\u00e1lyozva a foszl\u00e1st \u00e9s fenntartva a k\u00e1bel szil\u00e1rds\u00e1g\u00e1t, amikor az a legfontosabb.<\/p>\n<p class=\"whitespace-pre-wrap break-words\">Legy\u00fcnk \u0151szint\u00e9k - a megfelel\u0151 ferrule kiv\u00e1laszt\u00e1s\u00e1t nem szabad f\u00e9lv\u00e1llr\u00f3l venni. Ha neh\u00e9z emel\u00e9ssel, tengeri munk\u00e1val vagy b\u00e1rmilyen olyan k\u00f6t\u00e9lk\u00f6t\u00e9lzeti alkalmaz\u00e1ssal van dolga, ahol a fesz\u00fclts\u00e9g a tet\u0151n \u00e1tmegy, a k\u00f6t\u0151gy\u0171r\u0171 kiv\u00e1laszt\u00e1sa d\u00f6nt\u0151 vagy d\u00f6nt\u0151 lehet egy m\u0171velet sor\u00e1n - n\u00e9ha sz\u00f3 szerint. Ez\u00e9rt ezeknek az alkatr\u00e9szeknek a k\u00edv\u00fcl-bel\u00fcl t\u00f6rt\u00e9n\u0151 meg\u00e9rt\u00e9se nem csak hasznos, hanem elengedhetetlen a szakm\u00e1ban dolgoz\u00f3k sz\u00e1m\u00e1ra.<\/p>\n<p><img fetchpriority=\"high\" decoding=\"async\" class=\"alignnone size-full wp-image-3403\" src=\"http:\/\/qingdaohf.com\/wp-content\/uploads\/2023\/03\/50-3.jpg\" alt=\"lap\" width=\"1200\" height=\"412\" srcset=\"https:\/\/qingdaohf.com\/wp-content\/uploads\/2023\/03\/50-3.jpg 1200w, https:\/\/qingdaohf.com\/wp-content\/uploads\/2023\/03\/50-3-300x103.jpg 300w, https:\/\/qingdaohf.com\/wp-content\/uploads\/2023\/03\/50-3-1024x352.jpg 1024w, https:\/\/qingdaohf.com\/wp-content\/uploads\/2023\/03\/50-3-768x264.jpg 768w, https:\/\/qingdaohf.com\/wp-content\/uploads\/2023\/03\/50-3-1000x343.jpg 1000w\" sizes=\"(max-width: 1200px) 100vw, 1200px\" \/><\/p>\n<h2 class=\"text-2xl font-bold mt-1 text-text-200\">Mi\u00e9rt v\u00e1lassza a Qingdao H&amp;F-et az \u00d6n elef\u00e1ntl\u00e1b gumih\u00fcvelyeihez?<\/h2>\n<p class=\"whitespace-pre-wrap break-words\">N\u00e9zze, mi a Qingdao H&amp;F-n\u00e9l meg\u00e9rtj\u00fck - amikor \u00f6nnek a k\u00f6t\u00e9lzeti hardverek beszerz\u00e9s\u00e9n\u00e9l olyan partnerre van sz\u00fcks\u00e9ge, aki nem csak alkatr\u00e9szeket sz\u00e1ll\u00edt. T\u00f6bb \u00e9ves nemzetk\u00f6zi kereskedelmi tapasztalatra t\u00e1maszkodva, h\u00edrnev\u00fcnket a pr\u00e9mium min\u0151s\u00e9g\u0171, hossz\u00fa t\u00e1vra sz\u00f3l\u00f3 k\u00f6t\u0151elemek gy\u00e1rt\u00e1s\u00e1val \u00e9p\u00edtett\u00fck fel. De tudjuk, hogy a nagyszer\u0171 term\u00e9kek csak a kiindul\u00f3pontot jelentik.<\/p>\n<p class=\"whitespace-pre-wrap break-words\">Mi k\u00fcl\u00f6nb\u00f6ztet meg minket? El\u0151sz\u00f6r is, k\u00f6zvetlen\u00fcl egy elk\u00f6telezett t\u00e1mogat\u00f3val dolgozhat, aki \u00e9rti a dolg\u00e1t. Nincsenek telefonf\u00e1k, nincs k\u00f6rbeszaladg\u00e1l\u00e1s - csak egyenes besz\u00e9d \u00e9s az \u00d6n projektj\u00e9nek ig\u00e9nyeire szabott megold\u00e1sok. Egyedi specifik\u00e1ci\u00f3kra van sz\u00fcks\u00e9ge? K\u00fcl\u00f6nleges tan\u00fas\u00edtv\u00e1nyok? Mi gondoskodunk r\u00f3la. \u00c9s mivel az id\u0151 p\u00e9nz, egyszer\u0171s\u00edtett\u00fck sz\u00e1ll\u00edt\u00e1si folyamatunkat, hogy az \u00d6n m\u0171k\u00f6d\u00e9se ne \u00e1lljon meg.<\/p>\n<p class=\"whitespace-pre-wrap break-words\">A min\u0151s\u00e9g itt nem csak egy divatos sz\u00f3. Minden egyes k\u00f6t\u0151gy\u0171r\u0171 kimer\u00edt\u0151 tesztel\u00e9sen megy kereszt\u00fcl - itt az anyag szil\u00e1rds\u00e1g\u00e1r\u00f3l, korr\u00f3zi\u00f3\u00e1ll\u00f3s\u00e1g\u00e1r\u00f3l, m\u00e9retpontoss\u00e1g\u00e1r\u00f3l, a munk\u00e1latokr\u00f3l van sz\u00f3. Minden megrendel\u00e9st, legyen az egyetlen darab vagy ezer darab, r\u00e9szletes vizsg\u00e1lati jelent\u00e9sekkel l\u00e1tunk el. Mert amikor a biztons\u00e1g a t\u00e9t, az \"el\u00e9g j\u00f3\" nem el\u00e9g.<\/p>\n<h2 class=\"text-2xl font-bold mt-1 text-text-200\">Az elef\u00e1ntl\u00e1b cs\u0151gumik tervez\u00e9s\u00e9nek \u00e9s alkalmaz\u00e1s\u00e1nak meg\u00e9rt\u00e9se<\/h2>\n<p class=\"whitespace-pre-wrap break-words\">E k\u00f6t\u0151elemek zsenialit\u00e1sa jellegzetes form\u00e1jukban rejlik. Ez a sz\u00e9lesebb alap nem csak a kin\u00e9zet miatt van - extra t\u00f6m\u00f6r\u00edt\u00e9si fel\u00fcletet hoz l\u00e9tre, amely hat\u00e9konyabban fogja meg a dr\u00f3tk\u00f6telet, mint a hagyom\u00e1nyos k\u00f6t\u00e9lh\u00fcvelyek valaha is k\u00e9pesek lenn\u00e9nek. Nyom\u00e1skor a terhel\u00e9s egyenletesen oszlik el a k\u00f6t\u00e9lsz\u00e1lak k\u00f6z\u00f6tt, megel\u0151zve a meghib\u00e1sod\u00e1shoz vezet\u0151 fesz\u00fclts\u00e9gg\u00f3cokat. Ez az intelligens kialak\u00edt\u00e1s a s\u00farl\u00f3d\u00e1st is cs\u00f6kkenti ott, ahol az sz\u00e1m\u00edt, meghosszabb\u00edtva ezzel mind a k\u00f6t\u00e9lgy\u0171r\u0171, mind a k\u00f6t\u00e9l \u00e9lettartam\u00e1t.<\/p>\n<p class=\"whitespace-pre-wrap break-words\">A tengeri f\u00far\u00f3tornyokt\u00f3l az \u00e9p\u00edtkez\u00e9sekig, b\u00e1rhol, ahol komoly emel\u00e9si m\u0171veleteket v\u00e9geznek, ezeket a k\u00f6t\u0151elemeket kem\u00e9ny munk\u00e1ban tal\u00e1lja. Igazi erej\u00fck? Alkalmazkod\u00f3k\u00e9pess\u00e9g. Ak\u00e1r rozsdamentes ac\u00e9llal, horganyzott ac\u00e9llal vagy speci\u00e1lis \u00f6tv\u00f6zetb\u0151l k\u00e9sz\u00fclt k\u00f6t\u00e9llel dolgozik, az elef\u00e1nt l\u00e1bas k\u00f6t\u00e9lh\u00fcvelyek megbirk\u00f3znak vele. Ez a sokoldal\u00fas\u00e1g teszi \u0151ket ide\u00e1liss\u00e1 mind az \u00e1lland\u00f3 telep\u00edt\u00e9sekhez, mind pedig az olyan ideiglenes be\u00e1ll\u00edt\u00e1sokhoz, ahol a megb\u00edzhat\u00f3s\u00e1got nem lehet vesz\u00e9lyeztetni.<\/p>\n<h2 class=\"text-2xl font-bold mt-1 text-text-200\">Hogyan j\u00e1rulnak hozz\u00e1 a biztons\u00e1ghoz \u00e9s a teljes\u00edtm\u00e9nyhez az elef\u00e1ntl\u00e1b gumik\u00f6penyek?<\/h2>\n<p class=\"whitespace-pre-wrap break-words\">A neh\u00e9zg\u00e9pek \u00e9s emel\u0151berendez\u00e9sek vil\u00e1g\u00e1ban nem l\u00e9tezik olyan, hogy \"kisebb\" alkatr\u00e9sz. Minden darab sz\u00e1m\u00edt, \u00e9s ezek a k\u00f6t\u00e9lh\u00fcvelyek d\u00f6nt\u0151 szerepet j\u00e1tszanak a r\u00e9m\u00e1lomszer\u0171 forgat\u00f3k\u00f6nyvek - a k\u00f6t\u00e9l megcs\u00fasz\u00e1sa, foszl\u00e1sa vagy katasztrof\u00e1lis t\u00f6r\u00e9se - megel\u0151z\u00e9s\u00e9ben. Ha olyan terheket emel, amelyek s\u00falyos k\u00e1rokat vagy s\u00e9r\u00fcl\u00e9seket okozhatnak, ha valami rosszul s\u00fcl el, olyan hardverekre van sz\u00fcks\u00e9ge, amelyekben megb\u00edzhat.<\/p>\n<p class=\"whitespace-pre-wrap break-words\">Ezek nem \u00e1tlagos k\u00f6t\u0151elemek. Cs\u00facskateg\u00f3ri\u00e1s anyagokb\u00f3l \u00e9s prec\u00edzen gy\u00e1rtva, \u00fagy tervezt\u00e9k \u0151ket, hogy a viharnak is ellen\u00e1lljanak - sz\u00f3 szerint. A korr\u00f3zi\u00f3s k\u00f6rnyezetekt\u0151l kezdve a sz\u00e9ls\u0151s\u00e9ges h\u0151m\u00e9rs\u00e9kleteken \u00e1t a nagy ig\u00e9nybev\u00e9telnek kitett alkalmaz\u00e1sokig, akkor is teljes\u00edtenek, amikor a kisebb hardverek meghib\u00e1sodn\u00e1nak. Ha mindezt szigor\u00fa min\u0151s\u00e9gellen\u0151rz\u00e9s\u00fcnkkel p\u00e1ros\u00edtjuk, akkor nyugodt lehet a lelkiismerete, \u00e9s sz\u00e1m\u00edthat r\u00e1.<\/p>\n<h2 class=\"text-2xl font-bold mt-1 text-text-200\">A Qingdao H&amp;F el\u0151nye<\/h2>\n<p><img decoding=\"async\" class=\"alignnone wp-image-8732 size-full\" src=\"http:\/\/qingdaohf.com\/wp-content\/uploads\/2023\/03\/HF-packing-5-1.webp\" alt=\"HF packing\" width=\"1920\" height=\"1080\" srcset=\"https:\/\/qingdaohf.com\/wp-content\/uploads\/2023\/03\/HF-packing-5-1.webp 1920w, https:\/\/qingdaohf.com\/wp-content\/uploads\/2023\/03\/HF-packing-5-1-300x169.webp 300w, https:\/\/qingdaohf.com\/wp-content\/uploads\/2023\/03\/HF-packing-5-1-1024x576.webp 1024w, https:\/\/qingdaohf.com\/wp-content\/uploads\/2023\/03\/HF-packing-5-1-768x432.webp 768w, https:\/\/qingdaohf.com\/wp-content\/uploads\/2023\/03\/HF-packing-5-1-1536x864.webp 1536w, https:\/\/qingdaohf.com\/wp-content\/uploads\/2023\/03\/HF-packing-5-1-18x10.webp 18w, https:\/\/qingdaohf.com\/wp-content\/uploads\/2023\/03\/HF-packing-5-1-1000x563.webp 1000w\" sizes=\"(max-width: 1920px) 100vw, 1920px\" \/><\/p>\n<p class=\"whitespace-pre-wrap break-words\">Ha a Qingdao H&amp;F-et v\u00e1lasztja, az t\u00f6bbet jelent, minthogy csak huzalokat v\u00e1s\u00e1rol - egy olyan partnert nyer, aki az \u00d6n siker\u00e9be fektet be. Csapatunk \u00e9l \u00e9s l\u00e9legzik a szerel\u0151iparban, \u00e9s az\u00e9rt vagyunk itt, hogy seg\u00edts\u00fcnk \u00d6nnek mind az azonnali kih\u00edv\u00e1sok, mind a hossz\u00fa t\u00e1v\u00fa c\u00e9lok el\u00e9r\u00e9s\u00e9ben.<\/p>\n<p class=\"whitespace-pre-wrap break-words\">H\u00edrnev\u00fcnket a kem\u00e9ny \u00faton szerezt\u00fck meg - azzal, hogy k\u00f6vetkezetesen min\u0151s\u00e9gi term\u00e9keket, gyors sz\u00e1ll\u00edt\u00e1st \u00e9s olyan t\u00e1mogat\u00e1st ny\u00fajtunk, amelyre val\u00f3ban sz\u00e1m\u00edthat. Szeretn\u00e9 kipr\u00f3b\u00e1lni, miel\u0151tt befektetne? Ingyenes mint\u00e1kat k\u00fcld\u00fcnk \u00d6nnek dr\u00f3tk\u00f6t\u00e9l term\u00e9keinkb\u0151l. Ez a gyakorlatias megk\u00f6zel\u00edt\u00e9s lehet\u0151v\u00e9 teszi, hogy meggy\u0151z\u0151dj\u00f6n a kompatibilit\u00e1sr\u00f3l \u00e9s a teljes\u00edtm\u00e9nyr\u0151l, miel\u0151tt fontos d\u00f6nt\u00e9st hozna.<\/p>\n<h2 class=\"text-2xl font-bold mt-1 text-text-200\">K\u00f6vetkeztet\u00e9s<\/h2>\n<p class=\"whitespace-pre-wrap break-words\">Az emel\u00e9si m\u0171veletek sor\u00e1n az elef\u00e1ntl\u00e1b-vasalatok nem csak egy \u00fajabb alkatr\u00e9sz - \u0151k a f\u00e9mb\u0151l k\u00e9sz\u00fclt nyugalom. A Qingdao H&amp;F-n\u00e9l a pr\u00e9mium min\u0151s\u00e9g\u0171 term\u00e9keket kombin\u00e1ljuk azzal a szak\u00e9rtelemmel \u00e9s szolg\u00e1ltat\u00e1ssal, amelyre sz\u00fcks\u00e9ge van ahhoz, hogy a dolgok z\u00f6kken\u0151mentesen m\u0171k\u00f6djenek. Ak\u00e1r az \u00e9p\u00edt\u0151iparban, ak\u00e1r a tenger\u00e9szetben, vagy b\u00e1rmely olyan ter\u00fcleten dolgozik, ahol goly\u00f3\u00e1ll\u00f3 k\u00f6t\u00e9lzeti alkatr\u00e9szekre van sz\u00fcks\u00e9g, a mi k\u00f6t\u0151vasaink teljes\u00edtik a k\u00f6vetelm\u00e9nyeket. \u00c1tfog\u00f3 tesztel\u00e9ssel, szem\u00e9lyes t\u00e1mogat\u00e1ssal \u00e9s gyors sz\u00e1ll\u00edt\u00e1si hat\u00e1rid\u0151kkel k\u00e9szen \u00e1llunk arra, hogy a k\u00f6t\u00e9lzet- \u00e9s emel\u0151berendez\u00e9sekkel kapcsolatos partnerei legy\u00fcnk. K\u00e9szen \u00e1ll, hogy t\u00f6bbet megtudjon? Besz\u00e9lj\u00fcnk arr\u00f3l, hogy az elef\u00e1ntl\u00e1bas k\u00f6t\u0151elemek hogyan emelhetik fel a k\u00f6vetkez\u0151 projektj\u00e9t.<\/p>","protected":false},"excerpt":{"rendered":"<p>Az Elef\u00e1ntl\u00e1b-merev\u00edt\u0151k nagy jelent\u0151s\u00e9ggel b\u00edrnak a k\u00f6t\u00e9lzet- \u00e9s emel\u0151iparban, ahol er\u0151s \u00e9s biztons\u00e1gos kapcsolatot hoznak l\u00e9tre a dr\u00f3tk\u00f6telek k\u00f6z\u00f6tt a jobb teljes\u00edtm\u00e9ny \u00e9rdek\u00e9ben, amikor nagy ig\u00e9nybev\u00e9telnek vannak kit\u00e9ve. A min\u0151s\u00e9g, a pontoss\u00e1g \u00e9s a kompatibilit\u00e1s minden v\u00e1s\u00e1rl\u00f3 sz\u00e1m\u00e1ra szok\u00e1sos szempont; a Qingdao H&amp;F Elef\u00e1ntl\u00e1b-merev\u00edt\u0151kkel biztos lehet benne, hogy kiv\u00e1l\u00f3 min\u0151s\u00e9g\u0171 megold\u00e1st kap, amely a legig\u00e9nyesebb k\u00f6vetelm\u00e9nyeknek is megfelel. Az egy az egyben \u00fcgyf\u00e9lszolg\u00e1lat, a gyors sz\u00e1ll\u00edt\u00e1si ciklusok \u00e9s az \u00e1tfog\u00f3 min\u0151s\u00e9gellen\u0151rz\u00e9si jelent\u00e9sek csak n\u00e9h\u00e1ny azon el\u0151ny\u00f6k k\u00f6z\u00fcl, amelyek biztos\u00edtj\u00e1k, hogy minden alkalommal a legjobb, az \u00d6n ig\u00e9nyeihez igaz\u00edtott term\u00e9ket kapja. Ak\u00e1r egyedi m\u00e9retekre, ak\u00e1r gyors megold\u00e1sra van sz\u00fcks\u00e9ge, mi minden l\u00e9p\u00e9sn\u00e9l seg\u00edt\u00fcnk projektj\u00e9nek megval\u00f3s\u00edt\u00e1s\u00e1ban.<\/p>","protected":false},"featured_media":3398,"comment_status":"open","ping_status":"closed","template":"","meta":{"site-sidebar-layout":"default","site-content-layout":"default","ast-site-content-layout":"default","site-content-style":"default","site-sidebar-style":"default","ast-global-header-display":"","ast-banner-title-visibility":"","ast-main-header-display":"","ast-hfb-above-header-display":"","ast-hfb-below-header-display":"","ast-hfb-mobile-header-display":"","site-post-title":"","ast-breadcrumbs-content":"","ast-featured-img":"","footer-sml-layout":"","theme-transparent-header-meta":"default","adv-header-id-meta":"","stick-header-meta":"default","header-above-stick-meta":"","header-main-stick-meta":"","header-below-stick-meta":"","astra-migrate-meta-layouts":"set","ast-page-background-enabled":"default","ast-page-background-meta":{"desktop":{"background-color":"","background-image":"","background-repeat":"repeat","background-position":"center center","background-size":"auto","background-attachment":"scroll","background-type":"","background-media":"","overlay-type":"","overlay-color":"","overlay-opacity":"","overlay-gradient":""},"tablet":{"background-color":"","background-image":"","background-repeat":"repeat","background-position":"center center","background-size":"auto","background-attachment":"scroll","background-type":"","background-media":"","overlay-type":"","overlay-color":"","overlay-opacity":"","overlay-gradient":""},"mobile":{"background-color":"","background-image":"","background-repeat":"repeat","background-position":"center center","background-size":"auto","background-attachment":"scroll","background-type":"","background-media":"","overlay-type":"","overlay-color":"","overlay-opacity":"","overlay-gradient":""}},"ast-content-background-meta":{"desktop":{"background-color":"var(--ast-global-color-5)","background-image":"","background-repeat":"repeat","background-position":"center center","background-size":"auto","background-attachment":"scroll","background-type":"","background-media":"","overlay-type":"","overlay-color":"","overlay-opacity":"","overlay-gradient":""},"tablet":{"background-color":"var(--ast-global-color-5)","background-image":"","background-repeat":"repeat","background-position":"center center","background-size":"auto","background-attachment":"scroll","background-type":"","background-media":"","overlay-type":"","overlay-color":"","overlay-opacity":"","overlay-gradient":""},"mobile":{"background-color":"var(--ast-global-color-5)","background-image":"","background-repeat":"repeat","background-position":"center center","background-size":"auto","background-attachment":"scroll","background-type":"","background-media":"","overlay-type":"","overlay-color":"","overlay-opacity":"","overlay-gradient":""}}},"product_brand":[],"product_cat":[50,30],"product_tag":[],"class_list":{"0":"post-2646","1":"product","2":"type-product","3":"status-publish","4":"has-post-thumbnail","6":"product_cat-concrete-form-accessories","7":"product_cat-lifting-anchor","8":"desktop-align-left","9":"tablet-align-left","10":"mobile-align-left","11":"ast-product-gallery-layout-horizontal-slider","12":"ast-product-tabs-layout-horizontal","14":"first","15":"instock","16":"shipping-taxable","17":"purchasable","18":"product-type-simple"},"yoast_head":"<!-- This site is optimized with the Yoast SEO plugin v25.2 - https:\/\/yoast.com\/wordpress\/plugins\/seo\/ -->\n<title>Elephant Foot Ferrule<\/title>\n<meta name=\"description\" content=\"Roud Ferrule and Elephant Foot Ferrule it helps to ensure the integrity and longevity of the structures we build.\" \/>\n<meta name=\"robots\" content=\"index, follow, max-snippet:-1, max-image-preview:large, max-video-preview:-1\" \/>\n<link rel=\"canonical\" href=\"https:\/\/qingdaohf.com\/hu\/termek\/elefantlabas-kotogyuru\/\" \/>\n<meta property=\"og:locale\" content=\"hu_HU\" \/>\n<meta property=\"og:type\" content=\"article\" \/>\n<meta property=\"og:title\" content=\"Elephant Foot Ferrule\" \/>\n<meta property=\"og:description\" content=\"Roud Ferrule and Elephant Foot Ferrule it helps to ensure the integrity and longevity of the structures we build.\" \/>\n<meta property=\"og:url\" content=\"https:\/\/qingdaohf.com\/hu\/termek\/elefantlabas-kotogyuru\/\" \/>\n<meta property=\"og:site_name\" content=\"Concrete Form &amp; Rigging Hardware Supplier\" \/>\n<meta property=\"article:publisher\" content=\"https:\/\/www.facebook.com\/qingdaohf\" \/>\n<meta property=\"article:modified_time\" content=\"2025-11-13T01:05:52+00:00\" \/>\n<meta property=\"og:image\" content=\"https:\/\/qingdaohf.com\/wp-content\/uploads\/2023\/03\/roud-ferrule-elephant-foot-ferrule-4-1.jpg\" \/>\n\t<meta property=\"og:image:width\" content=\"1000\" \/>\n\t<meta property=\"og:image:height\" content=\"1000\" \/>\n\t<meta property=\"og:image:type\" content=\"image\/jpeg\" \/>\n<meta name=\"twitter:card\" content=\"summary_large_image\" \/>\n<meta name=\"twitter:label1\" content=\"Becs\u00fclt olvas\u00e1si id\u0151\" \/>\n\t<meta name=\"twitter:data1\" content=\"4 perc\" \/>\n<script type=\"application\/ld+json\" class=\"yoast-schema-graph\">{\"@context\":\"https:\/\/schema.org\",\"@graph\":[{\"@type\":\"WebPage\",\"@id\":\"https:\/\/qingdaohf.com\/product\/elephant-foot-ferrule\/\",\"url\":\"https:\/\/qingdaohf.com\/product\/elephant-foot-ferrule\/\",\"name\":\"Elephant Foot Ferrule\",\"isPartOf\":{\"@id\":\"https:\/\/qingdaohf.com\/bg\/#website\"},\"primaryImageOfPage\":{\"@id\":\"https:\/\/qingdaohf.com\/product\/elephant-foot-ferrule\/#primaryimage\"},\"image\":{\"@id\":\"https:\/\/qingdaohf.com\/product\/elephant-foot-ferrule\/#primaryimage\"},\"thumbnailUrl\":\"https:\/\/qingdaohf.com\/wp-content\/uploads\/2023\/03\/roud-ferrule-elephant-foot-ferrule-4-1.jpg\",\"datePublished\":\"2023-03-02T07:27:12+00:00\",\"dateModified\":\"2025-11-13T01:05:52+00:00\",\"description\":\"Roud Ferrule and Elephant Foot Ferrule it helps to ensure the integrity and longevity of the structures we build.\",\"breadcrumb\":{\"@id\":\"https:\/\/qingdaohf.com\/product\/elephant-foot-ferrule\/#breadcrumb\"},\"inLanguage\":\"hu\",\"potentialAction\":[{\"@type\":\"ReadAction\",\"target\":[\"https:\/\/qingdaohf.com\/product\/elephant-foot-ferrule\/\"]}]},{\"@type\":\"ImageObject\",\"inLanguage\":\"hu\",\"@id\":\"https:\/\/qingdaohf.com\/product\/elephant-foot-ferrule\/#primaryimage\",\"url\":\"https:\/\/qingdaohf.com\/wp-content\/uploads\/2023\/03\/roud-ferrule-elephant-foot-ferrule-4-1.jpg\",\"contentUrl\":\"https:\/\/qingdaohf.com\/wp-content\/uploads\/2023\/03\/roud-ferrule-elephant-foot-ferrule-4-1.jpg\",\"width\":1000,\"height\":1000,\"caption\":\"roud ferrule elephant foot ferrule\"},{\"@type\":\"BreadcrumbList\",\"@id\":\"https:\/\/qingdaohf.com\/product\/elephant-foot-ferrule\/#breadcrumb\",\"itemListElement\":[{\"@type\":\"ListItem\",\"position\":1,\"name\":\"Home\",\"item\":\"https:\/\/qingdaohf.com\/\"},{\"@type\":\"ListItem\",\"position\":2,\"name\":\"Concrete Forming Accessories and Rigging Hardware\",\"item\":\"https:\/\/qingdaohf.com\/bg\/?page_id=944\"},{\"@type\":\"ListItem\",\"position\":3,\"name\":\"Elephant Foot Ferrule\"}]},{\"@type\":\"WebSite\",\"@id\":\"https:\/\/qingdaohf.com\/bg\/#website\",\"url\":\"https:\/\/qingdaohf.com\/bg\/\",\"name\":\"Concrete Form & Rigging Hardware Supplier\",\"description\":\"\",\"publisher\":{\"@id\":\"https:\/\/qingdaohf.com\/bg\/#organization\"},\"potentialAction\":[{\"@type\":\"SearchAction\",\"target\":{\"@type\":\"EntryPoint\",\"urlTemplate\":\"https:\/\/qingdaohf.com\/bg\/?s={search_term_string}\"},\"query-input\":{\"@type\":\"PropertyValueSpecification\",\"valueRequired\":true,\"valueName\":\"search_term_string\"}}],\"inLanguage\":\"hu\"},{\"@type\":\"Organization\",\"@id\":\"https:\/\/qingdaohf.com\/bg\/#organization\",\"name\":\"Qingdao H&F\",\"url\":\"https:\/\/qingdaohf.com\/bg\/\",\"logo\":{\"@type\":\"ImageObject\",\"inLanguage\":\"hu\",\"@id\":\"https:\/\/qingdaohf.com\/bg\/#\/schema\/logo\/image\/\",\"url\":\"https:\/\/qingdaohf.com\/wp-content\/uploads\/2022\/12\/cropped-HF-LOGO.png\",\"contentUrl\":\"https:\/\/qingdaohf.com\/wp-content\/uploads\/2022\/12\/cropped-HF-LOGO.png\",\"width\":391,\"height\":249,\"caption\":\"Qingdao H&F\"},\"image\":{\"@id\":\"https:\/\/qingdaohf.com\/bg\/#\/schema\/logo\/image\/\"},\"sameAs\":[\"https:\/\/www.facebook.com\/qingdaohf\"]}]}<\/script>\n<!-- \/ Yoast SEO plugin. -->","yoast_head_json":{"title":"Elephant Foot Ferrule","description":"Roud Ferrule and Elephant Foot Ferrule it helps to ensure the integrity and longevity of the structures we build.","robots":{"index":"index","follow":"follow","max-snippet":"max-snippet:-1","max-image-preview":"max-image-preview:large","max-video-preview":"max-video-preview:-1"},"canonical":"https:\/\/qingdaohf.com\/hu\/termek\/elefantlabas-kotogyuru\/","og_locale":"hu_HU","og_type":"article","og_title":"Elephant Foot Ferrule","og_description":"Roud Ferrule and Elephant Foot Ferrule it helps to ensure the integrity and longevity of the structures we build.","og_url":"https:\/\/qingdaohf.com\/hu\/termek\/elefantlabas-kotogyuru\/","og_site_name":"Concrete Form &amp; Rigging Hardware Supplier","article_publisher":"https:\/\/www.facebook.com\/qingdaohf","article_modified_time":"2025-11-13T01:05:52+00:00","og_image":[{"width":1000,"height":1000,"url":"https:\/\/qingdaohf.com\/wp-content\/uploads\/2023\/03\/roud-ferrule-elephant-foot-ferrule-4-1.jpg","type":"image\/jpeg"}],"twitter_card":"summary_large_image","twitter_misc":{"Becs\u00fclt olvas\u00e1si id\u0151":"4 perc"},"schema":{"@context":"https:\/\/schema.org","@graph":[{"@type":"WebPage","@id":"https:\/\/qingdaohf.com\/product\/elephant-foot-ferrule\/","url":"https:\/\/qingdaohf.com\/product\/elephant-foot-ferrule\/","name":"Elephant Foot Ferrule","isPartOf":{"@id":"https:\/\/qingdaohf.com\/bg\/#website"},"primaryImageOfPage":{"@id":"https:\/\/qingdaohf.com\/product\/elephant-foot-ferrule\/#primaryimage"},"image":{"@id":"https:\/\/qingdaohf.com\/product\/elephant-foot-ferrule\/#primaryimage"},"thumbnailUrl":"https:\/\/qingdaohf.com\/wp-content\/uploads\/2023\/03\/roud-ferrule-elephant-foot-ferrule-4-1.jpg","datePublished":"2023-03-02T07:27:12+00:00","dateModified":"2025-11-13T01:05:52+00:00","description":"Roud Ferrule and Elephant Foot Ferrule it helps to ensure the integrity and longevity of the structures we build.","breadcrumb":{"@id":"https:\/\/qingdaohf.com\/product\/elephant-foot-ferrule\/#breadcrumb"},"inLanguage":"hu","potentialAction":[{"@type":"ReadAction","target":["https:\/\/qingdaohf.com\/product\/elephant-foot-ferrule\/"]}]},{"@type":"ImageObject","inLanguage":"hu","@id":"https:\/\/qingdaohf.com\/product\/elephant-foot-ferrule\/#primaryimage","url":"https:\/\/qingdaohf.com\/wp-content\/uploads\/2023\/03\/roud-ferrule-elephant-foot-ferrule-4-1.jpg","contentUrl":"https:\/\/qingdaohf.com\/wp-content\/uploads\/2023\/03\/roud-ferrule-elephant-foot-ferrule-4-1.jpg","width":1000,"height":1000,"caption":"roud ferrule elephant foot ferrule"},{"@type":"BreadcrumbList","@id":"https:\/\/qingdaohf.com\/product\/elephant-foot-ferrule\/#breadcrumb","itemListElement":[{"@type":"ListItem","position":1,"name":"Home","item":"https:\/\/qingdaohf.com\/"},{"@type":"ListItem","position":2,"name":"Concrete Forming Accessories and Rigging Hardware","item":"https:\/\/qingdaohf.com\/bg\/?page_id=944"},{"@type":"ListItem","position":3,"name":"Elephant Foot Ferrule"}]},{"@type":"WebSite","@id":"https:\/\/qingdaohf.com\/bg\/#website","url":"https:\/\/qingdaohf.com\/bg\/","name":"Concrete Form & Rigging Hardware Supplier","description":"","publisher":{"@id":"https:\/\/qingdaohf.com\/bg\/#organization"},"potentialAction":[{"@type":"SearchAction","target":{"@type":"EntryPoint","urlTemplate":"https:\/\/qingdaohf.com\/bg\/?s={search_term_string}"},"query-input":{"@type":"PropertyValueSpecification","valueRequired":true,"valueName":"search_term_string"}}],"inLanguage":"hu"},{"@type":"Organization","@id":"https:\/\/qingdaohf.com\/bg\/#organization","name":"Qingdao H&F","url":"https:\/\/qingdaohf.com\/bg\/","logo":{"@type":"ImageObject","inLanguage":"hu","@id":"https:\/\/qingdaohf.com\/bg\/#\/schema\/logo\/image\/","url":"https:\/\/qingdaohf.com\/wp-content\/uploads\/2022\/12\/cropped-HF-LOGO.png","contentUrl":"https:\/\/qingdaohf.com\/wp-content\/uploads\/2022\/12\/cropped-HF-LOGO.png","width":391,"height":249,"caption":"Qingdao H&F"},"image":{"@id":"https:\/\/qingdaohf.com\/bg\/#\/schema\/logo\/image\/"},"sameAs":["https:\/\/www.facebook.com\/qingdaohf"]}]}},"_links":{"self":[{"href":"https:\/\/qingdaohf.com\/hu\/wp-json\/wp\/v2\/product\/2646","targetHints":{"allow":["GET"]}}],"collection":[{"href":"https:\/\/qingdaohf.com\/hu\/wp-json\/wp\/v2\/product"}],"about":[{"href":"https:\/\/qingdaohf.com\/hu\/wp-json\/wp\/v2\/types\/product"}],"replies":[{"embeddable":true,"href":"https:\/\/qingdaohf.com\/hu\/wp-json\/wp\/v2\/comments?post=2646"}],"version-history":[{"count":4,"href":"https:\/\/qingdaohf.com\/hu\/wp-json\/wp\/v2\/product\/2646\/revisions"}],"predecessor-version":[{"id":8734,"href":"https:\/\/qingdaohf.com\/hu\/wp-json\/wp\/v2\/product\/2646\/revisions\/8734"}],"wp:featuredmedia":[{"embeddable":true,"href":"https:\/\/qingdaohf.com\/hu\/wp-json\/wp\/v2\/media\/3398"}],"wp:attachment":[{"href":"https:\/\/qingdaohf.com\/hu\/wp-json\/wp\/v2\/media?parent=2646"}],"wp:term":[{"taxonomy":"product_brand","embeddable":true,"href":"https:\/\/qingdaohf.com\/hu\/wp-json\/wp\/v2\/product_brand?post=2646"},{"taxonomy":"product_cat","embeddable":true,"href":"https:\/\/qingdaohf.com\/hu\/wp-json\/wp\/v2\/product_cat?post=2646"},{"taxonomy":"product_tag","embeddable":true,"href":"https:\/\/qingdaohf.com\/hu\/wp-json\/wp\/v2\/product_tag?post=2646"}],"curies":[{"name":"wp","href":"https:\/\/api.w.org\/{rel}","templated":true}]}}