{"id":2659,"date":"2023-03-02T16:41:08","date_gmt":"2023-03-02T08:41:08","guid":{"rendered":"http:\/\/qingdaohf.com\/?post_type=product&#038;p=2659"},"modified":"2025-11-13T09:05:51","modified_gmt":"2025-11-13T01:05:51","slug":"tail-threaded-anchor","status":"publish","type":"product","link":"https:\/\/qingdaohf.com\/hu\/termek\/farok-menetes-horgony\/","title":{"rendered":"Hossz\u00fa \u00e9s r\u00f6vid hull\u00e1mos fark\u00fa menetes horgony"},"content":{"rendered":"<p>A hossz\u00fa hull\u00e1mos farokmenetes horgony egy olyan t\u00edpus\u00fa r\u00f6gz\u00edt\u0151elem, amelyet az \u00e9p\u00edt\u0151ipari \u00e9s bark\u00e1csprojektekben haszn\u00e1lnak t\u00e1rgyak szil\u00e1rd fel\u00fclethez, p\u00e9ld\u00e1ul betonhoz vagy falazathoz val\u00f3 r\u00f6gz\u00edt\u00e9s\u00e9re. Nagy szil\u00e1rds\u00e1g\u00fa ac\u00e9lb\u00f3l k\u00e9sz\u00fcl, \u00e9s egyedi kialak\u00edt\u00e1s\u00fa, amely lehet\u0151v\u00e9 teszi, hogy m\u00e9g gyeng\u00e9bb anyagokban is er\u0151s tart\u00e1st biztos\u00edtson.<\/p>\n<p>A horgony hossz\u00fa, hull\u00e1mos farokkal rendelkezik, amely nagyobb ellen\u00e1ll\u00e1st biztos\u00edt a kih\u00faz\u00f3 er\u0151kkel szemben, \u00edgy ide\u00e1lis olyan alkalmaz\u00e1sokhoz, ahol nagy terhel\u00e9s vagy h\u00faz\u00f3er\u0151 v\u00e1rhat\u00f3. A horgony menetes sz\u00e1r\u00e1t egy el\u0151f\u00fart lyukba kell behelyezni, \u00e9s egy anya vagy csavar megh\u00faz\u00e1s\u00e1val kell r\u00f6gz\u00edteni, aminek hat\u00e1s\u00e1ra a farok kit\u00e1gul, \u00e9s biztons\u00e1gos fog\u00e1st hoz l\u00e9tre az anyagban.<\/p>\n<p>A hossz\u00fa, hull\u00e1mos menetes horgonyokat \u00e1ltal\u00e1ban g\u00e9pek, HVAC berendez\u00e9sek, elektromos szerelv\u00e9nyek \u00e9s m\u00e1s neh\u00e9z t\u00e1rgyak felszerel\u00e9s\u00e9hez haszn\u00e1lj\u00e1k. Alkalmasak szeizmikus alkalmaz\u00e1sokban val\u00f3 haszn\u00e1latra is, ahol tov\u00e1bbi szil\u00e1rds\u00e1gra \u00e9s stabilit\u00e1sra van sz\u00fcks\u00e9g. Ezek a horgonyok t\u00f6bbf\u00e9le m\u00e9retben kaphat\u00f3k, \u00e9s \u00e1ltal\u00e1ban nagy mennyis\u00e9gben \u00e9rt\u00e9kes\u00edtik \u0151ket nagyszab\u00e1s\u00fa projektekhez.<\/p>\n<p><img fetchpriority=\"high\" decoding=\"async\" class=\"alignnone size-full wp-image-3354\" src=\"http:\/\/qingdaohf.com\/wp-content\/uploads\/2023\/03\/52-2-1.jpg\" alt=\"TAB\" width=\"1200\" height=\"468\" srcset=\"https:\/\/qingdaohf.com\/wp-content\/uploads\/2023\/03\/52-2-1.jpg 1200w, https:\/\/qingdaohf.com\/wp-content\/uploads\/2023\/03\/52-2-1-300x117.jpg 300w, https:\/\/qingdaohf.com\/wp-content\/uploads\/2023\/03\/52-2-1-1024x399.jpg 1024w, https:\/\/qingdaohf.com\/wp-content\/uploads\/2023\/03\/52-2-1-768x300.jpg 768w, https:\/\/qingdaohf.com\/wp-content\/uploads\/2023\/03\/52-2-1-1000x390.jpg 1000w\" sizes=\"(max-width: 1200px) 100vw, 1200px\" \/><\/p>\n<p>A r\u00f6vid hull\u00e1mos farokmenetes horgony egy olyan t\u00edpus\u00fa r\u00f6gz\u00edt\u0151elem, amelyet t\u00e1rgyak r\u00f6gz\u00edt\u00e9s\u00e9re haszn\u00e1lnak olyan fel\u00fcletekhez, mint a beton, t\u00e9gla vagy k\u0151. Egy f\u00e9mr\u00fadb\u00f3l \u00e1ll, amelynek egyik v\u00e9g\u00e9n hull\u00e1mos farok, a m\u00e1sik v\u00e9g\u00e9n pedig egy menetes tengely tal\u00e1lhat\u00f3. A hull\u00e1mos farok extra tapad\u00e1st biztos\u00edt, \u00e9s megakad\u00e1lyozza, hogy a horgony kih\u00faz\u00f3djon a fel\u00fcletb\u0151l.<\/p>\n<p>A horgonyt egy el\u0151f\u00fart lyukba helyezik, \u00e9s egy csavarkulccsal megh\u00fazz\u00e1k, aminek hat\u00e1s\u00e1ra a menetes tengely kit\u00e1gul \u00e9s biztons\u00e1gosan megtapad a fel\u00fcleten. A r\u00f6vid hull\u00e1mos farokmenetes horgonyokat gyakran haszn\u00e1lj\u00e1k az \u00e9p\u00edt\u0151ipari \u00e9s bark\u00e1csprojektekben olyan elemek r\u00f6gz\u00edt\u00e9s\u00e9re, mint a polcok, szekr\u00e9nyek \u00e9s l\u00e1mpatestek. K\u00fcl\u00f6nb\u00f6z\u0151 m\u00e9retekben \u00e9s anyagokb\u00f3l \u00e1llnak rendelkez\u00e9sre, hogy megfeleljenek a k\u00fcl\u00f6nb\u00f6z\u0151 alkalmaz\u00e1soknak.<\/p>\n<p>&nbsp;<\/p>\n<p><img decoding=\"async\" class=\"alignnone size-full wp-image-3360\" src=\"http:\/\/qingdaohf.com\/wp-content\/uploads\/2023\/03\/52-1-1.jpg\" alt=\"TAB\" width=\"1200\" height=\"452\" srcset=\"https:\/\/qingdaohf.com\/wp-content\/uploads\/2023\/03\/52-1-1.jpg 1200w, https:\/\/qingdaohf.com\/wp-content\/uploads\/2023\/03\/52-1-1-300x113.jpg 300w, https:\/\/qingdaohf.com\/wp-content\/uploads\/2023\/03\/52-1-1-1024x386.jpg 1024w, https:\/\/qingdaohf.com\/wp-content\/uploads\/2023\/03\/52-1-1-768x289.jpg 768w, https:\/\/qingdaohf.com\/wp-content\/uploads\/2023\/03\/52-1-1-1000x377.jpg 1000w\" sizes=\"(max-width: 1200px) 100vw, 1200px\" \/><\/p>","protected":false},"excerpt":{"rendered":"<p>A farokmenetes horgony egy olyan k\u00f6t\u0151elemt\u00edpus, amelyet \u00e9p\u00edt\u0151ipari \u00e9s m\u00e9rn\u00f6ki alkalmaz\u00e1sokban haszn\u00e1lnak a szerkezetek biztons\u00e1gos r\u00f6gz\u00edt\u00e9s\u00e9re egy alapanyaghoz, p\u00e9ld\u00e1ul betonhoz, falazathoz vagy ac\u00e9lhoz. A horgony nagyszil\u00e1rds\u00e1g\u00fa ac\u00e9lb\u00f3l k\u00e9sz\u00fcl, \u00e9s egy menetes csapb\u00f3l \u00e1ll, amelynek farka \u00fagy van kialak\u00edtva, hogy az alapanyagba \u00e1gyazhat\u00f3 legyen.<\/p>","protected":false},"featured_media":3348,"comment_status":"open","ping_status":"closed","template":"","meta":{"site-sidebar-layout":"default","site-content-layout":"default","ast-site-content-layout":"","site-content-style":"default","site-sidebar-style":"default","ast-global-header-display":"","ast-banner-title-visibility":"","ast-main-header-display":"","ast-hfb-above-header-display":"","ast-hfb-below-header-display":"","ast-hfb-mobile-header-display":"","site-post-title":"","ast-breadcrumbs-content":"","ast-featured-img":"","footer-sml-layout":"","theme-transparent-header-meta":"default","adv-header-id-meta":"","stick-header-meta":"default","header-above-stick-meta":"","header-main-stick-meta":"","header-below-stick-meta":"","astra-migrate-meta-layouts":"default","ast-page-background-enabled":"default","ast-page-background-meta":{"desktop":{"background-color":"","background-image":"","background-repeat":"repeat","background-position":"center center","background-size":"auto","background-attachment":"scroll","background-type":"","background-media":"","overlay-type":"","overlay-color":"","overlay-opacity":"","overlay-gradient":""},"tablet":{"background-color":"","background-image":"","background-repeat":"repeat","background-position":"center center","background-size":"auto","background-attachment":"scroll","background-type":"","background-media":"","overlay-type":"","overlay-color":"","overlay-opacity":"","overlay-gradient":""},"mobile":{"background-color":"","background-image":"","background-repeat":"repeat","background-position":"center center","background-size":"auto","background-attachment":"scroll","background-type":"","background-media":"","overlay-type":"","overlay-color":"","overlay-opacity":"","overlay-gradient":""}},"ast-content-background-meta":{"desktop":{"background-color":"var(--ast-global-color-5)","background-image":"","background-repeat":"repeat","background-position":"center center","background-size":"auto","background-attachment":"scroll","background-type":"","background-media":"","overlay-type":"","overlay-color":"","overlay-opacity":"","overlay-gradient":""},"tablet":{"background-color":"var(--ast-global-color-5)","background-image":"","background-repeat":"repeat","background-position":"center center","background-size":"auto","background-attachment":"scroll","background-type":"","background-media":"","overlay-type":"","overlay-color":"","overlay-opacity":"","overlay-gradient":""},"mobile":{"background-color":"var(--ast-global-color-5)","background-image":"","background-repeat":"repeat","background-position":"center center","background-size":"auto","background-attachment":"scroll","background-type":"","background-media":"","overlay-type":"","overlay-color":"","overlay-opacity":"","overlay-gradient":""}}},"product_brand":[],"product_cat":[50,28,30],"product_tag":[],"class_list":{"0":"post-2659","1":"product","2":"type-product","3":"status-publish","4":"has-post-thumbnail","6":"product_cat-concrete-form-accessories","7":"product_cat-concrete-forming","8":"product_cat-lifting-anchor","9":"desktop-align-left","10":"tablet-align-left","11":"mobile-align-left","12":"ast-product-gallery-layout-horizontal-slider","13":"ast-product-tabs-layout-horizontal","15":"first","16":"instock","17":"shipping-taxable","18":"purchasable","19":"product-type-simple"},"yoast_head":"<!-- This site is optimized with the Yoast SEO plugin v25.2 - https:\/\/yoast.com\/wordpress\/plugins\/seo\/ -->\n<title>Long &amp; Short Wavy Tail Threaded Anchor<\/title>\n<meta name=\"description\" content=\"Tail Threaded Anchor is a type of fastener used in construction and engineering applications to securely anchor structures to a base material such as concrete, masonry, or steel.\" \/>\n<meta name=\"robots\" content=\"index, follow, max-snippet:-1, max-image-preview:large, max-video-preview:-1\" \/>\n<link rel=\"canonical\" href=\"https:\/\/qingdaohf.com\/hu\/termek\/farok-menetes-horgony\/\" \/>\n<meta property=\"og:locale\" content=\"hu_HU\" \/>\n<meta property=\"og:type\" content=\"article\" \/>\n<meta property=\"og:title\" content=\"Long &amp; Short Wavy Tail Threaded Anchor\" \/>\n<meta property=\"og:description\" content=\"Tail Threaded Anchor is a type of fastener used in construction and engineering applications to securely anchor structures to a base material such as concrete, masonry, or steel.\" \/>\n<meta property=\"og:url\" content=\"https:\/\/qingdaohf.com\/hu\/termek\/farok-menetes-horgony\/\" \/>\n<meta property=\"og:site_name\" content=\"Concrete Form &amp; Rigging Hardware Supplier\" \/>\n<meta property=\"article:publisher\" content=\"https:\/\/www.facebook.com\/qingdaohf\" \/>\n<meta property=\"article:modified_time\" content=\"2025-11-13T01:05:51+00:00\" \/>\n<meta property=\"og:image\" content=\"https:\/\/qingdaohf.com\/wp-content\/uploads\/2023\/03\/long-wavy-tail-threaded-anchor-1.jpg\" \/>\n\t<meta property=\"og:image:width\" content=\"1000\" \/>\n\t<meta property=\"og:image:height\" content=\"1000\" \/>\n\t<meta property=\"og:image:type\" content=\"image\/jpeg\" \/>\n<meta name=\"twitter:card\" content=\"summary_large_image\" \/>\n<meta name=\"twitter:label1\" content=\"Becs\u00fclt olvas\u00e1si id\u0151\" \/>\n\t<meta name=\"twitter:data1\" content=\"2 perc\" \/>\n<script type=\"application\/ld+json\" class=\"yoast-schema-graph\">{\"@context\":\"https:\/\/schema.org\",\"@graph\":[{\"@type\":\"WebPage\",\"@id\":\"https:\/\/qingdaohf.com\/product\/tail-threaded-anchor\/\",\"url\":\"https:\/\/qingdaohf.com\/product\/tail-threaded-anchor\/\",\"name\":\"Long & Short Wavy Tail Threaded Anchor\",\"isPartOf\":{\"@id\":\"https:\/\/qingdaohf.com\/bg\/#website\"},\"primaryImageOfPage\":{\"@id\":\"https:\/\/qingdaohf.com\/product\/tail-threaded-anchor\/#primaryimage\"},\"image\":{\"@id\":\"https:\/\/qingdaohf.com\/product\/tail-threaded-anchor\/#primaryimage\"},\"thumbnailUrl\":\"https:\/\/qingdaohf.com\/wp-content\/uploads\/2023\/03\/long-wavy-tail-threaded-anchor-1.jpg\",\"datePublished\":\"2023-03-02T08:41:08+00:00\",\"dateModified\":\"2025-11-13T01:05:51+00:00\",\"description\":\"Tail Threaded Anchor is a type of fastener used in construction and engineering applications to securely anchor structures to a base material such as concrete, masonry, or steel.\",\"breadcrumb\":{\"@id\":\"https:\/\/qingdaohf.com\/product\/tail-threaded-anchor\/#breadcrumb\"},\"inLanguage\":\"hu\",\"potentialAction\":[{\"@type\":\"ReadAction\",\"target\":[\"https:\/\/qingdaohf.com\/product\/tail-threaded-anchor\/\"]}]},{\"@type\":\"ImageObject\",\"inLanguage\":\"hu\",\"@id\":\"https:\/\/qingdaohf.com\/product\/tail-threaded-anchor\/#primaryimage\",\"url\":\"https:\/\/qingdaohf.com\/wp-content\/uploads\/2023\/03\/long-wavy-tail-threaded-anchor-1.jpg\",\"contentUrl\":\"https:\/\/qingdaohf.com\/wp-content\/uploads\/2023\/03\/long-wavy-tail-threaded-anchor-1.jpg\",\"width\":1000,\"height\":1000,\"caption\":\"long wavy tail threaded anchor\"},{\"@type\":\"BreadcrumbList\",\"@id\":\"https:\/\/qingdaohf.com\/product\/tail-threaded-anchor\/#breadcrumb\",\"itemListElement\":[{\"@type\":\"ListItem\",\"position\":1,\"name\":\"Home\",\"item\":\"https:\/\/qingdaohf.com\/\"},{\"@type\":\"ListItem\",\"position\":2,\"name\":\"Concrete Forming Accessories and Rigging Hardware\",\"item\":\"https:\/\/qingdaohf.com\/bg\/?page_id=944\"},{\"@type\":\"ListItem\",\"position\":3,\"name\":\"Long &#038; Short Wavy Tail Threaded Anchor\"}]},{\"@type\":\"WebSite\",\"@id\":\"https:\/\/qingdaohf.com\/bg\/#website\",\"url\":\"https:\/\/qingdaohf.com\/bg\/\",\"name\":\"Concrete Form & Rigging Hardware Supplier\",\"description\":\"\",\"publisher\":{\"@id\":\"https:\/\/qingdaohf.com\/bg\/#organization\"},\"potentialAction\":[{\"@type\":\"SearchAction\",\"target\":{\"@type\":\"EntryPoint\",\"urlTemplate\":\"https:\/\/qingdaohf.com\/bg\/?s={search_term_string}\"},\"query-input\":{\"@type\":\"PropertyValueSpecification\",\"valueRequired\":true,\"valueName\":\"search_term_string\"}}],\"inLanguage\":\"hu\"},{\"@type\":\"Organization\",\"@id\":\"https:\/\/qingdaohf.com\/bg\/#organization\",\"name\":\"Qingdao H&F\",\"url\":\"https:\/\/qingdaohf.com\/bg\/\",\"logo\":{\"@type\":\"ImageObject\",\"inLanguage\":\"hu\",\"@id\":\"https:\/\/qingdaohf.com\/bg\/#\/schema\/logo\/image\/\",\"url\":\"https:\/\/qingdaohf.com\/wp-content\/uploads\/2022\/12\/cropped-HF-LOGO.png\",\"contentUrl\":\"https:\/\/qingdaohf.com\/wp-content\/uploads\/2022\/12\/cropped-HF-LOGO.png\",\"width\":391,\"height\":249,\"caption\":\"Qingdao H&F\"},\"image\":{\"@id\":\"https:\/\/qingdaohf.com\/bg\/#\/schema\/logo\/image\/\"},\"sameAs\":[\"https:\/\/www.facebook.com\/qingdaohf\"]}]}<\/script>\n<!-- \/ Yoast SEO plugin. -->","yoast_head_json":{"title":"Long & Short Wavy Tail Threaded Anchor","description":"Tail Threaded Anchor is a type of fastener used in construction and engineering applications to securely anchor structures to a base material such as concrete, masonry, or steel.","robots":{"index":"index","follow":"follow","max-snippet":"max-snippet:-1","max-image-preview":"max-image-preview:large","max-video-preview":"max-video-preview:-1"},"canonical":"https:\/\/qingdaohf.com\/hu\/termek\/farok-menetes-horgony\/","og_locale":"hu_HU","og_type":"article","og_title":"Long & Short Wavy Tail Threaded Anchor","og_description":"Tail Threaded Anchor is a type of fastener used in construction and engineering applications to securely anchor structures to a base material such as concrete, masonry, or steel.","og_url":"https:\/\/qingdaohf.com\/hu\/termek\/farok-menetes-horgony\/","og_site_name":"Concrete Form &amp; Rigging Hardware Supplier","article_publisher":"https:\/\/www.facebook.com\/qingdaohf","article_modified_time":"2025-11-13T01:05:51+00:00","og_image":[{"width":1000,"height":1000,"url":"https:\/\/qingdaohf.com\/wp-content\/uploads\/2023\/03\/long-wavy-tail-threaded-anchor-1.jpg","type":"image\/jpeg"}],"twitter_card":"summary_large_image","twitter_misc":{"Becs\u00fclt olvas\u00e1si id\u0151":"2 perc"},"schema":{"@context":"https:\/\/schema.org","@graph":[{"@type":"WebPage","@id":"https:\/\/qingdaohf.com\/product\/tail-threaded-anchor\/","url":"https:\/\/qingdaohf.com\/product\/tail-threaded-anchor\/","name":"Long & Short Wavy Tail Threaded Anchor","isPartOf":{"@id":"https:\/\/qingdaohf.com\/bg\/#website"},"primaryImageOfPage":{"@id":"https:\/\/qingdaohf.com\/product\/tail-threaded-anchor\/#primaryimage"},"image":{"@id":"https:\/\/qingdaohf.com\/product\/tail-threaded-anchor\/#primaryimage"},"thumbnailUrl":"https:\/\/qingdaohf.com\/wp-content\/uploads\/2023\/03\/long-wavy-tail-threaded-anchor-1.jpg","datePublished":"2023-03-02T08:41:08+00:00","dateModified":"2025-11-13T01:05:51+00:00","description":"Tail Threaded Anchor is a type of fastener used in construction and engineering applications to securely anchor structures to a base material such as concrete, masonry, or steel.","breadcrumb":{"@id":"https:\/\/qingdaohf.com\/product\/tail-threaded-anchor\/#breadcrumb"},"inLanguage":"hu","potentialAction":[{"@type":"ReadAction","target":["https:\/\/qingdaohf.com\/product\/tail-threaded-anchor\/"]}]},{"@type":"ImageObject","inLanguage":"hu","@id":"https:\/\/qingdaohf.com\/product\/tail-threaded-anchor\/#primaryimage","url":"https:\/\/qingdaohf.com\/wp-content\/uploads\/2023\/03\/long-wavy-tail-threaded-anchor-1.jpg","contentUrl":"https:\/\/qingdaohf.com\/wp-content\/uploads\/2023\/03\/long-wavy-tail-threaded-anchor-1.jpg","width":1000,"height":1000,"caption":"long wavy tail threaded anchor"},{"@type":"BreadcrumbList","@id":"https:\/\/qingdaohf.com\/product\/tail-threaded-anchor\/#breadcrumb","itemListElement":[{"@type":"ListItem","position":1,"name":"Home","item":"https:\/\/qingdaohf.com\/"},{"@type":"ListItem","position":2,"name":"Concrete Forming Accessories and Rigging Hardware","item":"https:\/\/qingdaohf.com\/bg\/?page_id=944"},{"@type":"ListItem","position":3,"name":"Long &#038; Short Wavy Tail Threaded Anchor"}]},{"@type":"WebSite","@id":"https:\/\/qingdaohf.com\/bg\/#website","url":"https:\/\/qingdaohf.com\/bg\/","name":"Concrete Form & Rigging Hardware Supplier","description":"","publisher":{"@id":"https:\/\/qingdaohf.com\/bg\/#organization"},"potentialAction":[{"@type":"SearchAction","target":{"@type":"EntryPoint","urlTemplate":"https:\/\/qingdaohf.com\/bg\/?s={search_term_string}"},"query-input":{"@type":"PropertyValueSpecification","valueRequired":true,"valueName":"search_term_string"}}],"inLanguage":"hu"},{"@type":"Organization","@id":"https:\/\/qingdaohf.com\/bg\/#organization","name":"Qingdao H&F","url":"https:\/\/qingdaohf.com\/bg\/","logo":{"@type":"ImageObject","inLanguage":"hu","@id":"https:\/\/qingdaohf.com\/bg\/#\/schema\/logo\/image\/","url":"https:\/\/qingdaohf.com\/wp-content\/uploads\/2022\/12\/cropped-HF-LOGO.png","contentUrl":"https:\/\/qingdaohf.com\/wp-content\/uploads\/2022\/12\/cropped-HF-LOGO.png","width":391,"height":249,"caption":"Qingdao H&F"},"image":{"@id":"https:\/\/qingdaohf.com\/bg\/#\/schema\/logo\/image\/"},"sameAs":["https:\/\/www.facebook.com\/qingdaohf"]}]}},"_links":{"self":[{"href":"https:\/\/qingdaohf.com\/hu\/wp-json\/wp\/v2\/product\/2659","targetHints":{"allow":["GET"]}}],"collection":[{"href":"https:\/\/qingdaohf.com\/hu\/wp-json\/wp\/v2\/product"}],"about":[{"href":"https:\/\/qingdaohf.com\/hu\/wp-json\/wp\/v2\/types\/product"}],"replies":[{"embeddable":true,"href":"https:\/\/qingdaohf.com\/hu\/wp-json\/wp\/v2\/comments?post=2659"}],"version-history":[{"count":2,"href":"https:\/\/qingdaohf.com\/hu\/wp-json\/wp\/v2\/product\/2659\/revisions"}],"predecessor-version":[{"id":6121,"href":"https:\/\/qingdaohf.com\/hu\/wp-json\/wp\/v2\/product\/2659\/revisions\/6121"}],"wp:featuredmedia":[{"embeddable":true,"href":"https:\/\/qingdaohf.com\/hu\/wp-json\/wp\/v2\/media\/3348"}],"wp:attachment":[{"href":"https:\/\/qingdaohf.com\/hu\/wp-json\/wp\/v2\/media?parent=2659"}],"wp:term":[{"taxonomy":"product_brand","embeddable":true,"href":"https:\/\/qingdaohf.com\/hu\/wp-json\/wp\/v2\/product_brand?post=2659"},{"taxonomy":"product_cat","embeddable":true,"href":"https:\/\/qingdaohf.com\/hu\/wp-json\/wp\/v2\/product_cat?post=2659"},{"taxonomy":"product_tag","embeddable":true,"href":"https:\/\/qingdaohf.com\/hu\/wp-json\/wp\/v2\/product_tag?post=2659"}],"curies":[{"name":"wp","href":"https:\/\/api.w.org\/{rel}","templated":true}]}}