{"id":2675,"date":"2023-03-03T14:02:06","date_gmt":"2023-03-03T06:02:06","guid":{"rendered":"http:\/\/qingdaohf.com\/?post_type=product&#038;p=2675"},"modified":"2025-11-13T09:05:33","modified_gmt":"2025-11-13T01:05:33","slug":"rubber-recess-former","status":"publish","type":"product","link":"https:\/\/qingdaohf.com\/hu\/termek\/gumis-melyedeskepzo\/","title":{"rendered":"Gumi bem\u00e9lyed\u00e9s form\u00e1z\u00f3"},"content":{"rendered":"<p>A gumibet\u00e9t-form\u00e1z\u00f3 \u00e1ltal\u00e1ban rugalmas anyagb\u00f3l, p\u00e9ld\u00e1ul gumib\u00f3l k\u00e9sz\u00fcl, \u00e9s \u00fagy tervezt\u00e9k, hogy a nedves betonba helyezz\u00e9k, miel\u0151tt az megsz\u00e1radna. Amint a beton megszil\u00e1rdul, a form\u00e1z\u00f3t elt\u00e1vol\u00edtj\u00e1k, \u00e9s egy pontosan kialak\u00edtott m\u00e9lyed\u00e9st hagynak maguk ut\u00e1n, amely k\u00fcl\u00f6nb\u00f6z\u0151 c\u00e9lokra haszn\u00e1lhat\u00f3.<\/p>\n<p>A gumis m\u00e9lyed\u00e9sform\u00e1z\u00f3k k\u00fcl\u00f6nb\u00f6z\u0151 form\u00e1kban \u00e9s m\u00e9retekben kaphat\u00f3k, hogy k\u00fcl\u00f6nb\u00f6z\u0151 t\u00edpus\u00fa szerelv\u00e9nyekhez \u00e9s alkalmaz\u00e1sokhoz alkalmazkodjanak. Ezeket sz\u00e9les k\u00f6rben haszn\u00e1lj\u00e1k kereskedelmi \u00e9s lakoss\u00e1gi \u00e9p\u00edt\u00e9si projektekben, hogy rendezett \u00e9s professzion\u00e1lis megjelen\u00e9st biztos\u00edtsanak, mik\u00f6zben k\u00e9nyelmes m\u00f3dot biztos\u00edtanak az alapvet\u0151 \u00e9p\u00edt\u0151elemek beszerel\u00e9s\u00e9re.<\/p>\n<p><img fetchpriority=\"high\" decoding=\"async\" class=\"alignnone size-full wp-image-3409\" src=\"http:\/\/qingdaohf.com\/wp-content\/uploads\/2023\/03\/60-3.jpg\" alt=\"TAB\" width=\"1200\" height=\"532\" srcset=\"https:\/\/qingdaohf.com\/wp-content\/uploads\/2023\/03\/60-3.jpg 1200w, https:\/\/qingdaohf.com\/wp-content\/uploads\/2023\/03\/60-3-300x133.jpg 300w, https:\/\/qingdaohf.com\/wp-content\/uploads\/2023\/03\/60-3-1024x454.jpg 1024w, https:\/\/qingdaohf.com\/wp-content\/uploads\/2023\/03\/60-3-768x340.jpg 768w, https:\/\/qingdaohf.com\/wp-content\/uploads\/2023\/03\/60-3-1000x443.jpg 1000w\" sizes=\"(max-width: 1200px) 100vw, 1200px\" \/><\/p>","protected":false},"excerpt":{"rendered":"<p>A gumib\u00f3l k\u00e9sz\u00fclt m\u00e9lyed\u00e9sform\u00e1z\u00f3 az \u00e9p\u00edt\u0151iparban haszn\u00e1lt eszk\u00f6z, amellyel betonban vagy m\u00e1s \u00e9p\u00edt\u0151anyagokban m\u00e9lyed\u00e9seket vagy bem\u00e9lyed\u00e9seket lehet l\u00e9trehozni. \u00c1ltal\u00e1ban elektromos vagy v\u00edzvezet\u00e9k-szerelv\u00e9nyek, p\u00e9ld\u00e1ul konnektorok vagy cs\u00f6vek falba vagy m\u00e1s szerkezetekbe t\u00f6rt\u00e9n\u0151 be\u00e9p\u00edt\u00e9s\u00e9hez sz\u00fcks\u00e9ges helyek kialak\u00edt\u00e1s\u00e1ra haszn\u00e1lj\u00e1k.<\/p>","protected":false},"featured_media":3405,"comment_status":"open","ping_status":"closed","template":"","meta":{"site-sidebar-layout":"default","site-content-layout":"default","ast-site-content-layout":"","site-content-style":"default","site-sidebar-style":"default","ast-global-header-display":"","ast-banner-title-visibility":"","ast-main-header-display":"","ast-hfb-above-header-display":"","ast-hfb-below-header-display":"","ast-hfb-mobile-header-display":"","site-post-title":"","ast-breadcrumbs-content":"","ast-featured-img":"","footer-sml-layout":"","theme-transparent-header-meta":"default","adv-header-id-meta":"","stick-header-meta":"default","header-above-stick-meta":"","header-main-stick-meta":"","header-below-stick-meta":"","astra-migrate-meta-layouts":"default","ast-page-background-enabled":"default","ast-page-background-meta":{"desktop":{"background-color":"","background-image":"","background-repeat":"repeat","background-position":"center center","background-size":"auto","background-attachment":"scroll","background-type":"","background-media":"","overlay-type":"","overlay-color":"","overlay-opacity":"","overlay-gradient":""},"tablet":{"background-color":"","background-image":"","background-repeat":"repeat","background-position":"center center","background-size":"auto","background-attachment":"scroll","background-type":"","background-media":"","overlay-type":"","overlay-color":"","overlay-opacity":"","overlay-gradient":""},"mobile":{"background-color":"","background-image":"","background-repeat":"repeat","background-position":"center center","background-size":"auto","background-attachment":"scroll","background-type":"","background-media":"","overlay-type":"","overlay-color":"","overlay-opacity":"","overlay-gradient":""}},"ast-content-background-meta":{"desktop":{"background-color":"var(--ast-global-color-5)","background-image":"","background-repeat":"repeat","background-position":"center center","background-size":"auto","background-attachment":"scroll","background-type":"","background-media":"","overlay-type":"","overlay-color":"","overlay-opacity":"","overlay-gradient":""},"tablet":{"background-color":"var(--ast-global-color-5)","background-image":"","background-repeat":"repeat","background-position":"center center","background-size":"auto","background-attachment":"scroll","background-type":"","background-media":"","overlay-type":"","overlay-color":"","overlay-opacity":"","overlay-gradient":""},"mobile":{"background-color":"var(--ast-global-color-5)","background-image":"","background-repeat":"repeat","background-position":"center center","background-size":"auto","background-attachment":"scroll","background-type":"","background-media":"","overlay-type":"","overlay-color":"","overlay-opacity":"","overlay-gradient":""}}},"product_brand":[],"product_cat":[75],"product_tag":[],"class_list":{"0":"post-2675","1":"product","2":"type-product","3":"status-publish","4":"has-post-thumbnail","6":"product_cat-plastic-and-rubber-product","7":"desktop-align-left","8":"tablet-align-left","9":"mobile-align-left","10":"ast-product-gallery-layout-horizontal-slider","11":"ast-product-tabs-layout-horizontal","13":"first","14":"instock","15":"shipping-taxable","16":"purchasable","17":"product-type-simple"},"yoast_head":"<!-- This site is optimized with the Yoast SEO plugin v25.2 - https:\/\/yoast.com\/wordpress\/plugins\/seo\/ -->\n<title>Rubber Recess Former<\/title>\n<meta name=\"description\" content=\"Rubber recess former is a tool used in the construction industry for creating recesses or indentations in concrete or other building materials.\" \/>\n<meta name=\"robots\" content=\"index, follow, max-snippet:-1, max-image-preview:large, max-video-preview:-1\" \/>\n<link rel=\"canonical\" href=\"https:\/\/qingdaohf.com\/hu\/termek\/gumis-melyedeskepzo\/\" \/>\n<meta property=\"og:locale\" content=\"hu_HU\" \/>\n<meta property=\"og:type\" content=\"article\" \/>\n<meta property=\"og:title\" content=\"Rubber Recess Former\" \/>\n<meta property=\"og:description\" content=\"Rubber recess former is a tool used in the construction industry for creating recesses or indentations in concrete or other building materials.\" \/>\n<meta property=\"og:url\" content=\"https:\/\/qingdaohf.com\/hu\/termek\/gumis-melyedeskepzo\/\" \/>\n<meta property=\"og:site_name\" content=\"Concrete Form &amp; Rigging Hardware Supplier\" \/>\n<meta property=\"article:publisher\" content=\"https:\/\/www.facebook.com\/qingdaohf\" \/>\n<meta property=\"article:modified_time\" content=\"2025-11-13T01:05:33+00:00\" \/>\n<meta property=\"og:image\" content=\"https:\/\/qingdaohf.com\/wp-content\/uploads\/2023\/03\/Rubber-Recess-Former-4.jpg\" \/>\n\t<meta property=\"og:image:width\" content=\"1000\" \/>\n\t<meta property=\"og:image:height\" content=\"1000\" \/>\n\t<meta property=\"og:image:type\" content=\"image\/jpeg\" \/>\n<meta name=\"twitter:card\" content=\"summary_large_image\" \/>\n<meta name=\"twitter:label1\" content=\"Becs\u00fclt olvas\u00e1si id\u0151\" \/>\n\t<meta name=\"twitter:data1\" content=\"1 perc\" \/>\n<script type=\"application\/ld+json\" class=\"yoast-schema-graph\">{\"@context\":\"https:\/\/schema.org\",\"@graph\":[{\"@type\":\"WebPage\",\"@id\":\"https:\/\/qingdaohf.com\/product\/rubber-recess-former\/\",\"url\":\"https:\/\/qingdaohf.com\/product\/rubber-recess-former\/\",\"name\":\"Rubber Recess Former\",\"isPartOf\":{\"@id\":\"https:\/\/qingdaohf.com\/bg\/#website\"},\"primaryImageOfPage\":{\"@id\":\"https:\/\/qingdaohf.com\/product\/rubber-recess-former\/#primaryimage\"},\"image\":{\"@id\":\"https:\/\/qingdaohf.com\/product\/rubber-recess-former\/#primaryimage\"},\"thumbnailUrl\":\"https:\/\/qingdaohf.com\/wp-content\/uploads\/2023\/03\/Rubber-Recess-Former-4.jpg\",\"datePublished\":\"2023-03-03T06:02:06+00:00\",\"dateModified\":\"2025-11-13T01:05:33+00:00\",\"description\":\"Rubber recess former is a tool used in the construction industry for creating recesses or indentations in concrete or other building materials.\",\"breadcrumb\":{\"@id\":\"https:\/\/qingdaohf.com\/product\/rubber-recess-former\/#breadcrumb\"},\"inLanguage\":\"hu\",\"potentialAction\":[{\"@type\":\"ReadAction\",\"target\":[\"https:\/\/qingdaohf.com\/product\/rubber-recess-former\/\"]}]},{\"@type\":\"ImageObject\",\"inLanguage\":\"hu\",\"@id\":\"https:\/\/qingdaohf.com\/product\/rubber-recess-former\/#primaryimage\",\"url\":\"https:\/\/qingdaohf.com\/wp-content\/uploads\/2023\/03\/Rubber-Recess-Former-4.jpg\",\"contentUrl\":\"https:\/\/qingdaohf.com\/wp-content\/uploads\/2023\/03\/Rubber-Recess-Former-4.jpg\",\"width\":1000,\"height\":1000,\"caption\":\"Rubber Recess Former\"},{\"@type\":\"BreadcrumbList\",\"@id\":\"https:\/\/qingdaohf.com\/product\/rubber-recess-former\/#breadcrumb\",\"itemListElement\":[{\"@type\":\"ListItem\",\"position\":1,\"name\":\"Home\",\"item\":\"https:\/\/qingdaohf.com\/\"},{\"@type\":\"ListItem\",\"position\":2,\"name\":\"Concrete Forming Accessories and Rigging Hardware\",\"item\":\"https:\/\/qingdaohf.com\/bg\/?page_id=944\"},{\"@type\":\"ListItem\",\"position\":3,\"name\":\"Rubber Recess Former\"}]},{\"@type\":\"WebSite\",\"@id\":\"https:\/\/qingdaohf.com\/bg\/#website\",\"url\":\"https:\/\/qingdaohf.com\/bg\/\",\"name\":\"Concrete Form & Rigging Hardware Supplier\",\"description\":\"\",\"publisher\":{\"@id\":\"https:\/\/qingdaohf.com\/bg\/#organization\"},\"potentialAction\":[{\"@type\":\"SearchAction\",\"target\":{\"@type\":\"EntryPoint\",\"urlTemplate\":\"https:\/\/qingdaohf.com\/bg\/?s={search_term_string}\"},\"query-input\":{\"@type\":\"PropertyValueSpecification\",\"valueRequired\":true,\"valueName\":\"search_term_string\"}}],\"inLanguage\":\"hu\"},{\"@type\":\"Organization\",\"@id\":\"https:\/\/qingdaohf.com\/bg\/#organization\",\"name\":\"Qingdao H&F\",\"url\":\"https:\/\/qingdaohf.com\/bg\/\",\"logo\":{\"@type\":\"ImageObject\",\"inLanguage\":\"hu\",\"@id\":\"https:\/\/qingdaohf.com\/bg\/#\/schema\/logo\/image\/\",\"url\":\"https:\/\/qingdaohf.com\/wp-content\/uploads\/2022\/12\/cropped-HF-LOGO.png\",\"contentUrl\":\"https:\/\/qingdaohf.com\/wp-content\/uploads\/2022\/12\/cropped-HF-LOGO.png\",\"width\":391,\"height\":249,\"caption\":\"Qingdao H&F\"},\"image\":{\"@id\":\"https:\/\/qingdaohf.com\/bg\/#\/schema\/logo\/image\/\"},\"sameAs\":[\"https:\/\/www.facebook.com\/qingdaohf\"]}]}<\/script>\n<!-- \/ Yoast SEO plugin. -->","yoast_head_json":{"title":"Rubber Recess Former","description":"Rubber recess former is a tool used in the construction industry for creating recesses or indentations in concrete or other building materials.","robots":{"index":"index","follow":"follow","max-snippet":"max-snippet:-1","max-image-preview":"max-image-preview:large","max-video-preview":"max-video-preview:-1"},"canonical":"https:\/\/qingdaohf.com\/hu\/termek\/gumis-melyedeskepzo\/","og_locale":"hu_HU","og_type":"article","og_title":"Rubber Recess Former","og_description":"Rubber recess former is a tool used in the construction industry for creating recesses or indentations in concrete or other building materials.","og_url":"https:\/\/qingdaohf.com\/hu\/termek\/gumis-melyedeskepzo\/","og_site_name":"Concrete Form &amp; Rigging Hardware Supplier","article_publisher":"https:\/\/www.facebook.com\/qingdaohf","article_modified_time":"2025-11-13T01:05:33+00:00","og_image":[{"width":1000,"height":1000,"url":"https:\/\/qingdaohf.com\/wp-content\/uploads\/2023\/03\/Rubber-Recess-Former-4.jpg","type":"image\/jpeg"}],"twitter_card":"summary_large_image","twitter_misc":{"Becs\u00fclt olvas\u00e1si id\u0151":"1 perc"},"schema":{"@context":"https:\/\/schema.org","@graph":[{"@type":"WebPage","@id":"https:\/\/qingdaohf.com\/product\/rubber-recess-former\/","url":"https:\/\/qingdaohf.com\/product\/rubber-recess-former\/","name":"Rubber Recess Former","isPartOf":{"@id":"https:\/\/qingdaohf.com\/bg\/#website"},"primaryImageOfPage":{"@id":"https:\/\/qingdaohf.com\/product\/rubber-recess-former\/#primaryimage"},"image":{"@id":"https:\/\/qingdaohf.com\/product\/rubber-recess-former\/#primaryimage"},"thumbnailUrl":"https:\/\/qingdaohf.com\/wp-content\/uploads\/2023\/03\/Rubber-Recess-Former-4.jpg","datePublished":"2023-03-03T06:02:06+00:00","dateModified":"2025-11-13T01:05:33+00:00","description":"Rubber recess former is a tool used in the construction industry for creating recesses or indentations in concrete or other building materials.","breadcrumb":{"@id":"https:\/\/qingdaohf.com\/product\/rubber-recess-former\/#breadcrumb"},"inLanguage":"hu","potentialAction":[{"@type":"ReadAction","target":["https:\/\/qingdaohf.com\/product\/rubber-recess-former\/"]}]},{"@type":"ImageObject","inLanguage":"hu","@id":"https:\/\/qingdaohf.com\/product\/rubber-recess-former\/#primaryimage","url":"https:\/\/qingdaohf.com\/wp-content\/uploads\/2023\/03\/Rubber-Recess-Former-4.jpg","contentUrl":"https:\/\/qingdaohf.com\/wp-content\/uploads\/2023\/03\/Rubber-Recess-Former-4.jpg","width":1000,"height":1000,"caption":"Rubber Recess Former"},{"@type":"BreadcrumbList","@id":"https:\/\/qingdaohf.com\/product\/rubber-recess-former\/#breadcrumb","itemListElement":[{"@type":"ListItem","position":1,"name":"Home","item":"https:\/\/qingdaohf.com\/"},{"@type":"ListItem","position":2,"name":"Concrete Forming Accessories and Rigging Hardware","item":"https:\/\/qingdaohf.com\/bg\/?page_id=944"},{"@type":"ListItem","position":3,"name":"Rubber Recess Former"}]},{"@type":"WebSite","@id":"https:\/\/qingdaohf.com\/bg\/#website","url":"https:\/\/qingdaohf.com\/bg\/","name":"Concrete Form & Rigging Hardware Supplier","description":"","publisher":{"@id":"https:\/\/qingdaohf.com\/bg\/#organization"},"potentialAction":[{"@type":"SearchAction","target":{"@type":"EntryPoint","urlTemplate":"https:\/\/qingdaohf.com\/bg\/?s={search_term_string}"},"query-input":{"@type":"PropertyValueSpecification","valueRequired":true,"valueName":"search_term_string"}}],"inLanguage":"hu"},{"@type":"Organization","@id":"https:\/\/qingdaohf.com\/bg\/#organization","name":"Qingdao H&F","url":"https:\/\/qingdaohf.com\/bg\/","logo":{"@type":"ImageObject","inLanguage":"hu","@id":"https:\/\/qingdaohf.com\/bg\/#\/schema\/logo\/image\/","url":"https:\/\/qingdaohf.com\/wp-content\/uploads\/2022\/12\/cropped-HF-LOGO.png","contentUrl":"https:\/\/qingdaohf.com\/wp-content\/uploads\/2022\/12\/cropped-HF-LOGO.png","width":391,"height":249,"caption":"Qingdao H&F"},"image":{"@id":"https:\/\/qingdaohf.com\/bg\/#\/schema\/logo\/image\/"},"sameAs":["https:\/\/www.facebook.com\/qingdaohf"]}]}},"_links":{"self":[{"href":"https:\/\/qingdaohf.com\/hu\/wp-json\/wp\/v2\/product\/2675","targetHints":{"allow":["GET"]}}],"collection":[{"href":"https:\/\/qingdaohf.com\/hu\/wp-json\/wp\/v2\/product"}],"about":[{"href":"https:\/\/qingdaohf.com\/hu\/wp-json\/wp\/v2\/types\/product"}],"replies":[{"embeddable":true,"href":"https:\/\/qingdaohf.com\/hu\/wp-json\/wp\/v2\/comments?post=2675"}],"version-history":[{"count":2,"href":"https:\/\/qingdaohf.com\/hu\/wp-json\/wp\/v2\/product\/2675\/revisions"}],"predecessor-version":[{"id":7014,"href":"https:\/\/qingdaohf.com\/hu\/wp-json\/wp\/v2\/product\/2675\/revisions\/7014"}],"wp:featuredmedia":[{"embeddable":true,"href":"https:\/\/qingdaohf.com\/hu\/wp-json\/wp\/v2\/media\/3405"}],"wp:attachment":[{"href":"https:\/\/qingdaohf.com\/hu\/wp-json\/wp\/v2\/media?parent=2675"}],"wp:term":[{"taxonomy":"product_brand","embeddable":true,"href":"https:\/\/qingdaohf.com\/hu\/wp-json\/wp\/v2\/product_brand?post=2675"},{"taxonomy":"product_cat","embeddable":true,"href":"https:\/\/qingdaohf.com\/hu\/wp-json\/wp\/v2\/product_cat?post=2675"},{"taxonomy":"product_tag","embeddable":true,"href":"https:\/\/qingdaohf.com\/hu\/wp-json\/wp\/v2\/product_tag?post=2675"}],"curies":[{"name":"wp","href":"https:\/\/api.w.org\/{rel}","templated":true}]}}