{"id":2678,"date":"2023-03-03T15:19:17","date_gmt":"2023-03-03T07:19:17","guid":{"rendered":"http:\/\/qingdaohf.com\/?post_type=product&#038;p=2678"},"modified":"2025-11-13T09:05:33","modified_gmt":"2025-11-13T01:05:33","slug":"pastic-pvc-foam-chamfer","status":"publish","type":"product","link":"https:\/\/qingdaohf.com\/hu\/termek\/pasztikus-pvc-hab-ferde\/","title":{"rendered":"Plasztikus Pvc hab ferd\u00edt\u00e9s"},"content":{"rendered":"<p>A m\u0171anyag PVC habszivacs ferd\u00edt\u00e9s egy olyan \u00e9p\u00edt\u0151anyag-t\u00edpus, amelyet gyakran haszn\u00e1lnak az \u00e9p\u00edt\u00e9si projektekben. Ez egy k\u00f6nny\u0171, tart\u00f3s \u00e9s sokoldal\u00fa anyag, amely PVC \u00e9s hab kever\u00e9k\u00e9b\u0151l k\u00e9sz\u00fcl. Az anyag ferde alakja miatt ide\u00e1lis az \u00e9p\u00fcletfel\u00fcletek, p\u00e9ld\u00e1ul falak, oszlopok \u00e9s gerend\u00e1k sima \u00e9leinek \u00e9s sarkainak kialak\u00edt\u00e1s\u00e1ra.<\/p>\n<p>A PVC habszivacs ferd\u00edt\u00e9s a nedvess\u00e9ggel, id\u0151j\u00e1r\u00e1ssal \u00e9s korr\u00f3zi\u00f3val szembeni ellen\u00e1ll\u00f3 k\u00e9pess\u00e9g\u00e9r\u0151l ismert. Emellett k\u00f6nny\u0171 vele dolgozni, mivel alapvet\u0151 szersz\u00e1mokkal \u00e9s technik\u00e1kkal v\u00e1ghat\u00f3, alak\u00edthat\u00f3 \u00e9s be\u00e9p\u00edthet\u0151. A PVC habszivacs ferdeszeg\u00e9ly t\u00f6bbf\u00e9le m\u00e9retben \u00e9s sz\u00ednben kaphat\u00f3, \u00edgy sz\u00e1mos felhaszn\u00e1l\u00e1si ter\u00fcletre alkalmas mind a lakoss\u00e1gi, mind a kereskedelmi \u00e9p\u00edtkez\u00e9sben.<\/p>\n<p>A PVC habszivacs ferd\u00edt\u00e9s \u00e9p\u00edt\u00e9sben val\u00f3 haszn\u00e1lat\u00e1nak n\u00e9h\u00e1ny el\u0151nye k\u00f6z\u00e9 tartozik a k\u00f6nny\u0171 s\u00falya, amely cs\u00f6kkenti a szerkezet teljes s\u00faly\u00e1t, valamint az \u00fct\u00e9s- \u00e9s rezg\u00e9selnyel\u0151 k\u00e9pess\u00e9ge. Ezenk\u00edv\u00fcl a PVC habszivacs ferd\u00edt\u00e9s k\u00f6lts\u00e9ghat\u00e9kony alternat\u00edv\u00e1ja m\u00e1s \u00e9p\u00edt\u0151anyagoknak, p\u00e9ld\u00e1ul a f\u00e1nak, a f\u00e9mnek \u00e9s a betonnak, \u00edgy n\u00e9pszer\u0171 v\u00e1laszt\u00e1s az \u00e9p\u00edt\u0151k \u00e9s a kivitelez\u0151k k\u00f6r\u00e9ben.<\/p>\n<p><img fetchpriority=\"high\" decoding=\"async\" class=\"alignnone size-full wp-image-3467\" src=\"http:\/\/qingdaohf.com\/wp-content\/uploads\/2023\/03\/Pastic-Pvc-Foam-Chamfer.jpg\" alt=\"Plasztikus Pvc hab ferd\u00edt\u00e9s\" width=\"1200\" height=\"748\" srcset=\"https:\/\/qingdaohf.com\/wp-content\/uploads\/2023\/03\/Pastic-Pvc-Foam-Chamfer.jpg 1200w, https:\/\/qingdaohf.com\/wp-content\/uploads\/2023\/03\/Pastic-Pvc-Foam-Chamfer-300x187.jpg 300w, https:\/\/qingdaohf.com\/wp-content\/uploads\/2023\/03\/Pastic-Pvc-Foam-Chamfer-1024x638.jpg 1024w, https:\/\/qingdaohf.com\/wp-content\/uploads\/2023\/03\/Pastic-Pvc-Foam-Chamfer-768x479.jpg 768w, https:\/\/qingdaohf.com\/wp-content\/uploads\/2023\/03\/Pastic-Pvc-Foam-Chamfer-1000x623.jpg 1000w\" sizes=\"(max-width: 1200px) 100vw, 1200px\" \/><\/p>","protected":false},"excerpt":{"rendered":"<p>A m\u0171anyag PVC habszivacs ferd\u00edt\u00e9s egy olyan \u00e9p\u00edt\u0151anyag-t\u00edpus, amelyet gyakran haszn\u00e1lnak az \u00e9p\u00edt\u00e9si projektekben. Ez egy k\u00f6nny\u0171, tart\u00f3s \u00e9s sokoldal\u00fa anyag, amely PVC \u00e9s hab kever\u00e9k\u00e9b\u0151l k\u00e9sz\u00fcl. Az anyag ferde alakja miatt ide\u00e1lis az \u00e9p\u00fcletfel\u00fcletek, p\u00e9ld\u00e1ul falak, oszlopok \u00e9s gerend\u00e1k sima \u00e9leinek \u00e9s sarkainak kialak\u00edt\u00e1s\u00e1ra.<\/p>","protected":false},"featured_media":3461,"comment_status":"open","ping_status":"closed","template":"","meta":{"site-sidebar-layout":"default","site-content-layout":"default","ast-site-content-layout":"","site-content-style":"default","site-sidebar-style":"default","ast-global-header-display":"","ast-banner-title-visibility":"","ast-main-header-display":"","ast-hfb-above-header-display":"","ast-hfb-below-header-display":"","ast-hfb-mobile-header-display":"","site-post-title":"","ast-breadcrumbs-content":"","ast-featured-img":"","footer-sml-layout":"","theme-transparent-header-meta":"default","adv-header-id-meta":"","stick-header-meta":"default","header-above-stick-meta":"","header-main-stick-meta":"","header-below-stick-meta":"","astra-migrate-meta-layouts":"default","ast-page-background-enabled":"default","ast-page-background-meta":{"desktop":{"background-color":"","background-image":"","background-repeat":"repeat","background-position":"center center","background-size":"auto","background-attachment":"scroll","background-type":"","background-media":"","overlay-type":"","overlay-color":"","overlay-opacity":"","overlay-gradient":""},"tablet":{"background-color":"","background-image":"","background-repeat":"repeat","background-position":"center center","background-size":"auto","background-attachment":"scroll","background-type":"","background-media":"","overlay-type":"","overlay-color":"","overlay-opacity":"","overlay-gradient":""},"mobile":{"background-color":"","background-image":"","background-repeat":"repeat","background-position":"center center","background-size":"auto","background-attachment":"scroll","background-type":"","background-media":"","overlay-type":"","overlay-color":"","overlay-opacity":"","overlay-gradient":""}},"ast-content-background-meta":{"desktop":{"background-color":"var(--ast-global-color-5)","background-image":"","background-repeat":"repeat","background-position":"center center","background-size":"auto","background-attachment":"scroll","background-type":"","background-media":"","overlay-type":"","overlay-color":"","overlay-opacity":"","overlay-gradient":""},"tablet":{"background-color":"var(--ast-global-color-5)","background-image":"","background-repeat":"repeat","background-position":"center center","background-size":"auto","background-attachment":"scroll","background-type":"","background-media":"","overlay-type":"","overlay-color":"","overlay-opacity":"","overlay-gradient":""},"mobile":{"background-color":"var(--ast-global-color-5)","background-image":"","background-repeat":"repeat","background-position":"center center","background-size":"auto","background-attachment":"scroll","background-type":"","background-media":"","overlay-type":"","overlay-color":"","overlay-opacity":"","overlay-gradient":""}}},"product_brand":[],"product_cat":[75],"product_tag":[],"class_list":{"0":"post-2678","1":"product","2":"type-product","3":"status-publish","4":"has-post-thumbnail","6":"product_cat-plastic-and-rubber-product","7":"desktop-align-left","8":"tablet-align-left","9":"mobile-align-left","10":"ast-product-gallery-layout-horizontal-slider","11":"ast-product-tabs-layout-horizontal","13":"first","14":"instock","15":"shipping-taxable","16":"purchasable","17":"product-type-simple"},"yoast_head":"<!-- This site is optimized with the Yoast SEO plugin v25.2 - https:\/\/yoast.com\/wordpress\/plugins\/seo\/ -->\n<title>Pastic Pvc Foam Chamfer<\/title>\n<meta name=\"description\" content=\"Plastic PVC foam chamfer is a type of building material that is commonly used in construction projects.\" \/>\n<meta name=\"robots\" content=\"index, follow, max-snippet:-1, max-image-preview:large, max-video-preview:-1\" \/>\n<link rel=\"canonical\" href=\"https:\/\/qingdaohf.com\/hu\/termek\/pasztikus-pvc-hab-ferde\/\" \/>\n<meta property=\"og:locale\" content=\"hu_HU\" \/>\n<meta property=\"og:type\" content=\"article\" \/>\n<meta property=\"og:title\" content=\"Pastic Pvc Foam Chamfer\" \/>\n<meta property=\"og:description\" content=\"Plastic PVC foam chamfer is a type of building material that is commonly used in construction projects.\" \/>\n<meta property=\"og:url\" content=\"https:\/\/qingdaohf.com\/hu\/termek\/pasztikus-pvc-hab-ferde\/\" \/>\n<meta property=\"og:site_name\" content=\"Concrete Form &amp; Rigging Hardware Supplier\" \/>\n<meta property=\"article:publisher\" content=\"https:\/\/www.facebook.com\/qingdaohf\" \/>\n<meta property=\"article:modified_time\" content=\"2025-11-13T01:05:33+00:00\" \/>\n<meta property=\"og:image\" content=\"https:\/\/qingdaohf.com\/wp-content\/uploads\/2023\/03\/Pastic-Pvc-Foam-Chamfer-1.jpg\" \/>\n\t<meta property=\"og:image:width\" content=\"1000\" \/>\n\t<meta property=\"og:image:height\" content=\"1000\" \/>\n\t<meta property=\"og:image:type\" content=\"image\/jpeg\" \/>\n<meta name=\"twitter:card\" content=\"summary_large_image\" \/>\n<meta name=\"twitter:label1\" content=\"Becs\u00fclt olvas\u00e1si id\u0151\" \/>\n\t<meta name=\"twitter:data1\" content=\"1 perc\" \/>\n<script type=\"application\/ld+json\" class=\"yoast-schema-graph\">{\"@context\":\"https:\/\/schema.org\",\"@graph\":[{\"@type\":\"WebPage\",\"@id\":\"https:\/\/qingdaohf.com\/product\/pastic-pvc-foam-chamfer\/\",\"url\":\"https:\/\/qingdaohf.com\/product\/pastic-pvc-foam-chamfer\/\",\"name\":\"Pastic Pvc Foam Chamfer\",\"isPartOf\":{\"@id\":\"https:\/\/qingdaohf.com\/bg\/#website\"},\"primaryImageOfPage\":{\"@id\":\"https:\/\/qingdaohf.com\/product\/pastic-pvc-foam-chamfer\/#primaryimage\"},\"image\":{\"@id\":\"https:\/\/qingdaohf.com\/product\/pastic-pvc-foam-chamfer\/#primaryimage\"},\"thumbnailUrl\":\"https:\/\/qingdaohf.com\/wp-content\/uploads\/2023\/03\/Pastic-Pvc-Foam-Chamfer-1.jpg\",\"datePublished\":\"2023-03-03T07:19:17+00:00\",\"dateModified\":\"2025-11-13T01:05:33+00:00\",\"description\":\"Plastic PVC foam chamfer is a type of building material that is commonly used in construction projects.\",\"breadcrumb\":{\"@id\":\"https:\/\/qingdaohf.com\/product\/pastic-pvc-foam-chamfer\/#breadcrumb\"},\"inLanguage\":\"hu\",\"potentialAction\":[{\"@type\":\"ReadAction\",\"target\":[\"https:\/\/qingdaohf.com\/product\/pastic-pvc-foam-chamfer\/\"]}]},{\"@type\":\"ImageObject\",\"inLanguage\":\"hu\",\"@id\":\"https:\/\/qingdaohf.com\/product\/pastic-pvc-foam-chamfer\/#primaryimage\",\"url\":\"https:\/\/qingdaohf.com\/wp-content\/uploads\/2023\/03\/Pastic-Pvc-Foam-Chamfer-1.jpg\",\"contentUrl\":\"https:\/\/qingdaohf.com\/wp-content\/uploads\/2023\/03\/Pastic-Pvc-Foam-Chamfer-1.jpg\",\"width\":1000,\"height\":1000,\"caption\":\"Pastic Pvc Foam Chamfer\"},{\"@type\":\"BreadcrumbList\",\"@id\":\"https:\/\/qingdaohf.com\/product\/pastic-pvc-foam-chamfer\/#breadcrumb\",\"itemListElement\":[{\"@type\":\"ListItem\",\"position\":1,\"name\":\"Home\",\"item\":\"https:\/\/qingdaohf.com\/\"},{\"@type\":\"ListItem\",\"position\":2,\"name\":\"Concrete Forming Accessories and Rigging Hardware\",\"item\":\"https:\/\/qingdaohf.com\/bg\/?page_id=944\"},{\"@type\":\"ListItem\",\"position\":3,\"name\":\"Pastic Pvc Foam Chamfer\"}]},{\"@type\":\"WebSite\",\"@id\":\"https:\/\/qingdaohf.com\/bg\/#website\",\"url\":\"https:\/\/qingdaohf.com\/bg\/\",\"name\":\"Concrete Form & Rigging Hardware Supplier\",\"description\":\"\",\"publisher\":{\"@id\":\"https:\/\/qingdaohf.com\/bg\/#organization\"},\"potentialAction\":[{\"@type\":\"SearchAction\",\"target\":{\"@type\":\"EntryPoint\",\"urlTemplate\":\"https:\/\/qingdaohf.com\/bg\/?s={search_term_string}\"},\"query-input\":{\"@type\":\"PropertyValueSpecification\",\"valueRequired\":true,\"valueName\":\"search_term_string\"}}],\"inLanguage\":\"hu\"},{\"@type\":\"Organization\",\"@id\":\"https:\/\/qingdaohf.com\/bg\/#organization\",\"name\":\"Qingdao H&F\",\"url\":\"https:\/\/qingdaohf.com\/bg\/\",\"logo\":{\"@type\":\"ImageObject\",\"inLanguage\":\"hu\",\"@id\":\"https:\/\/qingdaohf.com\/bg\/#\/schema\/logo\/image\/\",\"url\":\"https:\/\/qingdaohf.com\/wp-content\/uploads\/2022\/12\/cropped-HF-LOGO.png\",\"contentUrl\":\"https:\/\/qingdaohf.com\/wp-content\/uploads\/2022\/12\/cropped-HF-LOGO.png\",\"width\":391,\"height\":249,\"caption\":\"Qingdao H&F\"},\"image\":{\"@id\":\"https:\/\/qingdaohf.com\/bg\/#\/schema\/logo\/image\/\"},\"sameAs\":[\"https:\/\/www.facebook.com\/qingdaohf\"]}]}<\/script>\n<!-- \/ Yoast SEO plugin. -->","yoast_head_json":{"title":"Pastic Pvc Foam Chamfer","description":"Plastic PVC foam chamfer is a type of building material that is commonly used in construction projects.","robots":{"index":"index","follow":"follow","max-snippet":"max-snippet:-1","max-image-preview":"max-image-preview:large","max-video-preview":"max-video-preview:-1"},"canonical":"https:\/\/qingdaohf.com\/hu\/termek\/pasztikus-pvc-hab-ferde\/","og_locale":"hu_HU","og_type":"article","og_title":"Pastic Pvc Foam Chamfer","og_description":"Plastic PVC foam chamfer is a type of building material that is commonly used in construction projects.","og_url":"https:\/\/qingdaohf.com\/hu\/termek\/pasztikus-pvc-hab-ferde\/","og_site_name":"Concrete Form &amp; Rigging Hardware Supplier","article_publisher":"https:\/\/www.facebook.com\/qingdaohf","article_modified_time":"2025-11-13T01:05:33+00:00","og_image":[{"width":1000,"height":1000,"url":"https:\/\/qingdaohf.com\/wp-content\/uploads\/2023\/03\/Pastic-Pvc-Foam-Chamfer-1.jpg","type":"image\/jpeg"}],"twitter_card":"summary_large_image","twitter_misc":{"Becs\u00fclt olvas\u00e1si id\u0151":"1 perc"},"schema":{"@context":"https:\/\/schema.org","@graph":[{"@type":"WebPage","@id":"https:\/\/qingdaohf.com\/product\/pastic-pvc-foam-chamfer\/","url":"https:\/\/qingdaohf.com\/product\/pastic-pvc-foam-chamfer\/","name":"Pastic Pvc Foam Chamfer","isPartOf":{"@id":"https:\/\/qingdaohf.com\/bg\/#website"},"primaryImageOfPage":{"@id":"https:\/\/qingdaohf.com\/product\/pastic-pvc-foam-chamfer\/#primaryimage"},"image":{"@id":"https:\/\/qingdaohf.com\/product\/pastic-pvc-foam-chamfer\/#primaryimage"},"thumbnailUrl":"https:\/\/qingdaohf.com\/wp-content\/uploads\/2023\/03\/Pastic-Pvc-Foam-Chamfer-1.jpg","datePublished":"2023-03-03T07:19:17+00:00","dateModified":"2025-11-13T01:05:33+00:00","description":"Plastic PVC foam chamfer is a type of building material that is commonly used in construction projects.","breadcrumb":{"@id":"https:\/\/qingdaohf.com\/product\/pastic-pvc-foam-chamfer\/#breadcrumb"},"inLanguage":"hu","potentialAction":[{"@type":"ReadAction","target":["https:\/\/qingdaohf.com\/product\/pastic-pvc-foam-chamfer\/"]}]},{"@type":"ImageObject","inLanguage":"hu","@id":"https:\/\/qingdaohf.com\/product\/pastic-pvc-foam-chamfer\/#primaryimage","url":"https:\/\/qingdaohf.com\/wp-content\/uploads\/2023\/03\/Pastic-Pvc-Foam-Chamfer-1.jpg","contentUrl":"https:\/\/qingdaohf.com\/wp-content\/uploads\/2023\/03\/Pastic-Pvc-Foam-Chamfer-1.jpg","width":1000,"height":1000,"caption":"Pastic Pvc Foam Chamfer"},{"@type":"BreadcrumbList","@id":"https:\/\/qingdaohf.com\/product\/pastic-pvc-foam-chamfer\/#breadcrumb","itemListElement":[{"@type":"ListItem","position":1,"name":"Home","item":"https:\/\/qingdaohf.com\/"},{"@type":"ListItem","position":2,"name":"Concrete Forming Accessories and Rigging Hardware","item":"https:\/\/qingdaohf.com\/bg\/?page_id=944"},{"@type":"ListItem","position":3,"name":"Pastic Pvc Foam Chamfer"}]},{"@type":"WebSite","@id":"https:\/\/qingdaohf.com\/bg\/#website","url":"https:\/\/qingdaohf.com\/bg\/","name":"Concrete Form & Rigging Hardware Supplier","description":"","publisher":{"@id":"https:\/\/qingdaohf.com\/bg\/#organization"},"potentialAction":[{"@type":"SearchAction","target":{"@type":"EntryPoint","urlTemplate":"https:\/\/qingdaohf.com\/bg\/?s={search_term_string}"},"query-input":{"@type":"PropertyValueSpecification","valueRequired":true,"valueName":"search_term_string"}}],"inLanguage":"hu"},{"@type":"Organization","@id":"https:\/\/qingdaohf.com\/bg\/#organization","name":"Qingdao H&F","url":"https:\/\/qingdaohf.com\/bg\/","logo":{"@type":"ImageObject","inLanguage":"hu","@id":"https:\/\/qingdaohf.com\/bg\/#\/schema\/logo\/image\/","url":"https:\/\/qingdaohf.com\/wp-content\/uploads\/2022\/12\/cropped-HF-LOGO.png","contentUrl":"https:\/\/qingdaohf.com\/wp-content\/uploads\/2022\/12\/cropped-HF-LOGO.png","width":391,"height":249,"caption":"Qingdao H&F"},"image":{"@id":"https:\/\/qingdaohf.com\/bg\/#\/schema\/logo\/image\/"},"sameAs":["https:\/\/www.facebook.com\/qingdaohf"]}]}},"_links":{"self":[{"href":"https:\/\/qingdaohf.com\/hu\/wp-json\/wp\/v2\/product\/2678","targetHints":{"allow":["GET"]}}],"collection":[{"href":"https:\/\/qingdaohf.com\/hu\/wp-json\/wp\/v2\/product"}],"about":[{"href":"https:\/\/qingdaohf.com\/hu\/wp-json\/wp\/v2\/types\/product"}],"replies":[{"embeddable":true,"href":"https:\/\/qingdaohf.com\/hu\/wp-json\/wp\/v2\/comments?post=2678"}],"version-history":[{"count":2,"href":"https:\/\/qingdaohf.com\/hu\/wp-json\/wp\/v2\/product\/2678\/revisions"}],"predecessor-version":[{"id":7013,"href":"https:\/\/qingdaohf.com\/hu\/wp-json\/wp\/v2\/product\/2678\/revisions\/7013"}],"wp:featuredmedia":[{"embeddable":true,"href":"https:\/\/qingdaohf.com\/hu\/wp-json\/wp\/v2\/media\/3461"}],"wp:attachment":[{"href":"https:\/\/qingdaohf.com\/hu\/wp-json\/wp\/v2\/media?parent=2678"}],"wp:term":[{"taxonomy":"product_brand","embeddable":true,"href":"https:\/\/qingdaohf.com\/hu\/wp-json\/wp\/v2\/product_brand?post=2678"},{"taxonomy":"product_cat","embeddable":true,"href":"https:\/\/qingdaohf.com\/hu\/wp-json\/wp\/v2\/product_cat?post=2678"},{"taxonomy":"product_tag","embeddable":true,"href":"https:\/\/qingdaohf.com\/hu\/wp-json\/wp\/v2\/product_tag?post=2678"}],"curies":[{"name":"wp","href":"https:\/\/api.w.org\/{rel}","templated":true}]}}