{"id":2698,"date":"2023-03-06T17:54:45","date_gmt":"2023-03-06T09:54:45","guid":{"rendered":"http:\/\/qingdaohf.com\/?post_type=product&#038;p=2698"},"modified":"2025-11-13T09:05:32","modified_gmt":"2025-11-13T01:05:32","slug":"magnetic-recess-former","status":"publish","type":"product","link":"https:\/\/qingdaohf.com\/hu\/termek\/magneses-melyedeskepzo\/","title":{"rendered":"M\u00e1gneses m\u00e9lyed\u00e9s form\u00e1z\u00f3"},"content":{"rendered":"<p>Az el\u0151regy\u00e1rtott beton m\u00e9lyed\u00e9sk\u00e9pz\u0151 m\u00e1gnes egy speci\u00e1lis eszk\u00f6z, amelyet az \u00e9p\u00edt\u0151iparban haszn\u00e1lnak m\u00e9lyed\u00e9sek vagy \u00fcregek kialak\u00edt\u00e1s\u00e1ra az el\u0151regy\u00e1rtott betonelemekben. Egy m\u00e1gnesb\u0151l \u00e9s egy ac\u00e9lburkolatb\u00f3l \u00e1ll, amelyet a beton \u00f6nt\u00e9se el\u0151tt helyeznek a form\u00e1ba. A beton megszil\u00e1rdul\u00e1sa ut\u00e1n a m\u00e1gnest elt\u00e1vol\u00edtj\u00e1k, \u00e9s egy t\u00f6k\u00e9letesen kialak\u00edtott m\u00e9lyed\u00e9st hagynak a betonban.<\/p>\n<p>Ezeket a m\u00e9lyed\u00e9seket gyakran haszn\u00e1lj\u00e1k a szerelv\u00e9nyek vagy alkatr\u00e9szek, p\u00e9ld\u00e1ul elektromos dobozok vagy v\u00edzvezet\u00e9kcs\u00f6vek beszerel\u00e9s\u00e9nek megk\u00f6nny\u00edt\u00e9s\u00e9re. Az el\u0151regy\u00e1rtott beton m\u00e9lyed\u00e9sk\u00e9pz\u0151 m\u00e1gnesek haszn\u00e1lata jelent\u0151sen felgyors\u00edthatja az \u00e9p\u00edt\u00e9si folyamatot \u00e9s cs\u00f6kkentheti a munkaer\u0151k\u00f6lts\u00e9geket, mivel a m\u00e9lyed\u00e9sek k\u00e9zi v\u00e1g\u00e1s\u00e1nak vagy f\u00far\u00e1s\u00e1nak sz\u00fcks\u00e9gess\u00e9ge megsz\u0171nik.<\/p>\n<p><strong>M\u00e1gneses alap<\/strong>: A m\u00e9lyed\u00e9sform\u00e1z\u00f3 er\u0151s m\u00e1gnesekkel van ell\u00e1tva, amelyek biztons\u00e1gosan r\u00f6gz\u00fclnek a f\u00e9mfel\u00fcletekre, \u00edgy biztos\u00edtva a stabilit\u00e1st \u00e9s a pontos pozicion\u00e1l\u00e1st a telep\u00edt\u00e9s sor\u00e1n.<\/p>\n<p><strong>\u00c1ll\u00edthat\u00f3 m\u00e9lys\u00e9g<\/strong>: A felhaszn\u00e1l\u00f3k k\u00f6nnyen be\u00e1ll\u00edthatj\u00e1k a m\u00e9lyed\u00e9s m\u00e9lys\u00e9g\u00e9t az egyedi ig\u00e9nyeknek megfelel\u0151en, \u00edgy rugalmasan elhelyezhet\u0151k a k\u00fcl\u00f6nb\u00f6z\u0151 l\u00e1mpatestek \u00e9s elektromos alkatr\u00e9szek.<\/p>\n<p><strong>Egyszer\u0171 telep\u00edt\u00e9s<\/strong>: A m\u00e1gneses m\u00e9lyed\u00e9sform\u00e1z\u00f3 leegyszer\u0171s\u00edti a m\u00e9lyed\u00e9sek l\u00e9trehoz\u00e1s\u00e1nak folyamat\u00e1t, kik\u00fcsz\u00f6b\u00f6lve a bonyolult m\u00e9r\u00e9s \u00e9s jel\u00f6l\u00e9s sz\u00fcks\u00e9gess\u00e9g\u00e9t. Intuit\u00edv kialak\u00edt\u00e1sa gyors \u00e9s pontos telep\u00edt\u00e9st tesz lehet\u0151v\u00e9, id\u0151t \u00e9s energi\u00e1t takar\u00edtva meg a munkater\u00fcleten.<\/p>\n<p><strong>Tart\u00f3s konstrukci\u00f3<\/strong>: A kiv\u00e1l\u00f3 min\u0151s\u00e9g\u0171 anyagokb\u00f3l k\u00e9sz\u00fclt s\u00fcllyeszt\u00e9kk\u00e9pz\u0151t \u00fagy \u00e9p\u00edtett\u00e9k, hogy ellen\u00e1lljon az \u00e9p\u00edt\u0151ipari k\u00f6rnyezetek viszontags\u00e1gainak, biztos\u00edtva a hossz\u00fa t\u00e1v\u00fa tart\u00f3ss\u00e1got \u00e9s megb\u00edzhat\u00f3s\u00e1got.<\/p>\n<p><strong>Sokoldal\u00fa kompatibilit\u00e1s<\/strong>: A m\u00e1gneses s\u00fcllyeszt\u00e9kk\u00e9pz\u0151 sz\u00e1mos anyaggal kompatibilis, bele\u00e9rtve a gipszkartont, f\u00e1t, vakolatot \u00e9s egyebeket, \u00edgy a m\u00e1gneses s\u00fcllyeszt\u00e9kk\u00e9pz\u0151 alkalmas k\u00fcl\u00f6nb\u00f6z\u0151 \u00e9p\u00edt\u00e9si \u00e9s fel\u00faj\u00edt\u00e1si projektekhez.<\/p>\n<p><strong>Biztons\u00e1g<\/strong>: A m\u00e9lyed\u00e9sform\u00e1z\u00f3 el\u0151seg\u00edti a biztons\u00e1got az\u00e1ltal, hogy pontos \u00e9s ellen\u0151rz\u00f6tt m\u00f3dszert biztos\u00edt a m\u00e9lyed\u00e9sek kialak\u00edt\u00e1s\u00e1hoz, cs\u00f6kkentve a hib\u00e1k vagy balesetek kock\u00e1zat\u00e1t a be\u00e9p\u00edt\u00e9s sor\u00e1n.<\/p>\n<div class=\"ast-oembed-container\" style=\"height: 100%;\"><iframe title=\"s\u00fcllyesztett m\u00e1gneses tesztel\u00e9s\" width=\"500\" height=\"281\" src=\"https:\/\/www.youtube.com\/embed\/qN5QjbRsaqI?feature=oembed\" frameborder=\"0\" allow=\"accelerometer; autoplay; clipboard-write; encrypted-media; gyroscope; picture-in-picture; web-share\" referrerpolicy=\"strict-origin-when-cross-origin\" allowfullscreen><\/iframe><\/div>\n<p><img fetchpriority=\"high\" decoding=\"async\" class=\"alignnone size-full wp-image-3492\" src=\"http:\/\/qingdaohf.com\/wp-content\/uploads\/2023\/03\/73-1.jpg\" alt=\"lap\" width=\"1200\" height=\"1288\" srcset=\"https:\/\/qingdaohf.com\/wp-content\/uploads\/2023\/03\/73-1.jpg 1200w, https:\/\/qingdaohf.com\/wp-content\/uploads\/2023\/03\/73-1-280x300.jpg 280w, https:\/\/qingdaohf.com\/wp-content\/uploads\/2023\/03\/73-1-954x1024.jpg 954w, https:\/\/qingdaohf.com\/wp-content\/uploads\/2023\/03\/73-1-768x824.jpg 768w, https:\/\/qingdaohf.com\/wp-content\/uploads\/2023\/03\/73-1-1000x1073.jpg 1000w\" sizes=\"(max-width: 1200px) 100vw, 1200px\" \/><\/p>\n<p><img decoding=\"async\" class=\"alignnone size-full wp-image-3496\" src=\"http:\/\/qingdaohf.com\/wp-content\/uploads\/2023\/03\/recess-former-magnet-8.jpg\" alt=\"s\u00fcllyesztett kor\u00e1bbi m\u00e1gnes\" width=\"800\" height=\"1777\" srcset=\"https:\/\/qingdaohf.com\/wp-content\/uploads\/2023\/03\/recess-former-magnet-8.jpg 800w, https:\/\/qingdaohf.com\/wp-content\/uploads\/2023\/03\/recess-former-magnet-8-135x300.jpg 135w, https:\/\/qingdaohf.com\/wp-content\/uploads\/2023\/03\/recess-former-magnet-8-461x1024.jpg 461w, https:\/\/qingdaohf.com\/wp-content\/uploads\/2023\/03\/recess-former-magnet-8-768x1706.jpg 768w, https:\/\/qingdaohf.com\/wp-content\/uploads\/2023\/03\/recess-former-magnet-8-692x1536.jpg 692w\" sizes=\"(max-width: 800px) 100vw, 800px\" \/> \u00a0<img decoding=\"async\" class=\"alignnone size-full wp-image-3495\" src=\"http:\/\/qingdaohf.com\/wp-content\/uploads\/2023\/03\/recess-former-magnet-7.jpg\" alt=\"s\u00fcllyesztett kor\u00e1bbi m\u00e1gnes\" width=\"800\" height=\"1777\" srcset=\"https:\/\/qingdaohf.com\/wp-content\/uploads\/2023\/03\/recess-former-magnet-7.jpg 800w, https:\/\/qingdaohf.com\/wp-content\/uploads\/2023\/03\/recess-former-magnet-7-135x300.jpg 135w, https:\/\/qingdaohf.com\/wp-content\/uploads\/2023\/03\/recess-former-magnet-7-461x1024.jpg 461w, https:\/\/qingdaohf.com\/wp-content\/uploads\/2023\/03\/recess-former-magnet-7-768x1706.jpg 768w, https:\/\/qingdaohf.com\/wp-content\/uploads\/2023\/03\/recess-former-magnet-7-692x1536.jpg 692w\" sizes=\"(max-width: 800px) 100vw, 800px\" \/><\/p>","protected":false},"excerpt":{"rendered":"<p>A m\u00e1gneses m\u00e9lyed\u00e9sform\u00e1z\u00f3 egy forradalmi eszk\u00f6z, amelyet \u00e9p\u00edt\u00e9si \u00e9s fel\u00faj\u00edt\u00e1si projektekhez terveztek. K\u00e9nyelmes megold\u00e1sk\u00e9nt szolg\u00e1l a k\u00fcl\u00f6nb\u00f6z\u0151 anyagokban, t\u00f6bbek k\u00f6z\u00f6tt gipszkartonban, f\u00e1ban \u00e9s vakolatban kialak\u00edtott m\u00e9lyed\u00e9sek vagy bem\u00e9lyed\u00e9sek l\u00e9trehoz\u00e1s\u00e1ra, hogy elektromos csatlakoz\u00f3k, kapcsol\u00f3k \u00e9s egy\u00e9b szerelv\u00e9nyek elhelyez\u00e9s\u00e9re szolg\u00e1ljon.<\/p>","protected":false},"featured_media":3489,"comment_status":"open","ping_status":"closed","template":"","meta":{"site-sidebar-layout":"default","site-content-layout":"default","ast-site-content-layout":"default","site-content-style":"default","site-sidebar-style":"default","ast-global-header-display":"","ast-banner-title-visibility":"","ast-main-header-display":"","ast-hfb-above-header-display":"","ast-hfb-below-header-display":"","ast-hfb-mobile-header-display":"","site-post-title":"","ast-breadcrumbs-content":"","ast-featured-img":"","footer-sml-layout":"","theme-transparent-header-meta":"default","adv-header-id-meta":"","stick-header-meta":"default","header-above-stick-meta":"","header-main-stick-meta":"","header-below-stick-meta":"","astra-migrate-meta-layouts":"set","ast-page-background-enabled":"default","ast-page-background-meta":{"desktop":{"background-color":"","background-image":"","background-repeat":"repeat","background-position":"center center","background-size":"auto","background-attachment":"scroll","background-type":"","background-media":"","overlay-type":"","overlay-color":"","overlay-opacity":"","overlay-gradient":""},"tablet":{"background-color":"","background-image":"","background-repeat":"repeat","background-position":"center center","background-size":"auto","background-attachment":"scroll","background-type":"","background-media":"","overlay-type":"","overlay-color":"","overlay-opacity":"","overlay-gradient":""},"mobile":{"background-color":"","background-image":"","background-repeat":"repeat","background-position":"center center","background-size":"auto","background-attachment":"scroll","background-type":"","background-media":"","overlay-type":"","overlay-color":"","overlay-opacity":"","overlay-gradient":""}},"ast-content-background-meta":{"desktop":{"background-color":"var(--ast-global-color-5)","background-image":"","background-repeat":"repeat","background-position":"center center","background-size":"auto","background-attachment":"scroll","background-type":"","background-media":"","overlay-type":"","overlay-color":"","overlay-opacity":"","overlay-gradient":""},"tablet":{"background-color":"var(--ast-global-color-5)","background-image":"","background-repeat":"repeat","background-position":"center center","background-size":"auto","background-attachment":"scroll","background-type":"","background-media":"","overlay-type":"","overlay-color":"","overlay-opacity":"","overlay-gradient":""},"mobile":{"background-color":"var(--ast-global-color-5)","background-image":"","background-repeat":"repeat","background-position":"center center","background-size":"auto","background-attachment":"scroll","background-type":"","background-media":"","overlay-type":"","overlay-color":"","overlay-opacity":"","overlay-gradient":""}}},"product_brand":[],"product_cat":[28],"product_tag":[],"class_list":{"0":"post-2698","1":"product","2":"type-product","3":"status-publish","4":"has-post-thumbnail","6":"product_cat-concrete-forming","7":"desktop-align-left","8":"tablet-align-left","9":"mobile-align-left","10":"ast-product-gallery-layout-horizontal-slider","11":"ast-product-tabs-layout-horizontal","13":"first","14":"instock","15":"shipping-taxable","16":"purchasable","17":"product-type-simple"},"yoast_head":"<!-- This site is optimized with the Yoast SEO plugin v25.2 - https:\/\/yoast.com\/wordpress\/plugins\/seo\/ -->\n<title>Magnetic Recess Former<\/title>\n<meta name=\"description\" content=\"A precast concrete recess former magnet is a specialized tool used in construction to create recesses or voids in precast concrete components.\" \/>\n<meta name=\"robots\" content=\"index, follow, max-snippet:-1, max-image-preview:large, max-video-preview:-1\" \/>\n<link rel=\"canonical\" href=\"https:\/\/qingdaohf.com\/hu\/termek\/magneses-melyedeskepzo\/\" \/>\n<meta property=\"og:locale\" content=\"hu_HU\" \/>\n<meta property=\"og:type\" content=\"article\" \/>\n<meta property=\"og:title\" content=\"Magnetic Recess Former\" \/>\n<meta property=\"og:description\" content=\"A precast concrete recess former magnet is a specialized tool used in construction to create recesses or voids in precast concrete components.\" \/>\n<meta property=\"og:url\" content=\"https:\/\/qingdaohf.com\/hu\/termek\/magneses-melyedeskepzo\/\" \/>\n<meta property=\"og:site_name\" content=\"Concrete Form &amp; Rigging Hardware Supplier\" \/>\n<meta property=\"article:publisher\" content=\"https:\/\/www.facebook.com\/qingdaohf\" \/>\n<meta property=\"article:modified_time\" content=\"2025-11-13T01:05:32+00:00\" \/>\n<meta property=\"og:image\" content=\"https:\/\/qingdaohf.com\/wp-content\/uploads\/2023\/03\/recess-former-magnet-5.jpg\" \/>\n\t<meta property=\"og:image:width\" content=\"1000\" \/>\n\t<meta property=\"og:image:height\" content=\"1000\" \/>\n\t<meta property=\"og:image:type\" content=\"image\/jpeg\" \/>\n<meta name=\"twitter:card\" content=\"summary_large_image\" \/>\n<meta name=\"twitter:label1\" content=\"Becs\u00fclt olvas\u00e1si id\u0151\" \/>\n\t<meta name=\"twitter:data1\" content=\"2 perc\" \/>\n<script type=\"application\/ld+json\" class=\"yoast-schema-graph\">{\"@context\":\"https:\/\/schema.org\",\"@graph\":[{\"@type\":\"WebPage\",\"@id\":\"https:\/\/qingdaohf.com\/product\/magnetic-recess-former\/\",\"url\":\"https:\/\/qingdaohf.com\/product\/magnetic-recess-former\/\",\"name\":\"Magnetic Recess Former\",\"isPartOf\":{\"@id\":\"https:\/\/qingdaohf.com\/bg\/#website\"},\"primaryImageOfPage\":{\"@id\":\"https:\/\/qingdaohf.com\/product\/magnetic-recess-former\/#primaryimage\"},\"image\":{\"@id\":\"https:\/\/qingdaohf.com\/product\/magnetic-recess-former\/#primaryimage\"},\"thumbnailUrl\":\"https:\/\/qingdaohf.com\/wp-content\/uploads\/2023\/03\/recess-former-magnet-5.jpg\",\"datePublished\":\"2023-03-06T09:54:45+00:00\",\"dateModified\":\"2025-11-13T01:05:32+00:00\",\"description\":\"A precast concrete recess former magnet is a specialized tool used in construction to create recesses or voids in precast concrete components.\",\"breadcrumb\":{\"@id\":\"https:\/\/qingdaohf.com\/product\/magnetic-recess-former\/#breadcrumb\"},\"inLanguage\":\"hu\",\"potentialAction\":[{\"@type\":\"ReadAction\",\"target\":[\"https:\/\/qingdaohf.com\/product\/magnetic-recess-former\/\"]}]},{\"@type\":\"ImageObject\",\"inLanguage\":\"hu\",\"@id\":\"https:\/\/qingdaohf.com\/product\/magnetic-recess-former\/#primaryimage\",\"url\":\"https:\/\/qingdaohf.com\/wp-content\/uploads\/2023\/03\/recess-former-magnet-5.jpg\",\"contentUrl\":\"https:\/\/qingdaohf.com\/wp-content\/uploads\/2023\/03\/recess-former-magnet-5.jpg\",\"width\":1000,\"height\":1000,\"caption\":\"recess former magnet\"},{\"@type\":\"BreadcrumbList\",\"@id\":\"https:\/\/qingdaohf.com\/product\/magnetic-recess-former\/#breadcrumb\",\"itemListElement\":[{\"@type\":\"ListItem\",\"position\":1,\"name\":\"Home\",\"item\":\"https:\/\/qingdaohf.com\/\"},{\"@type\":\"ListItem\",\"position\":2,\"name\":\"Concrete Forming Accessories and Rigging Hardware\",\"item\":\"https:\/\/qingdaohf.com\/bg\/?page_id=944\"},{\"@type\":\"ListItem\",\"position\":3,\"name\":\"Magnetic Recess Former\"}]},{\"@type\":\"WebSite\",\"@id\":\"https:\/\/qingdaohf.com\/bg\/#website\",\"url\":\"https:\/\/qingdaohf.com\/bg\/\",\"name\":\"Concrete Form & Rigging Hardware Supplier\",\"description\":\"\",\"publisher\":{\"@id\":\"https:\/\/qingdaohf.com\/bg\/#organization\"},\"potentialAction\":[{\"@type\":\"SearchAction\",\"target\":{\"@type\":\"EntryPoint\",\"urlTemplate\":\"https:\/\/qingdaohf.com\/bg\/?s={search_term_string}\"},\"query-input\":{\"@type\":\"PropertyValueSpecification\",\"valueRequired\":true,\"valueName\":\"search_term_string\"}}],\"inLanguage\":\"hu\"},{\"@type\":\"Organization\",\"@id\":\"https:\/\/qingdaohf.com\/bg\/#organization\",\"name\":\"Qingdao H&F\",\"url\":\"https:\/\/qingdaohf.com\/bg\/\",\"logo\":{\"@type\":\"ImageObject\",\"inLanguage\":\"hu\",\"@id\":\"https:\/\/qingdaohf.com\/bg\/#\/schema\/logo\/image\/\",\"url\":\"https:\/\/qingdaohf.com\/wp-content\/uploads\/2022\/12\/cropped-HF-LOGO.png\",\"contentUrl\":\"https:\/\/qingdaohf.com\/wp-content\/uploads\/2022\/12\/cropped-HF-LOGO.png\",\"width\":391,\"height\":249,\"caption\":\"Qingdao H&F\"},\"image\":{\"@id\":\"https:\/\/qingdaohf.com\/bg\/#\/schema\/logo\/image\/\"},\"sameAs\":[\"https:\/\/www.facebook.com\/qingdaohf\"]}]}<\/script>\n<!-- \/ Yoast SEO plugin. -->","yoast_head_json":{"title":"Magnetic Recess Former","description":"A precast concrete recess former magnet is a specialized tool used in construction to create recesses or voids in precast concrete components.","robots":{"index":"index","follow":"follow","max-snippet":"max-snippet:-1","max-image-preview":"max-image-preview:large","max-video-preview":"max-video-preview:-1"},"canonical":"https:\/\/qingdaohf.com\/hu\/termek\/magneses-melyedeskepzo\/","og_locale":"hu_HU","og_type":"article","og_title":"Magnetic Recess Former","og_description":"A precast concrete recess former magnet is a specialized tool used in construction to create recesses or voids in precast concrete components.","og_url":"https:\/\/qingdaohf.com\/hu\/termek\/magneses-melyedeskepzo\/","og_site_name":"Concrete Form &amp; Rigging Hardware Supplier","article_publisher":"https:\/\/www.facebook.com\/qingdaohf","article_modified_time":"2025-11-13T01:05:32+00:00","og_image":[{"width":1000,"height":1000,"url":"https:\/\/qingdaohf.com\/wp-content\/uploads\/2023\/03\/recess-former-magnet-5.jpg","type":"image\/jpeg"}],"twitter_card":"summary_large_image","twitter_misc":{"Becs\u00fclt olvas\u00e1si id\u0151":"2 perc"},"schema":{"@context":"https:\/\/schema.org","@graph":[{"@type":"WebPage","@id":"https:\/\/qingdaohf.com\/product\/magnetic-recess-former\/","url":"https:\/\/qingdaohf.com\/product\/magnetic-recess-former\/","name":"Magnetic Recess Former","isPartOf":{"@id":"https:\/\/qingdaohf.com\/bg\/#website"},"primaryImageOfPage":{"@id":"https:\/\/qingdaohf.com\/product\/magnetic-recess-former\/#primaryimage"},"image":{"@id":"https:\/\/qingdaohf.com\/product\/magnetic-recess-former\/#primaryimage"},"thumbnailUrl":"https:\/\/qingdaohf.com\/wp-content\/uploads\/2023\/03\/recess-former-magnet-5.jpg","datePublished":"2023-03-06T09:54:45+00:00","dateModified":"2025-11-13T01:05:32+00:00","description":"A precast concrete recess former magnet is a specialized tool used in construction to create recesses or voids in precast concrete components.","breadcrumb":{"@id":"https:\/\/qingdaohf.com\/product\/magnetic-recess-former\/#breadcrumb"},"inLanguage":"hu","potentialAction":[{"@type":"ReadAction","target":["https:\/\/qingdaohf.com\/product\/magnetic-recess-former\/"]}]},{"@type":"ImageObject","inLanguage":"hu","@id":"https:\/\/qingdaohf.com\/product\/magnetic-recess-former\/#primaryimage","url":"https:\/\/qingdaohf.com\/wp-content\/uploads\/2023\/03\/recess-former-magnet-5.jpg","contentUrl":"https:\/\/qingdaohf.com\/wp-content\/uploads\/2023\/03\/recess-former-magnet-5.jpg","width":1000,"height":1000,"caption":"recess former magnet"},{"@type":"BreadcrumbList","@id":"https:\/\/qingdaohf.com\/product\/magnetic-recess-former\/#breadcrumb","itemListElement":[{"@type":"ListItem","position":1,"name":"Home","item":"https:\/\/qingdaohf.com\/"},{"@type":"ListItem","position":2,"name":"Concrete Forming Accessories and Rigging Hardware","item":"https:\/\/qingdaohf.com\/bg\/?page_id=944"},{"@type":"ListItem","position":3,"name":"Magnetic Recess Former"}]},{"@type":"WebSite","@id":"https:\/\/qingdaohf.com\/bg\/#website","url":"https:\/\/qingdaohf.com\/bg\/","name":"Concrete Form & Rigging Hardware Supplier","description":"","publisher":{"@id":"https:\/\/qingdaohf.com\/bg\/#organization"},"potentialAction":[{"@type":"SearchAction","target":{"@type":"EntryPoint","urlTemplate":"https:\/\/qingdaohf.com\/bg\/?s={search_term_string}"},"query-input":{"@type":"PropertyValueSpecification","valueRequired":true,"valueName":"search_term_string"}}],"inLanguage":"hu"},{"@type":"Organization","@id":"https:\/\/qingdaohf.com\/bg\/#organization","name":"Qingdao H&F","url":"https:\/\/qingdaohf.com\/bg\/","logo":{"@type":"ImageObject","inLanguage":"hu","@id":"https:\/\/qingdaohf.com\/bg\/#\/schema\/logo\/image\/","url":"https:\/\/qingdaohf.com\/wp-content\/uploads\/2022\/12\/cropped-HF-LOGO.png","contentUrl":"https:\/\/qingdaohf.com\/wp-content\/uploads\/2022\/12\/cropped-HF-LOGO.png","width":391,"height":249,"caption":"Qingdao H&F"},"image":{"@id":"https:\/\/qingdaohf.com\/bg\/#\/schema\/logo\/image\/"},"sameAs":["https:\/\/www.facebook.com\/qingdaohf"]}]}},"_links":{"self":[{"href":"https:\/\/qingdaohf.com\/hu\/wp-json\/wp\/v2\/product\/2698","targetHints":{"allow":["GET"]}}],"collection":[{"href":"https:\/\/qingdaohf.com\/hu\/wp-json\/wp\/v2\/product"}],"about":[{"href":"https:\/\/qingdaohf.com\/hu\/wp-json\/wp\/v2\/types\/product"}],"replies":[{"embeddable":true,"href":"https:\/\/qingdaohf.com\/hu\/wp-json\/wp\/v2\/comments?post=2698"}],"version-history":[{"count":3,"href":"https:\/\/qingdaohf.com\/hu\/wp-json\/wp\/v2\/product\/2698\/revisions"}],"predecessor-version":[{"id":6509,"href":"https:\/\/qingdaohf.com\/hu\/wp-json\/wp\/v2\/product\/2698\/revisions\/6509"}],"wp:featuredmedia":[{"embeddable":true,"href":"https:\/\/qingdaohf.com\/hu\/wp-json\/wp\/v2\/media\/3489"}],"wp:attachment":[{"href":"https:\/\/qingdaohf.com\/hu\/wp-json\/wp\/v2\/media?parent=2698"}],"wp:term":[{"taxonomy":"product_brand","embeddable":true,"href":"https:\/\/qingdaohf.com\/hu\/wp-json\/wp\/v2\/product_brand?post=2698"},{"taxonomy":"product_cat","embeddable":true,"href":"https:\/\/qingdaohf.com\/hu\/wp-json\/wp\/v2\/product_cat?post=2698"},{"taxonomy":"product_tag","embeddable":true,"href":"https:\/\/qingdaohf.com\/hu\/wp-json\/wp\/v2\/product_tag?post=2698"}],"curies":[{"name":"wp","href":"https:\/\/api.w.org\/{rel}","templated":true}]}}