{"id":3543,"date":"2023-04-10T18:54:41","date_gmt":"2023-04-10T10:54:41","guid":{"rendered":"http:\/\/qingdaohf.com\/?post_type=product&#038;p=3543"},"modified":"2025-11-13T09:05:13","modified_gmt":"2025-11-13T01:05:13","slug":"load-binder-with-grab-hook","status":"publish","type":"product","link":"https:\/\/qingdaohf.com\/hu\/termek\/rakodasi-kotegelo-kampoval\/","title":{"rendered":"Rakod\u00e1si k\u00f6tegel\u0151"},"content":{"rendered":"<p>A teherhord\u00f3k jellemz\u0151en er\u0151s \u00e9s tart\u00f3s anyagokb\u00f3l, p\u00e9ld\u00e1ul ac\u00e9lb\u00f3l vagy \u00f6tv\u00f6zetb\u0151l k\u00e9sz\u00fclnek, biztos\u00edtva, hogy k\u00e9pesek legyenek ellen\u00e1llni a nagy terhel\u00e9snek \u00e9s a kop\u00e1snak. K\u00fcl\u00f6nb\u00f6z\u0151 m\u00e9retekben \u00e9s konfigur\u00e1ci\u00f3kban kaphat\u00f3k, de az alapvet\u0151 kialak\u00edt\u00e1s egy karb\u00f3l, egy foganty\u00fab\u00f3l \u00e9s k\u00e9t vagy t\u00f6bb kamp\u00f3b\u00f3l vagy pof\u00e1b\u00f3l \u00e1ll.<\/p>\n<p>A terhel\u00e9sk\u00f6t\u0151 m\u0171k\u00f6d\u00e9se mag\u00e1ban foglalja a terhel\u00e9s fesz\u00edt\u00e9s\u00e9t \u00e9s r\u00f6gz\u00edt\u00e9s\u00e9t. \u00c1ltal\u00e1ban l\u00e1ncokkal haszn\u00e1lj\u00e1k, amelyeket a k\u00f6t\u0151elem \u00e1llkapcsain vagy kamp\u00f3in kereszt\u00fcl vezetnek \u00e1t, \u00e9s a rakom\u00e1ny r\u00f6gz\u00edt\u00e9si pontjaihoz r\u00f6gz\u00edtenek. A kart \u00e9s a foganty\u00fat ezut\u00e1n arra haszn\u00e1lj\u00e1k, hogy fesz\u00fclts\u00e9get hozzanak l\u00e9tre a l\u00e1ncokon, feszesre h\u00fazva azokat \u00e9s szil\u00e1rdan r\u00f6gz\u00edtve a rakom\u00e1nyt.<\/p>\n<p>A terhel\u00e9sk\u00f6t\u0151k k\u00e9t f\u0151 t\u00edpusban kaphat\u00f3k: racsnis k\u00f6t\u0151elemek \u00e9s karos k\u00f6t\u0151elemek. A racsnis k\u00f6t\u0151elemek racsnis mechanizmussal rendelkeznek, amely lehet\u0151v\u00e9 teszi a l\u00e1ncok k\u00f6nny\u0171 \u00e9s pontos fesz\u00edt\u00e9s\u00e9t, m\u00edg a karos k\u00f6t\u0151elemek egy kart haszn\u00e1lnak a fesz\u00edt\u00e9s l\u00e9trehoz\u00e1s\u00e1hoz. A racsnis k\u00f6t\u0151elemek \u00e1ltal\u00e1ban n\u00e9pszer\u0171bbek a k\u00e9nyelm\u00fck \u00e9s k\u00f6nny\u0171 haszn\u00e1latuk miatt.<\/p>\n<p><img fetchpriority=\"high\" decoding=\"async\" class=\"alignnone size-full wp-image-3899\" src=\"http:\/\/qingdaohf.com\/wp-content\/uploads\/2023\/04\/Load-Binder-3.jpg\" alt=\"Rakod\u00e1si k\u00f6tegel\u0151 \" width=\"1000\" height=\"1227\" srcset=\"https:\/\/qingdaohf.com\/wp-content\/uploads\/2023\/04\/Load-Binder-3.jpg 1000w, https:\/\/qingdaohf.com\/wp-content\/uploads\/2023\/04\/Load-Binder-3-244x300.jpg 244w, https:\/\/qingdaohf.com\/wp-content\/uploads\/2023\/04\/Load-Binder-3-835x1024.jpg 835w, https:\/\/qingdaohf.com\/wp-content\/uploads\/2023\/04\/Load-Binder-3-768x942.jpg 768w\" sizes=\"(max-width: 1000px) 100vw, 1000px\" \/><\/p>\n<p><img decoding=\"async\" class=\"alignnone size-full wp-image-3900\" src=\"http:\/\/qingdaohf.com\/wp-content\/uploads\/2023\/04\/Load-Binder-1.jpg\" alt=\"Rakod\u00e1si k\u00f6tegel\u0151 \" width=\"1000\" height=\"1315\" srcset=\"https:\/\/qingdaohf.com\/wp-content\/uploads\/2023\/04\/Load-Binder-1.jpg 1000w, https:\/\/qingdaohf.com\/wp-content\/uploads\/2023\/04\/Load-Binder-1-228x300.jpg 228w, https:\/\/qingdaohf.com\/wp-content\/uploads\/2023\/04\/Load-Binder-1-779x1024.jpg 779w, https:\/\/qingdaohf.com\/wp-content\/uploads\/2023\/04\/Load-Binder-1-768x1010.jpg 768w\" sizes=\"(max-width: 1000px) 100vw, 1000px\" \/> <img decoding=\"async\" class=\"alignnone size-full wp-image-3901\" src=\"http:\/\/qingdaohf.com\/wp-content\/uploads\/2023\/04\/Load-Binder-2.jpg\" alt=\"Rakod\u00e1si k\u00f6tegel\u0151 \" width=\"1000\" height=\"972\" srcset=\"https:\/\/qingdaohf.com\/wp-content\/uploads\/2023\/04\/Load-Binder-2.jpg 1000w, https:\/\/qingdaohf.com\/wp-content\/uploads\/2023\/04\/Load-Binder-2-300x292.jpg 300w, https:\/\/qingdaohf.com\/wp-content\/uploads\/2023\/04\/Load-Binder-2-768x746.jpg 768w\" sizes=\"(max-width: 1000px) 100vw, 1000px\" \/> <img loading=\"lazy\" decoding=\"async\" class=\"alignnone size-full wp-image-3902\" src=\"http:\/\/qingdaohf.com\/wp-content\/uploads\/2023\/04\/Load-Binder-4.jpg\" alt=\"Rakod\u00e1si k\u00f6tegel\u0151 \" width=\"1000\" height=\"846\" srcset=\"https:\/\/qingdaohf.com\/wp-content\/uploads\/2023\/04\/Load-Binder-4.jpg 1000w, https:\/\/qingdaohf.com\/wp-content\/uploads\/2023\/04\/Load-Binder-4-300x254.jpg 300w, https:\/\/qingdaohf.com\/wp-content\/uploads\/2023\/04\/Load-Binder-4-768x650.jpg 768w\" sizes=\"(max-width: 1000px) 100vw, 1000px\" \/> <img loading=\"lazy\" decoding=\"async\" class=\"alignnone size-full wp-image-3903\" src=\"http:\/\/qingdaohf.com\/wp-content\/uploads\/2023\/04\/Load-Binder-5.jpg\" alt=\"Rakod\u00e1si k\u00f6tegel\u0151 \" width=\"1000\" height=\"1319\" srcset=\"https:\/\/qingdaohf.com\/wp-content\/uploads\/2023\/04\/Load-Binder-5.jpg 1000w, https:\/\/qingdaohf.com\/wp-content\/uploads\/2023\/04\/Load-Binder-5-227x300.jpg 227w, https:\/\/qingdaohf.com\/wp-content\/uploads\/2023\/04\/Load-Binder-5-776x1024.jpg 776w, https:\/\/qingdaohf.com\/wp-content\/uploads\/2023\/04\/Load-Binder-5-768x1013.jpg 768w\" sizes=\"(max-width: 1000px) 100vw, 1000px\" \/><\/p>","protected":false},"excerpt":{"rendered":"<p>A rakom\u00e1nyk\u00f6t\u0151, m\u00e1s n\u00e9ven rakom\u00e1nyk\u00f6t\u0151 vagy l\u00e1nck\u00f6t\u0151 egy olyan eszk\u00f6z, amelyet \u00e1ltal\u00e1ban a sz\u00e1ll\u00edt\u00e1si iparban haszn\u00e1lnak a teheraut\u00f3kon, p\u00f3tkocsikon vagy plat\u00f3kon l\u00e9v\u0151 rakom\u00e1nyok r\u00f6gz\u00edt\u00e9s\u00e9re \u00e9s megszor\u00edt\u00e1s\u00e1ra. C\u00e9lja, hogy megakad\u00e1lyozza a rakom\u00e1ny elmozdul\u00e1s\u00e1t vagy lees\u00e9s\u00e9t a sz\u00e1ll\u00edt\u00e1s sor\u00e1n.<\/p>","protected":false},"featured_media":3544,"comment_status":"open","ping_status":"closed","template":"","meta":{"site-sidebar-layout":"default","site-content-layout":"default","ast-site-content-layout":"","site-content-style":"default","site-sidebar-style":"default","ast-global-header-display":"","ast-banner-title-visibility":"","ast-main-header-display":"","ast-hfb-above-header-display":"","ast-hfb-below-header-display":"","ast-hfb-mobile-header-display":"","site-post-title":"","ast-breadcrumbs-content":"","ast-featured-img":"","footer-sml-layout":"","theme-transparent-header-meta":"default","adv-header-id-meta":"","stick-header-meta":"default","header-above-stick-meta":"","header-main-stick-meta":"","header-below-stick-meta":"","astra-migrate-meta-layouts":"default","ast-page-background-enabled":"default","ast-page-background-meta":{"desktop":{"background-color":"","background-image":"","background-repeat":"repeat","background-position":"center center","background-size":"auto","background-attachment":"scroll","background-type":"","background-media":"","overlay-type":"","overlay-color":"","overlay-opacity":"","overlay-gradient":""},"tablet":{"background-color":"","background-image":"","background-repeat":"repeat","background-position":"center center","background-size":"auto","background-attachment":"scroll","background-type":"","background-media":"","overlay-type":"","overlay-color":"","overlay-opacity":"","overlay-gradient":""},"mobile":{"background-color":"","background-image":"","background-repeat":"repeat","background-position":"center center","background-size":"auto","background-attachment":"scroll","background-type":"","background-media":"","overlay-type":"","overlay-color":"","overlay-opacity":"","overlay-gradient":""}},"ast-content-background-meta":{"desktop":{"background-color":"var(--ast-global-color-5)","background-image":"","background-repeat":"repeat","background-position":"center center","background-size":"auto","background-attachment":"scroll","background-type":"","background-media":"","overlay-type":"","overlay-color":"","overlay-opacity":"","overlay-gradient":""},"tablet":{"background-color":"var(--ast-global-color-5)","background-image":"","background-repeat":"repeat","background-position":"center center","background-size":"auto","background-attachment":"scroll","background-type":"","background-media":"","overlay-type":"","overlay-color":"","overlay-opacity":"","overlay-gradient":""},"mobile":{"background-color":"var(--ast-global-color-5)","background-image":"","background-repeat":"repeat","background-position":"center center","background-size":"auto","background-attachment":"scroll","background-type":"","background-media":"","overlay-type":"","overlay-color":"","overlay-opacity":"","overlay-gradient":""}}},"product_brand":[],"product_cat":[43],"product_tag":[],"class_list":{"0":"post-3543","1":"product","2":"type-product","3":"status-publish","4":"has-post-thumbnail","6":"product_cat-rigging-hardware","7":"desktop-align-left","8":"tablet-align-left","9":"mobile-align-left","10":"ast-product-gallery-layout-horizontal-slider","11":"ast-product-tabs-layout-horizontal","13":"first","14":"instock","15":"shipping-taxable","16":"purchasable","17":"product-type-simple"},"yoast_head":"<!-- This site is optimized with the Yoast SEO plugin v25.2 - https:\/\/yoast.com\/wordpress\/plugins\/seo\/ -->\n<title>Load Binder<\/title>\n<meta name=\"description\" content=\"Load Binder with Grab HookThe Load Binder, also known as a cargo binder or chain binder, is a device commonly used in the transportation industry to secure and tighten loads on trucks, trailers, or flatbeds. Its purpose is to prevent the cargo from shifting or falling off during transit.\" \/>\n<meta name=\"robots\" content=\"index, follow, max-snippet:-1, max-image-preview:large, max-video-preview:-1\" \/>\n<link rel=\"canonical\" href=\"https:\/\/qingdaohf.com\/hu\/termek\/rakodasi-kotegelo-kampoval\/\" \/>\n<meta property=\"og:locale\" content=\"hu_HU\" \/>\n<meta property=\"og:type\" content=\"article\" \/>\n<meta property=\"og:title\" content=\"Load Binder\" \/>\n<meta property=\"og:description\" content=\"Load Binder with Grab HookThe Load Binder, also known as a cargo binder or chain binder, is a device commonly used in the transportation industry to secure and tighten loads on trucks, trailers, or flatbeds. Its purpose is to prevent the cargo from shifting or falling off during transit.\" \/>\n<meta property=\"og:url\" content=\"https:\/\/qingdaohf.com\/hu\/termek\/rakodasi-kotegelo-kampoval\/\" \/>\n<meta property=\"og:site_name\" content=\"Concrete Form &amp; Rigging Hardware Supplier\" \/>\n<meta property=\"article:publisher\" content=\"https:\/\/www.facebook.com\/qingdaohf\" \/>\n<meta property=\"article:modified_time\" content=\"2025-11-13T01:05:13+00:00\" \/>\n<meta property=\"og:image\" content=\"https:\/\/qingdaohf.com\/wp-content\/uploads\/2023\/04\/Load-Binder-with-Grab-Hook-1.jpg\" \/>\n\t<meta property=\"og:image:width\" content=\"800\" \/>\n\t<meta property=\"og:image:height\" content=\"800\" \/>\n\t<meta property=\"og:image:type\" content=\"image\/jpeg\" \/>\n<meta name=\"twitter:card\" content=\"summary_large_image\" \/>\n<meta name=\"twitter:label1\" content=\"Becs\u00fclt olvas\u00e1si id\u0151\" \/>\n\t<meta name=\"twitter:data1\" content=\"2 perc\" \/>\n<script type=\"application\/ld+json\" class=\"yoast-schema-graph\">{\"@context\":\"https:\/\/schema.org\",\"@graph\":[{\"@type\":\"WebPage\",\"@id\":\"https:\/\/qingdaohf.com\/product\/load-binder-with-grab-hook\/\",\"url\":\"https:\/\/qingdaohf.com\/product\/load-binder-with-grab-hook\/\",\"name\":\"Load Binder\",\"isPartOf\":{\"@id\":\"https:\/\/qingdaohf.com\/bg\/#website\"},\"primaryImageOfPage\":{\"@id\":\"https:\/\/qingdaohf.com\/product\/load-binder-with-grab-hook\/#primaryimage\"},\"image\":{\"@id\":\"https:\/\/qingdaohf.com\/product\/load-binder-with-grab-hook\/#primaryimage\"},\"thumbnailUrl\":\"https:\/\/qingdaohf.com\/wp-content\/uploads\/2023\/04\/Load-Binder-with-Grab-Hook-1.jpg\",\"datePublished\":\"2023-04-10T10:54:41+00:00\",\"dateModified\":\"2025-11-13T01:05:13+00:00\",\"description\":\"Load Binder with Grab HookThe Load Binder, also known as a cargo binder or chain binder, is a device commonly used in the transportation industry to secure and tighten loads on trucks, trailers, or flatbeds. Its purpose is to prevent the cargo from shifting or falling off during transit.\",\"breadcrumb\":{\"@id\":\"https:\/\/qingdaohf.com\/product\/load-binder-with-grab-hook\/#breadcrumb\"},\"inLanguage\":\"hu\",\"potentialAction\":[{\"@type\":\"ReadAction\",\"target\":[\"https:\/\/qingdaohf.com\/product\/load-binder-with-grab-hook\/\"]}]},{\"@type\":\"ImageObject\",\"inLanguage\":\"hu\",\"@id\":\"https:\/\/qingdaohf.com\/product\/load-binder-with-grab-hook\/#primaryimage\",\"url\":\"https:\/\/qingdaohf.com\/wp-content\/uploads\/2023\/04\/Load-Binder-with-Grab-Hook-1.jpg\",\"contentUrl\":\"https:\/\/qingdaohf.com\/wp-content\/uploads\/2023\/04\/Load-Binder-with-Grab-Hook-1.jpg\",\"width\":800,\"height\":800,\"caption\":\"Load Binder with Grab Hook\"},{\"@type\":\"BreadcrumbList\",\"@id\":\"https:\/\/qingdaohf.com\/product\/load-binder-with-grab-hook\/#breadcrumb\",\"itemListElement\":[{\"@type\":\"ListItem\",\"position\":1,\"name\":\"Home\",\"item\":\"https:\/\/qingdaohf.com\/\"},{\"@type\":\"ListItem\",\"position\":2,\"name\":\"Concrete Forming Accessories and Rigging Hardware\",\"item\":\"https:\/\/qingdaohf.com\/bg\/?page_id=944\"},{\"@type\":\"ListItem\",\"position\":3,\"name\":\"Load Binder\"}]},{\"@type\":\"WebSite\",\"@id\":\"https:\/\/qingdaohf.com\/bg\/#website\",\"url\":\"https:\/\/qingdaohf.com\/bg\/\",\"name\":\"Concrete Form & Rigging Hardware Supplier\",\"description\":\"\",\"publisher\":{\"@id\":\"https:\/\/qingdaohf.com\/bg\/#organization\"},\"potentialAction\":[{\"@type\":\"SearchAction\",\"target\":{\"@type\":\"EntryPoint\",\"urlTemplate\":\"https:\/\/qingdaohf.com\/bg\/?s={search_term_string}\"},\"query-input\":{\"@type\":\"PropertyValueSpecification\",\"valueRequired\":true,\"valueName\":\"search_term_string\"}}],\"inLanguage\":\"hu\"},{\"@type\":\"Organization\",\"@id\":\"https:\/\/qingdaohf.com\/bg\/#organization\",\"name\":\"Qingdao H&F\",\"url\":\"https:\/\/qingdaohf.com\/bg\/\",\"logo\":{\"@type\":\"ImageObject\",\"inLanguage\":\"hu\",\"@id\":\"https:\/\/qingdaohf.com\/bg\/#\/schema\/logo\/image\/\",\"url\":\"https:\/\/qingdaohf.com\/wp-content\/uploads\/2022\/12\/cropped-HF-LOGO.png\",\"contentUrl\":\"https:\/\/qingdaohf.com\/wp-content\/uploads\/2022\/12\/cropped-HF-LOGO.png\",\"width\":391,\"height\":249,\"caption\":\"Qingdao H&F\"},\"image\":{\"@id\":\"https:\/\/qingdaohf.com\/bg\/#\/schema\/logo\/image\/\"},\"sameAs\":[\"https:\/\/www.facebook.com\/qingdaohf\"]}]}<\/script>\n<!-- \/ Yoast SEO plugin. -->","yoast_head_json":{"title":"Load Binder","description":"Load Binder with Grab HookThe Load Binder, also known as a cargo binder or chain binder, is a device commonly used in the transportation industry to secure and tighten loads on trucks, trailers, or flatbeds. Its purpose is to prevent the cargo from shifting or falling off during transit.","robots":{"index":"index","follow":"follow","max-snippet":"max-snippet:-1","max-image-preview":"max-image-preview:large","max-video-preview":"max-video-preview:-1"},"canonical":"https:\/\/qingdaohf.com\/hu\/termek\/rakodasi-kotegelo-kampoval\/","og_locale":"hu_HU","og_type":"article","og_title":"Load Binder","og_description":"Load Binder with Grab HookThe Load Binder, also known as a cargo binder or chain binder, is a device commonly used in the transportation industry to secure and tighten loads on trucks, trailers, or flatbeds. Its purpose is to prevent the cargo from shifting or falling off during transit.","og_url":"https:\/\/qingdaohf.com\/hu\/termek\/rakodasi-kotegelo-kampoval\/","og_site_name":"Concrete Form &amp; Rigging Hardware Supplier","article_publisher":"https:\/\/www.facebook.com\/qingdaohf","article_modified_time":"2025-11-13T01:05:13+00:00","og_image":[{"width":800,"height":800,"url":"https:\/\/qingdaohf.com\/wp-content\/uploads\/2023\/04\/Load-Binder-with-Grab-Hook-1.jpg","type":"image\/jpeg"}],"twitter_card":"summary_large_image","twitter_misc":{"Becs\u00fclt olvas\u00e1si id\u0151":"2 perc"},"schema":{"@context":"https:\/\/schema.org","@graph":[{"@type":"WebPage","@id":"https:\/\/qingdaohf.com\/product\/load-binder-with-grab-hook\/","url":"https:\/\/qingdaohf.com\/product\/load-binder-with-grab-hook\/","name":"Load Binder","isPartOf":{"@id":"https:\/\/qingdaohf.com\/bg\/#website"},"primaryImageOfPage":{"@id":"https:\/\/qingdaohf.com\/product\/load-binder-with-grab-hook\/#primaryimage"},"image":{"@id":"https:\/\/qingdaohf.com\/product\/load-binder-with-grab-hook\/#primaryimage"},"thumbnailUrl":"https:\/\/qingdaohf.com\/wp-content\/uploads\/2023\/04\/Load-Binder-with-Grab-Hook-1.jpg","datePublished":"2023-04-10T10:54:41+00:00","dateModified":"2025-11-13T01:05:13+00:00","description":"Load Binder with Grab HookThe Load Binder, also known as a cargo binder or chain binder, is a device commonly used in the transportation industry to secure and tighten loads on trucks, trailers, or flatbeds. Its purpose is to prevent the cargo from shifting or falling off during transit.","breadcrumb":{"@id":"https:\/\/qingdaohf.com\/product\/load-binder-with-grab-hook\/#breadcrumb"},"inLanguage":"hu","potentialAction":[{"@type":"ReadAction","target":["https:\/\/qingdaohf.com\/product\/load-binder-with-grab-hook\/"]}]},{"@type":"ImageObject","inLanguage":"hu","@id":"https:\/\/qingdaohf.com\/product\/load-binder-with-grab-hook\/#primaryimage","url":"https:\/\/qingdaohf.com\/wp-content\/uploads\/2023\/04\/Load-Binder-with-Grab-Hook-1.jpg","contentUrl":"https:\/\/qingdaohf.com\/wp-content\/uploads\/2023\/04\/Load-Binder-with-Grab-Hook-1.jpg","width":800,"height":800,"caption":"Load Binder with Grab Hook"},{"@type":"BreadcrumbList","@id":"https:\/\/qingdaohf.com\/product\/load-binder-with-grab-hook\/#breadcrumb","itemListElement":[{"@type":"ListItem","position":1,"name":"Home","item":"https:\/\/qingdaohf.com\/"},{"@type":"ListItem","position":2,"name":"Concrete Forming Accessories and Rigging Hardware","item":"https:\/\/qingdaohf.com\/bg\/?page_id=944"},{"@type":"ListItem","position":3,"name":"Load Binder"}]},{"@type":"WebSite","@id":"https:\/\/qingdaohf.com\/bg\/#website","url":"https:\/\/qingdaohf.com\/bg\/","name":"Concrete Form & Rigging Hardware Supplier","description":"","publisher":{"@id":"https:\/\/qingdaohf.com\/bg\/#organization"},"potentialAction":[{"@type":"SearchAction","target":{"@type":"EntryPoint","urlTemplate":"https:\/\/qingdaohf.com\/bg\/?s={search_term_string}"},"query-input":{"@type":"PropertyValueSpecification","valueRequired":true,"valueName":"search_term_string"}}],"inLanguage":"hu"},{"@type":"Organization","@id":"https:\/\/qingdaohf.com\/bg\/#organization","name":"Qingdao H&F","url":"https:\/\/qingdaohf.com\/bg\/","logo":{"@type":"ImageObject","inLanguage":"hu","@id":"https:\/\/qingdaohf.com\/bg\/#\/schema\/logo\/image\/","url":"https:\/\/qingdaohf.com\/wp-content\/uploads\/2022\/12\/cropped-HF-LOGO.png","contentUrl":"https:\/\/qingdaohf.com\/wp-content\/uploads\/2022\/12\/cropped-HF-LOGO.png","width":391,"height":249,"caption":"Qingdao H&F"},"image":{"@id":"https:\/\/qingdaohf.com\/bg\/#\/schema\/logo\/image\/"},"sameAs":["https:\/\/www.facebook.com\/qingdaohf"]}]}},"_links":{"self":[{"href":"https:\/\/qingdaohf.com\/hu\/wp-json\/wp\/v2\/product\/3543","targetHints":{"allow":["GET"]}}],"collection":[{"href":"https:\/\/qingdaohf.com\/hu\/wp-json\/wp\/v2\/product"}],"about":[{"href":"https:\/\/qingdaohf.com\/hu\/wp-json\/wp\/v2\/types\/product"}],"replies":[{"embeddable":true,"href":"https:\/\/qingdaohf.com\/hu\/wp-json\/wp\/v2\/comments?post=3543"}],"version-history":[{"count":2,"href":"https:\/\/qingdaohf.com\/hu\/wp-json\/wp\/v2\/product\/3543\/revisions"}],"predecessor-version":[{"id":10431,"href":"https:\/\/qingdaohf.com\/hu\/wp-json\/wp\/v2\/product\/3543\/revisions\/10431"}],"wp:featuredmedia":[{"embeddable":true,"href":"https:\/\/qingdaohf.com\/hu\/wp-json\/wp\/v2\/media\/3544"}],"wp:attachment":[{"href":"https:\/\/qingdaohf.com\/hu\/wp-json\/wp\/v2\/media?parent=3543"}],"wp:term":[{"taxonomy":"product_brand","embeddable":true,"href":"https:\/\/qingdaohf.com\/hu\/wp-json\/wp\/v2\/product_brand?post=3543"},{"taxonomy":"product_cat","embeddable":true,"href":"https:\/\/qingdaohf.com\/hu\/wp-json\/wp\/v2\/product_cat?post=3543"},{"taxonomy":"product_tag","embeddable":true,"href":"https:\/\/qingdaohf.com\/hu\/wp-json\/wp\/v2\/product_tag?post=3543"}],"curies":[{"name":"wp","href":"https:\/\/api.w.org\/{rel}","templated":true}]}}