{"id":3565,"date":"2023-04-10T19:01:37","date_gmt":"2023-04-10T11:01:37","guid":{"rendered":"http:\/\/qingdaohf.com\/?post_type=product&#038;p=3565"},"modified":"2025-11-13T09:05:12","modified_gmt":"2025-11-13T01:05:12","slug":"thimble","status":"publish","type":"product","link":"https:\/\/qingdaohf.com\/hu\/termek\/gyuszu\/","title":{"rendered":"Dr\u00f3tk\u00f6t\u00e9l gy\u0171sz\u0171 Ac\u00e9lk\u00e1bel gy\u0171sz\u0171"},"content":{"rendered":"<p><img fetchpriority=\"high\" decoding=\"async\" class=\"alignnone wp-image-9487 size-full\" src=\"http:\/\/qingdaohf.com\/wp-content\/uploads\/2025\/04\/wire-rope-description-7.webp\" alt=\"k\u00f6t\u0151h\u00fcvely\" width=\"600\" height=\"774\" srcset=\"https:\/\/qingdaohf.com\/wp-content\/uploads\/2025\/04\/wire-rope-description-7.webp 600w, https:\/\/qingdaohf.com\/wp-content\/uploads\/2025\/04\/wire-rope-description-7-233x300.webp 233w, https:\/\/qingdaohf.com\/wp-content\/uploads\/2025\/04\/wire-rope-description-7-9x12.webp 9w\" sizes=\"(max-width: 600px) 100vw, 600px\" \/><\/p>\n<p>A gy\u0171sz\u0171 \u00e1ltal\u00e1ban tart\u00f3s anyagokb\u00f3l, p\u00e9ld\u00e1ul rozsdamentes ac\u00e9lb\u00f3l vagy horganyzott ac\u00e9lb\u00f3l k\u00e9sz\u00fcl, hogy szil\u00e1rds\u00e1got \u00e9s korr\u00f3zi\u00f3\u00e1ll\u00f3s\u00e1got biztos\u00edtson. Hengeres vagy ov\u00e1lis alak\u00fa, egyik v\u00e9g\u00e9n ny\u00edl\u00e1ssal, amelyen a dr\u00f3tk\u00f6t\u00e9l \u00e1thaladhat. A gy\u0171sz\u0171 m\u00e1sik v\u00e9ge \u00e1ltal\u00e1ban z\u00e1rva van, \u00e9s biztons\u00e1gos r\u00f6gz\u00edt\u00e9si pontot k\u00e9pez.<\/p>\n<p>A dr\u00f3tk\u00f6t\u00e9lgy\u0171r\u0171 els\u0151dleges c\u00e9lja, hogy megakad\u00e1lyozza a dr\u00f3tk\u00f6t\u00e9lnek a csatlakoz\u00f3kkal vagy szerelv\u00e9nyekkel val\u00f3 k\u00f6zvetlen \u00e9rintkez\u00e9sb\u0151l ered\u0151 s\u00e9r\u00fcl\u00e9s\u00e9t. Amikor a dr\u00f3tk\u00f6t\u00e9lben hurkot alak\u00edtanak ki, a gy\u0171sz\u0171 a k\u00f6t\u00e9l al\u00e1t\u00e1maszt\u00e1s\u00e1ra \u00e9s v\u00e9delm\u00e9re szolg\u00e1l a k\u00f6t\u00e9l kop\u00e1s\u00e1t\u00f3l \u00e9s deform\u00e1ci\u00f3j\u00e1t\u00f3l, k\u00fcl\u00f6n\u00f6sen nagy terhel\u00e9s vagy ism\u00e9tl\u0151d\u0151 mozg\u00e1sok eset\u00e9n. Seg\u00edt egyenletesen elosztani a terhel\u00e9st a k\u00f6t\u00e9len, \u00e9s minimaliz\u00e1lja a fesz\u00fclts\u00e9gkoncentr\u00e1ci\u00f3kat, meghosszabb\u00edtva ezzel a dr\u00f3tk\u00f6t\u00e9l \u00e9lettartam\u00e1t.<\/p>\n<p>A gy\u0171sz\u0171ket a dr\u00f3tk\u00f6t\u00e9l hevederek \u00e9s szerelv\u00e9nyek integrit\u00e1s\u00e1nak fenntart\u00e1s\u00e1ban is kulcsfontoss\u00e1g\u00fa szerepet j\u00e1tszanak. A dr\u00f3tk\u00f6t\u00e9lheveder szem\u00e9be be\u00e9p\u00edtett gy\u0171sz\u0171 megakad\u00e1lyozza, hogy a heveder horoggal, bilinccsel vagy m\u00e1s emel\u0151felszerel\u00e9ssel val\u00f3 haszn\u00e1lat sor\u00e1n \u00f6sszenyom\u00f3djon vagy beszoruljon. Ez n\u00f6veli az emel\u00e9si m\u0171veletek biztons\u00e1g\u00e1t \u00e9s megb\u00edzhat\u00f3s\u00e1g\u00e1t, valamint meg\u0151rzi a dr\u00f3tk\u00f6t\u00e9l szerkezeti integrit\u00e1s\u00e1t.<\/p>\n<div class=\"ast-oembed-container\" style=\"height: 100%;\"><iframe title=\"Dr\u00f3tk\u00f6t\u00e9l gy\u0171sz\u0171\" width=\"500\" height=\"281\" src=\"https:\/\/www.youtube.com\/embed\/Kj-AQ0vnLeM?feature=oembed\" frameborder=\"0\" allow=\"accelerometer; autoplay; clipboard-write; encrypted-media; gyroscope; picture-in-picture; web-share\" referrerpolicy=\"strict-origin-when-cross-origin\" allowfullscreen><\/iframe><\/div>\n<p><img decoding=\"async\" class=\"alignnone size-full wp-image-3567\" src=\"http:\/\/qingdaohf.com\/wp-content\/uploads\/2023\/04\/1-10.jpg\" alt=\"Gy\u0171sz\u0171\" width=\"1080\" height=\"1398\" srcset=\"https:\/\/qingdaohf.com\/wp-content\/uploads\/2023\/04\/1-10.jpg 1080w, https:\/\/qingdaohf.com\/wp-content\/uploads\/2023\/04\/1-10-232x300.jpg 232w, https:\/\/qingdaohf.com\/wp-content\/uploads\/2023\/04\/1-10-791x1024.jpg 791w, https:\/\/qingdaohf.com\/wp-content\/uploads\/2023\/04\/1-10-768x994.jpg 768w, https:\/\/qingdaohf.com\/wp-content\/uploads\/2023\/04\/1-10-1000x1294.jpg 1000w\" sizes=\"(max-width: 1080px) 100vw, 1080px\" \/><\/p>","protected":false},"excerpt":{"rendered":"<p>A dr\u00f3tk\u00f6t\u00e9l gy\u0171sz\u0171 egy kis f\u00e9meszk\u00f6z, amelyet a dr\u00f3tk\u00f6t\u00e9lben kialak\u00edtott hurok vagy hurokszem v\u00e9delm\u00e9re \u00e9s meger\u0151s\u00edt\u00e9s\u00e9re terveztek. \u00c1ltal\u00e1ban k\u00fcl\u00f6nb\u00f6z\u0151 ipar\u00e1gakban \u00e9s alkalmaz\u00e1sokban haszn\u00e1lj\u00e1k, ahol dr\u00f3tk\u00f6teleket haszn\u00e1lnak, p\u00e9ld\u00e1ul a tenger\u00e9szetben, az \u00e9p\u00edt\u0151iparban \u00e9s a k\u00f6t\u00e9lzetben.<\/p>","protected":false},"featured_media":6180,"comment_status":"open","ping_status":"closed","template":"","meta":{"site-sidebar-layout":"default","site-content-layout":"default","ast-site-content-layout":"default","site-content-style":"default","site-sidebar-style":"default","ast-global-header-display":"","ast-banner-title-visibility":"","ast-main-header-display":"","ast-hfb-above-header-display":"","ast-hfb-below-header-display":"","ast-hfb-mobile-header-display":"","site-post-title":"","ast-breadcrumbs-content":"","ast-featured-img":"","footer-sml-layout":"","theme-transparent-header-meta":"default","adv-header-id-meta":"","stick-header-meta":"default","header-above-stick-meta":"","header-main-stick-meta":"","header-below-stick-meta":"","astra-migrate-meta-layouts":"set","ast-page-background-enabled":"default","ast-page-background-meta":{"desktop":{"background-color":"","background-image":"","background-repeat":"repeat","background-position":"center center","background-size":"auto","background-attachment":"scroll","background-type":"","background-media":"","overlay-type":"","overlay-color":"","overlay-opacity":"","overlay-gradient":""},"tablet":{"background-color":"","background-image":"","background-repeat":"repeat","background-position":"center center","background-size":"auto","background-attachment":"scroll","background-type":"","background-media":"","overlay-type":"","overlay-color":"","overlay-opacity":"","overlay-gradient":""},"mobile":{"background-color":"","background-image":"","background-repeat":"repeat","background-position":"center center","background-size":"auto","background-attachment":"scroll","background-type":"","background-media":"","overlay-type":"","overlay-color":"","overlay-opacity":"","overlay-gradient":""}},"ast-content-background-meta":{"desktop":{"background-color":"var(--ast-global-color-5)","background-image":"","background-repeat":"repeat","background-position":"center center","background-size":"auto","background-attachment":"scroll","background-type":"","background-media":"","overlay-type":"","overlay-color":"","overlay-opacity":"","overlay-gradient":""},"tablet":{"background-color":"var(--ast-global-color-5)","background-image":"","background-repeat":"repeat","background-position":"center center","background-size":"auto","background-attachment":"scroll","background-type":"","background-media":"","overlay-type":"","overlay-color":"","overlay-opacity":"","overlay-gradient":""},"mobile":{"background-color":"var(--ast-global-color-5)","background-image":"","background-repeat":"repeat","background-position":"center center","background-size":"auto","background-attachment":"scroll","background-type":"","background-media":"","overlay-type":"","overlay-color":"","overlay-opacity":"","overlay-gradient":""}}},"product_brand":[],"product_cat":[37,44],"product_tag":[],"class_list":{"0":"post-3565","1":"product","2":"type-product","3":"status-publish","4":"has-post-thumbnail","6":"product_cat-wire-rope","7":"product_cat-stainless-steel-poduct","8":"desktop-align-left","9":"tablet-align-left","10":"mobile-align-left","11":"ast-product-gallery-layout-horizontal-slider","12":"ast-product-tabs-layout-horizontal","14":"first","15":"instock","16":"shipping-taxable","17":"purchasable","18":"product-type-simple"},"yoast_head":"<!-- This site is optimized with the Yoast SEO plugin v25.2 - https:\/\/yoast.com\/wordpress\/plugins\/seo\/ -->\n<title>Wire Rope Thimble Steel Cable Thimble<\/title>\n<meta name=\"description\" content=\"A wire rope thimble is a small metal device designed to protect and reinforce a loop or eyelet formed in a wire rope. It is commonly used in various industries and applications where wire ropes are used, such as marine, construction, and rigging.\" \/>\n<meta name=\"robots\" content=\"index, follow, max-snippet:-1, max-image-preview:large, max-video-preview:-1\" \/>\n<link rel=\"canonical\" href=\"https:\/\/qingdaohf.com\/hu\/termek\/gyuszu\/\" \/>\n<meta property=\"og:locale\" content=\"hu_HU\" \/>\n<meta property=\"og:type\" content=\"article\" \/>\n<meta property=\"og:title\" content=\"Wire Rope Thimble Steel Cable Thimble\" \/>\n<meta property=\"og:description\" content=\"A wire rope thimble is a small metal device designed to protect and reinforce a loop or eyelet formed in a wire rope. It is commonly used in various industries and applications where wire ropes are used, such as marine, construction, and rigging.\" \/>\n<meta property=\"og:url\" content=\"https:\/\/qingdaohf.com\/hu\/termek\/gyuszu\/\" \/>\n<meta property=\"og:site_name\" content=\"Concrete Form &amp; Rigging Hardware Supplier\" \/>\n<meta property=\"article:publisher\" content=\"https:\/\/www.facebook.com\/qingdaohf\" \/>\n<meta property=\"article:modified_time\" content=\"2025-11-13T01:05:12+00:00\" \/>\n<meta property=\"og:image\" content=\"https:\/\/qingdaohf.com\/wp-content\/uploads\/2023\/04\/Thimble-1.jpg\" \/>\n\t<meta property=\"og:image:width\" content=\"800\" \/>\n\t<meta property=\"og:image:height\" content=\"800\" \/>\n\t<meta property=\"og:image:type\" content=\"image\/jpeg\" \/>\n<meta name=\"twitter:card\" content=\"summary_large_image\" \/>\n<meta name=\"twitter:label1\" content=\"Becs\u00fclt olvas\u00e1si id\u0151\" \/>\n\t<meta name=\"twitter:data1\" content=\"2 perc\" \/>\n<script type=\"application\/ld+json\" class=\"yoast-schema-graph\">{\"@context\":\"https:\/\/schema.org\",\"@graph\":[{\"@type\":\"WebPage\",\"@id\":\"https:\/\/qingdaohf.com\/product\/thimble\/\",\"url\":\"https:\/\/qingdaohf.com\/product\/thimble\/\",\"name\":\"Wire Rope Thimble Steel Cable Thimble\",\"isPartOf\":{\"@id\":\"https:\/\/qingdaohf.com\/bg\/#website\"},\"primaryImageOfPage\":{\"@id\":\"https:\/\/qingdaohf.com\/product\/thimble\/#primaryimage\"},\"image\":{\"@id\":\"https:\/\/qingdaohf.com\/product\/thimble\/#primaryimage\"},\"thumbnailUrl\":\"https:\/\/qingdaohf.com\/wp-content\/uploads\/2023\/12\/wire-rope-thimble.jpg\",\"datePublished\":\"2023-04-10T11:01:37+00:00\",\"dateModified\":\"2025-11-13T01:05:12+00:00\",\"description\":\"A wire rope thimble is a small metal device designed to protect and reinforce a loop or eyelet formed in a wire rope. It is commonly used in various industries and applications where wire ropes are used, such as marine, construction, and rigging.\",\"breadcrumb\":{\"@id\":\"https:\/\/qingdaohf.com\/product\/thimble\/#breadcrumb\"},\"inLanguage\":\"hu\",\"potentialAction\":[{\"@type\":\"ReadAction\",\"target\":[\"https:\/\/qingdaohf.com\/product\/thimble\/\"]}]},{\"@type\":\"ImageObject\",\"inLanguage\":\"hu\",\"@id\":\"https:\/\/qingdaohf.com\/product\/thimble\/#primaryimage\",\"url\":\"https:\/\/qingdaohf.com\/wp-content\/uploads\/2023\/12\/wire-rope-thimble.jpg\",\"contentUrl\":\"https:\/\/qingdaohf.com\/wp-content\/uploads\/2023\/12\/wire-rope-thimble.jpg\",\"width\":1000,\"height\":1000,\"caption\":\"wire rope thimble\"},{\"@type\":\"BreadcrumbList\",\"@id\":\"https:\/\/qingdaohf.com\/product\/thimble\/#breadcrumb\",\"itemListElement\":[{\"@type\":\"ListItem\",\"position\":1,\"name\":\"Home\",\"item\":\"https:\/\/qingdaohf.com\/\"},{\"@type\":\"ListItem\",\"position\":2,\"name\":\"Concrete Forming Accessories and Rigging Hardware\",\"item\":\"https:\/\/qingdaohf.com\/bg\/?page_id=944\"},{\"@type\":\"ListItem\",\"position\":3,\"name\":\"Wire Rope Thimble Steel Cable Thimble\"}]},{\"@type\":\"WebSite\",\"@id\":\"https:\/\/qingdaohf.com\/bg\/#website\",\"url\":\"https:\/\/qingdaohf.com\/bg\/\",\"name\":\"Concrete Form & Rigging Hardware Supplier\",\"description\":\"\",\"publisher\":{\"@id\":\"https:\/\/qingdaohf.com\/bg\/#organization\"},\"potentialAction\":[{\"@type\":\"SearchAction\",\"target\":{\"@type\":\"EntryPoint\",\"urlTemplate\":\"https:\/\/qingdaohf.com\/bg\/?s={search_term_string}\"},\"query-input\":{\"@type\":\"PropertyValueSpecification\",\"valueRequired\":true,\"valueName\":\"search_term_string\"}}],\"inLanguage\":\"hu\"},{\"@type\":\"Organization\",\"@id\":\"https:\/\/qingdaohf.com\/bg\/#organization\",\"name\":\"Qingdao H&F\",\"url\":\"https:\/\/qingdaohf.com\/bg\/\",\"logo\":{\"@type\":\"ImageObject\",\"inLanguage\":\"hu\",\"@id\":\"https:\/\/qingdaohf.com\/bg\/#\/schema\/logo\/image\/\",\"url\":\"https:\/\/qingdaohf.com\/wp-content\/uploads\/2022\/12\/cropped-HF-LOGO.png\",\"contentUrl\":\"https:\/\/qingdaohf.com\/wp-content\/uploads\/2022\/12\/cropped-HF-LOGO.png\",\"width\":391,\"height\":249,\"caption\":\"Qingdao H&F\"},\"image\":{\"@id\":\"https:\/\/qingdaohf.com\/bg\/#\/schema\/logo\/image\/\"},\"sameAs\":[\"https:\/\/www.facebook.com\/qingdaohf\"]}]}<\/script>\n<!-- \/ Yoast SEO plugin. -->","yoast_head_json":{"title":"Wire Rope Thimble Steel Cable Thimble","description":"A wire rope thimble is a small metal device designed to protect and reinforce a loop or eyelet formed in a wire rope. It is commonly used in various industries and applications where wire ropes are used, such as marine, construction, and rigging.","robots":{"index":"index","follow":"follow","max-snippet":"max-snippet:-1","max-image-preview":"max-image-preview:large","max-video-preview":"max-video-preview:-1"},"canonical":"https:\/\/qingdaohf.com\/hu\/termek\/gyuszu\/","og_locale":"hu_HU","og_type":"article","og_title":"Wire Rope Thimble Steel Cable Thimble","og_description":"A wire rope thimble is a small metal device designed to protect and reinforce a loop or eyelet formed in a wire rope. It is commonly used in various industries and applications where wire ropes are used, such as marine, construction, and rigging.","og_url":"https:\/\/qingdaohf.com\/hu\/termek\/gyuszu\/","og_site_name":"Concrete Form &amp; Rigging Hardware Supplier","article_publisher":"https:\/\/www.facebook.com\/qingdaohf","article_modified_time":"2025-11-13T01:05:12+00:00","og_image":[{"width":800,"height":800,"url":"https:\/\/qingdaohf.com\/wp-content\/uploads\/2023\/04\/Thimble-1.jpg","type":"image\/jpeg"}],"twitter_card":"summary_large_image","twitter_misc":{"Becs\u00fclt olvas\u00e1si id\u0151":"2 perc"},"schema":{"@context":"https:\/\/schema.org","@graph":[{"@type":"WebPage","@id":"https:\/\/qingdaohf.com\/product\/thimble\/","url":"https:\/\/qingdaohf.com\/product\/thimble\/","name":"Wire Rope Thimble Steel Cable Thimble","isPartOf":{"@id":"https:\/\/qingdaohf.com\/bg\/#website"},"primaryImageOfPage":{"@id":"https:\/\/qingdaohf.com\/product\/thimble\/#primaryimage"},"image":{"@id":"https:\/\/qingdaohf.com\/product\/thimble\/#primaryimage"},"thumbnailUrl":"https:\/\/qingdaohf.com\/wp-content\/uploads\/2023\/12\/wire-rope-thimble.jpg","datePublished":"2023-04-10T11:01:37+00:00","dateModified":"2025-11-13T01:05:12+00:00","description":"A wire rope thimble is a small metal device designed to protect and reinforce a loop or eyelet formed in a wire rope. It is commonly used in various industries and applications where wire ropes are used, such as marine, construction, and rigging.","breadcrumb":{"@id":"https:\/\/qingdaohf.com\/product\/thimble\/#breadcrumb"},"inLanguage":"hu","potentialAction":[{"@type":"ReadAction","target":["https:\/\/qingdaohf.com\/product\/thimble\/"]}]},{"@type":"ImageObject","inLanguage":"hu","@id":"https:\/\/qingdaohf.com\/product\/thimble\/#primaryimage","url":"https:\/\/qingdaohf.com\/wp-content\/uploads\/2023\/12\/wire-rope-thimble.jpg","contentUrl":"https:\/\/qingdaohf.com\/wp-content\/uploads\/2023\/12\/wire-rope-thimble.jpg","width":1000,"height":1000,"caption":"wire rope thimble"},{"@type":"BreadcrumbList","@id":"https:\/\/qingdaohf.com\/product\/thimble\/#breadcrumb","itemListElement":[{"@type":"ListItem","position":1,"name":"Home","item":"https:\/\/qingdaohf.com\/"},{"@type":"ListItem","position":2,"name":"Concrete Forming Accessories and Rigging Hardware","item":"https:\/\/qingdaohf.com\/bg\/?page_id=944"},{"@type":"ListItem","position":3,"name":"Wire Rope Thimble Steel Cable Thimble"}]},{"@type":"WebSite","@id":"https:\/\/qingdaohf.com\/bg\/#website","url":"https:\/\/qingdaohf.com\/bg\/","name":"Concrete Form & Rigging Hardware Supplier","description":"","publisher":{"@id":"https:\/\/qingdaohf.com\/bg\/#organization"},"potentialAction":[{"@type":"SearchAction","target":{"@type":"EntryPoint","urlTemplate":"https:\/\/qingdaohf.com\/bg\/?s={search_term_string}"},"query-input":{"@type":"PropertyValueSpecification","valueRequired":true,"valueName":"search_term_string"}}],"inLanguage":"hu"},{"@type":"Organization","@id":"https:\/\/qingdaohf.com\/bg\/#organization","name":"Qingdao H&F","url":"https:\/\/qingdaohf.com\/bg\/","logo":{"@type":"ImageObject","inLanguage":"hu","@id":"https:\/\/qingdaohf.com\/bg\/#\/schema\/logo\/image\/","url":"https:\/\/qingdaohf.com\/wp-content\/uploads\/2022\/12\/cropped-HF-LOGO.png","contentUrl":"https:\/\/qingdaohf.com\/wp-content\/uploads\/2022\/12\/cropped-HF-LOGO.png","width":391,"height":249,"caption":"Qingdao H&F"},"image":{"@id":"https:\/\/qingdaohf.com\/bg\/#\/schema\/logo\/image\/"},"sameAs":["https:\/\/www.facebook.com\/qingdaohf"]}]}},"_links":{"self":[{"href":"https:\/\/qingdaohf.com\/hu\/wp-json\/wp\/v2\/product\/3565","targetHints":{"allow":["GET"]}}],"collection":[{"href":"https:\/\/qingdaohf.com\/hu\/wp-json\/wp\/v2\/product"}],"about":[{"href":"https:\/\/qingdaohf.com\/hu\/wp-json\/wp\/v2\/types\/product"}],"replies":[{"embeddable":true,"href":"https:\/\/qingdaohf.com\/hu\/wp-json\/wp\/v2\/comments?post=3565"}],"version-history":[{"count":3,"href":"https:\/\/qingdaohf.com\/hu\/wp-json\/wp\/v2\/product\/3565\/revisions"}],"predecessor-version":[{"id":9493,"href":"https:\/\/qingdaohf.com\/hu\/wp-json\/wp\/v2\/product\/3565\/revisions\/9493"}],"wp:featuredmedia":[{"embeddable":true,"href":"https:\/\/qingdaohf.com\/hu\/wp-json\/wp\/v2\/media\/6180"}],"wp:attachment":[{"href":"https:\/\/qingdaohf.com\/hu\/wp-json\/wp\/v2\/media?parent=3565"}],"wp:term":[{"taxonomy":"product_brand","embeddable":true,"href":"https:\/\/qingdaohf.com\/hu\/wp-json\/wp\/v2\/product_brand?post=3565"},{"taxonomy":"product_cat","embeddable":true,"href":"https:\/\/qingdaohf.com\/hu\/wp-json\/wp\/v2\/product_cat?post=3565"},{"taxonomy":"product_tag","embeddable":true,"href":"https:\/\/qingdaohf.com\/hu\/wp-json\/wp\/v2\/product_tag?post=3565"}],"curies":[{"name":"wp","href":"https:\/\/api.w.org\/{rel}","templated":true}]}}